{"id":10206,"date":"2019-12-04T22:36:36","date_gmt":"2019-12-04T21:36:36","guid":{"rendered":"https:\/\/www.booksonthemove.fr\/produit\/une-annee-des-lundi\/"},"modified":"2019-12-04T22:51:52","modified_gmt":"2019-12-04T21:51:52","slug":"une-annee-des-lundi","status":"publish","type":"product","link":"https:\/\/www.booksonthemove.fr\/en\/produit\/une-annee-des-lundi\/","title":{"rendered":"Une ann\u00e9e d\u00e8s lundi"},"content":{"rendered":"<p>Une ann\u00e9e d\u00e8s lundi permet de red\u00e9couvrir John Cage (1912-1992), artiste am\u00e9ricain aux id\u00e9es foisonnantes, \u00e0 la fois compositeur, \u00e9crivain et peintre. Connu en France pour ses compositions qui ont r\u00e9volutionn\u00e9 la notion d\u2019\u0153uvre musicale, il appara\u00eet \u00e0 travers ce recueil comme un \u00e9crivain et un penseur de premier plan. L\u2019ouvrage qui se pr\u00e9sente sous la forme d\u2019un album est un ensemble composite qui r\u00e9unit des r\u00e9flexions sur la musique et sur l\u2019art. Dans ce questionnement sur l\u2019engagement et le r\u00f4le de l\u2019artiste \u00e0 travers des textes d\u2019une inventivit\u00e9 impressionnante, John Cage joue sans cesse avec l\u2019espace, le graphisme et la typographie. Moment charni\u00e8re dans l\u2019\u0153uvre de John Cage, pour qui il n\u2019existe pas de barri\u00e8re entre cr\u00e9ation musicale et po\u00e9tique, Une ann\u00e9e d\u00e8s lundi constitue une r\u00e9flexion capitale de l\u2019artiste sur le principe qui lui tenait tellement \u00e0 c\u0153ur, celui de l\u2019ind\u00e9termination, appliqu\u00e9 ici aux mots et \u00e0 l\u2019\u00e9criture.<\/p>\n","protected":false},"excerpt":{"rendered":"<p>Auteur: John Cage. Traduit de l\u2019anglais par Christophe Marchand-Kiss<br \/>\nEditeur: Edition Textuel (2006)<\/p>\n<p>Broch\u00e9: 192 pages<br \/>\nLangue: Fran\u00e7ais<br \/>\nISBN13: 2-84597-200-8<\/p>\n","protected":false},"featured_media":10205,"template":"","meta":[],"product_brand":[],"product_cat":[157,162,283],"product_tag":[],"class_list":{"0":"post-10206","1":"product","2":"type-product","3":"status-publish","4":"has-post-thumbnail","6":"product_cat-artists-writings-en","7":"product_cat-french-en","8":"product_cat-sound-art","10":"first","11":"outofstock","12":"taxable","13":"shipping-taxable","14":"purchasable","15":"product-type-simple"},"yoast_head":"<!-- This site is optimized with the Yoast SEO plugin v27.5 - https:\/\/yoast.com\/product\/yoast-seo-wordpress\/ -->\n<title>Une ann\u00e9e d\u00e8s lundi - Books on the Move<\/title>\n<meta name=\"robots\" content=\"index, follow, max-snippet:-1, max-image-preview:large, max-video-preview:-1\" \/>\n<link rel=\"canonical\" href=\"https:\/\/www.booksonthemove.fr\/en\/produit\/une-annee-des-lundi\/\" \/>\n<meta property=\"og:locale\" content=\"en_US\" \/>\n<meta property=\"og:type\" content=\"article\" \/>\n<meta property=\"og:title\" content=\"Une ann\u00e9e d\u00e8s lundi - Books on the Move\" \/>\n<meta property=\"og:description\" content=\"Auteur: John Cage. Traduit de l\u2019anglais par Christophe Marchand-Kiss Editeur: Edition Textuel (2006)  Broch\u00e9: 192 pages Langue: Fran\u00e7ais ISBN13: 2-84597-200-8\" \/>\n<meta property=\"og:url\" content=\"https:\/\/www.booksonthemove.fr\/en\/produit\/une-annee-des-lundi\/\" \/>\n<meta property=\"og:site_name\" content=\"Books on the Move\" \/>\n<meta property=\"article:publisher\" content=\"https:\/\/www.facebook.com\/Librairiebooksonthemove\/\" \/>\n<meta property=\"article:modified_time\" content=\"2019-12-04T21:51:52+00:00\" \/>\n<meta property=\"og:image\" content=\"https:\/\/www.booksonthemove.fr\/media\/bom_1962.jpg\" \/>\n\t<meta property=\"og:image:width\" content=\"390\" \/>\n\t<meta property=\"og:image:height\" content=\"500\" \/>\n\t<meta property=\"og:image:type\" content=\"image\/jpeg\" \/>\n<meta name=\"twitter:card\" content=\"summary_large_image\" \/>\n<script type=\"application\/ld+json\" class=\"yoast-schema-graph\">{\"@context\":\"https:\\\/\\\/schema.org\",\"@graph\":[{\"@type\":\"WebPage\",\"@id\":\"https:\\\/\\\/www.booksonthemove.fr\\\/en\\\/produit\\\/une-annee-des-lundi\\\/\",\"url\":\"https:\\\/\\\/www.booksonthemove.fr\\\/en\\\/produit\\\/une-annee-des-lundi\\\/\",\"name\":\"Une ann\u00e9e d\u00e8s lundi - Books on the Move\",\"isPartOf\":{\"@id\":\"https:\\\/\\\/www.booksonthemove.fr\\\/#website\"},\"primaryImageOfPage\":{\"@id\":\"https:\\\/\\\/www.booksonthemove.fr\\\/en\\\/produit\\\/une-annee-des-lundi\\\/#primaryimage\"},\"image\":{\"@id\":\"https:\\\/\\\/www.booksonthemove.fr\\\/en\\\/produit\\\/une-annee-des-lundi\\\/#primaryimage\"},\"thumbnailUrl\":\"https:\\\/\\\/www.booksonthemove.fr\\\/media\\\/bom_1962.jpg\",\"datePublished\":\"2019-12-04T21:36:36+00:00\",\"dateModified\":\"2019-12-04T21:51:52+00:00\",\"breadcrumb\":{\"@id\":\"https:\\\/\\\/www.booksonthemove.fr\\\/en\\\/produit\\\/une-annee-des-lundi\\\/#breadcrumb\"},\"inLanguage\":\"en-US\",\"potentialAction\":[{\"@type\":\"ReadAction\",\"target\":[\"https:\\\/\\\/www.booksonthemove.fr\\\/en\\\/produit\\\/une-annee-des-lundi\\\/\"]}]},{\"@type\":\"ImageObject\",\"inLanguage\":\"en-US\",\"@id\":\"https:\\\/\\\/www.booksonthemove.fr\\\/en\\\/produit\\\/une-annee-des-lundi\\\/#primaryimage\",\"url\":\"https:\\\/\\\/www.booksonthemove.fr\\\/media\\\/bom_1962.jpg\",\"contentUrl\":\"https:\\\/\\\/www.booksonthemove.fr\\\/media\\\/bom_1962.jpg\",\"width\":390,\"height\":500},{\"@type\":\"BreadcrumbList\",\"@id\":\"https:\\\/\\\/www.booksonthemove.fr\\\/en\\\/produit\\\/une-annee-des-lundi\\\/#breadcrumb\",\"itemListElement\":[{\"@type\":\"ListItem\",\"position\":1,\"name\":\"Accueil\",\"item\":\"https:\\\/\\\/www.booksonthemove.fr\\\/en\\\/\"},{\"@type\":\"ListItem\",\"position\":2,\"name\":\"online store\",\"item\":\"https:\\\/\\\/www.booksonthemove.fr\\\/en\\\/online-shop\\\/\"},{\"@type\":\"ListItem\",\"position\":3,\"name\":\"Une ann\u00e9e d\u00e8s lundi\"}]},{\"@type\":\"WebSite\",\"@id\":\"https:\\\/\\\/www.booksonthemove.fr\\\/#website\",\"url\":\"https:\\\/\\\/www.booksonthemove.fr\\\/\",\"name\":\"Books on the Move\",\"description\":\"librairie nomade - danse - mouvement - performance\",\"publisher\":{\"@id\":\"https:\\\/\\\/www.booksonthemove.fr\\\/#organization\"},\"potentialAction\":[{\"@type\":\"SearchAction\",\"target\":{\"@type\":\"EntryPoint\",\"urlTemplate\":\"https:\\\/\\\/www.booksonthemove.fr\\\/?s={search_term_string}\"},\"query-input\":{\"@type\":\"PropertyValueSpecification\",\"valueRequired\":true,\"valueName\":\"search_term_string\"}}],\"inLanguage\":\"en-US\"},{\"@type\":\"Organization\",\"@id\":\"https:\\\/\\\/www.booksonthemove.fr\\\/#organization\",\"name\":\"Books on the Move\",\"url\":\"https:\\\/\\\/www.booksonthemove.fr\\\/\",\"logo\":{\"@type\":\"ImageObject\",\"inLanguage\":\"en-US\",\"@id\":\"https:\\\/\\\/www.booksonthemove.fr\\\/#\\\/schema\\\/logo\\\/image\\\/\",\"url\":\"https:\\\/\\\/www.booksonthemove.fr\\\/media\\\/logo-NB-400.jpg\",\"contentUrl\":\"https:\\\/\\\/www.booksonthemove.fr\\\/media\\\/logo-NB-400.jpg\",\"width\":400,\"height\":143,\"caption\":\"Books on the Move\"},\"image\":{\"@id\":\"https:\\\/\\\/www.booksonthemove.fr\\\/#\\\/schema\\\/logo\\\/image\\\/\"},\"sameAs\":[\"https:\\\/\\\/www.facebook.com\\\/Librairiebooksonthemove\\\/\"]}]}<\/script>\n<!-- \/ Yoast SEO plugin. -->","yoast_head_json":{"title":"Une ann\u00e9e d\u00e8s lundi - Books on the Move","robots":{"index":"index","follow":"follow","max-snippet":"max-snippet:-1","max-image-preview":"max-image-preview:large","max-video-preview":"max-video-preview:-1"},"canonical":"https:\/\/www.booksonthemove.fr\/en\/produit\/une-annee-des-lundi\/","og_locale":"en_US","og_type":"article","og_title":"Une ann\u00e9e d\u00e8s lundi - Books on the Move","og_description":"Auteur: John Cage. Traduit de l\u2019anglais par Christophe Marchand-Kiss Editeur: Edition Textuel (2006)  Broch\u00e9: 192 pages Langue: Fran\u00e7ais ISBN13: 2-84597-200-8","og_url":"https:\/\/www.booksonthemove.fr\/en\/produit\/une-annee-des-lundi\/","og_site_name":"Books on the Move","article_publisher":"https:\/\/www.facebook.com\/Librairiebooksonthemove\/","article_modified_time":"2019-12-04T21:51:52+00:00","og_image":[{"width":390,"height":500,"url":"https:\/\/www.booksonthemove.fr\/media\/bom_1962.jpg","type":"image\/jpeg"}],"twitter_card":"summary_large_image","schema":{"@context":"https:\/\/schema.org","@graph":[{"@type":"WebPage","@id":"https:\/\/www.booksonthemove.fr\/en\/produit\/une-annee-des-lundi\/","url":"https:\/\/www.booksonthemove.fr\/en\/produit\/une-annee-des-lundi\/","name":"Une ann\u00e9e d\u00e8s lundi - Books on the Move","isPartOf":{"@id":"https:\/\/www.booksonthemove.fr\/#website"},"primaryImageOfPage":{"@id":"https:\/\/www.booksonthemove.fr\/en\/produit\/une-annee-des-lundi\/#primaryimage"},"image":{"@id":"https:\/\/www.booksonthemove.fr\/en\/produit\/une-annee-des-lundi\/#primaryimage"},"thumbnailUrl":"https:\/\/www.booksonthemove.fr\/media\/bom_1962.jpg","datePublished":"2019-12-04T21:36:36+00:00","dateModified":"2019-12-04T21:51:52+00:00","breadcrumb":{"@id":"https:\/\/www.booksonthemove.fr\/en\/produit\/une-annee-des-lundi\/#breadcrumb"},"inLanguage":"en-US","potentialAction":[{"@type":"ReadAction","target":["https:\/\/www.booksonthemove.fr\/en\/produit\/une-annee-des-lundi\/"]}]},{"@type":"ImageObject","inLanguage":"en-US","@id":"https:\/\/www.booksonthemove.fr\/en\/produit\/une-annee-des-lundi\/#primaryimage","url":"https:\/\/www.booksonthemove.fr\/media\/bom_1962.jpg","contentUrl":"https:\/\/www.booksonthemove.fr\/media\/bom_1962.jpg","width":390,"height":500},{"@type":"BreadcrumbList","@id":"https:\/\/www.booksonthemove.fr\/en\/produit\/une-annee-des-lundi\/#breadcrumb","itemListElement":[{"@type":"ListItem","position":1,"name":"Accueil","item":"https:\/\/www.booksonthemove.fr\/en\/"},{"@type":"ListItem","position":2,"name":"online store","item":"https:\/\/www.booksonthemove.fr\/en\/online-shop\/"},{"@type":"ListItem","position":3,"name":"Une ann\u00e9e d\u00e8s lundi"}]},{"@type":"WebSite","@id":"https:\/\/www.booksonthemove.fr\/#website","url":"https:\/\/www.booksonthemove.fr\/","name":"Books on the Move","description":"librairie nomade - danse - mouvement - performance","publisher":{"@id":"https:\/\/www.booksonthemove.fr\/#organization"},"potentialAction":[{"@type":"SearchAction","target":{"@type":"EntryPoint","urlTemplate":"https:\/\/www.booksonthemove.fr\/?s={search_term_string}"},"query-input":{"@type":"PropertyValueSpecification","valueRequired":true,"valueName":"search_term_string"}}],"inLanguage":"en-US"},{"@type":"Organization","@id":"https:\/\/www.booksonthemove.fr\/#organization","name":"Books on the Move","url":"https:\/\/www.booksonthemove.fr\/","logo":{"@type":"ImageObject","inLanguage":"en-US","@id":"https:\/\/www.booksonthemove.fr\/#\/schema\/logo\/image\/","url":"https:\/\/www.booksonthemove.fr\/media\/logo-NB-400.jpg","contentUrl":"https:\/\/www.booksonthemove.fr\/media\/logo-NB-400.jpg","width":400,"height":143,"caption":"Books on the Move"},"image":{"@id":"https:\/\/www.booksonthemove.fr\/#\/schema\/logo\/image\/"},"sameAs":["https:\/\/www.facebook.com\/Librairiebooksonthemove\/"]}]}},"_links":{"self":[{"href":"https:\/\/www.booksonthemove.fr\/en\/wp-json\/wp\/v2\/product\/10206","targetHints":{"allow":["GET"]}}],"collection":[{"href":"https:\/\/www.booksonthemove.fr\/en\/wp-json\/wp\/v2\/product"}],"about":[{"href":"https:\/\/www.booksonthemove.fr\/en\/wp-json\/wp\/v2\/types\/product"}],"wp:featuredmedia":[{"embeddable":true,"href":"https:\/\/www.booksonthemove.fr\/en\/wp-json\/wp\/v2\/media\/10205"}],"wp:attachment":[{"href":"https:\/\/www.booksonthemove.fr\/en\/wp-json\/wp\/v2\/media?parent=10206"}],"wp:term":[{"taxonomy":"product_brand","embeddable":true,"href":"https:\/\/www.booksonthemove.fr\/en\/wp-json\/wp\/v2\/product_brand?post=10206"},{"taxonomy":"product_cat","embeddable":true,"href":"https:\/\/www.booksonthemove.fr\/en\/wp-json\/wp\/v2\/product_cat?post=10206"},{"taxonomy":"product_tag","embeddable":true,"href":"https:\/\/www.booksonthemove.fr\/en\/wp-json\/wp\/v2\/product_tag?post=10206"}],"curies":[{"name":"wp","href":"https:\/\/api.w.org\/{rel}","templated":true}]}}