{"id":10652,"date":"2019-12-20T15:34:49","date_gmt":"2019-12-20T14:34:49","guid":{"rendered":"https:\/\/www.booksonthemove.fr\/produit\/anita\/"},"modified":"2021-01-14T14:49:12","modified_gmt":"2021-01-14T13:49:12","slug":"anita","status":"publish","type":"product","link":"https:\/\/www.booksonthemove.fr\/en\/produit\/anita\/","title":{"rendered":"Anita"},"content":{"rendered":"<p class=\"bodytext\">Le roman d&#8217;Anita Berber, sulfureuse ic\u00f4ne expressionniste, danseuse, actrice, et muse qui scandalisa autant par ses provocations artistiques que par sa vie interlope. Suivi de Souvenirs d&#8217;Anita Berber de Klaus Mann.<\/p>\n<p class=\"bodytext\">\u00ab Pour Anita Berber, travailler c&#8217;\u00e9tait surtout imaginer. Elle sent pousser des germes en elle. Des mots \u00e9clatent comme \u00e7a dans ses entrailles et elle les \u00e9crit pour les retenir. Oh, ce n&#8217;\u00e9tait point-l\u00e0 de la litt\u00e9rature, elle le savait bien. En revanche, ils allaient devenir po\u00e9sie, charmes et envo\u00fbtements car son corps allait les exprimer, les cracher en mouvements. Alors, elle serait chacun des \u00e9l\u00e9ments : l&#8217;air, le feu, l&#8217;eau et la terre. Le papier serait sa sc\u00e8ne \u00e9th\u00e9r\u00e9e et enivrante. \u00bb<\/p>\n<p class=\"bodytext\">Actrice, muse, femme d\u00e9prav\u00e9e\u2026 Danseuse expressionniste et ic\u00f4ne d&#8217;une g\u00e9n\u00e9ration en plein d\u00e9sastre. Difficile de saisir en si peu de mots la personnalit\u00e9 complexe et multiple d&#8217;Anita Berber. En 1925, Otto Dix r\u00e9alise son portrait alors qu&#8217;elle est totalement d\u00e9pass\u00e9e par sa c\u00e9l\u00e9brit\u00e9 ; elle n&#8217;est plus qu&#8217;une artiste perdue parmi ses d\u00e9mons. Drogu\u00e9e, prostitu\u00e9e occasionnelle, bisexuelle, parano\u00efaque, Anita Berber nourrit les scandales et fait les choux-gras de la presse de la R\u00e9publique de Weimar. On la d\u00e9teste autant qu&#8217;on l&#8217;adule, plus puissante que l&#8217;effet des psychotropes dont elle s&#8217;abreuve. Artiste de renom, performeuse avant l&#8217;heure, elle dansait pour survivre \u00e0 une \u00e9poque o\u00f9 tout restait \u00e0 faire. Entre Berlin, Wiesbaden et D\u00fcsseldorf, Anita est une esquisse, une \u00e9vocation ; le portrait fulgurant d&#8217;une femme qui tente p\u00e9niblement de d\u00e9passer sa l\u00e9gende. Danseuse instinctive, elle incarne la d\u00e9cadence aux yeux de ses contemporains et participe pourtant aux bouleversements artistiques et culturels de son temps. G\u00e9niale provocatrice, sa vie fut un m\u00e9t\u00e9ore : elle meurt \u00e0 l&#8217;\u00e2ge de 29 ans, seule, ab\u00eem\u00e9e par les drogues et \u00e9puis\u00e9e par la tuberculose.<\/p>\n<p class=\"bodytext\">Anita Berber reste encore aujourd&#8217;hui une source d&#8217;inspiration pour bon nombre d&#8217;artistes tels Ingrid Caven, Michael Michalsky, Karl Lagerfeld, Death in Vegas, Nina Hagen ou Rosa von Praunheim\u2026<\/p>\n","protected":false},"excerpt":{"rendered":"<p>Auteur: Lilian Auzas<br \/>\nEditeur: Hippocampe Editions (2018)<\/p>\n<p>Broch\u00e9: 104 pages<br \/>\nLangue: Fran\u00e7ais<br \/>\nISBN13: 979-10-96911-10-3<\/p>\n","protected":false},"featured_media":10651,"template":"","meta":[],"product_brand":[],"product_cat":[350,162],"product_tag":[],"class_list":{"0":"post-10652","1":"product","2":"type-product","3":"status-publish","4":"has-post-thumbnail","6":"product_cat-fiction-en","7":"product_cat-french-en","9":"first","10":"instock","11":"taxable","12":"shipping-taxable","13":"purchasable","14":"product-type-simple"},"yoast_head":"<!-- This site is optimized with the Yoast SEO plugin v27.4 - https:\/\/yoast.com\/product\/yoast-seo-wordpress\/ -->\n<title>Anita - Books on the Move<\/title>\n<meta name=\"robots\" content=\"index, follow, max-snippet:-1, max-image-preview:large, max-video-preview:-1\" \/>\n<link rel=\"canonical\" href=\"https:\/\/www.booksonthemove.fr\/en\/produit\/anita\/\" \/>\n<meta property=\"og:locale\" content=\"en_US\" \/>\n<meta property=\"og:type\" content=\"article\" \/>\n<meta property=\"og:title\" content=\"Anita - Books on the Move\" \/>\n<meta property=\"og:description\" content=\"Auteur: Lilian Auzas Editeur: Hippocampe Editions (2018)  Broch\u00e9: 104 pages Langue: Fran\u00e7ais ISBN13: 979-10-96911-10-3\" \/>\n<meta property=\"og:url\" content=\"https:\/\/www.booksonthemove.fr\/en\/produit\/anita\/\" \/>\n<meta property=\"og:site_name\" content=\"Books on the Move\" \/>\n<meta property=\"article:publisher\" content=\"https:\/\/www.facebook.com\/Librairiebooksonthemove\/\" \/>\n<meta property=\"article:modified_time\" content=\"2021-01-14T13:49:12+00:00\" \/>\n<meta property=\"og:image\" content=\"https:\/\/www.booksonthemove.fr\/media\/bom_1916.jpeg\" \/>\n\t<meta property=\"og:image:width\" content=\"411\" \/>\n\t<meta property=\"og:image:height\" content=\"613\" \/>\n\t<meta property=\"og:image:type\" content=\"image\/jpeg\" \/>\n<meta name=\"twitter:card\" content=\"summary_large_image\" \/>\n<script type=\"application\/ld+json\" class=\"yoast-schema-graph\">{\"@context\":\"https:\\\/\\\/schema.org\",\"@graph\":[{\"@type\":\"WebPage\",\"@id\":\"https:\\\/\\\/www.booksonthemove.fr\\\/en\\\/produit\\\/anita\\\/\",\"url\":\"https:\\\/\\\/www.booksonthemove.fr\\\/en\\\/produit\\\/anita\\\/\",\"name\":\"Anita - Books on the Move\",\"isPartOf\":{\"@id\":\"https:\\\/\\\/www.booksonthemove.fr\\\/#website\"},\"primaryImageOfPage\":{\"@id\":\"https:\\\/\\\/www.booksonthemove.fr\\\/en\\\/produit\\\/anita\\\/#primaryimage\"},\"image\":{\"@id\":\"https:\\\/\\\/www.booksonthemove.fr\\\/en\\\/produit\\\/anita\\\/#primaryimage\"},\"thumbnailUrl\":\"https:\\\/\\\/www.booksonthemove.fr\\\/media\\\/bom_1916.jpeg\",\"datePublished\":\"2019-12-20T14:34:49+00:00\",\"dateModified\":\"2021-01-14T13:49:12+00:00\",\"breadcrumb\":{\"@id\":\"https:\\\/\\\/www.booksonthemove.fr\\\/en\\\/produit\\\/anita\\\/#breadcrumb\"},\"inLanguage\":\"en-US\",\"potentialAction\":[{\"@type\":\"ReadAction\",\"target\":[\"https:\\\/\\\/www.booksonthemove.fr\\\/en\\\/produit\\\/anita\\\/\"]}]},{\"@type\":\"ImageObject\",\"inLanguage\":\"en-US\",\"@id\":\"https:\\\/\\\/www.booksonthemove.fr\\\/en\\\/produit\\\/anita\\\/#primaryimage\",\"url\":\"https:\\\/\\\/www.booksonthemove.fr\\\/media\\\/bom_1916.jpeg\",\"contentUrl\":\"https:\\\/\\\/www.booksonthemove.fr\\\/media\\\/bom_1916.jpeg\",\"width\":411,\"height\":613},{\"@type\":\"BreadcrumbList\",\"@id\":\"https:\\\/\\\/www.booksonthemove.fr\\\/en\\\/produit\\\/anita\\\/#breadcrumb\",\"itemListElement\":[{\"@type\":\"ListItem\",\"position\":1,\"name\":\"Accueil\",\"item\":\"https:\\\/\\\/www.booksonthemove.fr\\\/en\\\/\"},{\"@type\":\"ListItem\",\"position\":2,\"name\":\"online store\",\"item\":\"https:\\\/\\\/www.booksonthemove.fr\\\/en\\\/online-shop\\\/\"},{\"@type\":\"ListItem\",\"position\":3,\"name\":\"Anita\"}]},{\"@type\":\"WebSite\",\"@id\":\"https:\\\/\\\/www.booksonthemove.fr\\\/#website\",\"url\":\"https:\\\/\\\/www.booksonthemove.fr\\\/\",\"name\":\"Books on the Move\",\"description\":\"librairie nomade - danse - mouvement - performance\",\"publisher\":{\"@id\":\"https:\\\/\\\/www.booksonthemove.fr\\\/#organization\"},\"potentialAction\":[{\"@type\":\"SearchAction\",\"target\":{\"@type\":\"EntryPoint\",\"urlTemplate\":\"https:\\\/\\\/www.booksonthemove.fr\\\/?s={search_term_string}\"},\"query-input\":{\"@type\":\"PropertyValueSpecification\",\"valueRequired\":true,\"valueName\":\"search_term_string\"}}],\"inLanguage\":\"en-US\"},{\"@type\":\"Organization\",\"@id\":\"https:\\\/\\\/www.booksonthemove.fr\\\/#organization\",\"name\":\"Books on the Move\",\"url\":\"https:\\\/\\\/www.booksonthemove.fr\\\/\",\"logo\":{\"@type\":\"ImageObject\",\"inLanguage\":\"en-US\",\"@id\":\"https:\\\/\\\/www.booksonthemove.fr\\\/#\\\/schema\\\/logo\\\/image\\\/\",\"url\":\"https:\\\/\\\/www.booksonthemove.fr\\\/media\\\/logo-NB-400.jpg\",\"contentUrl\":\"https:\\\/\\\/www.booksonthemove.fr\\\/media\\\/logo-NB-400.jpg\",\"width\":400,\"height\":143,\"caption\":\"Books on the Move\"},\"image\":{\"@id\":\"https:\\\/\\\/www.booksonthemove.fr\\\/#\\\/schema\\\/logo\\\/image\\\/\"},\"sameAs\":[\"https:\\\/\\\/www.facebook.com\\\/Librairiebooksonthemove\\\/\"]}]}<\/script>\n<!-- \/ Yoast SEO plugin. -->","yoast_head_json":{"title":"Anita - Books on the Move","robots":{"index":"index","follow":"follow","max-snippet":"max-snippet:-1","max-image-preview":"max-image-preview:large","max-video-preview":"max-video-preview:-1"},"canonical":"https:\/\/www.booksonthemove.fr\/en\/produit\/anita\/","og_locale":"en_US","og_type":"article","og_title":"Anita - Books on the Move","og_description":"Auteur: Lilian Auzas Editeur: Hippocampe Editions (2018)  Broch\u00e9: 104 pages Langue: Fran\u00e7ais ISBN13: 979-10-96911-10-3","og_url":"https:\/\/www.booksonthemove.fr\/en\/produit\/anita\/","og_site_name":"Books on the Move","article_publisher":"https:\/\/www.facebook.com\/Librairiebooksonthemove\/","article_modified_time":"2021-01-14T13:49:12+00:00","og_image":[{"width":411,"height":613,"url":"https:\/\/www.booksonthemove.fr\/media\/bom_1916.jpeg","type":"image\/jpeg"}],"twitter_card":"summary_large_image","schema":{"@context":"https:\/\/schema.org","@graph":[{"@type":"WebPage","@id":"https:\/\/www.booksonthemove.fr\/en\/produit\/anita\/","url":"https:\/\/www.booksonthemove.fr\/en\/produit\/anita\/","name":"Anita - Books on the Move","isPartOf":{"@id":"https:\/\/www.booksonthemove.fr\/#website"},"primaryImageOfPage":{"@id":"https:\/\/www.booksonthemove.fr\/en\/produit\/anita\/#primaryimage"},"image":{"@id":"https:\/\/www.booksonthemove.fr\/en\/produit\/anita\/#primaryimage"},"thumbnailUrl":"https:\/\/www.booksonthemove.fr\/media\/bom_1916.jpeg","datePublished":"2019-12-20T14:34:49+00:00","dateModified":"2021-01-14T13:49:12+00:00","breadcrumb":{"@id":"https:\/\/www.booksonthemove.fr\/en\/produit\/anita\/#breadcrumb"},"inLanguage":"en-US","potentialAction":[{"@type":"ReadAction","target":["https:\/\/www.booksonthemove.fr\/en\/produit\/anita\/"]}]},{"@type":"ImageObject","inLanguage":"en-US","@id":"https:\/\/www.booksonthemove.fr\/en\/produit\/anita\/#primaryimage","url":"https:\/\/www.booksonthemove.fr\/media\/bom_1916.jpeg","contentUrl":"https:\/\/www.booksonthemove.fr\/media\/bom_1916.jpeg","width":411,"height":613},{"@type":"BreadcrumbList","@id":"https:\/\/www.booksonthemove.fr\/en\/produit\/anita\/#breadcrumb","itemListElement":[{"@type":"ListItem","position":1,"name":"Accueil","item":"https:\/\/www.booksonthemove.fr\/en\/"},{"@type":"ListItem","position":2,"name":"online store","item":"https:\/\/www.booksonthemove.fr\/en\/online-shop\/"},{"@type":"ListItem","position":3,"name":"Anita"}]},{"@type":"WebSite","@id":"https:\/\/www.booksonthemove.fr\/#website","url":"https:\/\/www.booksonthemove.fr\/","name":"Books on the Move","description":"librairie nomade - danse - mouvement - performance","publisher":{"@id":"https:\/\/www.booksonthemove.fr\/#organization"},"potentialAction":[{"@type":"SearchAction","target":{"@type":"EntryPoint","urlTemplate":"https:\/\/www.booksonthemove.fr\/?s={search_term_string}"},"query-input":{"@type":"PropertyValueSpecification","valueRequired":true,"valueName":"search_term_string"}}],"inLanguage":"en-US"},{"@type":"Organization","@id":"https:\/\/www.booksonthemove.fr\/#organization","name":"Books on the Move","url":"https:\/\/www.booksonthemove.fr\/","logo":{"@type":"ImageObject","inLanguage":"en-US","@id":"https:\/\/www.booksonthemove.fr\/#\/schema\/logo\/image\/","url":"https:\/\/www.booksonthemove.fr\/media\/logo-NB-400.jpg","contentUrl":"https:\/\/www.booksonthemove.fr\/media\/logo-NB-400.jpg","width":400,"height":143,"caption":"Books on the Move"},"image":{"@id":"https:\/\/www.booksonthemove.fr\/#\/schema\/logo\/image\/"},"sameAs":["https:\/\/www.facebook.com\/Librairiebooksonthemove\/"]}]}},"_links":{"self":[{"href":"https:\/\/www.booksonthemove.fr\/en\/wp-json\/wp\/v2\/product\/10652","targetHints":{"allow":["GET"]}}],"collection":[{"href":"https:\/\/www.booksonthemove.fr\/en\/wp-json\/wp\/v2\/product"}],"about":[{"href":"https:\/\/www.booksonthemove.fr\/en\/wp-json\/wp\/v2\/types\/product"}],"wp:featuredmedia":[{"embeddable":true,"href":"https:\/\/www.booksonthemove.fr\/en\/wp-json\/wp\/v2\/media\/10651"}],"wp:attachment":[{"href":"https:\/\/www.booksonthemove.fr\/en\/wp-json\/wp\/v2\/media?parent=10652"}],"wp:term":[{"taxonomy":"product_brand","embeddable":true,"href":"https:\/\/www.booksonthemove.fr\/en\/wp-json\/wp\/v2\/product_brand?post=10652"},{"taxonomy":"product_cat","embeddable":true,"href":"https:\/\/www.booksonthemove.fr\/en\/wp-json\/wp\/v2\/product_cat?post=10652"},{"taxonomy":"product_tag","embeddable":true,"href":"https:\/\/www.booksonthemove.fr\/en\/wp-json\/wp\/v2\/product_tag?post=10652"}],"curies":[{"name":"wp","href":"https:\/\/api.w.org\/{rel}","templated":true}]}}