{"id":10658,"date":"2019-12-20T15:59:30","date_gmt":"2019-12-20T14:59:30","guid":{"rendered":"https:\/\/www.booksonthemove.fr\/produit\/anthologie-aires-de-jeux-au-japon\/"},"modified":"2021-08-31T17:57:50","modified_gmt":"2021-08-31T15:57:50","slug":"anthologie-aires-de-jeux-au-japon","status":"publish","type":"product","link":"https:\/\/www.booksonthemove.fr\/en\/produit\/anthologie-aires-de-jeux-au-japon\/","title":{"rendered":"Anthologie &#8211; Aires de jeux au Japon"},"content":{"rendered":"<p class=\"bodytext\">Un paysage de l&#8217;aire de jeux au Japon, au croisement de l&#8217;architecture, de l&#8217;urbanisme, du design, de la p\u00e9dagogie et de l&#8217;art contemporain.<\/p>\n<p class=\"bodytext\">Cette publication esquisse un paysage de l&#8217;aire de jeux au Japon sans en proposer un point de vue unitaire ni viser \u00e0 l&#8217;exhaustivit\u00e9. Elle approche ce territoire en le distinguant de celui qu&#8217;offrent l&#8217;Europe et les \u00c9tats-Unis, dont il proc\u00e8de et r\u00e9v\u00e8le des aspects impens\u00e9s : la question de la survie \u00e0 la catastrophe, mais aussi celles du jardin et de l&#8217;environnement.<\/p>\n<p class=\"bodytext\">Cette anthologie r\u00e9unit des textes traduits depuis le japonais ou l&#8217;anglais, des photographies et des fac-simil\u00e9s de publications et d&#8217;archives \u2013 souvent in\u00e9dits \u2013 au croisement des histoires du Japon, de l&#8217;architecture, de l&#8217;urbanisme, du design, de la p\u00e9dagogie et de l&#8217;art contemporain. Elle s&#8217;int\u00e9resse notamment \u00e0 plusieurs figures historiques telles que les concepteurs d&#8217;aires de jeux Kur\u014d Kaneko, Kenichiro Ikehara et Mitsuru Senda ou encore au parc Kodomo no kuni, con\u00e7u par Takashi Asada et pour lequel Isamu Noguchi r\u00e9alisa sa premi\u00e8re aire de jeux, et les architectes m\u00e9tabolistes (Takashi Asada, Kiyoniri Kikutake, Kish\u014d Kurokawa et Sachio \u014ctani) imagin\u00e8rent des b\u00e2timents aussi iconiques que peu \u00e9tudi\u00e9s jusqu&#8217;ici.<\/p>\n<p class=\"bodytext\">L&#8217;anthologie comprend \u00e9galement des textes traduits pour la premi\u00e8re fois en fran\u00e7ais de l&#8217;artiste Tar\u014d Okamoto sur les relations entre l&#8217;art et le jeu, de l&#8217;historien d&#8217;art et influent critique Noi Sawaragi, sur les liens entre Kodomo no kuni et l&#8217;exposition universelle d&#8217;Osaka en 1970, ou encore sur les adventure playgrounds, qui au Japon perdurent encore.<\/p>\n<p class=\"bodytext\">Textes de Vincent Romagny, Kur\u014d Kaneko, Mary Mitchell, Isamu Noguchi, Takashi Asada, Sachio \u014ctani, Noi Sawaragi, Tar\u014d Okamoto, Hideaki Amano, Helen Woolley, Isami Kinoshita, Kenichiro Ikehara, Mitsuru Senda.<\/p>\n","protected":false},"excerpt":{"rendered":"<p>Auteur: Vincent Romagny<br \/>\nEditeur: les presses du r\u00e9el (2019)<\/p>\n<p>Broch\u00e9: 504 pages<br \/>\nLangue: Fran\u00e7ais<br \/>\nISBN13: 979-10-96155-07-1<\/p>\n","protected":false},"featured_media":10657,"template":"","meta":[],"product_brand":[],"product_cat":[226,207,162,273,291],"product_tag":[],"class_list":{"0":"post-10658","1":"product","2":"type-product","3":"status-publish","4":"has-post-thumbnail","6":"product_cat-anthologies-en","7":"product_cat-architecture-en","8":"product_cat-french-en","9":"product_cat-japan","10":"product_cat-pluridisciplinarity","12":"first","13":"outofstock","14":"taxable","15":"shipping-taxable","16":"purchasable","17":"product-type-simple"},"yoast_head":"<!-- This site is optimized with the Yoast SEO plugin v27.4 - https:\/\/yoast.com\/product\/yoast-seo-wordpress\/ -->\n<title>Anthologie - Aires de jeux au Japon - Books on the Move<\/title>\n<meta name=\"robots\" content=\"index, follow, max-snippet:-1, max-image-preview:large, max-video-preview:-1\" \/>\n<link rel=\"canonical\" href=\"https:\/\/www.booksonthemove.fr\/en\/produit\/anthologie-aires-de-jeux-au-japon\/\" \/>\n<meta property=\"og:locale\" content=\"en_US\" \/>\n<meta property=\"og:type\" content=\"article\" \/>\n<meta property=\"og:title\" content=\"Anthologie - Aires de jeux au Japon - Books on the Move\" \/>\n<meta property=\"og:description\" content=\"Auteur: Vincent Romagny Editeur: les presses du r\u00e9el (2019)  Broch\u00e9: 504 pages Langue: Fran\u00e7ais ISBN13: 979-10-96155-07-1\" \/>\n<meta property=\"og:url\" content=\"https:\/\/www.booksonthemove.fr\/en\/produit\/anthologie-aires-de-jeux-au-japon\/\" \/>\n<meta property=\"og:site_name\" content=\"Books on the Move\" \/>\n<meta property=\"article:publisher\" content=\"https:\/\/www.facebook.com\/Librairiebooksonthemove\/\" \/>\n<meta property=\"article:modified_time\" content=\"2021-08-31T15:57:50+00:00\" \/>\n<meta property=\"og:image\" content=\"https:\/\/www.booksonthemove.fr\/media\/bom_1994.jpg\" \/>\n\t<meta property=\"og:image:width\" content=\"450\" \/>\n\t<meta property=\"og:image:height\" content=\"627\" \/>\n\t<meta property=\"og:image:type\" content=\"image\/jpeg\" \/>\n<meta name=\"twitter:card\" content=\"summary_large_image\" \/>\n<script type=\"application\/ld+json\" class=\"yoast-schema-graph\">{\"@context\":\"https:\\\/\\\/schema.org\",\"@graph\":[{\"@type\":\"WebPage\",\"@id\":\"https:\\\/\\\/www.booksonthemove.fr\\\/en\\\/produit\\\/anthologie-aires-de-jeux-au-japon\\\/\",\"url\":\"https:\\\/\\\/www.booksonthemove.fr\\\/en\\\/produit\\\/anthologie-aires-de-jeux-au-japon\\\/\",\"name\":\"Anthologie - Aires de jeux au Japon - Books on the Move\",\"isPartOf\":{\"@id\":\"https:\\\/\\\/www.booksonthemove.fr\\\/#website\"},\"primaryImageOfPage\":{\"@id\":\"https:\\\/\\\/www.booksonthemove.fr\\\/en\\\/produit\\\/anthologie-aires-de-jeux-au-japon\\\/#primaryimage\"},\"image\":{\"@id\":\"https:\\\/\\\/www.booksonthemove.fr\\\/en\\\/produit\\\/anthologie-aires-de-jeux-au-japon\\\/#primaryimage\"},\"thumbnailUrl\":\"https:\\\/\\\/www.booksonthemove.fr\\\/media\\\/bom_1994.jpg\",\"datePublished\":\"2019-12-20T14:59:30+00:00\",\"dateModified\":\"2021-08-31T15:57:50+00:00\",\"breadcrumb\":{\"@id\":\"https:\\\/\\\/www.booksonthemove.fr\\\/en\\\/produit\\\/anthologie-aires-de-jeux-au-japon\\\/#breadcrumb\"},\"inLanguage\":\"en-US\",\"potentialAction\":[{\"@type\":\"ReadAction\",\"target\":[\"https:\\\/\\\/www.booksonthemove.fr\\\/en\\\/produit\\\/anthologie-aires-de-jeux-au-japon\\\/\"]}]},{\"@type\":\"ImageObject\",\"inLanguage\":\"en-US\",\"@id\":\"https:\\\/\\\/www.booksonthemove.fr\\\/en\\\/produit\\\/anthologie-aires-de-jeux-au-japon\\\/#primaryimage\",\"url\":\"https:\\\/\\\/www.booksonthemove.fr\\\/media\\\/bom_1994.jpg\",\"contentUrl\":\"https:\\\/\\\/www.booksonthemove.fr\\\/media\\\/bom_1994.jpg\",\"width\":450,\"height\":627},{\"@type\":\"BreadcrumbList\",\"@id\":\"https:\\\/\\\/www.booksonthemove.fr\\\/en\\\/produit\\\/anthologie-aires-de-jeux-au-japon\\\/#breadcrumb\",\"itemListElement\":[{\"@type\":\"ListItem\",\"position\":1,\"name\":\"Accueil\",\"item\":\"https:\\\/\\\/www.booksonthemove.fr\\\/en\\\/\"},{\"@type\":\"ListItem\",\"position\":2,\"name\":\"online store\",\"item\":\"https:\\\/\\\/www.booksonthemove.fr\\\/en\\\/online-shop\\\/\"},{\"@type\":\"ListItem\",\"position\":3,\"name\":\"Anthologie &#8211; Aires de jeux au Japon\"}]},{\"@type\":\"WebSite\",\"@id\":\"https:\\\/\\\/www.booksonthemove.fr\\\/#website\",\"url\":\"https:\\\/\\\/www.booksonthemove.fr\\\/\",\"name\":\"Books on the Move\",\"description\":\"librairie nomade - danse - mouvement - performance\",\"publisher\":{\"@id\":\"https:\\\/\\\/www.booksonthemove.fr\\\/#organization\"},\"potentialAction\":[{\"@type\":\"SearchAction\",\"target\":{\"@type\":\"EntryPoint\",\"urlTemplate\":\"https:\\\/\\\/www.booksonthemove.fr\\\/?s={search_term_string}\"},\"query-input\":{\"@type\":\"PropertyValueSpecification\",\"valueRequired\":true,\"valueName\":\"search_term_string\"}}],\"inLanguage\":\"en-US\"},{\"@type\":\"Organization\",\"@id\":\"https:\\\/\\\/www.booksonthemove.fr\\\/#organization\",\"name\":\"Books on the Move\",\"url\":\"https:\\\/\\\/www.booksonthemove.fr\\\/\",\"logo\":{\"@type\":\"ImageObject\",\"inLanguage\":\"en-US\",\"@id\":\"https:\\\/\\\/www.booksonthemove.fr\\\/#\\\/schema\\\/logo\\\/image\\\/\",\"url\":\"https:\\\/\\\/www.booksonthemove.fr\\\/media\\\/logo-NB-400.jpg\",\"contentUrl\":\"https:\\\/\\\/www.booksonthemove.fr\\\/media\\\/logo-NB-400.jpg\",\"width\":400,\"height\":143,\"caption\":\"Books on the Move\"},\"image\":{\"@id\":\"https:\\\/\\\/www.booksonthemove.fr\\\/#\\\/schema\\\/logo\\\/image\\\/\"},\"sameAs\":[\"https:\\\/\\\/www.facebook.com\\\/Librairiebooksonthemove\\\/\"]}]}<\/script>\n<!-- \/ Yoast SEO plugin. -->","yoast_head_json":{"title":"Anthologie - Aires de jeux au Japon - Books on the Move","robots":{"index":"index","follow":"follow","max-snippet":"max-snippet:-1","max-image-preview":"max-image-preview:large","max-video-preview":"max-video-preview:-1"},"canonical":"https:\/\/www.booksonthemove.fr\/en\/produit\/anthologie-aires-de-jeux-au-japon\/","og_locale":"en_US","og_type":"article","og_title":"Anthologie - Aires de jeux au Japon - Books on the Move","og_description":"Auteur: Vincent Romagny Editeur: les presses du r\u00e9el (2019)  Broch\u00e9: 504 pages Langue: Fran\u00e7ais ISBN13: 979-10-96155-07-1","og_url":"https:\/\/www.booksonthemove.fr\/en\/produit\/anthologie-aires-de-jeux-au-japon\/","og_site_name":"Books on the Move","article_publisher":"https:\/\/www.facebook.com\/Librairiebooksonthemove\/","article_modified_time":"2021-08-31T15:57:50+00:00","og_image":[{"width":450,"height":627,"url":"https:\/\/www.booksonthemove.fr\/media\/bom_1994.jpg","type":"image\/jpeg"}],"twitter_card":"summary_large_image","schema":{"@context":"https:\/\/schema.org","@graph":[{"@type":"WebPage","@id":"https:\/\/www.booksonthemove.fr\/en\/produit\/anthologie-aires-de-jeux-au-japon\/","url":"https:\/\/www.booksonthemove.fr\/en\/produit\/anthologie-aires-de-jeux-au-japon\/","name":"Anthologie - Aires de jeux au Japon - Books on the Move","isPartOf":{"@id":"https:\/\/www.booksonthemove.fr\/#website"},"primaryImageOfPage":{"@id":"https:\/\/www.booksonthemove.fr\/en\/produit\/anthologie-aires-de-jeux-au-japon\/#primaryimage"},"image":{"@id":"https:\/\/www.booksonthemove.fr\/en\/produit\/anthologie-aires-de-jeux-au-japon\/#primaryimage"},"thumbnailUrl":"https:\/\/www.booksonthemove.fr\/media\/bom_1994.jpg","datePublished":"2019-12-20T14:59:30+00:00","dateModified":"2021-08-31T15:57:50+00:00","breadcrumb":{"@id":"https:\/\/www.booksonthemove.fr\/en\/produit\/anthologie-aires-de-jeux-au-japon\/#breadcrumb"},"inLanguage":"en-US","potentialAction":[{"@type":"ReadAction","target":["https:\/\/www.booksonthemove.fr\/en\/produit\/anthologie-aires-de-jeux-au-japon\/"]}]},{"@type":"ImageObject","inLanguage":"en-US","@id":"https:\/\/www.booksonthemove.fr\/en\/produit\/anthologie-aires-de-jeux-au-japon\/#primaryimage","url":"https:\/\/www.booksonthemove.fr\/media\/bom_1994.jpg","contentUrl":"https:\/\/www.booksonthemove.fr\/media\/bom_1994.jpg","width":450,"height":627},{"@type":"BreadcrumbList","@id":"https:\/\/www.booksonthemove.fr\/en\/produit\/anthologie-aires-de-jeux-au-japon\/#breadcrumb","itemListElement":[{"@type":"ListItem","position":1,"name":"Accueil","item":"https:\/\/www.booksonthemove.fr\/en\/"},{"@type":"ListItem","position":2,"name":"online store","item":"https:\/\/www.booksonthemove.fr\/en\/online-shop\/"},{"@type":"ListItem","position":3,"name":"Anthologie &#8211; Aires de jeux au Japon"}]},{"@type":"WebSite","@id":"https:\/\/www.booksonthemove.fr\/#website","url":"https:\/\/www.booksonthemove.fr\/","name":"Books on the Move","description":"librairie nomade - danse - mouvement - performance","publisher":{"@id":"https:\/\/www.booksonthemove.fr\/#organization"},"potentialAction":[{"@type":"SearchAction","target":{"@type":"EntryPoint","urlTemplate":"https:\/\/www.booksonthemove.fr\/?s={search_term_string}"},"query-input":{"@type":"PropertyValueSpecification","valueRequired":true,"valueName":"search_term_string"}}],"inLanguage":"en-US"},{"@type":"Organization","@id":"https:\/\/www.booksonthemove.fr\/#organization","name":"Books on the Move","url":"https:\/\/www.booksonthemove.fr\/","logo":{"@type":"ImageObject","inLanguage":"en-US","@id":"https:\/\/www.booksonthemove.fr\/#\/schema\/logo\/image\/","url":"https:\/\/www.booksonthemove.fr\/media\/logo-NB-400.jpg","contentUrl":"https:\/\/www.booksonthemove.fr\/media\/logo-NB-400.jpg","width":400,"height":143,"caption":"Books on the Move"},"image":{"@id":"https:\/\/www.booksonthemove.fr\/#\/schema\/logo\/image\/"},"sameAs":["https:\/\/www.facebook.com\/Librairiebooksonthemove\/"]}]}},"_links":{"self":[{"href":"https:\/\/www.booksonthemove.fr\/en\/wp-json\/wp\/v2\/product\/10658","targetHints":{"allow":["GET"]}}],"collection":[{"href":"https:\/\/www.booksonthemove.fr\/en\/wp-json\/wp\/v2\/product"}],"about":[{"href":"https:\/\/www.booksonthemove.fr\/en\/wp-json\/wp\/v2\/types\/product"}],"wp:featuredmedia":[{"embeddable":true,"href":"https:\/\/www.booksonthemove.fr\/en\/wp-json\/wp\/v2\/media\/10657"}],"wp:attachment":[{"href":"https:\/\/www.booksonthemove.fr\/en\/wp-json\/wp\/v2\/media?parent=10658"}],"wp:term":[{"taxonomy":"product_brand","embeddable":true,"href":"https:\/\/www.booksonthemove.fr\/en\/wp-json\/wp\/v2\/product_brand?post=10658"},{"taxonomy":"product_cat","embeddable":true,"href":"https:\/\/www.booksonthemove.fr\/en\/wp-json\/wp\/v2\/product_cat?post=10658"},{"taxonomy":"product_tag","embeddable":true,"href":"https:\/\/www.booksonthemove.fr\/en\/wp-json\/wp\/v2\/product_tag?post=10658"}],"curies":[{"name":"wp","href":"https:\/\/api.w.org\/{rel}","templated":true}]}}