{"id":10755,"date":"2019-12-22T16:38:07","date_gmt":"2019-12-22T15:38:07","guid":{"rendered":"https:\/\/www.booksonthemove.fr\/produit\/faire-un-carton\/"},"modified":"2023-12-12T14:51:26","modified_gmt":"2023-12-12T13:51:26","slug":"faire-un-carton","status":"publish","type":"product","link":"https:\/\/www.booksonthemove.fr\/en\/produit\/faire-un-carton\/","title":{"rendered":"Faire un carton"},"content":{"rendered":"<p class=\"bodytext\">\u00ab Avant le livre, des notes dans des carnets (journal, observations, propos lus ou entendus, \u00e9chang\u00e9s). Notes po\u00e9tiques qui me viennent au fil du temps, failles du quotidien, \u00e9merveillements instantan\u00e9s, tremblements de sens, arcs-en-ciel avec le tuyau d\u2019arrosage, joie du langage. Mais ils se remplissent aussi dans l\u2019adversit\u00e9, avec ce qui m\u2019\u00e9corche la vue, les oreilles ou le c\u0153ur. Le haut le c\u0153ur.<\/p>\n<p class=\"bodytext\">La po\u00e9sie est ce qui sauve et fait bouger en pareil cas : faire \u00e9cho, aller ailleurs et aller plus loin, se d\u00e9sengluer du r\u00e9el.<\/p>\n<p class=\"bodytext\">Partir du particulier pour aller vers le g\u00e9n\u00e9ral, retourner les situations et les mots qu\u2019on se prend dans la figure, en rire (m\u00eame jaune) plut\u00f4t qu\u2019en pleurer. Retour gracieux \u00e0 l\u2019envoyeur.<\/p>\n<p class=\"bodytext\">Comment changer le monde, le faire voir d\u2019une autre mani\u00e8re, po\u00e9tique, politique, active, inventive, d\u00e9cap\u00e9e de poussi\u00e8re, rouille ou vernis. D\u2019un oeil neuf, ou rinc\u00e9. La po\u00e9sie parle du monde et le monde transforme la po\u00e9sie, ces deux l\u00e0 marchent ensemble, et c\u2019est ce qui m\u2019int\u00e9resse. La po\u00e9sie comme un art de combat et de partage, de d\u00e9couverte de la vie entre les mar\u00e9es, quand on peut aller \u00e0 pied sur l\u2019\u00eele au tr\u00e9sor juste en face.<\/p>\n<p class=\"bodytext\">Habituellement, les tampons servent \u00e0 se faire des cartes de visite, par exemple. Ils permettent \u00e0 tout le monde d\u2019\u00eatre son imprimeur, sur diff\u00e9rents supports, petite imprimerie de poche, et de pauvre. On se sert d\u2019une pince pour les prendre et les clipser : prendre les mots avec des pincettes, voil\u00e0 un exercice qui me para\u00eet salutaire. \u00bb<\/p>\n","protected":false},"excerpt":{"rendered":"<p>Auteur: Fabienne Yvert<br \/>\nEditeurs: La ville br\u00fble (2017)<\/p>\n<p>Broch\u00e9: 76 pages<br \/>\nLangue: Fran\u00e7ais<br \/>\nISBN13: 978-2-360-12082-6<\/p>\n","protected":false},"featured_media":10754,"template":"","meta":[],"product_brand":[],"product_cat":[212,162,199],"product_tag":[],"class_list":{"0":"post-10755","1":"product","2":"type-product","3":"status-publish","4":"has-post-thumbnail","6":"product_cat-artists-books-en","7":"product_cat-french-en","8":"product_cat-poetry-en","10":"first","11":"outofstock","12":"taxable","13":"shipping-taxable","14":"purchasable","15":"product-type-simple"},"yoast_head":"<!-- This site is optimized with the Yoast SEO plugin v27.5 - https:\/\/yoast.com\/product\/yoast-seo-wordpress\/ -->\n<title>Faire un carton - Books on the Move<\/title>\n<meta name=\"robots\" content=\"index, follow, max-snippet:-1, max-image-preview:large, max-video-preview:-1\" \/>\n<link rel=\"canonical\" href=\"https:\/\/www.booksonthemove.fr\/produit\/faire-un-carton\/\" \/>\n<meta property=\"og:locale\" content=\"en_US\" \/>\n<meta property=\"og:type\" content=\"article\" \/>\n<meta property=\"og:title\" content=\"Faire un carton - Books on the Move\" \/>\n<meta property=\"og:description\" content=\"Auteur: Fabienne Yvert Editeurs: La ville br\u00fble (2017)  Broch\u00e9: 76 pages Langue: Fran\u00e7ais ISBN13: 978-2-360-12082-6\" \/>\n<meta property=\"og:url\" content=\"https:\/\/www.booksonthemove.fr\/produit\/faire-un-carton\/\" \/>\n<meta property=\"og:site_name\" content=\"Books on the Move\" \/>\n<meta property=\"article:publisher\" content=\"https:\/\/www.facebook.com\/Librairiebooksonthemove\/\" \/>\n<meta property=\"article:modified_time\" content=\"2023-12-12T13:51:26+00:00\" \/>\n<meta property=\"og:image\" content=\"https:\/\/www.booksonthemove.fr\/media\/bom_1968.jpg\" \/>\n\t<meta property=\"og:image:width\" content=\"359\" \/>\n\t<meta property=\"og:image:height\" content=\"499\" \/>\n\t<meta property=\"og:image:type\" content=\"image\/jpeg\" \/>\n<meta name=\"twitter:card\" content=\"summary_large_image\" \/>\n<script type=\"application\/ld+json\" class=\"yoast-schema-graph\">{\"@context\":\"https:\\\/\\\/schema.org\",\"@graph\":[{\"@type\":\"WebPage\",\"@id\":\"https:\\\/\\\/www.booksonthemove.fr\\\/produit\\\/faire-un-carton\\\/\",\"url\":\"https:\\\/\\\/www.booksonthemove.fr\\\/produit\\\/faire-un-carton\\\/\",\"name\":\"Faire un carton - Books on the Move\",\"isPartOf\":{\"@id\":\"https:\\\/\\\/www.booksonthemove.fr\\\/#website\"},\"primaryImageOfPage\":{\"@id\":\"https:\\\/\\\/www.booksonthemove.fr\\\/produit\\\/faire-un-carton\\\/#primaryimage\"},\"image\":{\"@id\":\"https:\\\/\\\/www.booksonthemove.fr\\\/produit\\\/faire-un-carton\\\/#primaryimage\"},\"thumbnailUrl\":\"https:\\\/\\\/www.booksonthemove.fr\\\/media\\\/bom_1968.jpg\",\"datePublished\":\"2019-12-22T15:38:07+00:00\",\"dateModified\":\"2023-12-12T13:51:26+00:00\",\"breadcrumb\":{\"@id\":\"https:\\\/\\\/www.booksonthemove.fr\\\/produit\\\/faire-un-carton\\\/#breadcrumb\"},\"inLanguage\":\"en-US\",\"potentialAction\":[{\"@type\":\"ReadAction\",\"target\":[\"https:\\\/\\\/www.booksonthemove.fr\\\/produit\\\/faire-un-carton\\\/\"]}]},{\"@type\":\"ImageObject\",\"inLanguage\":\"en-US\",\"@id\":\"https:\\\/\\\/www.booksonthemove.fr\\\/produit\\\/faire-un-carton\\\/#primaryimage\",\"url\":\"https:\\\/\\\/www.booksonthemove.fr\\\/media\\\/bom_1968.jpg\",\"contentUrl\":\"https:\\\/\\\/www.booksonthemove.fr\\\/media\\\/bom_1968.jpg\",\"width\":359,\"height\":499},{\"@type\":\"BreadcrumbList\",\"@id\":\"https:\\\/\\\/www.booksonthemove.fr\\\/produit\\\/faire-un-carton\\\/#breadcrumb\",\"itemListElement\":[{\"@type\":\"ListItem\",\"position\":1,\"name\":\"Accueil\",\"item\":\"https:\\\/\\\/www.booksonthemove.fr\\\/en\\\/\"},{\"@type\":\"ListItem\",\"position\":2,\"name\":\"online store\",\"item\":\"https:\\\/\\\/www.booksonthemove.fr\\\/en\\\/online-shop\\\/\"},{\"@type\":\"ListItem\",\"position\":3,\"name\":\"Faire un carton\"}]},{\"@type\":\"WebSite\",\"@id\":\"https:\\\/\\\/www.booksonthemove.fr\\\/#website\",\"url\":\"https:\\\/\\\/www.booksonthemove.fr\\\/\",\"name\":\"Books on the Move\",\"description\":\"librairie nomade - danse - mouvement - performance\",\"publisher\":{\"@id\":\"https:\\\/\\\/www.booksonthemove.fr\\\/#organization\"},\"potentialAction\":[{\"@type\":\"SearchAction\",\"target\":{\"@type\":\"EntryPoint\",\"urlTemplate\":\"https:\\\/\\\/www.booksonthemove.fr\\\/?s={search_term_string}\"},\"query-input\":{\"@type\":\"PropertyValueSpecification\",\"valueRequired\":true,\"valueName\":\"search_term_string\"}}],\"inLanguage\":\"en-US\"},{\"@type\":\"Organization\",\"@id\":\"https:\\\/\\\/www.booksonthemove.fr\\\/#organization\",\"name\":\"Books on the Move\",\"url\":\"https:\\\/\\\/www.booksonthemove.fr\\\/\",\"logo\":{\"@type\":\"ImageObject\",\"inLanguage\":\"en-US\",\"@id\":\"https:\\\/\\\/www.booksonthemove.fr\\\/#\\\/schema\\\/logo\\\/image\\\/\",\"url\":\"https:\\\/\\\/www.booksonthemove.fr\\\/media\\\/logo-NB-400.jpg\",\"contentUrl\":\"https:\\\/\\\/www.booksonthemove.fr\\\/media\\\/logo-NB-400.jpg\",\"width\":400,\"height\":143,\"caption\":\"Books on the Move\"},\"image\":{\"@id\":\"https:\\\/\\\/www.booksonthemove.fr\\\/#\\\/schema\\\/logo\\\/image\\\/\"},\"sameAs\":[\"https:\\\/\\\/www.facebook.com\\\/Librairiebooksonthemove\\\/\"]}]}<\/script>\n<!-- \/ Yoast SEO plugin. -->","yoast_head_json":{"title":"Faire un carton - Books on the Move","robots":{"index":"index","follow":"follow","max-snippet":"max-snippet:-1","max-image-preview":"max-image-preview:large","max-video-preview":"max-video-preview:-1"},"canonical":"https:\/\/www.booksonthemove.fr\/produit\/faire-un-carton\/","og_locale":"en_US","og_type":"article","og_title":"Faire un carton - Books on the Move","og_description":"Auteur: Fabienne Yvert Editeurs: La ville br\u00fble (2017)  Broch\u00e9: 76 pages Langue: Fran\u00e7ais ISBN13: 978-2-360-12082-6","og_url":"https:\/\/www.booksonthemove.fr\/produit\/faire-un-carton\/","og_site_name":"Books on the Move","article_publisher":"https:\/\/www.facebook.com\/Librairiebooksonthemove\/","article_modified_time":"2023-12-12T13:51:26+00:00","og_image":[{"width":359,"height":499,"url":"https:\/\/www.booksonthemove.fr\/media\/bom_1968.jpg","type":"image\/jpeg"}],"twitter_card":"summary_large_image","schema":{"@context":"https:\/\/schema.org","@graph":[{"@type":"WebPage","@id":"https:\/\/www.booksonthemove.fr\/produit\/faire-un-carton\/","url":"https:\/\/www.booksonthemove.fr\/produit\/faire-un-carton\/","name":"Faire un carton - Books on the Move","isPartOf":{"@id":"https:\/\/www.booksonthemove.fr\/#website"},"primaryImageOfPage":{"@id":"https:\/\/www.booksonthemove.fr\/produit\/faire-un-carton\/#primaryimage"},"image":{"@id":"https:\/\/www.booksonthemove.fr\/produit\/faire-un-carton\/#primaryimage"},"thumbnailUrl":"https:\/\/www.booksonthemove.fr\/media\/bom_1968.jpg","datePublished":"2019-12-22T15:38:07+00:00","dateModified":"2023-12-12T13:51:26+00:00","breadcrumb":{"@id":"https:\/\/www.booksonthemove.fr\/produit\/faire-un-carton\/#breadcrumb"},"inLanguage":"en-US","potentialAction":[{"@type":"ReadAction","target":["https:\/\/www.booksonthemove.fr\/produit\/faire-un-carton\/"]}]},{"@type":"ImageObject","inLanguage":"en-US","@id":"https:\/\/www.booksonthemove.fr\/produit\/faire-un-carton\/#primaryimage","url":"https:\/\/www.booksonthemove.fr\/media\/bom_1968.jpg","contentUrl":"https:\/\/www.booksonthemove.fr\/media\/bom_1968.jpg","width":359,"height":499},{"@type":"BreadcrumbList","@id":"https:\/\/www.booksonthemove.fr\/produit\/faire-un-carton\/#breadcrumb","itemListElement":[{"@type":"ListItem","position":1,"name":"Accueil","item":"https:\/\/www.booksonthemove.fr\/en\/"},{"@type":"ListItem","position":2,"name":"online store","item":"https:\/\/www.booksonthemove.fr\/en\/online-shop\/"},{"@type":"ListItem","position":3,"name":"Faire un carton"}]},{"@type":"WebSite","@id":"https:\/\/www.booksonthemove.fr\/#website","url":"https:\/\/www.booksonthemove.fr\/","name":"Books on the Move","description":"librairie nomade - danse - mouvement - performance","publisher":{"@id":"https:\/\/www.booksonthemove.fr\/#organization"},"potentialAction":[{"@type":"SearchAction","target":{"@type":"EntryPoint","urlTemplate":"https:\/\/www.booksonthemove.fr\/?s={search_term_string}"},"query-input":{"@type":"PropertyValueSpecification","valueRequired":true,"valueName":"search_term_string"}}],"inLanguage":"en-US"},{"@type":"Organization","@id":"https:\/\/www.booksonthemove.fr\/#organization","name":"Books on the Move","url":"https:\/\/www.booksonthemove.fr\/","logo":{"@type":"ImageObject","inLanguage":"en-US","@id":"https:\/\/www.booksonthemove.fr\/#\/schema\/logo\/image\/","url":"https:\/\/www.booksonthemove.fr\/media\/logo-NB-400.jpg","contentUrl":"https:\/\/www.booksonthemove.fr\/media\/logo-NB-400.jpg","width":400,"height":143,"caption":"Books on the Move"},"image":{"@id":"https:\/\/www.booksonthemove.fr\/#\/schema\/logo\/image\/"},"sameAs":["https:\/\/www.facebook.com\/Librairiebooksonthemove\/"]}]}},"_links":{"self":[{"href":"https:\/\/www.booksonthemove.fr\/en\/wp-json\/wp\/v2\/product\/10755","targetHints":{"allow":["GET"]}}],"collection":[{"href":"https:\/\/www.booksonthemove.fr\/en\/wp-json\/wp\/v2\/product"}],"about":[{"href":"https:\/\/www.booksonthemove.fr\/en\/wp-json\/wp\/v2\/types\/product"}],"wp:featuredmedia":[{"embeddable":true,"href":"https:\/\/www.booksonthemove.fr\/en\/wp-json\/wp\/v2\/media\/10754"}],"wp:attachment":[{"href":"https:\/\/www.booksonthemove.fr\/en\/wp-json\/wp\/v2\/media?parent=10755"}],"wp:term":[{"taxonomy":"product_brand","embeddable":true,"href":"https:\/\/www.booksonthemove.fr\/en\/wp-json\/wp\/v2\/product_brand?post=10755"},{"taxonomy":"product_cat","embeddable":true,"href":"https:\/\/www.booksonthemove.fr\/en\/wp-json\/wp\/v2\/product_cat?post=10755"},{"taxonomy":"product_tag","embeddable":true,"href":"https:\/\/www.booksonthemove.fr\/en\/wp-json\/wp\/v2\/product_tag?post=10755"}],"curies":[{"name":"wp","href":"https:\/\/api.w.org\/{rel}","templated":true}]}}