{"id":10762,"date":"2020-06-22T16:55:18","date_gmt":"2020-06-22T14:55:18","guid":{"rendered":"https:\/\/www.booksonthemove.fr\/produit\/habiter-le-trouble-avec-donna-haraway\/"},"modified":"2026-01-09T17:00:09","modified_gmt":"2026-01-09T16:00:09","slug":"habiter-le-trouble-avec-donna-haraway","status":"publish","type":"product","link":"https:\/\/www.booksonthemove.fr\/en\/produit\/habiter-le-trouble-avec-donna-haraway\/","title":{"rendered":"Habiter le trouble avec Donna Haraway"},"content":{"rendered":"<p>Habiter le trouble, dit Donna Haraway, est une invitation \u00e0 penser, \u00e0 ouvrir de nouvelles possibilit\u00e9s de cohabitation et de continuation, dans des temps de bouleversements \u00e9cologiques et de violences natureculturelles sans pr\u00e9c\u00e9dent. Accompagn\u00e9s de deux entretiens (\u00abLe rire de M\u00e9duse\u00bb et \u00abLa tentation de l\u2019innocence\u00bb), les essais ici r\u00e9unis se pr\u00e9sentent comme autant d\u2019enqu\u00eates avec et \u00e0 partir de Haraway \u2013 dans les domaines de l\u2019anthropologie, de la philosophie, des sciences sociales et de la cr\u00e9ation artistique. Se proposant d\u2019habiter le trouble sur des terrains divers, ces textes portent, chacun \u00e0 leur fa\u00e7on, le t\u00e9moignage d\u2019une rencontre situ\u00e9e avec l\u2019oeuvre de Donna Haraway. Croisant les figures des cyborgs et des esp\u00e8ces compagnes, auxquelles s\u2019ajoutent aujourd\u2019hui les cr\u00e9atures du Chthuluc\u00e8ne, ils proposent de reprendre et de prolonger quelques-uns des motifs majeurs de son travail : le jeu de l\u2019\u00e9criture et des tropes, la fabrication des temps et des histoires, l\u2019importance de vivre en mortels, la puissance des politiques f\u00e9ministes<\/p>\n","protected":false},"excerpt":{"rendered":"<p><strong>Auteur\u00b7e\u00b7s :<\/strong> Texte r\u00e9unis et pr\u00e9sent\u00e9s par Florence Caeymaex, Vinciane Despret et Julien Pieron<br \/>\n<strong>Editeur :<\/strong> \u00c9ditions Dehors (2019)<\/p>\n<p><strong>Broch\u00e9 :<\/strong> 384 pages<br \/>\n<strong>Langue :<\/strong> Fran\u00e7ais<br \/>\n<strong>ISBN13 :<\/strong> 978-2-36751-019-4<\/p>\n","protected":false},"featured_media":33383,"template":"","meta":[],"product_brand":[],"product_cat":[226,281,209,162,169,330,206],"product_tag":[],"class_list":{"0":"post-10762","1":"product","2":"type-product","3":"status-publish","4":"has-post-thumbnail","6":"product_cat-anthologies-en","7":"product_cat-anthropology","8":"product_cat-environment-en","9":"product_cat-french-en","10":"product_cat-interviews-conversations-en","11":"product_cat-non-classe","12":"product_cat-philosophy-aesthetics-en","14":"first","15":"outofstock","16":"taxable","17":"shipping-taxable","18":"purchasable","19":"product-type-simple"},"yoast_head":"<!-- This site is optimized with the Yoast SEO plugin v27.4 - https:\/\/yoast.com\/product\/yoast-seo-wordpress\/ -->\n<title>Habiter le trouble avec Donna Haraway - Books on the Move<\/title>\n<meta name=\"robots\" content=\"index, follow, max-snippet:-1, max-image-preview:large, max-video-preview:-1\" \/>\n<link rel=\"canonical\" href=\"https:\/\/www.booksonthemove.fr\/en\/produit\/habiter-le-trouble-avec-donna-haraway\/\" \/>\n<meta property=\"og:locale\" content=\"en_US\" \/>\n<meta property=\"og:type\" content=\"article\" \/>\n<meta property=\"og:title\" content=\"Habiter le trouble avec Donna Haraway - Books on the Move\" \/>\n<meta property=\"og:description\" content=\"Auteur\u00b7e\u00b7s : Texte r\u00e9unis et pr\u00e9sent\u00e9s par Florence Caeymaex, Vinciane Despret et Julien Pieron Editeur : \u00c9ditions Dehors (2019)  Broch\u00e9 : 384 pages Langue : Fran\u00e7ais ISBN13 : 978-2-36751-019-4\" \/>\n<meta property=\"og:url\" content=\"https:\/\/www.booksonthemove.fr\/en\/produit\/habiter-le-trouble-avec-donna-haraway\/\" \/>\n<meta property=\"og:site_name\" content=\"Books on the Move\" \/>\n<meta property=\"article:publisher\" content=\"https:\/\/www.facebook.com\/Librairiebooksonthemove\/\" \/>\n<meta property=\"article:modified_time\" content=\"2026-01-09T16:00:09+00:00\" \/>\n<meta property=\"og:image\" content=\"https:\/\/www.booksonthemove.fr\/media\/bom_1969.jpeg\" \/>\n\t<meta property=\"og:image:width\" content=\"900\" \/>\n\t<meta property=\"og:image:height\" content=\"1369\" \/>\n\t<meta property=\"og:image:type\" content=\"image\/jpeg\" \/>\n<meta name=\"twitter:card\" content=\"summary_large_image\" \/>\n<script type=\"application\/ld+json\" class=\"yoast-schema-graph\">{\"@context\":\"https:\\\/\\\/schema.org\",\"@graph\":[{\"@type\":\"WebPage\",\"@id\":\"https:\\\/\\\/www.booksonthemove.fr\\\/en\\\/produit\\\/habiter-le-trouble-avec-donna-haraway\\\/\",\"url\":\"https:\\\/\\\/www.booksonthemove.fr\\\/en\\\/produit\\\/habiter-le-trouble-avec-donna-haraway\\\/\",\"name\":\"Habiter le trouble avec Donna Haraway - Books on the Move\",\"isPartOf\":{\"@id\":\"https:\\\/\\\/www.booksonthemove.fr\\\/#website\"},\"primaryImageOfPage\":{\"@id\":\"https:\\\/\\\/www.booksonthemove.fr\\\/en\\\/produit\\\/habiter-le-trouble-avec-donna-haraway\\\/#primaryimage\"},\"image\":{\"@id\":\"https:\\\/\\\/www.booksonthemove.fr\\\/en\\\/produit\\\/habiter-le-trouble-avec-donna-haraway\\\/#primaryimage\"},\"thumbnailUrl\":\"https:\\\/\\\/www.booksonthemove.fr\\\/media\\\/bom_1969.jpeg\",\"datePublished\":\"2020-06-22T14:55:18+00:00\",\"dateModified\":\"2026-01-09T16:00:09+00:00\",\"breadcrumb\":{\"@id\":\"https:\\\/\\\/www.booksonthemove.fr\\\/en\\\/produit\\\/habiter-le-trouble-avec-donna-haraway\\\/#breadcrumb\"},\"inLanguage\":\"en-US\",\"potentialAction\":[{\"@type\":\"ReadAction\",\"target\":[\"https:\\\/\\\/www.booksonthemove.fr\\\/en\\\/produit\\\/habiter-le-trouble-avec-donna-haraway\\\/\"]}]},{\"@type\":\"ImageObject\",\"inLanguage\":\"en-US\",\"@id\":\"https:\\\/\\\/www.booksonthemove.fr\\\/en\\\/produit\\\/habiter-le-trouble-avec-donna-haraway\\\/#primaryimage\",\"url\":\"https:\\\/\\\/www.booksonthemove.fr\\\/media\\\/bom_1969.jpeg\",\"contentUrl\":\"https:\\\/\\\/www.booksonthemove.fr\\\/media\\\/bom_1969.jpeg\",\"width\":900,\"height\":1369},{\"@type\":\"BreadcrumbList\",\"@id\":\"https:\\\/\\\/www.booksonthemove.fr\\\/en\\\/produit\\\/habiter-le-trouble-avec-donna-haraway\\\/#breadcrumb\",\"itemListElement\":[{\"@type\":\"ListItem\",\"position\":1,\"name\":\"Accueil\",\"item\":\"https:\\\/\\\/www.booksonthemove.fr\\\/en\\\/\"},{\"@type\":\"ListItem\",\"position\":2,\"name\":\"online store\",\"item\":\"https:\\\/\\\/www.booksonthemove.fr\\\/en\\\/online-shop\\\/\"},{\"@type\":\"ListItem\",\"position\":3,\"name\":\"Habiter le trouble avec Donna Haraway\"}]},{\"@type\":\"WebSite\",\"@id\":\"https:\\\/\\\/www.booksonthemove.fr\\\/#website\",\"url\":\"https:\\\/\\\/www.booksonthemove.fr\\\/\",\"name\":\"Books on the Move\",\"description\":\"librairie nomade - danse - mouvement - performance\",\"publisher\":{\"@id\":\"https:\\\/\\\/www.booksonthemove.fr\\\/#organization\"},\"potentialAction\":[{\"@type\":\"SearchAction\",\"target\":{\"@type\":\"EntryPoint\",\"urlTemplate\":\"https:\\\/\\\/www.booksonthemove.fr\\\/?s={search_term_string}\"},\"query-input\":{\"@type\":\"PropertyValueSpecification\",\"valueRequired\":true,\"valueName\":\"search_term_string\"}}],\"inLanguage\":\"en-US\"},{\"@type\":\"Organization\",\"@id\":\"https:\\\/\\\/www.booksonthemove.fr\\\/#organization\",\"name\":\"Books on the Move\",\"url\":\"https:\\\/\\\/www.booksonthemove.fr\\\/\",\"logo\":{\"@type\":\"ImageObject\",\"inLanguage\":\"en-US\",\"@id\":\"https:\\\/\\\/www.booksonthemove.fr\\\/#\\\/schema\\\/logo\\\/image\\\/\",\"url\":\"https:\\\/\\\/www.booksonthemove.fr\\\/media\\\/logo-NB-400.jpg\",\"contentUrl\":\"https:\\\/\\\/www.booksonthemove.fr\\\/media\\\/logo-NB-400.jpg\",\"width\":400,\"height\":143,\"caption\":\"Books on the Move\"},\"image\":{\"@id\":\"https:\\\/\\\/www.booksonthemove.fr\\\/#\\\/schema\\\/logo\\\/image\\\/\"},\"sameAs\":[\"https:\\\/\\\/www.facebook.com\\\/Librairiebooksonthemove\\\/\"]}]}<\/script>\n<!-- \/ Yoast SEO plugin. -->","yoast_head_json":{"title":"Habiter le trouble avec Donna Haraway - Books on the Move","robots":{"index":"index","follow":"follow","max-snippet":"max-snippet:-1","max-image-preview":"max-image-preview:large","max-video-preview":"max-video-preview:-1"},"canonical":"https:\/\/www.booksonthemove.fr\/en\/produit\/habiter-le-trouble-avec-donna-haraway\/","og_locale":"en_US","og_type":"article","og_title":"Habiter le trouble avec Donna Haraway - Books on the Move","og_description":"Auteur\u00b7e\u00b7s : Texte r\u00e9unis et pr\u00e9sent\u00e9s par Florence Caeymaex, Vinciane Despret et Julien Pieron Editeur : \u00c9ditions Dehors (2019)  Broch\u00e9 : 384 pages Langue : Fran\u00e7ais ISBN13 : 978-2-36751-019-4","og_url":"https:\/\/www.booksonthemove.fr\/en\/produit\/habiter-le-trouble-avec-donna-haraway\/","og_site_name":"Books on the Move","article_publisher":"https:\/\/www.facebook.com\/Librairiebooksonthemove\/","article_modified_time":"2026-01-09T16:00:09+00:00","og_image":[{"width":900,"height":1369,"url":"https:\/\/www.booksonthemove.fr\/media\/bom_1969.jpeg","type":"image\/jpeg"}],"twitter_card":"summary_large_image","schema":{"@context":"https:\/\/schema.org","@graph":[{"@type":"WebPage","@id":"https:\/\/www.booksonthemove.fr\/en\/produit\/habiter-le-trouble-avec-donna-haraway\/","url":"https:\/\/www.booksonthemove.fr\/en\/produit\/habiter-le-trouble-avec-donna-haraway\/","name":"Habiter le trouble avec Donna Haraway - Books on the Move","isPartOf":{"@id":"https:\/\/www.booksonthemove.fr\/#website"},"primaryImageOfPage":{"@id":"https:\/\/www.booksonthemove.fr\/en\/produit\/habiter-le-trouble-avec-donna-haraway\/#primaryimage"},"image":{"@id":"https:\/\/www.booksonthemove.fr\/en\/produit\/habiter-le-trouble-avec-donna-haraway\/#primaryimage"},"thumbnailUrl":"https:\/\/www.booksonthemove.fr\/media\/bom_1969.jpeg","datePublished":"2020-06-22T14:55:18+00:00","dateModified":"2026-01-09T16:00:09+00:00","breadcrumb":{"@id":"https:\/\/www.booksonthemove.fr\/en\/produit\/habiter-le-trouble-avec-donna-haraway\/#breadcrumb"},"inLanguage":"en-US","potentialAction":[{"@type":"ReadAction","target":["https:\/\/www.booksonthemove.fr\/en\/produit\/habiter-le-trouble-avec-donna-haraway\/"]}]},{"@type":"ImageObject","inLanguage":"en-US","@id":"https:\/\/www.booksonthemove.fr\/en\/produit\/habiter-le-trouble-avec-donna-haraway\/#primaryimage","url":"https:\/\/www.booksonthemove.fr\/media\/bom_1969.jpeg","contentUrl":"https:\/\/www.booksonthemove.fr\/media\/bom_1969.jpeg","width":900,"height":1369},{"@type":"BreadcrumbList","@id":"https:\/\/www.booksonthemove.fr\/en\/produit\/habiter-le-trouble-avec-donna-haraway\/#breadcrumb","itemListElement":[{"@type":"ListItem","position":1,"name":"Accueil","item":"https:\/\/www.booksonthemove.fr\/en\/"},{"@type":"ListItem","position":2,"name":"online store","item":"https:\/\/www.booksonthemove.fr\/en\/online-shop\/"},{"@type":"ListItem","position":3,"name":"Habiter le trouble avec Donna Haraway"}]},{"@type":"WebSite","@id":"https:\/\/www.booksonthemove.fr\/#website","url":"https:\/\/www.booksonthemove.fr\/","name":"Books on the Move","description":"librairie nomade - danse - mouvement - performance","publisher":{"@id":"https:\/\/www.booksonthemove.fr\/#organization"},"potentialAction":[{"@type":"SearchAction","target":{"@type":"EntryPoint","urlTemplate":"https:\/\/www.booksonthemove.fr\/?s={search_term_string}"},"query-input":{"@type":"PropertyValueSpecification","valueRequired":true,"valueName":"search_term_string"}}],"inLanguage":"en-US"},{"@type":"Organization","@id":"https:\/\/www.booksonthemove.fr\/#organization","name":"Books on the Move","url":"https:\/\/www.booksonthemove.fr\/","logo":{"@type":"ImageObject","inLanguage":"en-US","@id":"https:\/\/www.booksonthemove.fr\/#\/schema\/logo\/image\/","url":"https:\/\/www.booksonthemove.fr\/media\/logo-NB-400.jpg","contentUrl":"https:\/\/www.booksonthemove.fr\/media\/logo-NB-400.jpg","width":400,"height":143,"caption":"Books on the Move"},"image":{"@id":"https:\/\/www.booksonthemove.fr\/#\/schema\/logo\/image\/"},"sameAs":["https:\/\/www.facebook.com\/Librairiebooksonthemove\/"]}]}},"_links":{"self":[{"href":"https:\/\/www.booksonthemove.fr\/en\/wp-json\/wp\/v2\/product\/10762","targetHints":{"allow":["GET"]}}],"collection":[{"href":"https:\/\/www.booksonthemove.fr\/en\/wp-json\/wp\/v2\/product"}],"about":[{"href":"https:\/\/www.booksonthemove.fr\/en\/wp-json\/wp\/v2\/types\/product"}],"wp:featuredmedia":[{"embeddable":true,"href":"https:\/\/www.booksonthemove.fr\/en\/wp-json\/wp\/v2\/media\/33383"}],"wp:attachment":[{"href":"https:\/\/www.booksonthemove.fr\/en\/wp-json\/wp\/v2\/media?parent=10762"}],"wp:term":[{"taxonomy":"product_brand","embeddable":true,"href":"https:\/\/www.booksonthemove.fr\/en\/wp-json\/wp\/v2\/product_brand?post=10762"},{"taxonomy":"product_cat","embeddable":true,"href":"https:\/\/www.booksonthemove.fr\/en\/wp-json\/wp\/v2\/product_cat?post=10762"},{"taxonomy":"product_tag","embeddable":true,"href":"https:\/\/www.booksonthemove.fr\/en\/wp-json\/wp\/v2\/product_tag?post=10762"}],"curies":[{"name":"wp","href":"https:\/\/api.w.org\/{rel}","templated":true}]}}