{"id":10986,"date":"2019-12-29T19:30:54","date_gmt":"2019-12-29T18:30:54","guid":{"rendered":"https:\/\/www.booksonthemove.fr\/produit\/philosophie-de-la-danse\/"},"modified":"2026-03-18T22:45:01","modified_gmt":"2026-03-18T21:45:01","slug":"philosophie-de-la-danse","status":"publish","type":"product","link":"https:\/\/www.booksonthemove.fr\/en\/produit\/philosophie-de-la-danse\/","title":{"rendered":"Philosophie de la danse"},"content":{"rendered":"<p class=\"bodytext\">Oui, ce corps dansant semble ignorer le reste, ne rien savoir de tout ce qui l&#8217;environne. On dirait qu&#8217;il s\u2019\u00e9coute et n&#8217;\u00e9coute que soi ; on dirait qu&#8217;il ne voit rien, et que les yeux qu&#8217;il porte ne sont que des joyaux, de ces bijoux inconnus dont parle Baudelaire, des lueurs qui ne lui servent de rien.<\/p>\n<p class=\"bodytext\">C&#8217;est donc bien que la danseuse est dans un autre monde, qui n&#8217;est plus celui qui se peint de nos regards, mais celui qu&#8217;elle tisse de ses pas et construit de ses gestes. Mais, dans ce monde-l\u00e0, il n&#8217;y a point de but ext\u00e9rieur aux actes\u2009; il n&#8217;y a pas d\u2019objet \u00e0 saisir, \u00e0 rejoindre ou \u00e0 repousser ou \u00e0 fuir, un objet qui termine exactement une action et donne aux mouvements, d&#8217;abord, une direction et une coordination ext\u00e9rieures, et ensuite une conclusion nette et certaine.<\/p>\n<p class=\"bodytext\">Un r\u00e9flexion passionn\u00e9e et passionnante qui ravira les break dancers, les valseurs du dimanche, les amateurs de tango musette, de cucaracha, de bourr\u00e9e bretonne, de boogie woogie, les couturiers de la fisel, les noctambules de la zumba ou de la tecktonik, mais aussi ceux qui ne dansent pas, qui n&#8217;aiment pas danser, les ind\u00e9collables de la tapisserie comme les amateurs de philosophie. Se d\u00e9tachant de l&#8217;utile, la danse est une action po\u00e9tique. L&#8217;homme a d\u00e9couvert le plaisir pris dans le rythme, dans l&#8217;enivrement des sens jusqu&#8217;\u00e0 \u00e9puisement. L&#8217;oralit\u00e9 du conf\u00e9rencier donne \u00e0 ce bref texte \u00e9nergique l&#8217;ivresse du mouvement sans fin. Observez le ballet des doigts du pianiste, le mouvement de la toupie, tout est danse. Une po\u00e9sie de l&#8217;arbitraire que Paul Val\u00e9ry nous fait sentir avec sa sensibilit\u00e9 particuli\u00e8re. On assiste en acte autant \u00e0 une philosophie de la danse qu&#8217;\u00e0 une danse de la philosophie.<\/p>\n","protected":false},"excerpt":{"rendered":"<p>Auteur: Paul Val\u00e9ry<br \/>\nEditeur: \u00c9ditions Allia (2024)<\/p>\n<p>Broch\u00e9: 48 pages<br \/>\nLangue: Fran\u00e7ais<br \/>\nISBN13: 978-2-84485-946-4<\/p>\n","protected":false},"featured_media":45271,"template":"","meta":[],"product_brand":[],"product_cat":[146,162,206],"product_tag":[],"class_list":{"0":"post-10986","1":"product","2":"type-product","3":"status-publish","4":"has-post-thumbnail","6":"product_cat-theoretical-texts-en","7":"product_cat-french-en","8":"product_cat-philosophy-aesthetics-en","10":"first","11":"onbackorder","12":"taxable","13":"shipping-taxable","14":"purchasable","15":"product-type-simple"},"yoast_head":"<!-- This site is optimized with the Yoast SEO plugin v27.5 - https:\/\/yoast.com\/product\/yoast-seo-wordpress\/ -->\n<title>Philosophie de la danse - Books on the Move<\/title>\n<meta name=\"robots\" content=\"index, follow, max-snippet:-1, max-image-preview:large, max-video-preview:-1\" \/>\n<link rel=\"canonical\" href=\"https:\/\/www.booksonthemove.fr\/en\/produit\/philosophie-de-la-danse\/\" \/>\n<meta property=\"og:locale\" content=\"en_US\" \/>\n<meta property=\"og:type\" content=\"article\" \/>\n<meta property=\"og:title\" content=\"Philosophie de la danse - Books on the Move\" \/>\n<meta property=\"og:description\" content=\"Auteur: Paul Val\u00e9ry Editeur: \u00c9ditions Allia (2024)  Broch\u00e9: 48 pages Langue: Fran\u00e7ais ISBN13: 978-2-84485-946-4\" \/>\n<meta property=\"og:url\" content=\"https:\/\/www.booksonthemove.fr\/en\/produit\/philosophie-de-la-danse\/\" \/>\n<meta property=\"og:site_name\" content=\"Books on the Move\" \/>\n<meta property=\"article:publisher\" content=\"https:\/\/www.facebook.com\/Librairiebooksonthemove\/\" \/>\n<meta property=\"article:modified_time\" content=\"2026-03-18T21:45:01+00:00\" \/>\n<meta property=\"og:image\" content=\"https:\/\/www.booksonthemove.fr\/media\/bom_1985.jpeg\" \/>\n\t<meta property=\"og:image:width\" content=\"578\" \/>\n\t<meta property=\"og:image:height\" content=\"900\" \/>\n\t<meta property=\"og:image:type\" content=\"image\/jpeg\" \/>\n<meta name=\"twitter:card\" content=\"summary_large_image\" \/>\n<script type=\"application\/ld+json\" class=\"yoast-schema-graph\">{\"@context\":\"https:\\\/\\\/schema.org\",\"@graph\":[{\"@type\":\"WebPage\",\"@id\":\"https:\\\/\\\/www.booksonthemove.fr\\\/en\\\/produit\\\/philosophie-de-la-danse\\\/\",\"url\":\"https:\\\/\\\/www.booksonthemove.fr\\\/en\\\/produit\\\/philosophie-de-la-danse\\\/\",\"name\":\"Philosophie de la danse - Books on the Move\",\"isPartOf\":{\"@id\":\"https:\\\/\\\/www.booksonthemove.fr\\\/#website\"},\"primaryImageOfPage\":{\"@id\":\"https:\\\/\\\/www.booksonthemove.fr\\\/en\\\/produit\\\/philosophie-de-la-danse\\\/#primaryimage\"},\"image\":{\"@id\":\"https:\\\/\\\/www.booksonthemove.fr\\\/en\\\/produit\\\/philosophie-de-la-danse\\\/#primaryimage\"},\"thumbnailUrl\":\"https:\\\/\\\/www.booksonthemove.fr\\\/media\\\/bom_1985.jpeg\",\"datePublished\":\"2019-12-29T18:30:54+00:00\",\"dateModified\":\"2026-03-18T21:45:01+00:00\",\"breadcrumb\":{\"@id\":\"https:\\\/\\\/www.booksonthemove.fr\\\/en\\\/produit\\\/philosophie-de-la-danse\\\/#breadcrumb\"},\"inLanguage\":\"en-US\",\"potentialAction\":[{\"@type\":\"ReadAction\",\"target\":[\"https:\\\/\\\/www.booksonthemove.fr\\\/en\\\/produit\\\/philosophie-de-la-danse\\\/\"]}]},{\"@type\":\"ImageObject\",\"inLanguage\":\"en-US\",\"@id\":\"https:\\\/\\\/www.booksonthemove.fr\\\/en\\\/produit\\\/philosophie-de-la-danse\\\/#primaryimage\",\"url\":\"https:\\\/\\\/www.booksonthemove.fr\\\/media\\\/bom_1985.jpeg\",\"contentUrl\":\"https:\\\/\\\/www.booksonthemove.fr\\\/media\\\/bom_1985.jpeg\",\"width\":578,\"height\":900},{\"@type\":\"BreadcrumbList\",\"@id\":\"https:\\\/\\\/www.booksonthemove.fr\\\/en\\\/produit\\\/philosophie-de-la-danse\\\/#breadcrumb\",\"itemListElement\":[{\"@type\":\"ListItem\",\"position\":1,\"name\":\"Accueil\",\"item\":\"https:\\\/\\\/www.booksonthemove.fr\\\/en\\\/\"},{\"@type\":\"ListItem\",\"position\":2,\"name\":\"online store\",\"item\":\"https:\\\/\\\/www.booksonthemove.fr\\\/en\\\/online-shop\\\/\"},{\"@type\":\"ListItem\",\"position\":3,\"name\":\"Philosophie de la danse\"}]},{\"@type\":\"WebSite\",\"@id\":\"https:\\\/\\\/www.booksonthemove.fr\\\/#website\",\"url\":\"https:\\\/\\\/www.booksonthemove.fr\\\/\",\"name\":\"Books on the Move\",\"description\":\"librairie nomade - danse - mouvement - performance\",\"publisher\":{\"@id\":\"https:\\\/\\\/www.booksonthemove.fr\\\/#organization\"},\"potentialAction\":[{\"@type\":\"SearchAction\",\"target\":{\"@type\":\"EntryPoint\",\"urlTemplate\":\"https:\\\/\\\/www.booksonthemove.fr\\\/?s={search_term_string}\"},\"query-input\":{\"@type\":\"PropertyValueSpecification\",\"valueRequired\":true,\"valueName\":\"search_term_string\"}}],\"inLanguage\":\"en-US\"},{\"@type\":\"Organization\",\"@id\":\"https:\\\/\\\/www.booksonthemove.fr\\\/#organization\",\"name\":\"Books on the Move\",\"url\":\"https:\\\/\\\/www.booksonthemove.fr\\\/\",\"logo\":{\"@type\":\"ImageObject\",\"inLanguage\":\"en-US\",\"@id\":\"https:\\\/\\\/www.booksonthemove.fr\\\/#\\\/schema\\\/logo\\\/image\\\/\",\"url\":\"https:\\\/\\\/www.booksonthemove.fr\\\/media\\\/logo-NB-400.jpg\",\"contentUrl\":\"https:\\\/\\\/www.booksonthemove.fr\\\/media\\\/logo-NB-400.jpg\",\"width\":400,\"height\":143,\"caption\":\"Books on the Move\"},\"image\":{\"@id\":\"https:\\\/\\\/www.booksonthemove.fr\\\/#\\\/schema\\\/logo\\\/image\\\/\"},\"sameAs\":[\"https:\\\/\\\/www.facebook.com\\\/Librairiebooksonthemove\\\/\"]}]}<\/script>\n<!-- \/ Yoast SEO plugin. -->","yoast_head_json":{"title":"Philosophie de la danse - Books on the Move","robots":{"index":"index","follow":"follow","max-snippet":"max-snippet:-1","max-image-preview":"max-image-preview:large","max-video-preview":"max-video-preview:-1"},"canonical":"https:\/\/www.booksonthemove.fr\/en\/produit\/philosophie-de-la-danse\/","og_locale":"en_US","og_type":"article","og_title":"Philosophie de la danse - Books on the Move","og_description":"Auteur: Paul Val\u00e9ry Editeur: \u00c9ditions Allia (2024)  Broch\u00e9: 48 pages Langue: Fran\u00e7ais ISBN13: 978-2-84485-946-4","og_url":"https:\/\/www.booksonthemove.fr\/en\/produit\/philosophie-de-la-danse\/","og_site_name":"Books on the Move","article_publisher":"https:\/\/www.facebook.com\/Librairiebooksonthemove\/","article_modified_time":"2026-03-18T21:45:01+00:00","og_image":[{"width":578,"height":900,"url":"https:\/\/www.booksonthemove.fr\/media\/bom_1985.jpeg","type":"image\/jpeg"}],"twitter_card":"summary_large_image","schema":{"@context":"https:\/\/schema.org","@graph":[{"@type":"WebPage","@id":"https:\/\/www.booksonthemove.fr\/en\/produit\/philosophie-de-la-danse\/","url":"https:\/\/www.booksonthemove.fr\/en\/produit\/philosophie-de-la-danse\/","name":"Philosophie de la danse - Books on the Move","isPartOf":{"@id":"https:\/\/www.booksonthemove.fr\/#website"},"primaryImageOfPage":{"@id":"https:\/\/www.booksonthemove.fr\/en\/produit\/philosophie-de-la-danse\/#primaryimage"},"image":{"@id":"https:\/\/www.booksonthemove.fr\/en\/produit\/philosophie-de-la-danse\/#primaryimage"},"thumbnailUrl":"https:\/\/www.booksonthemove.fr\/media\/bom_1985.jpeg","datePublished":"2019-12-29T18:30:54+00:00","dateModified":"2026-03-18T21:45:01+00:00","breadcrumb":{"@id":"https:\/\/www.booksonthemove.fr\/en\/produit\/philosophie-de-la-danse\/#breadcrumb"},"inLanguage":"en-US","potentialAction":[{"@type":"ReadAction","target":["https:\/\/www.booksonthemove.fr\/en\/produit\/philosophie-de-la-danse\/"]}]},{"@type":"ImageObject","inLanguage":"en-US","@id":"https:\/\/www.booksonthemove.fr\/en\/produit\/philosophie-de-la-danse\/#primaryimage","url":"https:\/\/www.booksonthemove.fr\/media\/bom_1985.jpeg","contentUrl":"https:\/\/www.booksonthemove.fr\/media\/bom_1985.jpeg","width":578,"height":900},{"@type":"BreadcrumbList","@id":"https:\/\/www.booksonthemove.fr\/en\/produit\/philosophie-de-la-danse\/#breadcrumb","itemListElement":[{"@type":"ListItem","position":1,"name":"Accueil","item":"https:\/\/www.booksonthemove.fr\/en\/"},{"@type":"ListItem","position":2,"name":"online store","item":"https:\/\/www.booksonthemove.fr\/en\/online-shop\/"},{"@type":"ListItem","position":3,"name":"Philosophie de la danse"}]},{"@type":"WebSite","@id":"https:\/\/www.booksonthemove.fr\/#website","url":"https:\/\/www.booksonthemove.fr\/","name":"Books on the Move","description":"librairie nomade - danse - mouvement - performance","publisher":{"@id":"https:\/\/www.booksonthemove.fr\/#organization"},"potentialAction":[{"@type":"SearchAction","target":{"@type":"EntryPoint","urlTemplate":"https:\/\/www.booksonthemove.fr\/?s={search_term_string}"},"query-input":{"@type":"PropertyValueSpecification","valueRequired":true,"valueName":"search_term_string"}}],"inLanguage":"en-US"},{"@type":"Organization","@id":"https:\/\/www.booksonthemove.fr\/#organization","name":"Books on the Move","url":"https:\/\/www.booksonthemove.fr\/","logo":{"@type":"ImageObject","inLanguage":"en-US","@id":"https:\/\/www.booksonthemove.fr\/#\/schema\/logo\/image\/","url":"https:\/\/www.booksonthemove.fr\/media\/logo-NB-400.jpg","contentUrl":"https:\/\/www.booksonthemove.fr\/media\/logo-NB-400.jpg","width":400,"height":143,"caption":"Books on the Move"},"image":{"@id":"https:\/\/www.booksonthemove.fr\/#\/schema\/logo\/image\/"},"sameAs":["https:\/\/www.facebook.com\/Librairiebooksonthemove\/"]}]}},"_links":{"self":[{"href":"https:\/\/www.booksonthemove.fr\/en\/wp-json\/wp\/v2\/product\/10986","targetHints":{"allow":["GET"]}}],"collection":[{"href":"https:\/\/www.booksonthemove.fr\/en\/wp-json\/wp\/v2\/product"}],"about":[{"href":"https:\/\/www.booksonthemove.fr\/en\/wp-json\/wp\/v2\/types\/product"}],"wp:featuredmedia":[{"embeddable":true,"href":"https:\/\/www.booksonthemove.fr\/en\/wp-json\/wp\/v2\/media\/45271"}],"wp:attachment":[{"href":"https:\/\/www.booksonthemove.fr\/en\/wp-json\/wp\/v2\/media?parent=10986"}],"wp:term":[{"taxonomy":"product_brand","embeddable":true,"href":"https:\/\/www.booksonthemove.fr\/en\/wp-json\/wp\/v2\/product_brand?post=10986"},{"taxonomy":"product_cat","embeddable":true,"href":"https:\/\/www.booksonthemove.fr\/en\/wp-json\/wp\/v2\/product_cat?post=10986"},{"taxonomy":"product_tag","embeddable":true,"href":"https:\/\/www.booksonthemove.fr\/en\/wp-json\/wp\/v2\/product_tag?post=10986"}],"curies":[{"name":"wp","href":"https:\/\/api.w.org\/{rel}","templated":true}]}}