{"id":11012,"date":"2019-12-30T08:14:20","date_gmt":"2019-12-30T07:14:20","guid":{"rendered":"https:\/\/www.booksonthemove.fr\/produit\/reperes-cahier-de-danse-n41\/"},"modified":"2020-12-22T17:35:10","modified_gmt":"2020-12-22T16:35:10","slug":"reperes-cahier-de-danse-n41","status":"publish","type":"product","link":"https:\/\/www.booksonthemove.fr\/en\/produit\/reperes-cahier-de-danse-n41\/","title":{"rendered":"Rep\u00e8res, cahier de danse n\u00b041"},"content":{"rendered":"<p class=\"bodytext\">\u00ab Depuis sa premi\u00e8re apparition dans l\u2019Hexagone au d\u00e9but du XXe si\u00e8cle, la danse japonaise fascine le public fran\u00e7ais et elle assume une visibilit\u00e9 importante dans la toile culturelle du pays \u00e0 divers moments de son histoire. Fort pr\u00e9sentes aujourd\u2019hui, sous des formes extr\u00eamement vari\u00e9es &#8211; de l\u2019int\u00e9r\u00eat marqu\u00e9 pour les artistes issus des arts traditionnels (N\u00f4, Kabuki, c\u00e9r\u00e9monies&#8230;) au soutien que re\u00e7oit le but\u00f4, en passant par l\u2019accueil de Sabur\u00f4 Teshigawara \u00e0 l\u2019Op\u00e9ra de Paris &#8211; les propositions de danses japonaises en France sont vari\u00e9es. \u00c9tudier ce ph\u00e9nom\u00e8ne pose ainsi des questions fondamentales concernant les fronti\u00e8res et les classifications en danse. Faut-il privil\u00e9gier la g\u00e9ographie dans l\u2019analyse de la r\u00e9ception des gestes ? Comment peut-on \u00e9viter de s\u2019enfermer au sein de cat\u00e9gories nationales sans pourtant ignorer l\u2019impact des rencontres avec les artistes japonais, dont t\u00e9moigne r\u00e9guli\u00e8rement le public fran\u00e7ais ?<\/p>\n<p class=\"bodytext\">Dans son livre Le but\u00f4 en France : Malentendus et fascination, Sylviane Pag\u00e8s souligne la n\u00e9cessit\u00e9 d\u2019une pens\u00e9e non-lin\u00e9aire afin d\u2019aborder ces questions de transmission et propose d\u2019abandonner la notion traditionnelle de l\u2019influence. Ce terme, pr\u00e9cise-t-elle, n\u00e9glige des dimensions complexes des gestes qui ne se limitent pas \u00e0 un seul h\u00e9ritage ou \u00e0 une chronologie continue.<\/p>\n<p class=\"bodytext\">Ce num\u00e9ro explore l\u2019histoire de la danse japonaise en France comme une constellation, une s\u00e9rie de rencontres et de croisements, tous styles et \u00e9poques confondus. En effet, cette mati\u00e8re ne peut \u00eatre r\u00e9duite \u00e0 un simple \u00e9change binaire entre deux pays ou au contraste de deux cultures &#8211; elle reste extr\u00eamement pluraliste. Depuis l\u2019implication de l\u2019am\u00e9ricaine Lo\u00efe Fuller dans la promotion d\u2019une certaine image du spectacle japonais en France, de nombreux partenariats, lieux d\u2019accueil, croisements artistiques et techniques, ainsi que des projets d\u2019\u00e9changes continuent d\u2019\u00e9voluer en lien avec les danses japonaises sur les sc\u00e8nes fran\u00e7aises. Nous esp\u00e9rons que les textes de ce num\u00e9ro serviront en tant que point de d\u00e9part afin d\u2019encourager de futures explorations de cette histoire riche et multiforme.<\/p>\n<p class=\"bodytext\">\n<p class=\"bodytext\">SOMMAIRE<\/p>\n<p class=\"bodytext\">p. 7 &#8211; Aux origines de la pr\u00e9sence japonaise dans la danse en France, de Sylvain Kodama<\/p>\n<p class=\"bodytext\">p. 10 &#8211; Sc\u00e8nes de France, danses japonaises, de L\u00e9a Poir\u00e9<\/p>\n<p class=\"bodytext\">p. 15 &#8211; La r\u00e9ception du but\u00f4 en France &#8211; entretien avec Sylviane Pag\u00e8s<\/p>\n<p class=\"bodytext\">p. 19 &#8211; Nihon-buy\u00f4 (danse kabuki) en France : quelle corpor\u00e9it\u00e9 et quel avenir? de Aya Sekoguchi<\/p>\n<p class=\"bodytext\">p. 25 &#8211; Favoriser les \u00e9changes culturels et interdisciplinaires &#8211; entretien avec Sumiko O\u00e9-Gottini<\/p>\n<p class=\"bodytext\">p. 29 &#8211; Laur\u00e9ate de la Villa Kujoyama &#8211; entretien avec Myl\u00e8ne Beno\u00eet<\/p>\n<p class=\"bodytext\">p. 31 &#8211; Pour approfondir<\/p>\n<p class=\"bodytext\">Livres &#8211; Autres textes et ressources &#8211; Index d\u2019artistes<\/p>\n","protected":false},"excerpt":{"rendered":"<p>Directeur de publication: Daniel Favier<br \/>\nEditeur: Centre de d\u00e9veloppement chor\u00e9graphique\/biennale de danse du Val-de-Marne (avril 2018)<\/p>\n<p>Broch\u00e9: 32 pages<br \/>\nLangue: Fran\u00e7ais<br \/>\nISBN: 978-1-234-567897<\/p>\n","protected":false},"featured_media":11011,"template":"","meta":[],"product_brand":[],"product_cat":[312,162,273,211],"product_tag":[],"class_list":{"0":"post-11012","1":"product","2":"type-product","3":"status-publish","4":"has-post-thumbnail","6":"product_cat-buto-en","7":"product_cat-french-en","8":"product_cat-japan","9":"product_cat-magazines-en","11":"first","12":"instock","13":"taxable","14":"shipping-taxable","15":"purchasable","16":"product-type-simple"},"yoast_head":"<!-- This site is optimized with the Yoast SEO plugin v27.4 - https:\/\/yoast.com\/product\/yoast-seo-wordpress\/ -->\n<title>Rep\u00e8res, cahier de danse n\u00b041 - Books on the Move<\/title>\n<meta name=\"robots\" content=\"index, follow, max-snippet:-1, max-image-preview:large, max-video-preview:-1\" \/>\n<link rel=\"canonical\" href=\"https:\/\/www.booksonthemove.fr\/en\/produit\/reperes-cahier-de-danse-n41\/\" \/>\n<meta property=\"og:locale\" content=\"en_US\" \/>\n<meta property=\"og:type\" content=\"article\" \/>\n<meta property=\"og:title\" content=\"Rep\u00e8res, cahier de danse n\u00b041 - Books on the Move\" \/>\n<meta property=\"og:description\" content=\"Directeur de publication: Daniel Favier Editeur: Centre de d\u00e9veloppement chor\u00e9graphique\/biennale de danse du Val-de-Marne (avril 2018)  Broch\u00e9: 32 pages Langue: Fran\u00e7ais ISBN: 978-1-234-567897\" \/>\n<meta property=\"og:url\" content=\"https:\/\/www.booksonthemove.fr\/en\/produit\/reperes-cahier-de-danse-n41\/\" \/>\n<meta property=\"og:site_name\" content=\"Books on the Move\" \/>\n<meta property=\"article:publisher\" content=\"https:\/\/www.facebook.com\/Librairiebooksonthemove\/\" \/>\n<meta property=\"article:modified_time\" content=\"2020-12-22T16:35:10+00:00\" \/>\n<meta property=\"og:image\" content=\"https:\/\/www.booksonthemove.fr\/media\/bom_1786_reduced_01.jpeg\" \/>\n\t<meta property=\"og:image:width\" content=\"450\" \/>\n\t<meta property=\"og:image:height\" content=\"648\" \/>\n\t<meta property=\"og:image:type\" content=\"image\/jpeg\" \/>\n<meta name=\"twitter:card\" content=\"summary_large_image\" \/>\n<script type=\"application\/ld+json\" class=\"yoast-schema-graph\">{\"@context\":\"https:\\\/\\\/schema.org\",\"@graph\":[{\"@type\":\"WebPage\",\"@id\":\"https:\\\/\\\/www.booksonthemove.fr\\\/en\\\/produit\\\/reperes-cahier-de-danse-n41\\\/\",\"url\":\"https:\\\/\\\/www.booksonthemove.fr\\\/en\\\/produit\\\/reperes-cahier-de-danse-n41\\\/\",\"name\":\"Rep\u00e8res, cahier de danse n\u00b041 - Books on the Move\",\"isPartOf\":{\"@id\":\"https:\\\/\\\/www.booksonthemove.fr\\\/#website\"},\"primaryImageOfPage\":{\"@id\":\"https:\\\/\\\/www.booksonthemove.fr\\\/en\\\/produit\\\/reperes-cahier-de-danse-n41\\\/#primaryimage\"},\"image\":{\"@id\":\"https:\\\/\\\/www.booksonthemove.fr\\\/en\\\/produit\\\/reperes-cahier-de-danse-n41\\\/#primaryimage\"},\"thumbnailUrl\":\"https:\\\/\\\/www.booksonthemove.fr\\\/media\\\/bom_1786_reduced_01.jpeg\",\"datePublished\":\"2019-12-30T07:14:20+00:00\",\"dateModified\":\"2020-12-22T16:35:10+00:00\",\"breadcrumb\":{\"@id\":\"https:\\\/\\\/www.booksonthemove.fr\\\/en\\\/produit\\\/reperes-cahier-de-danse-n41\\\/#breadcrumb\"},\"inLanguage\":\"en-US\",\"potentialAction\":[{\"@type\":\"ReadAction\",\"target\":[\"https:\\\/\\\/www.booksonthemove.fr\\\/en\\\/produit\\\/reperes-cahier-de-danse-n41\\\/\"]}]},{\"@type\":\"ImageObject\",\"inLanguage\":\"en-US\",\"@id\":\"https:\\\/\\\/www.booksonthemove.fr\\\/en\\\/produit\\\/reperes-cahier-de-danse-n41\\\/#primaryimage\",\"url\":\"https:\\\/\\\/www.booksonthemove.fr\\\/media\\\/bom_1786_reduced_01.jpeg\",\"contentUrl\":\"https:\\\/\\\/www.booksonthemove.fr\\\/media\\\/bom_1786_reduced_01.jpeg\",\"width\":450,\"height\":648},{\"@type\":\"BreadcrumbList\",\"@id\":\"https:\\\/\\\/www.booksonthemove.fr\\\/en\\\/produit\\\/reperes-cahier-de-danse-n41\\\/#breadcrumb\",\"itemListElement\":[{\"@type\":\"ListItem\",\"position\":1,\"name\":\"Accueil\",\"item\":\"https:\\\/\\\/www.booksonthemove.fr\\\/en\\\/\"},{\"@type\":\"ListItem\",\"position\":2,\"name\":\"online store\",\"item\":\"https:\\\/\\\/www.booksonthemove.fr\\\/en\\\/online-shop\\\/\"},{\"@type\":\"ListItem\",\"position\":3,\"name\":\"Rep\u00e8res, cahier de danse n\u00b041\"}]},{\"@type\":\"WebSite\",\"@id\":\"https:\\\/\\\/www.booksonthemove.fr\\\/#website\",\"url\":\"https:\\\/\\\/www.booksonthemove.fr\\\/\",\"name\":\"Books on the Move\",\"description\":\"librairie nomade - danse - mouvement - performance\",\"publisher\":{\"@id\":\"https:\\\/\\\/www.booksonthemove.fr\\\/#organization\"},\"potentialAction\":[{\"@type\":\"SearchAction\",\"target\":{\"@type\":\"EntryPoint\",\"urlTemplate\":\"https:\\\/\\\/www.booksonthemove.fr\\\/?s={search_term_string}\"},\"query-input\":{\"@type\":\"PropertyValueSpecification\",\"valueRequired\":true,\"valueName\":\"search_term_string\"}}],\"inLanguage\":\"en-US\"},{\"@type\":\"Organization\",\"@id\":\"https:\\\/\\\/www.booksonthemove.fr\\\/#organization\",\"name\":\"Books on the Move\",\"url\":\"https:\\\/\\\/www.booksonthemove.fr\\\/\",\"logo\":{\"@type\":\"ImageObject\",\"inLanguage\":\"en-US\",\"@id\":\"https:\\\/\\\/www.booksonthemove.fr\\\/#\\\/schema\\\/logo\\\/image\\\/\",\"url\":\"https:\\\/\\\/www.booksonthemove.fr\\\/media\\\/logo-NB-400.jpg\",\"contentUrl\":\"https:\\\/\\\/www.booksonthemove.fr\\\/media\\\/logo-NB-400.jpg\",\"width\":400,\"height\":143,\"caption\":\"Books on the Move\"},\"image\":{\"@id\":\"https:\\\/\\\/www.booksonthemove.fr\\\/#\\\/schema\\\/logo\\\/image\\\/\"},\"sameAs\":[\"https:\\\/\\\/www.facebook.com\\\/Librairiebooksonthemove\\\/\"]}]}<\/script>\n<!-- \/ Yoast SEO plugin. -->","yoast_head_json":{"title":"Rep\u00e8res, cahier de danse n\u00b041 - Books on the Move","robots":{"index":"index","follow":"follow","max-snippet":"max-snippet:-1","max-image-preview":"max-image-preview:large","max-video-preview":"max-video-preview:-1"},"canonical":"https:\/\/www.booksonthemove.fr\/en\/produit\/reperes-cahier-de-danse-n41\/","og_locale":"en_US","og_type":"article","og_title":"Rep\u00e8res, cahier de danse n\u00b041 - Books on the Move","og_description":"Directeur de publication: Daniel Favier Editeur: Centre de d\u00e9veloppement chor\u00e9graphique\/biennale de danse du Val-de-Marne (avril 2018)  Broch\u00e9: 32 pages Langue: Fran\u00e7ais ISBN: 978-1-234-567897","og_url":"https:\/\/www.booksonthemove.fr\/en\/produit\/reperes-cahier-de-danse-n41\/","og_site_name":"Books on the Move","article_publisher":"https:\/\/www.facebook.com\/Librairiebooksonthemove\/","article_modified_time":"2020-12-22T16:35:10+00:00","og_image":[{"width":450,"height":648,"url":"https:\/\/www.booksonthemove.fr\/media\/bom_1786_reduced_01.jpeg","type":"image\/jpeg"}],"twitter_card":"summary_large_image","schema":{"@context":"https:\/\/schema.org","@graph":[{"@type":"WebPage","@id":"https:\/\/www.booksonthemove.fr\/en\/produit\/reperes-cahier-de-danse-n41\/","url":"https:\/\/www.booksonthemove.fr\/en\/produit\/reperes-cahier-de-danse-n41\/","name":"Rep\u00e8res, cahier de danse n\u00b041 - Books on the Move","isPartOf":{"@id":"https:\/\/www.booksonthemove.fr\/#website"},"primaryImageOfPage":{"@id":"https:\/\/www.booksonthemove.fr\/en\/produit\/reperes-cahier-de-danse-n41\/#primaryimage"},"image":{"@id":"https:\/\/www.booksonthemove.fr\/en\/produit\/reperes-cahier-de-danse-n41\/#primaryimage"},"thumbnailUrl":"https:\/\/www.booksonthemove.fr\/media\/bom_1786_reduced_01.jpeg","datePublished":"2019-12-30T07:14:20+00:00","dateModified":"2020-12-22T16:35:10+00:00","breadcrumb":{"@id":"https:\/\/www.booksonthemove.fr\/en\/produit\/reperes-cahier-de-danse-n41\/#breadcrumb"},"inLanguage":"en-US","potentialAction":[{"@type":"ReadAction","target":["https:\/\/www.booksonthemove.fr\/en\/produit\/reperes-cahier-de-danse-n41\/"]}]},{"@type":"ImageObject","inLanguage":"en-US","@id":"https:\/\/www.booksonthemove.fr\/en\/produit\/reperes-cahier-de-danse-n41\/#primaryimage","url":"https:\/\/www.booksonthemove.fr\/media\/bom_1786_reduced_01.jpeg","contentUrl":"https:\/\/www.booksonthemove.fr\/media\/bom_1786_reduced_01.jpeg","width":450,"height":648},{"@type":"BreadcrumbList","@id":"https:\/\/www.booksonthemove.fr\/en\/produit\/reperes-cahier-de-danse-n41\/#breadcrumb","itemListElement":[{"@type":"ListItem","position":1,"name":"Accueil","item":"https:\/\/www.booksonthemove.fr\/en\/"},{"@type":"ListItem","position":2,"name":"online store","item":"https:\/\/www.booksonthemove.fr\/en\/online-shop\/"},{"@type":"ListItem","position":3,"name":"Rep\u00e8res, cahier de danse n\u00b041"}]},{"@type":"WebSite","@id":"https:\/\/www.booksonthemove.fr\/#website","url":"https:\/\/www.booksonthemove.fr\/","name":"Books on the Move","description":"librairie nomade - danse - mouvement - performance","publisher":{"@id":"https:\/\/www.booksonthemove.fr\/#organization"},"potentialAction":[{"@type":"SearchAction","target":{"@type":"EntryPoint","urlTemplate":"https:\/\/www.booksonthemove.fr\/?s={search_term_string}"},"query-input":{"@type":"PropertyValueSpecification","valueRequired":true,"valueName":"search_term_string"}}],"inLanguage":"en-US"},{"@type":"Organization","@id":"https:\/\/www.booksonthemove.fr\/#organization","name":"Books on the Move","url":"https:\/\/www.booksonthemove.fr\/","logo":{"@type":"ImageObject","inLanguage":"en-US","@id":"https:\/\/www.booksonthemove.fr\/#\/schema\/logo\/image\/","url":"https:\/\/www.booksonthemove.fr\/media\/logo-NB-400.jpg","contentUrl":"https:\/\/www.booksonthemove.fr\/media\/logo-NB-400.jpg","width":400,"height":143,"caption":"Books on the Move"},"image":{"@id":"https:\/\/www.booksonthemove.fr\/#\/schema\/logo\/image\/"},"sameAs":["https:\/\/www.facebook.com\/Librairiebooksonthemove\/"]}]}},"_links":{"self":[{"href":"https:\/\/www.booksonthemove.fr\/en\/wp-json\/wp\/v2\/product\/11012","targetHints":{"allow":["GET"]}}],"collection":[{"href":"https:\/\/www.booksonthemove.fr\/en\/wp-json\/wp\/v2\/product"}],"about":[{"href":"https:\/\/www.booksonthemove.fr\/en\/wp-json\/wp\/v2\/types\/product"}],"wp:featuredmedia":[{"embeddable":true,"href":"https:\/\/www.booksonthemove.fr\/en\/wp-json\/wp\/v2\/media\/11011"}],"wp:attachment":[{"href":"https:\/\/www.booksonthemove.fr\/en\/wp-json\/wp\/v2\/media?parent=11012"}],"wp:term":[{"taxonomy":"product_brand","embeddable":true,"href":"https:\/\/www.booksonthemove.fr\/en\/wp-json\/wp\/v2\/product_brand?post=11012"},{"taxonomy":"product_cat","embeddable":true,"href":"https:\/\/www.booksonthemove.fr\/en\/wp-json\/wp\/v2\/product_cat?post=11012"},{"taxonomy":"product_tag","embeddable":true,"href":"https:\/\/www.booksonthemove.fr\/en\/wp-json\/wp\/v2\/product_tag?post=11012"}],"curies":[{"name":"wp","href":"https:\/\/api.w.org\/{rel}","templated":true}]}}