{"id":11016,"date":"2019-12-30T08:23:03","date_gmt":"2019-12-30T07:23:03","guid":{"rendered":"https:\/\/www.booksonthemove.fr\/produit\/respiration-recherche-sur-la-danse\/"},"modified":"2020-12-22T17:14:05","modified_gmt":"2020-12-22T16:14:05","slug":"respiration-recherche-sur-la-danse","status":"publish","type":"product","link":"https:\/\/www.booksonthemove.fr\/en\/produit\/respiration-recherche-sur-la-danse\/","title":{"rendered":"Respiration &#8211; recherche sur la danse"},"content":{"rendered":"<p class=\"bodytext\">De l&#8217;air &#8211; \u00c9ditorial, Marion Fournier.<\/p>\n<p class=\"bodytext\">La danse depuis la photographie &#8211; Avant-propos, Mathilde Dieudonn\u00e9 et Julie Freichel.<\/p>\n<p class=\"bodytext\">Souffle, inspiration et cr\u00e9aion de soi &#8211; Une ontologie de l&#8217;imaginaire, Roland Huesca<\/p>\n<p class=\"bodytext\">Les souffles de la danse &#8211; Entretien avec Aurore Gruel.<\/p>\n<p class=\"bodytext\">La gueule ouverte &#8211; Donovan Bogoni<\/p>\n<p class=\"bodytext\">De la psychologie du travail \u00e0 la danse-th\u00e9rapie &#8211; Respirer en situation de handicap &#8211; Entretien avec Nathalie Fontana.<\/p>\n<p class=\"bodytext\">La chair et la gr\u00e2ce en danse &#8211; Une approche merleau-pontienne de la kinesth\u00e9sie, Christine Leroy.<\/p>\n<p class=\"bodytext\">Entre souci du corps et surpassement de soi &#8211; Entretien avec Catarina Barbosa, Jill Crovisier, Emanuela Iacopini, Piera Jovic et Gianfranco Celestino.<\/p>\n<p class=\"bodytext\">L&#8217;Encombre; Sans titre &#8211; H\u00e9l\u00e8ne Bleys.<\/p>\n<p class=\"bodytext\">Starosta el idiota; Plano horizontal; Rosemary &#8211; Marta Ochoa.<\/p>\n<p class=\"bodytext\">Se connecter \u00e0 l&#8217;autre &#8211; L&#8217;exemple du tango argentin, Entretien avec Leo Calvelli et Eugenia Usandivaras.<\/p>\n<p class=\"bodytext\">Sc\u00e8ne\/salle: l&#8217;atelier des \u00e9motions &#8211; L&#8217;exemple de MayB de Maguy Marin, Fanny Fourni\u00e9.<\/p>\n<p class=\"bodytext\">Naissance d&#8217;une \u00e9motion en danse &#8211; Entretien avec Aur\u00e9lie Gandit.<\/p>\n","protected":false},"excerpt":{"rendered":"<p class=\"bodytext\">Auteur: ouvrage collectif sous la direction de Marion Fournier<br \/>\nEditeur: Java \u00e9ditions en danse (2016)<\/p>\n<p class=\"bodytext\">Volume 1 de la collection L&#8217;Accord\u00e9on<br \/>\nBroch\u00e9: 130 pages<br \/>\nLangue: Fran\u00e7ais<br \/>\nISBN13: 978-2-955-93910-9<\/p>\n","protected":false},"featured_media":11015,"template":"","meta":[],"product_brand":[],"product_cat":[162,211],"product_tag":[],"class_list":{"0":"post-11016","1":"product","2":"type-product","3":"status-publish","4":"has-post-thumbnail","6":"product_cat-french-en","7":"product_cat-magazines-en","9":"first","10":"instock","11":"taxable","12":"shipping-taxable","13":"purchasable","14":"product-type-simple"},"yoast_head":"<!-- This site is optimized with the Yoast SEO plugin v27.4 - https:\/\/yoast.com\/product\/yoast-seo-wordpress\/ -->\n<title>Respiration - recherche sur la danse - Books on the Move<\/title>\n<meta name=\"robots\" content=\"index, follow, max-snippet:-1, max-image-preview:large, max-video-preview:-1\" \/>\n<link rel=\"canonical\" href=\"https:\/\/www.booksonthemove.fr\/en\/produit\/respiration-recherche-sur-la-danse\/\" \/>\n<meta property=\"og:locale\" content=\"en_US\" \/>\n<meta property=\"og:type\" content=\"article\" \/>\n<meta property=\"og:title\" content=\"Respiration - recherche sur la danse - Books on the Move\" \/>\n<meta property=\"og:description\" content=\"Auteur: ouvrage collectif sous la direction de Marion Fournier Editeur: Java \u00e9ditions en danse (2016) Volume 1 de la collection L&#039;Accord\u00e9on Broch\u00e9: 130 pages Langue: Fran\u00e7ais ISBN13: 978-2-955-93910-9\" \/>\n<meta property=\"og:url\" content=\"https:\/\/www.booksonthemove.fr\/en\/produit\/respiration-recherche-sur-la-danse\/\" \/>\n<meta property=\"og:site_name\" content=\"Books on the Move\" \/>\n<meta property=\"article:publisher\" content=\"https:\/\/www.facebook.com\/Librairiebooksonthemove\/\" \/>\n<meta property=\"article:modified_time\" content=\"2020-12-22T16:14:05+00:00\" \/>\n<meta property=\"og:image\" content=\"https:\/\/www.booksonthemove.fr\/media\/respiration-java.jpg\" \/>\n\t<meta property=\"og:image:width\" content=\"450\" \/>\n\t<meta property=\"og:image:height\" content=\"615\" \/>\n\t<meta property=\"og:image:type\" content=\"image\/jpeg\" \/>\n<meta name=\"twitter:card\" content=\"summary_large_image\" \/>\n<script type=\"application\/ld+json\" class=\"yoast-schema-graph\">{\"@context\":\"https:\\\/\\\/schema.org\",\"@graph\":[{\"@type\":\"WebPage\",\"@id\":\"https:\\\/\\\/www.booksonthemove.fr\\\/en\\\/produit\\\/respiration-recherche-sur-la-danse\\\/\",\"url\":\"https:\\\/\\\/www.booksonthemove.fr\\\/en\\\/produit\\\/respiration-recherche-sur-la-danse\\\/\",\"name\":\"Respiration - recherche sur la danse - Books on the Move\",\"isPartOf\":{\"@id\":\"https:\\\/\\\/www.booksonthemove.fr\\\/#website\"},\"primaryImageOfPage\":{\"@id\":\"https:\\\/\\\/www.booksonthemove.fr\\\/en\\\/produit\\\/respiration-recherche-sur-la-danse\\\/#primaryimage\"},\"image\":{\"@id\":\"https:\\\/\\\/www.booksonthemove.fr\\\/en\\\/produit\\\/respiration-recherche-sur-la-danse\\\/#primaryimage\"},\"thumbnailUrl\":\"https:\\\/\\\/www.booksonthemove.fr\\\/media\\\/respiration-java.jpg\",\"datePublished\":\"2019-12-30T07:23:03+00:00\",\"dateModified\":\"2020-12-22T16:14:05+00:00\",\"breadcrumb\":{\"@id\":\"https:\\\/\\\/www.booksonthemove.fr\\\/en\\\/produit\\\/respiration-recherche-sur-la-danse\\\/#breadcrumb\"},\"inLanguage\":\"en-US\",\"potentialAction\":[{\"@type\":\"ReadAction\",\"target\":[\"https:\\\/\\\/www.booksonthemove.fr\\\/en\\\/produit\\\/respiration-recherche-sur-la-danse\\\/\"]}]},{\"@type\":\"ImageObject\",\"inLanguage\":\"en-US\",\"@id\":\"https:\\\/\\\/www.booksonthemove.fr\\\/en\\\/produit\\\/respiration-recherche-sur-la-danse\\\/#primaryimage\",\"url\":\"https:\\\/\\\/www.booksonthemove.fr\\\/media\\\/respiration-java.jpg\",\"contentUrl\":\"https:\\\/\\\/www.booksonthemove.fr\\\/media\\\/respiration-java.jpg\",\"width\":450,\"height\":615},{\"@type\":\"BreadcrumbList\",\"@id\":\"https:\\\/\\\/www.booksonthemove.fr\\\/en\\\/produit\\\/respiration-recherche-sur-la-danse\\\/#breadcrumb\",\"itemListElement\":[{\"@type\":\"ListItem\",\"position\":1,\"name\":\"Accueil\",\"item\":\"https:\\\/\\\/www.booksonthemove.fr\\\/en\\\/\"},{\"@type\":\"ListItem\",\"position\":2,\"name\":\"online store\",\"item\":\"https:\\\/\\\/www.booksonthemove.fr\\\/en\\\/online-shop\\\/\"},{\"@type\":\"ListItem\",\"position\":3,\"name\":\"Respiration &#8211; recherche sur la danse\"}]},{\"@type\":\"WebSite\",\"@id\":\"https:\\\/\\\/www.booksonthemove.fr\\\/#website\",\"url\":\"https:\\\/\\\/www.booksonthemove.fr\\\/\",\"name\":\"Books on the Move\",\"description\":\"librairie nomade - danse - mouvement - performance\",\"publisher\":{\"@id\":\"https:\\\/\\\/www.booksonthemove.fr\\\/#organization\"},\"potentialAction\":[{\"@type\":\"SearchAction\",\"target\":{\"@type\":\"EntryPoint\",\"urlTemplate\":\"https:\\\/\\\/www.booksonthemove.fr\\\/?s={search_term_string}\"},\"query-input\":{\"@type\":\"PropertyValueSpecification\",\"valueRequired\":true,\"valueName\":\"search_term_string\"}}],\"inLanguage\":\"en-US\"},{\"@type\":\"Organization\",\"@id\":\"https:\\\/\\\/www.booksonthemove.fr\\\/#organization\",\"name\":\"Books on the Move\",\"url\":\"https:\\\/\\\/www.booksonthemove.fr\\\/\",\"logo\":{\"@type\":\"ImageObject\",\"inLanguage\":\"en-US\",\"@id\":\"https:\\\/\\\/www.booksonthemove.fr\\\/#\\\/schema\\\/logo\\\/image\\\/\",\"url\":\"https:\\\/\\\/www.booksonthemove.fr\\\/media\\\/logo-NB-400.jpg\",\"contentUrl\":\"https:\\\/\\\/www.booksonthemove.fr\\\/media\\\/logo-NB-400.jpg\",\"width\":400,\"height\":143,\"caption\":\"Books on the Move\"},\"image\":{\"@id\":\"https:\\\/\\\/www.booksonthemove.fr\\\/#\\\/schema\\\/logo\\\/image\\\/\"},\"sameAs\":[\"https:\\\/\\\/www.facebook.com\\\/Librairiebooksonthemove\\\/\"]}]}<\/script>\n<!-- \/ Yoast SEO plugin. -->","yoast_head_json":{"title":"Respiration - recherche sur la danse - Books on the Move","robots":{"index":"index","follow":"follow","max-snippet":"max-snippet:-1","max-image-preview":"max-image-preview:large","max-video-preview":"max-video-preview:-1"},"canonical":"https:\/\/www.booksonthemove.fr\/en\/produit\/respiration-recherche-sur-la-danse\/","og_locale":"en_US","og_type":"article","og_title":"Respiration - recherche sur la danse - Books on the Move","og_description":"Auteur: ouvrage collectif sous la direction de Marion Fournier Editeur: Java \u00e9ditions en danse (2016) Volume 1 de la collection L'Accord\u00e9on Broch\u00e9: 130 pages Langue: Fran\u00e7ais ISBN13: 978-2-955-93910-9","og_url":"https:\/\/www.booksonthemove.fr\/en\/produit\/respiration-recherche-sur-la-danse\/","og_site_name":"Books on the Move","article_publisher":"https:\/\/www.facebook.com\/Librairiebooksonthemove\/","article_modified_time":"2020-12-22T16:14:05+00:00","og_image":[{"width":450,"height":615,"url":"https:\/\/www.booksonthemove.fr\/media\/respiration-java.jpg","type":"image\/jpeg"}],"twitter_card":"summary_large_image","schema":{"@context":"https:\/\/schema.org","@graph":[{"@type":"WebPage","@id":"https:\/\/www.booksonthemove.fr\/en\/produit\/respiration-recherche-sur-la-danse\/","url":"https:\/\/www.booksonthemove.fr\/en\/produit\/respiration-recherche-sur-la-danse\/","name":"Respiration - recherche sur la danse - Books on the Move","isPartOf":{"@id":"https:\/\/www.booksonthemove.fr\/#website"},"primaryImageOfPage":{"@id":"https:\/\/www.booksonthemove.fr\/en\/produit\/respiration-recherche-sur-la-danse\/#primaryimage"},"image":{"@id":"https:\/\/www.booksonthemove.fr\/en\/produit\/respiration-recherche-sur-la-danse\/#primaryimage"},"thumbnailUrl":"https:\/\/www.booksonthemove.fr\/media\/respiration-java.jpg","datePublished":"2019-12-30T07:23:03+00:00","dateModified":"2020-12-22T16:14:05+00:00","breadcrumb":{"@id":"https:\/\/www.booksonthemove.fr\/en\/produit\/respiration-recherche-sur-la-danse\/#breadcrumb"},"inLanguage":"en-US","potentialAction":[{"@type":"ReadAction","target":["https:\/\/www.booksonthemove.fr\/en\/produit\/respiration-recherche-sur-la-danse\/"]}]},{"@type":"ImageObject","inLanguage":"en-US","@id":"https:\/\/www.booksonthemove.fr\/en\/produit\/respiration-recherche-sur-la-danse\/#primaryimage","url":"https:\/\/www.booksonthemove.fr\/media\/respiration-java.jpg","contentUrl":"https:\/\/www.booksonthemove.fr\/media\/respiration-java.jpg","width":450,"height":615},{"@type":"BreadcrumbList","@id":"https:\/\/www.booksonthemove.fr\/en\/produit\/respiration-recherche-sur-la-danse\/#breadcrumb","itemListElement":[{"@type":"ListItem","position":1,"name":"Accueil","item":"https:\/\/www.booksonthemove.fr\/en\/"},{"@type":"ListItem","position":2,"name":"online store","item":"https:\/\/www.booksonthemove.fr\/en\/online-shop\/"},{"@type":"ListItem","position":3,"name":"Respiration &#8211; recherche sur la danse"}]},{"@type":"WebSite","@id":"https:\/\/www.booksonthemove.fr\/#website","url":"https:\/\/www.booksonthemove.fr\/","name":"Books on the Move","description":"librairie nomade - danse - mouvement - performance","publisher":{"@id":"https:\/\/www.booksonthemove.fr\/#organization"},"potentialAction":[{"@type":"SearchAction","target":{"@type":"EntryPoint","urlTemplate":"https:\/\/www.booksonthemove.fr\/?s={search_term_string}"},"query-input":{"@type":"PropertyValueSpecification","valueRequired":true,"valueName":"search_term_string"}}],"inLanguage":"en-US"},{"@type":"Organization","@id":"https:\/\/www.booksonthemove.fr\/#organization","name":"Books on the Move","url":"https:\/\/www.booksonthemove.fr\/","logo":{"@type":"ImageObject","inLanguage":"en-US","@id":"https:\/\/www.booksonthemove.fr\/#\/schema\/logo\/image\/","url":"https:\/\/www.booksonthemove.fr\/media\/logo-NB-400.jpg","contentUrl":"https:\/\/www.booksonthemove.fr\/media\/logo-NB-400.jpg","width":400,"height":143,"caption":"Books on the Move"},"image":{"@id":"https:\/\/www.booksonthemove.fr\/#\/schema\/logo\/image\/"},"sameAs":["https:\/\/www.facebook.com\/Librairiebooksonthemove\/"]}]}},"_links":{"self":[{"href":"https:\/\/www.booksonthemove.fr\/en\/wp-json\/wp\/v2\/product\/11016","targetHints":{"allow":["GET"]}}],"collection":[{"href":"https:\/\/www.booksonthemove.fr\/en\/wp-json\/wp\/v2\/product"}],"about":[{"href":"https:\/\/www.booksonthemove.fr\/en\/wp-json\/wp\/v2\/types\/product"}],"wp:featuredmedia":[{"embeddable":true,"href":"https:\/\/www.booksonthemove.fr\/en\/wp-json\/wp\/v2\/media\/11015"}],"wp:attachment":[{"href":"https:\/\/www.booksonthemove.fr\/en\/wp-json\/wp\/v2\/media?parent=11016"}],"wp:term":[{"taxonomy":"product_brand","embeddable":true,"href":"https:\/\/www.booksonthemove.fr\/en\/wp-json\/wp\/v2\/product_brand?post=11016"},{"taxonomy":"product_cat","embeddable":true,"href":"https:\/\/www.booksonthemove.fr\/en\/wp-json\/wp\/v2\/product_cat?post=11016"},{"taxonomy":"product_tag","embeddable":true,"href":"https:\/\/www.booksonthemove.fr\/en\/wp-json\/wp\/v2\/product_tag?post=11016"}],"curies":[{"name":"wp","href":"https:\/\/api.w.org\/{rel}","templated":true}]}}