{"id":11059,"date":"2019-12-30T20:59:37","date_gmt":"2019-12-30T19:59:37","guid":{"rendered":"https:\/\/www.booksonthemove.fr\/produit\/seloigner-du-sujet\/"},"modified":"2025-04-11T18:39:44","modified_gmt":"2025-04-11T16:39:44","slug":"seloigner-du-sujet","status":"publish","type":"product","link":"https:\/\/www.booksonthemove.fr\/en\/produit\/seloigner-du-sujet\/","title":{"rendered":"S\u2019\u00e9loigner du sujet"},"content":{"rendered":"<p class=\"bodytext\">S\u2019\u00e9loigner du sujet est un livre o\u00f9 rapport \u00e0 la ville et rapport \u00e0 l\u2019\u00e9criture se m\u00ealent, se rencontrent ou se confrontent. La premi\u00e8re partie, intitul\u00e9e \u00ab chantiers \u00bb, met sur un m\u00eame plan des phrases emprunt\u00e9es \u00e0 un projet d\u2019urbanisme li\u00e9 \u00e0 la r\u00e9novation d\u2019un quartier ancien, des phrases contestant la tendance \u00e0 l\u2019effacement des asp\u00e9rit\u00e9s urbaines et d\u2019autres ayant trait \u00e0 l\u2019\u00e9criture en train de se faire. Ces phrases ne font pas l\u2019objet d\u2019un traitement distinctif, laissant le lecteur libre de les relier \u00e0 l\u2019un ou l\u2019autre des th\u00e8mes.<\/p>\n<p class=\"bodytext\">Apr\u00e8s une deuxi\u00e8me partie fonctionnant comme sc\u00e8ne interm\u00e9diaire, la troisi\u00e8me, intitul\u00e9e \u00ab marches \u00bb, reprend les questions initiales. Un document scientifique sur la description clinique de la marche fonctionne comme moteur de l\u2019\u00e9criture qui creuse la question de la surface. Surface qui se rapporte ici \u00e0 la fois \u00e0 l\u2019urbain et \u00e0 la litt\u00e9rature, soulignant la recherche d\u2019une \u00e9criture \u00ab \u00e0 plat \u00bb et d\u2019une ville \u00ab \u00e0 trous \u00bb.<\/p>\n<p class=\"bodytext\">L\u2019utilisation de l\u2019infinitif, r\u00e9p\u00e9t\u00e9e, donne \u00e0 certaines s\u00e9quences un caract\u00e8re de mot d\u2019ordre qui serait toutefois non d\u00e9finitif.<\/p>\n","protected":false},"excerpt":{"rendered":"<p>Auteur: Vincent Lafaille<br \/>\nEditeur: s\u00e9rie discr\u00e8te (2015)<\/p>\n<p>Broch\u00e9: 48 pages<br \/>\nLangue: Fran\u00e7ais<br \/>\nISBN13: 978-2-9553391-2-1<\/p>\n","protected":false},"featured_media":11058,"template":"","meta":[],"product_brand":[],"product_cat":[157,162,352,199],"product_tag":[],"class_list":{"0":"post-11059","1":"product","2":"type-product","3":"status-publish","4":"has-post-thumbnail","6":"product_cat-artists-writings-en","7":"product_cat-french-en","8":"product_cat-la-marche-en","9":"product_cat-poetry-en","11":"first","12":"instock","13":"taxable","14":"shipping-taxable","15":"purchasable","16":"product-type-simple"},"yoast_head":"<!-- This site is optimized with the Yoast SEO plugin v27.4 - https:\/\/yoast.com\/product\/yoast-seo-wordpress\/ -->\n<title>S\u2019\u00e9loigner du sujet - Books on the Move<\/title>\n<meta name=\"robots\" content=\"index, follow, max-snippet:-1, max-image-preview:large, max-video-preview:-1\" \/>\n<link rel=\"canonical\" href=\"https:\/\/www.booksonthemove.fr\/produit\/seloigner-du-sujet\/\" \/>\n<meta property=\"og:locale\" content=\"en_US\" \/>\n<meta property=\"og:type\" content=\"article\" \/>\n<meta property=\"og:title\" content=\"S\u2019\u00e9loigner du sujet - Books on the Move\" \/>\n<meta property=\"og:description\" content=\"Auteur: Vincent Lafaille Editeur: s\u00e9rie discr\u00e8te (2015)  Broch\u00e9: 48 pages Langue: Fran\u00e7ais ISBN13: 978-2-9553391-2-1\" \/>\n<meta property=\"og:url\" content=\"https:\/\/www.booksonthemove.fr\/produit\/seloigner-du-sujet\/\" \/>\n<meta property=\"og:site_name\" content=\"Books on the Move\" \/>\n<meta property=\"article:publisher\" content=\"https:\/\/www.facebook.com\/Librairiebooksonthemove\/\" \/>\n<meta property=\"article:modified_time\" content=\"2025-04-11T16:39:44+00:00\" \/>\n<meta property=\"og:image\" content=\"https:\/\/www.booksonthemove.fr\/media\/bom_1926.jpeg\" \/>\n\t<meta property=\"og:image:width\" content=\"465\" \/>\n\t<meta property=\"og:image:height\" content=\"640\" \/>\n\t<meta property=\"og:image:type\" content=\"image\/jpeg\" \/>\n<meta name=\"twitter:card\" content=\"summary_large_image\" \/>\n<script type=\"application\/ld+json\" class=\"yoast-schema-graph\">{\"@context\":\"https:\\\/\\\/schema.org\",\"@graph\":[{\"@type\":\"WebPage\",\"@id\":\"https:\\\/\\\/www.booksonthemove.fr\\\/produit\\\/seloigner-du-sujet\\\/\",\"url\":\"https:\\\/\\\/www.booksonthemove.fr\\\/produit\\\/seloigner-du-sujet\\\/\",\"name\":\"S\u2019\u00e9loigner du sujet - Books on the Move\",\"isPartOf\":{\"@id\":\"https:\\\/\\\/www.booksonthemove.fr\\\/#website\"},\"primaryImageOfPage\":{\"@id\":\"https:\\\/\\\/www.booksonthemove.fr\\\/produit\\\/seloigner-du-sujet\\\/#primaryimage\"},\"image\":{\"@id\":\"https:\\\/\\\/www.booksonthemove.fr\\\/produit\\\/seloigner-du-sujet\\\/#primaryimage\"},\"thumbnailUrl\":\"https:\\\/\\\/www.booksonthemove.fr\\\/media\\\/bom_1926.jpeg\",\"datePublished\":\"2019-12-30T19:59:37+00:00\",\"dateModified\":\"2025-04-11T16:39:44+00:00\",\"breadcrumb\":{\"@id\":\"https:\\\/\\\/www.booksonthemove.fr\\\/produit\\\/seloigner-du-sujet\\\/#breadcrumb\"},\"inLanguage\":\"en-US\",\"potentialAction\":[{\"@type\":\"ReadAction\",\"target\":[\"https:\\\/\\\/www.booksonthemove.fr\\\/produit\\\/seloigner-du-sujet\\\/\"]}]},{\"@type\":\"ImageObject\",\"inLanguage\":\"en-US\",\"@id\":\"https:\\\/\\\/www.booksonthemove.fr\\\/produit\\\/seloigner-du-sujet\\\/#primaryimage\",\"url\":\"https:\\\/\\\/www.booksonthemove.fr\\\/media\\\/bom_1926.jpeg\",\"contentUrl\":\"https:\\\/\\\/www.booksonthemove.fr\\\/media\\\/bom_1926.jpeg\",\"width\":465,\"height\":640},{\"@type\":\"BreadcrumbList\",\"@id\":\"https:\\\/\\\/www.booksonthemove.fr\\\/produit\\\/seloigner-du-sujet\\\/#breadcrumb\",\"itemListElement\":[{\"@type\":\"ListItem\",\"position\":1,\"name\":\"Accueil\",\"item\":\"https:\\\/\\\/www.booksonthemove.fr\\\/en\\\/\"},{\"@type\":\"ListItem\",\"position\":2,\"name\":\"online store\",\"item\":\"https:\\\/\\\/www.booksonthemove.fr\\\/en\\\/online-shop\\\/\"},{\"@type\":\"ListItem\",\"position\":3,\"name\":\"S\u2019\u00e9loigner du sujet\"}]},{\"@type\":\"WebSite\",\"@id\":\"https:\\\/\\\/www.booksonthemove.fr\\\/#website\",\"url\":\"https:\\\/\\\/www.booksonthemove.fr\\\/\",\"name\":\"Books on the Move\",\"description\":\"librairie nomade - danse - mouvement - performance\",\"publisher\":{\"@id\":\"https:\\\/\\\/www.booksonthemove.fr\\\/#organization\"},\"potentialAction\":[{\"@type\":\"SearchAction\",\"target\":{\"@type\":\"EntryPoint\",\"urlTemplate\":\"https:\\\/\\\/www.booksonthemove.fr\\\/?s={search_term_string}\"},\"query-input\":{\"@type\":\"PropertyValueSpecification\",\"valueRequired\":true,\"valueName\":\"search_term_string\"}}],\"inLanguage\":\"en-US\"},{\"@type\":\"Organization\",\"@id\":\"https:\\\/\\\/www.booksonthemove.fr\\\/#organization\",\"name\":\"Books on the Move\",\"url\":\"https:\\\/\\\/www.booksonthemove.fr\\\/\",\"logo\":{\"@type\":\"ImageObject\",\"inLanguage\":\"en-US\",\"@id\":\"https:\\\/\\\/www.booksonthemove.fr\\\/#\\\/schema\\\/logo\\\/image\\\/\",\"url\":\"https:\\\/\\\/www.booksonthemove.fr\\\/media\\\/logo-NB-400.jpg\",\"contentUrl\":\"https:\\\/\\\/www.booksonthemove.fr\\\/media\\\/logo-NB-400.jpg\",\"width\":400,\"height\":143,\"caption\":\"Books on the Move\"},\"image\":{\"@id\":\"https:\\\/\\\/www.booksonthemove.fr\\\/#\\\/schema\\\/logo\\\/image\\\/\"},\"sameAs\":[\"https:\\\/\\\/www.facebook.com\\\/Librairiebooksonthemove\\\/\"]}]}<\/script>\n<!-- \/ Yoast SEO plugin. -->","yoast_head_json":{"title":"S\u2019\u00e9loigner du sujet - Books on the Move","robots":{"index":"index","follow":"follow","max-snippet":"max-snippet:-1","max-image-preview":"max-image-preview:large","max-video-preview":"max-video-preview:-1"},"canonical":"https:\/\/www.booksonthemove.fr\/produit\/seloigner-du-sujet\/","og_locale":"en_US","og_type":"article","og_title":"S\u2019\u00e9loigner du sujet - Books on the Move","og_description":"Auteur: Vincent Lafaille Editeur: s\u00e9rie discr\u00e8te (2015)  Broch\u00e9: 48 pages Langue: Fran\u00e7ais ISBN13: 978-2-9553391-2-1","og_url":"https:\/\/www.booksonthemove.fr\/produit\/seloigner-du-sujet\/","og_site_name":"Books on the Move","article_publisher":"https:\/\/www.facebook.com\/Librairiebooksonthemove\/","article_modified_time":"2025-04-11T16:39:44+00:00","og_image":[{"width":465,"height":640,"url":"https:\/\/www.booksonthemove.fr\/media\/bom_1926.jpeg","type":"image\/jpeg"}],"twitter_card":"summary_large_image","schema":{"@context":"https:\/\/schema.org","@graph":[{"@type":"WebPage","@id":"https:\/\/www.booksonthemove.fr\/produit\/seloigner-du-sujet\/","url":"https:\/\/www.booksonthemove.fr\/produit\/seloigner-du-sujet\/","name":"S\u2019\u00e9loigner du sujet - Books on the Move","isPartOf":{"@id":"https:\/\/www.booksonthemove.fr\/#website"},"primaryImageOfPage":{"@id":"https:\/\/www.booksonthemove.fr\/produit\/seloigner-du-sujet\/#primaryimage"},"image":{"@id":"https:\/\/www.booksonthemove.fr\/produit\/seloigner-du-sujet\/#primaryimage"},"thumbnailUrl":"https:\/\/www.booksonthemove.fr\/media\/bom_1926.jpeg","datePublished":"2019-12-30T19:59:37+00:00","dateModified":"2025-04-11T16:39:44+00:00","breadcrumb":{"@id":"https:\/\/www.booksonthemove.fr\/produit\/seloigner-du-sujet\/#breadcrumb"},"inLanguage":"en-US","potentialAction":[{"@type":"ReadAction","target":["https:\/\/www.booksonthemove.fr\/produit\/seloigner-du-sujet\/"]}]},{"@type":"ImageObject","inLanguage":"en-US","@id":"https:\/\/www.booksonthemove.fr\/produit\/seloigner-du-sujet\/#primaryimage","url":"https:\/\/www.booksonthemove.fr\/media\/bom_1926.jpeg","contentUrl":"https:\/\/www.booksonthemove.fr\/media\/bom_1926.jpeg","width":465,"height":640},{"@type":"BreadcrumbList","@id":"https:\/\/www.booksonthemove.fr\/produit\/seloigner-du-sujet\/#breadcrumb","itemListElement":[{"@type":"ListItem","position":1,"name":"Accueil","item":"https:\/\/www.booksonthemove.fr\/en\/"},{"@type":"ListItem","position":2,"name":"online store","item":"https:\/\/www.booksonthemove.fr\/en\/online-shop\/"},{"@type":"ListItem","position":3,"name":"S\u2019\u00e9loigner du sujet"}]},{"@type":"WebSite","@id":"https:\/\/www.booksonthemove.fr\/#website","url":"https:\/\/www.booksonthemove.fr\/","name":"Books on the Move","description":"librairie nomade - danse - mouvement - performance","publisher":{"@id":"https:\/\/www.booksonthemove.fr\/#organization"},"potentialAction":[{"@type":"SearchAction","target":{"@type":"EntryPoint","urlTemplate":"https:\/\/www.booksonthemove.fr\/?s={search_term_string}"},"query-input":{"@type":"PropertyValueSpecification","valueRequired":true,"valueName":"search_term_string"}}],"inLanguage":"en-US"},{"@type":"Organization","@id":"https:\/\/www.booksonthemove.fr\/#organization","name":"Books on the Move","url":"https:\/\/www.booksonthemove.fr\/","logo":{"@type":"ImageObject","inLanguage":"en-US","@id":"https:\/\/www.booksonthemove.fr\/#\/schema\/logo\/image\/","url":"https:\/\/www.booksonthemove.fr\/media\/logo-NB-400.jpg","contentUrl":"https:\/\/www.booksonthemove.fr\/media\/logo-NB-400.jpg","width":400,"height":143,"caption":"Books on the Move"},"image":{"@id":"https:\/\/www.booksonthemove.fr\/#\/schema\/logo\/image\/"},"sameAs":["https:\/\/www.facebook.com\/Librairiebooksonthemove\/"]}]}},"_links":{"self":[{"href":"https:\/\/www.booksonthemove.fr\/en\/wp-json\/wp\/v2\/product\/11059","targetHints":{"allow":["GET"]}}],"collection":[{"href":"https:\/\/www.booksonthemove.fr\/en\/wp-json\/wp\/v2\/product"}],"about":[{"href":"https:\/\/www.booksonthemove.fr\/en\/wp-json\/wp\/v2\/types\/product"}],"wp:featuredmedia":[{"embeddable":true,"href":"https:\/\/www.booksonthemove.fr\/en\/wp-json\/wp\/v2\/media\/11058"}],"wp:attachment":[{"href":"https:\/\/www.booksonthemove.fr\/en\/wp-json\/wp\/v2\/media?parent=11059"}],"wp:term":[{"taxonomy":"product_brand","embeddable":true,"href":"https:\/\/www.booksonthemove.fr\/en\/wp-json\/wp\/v2\/product_brand?post=11059"},{"taxonomy":"product_cat","embeddable":true,"href":"https:\/\/www.booksonthemove.fr\/en\/wp-json\/wp\/v2\/product_cat?post=11059"},{"taxonomy":"product_tag","embeddable":true,"href":"https:\/\/www.booksonthemove.fr\/en\/wp-json\/wp\/v2\/product_tag?post=11059"}],"curies":[{"name":"wp","href":"https:\/\/api.w.org\/{rel}","templated":true}]}}