{"id":11084,"date":"2019-12-31T03:45:40","date_gmt":"2019-12-31T02:45:40","guid":{"rendered":"https:\/\/www.booksonthemove.fr\/produit\/stars-et-solistes-du-musical-hollywoodien\/"},"modified":"2023-12-12T16:24:40","modified_gmt":"2023-12-12T15:24:40","slug":"stars-et-solistes-du-musical-hollywoodien","status":"publish","type":"product","link":"https:\/\/www.booksonthemove.fr\/en\/produit\/stars-et-solistes-du-musical-hollywoodien\/","title":{"rendered":"Stars et solistes du musical hollywoodien"},"content":{"rendered":"<p class=\"bodytext\">Cet ouvrage analyse la sp\u00e9cificit\u00e9 des stars du musical de l&#8217;\u00e2ge d&#8217;or hollywoodien. Leurs talents en chant et en danse font d&#8217;eux d&#8217;indispensables solistes, et leur permettent d&#8217;occuper une place unique au sein de l&#8217;industrie hollywoodienne. Leur acc\u00e8s au panth\u00e9on hollywoodien passe aussi par un dialogue entre culture savante et industries de masse, que sait orchestrer la com\u00e9die musicale. Ce volume rassemble les contributions de sp\u00e9cialistes am\u00e9ricains, britanniques et fran\u00e7ais.<\/p>\n<p class=\"bodytext\">Plus qu&#8217;aucun autre genre cin\u00e9matographique am\u00e9ricainam\u00e9ricain, la com\u00e9die musicale de l&#8217;\u00e2ge d&#8217;or hollywoodien d\u00e9pend de la pr\u00e9sence et parfois du nombre de stars \u00e0 l&#8217;affiche : si ces personnalit\u00e9s r\u00e9pondent aux exigences du star system, leurs indispensables comp\u00e9tences en danse et\/ou en chant leur donnent aussi une place \u00e0 part dans un mod\u00e8le reposant principalement sur l&#8217;image. Cet ouvrage examine ce qui fait le propre des vedettes du musical am\u00e9ricain \u00e0 partir des ann\u00e9es 1930 : leurs performances, en particulier en solo, qui r\u00e9v\u00e8lent aussi la fa\u00e7on dont la com\u00e9die musicale cin\u00e9matographique interagit avec les cultures savante et populaire.<\/p>\n<p class=\"bodytext\">Les num\u00e9ros de Fred Astaire, Cyd Charisse, Rita Hayworth, Barbra Streisand, Carmen Miranda, Eleanor Powell, Bing Crosby, Bob Hope, Eddie Cantor, Doris Day et des Nicholas Brothers sont ainsi analys\u00e9s selon quatre questions principales : la place de la technologie dans les performances model\u00e9es pour le cin\u00e9ma (montage, doublage\u2026) ; les questions d&#8217;ethnicit\u00e9 et la place particuli\u00e8re que le genre musical accorde \u2013 ou pas \u2013 aux interpr\u00e8tes \u00ab non blancs \u00bb ; l&#8217;importance des stars comiques qui introduisent des moments carnavalesques dans les films ; et le processus m\u00eame de construction des stars au sein du syst\u00e8me hollywoodien, dans son lien avec les autres formes de spectacles ou les industries culturelles.<\/p>\n<p class=\"bodytext\">Le livre est compl\u00e9t\u00e9 par un site pr\u00e9sentant les extraits audio ou vid\u00e9o auxquels les textes renvoient entre crochets (l&#8217;interface est accessible notamment sur tablette ou t\u00e9l\u00e9phone portable pour faciliter la consultation au fil de la lecture) : <a href=\"http:\/\/companion.labex-arts-h2h.fr\/stars\/fr\" target=\"_blank\" rel=\"noopener noreferrer\">companion.labex-arts-h2h.fr\/stars\/fr<\/a>.<\/p>\n<p class=\"bodytext\">Contributions de Fanny Beur\u00e9, Marguerite Chabrol, Steven Cohan, Todd Decker, Laurent Guido, Adrienne L. McLean, Karen McNally, Jacqueline Nacache, Allison Robbins, Robynn J. Stilwell, Noah Teichner, Pierre-Olivier Toulza.<\/p>\n","protected":false},"excerpt":{"rendered":"<p>Auteur : ouvrage collectif sous la direction de Marguerite Chabrol et Pierre Olivier Toulzat<br \/>\nEditeurs : Presses du r\u00e9el (2017)<\/p>\n<p>Broch\u00e9 : 272 pages<br \/>\nLangue : fran\u00e7ais<br \/>\nISBN : 978-2-84066-658-5<\/p>\n","protected":false},"featured_media":11083,"template":"","meta":[],"product_brand":[],"product_cat":[357,146,162],"product_tag":[],"class_list":{"0":"post-11084","1":"product","2":"type-product","3":"status-publish","4":"has-post-thumbnail","6":"product_cat-comedie-musicale-en","7":"product_cat-theoretical-texts-en","8":"product_cat-french-en","10":"first","11":"outofstock","12":"taxable","13":"shipping-taxable","14":"purchasable","15":"product-type-simple"},"yoast_head":"<!-- This site is optimized with the Yoast SEO plugin v27.5 - https:\/\/yoast.com\/product\/yoast-seo-wordpress\/ -->\n<title>Stars et solistes du musical hollywoodien - Books on the Move<\/title>\n<meta name=\"robots\" content=\"index, follow, max-snippet:-1, max-image-preview:large, max-video-preview:-1\" \/>\n<link rel=\"canonical\" href=\"https:\/\/www.booksonthemove.fr\/produit\/stars-et-solistes-du-musical-hollywoodien\/\" \/>\n<meta property=\"og:locale\" content=\"en_US\" \/>\n<meta property=\"og:type\" content=\"article\" \/>\n<meta property=\"og:title\" content=\"Stars et solistes du musical hollywoodien - Books on the Move\" \/>\n<meta property=\"og:description\" content=\"Auteur : ouvrage collectif sous la direction de Marguerite Chabrol et Pierre Olivier Toulzat Editeurs : Presses du r\u00e9el (2017)  Broch\u00e9 : 272 pages Langue : fran\u00e7ais ISBN : 978-2-84066-658-5\" \/>\n<meta property=\"og:url\" content=\"https:\/\/www.booksonthemove.fr\/produit\/stars-et-solistes-du-musical-hollywoodien\/\" \/>\n<meta property=\"og:site_name\" content=\"Books on the Move\" \/>\n<meta property=\"article:publisher\" content=\"https:\/\/www.facebook.com\/Librairiebooksonthemove\/\" \/>\n<meta property=\"article:modified_time\" content=\"2023-12-12T15:24:40+00:00\" \/>\n<meta property=\"og:image\" content=\"https:\/\/www.booksonthemove.fr\/media\/bom_1778_reduced.jpeg\" \/>\n\t<meta property=\"og:image:width\" content=\"450\" \/>\n\t<meta property=\"og:image:height\" content=\"742\" \/>\n\t<meta property=\"og:image:type\" content=\"image\/jpeg\" \/>\n<meta name=\"twitter:card\" content=\"summary_large_image\" \/>\n<script type=\"application\/ld+json\" class=\"yoast-schema-graph\">{\"@context\":\"https:\\\/\\\/schema.org\",\"@graph\":[{\"@type\":\"WebPage\",\"@id\":\"https:\\\/\\\/www.booksonthemove.fr\\\/produit\\\/stars-et-solistes-du-musical-hollywoodien\\\/\",\"url\":\"https:\\\/\\\/www.booksonthemove.fr\\\/produit\\\/stars-et-solistes-du-musical-hollywoodien\\\/\",\"name\":\"Stars et solistes du musical hollywoodien - Books on the Move\",\"isPartOf\":{\"@id\":\"https:\\\/\\\/www.booksonthemove.fr\\\/#website\"},\"primaryImageOfPage\":{\"@id\":\"https:\\\/\\\/www.booksonthemove.fr\\\/produit\\\/stars-et-solistes-du-musical-hollywoodien\\\/#primaryimage\"},\"image\":{\"@id\":\"https:\\\/\\\/www.booksonthemove.fr\\\/produit\\\/stars-et-solistes-du-musical-hollywoodien\\\/#primaryimage\"},\"thumbnailUrl\":\"https:\\\/\\\/www.booksonthemove.fr\\\/media\\\/bom_1778_reduced.jpeg\",\"datePublished\":\"2019-12-31T02:45:40+00:00\",\"dateModified\":\"2023-12-12T15:24:40+00:00\",\"breadcrumb\":{\"@id\":\"https:\\\/\\\/www.booksonthemove.fr\\\/produit\\\/stars-et-solistes-du-musical-hollywoodien\\\/#breadcrumb\"},\"inLanguage\":\"en-US\",\"potentialAction\":[{\"@type\":\"ReadAction\",\"target\":[\"https:\\\/\\\/www.booksonthemove.fr\\\/produit\\\/stars-et-solistes-du-musical-hollywoodien\\\/\"]}]},{\"@type\":\"ImageObject\",\"inLanguage\":\"en-US\",\"@id\":\"https:\\\/\\\/www.booksonthemove.fr\\\/produit\\\/stars-et-solistes-du-musical-hollywoodien\\\/#primaryimage\",\"url\":\"https:\\\/\\\/www.booksonthemove.fr\\\/media\\\/bom_1778_reduced.jpeg\",\"contentUrl\":\"https:\\\/\\\/www.booksonthemove.fr\\\/media\\\/bom_1778_reduced.jpeg\",\"width\":450,\"height\":742},{\"@type\":\"BreadcrumbList\",\"@id\":\"https:\\\/\\\/www.booksonthemove.fr\\\/produit\\\/stars-et-solistes-du-musical-hollywoodien\\\/#breadcrumb\",\"itemListElement\":[{\"@type\":\"ListItem\",\"position\":1,\"name\":\"Accueil\",\"item\":\"https:\\\/\\\/www.booksonthemove.fr\\\/en\\\/\"},{\"@type\":\"ListItem\",\"position\":2,\"name\":\"online store\",\"item\":\"https:\\\/\\\/www.booksonthemove.fr\\\/en\\\/online-shop\\\/\"},{\"@type\":\"ListItem\",\"position\":3,\"name\":\"Stars et solistes du musical hollywoodien\"}]},{\"@type\":\"WebSite\",\"@id\":\"https:\\\/\\\/www.booksonthemove.fr\\\/#website\",\"url\":\"https:\\\/\\\/www.booksonthemove.fr\\\/\",\"name\":\"Books on the Move\",\"description\":\"librairie nomade - danse - mouvement - performance\",\"publisher\":{\"@id\":\"https:\\\/\\\/www.booksonthemove.fr\\\/#organization\"},\"potentialAction\":[{\"@type\":\"SearchAction\",\"target\":{\"@type\":\"EntryPoint\",\"urlTemplate\":\"https:\\\/\\\/www.booksonthemove.fr\\\/?s={search_term_string}\"},\"query-input\":{\"@type\":\"PropertyValueSpecification\",\"valueRequired\":true,\"valueName\":\"search_term_string\"}}],\"inLanguage\":\"en-US\"},{\"@type\":\"Organization\",\"@id\":\"https:\\\/\\\/www.booksonthemove.fr\\\/#organization\",\"name\":\"Books on the Move\",\"url\":\"https:\\\/\\\/www.booksonthemove.fr\\\/\",\"logo\":{\"@type\":\"ImageObject\",\"inLanguage\":\"en-US\",\"@id\":\"https:\\\/\\\/www.booksonthemove.fr\\\/#\\\/schema\\\/logo\\\/image\\\/\",\"url\":\"https:\\\/\\\/www.booksonthemove.fr\\\/media\\\/logo-NB-400.jpg\",\"contentUrl\":\"https:\\\/\\\/www.booksonthemove.fr\\\/media\\\/logo-NB-400.jpg\",\"width\":400,\"height\":143,\"caption\":\"Books on the Move\"},\"image\":{\"@id\":\"https:\\\/\\\/www.booksonthemove.fr\\\/#\\\/schema\\\/logo\\\/image\\\/\"},\"sameAs\":[\"https:\\\/\\\/www.facebook.com\\\/Librairiebooksonthemove\\\/\"]}]}<\/script>\n<!-- \/ Yoast SEO plugin. -->","yoast_head_json":{"title":"Stars et solistes du musical hollywoodien - Books on the Move","robots":{"index":"index","follow":"follow","max-snippet":"max-snippet:-1","max-image-preview":"max-image-preview:large","max-video-preview":"max-video-preview:-1"},"canonical":"https:\/\/www.booksonthemove.fr\/produit\/stars-et-solistes-du-musical-hollywoodien\/","og_locale":"en_US","og_type":"article","og_title":"Stars et solistes du musical hollywoodien - Books on the Move","og_description":"Auteur : ouvrage collectif sous la direction de Marguerite Chabrol et Pierre Olivier Toulzat Editeurs : Presses du r\u00e9el (2017)  Broch\u00e9 : 272 pages Langue : fran\u00e7ais ISBN : 978-2-84066-658-5","og_url":"https:\/\/www.booksonthemove.fr\/produit\/stars-et-solistes-du-musical-hollywoodien\/","og_site_name":"Books on the Move","article_publisher":"https:\/\/www.facebook.com\/Librairiebooksonthemove\/","article_modified_time":"2023-12-12T15:24:40+00:00","og_image":[{"width":450,"height":742,"url":"https:\/\/www.booksonthemove.fr\/media\/bom_1778_reduced.jpeg","type":"image\/jpeg"}],"twitter_card":"summary_large_image","schema":{"@context":"https:\/\/schema.org","@graph":[{"@type":"WebPage","@id":"https:\/\/www.booksonthemove.fr\/produit\/stars-et-solistes-du-musical-hollywoodien\/","url":"https:\/\/www.booksonthemove.fr\/produit\/stars-et-solistes-du-musical-hollywoodien\/","name":"Stars et solistes du musical hollywoodien - Books on the Move","isPartOf":{"@id":"https:\/\/www.booksonthemove.fr\/#website"},"primaryImageOfPage":{"@id":"https:\/\/www.booksonthemove.fr\/produit\/stars-et-solistes-du-musical-hollywoodien\/#primaryimage"},"image":{"@id":"https:\/\/www.booksonthemove.fr\/produit\/stars-et-solistes-du-musical-hollywoodien\/#primaryimage"},"thumbnailUrl":"https:\/\/www.booksonthemove.fr\/media\/bom_1778_reduced.jpeg","datePublished":"2019-12-31T02:45:40+00:00","dateModified":"2023-12-12T15:24:40+00:00","breadcrumb":{"@id":"https:\/\/www.booksonthemove.fr\/produit\/stars-et-solistes-du-musical-hollywoodien\/#breadcrumb"},"inLanguage":"en-US","potentialAction":[{"@type":"ReadAction","target":["https:\/\/www.booksonthemove.fr\/produit\/stars-et-solistes-du-musical-hollywoodien\/"]}]},{"@type":"ImageObject","inLanguage":"en-US","@id":"https:\/\/www.booksonthemove.fr\/produit\/stars-et-solistes-du-musical-hollywoodien\/#primaryimage","url":"https:\/\/www.booksonthemove.fr\/media\/bom_1778_reduced.jpeg","contentUrl":"https:\/\/www.booksonthemove.fr\/media\/bom_1778_reduced.jpeg","width":450,"height":742},{"@type":"BreadcrumbList","@id":"https:\/\/www.booksonthemove.fr\/produit\/stars-et-solistes-du-musical-hollywoodien\/#breadcrumb","itemListElement":[{"@type":"ListItem","position":1,"name":"Accueil","item":"https:\/\/www.booksonthemove.fr\/en\/"},{"@type":"ListItem","position":2,"name":"online store","item":"https:\/\/www.booksonthemove.fr\/en\/online-shop\/"},{"@type":"ListItem","position":3,"name":"Stars et solistes du musical hollywoodien"}]},{"@type":"WebSite","@id":"https:\/\/www.booksonthemove.fr\/#website","url":"https:\/\/www.booksonthemove.fr\/","name":"Books on the Move","description":"librairie nomade - danse - mouvement - performance","publisher":{"@id":"https:\/\/www.booksonthemove.fr\/#organization"},"potentialAction":[{"@type":"SearchAction","target":{"@type":"EntryPoint","urlTemplate":"https:\/\/www.booksonthemove.fr\/?s={search_term_string}"},"query-input":{"@type":"PropertyValueSpecification","valueRequired":true,"valueName":"search_term_string"}}],"inLanguage":"en-US"},{"@type":"Organization","@id":"https:\/\/www.booksonthemove.fr\/#organization","name":"Books on the Move","url":"https:\/\/www.booksonthemove.fr\/","logo":{"@type":"ImageObject","inLanguage":"en-US","@id":"https:\/\/www.booksonthemove.fr\/#\/schema\/logo\/image\/","url":"https:\/\/www.booksonthemove.fr\/media\/logo-NB-400.jpg","contentUrl":"https:\/\/www.booksonthemove.fr\/media\/logo-NB-400.jpg","width":400,"height":143,"caption":"Books on the Move"},"image":{"@id":"https:\/\/www.booksonthemove.fr\/#\/schema\/logo\/image\/"},"sameAs":["https:\/\/www.facebook.com\/Librairiebooksonthemove\/"]}]}},"_links":{"self":[{"href":"https:\/\/www.booksonthemove.fr\/en\/wp-json\/wp\/v2\/product\/11084","targetHints":{"allow":["GET"]}}],"collection":[{"href":"https:\/\/www.booksonthemove.fr\/en\/wp-json\/wp\/v2\/product"}],"about":[{"href":"https:\/\/www.booksonthemove.fr\/en\/wp-json\/wp\/v2\/types\/product"}],"wp:featuredmedia":[{"embeddable":true,"href":"https:\/\/www.booksonthemove.fr\/en\/wp-json\/wp\/v2\/media\/11083"}],"wp:attachment":[{"href":"https:\/\/www.booksonthemove.fr\/en\/wp-json\/wp\/v2\/media?parent=11084"}],"wp:term":[{"taxonomy":"product_brand","embeddable":true,"href":"https:\/\/www.booksonthemove.fr\/en\/wp-json\/wp\/v2\/product_brand?post=11084"},{"taxonomy":"product_cat","embeddable":true,"href":"https:\/\/www.booksonthemove.fr\/en\/wp-json\/wp\/v2\/product_cat?post=11084"},{"taxonomy":"product_tag","embeddable":true,"href":"https:\/\/www.booksonthemove.fr\/en\/wp-json\/wp\/v2\/product_tag?post=11084"}],"curies":[{"name":"wp","href":"https:\/\/api.w.org\/{rel}","templated":true}]}}