{"id":13450,"date":"2020-03-19T20:20:44","date_gmt":"2020-03-19T19:20:44","guid":{"rendered":"https:\/\/www.booksonthemove.fr\/produit\/basic-space-de-lespace-du-corps-a-lespace-habite\/"},"modified":"2022-10-23T21:30:40","modified_gmt":"2022-10-23T19:30:40","slug":"basic-space-de-lespace-du-corps-a-lespace-habite","status":"publish","type":"product","link":"https:\/\/www.booksonthemove.fr\/en\/produit\/basic-space-de-lespace-du-corps-a-lespace-habite\/","title":{"rendered":"Basic Space, de l\u2019espace du corps \u00e0 l&#8217;espace habit\u00e9"},"content":{"rendered":"<p>Ce livre restitue l\u2019ensemble des ateliers scolaires, selon leurs th\u00e8mes, mis en place durant l\u2019ann\u00e9e scolaire 2016-2017, au sein de 8 classes de la Gironde.<br \/>\nIl met \u00e9galement en valeur la m\u00e9thodologie employ\u00e9e pour ces ateliers, permettant d\u2019aborder l\u2019espace en commen\u00e7ant par l\u2019espace du corps, et en arrivant, ateliers par ateliers, \u00e0 l\u2019espace habit\u00e9.<\/p>\n","protected":false},"excerpt":{"rendered":"<p><strong>Auteur :<\/strong> Fanny Millard<br \/>\n<strong>Editeur :<\/strong> Extra \u00e9diteur d\u2019espace (2017)<\/p>\n<p><strong>Broch\u00e9 :<\/strong>\u00a0120 pages<br \/>\n<strong>Langue :<\/strong> fran\u00e7ais<br \/>\n<strong>ISBN13 :<\/strong> 978-2-9552904-6-0<\/p>\n","protected":false},"featured_media":13449,"template":"","meta":[],"product_brand":[],"product_cat":[207,162,140],"product_tag":[],"class_list":{"0":"post-13450","1":"product","2":"type-product","3":"status-publish","4":"has-post-thumbnail","6":"product_cat-architecture-en","7":"product_cat-french-en","8":"product_cat-education-dance-technique-en","10":"first","11":"outofstock","12":"taxable","13":"shipping-taxable","14":"purchasable","15":"product-type-simple"},"yoast_head":"<!-- This site is optimized with the Yoast SEO plugin v27.5 - https:\/\/yoast.com\/product\/yoast-seo-wordpress\/ -->\n<title>Basic Space, de l\u2019espace du corps \u00e0 l&#039;espace habit\u00e9 - Books on the Move<\/title>\n<meta name=\"robots\" content=\"index, follow, max-snippet:-1, max-image-preview:large, max-video-preview:-1\" \/>\n<link rel=\"canonical\" href=\"https:\/\/www.booksonthemove.fr\/en\/produit\/basic-space-de-lespace-du-corps-a-lespace-habite\/\" \/>\n<meta property=\"og:locale\" content=\"en_US\" \/>\n<meta property=\"og:type\" content=\"article\" \/>\n<meta property=\"og:title\" content=\"Basic Space, de l\u2019espace du corps \u00e0 l&#039;espace habit\u00e9 - Books on the Move\" \/>\n<meta property=\"og:description\" content=\"Auteur : Fanny Millard Editeur : Extra \u00e9diteur d\u2019espace (2017)  Broch\u00e9 :\u00a0120 pages Langue : fran\u00e7ais ISBN13 : 978-2-9552904-6-0\" \/>\n<meta property=\"og:url\" content=\"https:\/\/www.booksonthemove.fr\/en\/produit\/basic-space-de-lespace-du-corps-a-lespace-habite\/\" \/>\n<meta property=\"og:site_name\" content=\"Books on the Move\" \/>\n<meta property=\"article:publisher\" content=\"https:\/\/www.facebook.com\/Librairiebooksonthemove\/\" \/>\n<meta property=\"article:modified_time\" content=\"2022-10-23T19:30:40+00:00\" \/>\n<meta property=\"og:image\" content=\"https:\/\/www.booksonthemove.fr\/media\/bom_2000.jpg\" \/>\n\t<meta property=\"og:image:width\" content=\"644\" \/>\n\t<meta property=\"og:image:height\" content=\"917\" \/>\n\t<meta property=\"og:image:type\" content=\"image\/jpeg\" \/>\n<meta name=\"twitter:card\" content=\"summary_large_image\" \/>\n<script type=\"application\/ld+json\" class=\"yoast-schema-graph\">{\"@context\":\"https:\\\/\\\/schema.org\",\"@graph\":[{\"@type\":\"WebPage\",\"@id\":\"https:\\\/\\\/www.booksonthemove.fr\\\/en\\\/produit\\\/basic-space-de-lespace-du-corps-a-lespace-habite\\\/\",\"url\":\"https:\\\/\\\/www.booksonthemove.fr\\\/en\\\/produit\\\/basic-space-de-lespace-du-corps-a-lespace-habite\\\/\",\"name\":\"Basic Space, de l\u2019espace du corps \u00e0 l'espace habit\u00e9 - Books on the Move\",\"isPartOf\":{\"@id\":\"https:\\\/\\\/www.booksonthemove.fr\\\/#website\"},\"primaryImageOfPage\":{\"@id\":\"https:\\\/\\\/www.booksonthemove.fr\\\/en\\\/produit\\\/basic-space-de-lespace-du-corps-a-lespace-habite\\\/#primaryimage\"},\"image\":{\"@id\":\"https:\\\/\\\/www.booksonthemove.fr\\\/en\\\/produit\\\/basic-space-de-lespace-du-corps-a-lespace-habite\\\/#primaryimage\"},\"thumbnailUrl\":\"https:\\\/\\\/www.booksonthemove.fr\\\/media\\\/bom_2000.jpg\",\"datePublished\":\"2020-03-19T19:20:44+00:00\",\"dateModified\":\"2022-10-23T19:30:40+00:00\",\"breadcrumb\":{\"@id\":\"https:\\\/\\\/www.booksonthemove.fr\\\/en\\\/produit\\\/basic-space-de-lespace-du-corps-a-lespace-habite\\\/#breadcrumb\"},\"inLanguage\":\"en-US\",\"potentialAction\":[{\"@type\":\"ReadAction\",\"target\":[\"https:\\\/\\\/www.booksonthemove.fr\\\/en\\\/produit\\\/basic-space-de-lespace-du-corps-a-lespace-habite\\\/\"]}]},{\"@type\":\"ImageObject\",\"inLanguage\":\"en-US\",\"@id\":\"https:\\\/\\\/www.booksonthemove.fr\\\/en\\\/produit\\\/basic-space-de-lespace-du-corps-a-lespace-habite\\\/#primaryimage\",\"url\":\"https:\\\/\\\/www.booksonthemove.fr\\\/media\\\/bom_2000.jpg\",\"contentUrl\":\"https:\\\/\\\/www.booksonthemove.fr\\\/media\\\/bom_2000.jpg\",\"width\":644,\"height\":917},{\"@type\":\"BreadcrumbList\",\"@id\":\"https:\\\/\\\/www.booksonthemove.fr\\\/en\\\/produit\\\/basic-space-de-lespace-du-corps-a-lespace-habite\\\/#breadcrumb\",\"itemListElement\":[{\"@type\":\"ListItem\",\"position\":1,\"name\":\"Accueil\",\"item\":\"https:\\\/\\\/www.booksonthemove.fr\\\/en\\\/\"},{\"@type\":\"ListItem\",\"position\":2,\"name\":\"online store\",\"item\":\"https:\\\/\\\/www.booksonthemove.fr\\\/en\\\/online-shop\\\/\"},{\"@type\":\"ListItem\",\"position\":3,\"name\":\"Basic Space, de l\u2019espace du corps \u00e0 l&#8217;espace habit\u00e9\"}]},{\"@type\":\"WebSite\",\"@id\":\"https:\\\/\\\/www.booksonthemove.fr\\\/#website\",\"url\":\"https:\\\/\\\/www.booksonthemove.fr\\\/\",\"name\":\"Books on the Move\",\"description\":\"librairie nomade - danse - mouvement - performance\",\"publisher\":{\"@id\":\"https:\\\/\\\/www.booksonthemove.fr\\\/#organization\"},\"potentialAction\":[{\"@type\":\"SearchAction\",\"target\":{\"@type\":\"EntryPoint\",\"urlTemplate\":\"https:\\\/\\\/www.booksonthemove.fr\\\/?s={search_term_string}\"},\"query-input\":{\"@type\":\"PropertyValueSpecification\",\"valueRequired\":true,\"valueName\":\"search_term_string\"}}],\"inLanguage\":\"en-US\"},{\"@type\":\"Organization\",\"@id\":\"https:\\\/\\\/www.booksonthemove.fr\\\/#organization\",\"name\":\"Books on the Move\",\"url\":\"https:\\\/\\\/www.booksonthemove.fr\\\/\",\"logo\":{\"@type\":\"ImageObject\",\"inLanguage\":\"en-US\",\"@id\":\"https:\\\/\\\/www.booksonthemove.fr\\\/#\\\/schema\\\/logo\\\/image\\\/\",\"url\":\"https:\\\/\\\/www.booksonthemove.fr\\\/media\\\/logo-NB-400.jpg\",\"contentUrl\":\"https:\\\/\\\/www.booksonthemove.fr\\\/media\\\/logo-NB-400.jpg\",\"width\":400,\"height\":143,\"caption\":\"Books on the Move\"},\"image\":{\"@id\":\"https:\\\/\\\/www.booksonthemove.fr\\\/#\\\/schema\\\/logo\\\/image\\\/\"},\"sameAs\":[\"https:\\\/\\\/www.facebook.com\\\/Librairiebooksonthemove\\\/\"]}]}<\/script>\n<!-- \/ Yoast SEO plugin. -->","yoast_head_json":{"title":"Basic Space, de l\u2019espace du corps \u00e0 l'espace habit\u00e9 - Books on the Move","robots":{"index":"index","follow":"follow","max-snippet":"max-snippet:-1","max-image-preview":"max-image-preview:large","max-video-preview":"max-video-preview:-1"},"canonical":"https:\/\/www.booksonthemove.fr\/en\/produit\/basic-space-de-lespace-du-corps-a-lespace-habite\/","og_locale":"en_US","og_type":"article","og_title":"Basic Space, de l\u2019espace du corps \u00e0 l'espace habit\u00e9 - Books on the Move","og_description":"Auteur : Fanny Millard Editeur : Extra \u00e9diteur d\u2019espace (2017)  Broch\u00e9 :\u00a0120 pages Langue : fran\u00e7ais ISBN13 : 978-2-9552904-6-0","og_url":"https:\/\/www.booksonthemove.fr\/en\/produit\/basic-space-de-lespace-du-corps-a-lespace-habite\/","og_site_name":"Books on the Move","article_publisher":"https:\/\/www.facebook.com\/Librairiebooksonthemove\/","article_modified_time":"2022-10-23T19:30:40+00:00","og_image":[{"width":644,"height":917,"url":"https:\/\/www.booksonthemove.fr\/media\/bom_2000.jpg","type":"image\/jpeg"}],"twitter_card":"summary_large_image","schema":{"@context":"https:\/\/schema.org","@graph":[{"@type":"WebPage","@id":"https:\/\/www.booksonthemove.fr\/en\/produit\/basic-space-de-lespace-du-corps-a-lespace-habite\/","url":"https:\/\/www.booksonthemove.fr\/en\/produit\/basic-space-de-lespace-du-corps-a-lespace-habite\/","name":"Basic Space, de l\u2019espace du corps \u00e0 l'espace habit\u00e9 - Books on the Move","isPartOf":{"@id":"https:\/\/www.booksonthemove.fr\/#website"},"primaryImageOfPage":{"@id":"https:\/\/www.booksonthemove.fr\/en\/produit\/basic-space-de-lespace-du-corps-a-lespace-habite\/#primaryimage"},"image":{"@id":"https:\/\/www.booksonthemove.fr\/en\/produit\/basic-space-de-lespace-du-corps-a-lespace-habite\/#primaryimage"},"thumbnailUrl":"https:\/\/www.booksonthemove.fr\/media\/bom_2000.jpg","datePublished":"2020-03-19T19:20:44+00:00","dateModified":"2022-10-23T19:30:40+00:00","breadcrumb":{"@id":"https:\/\/www.booksonthemove.fr\/en\/produit\/basic-space-de-lespace-du-corps-a-lespace-habite\/#breadcrumb"},"inLanguage":"en-US","potentialAction":[{"@type":"ReadAction","target":["https:\/\/www.booksonthemove.fr\/en\/produit\/basic-space-de-lespace-du-corps-a-lespace-habite\/"]}]},{"@type":"ImageObject","inLanguage":"en-US","@id":"https:\/\/www.booksonthemove.fr\/en\/produit\/basic-space-de-lespace-du-corps-a-lespace-habite\/#primaryimage","url":"https:\/\/www.booksonthemove.fr\/media\/bom_2000.jpg","contentUrl":"https:\/\/www.booksonthemove.fr\/media\/bom_2000.jpg","width":644,"height":917},{"@type":"BreadcrumbList","@id":"https:\/\/www.booksonthemove.fr\/en\/produit\/basic-space-de-lespace-du-corps-a-lespace-habite\/#breadcrumb","itemListElement":[{"@type":"ListItem","position":1,"name":"Accueil","item":"https:\/\/www.booksonthemove.fr\/en\/"},{"@type":"ListItem","position":2,"name":"online store","item":"https:\/\/www.booksonthemove.fr\/en\/online-shop\/"},{"@type":"ListItem","position":3,"name":"Basic Space, de l\u2019espace du corps \u00e0 l&#8217;espace habit\u00e9"}]},{"@type":"WebSite","@id":"https:\/\/www.booksonthemove.fr\/#website","url":"https:\/\/www.booksonthemove.fr\/","name":"Books on the Move","description":"librairie nomade - danse - mouvement - performance","publisher":{"@id":"https:\/\/www.booksonthemove.fr\/#organization"},"potentialAction":[{"@type":"SearchAction","target":{"@type":"EntryPoint","urlTemplate":"https:\/\/www.booksonthemove.fr\/?s={search_term_string}"},"query-input":{"@type":"PropertyValueSpecification","valueRequired":true,"valueName":"search_term_string"}}],"inLanguage":"en-US"},{"@type":"Organization","@id":"https:\/\/www.booksonthemove.fr\/#organization","name":"Books on the Move","url":"https:\/\/www.booksonthemove.fr\/","logo":{"@type":"ImageObject","inLanguage":"en-US","@id":"https:\/\/www.booksonthemove.fr\/#\/schema\/logo\/image\/","url":"https:\/\/www.booksonthemove.fr\/media\/logo-NB-400.jpg","contentUrl":"https:\/\/www.booksonthemove.fr\/media\/logo-NB-400.jpg","width":400,"height":143,"caption":"Books on the Move"},"image":{"@id":"https:\/\/www.booksonthemove.fr\/#\/schema\/logo\/image\/"},"sameAs":["https:\/\/www.facebook.com\/Librairiebooksonthemove\/"]}]}},"_links":{"self":[{"href":"https:\/\/www.booksonthemove.fr\/en\/wp-json\/wp\/v2\/product\/13450","targetHints":{"allow":["GET"]}}],"collection":[{"href":"https:\/\/www.booksonthemove.fr\/en\/wp-json\/wp\/v2\/product"}],"about":[{"href":"https:\/\/www.booksonthemove.fr\/en\/wp-json\/wp\/v2\/types\/product"}],"wp:featuredmedia":[{"embeddable":true,"href":"https:\/\/www.booksonthemove.fr\/en\/wp-json\/wp\/v2\/media\/13449"}],"wp:attachment":[{"href":"https:\/\/www.booksonthemove.fr\/en\/wp-json\/wp\/v2\/media?parent=13450"}],"wp:term":[{"taxonomy":"product_brand","embeddable":true,"href":"https:\/\/www.booksonthemove.fr\/en\/wp-json\/wp\/v2\/product_brand?post=13450"},{"taxonomy":"product_cat","embeddable":true,"href":"https:\/\/www.booksonthemove.fr\/en\/wp-json\/wp\/v2\/product_cat?post=13450"},{"taxonomy":"product_tag","embeddable":true,"href":"https:\/\/www.booksonthemove.fr\/en\/wp-json\/wp\/v2\/product_tag?post=13450"}],"curies":[{"name":"wp","href":"https:\/\/api.w.org\/{rel}","templated":true}]}}