{"id":13472,"date":"2020-06-22T17:10:35","date_gmt":"2020-06-22T15:10:35","guid":{"rendered":"https:\/\/www.booksonthemove.fr\/produit\/composer-en-danse\/"},"modified":"2023-11-28T14:36:03","modified_gmt":"2023-11-28T13:36:03","slug":"composer-en-danse","status":"publish","type":"product","link":"https:\/\/www.booksonthemove.fr\/en\/produit\/composer-en-danse\/","title":{"rendered":"Composer en danse"},"content":{"rendered":"<p>\u00c0 partir des paroles recueillies aupr\u00e8s de dix chor\u00e9graphes au cours d&#8217;une enqu\u00eate qui s&#8217;est \u00e9tir\u00e9e sur trois ans, Yvane Chapuis, Myriam Gourfink et Julie Perrin ont \u00e9labor\u00e9 un vocabulaire de la composition en danse. Il s&#8217;organise en vingt notions, mises en perspective historiquement ou conceptuellement, suivies de quatre discussions sp\u00e9cifiques et de dix portraits de circonstance.<br \/>\nCe livre t\u00e9moigne de pratiques et d&#8217;op\u00e9rations qui donnent forme et sens aux \u0153uvres. Ouvrant \u00e0 des conceptions h\u00e9t\u00e9rog\u00e8nes de la composition, il n&#8217;\u00e9puise pas le champ des possibles, mais peut servir de rep\u00e8re pour aborder la cr\u00e9ation chor\u00e9graphique contemporaine.<\/p>\n<p>propos de Marco Berrettini, Nathalie Collantes, DD Dorvillier, Myriam Gourfink, Thomas Hauert, R\u00e9my H\u00e9ritier, Daniel Linehan, Laurent Pichaud, Lo\u00efc Touz\u00e9, Cindy Van Acker.<\/p>\n","protected":false},"excerpt":{"rendered":"<p class=\"bodytext\"><strong>Auteurs:<\/strong> Yvane Chapuis, Myriam Gourfink, Julie Perrin<br \/>\n<strong>Editeur:<\/strong> Les presses du r\u00e9el &amp; La Manufacture \u2013 Hes-so, Lausanne (2020)<\/p>\n<p class=\"bodytext\"><strong>Broch\u00e9:<\/strong> 592 pages<br \/>\n<strong>Langue:<\/strong> Fran\u00e7ais<br \/>\n<strong>ISBN13:<\/strong> \u00a0978-2-37896-102-2<\/p>\n","protected":false},"featured_media":13471,"template":"","meta":[],"product_brand":[],"product_cat":[240,149,162,169,170,139],"product_tag":[],"class_list":{"0":"post-13472","1":"product","2":"type-product","3":"status-publish","4":"has-post-thumbnail","6":"product_cat-choreography-en","7":"product_cat-contemporary-dance-en","8":"product_cat-french-en","9":"product_cat-interviews-conversations-en","10":"product_cat-artists-career-en","11":"product_cat-work-process-en","13":"first","14":"outofstock","15":"taxable","16":"shipping-taxable","17":"purchasable","18":"product-type-simple"},"yoast_head":"<!-- This site is optimized with the Yoast SEO plugin v27.4 - https:\/\/yoast.com\/product\/yoast-seo-wordpress\/ -->\n<title>Composer en danse - Books on the Move<\/title>\n<meta name=\"robots\" content=\"index, follow, max-snippet:-1, max-image-preview:large, max-video-preview:-1\" \/>\n<link rel=\"canonical\" href=\"https:\/\/www.booksonthemove.fr\/produit\/composer-en-danse\/\" \/>\n<meta property=\"og:locale\" content=\"en_US\" \/>\n<meta property=\"og:type\" content=\"article\" \/>\n<meta property=\"og:title\" content=\"Composer en danse - Books on the Move\" \/>\n<meta property=\"og:description\" content=\"Auteurs: Yvane Chapuis, Myriam Gourfink, Julie Perrin Editeur: Les presses du r\u00e9el &amp; La Manufacture \u2013 Hes-so, Lausanne (2020) Broch\u00e9: 592 pages Langue: Fran\u00e7ais ISBN13: \u00a0978-2-37896-102-2\" \/>\n<meta property=\"og:url\" content=\"https:\/\/www.booksonthemove.fr\/produit\/composer-en-danse\/\" \/>\n<meta property=\"og:site_name\" content=\"Books on the Move\" \/>\n<meta property=\"article:publisher\" content=\"https:\/\/www.facebook.com\/Librairiebooksonthemove\/\" \/>\n<meta property=\"article:modified_time\" content=\"2023-11-28T13:36:03+00:00\" \/>\n<meta property=\"og:image\" content=\"https:\/\/www.booksonthemove.fr\/media\/bom_2003.jpg\" \/>\n\t<meta property=\"og:image:width\" content=\"751\" \/>\n\t<meta property=\"og:image:height\" content=\"884\" \/>\n\t<meta property=\"og:image:type\" content=\"image\/jpeg\" \/>\n<meta name=\"twitter:card\" content=\"summary_large_image\" \/>\n<script type=\"application\/ld+json\" class=\"yoast-schema-graph\">{\"@context\":\"https:\\\/\\\/schema.org\",\"@graph\":[{\"@type\":\"WebPage\",\"@id\":\"https:\\\/\\\/www.booksonthemove.fr\\\/produit\\\/composer-en-danse\\\/\",\"url\":\"https:\\\/\\\/www.booksonthemove.fr\\\/produit\\\/composer-en-danse\\\/\",\"name\":\"Composer en danse - Books on the Move\",\"isPartOf\":{\"@id\":\"https:\\\/\\\/www.booksonthemove.fr\\\/#website\"},\"primaryImageOfPage\":{\"@id\":\"https:\\\/\\\/www.booksonthemove.fr\\\/produit\\\/composer-en-danse\\\/#primaryimage\"},\"image\":{\"@id\":\"https:\\\/\\\/www.booksonthemove.fr\\\/produit\\\/composer-en-danse\\\/#primaryimage\"},\"thumbnailUrl\":\"https:\\\/\\\/www.booksonthemove.fr\\\/media\\\/bom_2003.jpg\",\"datePublished\":\"2020-06-22T15:10:35+00:00\",\"dateModified\":\"2023-11-28T13:36:03+00:00\",\"breadcrumb\":{\"@id\":\"https:\\\/\\\/www.booksonthemove.fr\\\/produit\\\/composer-en-danse\\\/#breadcrumb\"},\"inLanguage\":\"en-US\",\"potentialAction\":[{\"@type\":\"ReadAction\",\"target\":[\"https:\\\/\\\/www.booksonthemove.fr\\\/produit\\\/composer-en-danse\\\/\"]}]},{\"@type\":\"ImageObject\",\"inLanguage\":\"en-US\",\"@id\":\"https:\\\/\\\/www.booksonthemove.fr\\\/produit\\\/composer-en-danse\\\/#primaryimage\",\"url\":\"https:\\\/\\\/www.booksonthemove.fr\\\/media\\\/bom_2003.jpg\",\"contentUrl\":\"https:\\\/\\\/www.booksonthemove.fr\\\/media\\\/bom_2003.jpg\",\"width\":751,\"height\":884},{\"@type\":\"BreadcrumbList\",\"@id\":\"https:\\\/\\\/www.booksonthemove.fr\\\/produit\\\/composer-en-danse\\\/#breadcrumb\",\"itemListElement\":[{\"@type\":\"ListItem\",\"position\":1,\"name\":\"Accueil\",\"item\":\"https:\\\/\\\/www.booksonthemove.fr\\\/en\\\/\"},{\"@type\":\"ListItem\",\"position\":2,\"name\":\"online store\",\"item\":\"https:\\\/\\\/www.booksonthemove.fr\\\/en\\\/online-shop\\\/\"},{\"@type\":\"ListItem\",\"position\":3,\"name\":\"Composer en danse\"}]},{\"@type\":\"WebSite\",\"@id\":\"https:\\\/\\\/www.booksonthemove.fr\\\/#website\",\"url\":\"https:\\\/\\\/www.booksonthemove.fr\\\/\",\"name\":\"Books on the Move\",\"description\":\"librairie nomade - danse - mouvement - performance\",\"publisher\":{\"@id\":\"https:\\\/\\\/www.booksonthemove.fr\\\/#organization\"},\"potentialAction\":[{\"@type\":\"SearchAction\",\"target\":{\"@type\":\"EntryPoint\",\"urlTemplate\":\"https:\\\/\\\/www.booksonthemove.fr\\\/?s={search_term_string}\"},\"query-input\":{\"@type\":\"PropertyValueSpecification\",\"valueRequired\":true,\"valueName\":\"search_term_string\"}}],\"inLanguage\":\"en-US\"},{\"@type\":\"Organization\",\"@id\":\"https:\\\/\\\/www.booksonthemove.fr\\\/#organization\",\"name\":\"Books on the Move\",\"url\":\"https:\\\/\\\/www.booksonthemove.fr\\\/\",\"logo\":{\"@type\":\"ImageObject\",\"inLanguage\":\"en-US\",\"@id\":\"https:\\\/\\\/www.booksonthemove.fr\\\/#\\\/schema\\\/logo\\\/image\\\/\",\"url\":\"https:\\\/\\\/www.booksonthemove.fr\\\/media\\\/logo-NB-400.jpg\",\"contentUrl\":\"https:\\\/\\\/www.booksonthemove.fr\\\/media\\\/logo-NB-400.jpg\",\"width\":400,\"height\":143,\"caption\":\"Books on the Move\"},\"image\":{\"@id\":\"https:\\\/\\\/www.booksonthemove.fr\\\/#\\\/schema\\\/logo\\\/image\\\/\"},\"sameAs\":[\"https:\\\/\\\/www.facebook.com\\\/Librairiebooksonthemove\\\/\"]}]}<\/script>\n<!-- \/ Yoast SEO plugin. -->","yoast_head_json":{"title":"Composer en danse - Books on the Move","robots":{"index":"index","follow":"follow","max-snippet":"max-snippet:-1","max-image-preview":"max-image-preview:large","max-video-preview":"max-video-preview:-1"},"canonical":"https:\/\/www.booksonthemove.fr\/produit\/composer-en-danse\/","og_locale":"en_US","og_type":"article","og_title":"Composer en danse - Books on the Move","og_description":"Auteurs: Yvane Chapuis, Myriam Gourfink, Julie Perrin Editeur: Les presses du r\u00e9el &amp; La Manufacture \u2013 Hes-so, Lausanne (2020) Broch\u00e9: 592 pages Langue: Fran\u00e7ais ISBN13: \u00a0978-2-37896-102-2","og_url":"https:\/\/www.booksonthemove.fr\/produit\/composer-en-danse\/","og_site_name":"Books on the Move","article_publisher":"https:\/\/www.facebook.com\/Librairiebooksonthemove\/","article_modified_time":"2023-11-28T13:36:03+00:00","og_image":[{"width":751,"height":884,"url":"https:\/\/www.booksonthemove.fr\/media\/bom_2003.jpg","type":"image\/jpeg"}],"twitter_card":"summary_large_image","schema":{"@context":"https:\/\/schema.org","@graph":[{"@type":"WebPage","@id":"https:\/\/www.booksonthemove.fr\/produit\/composer-en-danse\/","url":"https:\/\/www.booksonthemove.fr\/produit\/composer-en-danse\/","name":"Composer en danse - Books on the Move","isPartOf":{"@id":"https:\/\/www.booksonthemove.fr\/#website"},"primaryImageOfPage":{"@id":"https:\/\/www.booksonthemove.fr\/produit\/composer-en-danse\/#primaryimage"},"image":{"@id":"https:\/\/www.booksonthemove.fr\/produit\/composer-en-danse\/#primaryimage"},"thumbnailUrl":"https:\/\/www.booksonthemove.fr\/media\/bom_2003.jpg","datePublished":"2020-06-22T15:10:35+00:00","dateModified":"2023-11-28T13:36:03+00:00","breadcrumb":{"@id":"https:\/\/www.booksonthemove.fr\/produit\/composer-en-danse\/#breadcrumb"},"inLanguage":"en-US","potentialAction":[{"@type":"ReadAction","target":["https:\/\/www.booksonthemove.fr\/produit\/composer-en-danse\/"]}]},{"@type":"ImageObject","inLanguage":"en-US","@id":"https:\/\/www.booksonthemove.fr\/produit\/composer-en-danse\/#primaryimage","url":"https:\/\/www.booksonthemove.fr\/media\/bom_2003.jpg","contentUrl":"https:\/\/www.booksonthemove.fr\/media\/bom_2003.jpg","width":751,"height":884},{"@type":"BreadcrumbList","@id":"https:\/\/www.booksonthemove.fr\/produit\/composer-en-danse\/#breadcrumb","itemListElement":[{"@type":"ListItem","position":1,"name":"Accueil","item":"https:\/\/www.booksonthemove.fr\/en\/"},{"@type":"ListItem","position":2,"name":"online store","item":"https:\/\/www.booksonthemove.fr\/en\/online-shop\/"},{"@type":"ListItem","position":3,"name":"Composer en danse"}]},{"@type":"WebSite","@id":"https:\/\/www.booksonthemove.fr\/#website","url":"https:\/\/www.booksonthemove.fr\/","name":"Books on the Move","description":"librairie nomade - danse - mouvement - performance","publisher":{"@id":"https:\/\/www.booksonthemove.fr\/#organization"},"potentialAction":[{"@type":"SearchAction","target":{"@type":"EntryPoint","urlTemplate":"https:\/\/www.booksonthemove.fr\/?s={search_term_string}"},"query-input":{"@type":"PropertyValueSpecification","valueRequired":true,"valueName":"search_term_string"}}],"inLanguage":"en-US"},{"@type":"Organization","@id":"https:\/\/www.booksonthemove.fr\/#organization","name":"Books on the Move","url":"https:\/\/www.booksonthemove.fr\/","logo":{"@type":"ImageObject","inLanguage":"en-US","@id":"https:\/\/www.booksonthemove.fr\/#\/schema\/logo\/image\/","url":"https:\/\/www.booksonthemove.fr\/media\/logo-NB-400.jpg","contentUrl":"https:\/\/www.booksonthemove.fr\/media\/logo-NB-400.jpg","width":400,"height":143,"caption":"Books on the Move"},"image":{"@id":"https:\/\/www.booksonthemove.fr\/#\/schema\/logo\/image\/"},"sameAs":["https:\/\/www.facebook.com\/Librairiebooksonthemove\/"]}]}},"_links":{"self":[{"href":"https:\/\/www.booksonthemove.fr\/en\/wp-json\/wp\/v2\/product\/13472","targetHints":{"allow":["GET"]}}],"collection":[{"href":"https:\/\/www.booksonthemove.fr\/en\/wp-json\/wp\/v2\/product"}],"about":[{"href":"https:\/\/www.booksonthemove.fr\/en\/wp-json\/wp\/v2\/types\/product"}],"wp:featuredmedia":[{"embeddable":true,"href":"https:\/\/www.booksonthemove.fr\/en\/wp-json\/wp\/v2\/media\/13471"}],"wp:attachment":[{"href":"https:\/\/www.booksonthemove.fr\/en\/wp-json\/wp\/v2\/media?parent=13472"}],"wp:term":[{"taxonomy":"product_brand","embeddable":true,"href":"https:\/\/www.booksonthemove.fr\/en\/wp-json\/wp\/v2\/product_brand?post=13472"},{"taxonomy":"product_cat","embeddable":true,"href":"https:\/\/www.booksonthemove.fr\/en\/wp-json\/wp\/v2\/product_cat?post=13472"},{"taxonomy":"product_tag","embeddable":true,"href":"https:\/\/www.booksonthemove.fr\/en\/wp-json\/wp\/v2\/product_tag?post=13472"}],"curies":[{"name":"wp","href":"https:\/\/api.w.org\/{rel}","templated":true}]}}