{"id":13506,"date":"2020-03-20T17:38:21","date_gmt":"2020-03-20T16:38:21","guid":{"rendered":"https:\/\/www.booksonthemove.fr\/produit\/alternatives-theatrales-n135-philoscene\/"},"modified":"2022-01-15T09:48:05","modified_gmt":"2022-01-15T08:48:05","slug":"alternatives-theatrales-n135-philoscene","status":"publish","type":"product","link":"https:\/\/www.booksonthemove.fr\/en\/produit\/alternatives-theatrales-n135-philoscene\/","title":{"rendered":"Alternatives Th\u00e9atrales N\u00b0135 &#8211; Philosc\u00e8ne"},"content":{"rendered":"<p>Ce num\u00e9ro #135 baptis\u00e9 <i>Philosc\u00e8ne, La philosophie \u00e0 l&#8217;\u00e9preuve du plateau<\/i>, tente d&#8217;explorer les nombreuses relations qu&#8217;entretiennent les philosophes &#8211; et\/ou la philosophie &#8211; avec les arts de la sc\u00e8ne aujourd&#8217;hui. Introduit par Denis Gu\u00e9noun et Alain Badiou, il s&#8217;articule autour de deux parties tout \u00e0 fait perm\u00e9ables. Quel est le devenir sc\u00e9nique des textes philosophiques (question de l&#8217;adaptation) ? Existe-t-il une mani\u00e8re proprement philosophique d&#8217;\u00e9crire (pour) le th\u00e9\u00e2tre, la danse, la sc\u00e8ne (dramaturgie de la pens\u00e9e) ? Un cahier critique conclut cette publication en analysant des oeuvres qui mettent <i>en jeu <\/i>l&#8217;amour de la sagesse et de la pens\u00e9e.<\/p>\n","protected":false},"excerpt":{"rendered":"<p class=\"bodytext\"><strong>Auteurs:<\/strong> ouvrage collectif<br \/>\n<strong>Editeur:<\/strong> Alternatives Th\u00e9\u00e2trales (2018)<\/p>\n<p class=\"bodytext\"><strong>Broch\u00e9:<\/strong>\u00a080 pages<br \/>\n<strong>Langue:<\/strong> Fran\u00e7ais<br \/>\n<strong>ISBN13:<\/strong> 978-2-874-28113-6<\/p>\n","protected":false},"featured_media":13505,"template":"","meta":[],"product_brand":[],"product_cat":[162,206,211,241],"product_tag":[],"class_list":{"0":"post-13506","1":"product","2":"type-product","3":"status-publish","4":"has-post-thumbnail","6":"product_cat-french-en","7":"product_cat-philosophy-aesthetics-en","8":"product_cat-magazines-en","9":"product_cat-theater-en","11":"first","12":"instock","13":"taxable","14":"shipping-taxable","15":"purchasable","16":"product-type-simple"},"yoast_head":"<!-- This site is optimized with the Yoast SEO plugin v27.4 - https:\/\/yoast.com\/product\/yoast-seo-wordpress\/ -->\n<title>Alternatives Th\u00e9atrales N\u00b0135 - Philosc\u00e8ne - Books on the Move<\/title>\n<meta name=\"robots\" content=\"index, follow, max-snippet:-1, max-image-preview:large, max-video-preview:-1\" \/>\n<link rel=\"canonical\" href=\"https:\/\/www.booksonthemove.fr\/en\/produit\/alternatives-theatrales-n135-philoscene\/\" \/>\n<meta property=\"og:locale\" content=\"en_US\" \/>\n<meta property=\"og:type\" content=\"article\" \/>\n<meta property=\"og:title\" content=\"Alternatives Th\u00e9atrales N\u00b0135 - Philosc\u00e8ne - Books on the Move\" \/>\n<meta property=\"og:description\" content=\"Auteurs: ouvrage collectif Editeur: Alternatives Th\u00e9\u00e2trales (2018) Broch\u00e9:\u00a080 pages Langue: Fran\u00e7ais ISBN13: 978-2-874-28113-6\" \/>\n<meta property=\"og:url\" content=\"https:\/\/www.booksonthemove.fr\/en\/produit\/alternatives-theatrales-n135-philoscene\/\" \/>\n<meta property=\"og:site_name\" content=\"Books on the Move\" \/>\n<meta property=\"article:publisher\" content=\"https:\/\/www.facebook.com\/Librairiebooksonthemove\/\" \/>\n<meta property=\"article:modified_time\" content=\"2022-01-15T08:48:05+00:00\" \/>\n<meta property=\"og:image\" content=\"https:\/\/www.booksonthemove.fr\/media\/bom_2004.jpg\" \/>\n\t<meta property=\"og:image:width\" content=\"400\" \/>\n\t<meta property=\"og:image:height\" content=\"500\" \/>\n\t<meta property=\"og:image:type\" content=\"image\/jpeg\" \/>\n<meta name=\"twitter:card\" content=\"summary_large_image\" \/>\n<script type=\"application\/ld+json\" class=\"yoast-schema-graph\">{\"@context\":\"https:\\\/\\\/schema.org\",\"@graph\":[{\"@type\":\"WebPage\",\"@id\":\"https:\\\/\\\/www.booksonthemove.fr\\\/en\\\/produit\\\/alternatives-theatrales-n135-philoscene\\\/\",\"url\":\"https:\\\/\\\/www.booksonthemove.fr\\\/en\\\/produit\\\/alternatives-theatrales-n135-philoscene\\\/\",\"name\":\"Alternatives Th\u00e9atrales N\u00b0135 - Philosc\u00e8ne - Books on the Move\",\"isPartOf\":{\"@id\":\"https:\\\/\\\/www.booksonthemove.fr\\\/#website\"},\"primaryImageOfPage\":{\"@id\":\"https:\\\/\\\/www.booksonthemove.fr\\\/en\\\/produit\\\/alternatives-theatrales-n135-philoscene\\\/#primaryimage\"},\"image\":{\"@id\":\"https:\\\/\\\/www.booksonthemove.fr\\\/en\\\/produit\\\/alternatives-theatrales-n135-philoscene\\\/#primaryimage\"},\"thumbnailUrl\":\"https:\\\/\\\/www.booksonthemove.fr\\\/media\\\/bom_2004.jpg\",\"datePublished\":\"2020-03-20T16:38:21+00:00\",\"dateModified\":\"2022-01-15T08:48:05+00:00\",\"breadcrumb\":{\"@id\":\"https:\\\/\\\/www.booksonthemove.fr\\\/en\\\/produit\\\/alternatives-theatrales-n135-philoscene\\\/#breadcrumb\"},\"inLanguage\":\"en-US\",\"potentialAction\":[{\"@type\":\"ReadAction\",\"target\":[\"https:\\\/\\\/www.booksonthemove.fr\\\/en\\\/produit\\\/alternatives-theatrales-n135-philoscene\\\/\"]}]},{\"@type\":\"ImageObject\",\"inLanguage\":\"en-US\",\"@id\":\"https:\\\/\\\/www.booksonthemove.fr\\\/en\\\/produit\\\/alternatives-theatrales-n135-philoscene\\\/#primaryimage\",\"url\":\"https:\\\/\\\/www.booksonthemove.fr\\\/media\\\/bom_2004.jpg\",\"contentUrl\":\"https:\\\/\\\/www.booksonthemove.fr\\\/media\\\/bom_2004.jpg\",\"width\":400,\"height\":500},{\"@type\":\"BreadcrumbList\",\"@id\":\"https:\\\/\\\/www.booksonthemove.fr\\\/en\\\/produit\\\/alternatives-theatrales-n135-philoscene\\\/#breadcrumb\",\"itemListElement\":[{\"@type\":\"ListItem\",\"position\":1,\"name\":\"Accueil\",\"item\":\"https:\\\/\\\/www.booksonthemove.fr\\\/en\\\/\"},{\"@type\":\"ListItem\",\"position\":2,\"name\":\"online store\",\"item\":\"https:\\\/\\\/www.booksonthemove.fr\\\/en\\\/online-shop\\\/\"},{\"@type\":\"ListItem\",\"position\":3,\"name\":\"Alternatives Th\u00e9atrales N\u00b0135 &#8211; Philosc\u00e8ne\"}]},{\"@type\":\"WebSite\",\"@id\":\"https:\\\/\\\/www.booksonthemove.fr\\\/#website\",\"url\":\"https:\\\/\\\/www.booksonthemove.fr\\\/\",\"name\":\"Books on the Move\",\"description\":\"librairie nomade - danse - mouvement - performance\",\"publisher\":{\"@id\":\"https:\\\/\\\/www.booksonthemove.fr\\\/#organization\"},\"potentialAction\":[{\"@type\":\"SearchAction\",\"target\":{\"@type\":\"EntryPoint\",\"urlTemplate\":\"https:\\\/\\\/www.booksonthemove.fr\\\/?s={search_term_string}\"},\"query-input\":{\"@type\":\"PropertyValueSpecification\",\"valueRequired\":true,\"valueName\":\"search_term_string\"}}],\"inLanguage\":\"en-US\"},{\"@type\":\"Organization\",\"@id\":\"https:\\\/\\\/www.booksonthemove.fr\\\/#organization\",\"name\":\"Books on the Move\",\"url\":\"https:\\\/\\\/www.booksonthemove.fr\\\/\",\"logo\":{\"@type\":\"ImageObject\",\"inLanguage\":\"en-US\",\"@id\":\"https:\\\/\\\/www.booksonthemove.fr\\\/#\\\/schema\\\/logo\\\/image\\\/\",\"url\":\"https:\\\/\\\/www.booksonthemove.fr\\\/media\\\/logo-NB-400.jpg\",\"contentUrl\":\"https:\\\/\\\/www.booksonthemove.fr\\\/media\\\/logo-NB-400.jpg\",\"width\":400,\"height\":143,\"caption\":\"Books on the Move\"},\"image\":{\"@id\":\"https:\\\/\\\/www.booksonthemove.fr\\\/#\\\/schema\\\/logo\\\/image\\\/\"},\"sameAs\":[\"https:\\\/\\\/www.facebook.com\\\/Librairiebooksonthemove\\\/\"]}]}<\/script>\n<!-- \/ Yoast SEO plugin. -->","yoast_head_json":{"title":"Alternatives Th\u00e9atrales N\u00b0135 - Philosc\u00e8ne - Books on the Move","robots":{"index":"index","follow":"follow","max-snippet":"max-snippet:-1","max-image-preview":"max-image-preview:large","max-video-preview":"max-video-preview:-1"},"canonical":"https:\/\/www.booksonthemove.fr\/en\/produit\/alternatives-theatrales-n135-philoscene\/","og_locale":"en_US","og_type":"article","og_title":"Alternatives Th\u00e9atrales N\u00b0135 - Philosc\u00e8ne - Books on the Move","og_description":"Auteurs: ouvrage collectif Editeur: Alternatives Th\u00e9\u00e2trales (2018) Broch\u00e9:\u00a080 pages Langue: Fran\u00e7ais ISBN13: 978-2-874-28113-6","og_url":"https:\/\/www.booksonthemove.fr\/en\/produit\/alternatives-theatrales-n135-philoscene\/","og_site_name":"Books on the Move","article_publisher":"https:\/\/www.facebook.com\/Librairiebooksonthemove\/","article_modified_time":"2022-01-15T08:48:05+00:00","og_image":[{"width":400,"height":500,"url":"https:\/\/www.booksonthemove.fr\/media\/bom_2004.jpg","type":"image\/jpeg"}],"twitter_card":"summary_large_image","schema":{"@context":"https:\/\/schema.org","@graph":[{"@type":"WebPage","@id":"https:\/\/www.booksonthemove.fr\/en\/produit\/alternatives-theatrales-n135-philoscene\/","url":"https:\/\/www.booksonthemove.fr\/en\/produit\/alternatives-theatrales-n135-philoscene\/","name":"Alternatives Th\u00e9atrales N\u00b0135 - Philosc\u00e8ne - Books on the Move","isPartOf":{"@id":"https:\/\/www.booksonthemove.fr\/#website"},"primaryImageOfPage":{"@id":"https:\/\/www.booksonthemove.fr\/en\/produit\/alternatives-theatrales-n135-philoscene\/#primaryimage"},"image":{"@id":"https:\/\/www.booksonthemove.fr\/en\/produit\/alternatives-theatrales-n135-philoscene\/#primaryimage"},"thumbnailUrl":"https:\/\/www.booksonthemove.fr\/media\/bom_2004.jpg","datePublished":"2020-03-20T16:38:21+00:00","dateModified":"2022-01-15T08:48:05+00:00","breadcrumb":{"@id":"https:\/\/www.booksonthemove.fr\/en\/produit\/alternatives-theatrales-n135-philoscene\/#breadcrumb"},"inLanguage":"en-US","potentialAction":[{"@type":"ReadAction","target":["https:\/\/www.booksonthemove.fr\/en\/produit\/alternatives-theatrales-n135-philoscene\/"]}]},{"@type":"ImageObject","inLanguage":"en-US","@id":"https:\/\/www.booksonthemove.fr\/en\/produit\/alternatives-theatrales-n135-philoscene\/#primaryimage","url":"https:\/\/www.booksonthemove.fr\/media\/bom_2004.jpg","contentUrl":"https:\/\/www.booksonthemove.fr\/media\/bom_2004.jpg","width":400,"height":500},{"@type":"BreadcrumbList","@id":"https:\/\/www.booksonthemove.fr\/en\/produit\/alternatives-theatrales-n135-philoscene\/#breadcrumb","itemListElement":[{"@type":"ListItem","position":1,"name":"Accueil","item":"https:\/\/www.booksonthemove.fr\/en\/"},{"@type":"ListItem","position":2,"name":"online store","item":"https:\/\/www.booksonthemove.fr\/en\/online-shop\/"},{"@type":"ListItem","position":3,"name":"Alternatives Th\u00e9atrales N\u00b0135 &#8211; Philosc\u00e8ne"}]},{"@type":"WebSite","@id":"https:\/\/www.booksonthemove.fr\/#website","url":"https:\/\/www.booksonthemove.fr\/","name":"Books on the Move","description":"librairie nomade - danse - mouvement - performance","publisher":{"@id":"https:\/\/www.booksonthemove.fr\/#organization"},"potentialAction":[{"@type":"SearchAction","target":{"@type":"EntryPoint","urlTemplate":"https:\/\/www.booksonthemove.fr\/?s={search_term_string}"},"query-input":{"@type":"PropertyValueSpecification","valueRequired":true,"valueName":"search_term_string"}}],"inLanguage":"en-US"},{"@type":"Organization","@id":"https:\/\/www.booksonthemove.fr\/#organization","name":"Books on the Move","url":"https:\/\/www.booksonthemove.fr\/","logo":{"@type":"ImageObject","inLanguage":"en-US","@id":"https:\/\/www.booksonthemove.fr\/#\/schema\/logo\/image\/","url":"https:\/\/www.booksonthemove.fr\/media\/logo-NB-400.jpg","contentUrl":"https:\/\/www.booksonthemove.fr\/media\/logo-NB-400.jpg","width":400,"height":143,"caption":"Books on the Move"},"image":{"@id":"https:\/\/www.booksonthemove.fr\/#\/schema\/logo\/image\/"},"sameAs":["https:\/\/www.facebook.com\/Librairiebooksonthemove\/"]}]}},"_links":{"self":[{"href":"https:\/\/www.booksonthemove.fr\/en\/wp-json\/wp\/v2\/product\/13506","targetHints":{"allow":["GET"]}}],"collection":[{"href":"https:\/\/www.booksonthemove.fr\/en\/wp-json\/wp\/v2\/product"}],"about":[{"href":"https:\/\/www.booksonthemove.fr\/en\/wp-json\/wp\/v2\/types\/product"}],"wp:featuredmedia":[{"embeddable":true,"href":"https:\/\/www.booksonthemove.fr\/en\/wp-json\/wp\/v2\/media\/13505"}],"wp:attachment":[{"href":"https:\/\/www.booksonthemove.fr\/en\/wp-json\/wp\/v2\/media?parent=13506"}],"wp:term":[{"taxonomy":"product_brand","embeddable":true,"href":"https:\/\/www.booksonthemove.fr\/en\/wp-json\/wp\/v2\/product_brand?post=13506"},{"taxonomy":"product_cat","embeddable":true,"href":"https:\/\/www.booksonthemove.fr\/en\/wp-json\/wp\/v2\/product_cat?post=13506"},{"taxonomy":"product_tag","embeddable":true,"href":"https:\/\/www.booksonthemove.fr\/en\/wp-json\/wp\/v2\/product_tag?post=13506"}],"curies":[{"name":"wp","href":"https:\/\/api.w.org\/{rel}","templated":true}]}}