{"id":13580,"date":"2020-03-21T17:53:31","date_gmt":"2020-03-21T16:53:31","guid":{"rendered":"https:\/\/www.booksonthemove.fr\/produit\/critique-dart-n53-fall-winter-2019\/"},"modified":"2020-03-21T19:54:23","modified_gmt":"2020-03-21T18:54:23","slug":"critique-dart-n53-fall-winter-2019","status":"publish","type":"product","link":"https:\/\/www.booksonthemove.fr\/en\/produit\/critique-dart-n53-fall-winter-2019\/","title":{"rendered":"Critique d\u2019art n\u00b053 \u2013 Fall\/Winter 2019"},"content":{"rendered":"<p>Exhibitions are accompanied by an ensemble that presents them, represents them, and thus makes them present. This set made up of connected forms, paratexts\u2014to borrow G\u00e9rard Genette\u2019s term\u2014and\u00a0 \u201cexhibition prosthetics\u201d, in Joseph Grigely\u2019s provocative turn of phrase, associates the names of the artists and the curator(s), the exhibition\u2019s title, the texts and essays, the notices, the audio guide, all augmented realities, printed media, and, needless to add, the catalogues. Joseph Grigley questions the reality of the exhibition thus: \u201cWhere does an exhibition begin &amp; end? Is an exhibition just about the materialization of specific works of art, or is it also \u2014 and if so, in what ways\u2014 about the various conventions that go into the making of exhibitions, which include press releases, announcement cards, checklists, catalogues, and digital-based media?\u201d He thus prefers talking in terms of exhibition \u201cprosthetics\u201d \u201cto describe an array of these conventions, particularly (but not exclusively) in relation to exhibition practices.\u201d [\u2026]<\/p>\n<div class=\"articles\">\n<h3>Articles<\/h3>\n<div class=\"liste-articles\"><span class=\"titrearticle-fr\">Nouvelles de l\u2019outre-terre : r\u00e9cits depuis les profondeurs du monde<\/span><br \/>\n<span class=\"titrearticle-en\">News From Beyond The Earth: Tales From The Depths of The World <\/span><br \/>\nde\/byB\u00e9n\u00e9dicte Ramade<\/div>\n<div><\/div>\n<div class=\"liste-articles\"><span class=\"titrearticle-fr\">Friction(s) dans la repr\u00e9sentation : comment penser les artistes face aux \u00e9v\u00e9nements ?<\/span><br \/>\n<span class=\"titrearticle-en\">Friction(s) in Representation: How Are We to Think about Artists in the Face of Events<\/span><br \/>\nde\/by Paula Barreiro L\u00f3pez<\/div>\n<div><\/div>\n<div class=\"liste-articles\"><span class=\"titrearticle-fr\">Mutation du paysage artistique africain \u00e0 la Biennale de Venise<\/span><br \/>\n<span class=\"titrearticle-en\">The Landscape of African Art: Transformations at the Venice Biennale <\/span><br \/>\nde\/by Dagara Dakin<\/div>\n<div><\/div>\n<div class=\"liste-articles\"><span class=\"titrearticle-fr\">Noir sur blanc : d\u00e9coloniser le regard<\/span><br \/>\n<span class=\"titrearticle-en\">Black on White: Decolonising the Gaze<\/span><br \/>\nde\/by J\u00e9r\u00f4me Duwa<\/div>\n<div><\/div>\n<div class=\"liste-articles\"><span class=\"titrearticle-fr\">Le Livre peut-il encore tuer l\u2019\u00e9difice ?<\/span><br \/>\n<span class=\"titrearticle-en\">Can The Book Still Kill The Building?<\/span><br \/>\nde\/by Thibaut de Ruyter<\/div>\n<div><\/div>\n<div class=\"liste-articles\"><span class=\"titrearticle-fr\">Encyclop\u00e9die de silences : pr\u00e9histoire et modernit\u00e9 <\/span><br \/>\n<span class=\"titrearticle-en\">Encyclopaedia of Silences: Prehistory and Modernity <\/span><br \/>\nde\/by Riccardo Venturi<\/div>\n<\/div>\n<div class=\"portraitsAuteurs\">\n<h3>Portrait d\u2019auteur<\/h3>\n<div class=\"liste-articles\"><span class=\"titrearticle-fr\">Beatriz Colomina<\/span><br \/>\nVal\u00e9ry Didelon<\/div>\n<\/div>\n<div class=\"portraitsArtistes\">\n<h3>Portrait d\u2019artiste<\/h3>\n<div class=\"liste-articles\"><span class=\"titrearticle-fr\">Santu Mofokeng<\/span><br \/>\nKatja Gentric<\/div>\n<\/div>\n<div class=\"traduction\">\n<h3>Traduction<\/h3>\n<div class=\"liste-articles\"><span class=\"titrearticle-fr\">Institutions artistiques carib\u00e9ennes, critique et sph\u00e8re publique<\/span><br \/>\n<span class=\"titrearticle-en\">Traduction extraite de : Beyond Representation in Contemporary Caribbean Art: Space, Politics, and the Public Sphere<\/span><br \/>\nPhoebe Clarke<br \/>\nIntroduit par \/ Introduced by : Sylvie Mokhtari<\/div>\n<\/div>\n<div class=\"essai\">\n<h3>Essai<\/h3>\n<div class=\"liste-articles\"><span class=\"titrearticle-fr\">Plasticien du bled. De Sadek Rahim au hirak, l\u2019art contemporain alg\u00e9rien en qu\u00eate d\u2019autonomie<\/span><br \/>\n<span class=\"titrearticle-en\">Visual Artists from the Bled. From Sadek Rahim to the Hirak, Contemporary Algerian Art\u2019s Quest for Autonomy<\/span><br \/>\nFlorian Gait\u00e9<br \/>\nIntroduit par\/introduced by: Elitza Dulguerova<\/div>\n<\/div>\n<div class=\"histoirerevisitee\">\n<h3>L\u2019Histoire revisit\u00e9e<\/h3>\n<div class=\"liste-articles\"><span class=\"titrearticle-fr\">Situation de l\u2019Art brut<\/span><br \/>\n<span class=\"titrearticle-en\">The Art Brut Situation<\/span><br \/>\nde\/by Marc D\u00e9cimo<\/div>\n<div><\/div>\n<div class=\"liste-articles\"><span class=\"titrearticle-fr\">Dubuffet, l\u2019Art brut et le \u00ab primitivisme \u00bb<\/span><br \/>\n<span class=\"titrearticle-en\">Dubuffet, Art Brut and \u00ab\u00a0Primitivism\u00a0\u00bb<\/span><br \/>\nde\/by Kent Mitchell Minturn<\/div>\n<\/div>\n<div class=\"dossiersArchives\">\n<h3>Archives<\/h3>\n<div class=\"liste-articles\"><span class=\"titrearticle-fr\">\u00ab European-art.net \u00bb, relais international et communaut\u00e9 solidaire<\/span><br \/>\n<span class=\"titrearticle-en\">\u201cEuropean-art.net\u201d, an International Staging-post and a United Community<\/span><br \/>\nde\/by Jens Emil Sennewald<\/div>\n<\/div>\n","protected":false},"excerpt":{"rendered":"<p>Authors: Mathieu Copeland<br \/>\nPublisher: Archives de la critique d\u2019art, Universit\u00e9 de Rennes (2019)<\/p>\n<p>Paperback: 220 pages<br \/>\nLanguage: French\/English<br \/>\nISSN: 1246-8258<\/p>\n","protected":false},"featured_media":13579,"template":"","meta":[],"product_brand":[],"product_cat":[135,162,211],"product_tag":[],"class_list":{"0":"post-13580","1":"product","2":"type-product","3":"status-publish","4":"has-post-thumbnail","6":"product_cat-english-en","7":"product_cat-french-en","8":"product_cat-magazines-en","10":"first","11":"instock","12":"taxable","13":"shipping-taxable","14":"purchasable","15":"product-type-simple"},"yoast_head":"<!-- This site is optimized with the Yoast SEO plugin v27.5 - https:\/\/yoast.com\/product\/yoast-seo-wordpress\/ -->\n<title>Critique d\u2019art n\u00b053 \u2013 Fall\/Winter 2019 - Books on the Move<\/title>\n<meta name=\"robots\" content=\"index, follow, max-snippet:-1, max-image-preview:large, max-video-preview:-1\" \/>\n<link rel=\"canonical\" href=\"https:\/\/www.booksonthemove.fr\/en\/produit\/critique-dart-n53-fall-winter-2019\/\" \/>\n<meta property=\"og:locale\" content=\"en_US\" \/>\n<meta property=\"og:type\" content=\"article\" \/>\n<meta property=\"og:title\" content=\"Critique d\u2019art n\u00b053 \u2013 Fall\/Winter 2019 - Books on the Move\" \/>\n<meta property=\"og:description\" content=\"Authors: Mathieu Copeland Publisher: Archives de la critique d\u2019art, Universit\u00e9 de Rennes (2019)  Paperback: 220 pages Language: French\/English ISSN: 1246-8258\" \/>\n<meta property=\"og:url\" content=\"https:\/\/www.booksonthemove.fr\/en\/produit\/critique-dart-n53-fall-winter-2019\/\" \/>\n<meta property=\"og:site_name\" content=\"Books on the Move\" \/>\n<meta property=\"article:publisher\" content=\"https:\/\/www.facebook.com\/Librairiebooksonthemove\/\" \/>\n<meta property=\"article:modified_time\" content=\"2020-03-21T18:54:23+00:00\" \/>\n<meta property=\"og:image\" content=\"https:\/\/www.booksonthemove.fr\/media\/bom_2008.1.jpg\" \/>\n\t<meta property=\"og:image:width\" content=\"637\" \/>\n\t<meta property=\"og:image:height\" content=\"855\" \/>\n\t<meta property=\"og:image:type\" content=\"image\/jpeg\" \/>\n<meta name=\"twitter:card\" content=\"summary_large_image\" \/>\n<script type=\"application\/ld+json\" class=\"yoast-schema-graph\">{\"@context\":\"https:\\\/\\\/schema.org\",\"@graph\":[{\"@type\":\"WebPage\",\"@id\":\"https:\\\/\\\/www.booksonthemove.fr\\\/en\\\/produit\\\/critique-dart-n53-fall-winter-2019\\\/\",\"url\":\"https:\\\/\\\/www.booksonthemove.fr\\\/en\\\/produit\\\/critique-dart-n53-fall-winter-2019\\\/\",\"name\":\"Critique d\u2019art n\u00b053 \u2013 Fall\\\/Winter 2019 - Books on the Move\",\"isPartOf\":{\"@id\":\"https:\\\/\\\/www.booksonthemove.fr\\\/#website\"},\"primaryImageOfPage\":{\"@id\":\"https:\\\/\\\/www.booksonthemove.fr\\\/en\\\/produit\\\/critique-dart-n53-fall-winter-2019\\\/#primaryimage\"},\"image\":{\"@id\":\"https:\\\/\\\/www.booksonthemove.fr\\\/en\\\/produit\\\/critique-dart-n53-fall-winter-2019\\\/#primaryimage\"},\"thumbnailUrl\":\"https:\\\/\\\/www.booksonthemove.fr\\\/media\\\/bom_2008.1.jpg\",\"datePublished\":\"2020-03-21T16:53:31+00:00\",\"dateModified\":\"2020-03-21T18:54:23+00:00\",\"breadcrumb\":{\"@id\":\"https:\\\/\\\/www.booksonthemove.fr\\\/en\\\/produit\\\/critique-dart-n53-fall-winter-2019\\\/#breadcrumb\"},\"inLanguage\":\"en-US\",\"potentialAction\":[{\"@type\":\"ReadAction\",\"target\":[\"https:\\\/\\\/www.booksonthemove.fr\\\/en\\\/produit\\\/critique-dart-n53-fall-winter-2019\\\/\"]}]},{\"@type\":\"ImageObject\",\"inLanguage\":\"en-US\",\"@id\":\"https:\\\/\\\/www.booksonthemove.fr\\\/en\\\/produit\\\/critique-dart-n53-fall-winter-2019\\\/#primaryimage\",\"url\":\"https:\\\/\\\/www.booksonthemove.fr\\\/media\\\/bom_2008.1.jpg\",\"contentUrl\":\"https:\\\/\\\/www.booksonthemove.fr\\\/media\\\/bom_2008.1.jpg\",\"width\":637,\"height\":855},{\"@type\":\"BreadcrumbList\",\"@id\":\"https:\\\/\\\/www.booksonthemove.fr\\\/en\\\/produit\\\/critique-dart-n53-fall-winter-2019\\\/#breadcrumb\",\"itemListElement\":[{\"@type\":\"ListItem\",\"position\":1,\"name\":\"Accueil\",\"item\":\"https:\\\/\\\/www.booksonthemove.fr\\\/en\\\/\"},{\"@type\":\"ListItem\",\"position\":2,\"name\":\"online store\",\"item\":\"https:\\\/\\\/www.booksonthemove.fr\\\/en\\\/online-shop\\\/\"},{\"@type\":\"ListItem\",\"position\":3,\"name\":\"Critique d\u2019art n\u00b053 \u2013 Fall\\\/Winter 2019\"}]},{\"@type\":\"WebSite\",\"@id\":\"https:\\\/\\\/www.booksonthemove.fr\\\/#website\",\"url\":\"https:\\\/\\\/www.booksonthemove.fr\\\/\",\"name\":\"Books on the Move\",\"description\":\"librairie nomade - danse - mouvement - performance\",\"publisher\":{\"@id\":\"https:\\\/\\\/www.booksonthemove.fr\\\/#organization\"},\"potentialAction\":[{\"@type\":\"SearchAction\",\"target\":{\"@type\":\"EntryPoint\",\"urlTemplate\":\"https:\\\/\\\/www.booksonthemove.fr\\\/?s={search_term_string}\"},\"query-input\":{\"@type\":\"PropertyValueSpecification\",\"valueRequired\":true,\"valueName\":\"search_term_string\"}}],\"inLanguage\":\"en-US\"},{\"@type\":\"Organization\",\"@id\":\"https:\\\/\\\/www.booksonthemove.fr\\\/#organization\",\"name\":\"Books on the Move\",\"url\":\"https:\\\/\\\/www.booksonthemove.fr\\\/\",\"logo\":{\"@type\":\"ImageObject\",\"inLanguage\":\"en-US\",\"@id\":\"https:\\\/\\\/www.booksonthemove.fr\\\/#\\\/schema\\\/logo\\\/image\\\/\",\"url\":\"https:\\\/\\\/www.booksonthemove.fr\\\/media\\\/logo-NB-400.jpg\",\"contentUrl\":\"https:\\\/\\\/www.booksonthemove.fr\\\/media\\\/logo-NB-400.jpg\",\"width\":400,\"height\":143,\"caption\":\"Books on the Move\"},\"image\":{\"@id\":\"https:\\\/\\\/www.booksonthemove.fr\\\/#\\\/schema\\\/logo\\\/image\\\/\"},\"sameAs\":[\"https:\\\/\\\/www.facebook.com\\\/Librairiebooksonthemove\\\/\"]}]}<\/script>\n<!-- \/ Yoast SEO plugin. -->","yoast_head_json":{"title":"Critique d\u2019art n\u00b053 \u2013 Fall\/Winter 2019 - Books on the Move","robots":{"index":"index","follow":"follow","max-snippet":"max-snippet:-1","max-image-preview":"max-image-preview:large","max-video-preview":"max-video-preview:-1"},"canonical":"https:\/\/www.booksonthemove.fr\/en\/produit\/critique-dart-n53-fall-winter-2019\/","og_locale":"en_US","og_type":"article","og_title":"Critique d\u2019art n\u00b053 \u2013 Fall\/Winter 2019 - Books on the Move","og_description":"Authors: Mathieu Copeland Publisher: Archives de la critique d\u2019art, Universit\u00e9 de Rennes (2019)  Paperback: 220 pages Language: French\/English ISSN: 1246-8258","og_url":"https:\/\/www.booksonthemove.fr\/en\/produit\/critique-dart-n53-fall-winter-2019\/","og_site_name":"Books on the Move","article_publisher":"https:\/\/www.facebook.com\/Librairiebooksonthemove\/","article_modified_time":"2020-03-21T18:54:23+00:00","og_image":[{"width":637,"height":855,"url":"https:\/\/www.booksonthemove.fr\/media\/bom_2008.1.jpg","type":"image\/jpeg"}],"twitter_card":"summary_large_image","schema":{"@context":"https:\/\/schema.org","@graph":[{"@type":"WebPage","@id":"https:\/\/www.booksonthemove.fr\/en\/produit\/critique-dart-n53-fall-winter-2019\/","url":"https:\/\/www.booksonthemove.fr\/en\/produit\/critique-dart-n53-fall-winter-2019\/","name":"Critique d\u2019art n\u00b053 \u2013 Fall\/Winter 2019 - Books on the Move","isPartOf":{"@id":"https:\/\/www.booksonthemove.fr\/#website"},"primaryImageOfPage":{"@id":"https:\/\/www.booksonthemove.fr\/en\/produit\/critique-dart-n53-fall-winter-2019\/#primaryimage"},"image":{"@id":"https:\/\/www.booksonthemove.fr\/en\/produit\/critique-dart-n53-fall-winter-2019\/#primaryimage"},"thumbnailUrl":"https:\/\/www.booksonthemove.fr\/media\/bom_2008.1.jpg","datePublished":"2020-03-21T16:53:31+00:00","dateModified":"2020-03-21T18:54:23+00:00","breadcrumb":{"@id":"https:\/\/www.booksonthemove.fr\/en\/produit\/critique-dart-n53-fall-winter-2019\/#breadcrumb"},"inLanguage":"en-US","potentialAction":[{"@type":"ReadAction","target":["https:\/\/www.booksonthemove.fr\/en\/produit\/critique-dart-n53-fall-winter-2019\/"]}]},{"@type":"ImageObject","inLanguage":"en-US","@id":"https:\/\/www.booksonthemove.fr\/en\/produit\/critique-dart-n53-fall-winter-2019\/#primaryimage","url":"https:\/\/www.booksonthemove.fr\/media\/bom_2008.1.jpg","contentUrl":"https:\/\/www.booksonthemove.fr\/media\/bom_2008.1.jpg","width":637,"height":855},{"@type":"BreadcrumbList","@id":"https:\/\/www.booksonthemove.fr\/en\/produit\/critique-dart-n53-fall-winter-2019\/#breadcrumb","itemListElement":[{"@type":"ListItem","position":1,"name":"Accueil","item":"https:\/\/www.booksonthemove.fr\/en\/"},{"@type":"ListItem","position":2,"name":"online store","item":"https:\/\/www.booksonthemove.fr\/en\/online-shop\/"},{"@type":"ListItem","position":3,"name":"Critique d\u2019art n\u00b053 \u2013 Fall\/Winter 2019"}]},{"@type":"WebSite","@id":"https:\/\/www.booksonthemove.fr\/#website","url":"https:\/\/www.booksonthemove.fr\/","name":"Books on the Move","description":"librairie nomade - danse - mouvement - performance","publisher":{"@id":"https:\/\/www.booksonthemove.fr\/#organization"},"potentialAction":[{"@type":"SearchAction","target":{"@type":"EntryPoint","urlTemplate":"https:\/\/www.booksonthemove.fr\/?s={search_term_string}"},"query-input":{"@type":"PropertyValueSpecification","valueRequired":true,"valueName":"search_term_string"}}],"inLanguage":"en-US"},{"@type":"Organization","@id":"https:\/\/www.booksonthemove.fr\/#organization","name":"Books on the Move","url":"https:\/\/www.booksonthemove.fr\/","logo":{"@type":"ImageObject","inLanguage":"en-US","@id":"https:\/\/www.booksonthemove.fr\/#\/schema\/logo\/image\/","url":"https:\/\/www.booksonthemove.fr\/media\/logo-NB-400.jpg","contentUrl":"https:\/\/www.booksonthemove.fr\/media\/logo-NB-400.jpg","width":400,"height":143,"caption":"Books on the Move"},"image":{"@id":"https:\/\/www.booksonthemove.fr\/#\/schema\/logo\/image\/"},"sameAs":["https:\/\/www.facebook.com\/Librairiebooksonthemove\/"]}]}},"_links":{"self":[{"href":"https:\/\/www.booksonthemove.fr\/en\/wp-json\/wp\/v2\/product\/13580","targetHints":{"allow":["GET"]}}],"collection":[{"href":"https:\/\/www.booksonthemove.fr\/en\/wp-json\/wp\/v2\/product"}],"about":[{"href":"https:\/\/www.booksonthemove.fr\/en\/wp-json\/wp\/v2\/types\/product"}],"wp:featuredmedia":[{"embeddable":true,"href":"https:\/\/www.booksonthemove.fr\/en\/wp-json\/wp\/v2\/media\/13579"}],"wp:attachment":[{"href":"https:\/\/www.booksonthemove.fr\/en\/wp-json\/wp\/v2\/media?parent=13580"}],"wp:term":[{"taxonomy":"product_brand","embeddable":true,"href":"https:\/\/www.booksonthemove.fr\/en\/wp-json\/wp\/v2\/product_brand?post=13580"},{"taxonomy":"product_cat","embeddable":true,"href":"https:\/\/www.booksonthemove.fr\/en\/wp-json\/wp\/v2\/product_cat?post=13580"},{"taxonomy":"product_tag","embeddable":true,"href":"https:\/\/www.booksonthemove.fr\/en\/wp-json\/wp\/v2\/product_tag?post=13580"}],"curies":[{"name":"wp","href":"https:\/\/api.w.org\/{rel}","templated":true}]}}