{"id":13596,"date":"2020-06-22T19:27:24","date_gmt":"2020-06-22T17:27:24","guid":{"rendered":"https:\/\/www.booksonthemove.fr\/produit\/danser-sa-vie-avec-loutil-hypnotique\/"},"modified":"2025-06-25T21:08:55","modified_gmt":"2025-06-25T19:08:55","slug":"danser-sa-vie-avec-loutil-hypnotique","status":"publish","type":"product","link":"https:\/\/www.booksonthemove.fr\/en\/produit\/danser-sa-vie-avec-loutil-hypnotique\/","title":{"rendered":"Danser sa vie avec l&#8217;outil hypnotique"},"content":{"rendered":"<div class=\"accroche\">Ce petit livre, con\u00e7u comme une bo\u00eete \u00e0 outils par la chor\u00e9graphe Catherine Contour, explore les possibilit\u00e9s de la technique hypnotique.<\/div>\n<div class=\"citation\">Comment se relier au monde et nous accorder aux autres\u00a0? La chor\u00e9graphe Catherine Contour recourt depuis une quinzaine ann\u00e9es \u00e0 l&#8217;hypnose dans sa pratique artistique. Loin de l&#8217;interactivit\u00e9 promise par le num\u00e9rique et son environnement m\u00e9diatique de plus en plus uniformis\u00e9, ce qu&#8217;elle recherche est le subtil jeu d&#8217;influences et d&#8217;interf\u00e9rences entre les personnes, les choses et leurs milieux. Elle aborde l&#8217;hypnose comme une forme active d&#8217;\u00eatre au monde, une mani\u00e8re de pr\u00eater attention \u00e0 soi-m\u00eame et aux autres, un instrument d&#8217;\u00e9mancipation qui met en mouvement. Dans un monde en perp\u00e9tuelle acc\u00e9l\u00e9ration qui nous submerge de multiples sollicitations, \u00eatre attentif devient une forme de r\u00e9sistance.<br \/>\nCe manuel, con\u00e7u comme une bo\u00eete \u00e0 outils,\u00a0offre des notions-cl\u00e9s et des exercices simples \u00e0 partir de la technique hypnotique dont il explore les possibilit\u00e9s sensibles, strat\u00e9giques et m\u00eame politiques. Il souhaite redonner de l&#8217;importance et de la place au temps pr\u00e9sent, phagocyt\u00e9 par ce qui vient de se passer et ce qui va arriver. Laisser exister cet instant devient ce d\u00e9placement infime mais puissant qui permet d&#8217;\u00e9chapper au contr\u00f4le et aux injonctions de performance. Catherine Contour propose d&#8217;habiter nos corps et nos vies, en faisant acte de pr\u00e9sence, pour mieux se relier au monde et aux autres.<\/div>\n","protected":false},"excerpt":{"rendered":"<p><strong>Auteur\u00b7e\u00b7s :<\/strong> Catherine Contour &amp; Pascal Rousseau<br \/>\n<strong>Editeur :<\/strong> 369 \u00e9ditions (2023, 2e \u00e9dition)<br \/>\n<strong>Collection :<\/strong> Manuels<\/p>\n<p><strong>Broch\u00e9 :<\/strong>\u00a072 pages<br \/>\n<strong>Langue :<\/strong> Fran\u00e7ais<br \/>\n<strong>ISBN13 :<\/strong> 978-2-490-14812-7<\/p>\n","protected":false},"featured_media":36362,"template":"","meta":[],"product_brand":[],"product_cat":[157,162,139],"product_tag":[],"class_list":{"0":"post-13596","1":"product","2":"type-product","3":"status-publish","4":"has-post-thumbnail","6":"product_cat-artists-writings-en","7":"product_cat-french-en","8":"product_cat-work-process-en","10":"first","11":"outofstock","12":"taxable","13":"shipping-taxable","14":"purchasable","15":"product-type-simple"},"yoast_head":"<!-- This site is optimized with the Yoast SEO plugin v27.5 - https:\/\/yoast.com\/product\/yoast-seo-wordpress\/ -->\n<title>Danser sa vie avec l&#039;outil hypnotique - Books on the Move<\/title>\n<meta name=\"robots\" content=\"index, follow, max-snippet:-1, max-image-preview:large, max-video-preview:-1\" \/>\n<link rel=\"canonical\" href=\"https:\/\/www.booksonthemove.fr\/produit\/danser-sa-vie-avec-loutil-hypnotique\/\" \/>\n<meta property=\"og:locale\" content=\"en_US\" \/>\n<meta property=\"og:type\" content=\"article\" \/>\n<meta property=\"og:title\" content=\"Danser sa vie avec l&#039;outil hypnotique - Books on the Move\" \/>\n<meta property=\"og:description\" content=\"Auteur\u00b7e\u00b7s : Catherine Contour &amp; Pascal Rousseau Editeur : 369 \u00e9ditions (2023, 2e \u00e9dition) Collection : Manuels  Broch\u00e9 :\u00a072 pages Langue : Fran\u00e7ais ISBN13 : 978-2-490-14812-7\" \/>\n<meta property=\"og:url\" content=\"https:\/\/www.booksonthemove.fr\/produit\/danser-sa-vie-avec-loutil-hypnotique\/\" \/>\n<meta property=\"og:site_name\" content=\"Books on the Move\" \/>\n<meta property=\"article:publisher\" content=\"https:\/\/www.facebook.com\/Librairiebooksonthemove\/\" \/>\n<meta property=\"article:modified_time\" content=\"2025-06-25T19:08:55+00:00\" \/>\n<meta property=\"og:image\" content=\"https:\/\/www.booksonthemove.fr\/media\/bom_2011-1.jpg\" \/>\n\t<meta property=\"og:image:width\" content=\"590\" \/>\n\t<meta property=\"og:image:height\" content=\"885\" \/>\n\t<meta property=\"og:image:type\" content=\"image\/jpeg\" \/>\n<meta name=\"twitter:card\" content=\"summary_large_image\" \/>\n<script type=\"application\/ld+json\" class=\"yoast-schema-graph\">{\"@context\":\"https:\\\/\\\/schema.org\",\"@graph\":[{\"@type\":\"WebPage\",\"@id\":\"https:\\\/\\\/www.booksonthemove.fr\\\/produit\\\/danser-sa-vie-avec-loutil-hypnotique\\\/\",\"url\":\"https:\\\/\\\/www.booksonthemove.fr\\\/produit\\\/danser-sa-vie-avec-loutil-hypnotique\\\/\",\"name\":\"Danser sa vie avec l'outil hypnotique - Books on the Move\",\"isPartOf\":{\"@id\":\"https:\\\/\\\/www.booksonthemove.fr\\\/#website\"},\"primaryImageOfPage\":{\"@id\":\"https:\\\/\\\/www.booksonthemove.fr\\\/produit\\\/danser-sa-vie-avec-loutil-hypnotique\\\/#primaryimage\"},\"image\":{\"@id\":\"https:\\\/\\\/www.booksonthemove.fr\\\/produit\\\/danser-sa-vie-avec-loutil-hypnotique\\\/#primaryimage\"},\"thumbnailUrl\":\"https:\\\/\\\/www.booksonthemove.fr\\\/media\\\/bom_2011-1.jpg\",\"datePublished\":\"2020-06-22T17:27:24+00:00\",\"dateModified\":\"2025-06-25T19:08:55+00:00\",\"breadcrumb\":{\"@id\":\"https:\\\/\\\/www.booksonthemove.fr\\\/produit\\\/danser-sa-vie-avec-loutil-hypnotique\\\/#breadcrumb\"},\"inLanguage\":\"en-US\",\"potentialAction\":[{\"@type\":\"ReadAction\",\"target\":[\"https:\\\/\\\/www.booksonthemove.fr\\\/produit\\\/danser-sa-vie-avec-loutil-hypnotique\\\/\"]}]},{\"@type\":\"ImageObject\",\"inLanguage\":\"en-US\",\"@id\":\"https:\\\/\\\/www.booksonthemove.fr\\\/produit\\\/danser-sa-vie-avec-loutil-hypnotique\\\/#primaryimage\",\"url\":\"https:\\\/\\\/www.booksonthemove.fr\\\/media\\\/bom_2011-1.jpg\",\"contentUrl\":\"https:\\\/\\\/www.booksonthemove.fr\\\/media\\\/bom_2011-1.jpg\",\"width\":590,\"height\":885},{\"@type\":\"BreadcrumbList\",\"@id\":\"https:\\\/\\\/www.booksonthemove.fr\\\/produit\\\/danser-sa-vie-avec-loutil-hypnotique\\\/#breadcrumb\",\"itemListElement\":[{\"@type\":\"ListItem\",\"position\":1,\"name\":\"Accueil\",\"item\":\"https:\\\/\\\/www.booksonthemove.fr\\\/en\\\/\"},{\"@type\":\"ListItem\",\"position\":2,\"name\":\"online store\",\"item\":\"https:\\\/\\\/www.booksonthemove.fr\\\/en\\\/online-shop\\\/\"},{\"@type\":\"ListItem\",\"position\":3,\"name\":\"Danser sa vie avec l&rsquo;outil hypnotique\"}]},{\"@type\":\"WebSite\",\"@id\":\"https:\\\/\\\/www.booksonthemove.fr\\\/#website\",\"url\":\"https:\\\/\\\/www.booksonthemove.fr\\\/\",\"name\":\"Books on the Move\",\"description\":\"librairie nomade - danse - mouvement - performance\",\"publisher\":{\"@id\":\"https:\\\/\\\/www.booksonthemove.fr\\\/#organization\"},\"potentialAction\":[{\"@type\":\"SearchAction\",\"target\":{\"@type\":\"EntryPoint\",\"urlTemplate\":\"https:\\\/\\\/www.booksonthemove.fr\\\/?s={search_term_string}\"},\"query-input\":{\"@type\":\"PropertyValueSpecification\",\"valueRequired\":true,\"valueName\":\"search_term_string\"}}],\"inLanguage\":\"en-US\"},{\"@type\":\"Organization\",\"@id\":\"https:\\\/\\\/www.booksonthemove.fr\\\/#organization\",\"name\":\"Books on the Move\",\"url\":\"https:\\\/\\\/www.booksonthemove.fr\\\/\",\"logo\":{\"@type\":\"ImageObject\",\"inLanguage\":\"en-US\",\"@id\":\"https:\\\/\\\/www.booksonthemove.fr\\\/#\\\/schema\\\/logo\\\/image\\\/\",\"url\":\"https:\\\/\\\/www.booksonthemove.fr\\\/media\\\/logo-NB-400.jpg\",\"contentUrl\":\"https:\\\/\\\/www.booksonthemove.fr\\\/media\\\/logo-NB-400.jpg\",\"width\":400,\"height\":143,\"caption\":\"Books on the Move\"},\"image\":{\"@id\":\"https:\\\/\\\/www.booksonthemove.fr\\\/#\\\/schema\\\/logo\\\/image\\\/\"},\"sameAs\":[\"https:\\\/\\\/www.facebook.com\\\/Librairiebooksonthemove\\\/\"]}]}<\/script>\n<!-- \/ Yoast SEO plugin. -->","yoast_head_json":{"title":"Danser sa vie avec l'outil hypnotique - Books on the Move","robots":{"index":"index","follow":"follow","max-snippet":"max-snippet:-1","max-image-preview":"max-image-preview:large","max-video-preview":"max-video-preview:-1"},"canonical":"https:\/\/www.booksonthemove.fr\/produit\/danser-sa-vie-avec-loutil-hypnotique\/","og_locale":"en_US","og_type":"article","og_title":"Danser sa vie avec l'outil hypnotique - Books on the Move","og_description":"Auteur\u00b7e\u00b7s : Catherine Contour &amp; Pascal Rousseau Editeur : 369 \u00e9ditions (2023, 2e \u00e9dition) Collection : Manuels  Broch\u00e9 :\u00a072 pages Langue : Fran\u00e7ais ISBN13 : 978-2-490-14812-7","og_url":"https:\/\/www.booksonthemove.fr\/produit\/danser-sa-vie-avec-loutil-hypnotique\/","og_site_name":"Books on the Move","article_publisher":"https:\/\/www.facebook.com\/Librairiebooksonthemove\/","article_modified_time":"2025-06-25T19:08:55+00:00","og_image":[{"width":590,"height":885,"url":"https:\/\/www.booksonthemove.fr\/media\/bom_2011-1.jpg","type":"image\/jpeg"}],"twitter_card":"summary_large_image","schema":{"@context":"https:\/\/schema.org","@graph":[{"@type":"WebPage","@id":"https:\/\/www.booksonthemove.fr\/produit\/danser-sa-vie-avec-loutil-hypnotique\/","url":"https:\/\/www.booksonthemove.fr\/produit\/danser-sa-vie-avec-loutil-hypnotique\/","name":"Danser sa vie avec l'outil hypnotique - Books on the Move","isPartOf":{"@id":"https:\/\/www.booksonthemove.fr\/#website"},"primaryImageOfPage":{"@id":"https:\/\/www.booksonthemove.fr\/produit\/danser-sa-vie-avec-loutil-hypnotique\/#primaryimage"},"image":{"@id":"https:\/\/www.booksonthemove.fr\/produit\/danser-sa-vie-avec-loutil-hypnotique\/#primaryimage"},"thumbnailUrl":"https:\/\/www.booksonthemove.fr\/media\/bom_2011-1.jpg","datePublished":"2020-06-22T17:27:24+00:00","dateModified":"2025-06-25T19:08:55+00:00","breadcrumb":{"@id":"https:\/\/www.booksonthemove.fr\/produit\/danser-sa-vie-avec-loutil-hypnotique\/#breadcrumb"},"inLanguage":"en-US","potentialAction":[{"@type":"ReadAction","target":["https:\/\/www.booksonthemove.fr\/produit\/danser-sa-vie-avec-loutil-hypnotique\/"]}]},{"@type":"ImageObject","inLanguage":"en-US","@id":"https:\/\/www.booksonthemove.fr\/produit\/danser-sa-vie-avec-loutil-hypnotique\/#primaryimage","url":"https:\/\/www.booksonthemove.fr\/media\/bom_2011-1.jpg","contentUrl":"https:\/\/www.booksonthemove.fr\/media\/bom_2011-1.jpg","width":590,"height":885},{"@type":"BreadcrumbList","@id":"https:\/\/www.booksonthemove.fr\/produit\/danser-sa-vie-avec-loutil-hypnotique\/#breadcrumb","itemListElement":[{"@type":"ListItem","position":1,"name":"Accueil","item":"https:\/\/www.booksonthemove.fr\/en\/"},{"@type":"ListItem","position":2,"name":"online store","item":"https:\/\/www.booksonthemove.fr\/en\/online-shop\/"},{"@type":"ListItem","position":3,"name":"Danser sa vie avec l&rsquo;outil hypnotique"}]},{"@type":"WebSite","@id":"https:\/\/www.booksonthemove.fr\/#website","url":"https:\/\/www.booksonthemove.fr\/","name":"Books on the Move","description":"librairie nomade - danse - mouvement - performance","publisher":{"@id":"https:\/\/www.booksonthemove.fr\/#organization"},"potentialAction":[{"@type":"SearchAction","target":{"@type":"EntryPoint","urlTemplate":"https:\/\/www.booksonthemove.fr\/?s={search_term_string}"},"query-input":{"@type":"PropertyValueSpecification","valueRequired":true,"valueName":"search_term_string"}}],"inLanguage":"en-US"},{"@type":"Organization","@id":"https:\/\/www.booksonthemove.fr\/#organization","name":"Books on the Move","url":"https:\/\/www.booksonthemove.fr\/","logo":{"@type":"ImageObject","inLanguage":"en-US","@id":"https:\/\/www.booksonthemove.fr\/#\/schema\/logo\/image\/","url":"https:\/\/www.booksonthemove.fr\/media\/logo-NB-400.jpg","contentUrl":"https:\/\/www.booksonthemove.fr\/media\/logo-NB-400.jpg","width":400,"height":143,"caption":"Books on the Move"},"image":{"@id":"https:\/\/www.booksonthemove.fr\/#\/schema\/logo\/image\/"},"sameAs":["https:\/\/www.facebook.com\/Librairiebooksonthemove\/"]}]}},"_links":{"self":[{"href":"https:\/\/www.booksonthemove.fr\/en\/wp-json\/wp\/v2\/product\/13596","targetHints":{"allow":["GET"]}}],"collection":[{"href":"https:\/\/www.booksonthemove.fr\/en\/wp-json\/wp\/v2\/product"}],"about":[{"href":"https:\/\/www.booksonthemove.fr\/en\/wp-json\/wp\/v2\/types\/product"}],"wp:featuredmedia":[{"embeddable":true,"href":"https:\/\/www.booksonthemove.fr\/en\/wp-json\/wp\/v2\/media\/36362"}],"wp:attachment":[{"href":"https:\/\/www.booksonthemove.fr\/en\/wp-json\/wp\/v2\/media?parent=13596"}],"wp:term":[{"taxonomy":"product_brand","embeddable":true,"href":"https:\/\/www.booksonthemove.fr\/en\/wp-json\/wp\/v2\/product_brand?post=13596"},{"taxonomy":"product_cat","embeddable":true,"href":"https:\/\/www.booksonthemove.fr\/en\/wp-json\/wp\/v2\/product_cat?post=13596"},{"taxonomy":"product_tag","embeddable":true,"href":"https:\/\/www.booksonthemove.fr\/en\/wp-json\/wp\/v2\/product_tag?post=13596"}],"curies":[{"name":"wp","href":"https:\/\/api.w.org\/{rel}","templated":true}]}}