{"id":13711,"date":"2020-03-24T20:00:36","date_gmt":"2020-03-24T19:00:36","guid":{"rendered":"https:\/\/www.booksonthemove.fr\/produit\/dits-n-22-musees-pour-cible\/"},"modified":"2022-11-15T19:03:18","modified_gmt":"2022-11-15T18:03:18","slug":"dits-n-22-musees-pour-cible","status":"publish","type":"product","link":"https:\/\/www.booksonthemove.fr\/en\/produit\/dits-n-22-musees-pour-cible\/","title":{"rendered":"Dits n\u00b0 22 \u2013 Mus\u00e9es pour cible"},"content":{"rendered":"<div class=\"accroche\">La revue du Mus\u00e9e des Arts Contemporains au Grand-Hornu (MAC&#8217;s) fait peau neuve avec un nouveau num\u00e9ro consacr\u00e9 au th\u00e8me du mus\u00e9e et de sa critique par les artistes. <em>Dits<\/em> n\u00b0 22 offre un panorama de projets artistiques contemporains et internationaux proposant une r\u00e9flexion sur la notion mus\u00e9ale, avec Yto Barrada, Christoph B\u00fcchel, Jacques Charlier, LaToya \u00a0Ruby Frazier, Tamar Guimar\u00e3es, Jompet Kuswidananto, Wesley Meuris, Rei Naito,\u00a0Ryue Nishizawa, Noah Purifoy, Dayanita Singh, Fiona Tan et Fred Wilson.<\/div>\n<div class=\"citation\">Avec l&#8217;art contemporain, par un retournement de situation politique n\u00e9 de la contre-culture occidentale des <em>sixties<\/em>, le mus\u00e9e a cess\u00e9 d&#8217;\u00eatre aux mains des seuls conservateurs et commissaires pour passer \u00e9galement entre celles des artistes. Dans cet esprit utopique ou subversif, le mod\u00e8le mus\u00e9al est devenu la cible d&#8217;actes cr\u00e9atifs, parfois violents, visant \u00e0 le vivifier, \u00e0 le rendre plus proche de la nature, de la r\u00e9alit\u00e9 sociale, mais aussi du v\u00e9cu personnel. Avec peu de moyens, comme le sculpteur afro-am\u00e9ricain Noah Purifoy, ou avec l&#8217;appui de puissants m\u00e9c\u00e8nes, comme l&#8217;artiste Rei Naito et l&#8217;architecte Ryue Nishizawa, le mus\u00e9e s&#8217;est \u00e9loign\u00e9 parfois du chaos des villes pour s&#8217;installer dans un d\u00e9sert aride ou sur une \u00eele paradisiaque. D\u00e9masqu\u00e9 comme une institution autoritaire conditionnant notre regard et contr\u00f4lant l&#8217;histoire, celle racont\u00e9e par les vainqueurs, il a vu aussi ses dispositifs d&#8217;exposition, ind\u00e9pendamment de sa mission (ethnographie, histoire de l&#8217;art, zoologie), min\u00e9s par les interventions de Fred Wilson, renvers\u00e9s par les constructions de Wesley Meuris, parodi\u00e9s par les pastiches de Jacques Charlier ou encore d\u00e9tourn\u00e9s par Christoph B\u00fcchel qui transforme ses salles en centre pour r\u00e9fugi\u00e9s. Enfin, cette \u00e9tude de cas o\u00f9 le mus\u00e9e est pris pour cible ne serait compl\u00e8te sans la r\u00e9sistance que Tamar Guimar\u00e3es, Fiona Tan et Dayanita Singh opposent \u00e0 l&#8217;inertie des collections, en mobilisant la m\u00e9moire des images au sein de mus\u00e9es imaginaires, po\u00e9tiques ou encore portatifs, \u00e0 l&#8217;instar du Nanomuseum con\u00e7u par Hans-Ulrich Obrist.<\/div>\n<div>Textes de J\u00e9r\u00f4me Andr\u00e9, Patrice Debry, Mathias Desbonnets, Julien Foucart, Denis Gielen, Houda Hamid, Aur\u00e9lien Jacob, Thierry Lenain, Joanna Leroy, Sophie Trivi\u00e8re.<\/div>\n","protected":false},"excerpt":{"rendered":"<p><strong>Auteurs :<\/strong> ouvrage collectif<br \/>\n<strong>Editeur :<\/strong> Mus\u00e9e des Arts Contemporains au Grand-Hornu (2018)<\/p>\n<p><strong>Broch\u00e9<\/strong> : 144 pages<br \/>\n<strong>Langue :<\/strong> fran\u00e7ais<br \/>\n<strong>ISBN :<\/strong> 978-2-930368-72-6<\/p>\n","protected":false},"featured_media":13710,"template":"","meta":[],"product_brand":[],"product_cat":[301,284,162,211],"product_tag":[],"class_list":{"0":"post-13711","1":"product","2":"type-product","3":"status-publish","4":"has-post-thumbnail","6":"product_cat-arts-plastiques-en","7":"product_cat-curating-museum-exhibitions","8":"product_cat-french-en","9":"product_cat-magazines-en","11":"first","12":"outofstock","13":"taxable","14":"shipping-taxable","15":"purchasable","16":"product-type-simple"},"yoast_head":"<!-- This site is optimized with the Yoast SEO plugin v27.4 - https:\/\/yoast.com\/product\/yoast-seo-wordpress\/ -->\n<title>Dits n\u00b0 22 \u2013 Mus\u00e9es pour cible - Books on the Move<\/title>\n<meta name=\"robots\" content=\"index, follow, max-snippet:-1, max-image-preview:large, max-video-preview:-1\" \/>\n<link rel=\"canonical\" href=\"https:\/\/www.booksonthemove.fr\/en\/produit\/dits-n-22-musees-pour-cible\/\" \/>\n<meta property=\"og:locale\" content=\"en_US\" \/>\n<meta property=\"og:type\" content=\"article\" \/>\n<meta property=\"og:title\" content=\"Dits n\u00b0 22 \u2013 Mus\u00e9es pour cible - Books on the Move\" \/>\n<meta property=\"og:description\" content=\"Auteurs : ouvrage collectif Editeur : Mus\u00e9e des Arts Contemporains au Grand-Hornu (2018)  Broch\u00e9 : 144 pages Langue : fran\u00e7ais ISBN : 978-2-930368-72-6\" \/>\n<meta property=\"og:url\" content=\"https:\/\/www.booksonthemove.fr\/en\/produit\/dits-n-22-musees-pour-cible\/\" \/>\n<meta property=\"og:site_name\" content=\"Books on the Move\" \/>\n<meta property=\"article:publisher\" content=\"https:\/\/www.facebook.com\/Librairiebooksonthemove\/\" \/>\n<meta property=\"article:modified_time\" content=\"2022-11-15T18:03:18+00:00\" \/>\n<meta property=\"og:image\" content=\"https:\/\/www.booksonthemove.fr\/media\/9782930368726-475x500-1.jpg\" \/>\n\t<meta property=\"og:image:width\" content=\"387\" \/>\n\t<meta property=\"og:image:height\" content=\"500\" \/>\n\t<meta property=\"og:image:type\" content=\"image\/jpeg\" \/>\n<meta name=\"twitter:card\" content=\"summary_large_image\" \/>\n<script type=\"application\/ld+json\" class=\"yoast-schema-graph\">{\"@context\":\"https:\\\/\\\/schema.org\",\"@graph\":[{\"@type\":\"WebPage\",\"@id\":\"https:\\\/\\\/www.booksonthemove.fr\\\/en\\\/produit\\\/dits-n-22-musees-pour-cible\\\/\",\"url\":\"https:\\\/\\\/www.booksonthemove.fr\\\/en\\\/produit\\\/dits-n-22-musees-pour-cible\\\/\",\"name\":\"Dits n\u00b0 22 \u2013 Mus\u00e9es pour cible - Books on the Move\",\"isPartOf\":{\"@id\":\"https:\\\/\\\/www.booksonthemove.fr\\\/#website\"},\"primaryImageOfPage\":{\"@id\":\"https:\\\/\\\/www.booksonthemove.fr\\\/en\\\/produit\\\/dits-n-22-musees-pour-cible\\\/#primaryimage\"},\"image\":{\"@id\":\"https:\\\/\\\/www.booksonthemove.fr\\\/en\\\/produit\\\/dits-n-22-musees-pour-cible\\\/#primaryimage\"},\"thumbnailUrl\":\"https:\\\/\\\/www.booksonthemove.fr\\\/media\\\/9782930368726-475x500-1.jpg\",\"datePublished\":\"2020-03-24T19:00:36+00:00\",\"dateModified\":\"2022-11-15T18:03:18+00:00\",\"breadcrumb\":{\"@id\":\"https:\\\/\\\/www.booksonthemove.fr\\\/en\\\/produit\\\/dits-n-22-musees-pour-cible\\\/#breadcrumb\"},\"inLanguage\":\"en-US\",\"potentialAction\":[{\"@type\":\"ReadAction\",\"target\":[\"https:\\\/\\\/www.booksonthemove.fr\\\/en\\\/produit\\\/dits-n-22-musees-pour-cible\\\/\"]}]},{\"@type\":\"ImageObject\",\"inLanguage\":\"en-US\",\"@id\":\"https:\\\/\\\/www.booksonthemove.fr\\\/en\\\/produit\\\/dits-n-22-musees-pour-cible\\\/#primaryimage\",\"url\":\"https:\\\/\\\/www.booksonthemove.fr\\\/media\\\/9782930368726-475x500-1.jpg\",\"contentUrl\":\"https:\\\/\\\/www.booksonthemove.fr\\\/media\\\/9782930368726-475x500-1.jpg\",\"width\":387,\"height\":500},{\"@type\":\"BreadcrumbList\",\"@id\":\"https:\\\/\\\/www.booksonthemove.fr\\\/en\\\/produit\\\/dits-n-22-musees-pour-cible\\\/#breadcrumb\",\"itemListElement\":[{\"@type\":\"ListItem\",\"position\":1,\"name\":\"Accueil\",\"item\":\"https:\\\/\\\/www.booksonthemove.fr\\\/en\\\/\"},{\"@type\":\"ListItem\",\"position\":2,\"name\":\"online store\",\"item\":\"https:\\\/\\\/www.booksonthemove.fr\\\/en\\\/online-shop\\\/\"},{\"@type\":\"ListItem\",\"position\":3,\"name\":\"Dits n\u00b0 22 \u2013 Mus\u00e9es pour cible\"}]},{\"@type\":\"WebSite\",\"@id\":\"https:\\\/\\\/www.booksonthemove.fr\\\/#website\",\"url\":\"https:\\\/\\\/www.booksonthemove.fr\\\/\",\"name\":\"Books on the Move\",\"description\":\"librairie nomade - danse - mouvement - performance\",\"publisher\":{\"@id\":\"https:\\\/\\\/www.booksonthemove.fr\\\/#organization\"},\"potentialAction\":[{\"@type\":\"SearchAction\",\"target\":{\"@type\":\"EntryPoint\",\"urlTemplate\":\"https:\\\/\\\/www.booksonthemove.fr\\\/?s={search_term_string}\"},\"query-input\":{\"@type\":\"PropertyValueSpecification\",\"valueRequired\":true,\"valueName\":\"search_term_string\"}}],\"inLanguage\":\"en-US\"},{\"@type\":\"Organization\",\"@id\":\"https:\\\/\\\/www.booksonthemove.fr\\\/#organization\",\"name\":\"Books on the Move\",\"url\":\"https:\\\/\\\/www.booksonthemove.fr\\\/\",\"logo\":{\"@type\":\"ImageObject\",\"inLanguage\":\"en-US\",\"@id\":\"https:\\\/\\\/www.booksonthemove.fr\\\/#\\\/schema\\\/logo\\\/image\\\/\",\"url\":\"https:\\\/\\\/www.booksonthemove.fr\\\/media\\\/logo-NB-400.jpg\",\"contentUrl\":\"https:\\\/\\\/www.booksonthemove.fr\\\/media\\\/logo-NB-400.jpg\",\"width\":400,\"height\":143,\"caption\":\"Books on the Move\"},\"image\":{\"@id\":\"https:\\\/\\\/www.booksonthemove.fr\\\/#\\\/schema\\\/logo\\\/image\\\/\"},\"sameAs\":[\"https:\\\/\\\/www.facebook.com\\\/Librairiebooksonthemove\\\/\"]}]}<\/script>\n<!-- \/ Yoast SEO plugin. -->","yoast_head_json":{"title":"Dits n\u00b0 22 \u2013 Mus\u00e9es pour cible - Books on the Move","robots":{"index":"index","follow":"follow","max-snippet":"max-snippet:-1","max-image-preview":"max-image-preview:large","max-video-preview":"max-video-preview:-1"},"canonical":"https:\/\/www.booksonthemove.fr\/en\/produit\/dits-n-22-musees-pour-cible\/","og_locale":"en_US","og_type":"article","og_title":"Dits n\u00b0 22 \u2013 Mus\u00e9es pour cible - Books on the Move","og_description":"Auteurs : ouvrage collectif Editeur : Mus\u00e9e des Arts Contemporains au Grand-Hornu (2018)  Broch\u00e9 : 144 pages Langue : fran\u00e7ais ISBN : 978-2-930368-72-6","og_url":"https:\/\/www.booksonthemove.fr\/en\/produit\/dits-n-22-musees-pour-cible\/","og_site_name":"Books on the Move","article_publisher":"https:\/\/www.facebook.com\/Librairiebooksonthemove\/","article_modified_time":"2022-11-15T18:03:18+00:00","og_image":[{"width":387,"height":500,"url":"https:\/\/www.booksonthemove.fr\/media\/9782930368726-475x500-1.jpg","type":"image\/jpeg"}],"twitter_card":"summary_large_image","schema":{"@context":"https:\/\/schema.org","@graph":[{"@type":"WebPage","@id":"https:\/\/www.booksonthemove.fr\/en\/produit\/dits-n-22-musees-pour-cible\/","url":"https:\/\/www.booksonthemove.fr\/en\/produit\/dits-n-22-musees-pour-cible\/","name":"Dits n\u00b0 22 \u2013 Mus\u00e9es pour cible - Books on the Move","isPartOf":{"@id":"https:\/\/www.booksonthemove.fr\/#website"},"primaryImageOfPage":{"@id":"https:\/\/www.booksonthemove.fr\/en\/produit\/dits-n-22-musees-pour-cible\/#primaryimage"},"image":{"@id":"https:\/\/www.booksonthemove.fr\/en\/produit\/dits-n-22-musees-pour-cible\/#primaryimage"},"thumbnailUrl":"https:\/\/www.booksonthemove.fr\/media\/9782930368726-475x500-1.jpg","datePublished":"2020-03-24T19:00:36+00:00","dateModified":"2022-11-15T18:03:18+00:00","breadcrumb":{"@id":"https:\/\/www.booksonthemove.fr\/en\/produit\/dits-n-22-musees-pour-cible\/#breadcrumb"},"inLanguage":"en-US","potentialAction":[{"@type":"ReadAction","target":["https:\/\/www.booksonthemove.fr\/en\/produit\/dits-n-22-musees-pour-cible\/"]}]},{"@type":"ImageObject","inLanguage":"en-US","@id":"https:\/\/www.booksonthemove.fr\/en\/produit\/dits-n-22-musees-pour-cible\/#primaryimage","url":"https:\/\/www.booksonthemove.fr\/media\/9782930368726-475x500-1.jpg","contentUrl":"https:\/\/www.booksonthemove.fr\/media\/9782930368726-475x500-1.jpg","width":387,"height":500},{"@type":"BreadcrumbList","@id":"https:\/\/www.booksonthemove.fr\/en\/produit\/dits-n-22-musees-pour-cible\/#breadcrumb","itemListElement":[{"@type":"ListItem","position":1,"name":"Accueil","item":"https:\/\/www.booksonthemove.fr\/en\/"},{"@type":"ListItem","position":2,"name":"online store","item":"https:\/\/www.booksonthemove.fr\/en\/online-shop\/"},{"@type":"ListItem","position":3,"name":"Dits n\u00b0 22 \u2013 Mus\u00e9es pour cible"}]},{"@type":"WebSite","@id":"https:\/\/www.booksonthemove.fr\/#website","url":"https:\/\/www.booksonthemove.fr\/","name":"Books on the Move","description":"librairie nomade - danse - mouvement - performance","publisher":{"@id":"https:\/\/www.booksonthemove.fr\/#organization"},"potentialAction":[{"@type":"SearchAction","target":{"@type":"EntryPoint","urlTemplate":"https:\/\/www.booksonthemove.fr\/?s={search_term_string}"},"query-input":{"@type":"PropertyValueSpecification","valueRequired":true,"valueName":"search_term_string"}}],"inLanguage":"en-US"},{"@type":"Organization","@id":"https:\/\/www.booksonthemove.fr\/#organization","name":"Books on the Move","url":"https:\/\/www.booksonthemove.fr\/","logo":{"@type":"ImageObject","inLanguage":"en-US","@id":"https:\/\/www.booksonthemove.fr\/#\/schema\/logo\/image\/","url":"https:\/\/www.booksonthemove.fr\/media\/logo-NB-400.jpg","contentUrl":"https:\/\/www.booksonthemove.fr\/media\/logo-NB-400.jpg","width":400,"height":143,"caption":"Books on the Move"},"image":{"@id":"https:\/\/www.booksonthemove.fr\/#\/schema\/logo\/image\/"},"sameAs":["https:\/\/www.facebook.com\/Librairiebooksonthemove\/"]}]}},"_links":{"self":[{"href":"https:\/\/www.booksonthemove.fr\/en\/wp-json\/wp\/v2\/product\/13711","targetHints":{"allow":["GET"]}}],"collection":[{"href":"https:\/\/www.booksonthemove.fr\/en\/wp-json\/wp\/v2\/product"}],"about":[{"href":"https:\/\/www.booksonthemove.fr\/en\/wp-json\/wp\/v2\/types\/product"}],"wp:featuredmedia":[{"embeddable":true,"href":"https:\/\/www.booksonthemove.fr\/en\/wp-json\/wp\/v2\/media\/13710"}],"wp:attachment":[{"href":"https:\/\/www.booksonthemove.fr\/en\/wp-json\/wp\/v2\/media?parent=13711"}],"wp:term":[{"taxonomy":"product_brand","embeddable":true,"href":"https:\/\/www.booksonthemove.fr\/en\/wp-json\/wp\/v2\/product_brand?post=13711"},{"taxonomy":"product_cat","embeddable":true,"href":"https:\/\/www.booksonthemove.fr\/en\/wp-json\/wp\/v2\/product_cat?post=13711"},{"taxonomy":"product_tag","embeddable":true,"href":"https:\/\/www.booksonthemove.fr\/en\/wp-json\/wp\/v2\/product_tag?post=13711"}],"curies":[{"name":"wp","href":"https:\/\/api.w.org\/{rel}","templated":true}]}}