{"id":13778,"date":"2020-03-25T19:11:22","date_gmt":"2020-03-25T18:11:22","guid":{"rendered":"https:\/\/www.booksonthemove.fr\/produit\/le-hip-hop-en-scenes-mutations-artistiques-et-innovations-politiques\/"},"modified":"2023-05-16T16:21:23","modified_gmt":"2023-05-16T14:21:23","slug":"le-hip-hop-en-scenes-mutations-artistiques-et-innovations-politiques","status":"publish","type":"product","link":"https:\/\/www.booksonthemove.fr\/en\/produit\/le-hip-hop-en-scenes-mutations-artistiques-et-innovations-politiques\/","title":{"rendered":"Le hip-hop en sc\u00e8nes: Mutations artistiques et innovations politiques"},"content":{"rendered":"<p>Trois aspects distincts des mondes de la danse hip-hop sont abord\u00e9s dans ce livre. Les trajectoires d&#8217;artistes nous renseignent sur les modalit\u00e9s d&#8217;apprentissage de la danse, du m\u00e9tier de chor\u00e9graphe et des enjeux de leur professionnalisation. Ensuite, les relations que les institutions culturelles entretiennent avec la danse hip-hop \u00e9clairent les enjeux de la cr\u00e9ation, de la diffusion et de la transmission. Enfin, le fonctionnement de ce dispositif met en \u00e9vidence les modalit\u00e9s de l&#8217;accompagnement des chor\u00e9graphes hiphop et les collaborations entre acteurs priv\u00e9s et publics.<\/p>\n","protected":false},"excerpt":{"rendered":"<p><b>Auteurs: <\/b>Emmanuel N\u00e9grier &amp; Aur\u00e9lien Djakouane<br \/>\n<strong>Editeurs:<\/strong>\u00a0\u00c9ditions L&#8217;Harmattan (2018)<\/p>\n<p><strong>Broch\u00e9:<\/strong>\u00a0274 pages<br \/>\n<b>Langue: <\/b>Fran\u00e7ais<br \/>\n<strong>ISBN13:<\/strong> 978-2-343-14872-4<\/p>\n","protected":false},"featured_media":14779,"template":"","meta":[],"product_brand":[],"product_cat":[146,162,201],"product_tag":[],"class_list":{"0":"post-13778","1":"product","2":"type-product","3":"status-publish","4":"has-post-thumbnail","6":"product_cat-theoretical-texts-en","7":"product_cat-french-en","8":"product_cat-hip-hop-en","10":"first","11":"instock","12":"taxable","13":"shipping-taxable","14":"purchasable","15":"product-type-simple"},"yoast_head":"<!-- This site is optimized with the Yoast SEO plugin v27.5 - https:\/\/yoast.com\/product\/yoast-seo-wordpress\/ -->\n<title>Le hip-hop en sc\u00e8nes: Mutations artistiques et innovations politiques - Books on the Move<\/title>\n<meta name=\"robots\" content=\"index, follow, max-snippet:-1, max-image-preview:large, max-video-preview:-1\" \/>\n<link rel=\"canonical\" href=\"https:\/\/www.booksonthemove.fr\/produit\/le-hip-hop-en-scenes-mutations-artistiques-et-innovations-politiques\/\" \/>\n<meta property=\"og:locale\" content=\"en_US\" \/>\n<meta property=\"og:type\" content=\"article\" \/>\n<meta property=\"og:title\" content=\"Le hip-hop en sc\u00e8nes: Mutations artistiques et innovations politiques - Books on the Move\" \/>\n<meta property=\"og:description\" content=\"Auteurs: Emmanuel N\u00e9grier &amp; Aur\u00e9lien Djakouane Editeurs:\u00a0\u00c9ditions L&#039;Harmattan (2018)  Broch\u00e9:\u00a0274 pages Langue: Fran\u00e7ais ISBN13: 978-2-343-14872-4\" \/>\n<meta property=\"og:url\" content=\"https:\/\/www.booksonthemove.fr\/produit\/le-hip-hop-en-scenes-mutations-artistiques-et-innovations-politiques\/\" \/>\n<meta property=\"og:site_name\" content=\"Books on the Move\" \/>\n<meta property=\"article:publisher\" content=\"https:\/\/www.facebook.com\/Librairiebooksonthemove\/\" \/>\n<meta property=\"article:modified_time\" content=\"2023-05-16T14:21:23+00:00\" \/>\n<meta property=\"og:image\" content=\"https:\/\/www.booksonthemove.fr\/media\/bom_2020.jpg\" \/>\n\t<meta property=\"og:image:width\" content=\"900\" \/>\n\t<meta property=\"og:image:height\" content=\"1417\" \/>\n\t<meta property=\"og:image:type\" content=\"image\/jpeg\" \/>\n<meta name=\"twitter:card\" content=\"summary_large_image\" \/>\n<script type=\"application\/ld+json\" class=\"yoast-schema-graph\">{\"@context\":\"https:\\\/\\\/schema.org\",\"@graph\":[{\"@type\":\"WebPage\",\"@id\":\"https:\\\/\\\/www.booksonthemove.fr\\\/produit\\\/le-hip-hop-en-scenes-mutations-artistiques-et-innovations-politiques\\\/\",\"url\":\"https:\\\/\\\/www.booksonthemove.fr\\\/produit\\\/le-hip-hop-en-scenes-mutations-artistiques-et-innovations-politiques\\\/\",\"name\":\"Le hip-hop en sc\u00e8nes: Mutations artistiques et innovations politiques - Books on the Move\",\"isPartOf\":{\"@id\":\"https:\\\/\\\/www.booksonthemove.fr\\\/#website\"},\"primaryImageOfPage\":{\"@id\":\"https:\\\/\\\/www.booksonthemove.fr\\\/produit\\\/le-hip-hop-en-scenes-mutations-artistiques-et-innovations-politiques\\\/#primaryimage\"},\"image\":{\"@id\":\"https:\\\/\\\/www.booksonthemove.fr\\\/produit\\\/le-hip-hop-en-scenes-mutations-artistiques-et-innovations-politiques\\\/#primaryimage\"},\"thumbnailUrl\":\"https:\\\/\\\/www.booksonthemove.fr\\\/media\\\/bom_2020.jpg\",\"datePublished\":\"2020-03-25T18:11:22+00:00\",\"dateModified\":\"2023-05-16T14:21:23+00:00\",\"breadcrumb\":{\"@id\":\"https:\\\/\\\/www.booksonthemove.fr\\\/produit\\\/le-hip-hop-en-scenes-mutations-artistiques-et-innovations-politiques\\\/#breadcrumb\"},\"inLanguage\":\"en-US\",\"potentialAction\":[{\"@type\":\"ReadAction\",\"target\":[\"https:\\\/\\\/www.booksonthemove.fr\\\/produit\\\/le-hip-hop-en-scenes-mutations-artistiques-et-innovations-politiques\\\/\"]}]},{\"@type\":\"ImageObject\",\"inLanguage\":\"en-US\",\"@id\":\"https:\\\/\\\/www.booksonthemove.fr\\\/produit\\\/le-hip-hop-en-scenes-mutations-artistiques-et-innovations-politiques\\\/#primaryimage\",\"url\":\"https:\\\/\\\/www.booksonthemove.fr\\\/media\\\/bom_2020.jpg\",\"contentUrl\":\"https:\\\/\\\/www.booksonthemove.fr\\\/media\\\/bom_2020.jpg\",\"width\":900,\"height\":1417},{\"@type\":\"BreadcrumbList\",\"@id\":\"https:\\\/\\\/www.booksonthemove.fr\\\/produit\\\/le-hip-hop-en-scenes-mutations-artistiques-et-innovations-politiques\\\/#breadcrumb\",\"itemListElement\":[{\"@type\":\"ListItem\",\"position\":1,\"name\":\"Accueil\",\"item\":\"https:\\\/\\\/www.booksonthemove.fr\\\/en\\\/\"},{\"@type\":\"ListItem\",\"position\":2,\"name\":\"online store\",\"item\":\"https:\\\/\\\/www.booksonthemove.fr\\\/en\\\/online-shop\\\/\"},{\"@type\":\"ListItem\",\"position\":3,\"name\":\"Le hip-hop en sc\u00e8nes: Mutations artistiques et innovations politiques\"}]},{\"@type\":\"WebSite\",\"@id\":\"https:\\\/\\\/www.booksonthemove.fr\\\/#website\",\"url\":\"https:\\\/\\\/www.booksonthemove.fr\\\/\",\"name\":\"Books on the Move\",\"description\":\"librairie nomade - danse - mouvement - performance\",\"publisher\":{\"@id\":\"https:\\\/\\\/www.booksonthemove.fr\\\/#organization\"},\"potentialAction\":[{\"@type\":\"SearchAction\",\"target\":{\"@type\":\"EntryPoint\",\"urlTemplate\":\"https:\\\/\\\/www.booksonthemove.fr\\\/?s={search_term_string}\"},\"query-input\":{\"@type\":\"PropertyValueSpecification\",\"valueRequired\":true,\"valueName\":\"search_term_string\"}}],\"inLanguage\":\"en-US\"},{\"@type\":\"Organization\",\"@id\":\"https:\\\/\\\/www.booksonthemove.fr\\\/#organization\",\"name\":\"Books on the Move\",\"url\":\"https:\\\/\\\/www.booksonthemove.fr\\\/\",\"logo\":{\"@type\":\"ImageObject\",\"inLanguage\":\"en-US\",\"@id\":\"https:\\\/\\\/www.booksonthemove.fr\\\/#\\\/schema\\\/logo\\\/image\\\/\",\"url\":\"https:\\\/\\\/www.booksonthemove.fr\\\/media\\\/logo-NB-400.jpg\",\"contentUrl\":\"https:\\\/\\\/www.booksonthemove.fr\\\/media\\\/logo-NB-400.jpg\",\"width\":400,\"height\":143,\"caption\":\"Books on the Move\"},\"image\":{\"@id\":\"https:\\\/\\\/www.booksonthemove.fr\\\/#\\\/schema\\\/logo\\\/image\\\/\"},\"sameAs\":[\"https:\\\/\\\/www.facebook.com\\\/Librairiebooksonthemove\\\/\"]}]}<\/script>\n<!-- \/ Yoast SEO plugin. -->","yoast_head_json":{"title":"Le hip-hop en sc\u00e8nes: Mutations artistiques et innovations politiques - Books on the Move","robots":{"index":"index","follow":"follow","max-snippet":"max-snippet:-1","max-image-preview":"max-image-preview:large","max-video-preview":"max-video-preview:-1"},"canonical":"https:\/\/www.booksonthemove.fr\/produit\/le-hip-hop-en-scenes-mutations-artistiques-et-innovations-politiques\/","og_locale":"en_US","og_type":"article","og_title":"Le hip-hop en sc\u00e8nes: Mutations artistiques et innovations politiques - Books on the Move","og_description":"Auteurs: Emmanuel N\u00e9grier &amp; Aur\u00e9lien Djakouane Editeurs:\u00a0\u00c9ditions L'Harmattan (2018)  Broch\u00e9:\u00a0274 pages Langue: Fran\u00e7ais ISBN13: 978-2-343-14872-4","og_url":"https:\/\/www.booksonthemove.fr\/produit\/le-hip-hop-en-scenes-mutations-artistiques-et-innovations-politiques\/","og_site_name":"Books on the Move","article_publisher":"https:\/\/www.facebook.com\/Librairiebooksonthemove\/","article_modified_time":"2023-05-16T14:21:23+00:00","og_image":[{"width":900,"height":1417,"url":"https:\/\/www.booksonthemove.fr\/media\/bom_2020.jpg","type":"image\/jpeg"}],"twitter_card":"summary_large_image","schema":{"@context":"https:\/\/schema.org","@graph":[{"@type":"WebPage","@id":"https:\/\/www.booksonthemove.fr\/produit\/le-hip-hop-en-scenes-mutations-artistiques-et-innovations-politiques\/","url":"https:\/\/www.booksonthemove.fr\/produit\/le-hip-hop-en-scenes-mutations-artistiques-et-innovations-politiques\/","name":"Le hip-hop en sc\u00e8nes: Mutations artistiques et innovations politiques - Books on the Move","isPartOf":{"@id":"https:\/\/www.booksonthemove.fr\/#website"},"primaryImageOfPage":{"@id":"https:\/\/www.booksonthemove.fr\/produit\/le-hip-hop-en-scenes-mutations-artistiques-et-innovations-politiques\/#primaryimage"},"image":{"@id":"https:\/\/www.booksonthemove.fr\/produit\/le-hip-hop-en-scenes-mutations-artistiques-et-innovations-politiques\/#primaryimage"},"thumbnailUrl":"https:\/\/www.booksonthemove.fr\/media\/bom_2020.jpg","datePublished":"2020-03-25T18:11:22+00:00","dateModified":"2023-05-16T14:21:23+00:00","breadcrumb":{"@id":"https:\/\/www.booksonthemove.fr\/produit\/le-hip-hop-en-scenes-mutations-artistiques-et-innovations-politiques\/#breadcrumb"},"inLanguage":"en-US","potentialAction":[{"@type":"ReadAction","target":["https:\/\/www.booksonthemove.fr\/produit\/le-hip-hop-en-scenes-mutations-artistiques-et-innovations-politiques\/"]}]},{"@type":"ImageObject","inLanguage":"en-US","@id":"https:\/\/www.booksonthemove.fr\/produit\/le-hip-hop-en-scenes-mutations-artistiques-et-innovations-politiques\/#primaryimage","url":"https:\/\/www.booksonthemove.fr\/media\/bom_2020.jpg","contentUrl":"https:\/\/www.booksonthemove.fr\/media\/bom_2020.jpg","width":900,"height":1417},{"@type":"BreadcrumbList","@id":"https:\/\/www.booksonthemove.fr\/produit\/le-hip-hop-en-scenes-mutations-artistiques-et-innovations-politiques\/#breadcrumb","itemListElement":[{"@type":"ListItem","position":1,"name":"Accueil","item":"https:\/\/www.booksonthemove.fr\/en\/"},{"@type":"ListItem","position":2,"name":"online store","item":"https:\/\/www.booksonthemove.fr\/en\/online-shop\/"},{"@type":"ListItem","position":3,"name":"Le hip-hop en sc\u00e8nes: Mutations artistiques et innovations politiques"}]},{"@type":"WebSite","@id":"https:\/\/www.booksonthemove.fr\/#website","url":"https:\/\/www.booksonthemove.fr\/","name":"Books on the Move","description":"librairie nomade - danse - mouvement - performance","publisher":{"@id":"https:\/\/www.booksonthemove.fr\/#organization"},"potentialAction":[{"@type":"SearchAction","target":{"@type":"EntryPoint","urlTemplate":"https:\/\/www.booksonthemove.fr\/?s={search_term_string}"},"query-input":{"@type":"PropertyValueSpecification","valueRequired":true,"valueName":"search_term_string"}}],"inLanguage":"en-US"},{"@type":"Organization","@id":"https:\/\/www.booksonthemove.fr\/#organization","name":"Books on the Move","url":"https:\/\/www.booksonthemove.fr\/","logo":{"@type":"ImageObject","inLanguage":"en-US","@id":"https:\/\/www.booksonthemove.fr\/#\/schema\/logo\/image\/","url":"https:\/\/www.booksonthemove.fr\/media\/logo-NB-400.jpg","contentUrl":"https:\/\/www.booksonthemove.fr\/media\/logo-NB-400.jpg","width":400,"height":143,"caption":"Books on the Move"},"image":{"@id":"https:\/\/www.booksonthemove.fr\/#\/schema\/logo\/image\/"},"sameAs":["https:\/\/www.facebook.com\/Librairiebooksonthemove\/"]}]}},"_links":{"self":[{"href":"https:\/\/www.booksonthemove.fr\/en\/wp-json\/wp\/v2\/product\/13778","targetHints":{"allow":["GET"]}}],"collection":[{"href":"https:\/\/www.booksonthemove.fr\/en\/wp-json\/wp\/v2\/product"}],"about":[{"href":"https:\/\/www.booksonthemove.fr\/en\/wp-json\/wp\/v2\/types\/product"}],"wp:featuredmedia":[{"embeddable":true,"href":"https:\/\/www.booksonthemove.fr\/en\/wp-json\/wp\/v2\/media\/14779"}],"wp:attachment":[{"href":"https:\/\/www.booksonthemove.fr\/en\/wp-json\/wp\/v2\/media?parent=13778"}],"wp:term":[{"taxonomy":"product_brand","embeddable":true,"href":"https:\/\/www.booksonthemove.fr\/en\/wp-json\/wp\/v2\/product_brand?post=13778"},{"taxonomy":"product_cat","embeddable":true,"href":"https:\/\/www.booksonthemove.fr\/en\/wp-json\/wp\/v2\/product_cat?post=13778"},{"taxonomy":"product_tag","embeddable":true,"href":"https:\/\/www.booksonthemove.fr\/en\/wp-json\/wp\/v2\/product_tag?post=13778"}],"curies":[{"name":"wp","href":"https:\/\/api.w.org\/{rel}","templated":true}]}}