{"id":13813,"date":"2020-03-26T16:26:14","date_gmt":"2020-03-26T15:26:14","guid":{"rendered":"https:\/\/www.booksonthemove.fr\/produit\/les-temps-modernes-art-temps-politique\/"},"modified":"2024-10-21T21:05:05","modified_gmt":"2024-10-21T19:05:05","slug":"les-temps-modernes-art-temps-politique","status":"publish","type":"product","link":"https:\/\/www.booksonthemove.fr\/en\/produit\/les-temps-modernes-art-temps-politique\/","title":{"rendered":"Les temps modernes  &#8211; Art, temps, politique"},"content":{"rendered":"<p>L\u2019opinion intellectuelle dit que nous en avons fini avec les grands r\u00e9cits et avec le modernisme artistique. Il n\u2019est pas s\u00fbr pourtant que nous ayons commenc\u00e9 \u00e0 penser ce que recouvrent ces termes. Pour comprendre ce qui se joue dans les mouvements d\u2019\u00e9mancipation et dans les bouleversements des arts qui les accompagnent, il faut prendre en compte la double dimension du temps. Derri\u00e8re l\u2019image simple de la ligne tendue entre le pass\u00e9 et l\u2019avenir, qui porte promesses et d\u00e9sillusions, il y a la hi\u00e9rarchie des formes de vie s\u00e9parant ceux qui ont le temps de ceux qui ne l\u2019ont pas. Jacques Ranci\u00e8re montre comment la lutte contre ce partage des temps est au c\u0153ur des r\u00e9volutions politiques et artistiques modernes et complexifie la trop simple apparence de la rupture entre l\u2019ancien et le nouveau. Un philosophe transcendantaliste, deux ouvriers du b\u00e2timent, trois cin\u00e9astes et quelques danseuses l\u2019aident \u00e0 en construire la sc\u00e8ne.<\/p>\n","protected":false},"excerpt":{"rendered":"<p>Auteur: Jacques Ranci\u00e8re<br \/>\nEditeur: La Fabrique \u00e9ditions (2018)<\/p>\n<p>Broch\u00e9: 152 pages<br \/>\nLangue: Fran\u00e7ais<br \/>\nISBN13:\u00a0978-2-358-72163-9<\/p>\n","protected":false},"featured_media":13812,"template":"","meta":[],"product_brand":[],"product_cat":[146,162,330,206],"product_tag":[],"class_list":{"0":"post-13813","1":"product","2":"type-product","3":"status-publish","4":"has-post-thumbnail","6":"product_cat-theoretical-texts-en","7":"product_cat-french-en","8":"product_cat-non-classe","9":"product_cat-philosophy-aesthetics-en","11":"first","12":"outofstock","13":"taxable","14":"shipping-taxable","15":"purchasable","16":"product-type-simple"},"yoast_head":"<!-- This site is optimized with the Yoast SEO plugin v27.5 - https:\/\/yoast.com\/product\/yoast-seo-wordpress\/ -->\n<title>Les temps modernes - Art, temps, politique - Books on the Move<\/title>\n<meta name=\"robots\" content=\"index, follow, max-snippet:-1, max-image-preview:large, max-video-preview:-1\" \/>\n<link rel=\"canonical\" href=\"https:\/\/www.booksonthemove.fr\/produit\/les-temps-modernes-art-temps-politique\/\" \/>\n<meta property=\"og:locale\" content=\"en_US\" \/>\n<meta property=\"og:type\" content=\"article\" \/>\n<meta property=\"og:title\" content=\"Les temps modernes - Art, temps, politique - Books on the Move\" \/>\n<meta property=\"og:description\" content=\"Auteur: Jacques Ranci\u00e8re Editeur: La Fabrique \u00e9ditions (2018)  Broch\u00e9: 152 pages Langue: Fran\u00e7ais ISBN13:\u00a0978-2-358-72163-9\" \/>\n<meta property=\"og:url\" content=\"https:\/\/www.booksonthemove.fr\/produit\/les-temps-modernes-art-temps-politique\/\" \/>\n<meta property=\"og:site_name\" content=\"Books on the Move\" \/>\n<meta property=\"article:publisher\" content=\"https:\/\/www.facebook.com\/Librairiebooksonthemove\/\" \/>\n<meta property=\"article:modified_time\" content=\"2024-10-21T19:05:05+00:00\" \/>\n<meta property=\"og:image\" content=\"https:\/\/www.booksonthemove.fr\/media\/bom_2023.jpg\" \/>\n\t<meta property=\"og:image:width\" content=\"900\" \/>\n\t<meta property=\"og:image:height\" content=\"1375\" \/>\n\t<meta property=\"og:image:type\" content=\"image\/jpeg\" \/>\n<meta name=\"twitter:card\" content=\"summary_large_image\" \/>\n<script type=\"application\/ld+json\" class=\"yoast-schema-graph\">{\"@context\":\"https:\\\/\\\/schema.org\",\"@graph\":[{\"@type\":\"WebPage\",\"@id\":\"https:\\\/\\\/www.booksonthemove.fr\\\/produit\\\/les-temps-modernes-art-temps-politique\\\/\",\"url\":\"https:\\\/\\\/www.booksonthemove.fr\\\/produit\\\/les-temps-modernes-art-temps-politique\\\/\",\"name\":\"Les temps modernes - Art, temps, politique - Books on the Move\",\"isPartOf\":{\"@id\":\"https:\\\/\\\/www.booksonthemove.fr\\\/#website\"},\"primaryImageOfPage\":{\"@id\":\"https:\\\/\\\/www.booksonthemove.fr\\\/produit\\\/les-temps-modernes-art-temps-politique\\\/#primaryimage\"},\"image\":{\"@id\":\"https:\\\/\\\/www.booksonthemove.fr\\\/produit\\\/les-temps-modernes-art-temps-politique\\\/#primaryimage\"},\"thumbnailUrl\":\"https:\\\/\\\/www.booksonthemove.fr\\\/media\\\/bom_2023.jpg\",\"datePublished\":\"2020-03-26T15:26:14+00:00\",\"dateModified\":\"2024-10-21T19:05:05+00:00\",\"breadcrumb\":{\"@id\":\"https:\\\/\\\/www.booksonthemove.fr\\\/produit\\\/les-temps-modernes-art-temps-politique\\\/#breadcrumb\"},\"inLanguage\":\"en-US\",\"potentialAction\":[{\"@type\":\"ReadAction\",\"target\":[\"https:\\\/\\\/www.booksonthemove.fr\\\/produit\\\/les-temps-modernes-art-temps-politique\\\/\"]}]},{\"@type\":\"ImageObject\",\"inLanguage\":\"en-US\",\"@id\":\"https:\\\/\\\/www.booksonthemove.fr\\\/produit\\\/les-temps-modernes-art-temps-politique\\\/#primaryimage\",\"url\":\"https:\\\/\\\/www.booksonthemove.fr\\\/media\\\/bom_2023.jpg\",\"contentUrl\":\"https:\\\/\\\/www.booksonthemove.fr\\\/media\\\/bom_2023.jpg\",\"width\":900,\"height\":1375},{\"@type\":\"BreadcrumbList\",\"@id\":\"https:\\\/\\\/www.booksonthemove.fr\\\/produit\\\/les-temps-modernes-art-temps-politique\\\/#breadcrumb\",\"itemListElement\":[{\"@type\":\"ListItem\",\"position\":1,\"name\":\"Accueil\",\"item\":\"https:\\\/\\\/www.booksonthemove.fr\\\/en\\\/\"},{\"@type\":\"ListItem\",\"position\":2,\"name\":\"online store\",\"item\":\"https:\\\/\\\/www.booksonthemove.fr\\\/en\\\/online-shop\\\/\"},{\"@type\":\"ListItem\",\"position\":3,\"name\":\"Les temps modernes &#8211; Art, temps, politique\"}]},{\"@type\":\"WebSite\",\"@id\":\"https:\\\/\\\/www.booksonthemove.fr\\\/#website\",\"url\":\"https:\\\/\\\/www.booksonthemove.fr\\\/\",\"name\":\"Books on the Move\",\"description\":\"librairie nomade - danse - mouvement - performance\",\"publisher\":{\"@id\":\"https:\\\/\\\/www.booksonthemove.fr\\\/#organization\"},\"potentialAction\":[{\"@type\":\"SearchAction\",\"target\":{\"@type\":\"EntryPoint\",\"urlTemplate\":\"https:\\\/\\\/www.booksonthemove.fr\\\/?s={search_term_string}\"},\"query-input\":{\"@type\":\"PropertyValueSpecification\",\"valueRequired\":true,\"valueName\":\"search_term_string\"}}],\"inLanguage\":\"en-US\"},{\"@type\":\"Organization\",\"@id\":\"https:\\\/\\\/www.booksonthemove.fr\\\/#organization\",\"name\":\"Books on the Move\",\"url\":\"https:\\\/\\\/www.booksonthemove.fr\\\/\",\"logo\":{\"@type\":\"ImageObject\",\"inLanguage\":\"en-US\",\"@id\":\"https:\\\/\\\/www.booksonthemove.fr\\\/#\\\/schema\\\/logo\\\/image\\\/\",\"url\":\"https:\\\/\\\/www.booksonthemove.fr\\\/media\\\/logo-NB-400.jpg\",\"contentUrl\":\"https:\\\/\\\/www.booksonthemove.fr\\\/media\\\/logo-NB-400.jpg\",\"width\":400,\"height\":143,\"caption\":\"Books on the Move\"},\"image\":{\"@id\":\"https:\\\/\\\/www.booksonthemove.fr\\\/#\\\/schema\\\/logo\\\/image\\\/\"},\"sameAs\":[\"https:\\\/\\\/www.facebook.com\\\/Librairiebooksonthemove\\\/\"]}]}<\/script>\n<!-- \/ Yoast SEO plugin. -->","yoast_head_json":{"title":"Les temps modernes - Art, temps, politique - Books on the Move","robots":{"index":"index","follow":"follow","max-snippet":"max-snippet:-1","max-image-preview":"max-image-preview:large","max-video-preview":"max-video-preview:-1"},"canonical":"https:\/\/www.booksonthemove.fr\/produit\/les-temps-modernes-art-temps-politique\/","og_locale":"en_US","og_type":"article","og_title":"Les temps modernes - Art, temps, politique - Books on the Move","og_description":"Auteur: Jacques Ranci\u00e8re Editeur: La Fabrique \u00e9ditions (2018)  Broch\u00e9: 152 pages Langue: Fran\u00e7ais ISBN13:\u00a0978-2-358-72163-9","og_url":"https:\/\/www.booksonthemove.fr\/produit\/les-temps-modernes-art-temps-politique\/","og_site_name":"Books on the Move","article_publisher":"https:\/\/www.facebook.com\/Librairiebooksonthemove\/","article_modified_time":"2024-10-21T19:05:05+00:00","og_image":[{"width":900,"height":1375,"url":"https:\/\/www.booksonthemove.fr\/media\/bom_2023.jpg","type":"image\/jpeg"}],"twitter_card":"summary_large_image","schema":{"@context":"https:\/\/schema.org","@graph":[{"@type":"WebPage","@id":"https:\/\/www.booksonthemove.fr\/produit\/les-temps-modernes-art-temps-politique\/","url":"https:\/\/www.booksonthemove.fr\/produit\/les-temps-modernes-art-temps-politique\/","name":"Les temps modernes - Art, temps, politique - Books on the Move","isPartOf":{"@id":"https:\/\/www.booksonthemove.fr\/#website"},"primaryImageOfPage":{"@id":"https:\/\/www.booksonthemove.fr\/produit\/les-temps-modernes-art-temps-politique\/#primaryimage"},"image":{"@id":"https:\/\/www.booksonthemove.fr\/produit\/les-temps-modernes-art-temps-politique\/#primaryimage"},"thumbnailUrl":"https:\/\/www.booksonthemove.fr\/media\/bom_2023.jpg","datePublished":"2020-03-26T15:26:14+00:00","dateModified":"2024-10-21T19:05:05+00:00","breadcrumb":{"@id":"https:\/\/www.booksonthemove.fr\/produit\/les-temps-modernes-art-temps-politique\/#breadcrumb"},"inLanguage":"en-US","potentialAction":[{"@type":"ReadAction","target":["https:\/\/www.booksonthemove.fr\/produit\/les-temps-modernes-art-temps-politique\/"]}]},{"@type":"ImageObject","inLanguage":"en-US","@id":"https:\/\/www.booksonthemove.fr\/produit\/les-temps-modernes-art-temps-politique\/#primaryimage","url":"https:\/\/www.booksonthemove.fr\/media\/bom_2023.jpg","contentUrl":"https:\/\/www.booksonthemove.fr\/media\/bom_2023.jpg","width":900,"height":1375},{"@type":"BreadcrumbList","@id":"https:\/\/www.booksonthemove.fr\/produit\/les-temps-modernes-art-temps-politique\/#breadcrumb","itemListElement":[{"@type":"ListItem","position":1,"name":"Accueil","item":"https:\/\/www.booksonthemove.fr\/en\/"},{"@type":"ListItem","position":2,"name":"online store","item":"https:\/\/www.booksonthemove.fr\/en\/online-shop\/"},{"@type":"ListItem","position":3,"name":"Les temps modernes &#8211; Art, temps, politique"}]},{"@type":"WebSite","@id":"https:\/\/www.booksonthemove.fr\/#website","url":"https:\/\/www.booksonthemove.fr\/","name":"Books on the Move","description":"librairie nomade - danse - mouvement - performance","publisher":{"@id":"https:\/\/www.booksonthemove.fr\/#organization"},"potentialAction":[{"@type":"SearchAction","target":{"@type":"EntryPoint","urlTemplate":"https:\/\/www.booksonthemove.fr\/?s={search_term_string}"},"query-input":{"@type":"PropertyValueSpecification","valueRequired":true,"valueName":"search_term_string"}}],"inLanguage":"en-US"},{"@type":"Organization","@id":"https:\/\/www.booksonthemove.fr\/#organization","name":"Books on the Move","url":"https:\/\/www.booksonthemove.fr\/","logo":{"@type":"ImageObject","inLanguage":"en-US","@id":"https:\/\/www.booksonthemove.fr\/#\/schema\/logo\/image\/","url":"https:\/\/www.booksonthemove.fr\/media\/logo-NB-400.jpg","contentUrl":"https:\/\/www.booksonthemove.fr\/media\/logo-NB-400.jpg","width":400,"height":143,"caption":"Books on the Move"},"image":{"@id":"https:\/\/www.booksonthemove.fr\/#\/schema\/logo\/image\/"},"sameAs":["https:\/\/www.facebook.com\/Librairiebooksonthemove\/"]}]}},"_links":{"self":[{"href":"https:\/\/www.booksonthemove.fr\/en\/wp-json\/wp\/v2\/product\/13813","targetHints":{"allow":["GET"]}}],"collection":[{"href":"https:\/\/www.booksonthemove.fr\/en\/wp-json\/wp\/v2\/product"}],"about":[{"href":"https:\/\/www.booksonthemove.fr\/en\/wp-json\/wp\/v2\/types\/product"}],"wp:featuredmedia":[{"embeddable":true,"href":"https:\/\/www.booksonthemove.fr\/en\/wp-json\/wp\/v2\/media\/13812"}],"wp:attachment":[{"href":"https:\/\/www.booksonthemove.fr\/en\/wp-json\/wp\/v2\/media?parent=13813"}],"wp:term":[{"taxonomy":"product_brand","embeddable":true,"href":"https:\/\/www.booksonthemove.fr\/en\/wp-json\/wp\/v2\/product_brand?post=13813"},{"taxonomy":"product_cat","embeddable":true,"href":"https:\/\/www.booksonthemove.fr\/en\/wp-json\/wp\/v2\/product_cat?post=13813"},{"taxonomy":"product_tag","embeddable":true,"href":"https:\/\/www.booksonthemove.fr\/en\/wp-json\/wp\/v2\/product_tag?post=13813"}],"curies":[{"name":"wp","href":"https:\/\/api.w.org\/{rel}","templated":true}]}}