{"id":13828,"date":"2020-03-26T17:33:56","date_gmt":"2020-03-26T16:33:56","guid":{"rendered":"https:\/\/www.booksonthemove.fr\/produit\/mon-songe\/"},"modified":"2025-02-20T20:37:46","modified_gmt":"2025-02-20T19:37:46","slug":"mon-songe","status":"publish","type":"product","link":"https:\/\/www.booksonthemove.fr\/en\/produit\/mon-songe\/","title":{"rendered":"Mon songe"},"content":{"rendered":"<p>Pour le projet\u00a0<em>Time has fallen asleep in the afternoon sunshine,\u00a0<\/em>diverses personnes s&#8217;engagent \u00e0 m\u00e9moriser un livre de leur choix. Ensemble ces personnes forment une biblioth\u00e8que de livres vivants. Apr\u00e8s des ann\u00e9es de m\u00e9morisation et de r\u00e9citation pour divers lecteurs, certains de ces livres ont \u00e9t\u00e9 mis par \u00e9crit de m\u00e9moire, cr\u00e9ant ainsi de nouvelles \u00e9ditions qui sont le r\u00e9sultat de ce processus.<br \/>\nDurant la phase de m\u00e9morisation et de r\u00e9citation des livres, l&#8217;objectif \u00e9tait de rester aussi pr\u00e8s que possible des originaux. Pour la r\u00e9\u00e9criture, il s&#8217;agissait de mettre par \u00e9crit la version &#8220;parl\u00e9e&#8221; des livres existant en m\u00e9moire.<br \/>\nCe livre est un de ces livres, choisi par une personne, appris par c\u0153ur et r\u00e9cit\u00e9 de nombreuses fois, puis mis sur papier de m\u00e9moire.<br \/>\nCette \u00e9dition n&#8217;est pas un r\u00e9\u00e9dition du texte original. Il s&#8217;agit d&#8217;une r\u00e9\u00e9criture du texte \u00e0 la suite d&#8217;un processus de lecture, de m\u00e9morisation et de r\u00e9citation, avec toutes les modifications que ce processus a pu entra\u00eener.<\/p>\n","protected":false},"excerpt":{"rendered":"<p><b>Auteurs:\u00a0<\/b>Robert Pinget\/Vincent Dunoyer<br \/>\n<b>Editeur: <\/b>Time has fallen asleep in the afternoon sunshine (2017)<\/p>\n<p><strong>Broch\u00e9: <\/strong>138pages<br \/>\n<b>Langue: <\/b>Fran\u00e7ais<\/p>\n","protected":false},"featured_media":13827,"template":"","meta":[],"product_brand":[],"product_cat":[212,162,219],"product_tag":[],"class_list":{"0":"post-13828","1":"product","2":"type-product","3":"status-publish","4":"has-post-thumbnail","6":"product_cat-artists-books-en","7":"product_cat-french-en","8":"product_cat-literature-en","10":"first","11":"instock","12":"taxable","13":"shipping-taxable","14":"purchasable","15":"product-type-simple"},"yoast_head":"<!-- This site is optimized with the Yoast SEO plugin v27.4 - https:\/\/yoast.com\/product\/yoast-seo-wordpress\/ -->\n<title>Mon songe - Books on the Move<\/title>\n<meta name=\"robots\" content=\"index, follow, max-snippet:-1, max-image-preview:large, max-video-preview:-1\" \/>\n<link rel=\"canonical\" href=\"https:\/\/www.booksonthemove.fr\/produit\/mon-songe\/\" \/>\n<meta property=\"og:locale\" content=\"en_US\" \/>\n<meta property=\"og:type\" content=\"article\" \/>\n<meta property=\"og:title\" content=\"Mon songe - Books on the Move\" \/>\n<meta property=\"og:description\" content=\"Auteurs:\u00a0Robert Pinget\/Vincent Dunoyer Editeur: Time has fallen asleep in the afternoon sunshine (2017)  Broch\u00e9: 138pages Langue: Fran\u00e7ais\" \/>\n<meta property=\"og:url\" content=\"https:\/\/www.booksonthemove.fr\/produit\/mon-songe\/\" \/>\n<meta property=\"og:site_name\" content=\"Books on the Move\" \/>\n<meta property=\"article:publisher\" content=\"https:\/\/www.facebook.com\/Librairiebooksonthemove\/\" \/>\n<meta property=\"article:modified_time\" content=\"2025-02-20T19:37:46+00:00\" \/>\n<meta property=\"og:image\" content=\"https:\/\/www.booksonthemove.fr\/media\/bom_2026.jpg\" \/>\n\t<meta property=\"og:image:width\" content=\"378\" \/>\n\t<meta property=\"og:image:height\" content=\"619\" \/>\n\t<meta property=\"og:image:type\" content=\"image\/jpeg\" \/>\n<meta name=\"twitter:card\" content=\"summary_large_image\" \/>\n<script type=\"application\/ld+json\" class=\"yoast-schema-graph\">{\"@context\":\"https:\\\/\\\/schema.org\",\"@graph\":[{\"@type\":\"WebPage\",\"@id\":\"https:\\\/\\\/www.booksonthemove.fr\\\/produit\\\/mon-songe\\\/\",\"url\":\"https:\\\/\\\/www.booksonthemove.fr\\\/produit\\\/mon-songe\\\/\",\"name\":\"Mon songe - Books on the Move\",\"isPartOf\":{\"@id\":\"https:\\\/\\\/www.booksonthemove.fr\\\/#website\"},\"primaryImageOfPage\":{\"@id\":\"https:\\\/\\\/www.booksonthemove.fr\\\/produit\\\/mon-songe\\\/#primaryimage\"},\"image\":{\"@id\":\"https:\\\/\\\/www.booksonthemove.fr\\\/produit\\\/mon-songe\\\/#primaryimage\"},\"thumbnailUrl\":\"https:\\\/\\\/www.booksonthemove.fr\\\/media\\\/bom_2026.jpg\",\"datePublished\":\"2020-03-26T16:33:56+00:00\",\"dateModified\":\"2025-02-20T19:37:46+00:00\",\"breadcrumb\":{\"@id\":\"https:\\\/\\\/www.booksonthemove.fr\\\/produit\\\/mon-songe\\\/#breadcrumb\"},\"inLanguage\":\"en-US\",\"potentialAction\":[{\"@type\":\"ReadAction\",\"target\":[\"https:\\\/\\\/www.booksonthemove.fr\\\/produit\\\/mon-songe\\\/\"]}]},{\"@type\":\"ImageObject\",\"inLanguage\":\"en-US\",\"@id\":\"https:\\\/\\\/www.booksonthemove.fr\\\/produit\\\/mon-songe\\\/#primaryimage\",\"url\":\"https:\\\/\\\/www.booksonthemove.fr\\\/media\\\/bom_2026.jpg\",\"contentUrl\":\"https:\\\/\\\/www.booksonthemove.fr\\\/media\\\/bom_2026.jpg\",\"width\":378,\"height\":619},{\"@type\":\"BreadcrumbList\",\"@id\":\"https:\\\/\\\/www.booksonthemove.fr\\\/produit\\\/mon-songe\\\/#breadcrumb\",\"itemListElement\":[{\"@type\":\"ListItem\",\"position\":1,\"name\":\"Accueil\",\"item\":\"https:\\\/\\\/www.booksonthemove.fr\\\/en\\\/\"},{\"@type\":\"ListItem\",\"position\":2,\"name\":\"online store\",\"item\":\"https:\\\/\\\/www.booksonthemove.fr\\\/en\\\/online-shop\\\/\"},{\"@type\":\"ListItem\",\"position\":3,\"name\":\"Mon songe\"}]},{\"@type\":\"WebSite\",\"@id\":\"https:\\\/\\\/www.booksonthemove.fr\\\/#website\",\"url\":\"https:\\\/\\\/www.booksonthemove.fr\\\/\",\"name\":\"Books on the Move\",\"description\":\"librairie nomade - danse - mouvement - performance\",\"publisher\":{\"@id\":\"https:\\\/\\\/www.booksonthemove.fr\\\/#organization\"},\"potentialAction\":[{\"@type\":\"SearchAction\",\"target\":{\"@type\":\"EntryPoint\",\"urlTemplate\":\"https:\\\/\\\/www.booksonthemove.fr\\\/?s={search_term_string}\"},\"query-input\":{\"@type\":\"PropertyValueSpecification\",\"valueRequired\":true,\"valueName\":\"search_term_string\"}}],\"inLanguage\":\"en-US\"},{\"@type\":\"Organization\",\"@id\":\"https:\\\/\\\/www.booksonthemove.fr\\\/#organization\",\"name\":\"Books on the Move\",\"url\":\"https:\\\/\\\/www.booksonthemove.fr\\\/\",\"logo\":{\"@type\":\"ImageObject\",\"inLanguage\":\"en-US\",\"@id\":\"https:\\\/\\\/www.booksonthemove.fr\\\/#\\\/schema\\\/logo\\\/image\\\/\",\"url\":\"https:\\\/\\\/www.booksonthemove.fr\\\/media\\\/logo-NB-400.jpg\",\"contentUrl\":\"https:\\\/\\\/www.booksonthemove.fr\\\/media\\\/logo-NB-400.jpg\",\"width\":400,\"height\":143,\"caption\":\"Books on the Move\"},\"image\":{\"@id\":\"https:\\\/\\\/www.booksonthemove.fr\\\/#\\\/schema\\\/logo\\\/image\\\/\"},\"sameAs\":[\"https:\\\/\\\/www.facebook.com\\\/Librairiebooksonthemove\\\/\"]}]}<\/script>\n<!-- \/ Yoast SEO plugin. -->","yoast_head_json":{"title":"Mon songe - Books on the Move","robots":{"index":"index","follow":"follow","max-snippet":"max-snippet:-1","max-image-preview":"max-image-preview:large","max-video-preview":"max-video-preview:-1"},"canonical":"https:\/\/www.booksonthemove.fr\/produit\/mon-songe\/","og_locale":"en_US","og_type":"article","og_title":"Mon songe - Books on the Move","og_description":"Auteurs:\u00a0Robert Pinget\/Vincent Dunoyer Editeur: Time has fallen asleep in the afternoon sunshine (2017)  Broch\u00e9: 138pages Langue: Fran\u00e7ais","og_url":"https:\/\/www.booksonthemove.fr\/produit\/mon-songe\/","og_site_name":"Books on the Move","article_publisher":"https:\/\/www.facebook.com\/Librairiebooksonthemove\/","article_modified_time":"2025-02-20T19:37:46+00:00","og_image":[{"width":378,"height":619,"url":"https:\/\/www.booksonthemove.fr\/media\/bom_2026.jpg","type":"image\/jpeg"}],"twitter_card":"summary_large_image","schema":{"@context":"https:\/\/schema.org","@graph":[{"@type":"WebPage","@id":"https:\/\/www.booksonthemove.fr\/produit\/mon-songe\/","url":"https:\/\/www.booksonthemove.fr\/produit\/mon-songe\/","name":"Mon songe - Books on the Move","isPartOf":{"@id":"https:\/\/www.booksonthemove.fr\/#website"},"primaryImageOfPage":{"@id":"https:\/\/www.booksonthemove.fr\/produit\/mon-songe\/#primaryimage"},"image":{"@id":"https:\/\/www.booksonthemove.fr\/produit\/mon-songe\/#primaryimage"},"thumbnailUrl":"https:\/\/www.booksonthemove.fr\/media\/bom_2026.jpg","datePublished":"2020-03-26T16:33:56+00:00","dateModified":"2025-02-20T19:37:46+00:00","breadcrumb":{"@id":"https:\/\/www.booksonthemove.fr\/produit\/mon-songe\/#breadcrumb"},"inLanguage":"en-US","potentialAction":[{"@type":"ReadAction","target":["https:\/\/www.booksonthemove.fr\/produit\/mon-songe\/"]}]},{"@type":"ImageObject","inLanguage":"en-US","@id":"https:\/\/www.booksonthemove.fr\/produit\/mon-songe\/#primaryimage","url":"https:\/\/www.booksonthemove.fr\/media\/bom_2026.jpg","contentUrl":"https:\/\/www.booksonthemove.fr\/media\/bom_2026.jpg","width":378,"height":619},{"@type":"BreadcrumbList","@id":"https:\/\/www.booksonthemove.fr\/produit\/mon-songe\/#breadcrumb","itemListElement":[{"@type":"ListItem","position":1,"name":"Accueil","item":"https:\/\/www.booksonthemove.fr\/en\/"},{"@type":"ListItem","position":2,"name":"online store","item":"https:\/\/www.booksonthemove.fr\/en\/online-shop\/"},{"@type":"ListItem","position":3,"name":"Mon songe"}]},{"@type":"WebSite","@id":"https:\/\/www.booksonthemove.fr\/#website","url":"https:\/\/www.booksonthemove.fr\/","name":"Books on the Move","description":"librairie nomade - danse - mouvement - performance","publisher":{"@id":"https:\/\/www.booksonthemove.fr\/#organization"},"potentialAction":[{"@type":"SearchAction","target":{"@type":"EntryPoint","urlTemplate":"https:\/\/www.booksonthemove.fr\/?s={search_term_string}"},"query-input":{"@type":"PropertyValueSpecification","valueRequired":true,"valueName":"search_term_string"}}],"inLanguage":"en-US"},{"@type":"Organization","@id":"https:\/\/www.booksonthemove.fr\/#organization","name":"Books on the Move","url":"https:\/\/www.booksonthemove.fr\/","logo":{"@type":"ImageObject","inLanguage":"en-US","@id":"https:\/\/www.booksonthemove.fr\/#\/schema\/logo\/image\/","url":"https:\/\/www.booksonthemove.fr\/media\/logo-NB-400.jpg","contentUrl":"https:\/\/www.booksonthemove.fr\/media\/logo-NB-400.jpg","width":400,"height":143,"caption":"Books on the Move"},"image":{"@id":"https:\/\/www.booksonthemove.fr\/#\/schema\/logo\/image\/"},"sameAs":["https:\/\/www.facebook.com\/Librairiebooksonthemove\/"]}]}},"_links":{"self":[{"href":"https:\/\/www.booksonthemove.fr\/en\/wp-json\/wp\/v2\/product\/13828","targetHints":{"allow":["GET"]}}],"collection":[{"href":"https:\/\/www.booksonthemove.fr\/en\/wp-json\/wp\/v2\/product"}],"about":[{"href":"https:\/\/www.booksonthemove.fr\/en\/wp-json\/wp\/v2\/types\/product"}],"wp:featuredmedia":[{"embeddable":true,"href":"https:\/\/www.booksonthemove.fr\/en\/wp-json\/wp\/v2\/media\/13827"}],"wp:attachment":[{"href":"https:\/\/www.booksonthemove.fr\/en\/wp-json\/wp\/v2\/media?parent=13828"}],"wp:term":[{"taxonomy":"product_brand","embeddable":true,"href":"https:\/\/www.booksonthemove.fr\/en\/wp-json\/wp\/v2\/product_brand?post=13828"},{"taxonomy":"product_cat","embeddable":true,"href":"https:\/\/www.booksonthemove.fr\/en\/wp-json\/wp\/v2\/product_cat?post=13828"},{"taxonomy":"product_tag","embeddable":true,"href":"https:\/\/www.booksonthemove.fr\/en\/wp-json\/wp\/v2\/product_tag?post=13828"}],"curies":[{"name":"wp","href":"https:\/\/api.w.org\/{rel}","templated":true}]}}