{"id":13874,"date":"2020-03-27T13:37:47","date_gmt":"2020-03-27T12:37:47","guid":{"rendered":"https:\/\/www.booksonthemove.fr\/produit\/reveries-du-promeneur-solitaire\/"},"modified":"2025-02-20T20:35:05","modified_gmt":"2025-02-20T19:35:05","slug":"reveries-du-promeneur-solitaire","status":"publish","type":"product","link":"https:\/\/www.booksonthemove.fr\/en\/produit\/reveries-du-promeneur-solitaire\/","title":{"rendered":"R\u00eaveries du promeneur solitaire"},"content":{"rendered":"<p>Pour le projet\u00a0<em>Time has fallen asleep in the afternoon sunshine,\u00a0<\/em>diverses personnes s\u2019engagent \u00e0 m\u00e9moriser un livre de leur choix. Ensemble ces personnes forment une biblioth\u00e8que de livres vivants. Apr\u00e8s des ann\u00e9es de m\u00e9morisation et de r\u00e9citation pour divers lecteurs, certains de ces livres ont \u00e9t\u00e9 mis par \u00e9crit de m\u00e9moire, cr\u00e9ant ainsi de nouvelles \u00e9ditions qui sont le r\u00e9sultat de ce processus.<br \/>\nDurant la phase de m\u00e9morisation et de r\u00e9citation des livres, l\u2019objectif \u00e9tait de rester aussi pr\u00e8s que possible des originaux. Pour la r\u00e9\u00e9criture, il s\u2019agissait de mettre par \u00e9crit la version \u00ab\u00a0parl\u00e9e\u00a0\u00bb des livres existant en m\u00e9moire.<br \/>\nCe livre est un de ces livres, choisi par une personne, appris par c\u0153ur et r\u00e9cit\u00e9 de nombreuses fois, puis mis sur papier de m\u00e9moire.<br \/>\nCette \u00e9dition n\u2019est pas un r\u00e9\u00e9dition du texte original. Il s\u2019agit d\u2019une r\u00e9\u00e9criture du texte \u00e0 la suite d\u2019un processus de lecture, de m\u00e9morisation et de r\u00e9citation, avec toutes les modifications que ce processus a pu entra\u00eener.<\/p>\n","protected":false},"excerpt":{"rendered":"<p><b>Auteurs:\u00a0<\/b>Jean-Jacques Rousseau\/Sarah Ludi<br \/>\n<b>Editeur: <\/b>Time has fallen asleep in the afternoon sunshine (2016)<\/p>\n<p><strong>Broch\u00e9:<\/strong>\u00a028 pages<br \/>\n<b>Langue: <\/b>Fran\u00e7ais<\/p>\n","protected":false},"featured_media":17294,"template":"","meta":[],"product_brand":[],"product_cat":[212,162,219],"product_tag":[],"class_list":{"0":"post-13874","1":"product","2":"type-product","3":"status-publish","4":"has-post-thumbnail","6":"product_cat-artists-books-en","7":"product_cat-french-en","8":"product_cat-literature-en","10":"first","11":"instock","12":"taxable","13":"shipping-taxable","14":"purchasable","15":"product-type-simple"},"yoast_head":"<!-- This site is optimized with the Yoast SEO plugin v27.5 - https:\/\/yoast.com\/product\/yoast-seo-wordpress\/ -->\n<title>R\u00eaveries du promeneur solitaire - Books on the Move<\/title>\n<meta name=\"robots\" content=\"index, follow, max-snippet:-1, max-image-preview:large, max-video-preview:-1\" \/>\n<link rel=\"canonical\" href=\"https:\/\/www.booksonthemove.fr\/produit\/reveries-du-promeneur-solitaire\/\" \/>\n<meta property=\"og:locale\" content=\"en_US\" \/>\n<meta property=\"og:type\" content=\"article\" \/>\n<meta property=\"og:title\" content=\"R\u00eaveries du promeneur solitaire - Books on the Move\" \/>\n<meta property=\"og:description\" content=\"Auteurs:\u00a0Jean-Jacques Rousseau\/Sarah Ludi Editeur: Time has fallen asleep in the afternoon sunshine (2016)  Broch\u00e9:\u00a028 pages Langue: Fran\u00e7ais\" \/>\n<meta property=\"og:url\" content=\"https:\/\/www.booksonthemove.fr\/produit\/reveries-du-promeneur-solitaire\/\" \/>\n<meta property=\"og:site_name\" content=\"Books on the Move\" \/>\n<meta property=\"article:publisher\" content=\"https:\/\/www.facebook.com\/Librairiebooksonthemove\/\" \/>\n<meta property=\"article:modified_time\" content=\"2025-02-20T19:35:05+00:00\" \/>\n<meta property=\"og:image\" content=\"https:\/\/www.booksonthemove.fr\/media\/bom_2033-1.jpg\" \/>\n\t<meta property=\"og:image:width\" content=\"900\" \/>\n\t<meta property=\"og:image:height\" content=\"1464\" \/>\n\t<meta property=\"og:image:type\" content=\"image\/jpeg\" \/>\n<meta name=\"twitter:card\" content=\"summary_large_image\" \/>\n<script type=\"application\/ld+json\" class=\"yoast-schema-graph\">{\"@context\":\"https:\\\/\\\/schema.org\",\"@graph\":[{\"@type\":\"WebPage\",\"@id\":\"https:\\\/\\\/www.booksonthemove.fr\\\/produit\\\/reveries-du-promeneur-solitaire\\\/\",\"url\":\"https:\\\/\\\/www.booksonthemove.fr\\\/produit\\\/reveries-du-promeneur-solitaire\\\/\",\"name\":\"R\u00eaveries du promeneur solitaire - Books on the Move\",\"isPartOf\":{\"@id\":\"https:\\\/\\\/www.booksonthemove.fr\\\/#website\"},\"primaryImageOfPage\":{\"@id\":\"https:\\\/\\\/www.booksonthemove.fr\\\/produit\\\/reveries-du-promeneur-solitaire\\\/#primaryimage\"},\"image\":{\"@id\":\"https:\\\/\\\/www.booksonthemove.fr\\\/produit\\\/reveries-du-promeneur-solitaire\\\/#primaryimage\"},\"thumbnailUrl\":\"https:\\\/\\\/www.booksonthemove.fr\\\/media\\\/bom_2033-1.jpg\",\"datePublished\":\"2020-03-27T12:37:47+00:00\",\"dateModified\":\"2025-02-20T19:35:05+00:00\",\"breadcrumb\":{\"@id\":\"https:\\\/\\\/www.booksonthemove.fr\\\/produit\\\/reveries-du-promeneur-solitaire\\\/#breadcrumb\"},\"inLanguage\":\"en-US\",\"potentialAction\":[{\"@type\":\"ReadAction\",\"target\":[\"https:\\\/\\\/www.booksonthemove.fr\\\/produit\\\/reveries-du-promeneur-solitaire\\\/\"]}]},{\"@type\":\"ImageObject\",\"inLanguage\":\"en-US\",\"@id\":\"https:\\\/\\\/www.booksonthemove.fr\\\/produit\\\/reveries-du-promeneur-solitaire\\\/#primaryimage\",\"url\":\"https:\\\/\\\/www.booksonthemove.fr\\\/media\\\/bom_2033-1.jpg\",\"contentUrl\":\"https:\\\/\\\/www.booksonthemove.fr\\\/media\\\/bom_2033-1.jpg\",\"width\":900,\"height\":1464},{\"@type\":\"BreadcrumbList\",\"@id\":\"https:\\\/\\\/www.booksonthemove.fr\\\/produit\\\/reveries-du-promeneur-solitaire\\\/#breadcrumb\",\"itemListElement\":[{\"@type\":\"ListItem\",\"position\":1,\"name\":\"Accueil\",\"item\":\"https:\\\/\\\/www.booksonthemove.fr\\\/en\\\/\"},{\"@type\":\"ListItem\",\"position\":2,\"name\":\"online store\",\"item\":\"https:\\\/\\\/www.booksonthemove.fr\\\/en\\\/online-shop\\\/\"},{\"@type\":\"ListItem\",\"position\":3,\"name\":\"R\u00eaveries du promeneur solitaire\"}]},{\"@type\":\"WebSite\",\"@id\":\"https:\\\/\\\/www.booksonthemove.fr\\\/#website\",\"url\":\"https:\\\/\\\/www.booksonthemove.fr\\\/\",\"name\":\"Books on the Move\",\"description\":\"librairie nomade - danse - mouvement - performance\",\"publisher\":{\"@id\":\"https:\\\/\\\/www.booksonthemove.fr\\\/#organization\"},\"potentialAction\":[{\"@type\":\"SearchAction\",\"target\":{\"@type\":\"EntryPoint\",\"urlTemplate\":\"https:\\\/\\\/www.booksonthemove.fr\\\/?s={search_term_string}\"},\"query-input\":{\"@type\":\"PropertyValueSpecification\",\"valueRequired\":true,\"valueName\":\"search_term_string\"}}],\"inLanguage\":\"en-US\"},{\"@type\":\"Organization\",\"@id\":\"https:\\\/\\\/www.booksonthemove.fr\\\/#organization\",\"name\":\"Books on the Move\",\"url\":\"https:\\\/\\\/www.booksonthemove.fr\\\/\",\"logo\":{\"@type\":\"ImageObject\",\"inLanguage\":\"en-US\",\"@id\":\"https:\\\/\\\/www.booksonthemove.fr\\\/#\\\/schema\\\/logo\\\/image\\\/\",\"url\":\"https:\\\/\\\/www.booksonthemove.fr\\\/media\\\/logo-NB-400.jpg\",\"contentUrl\":\"https:\\\/\\\/www.booksonthemove.fr\\\/media\\\/logo-NB-400.jpg\",\"width\":400,\"height\":143,\"caption\":\"Books on the Move\"},\"image\":{\"@id\":\"https:\\\/\\\/www.booksonthemove.fr\\\/#\\\/schema\\\/logo\\\/image\\\/\"},\"sameAs\":[\"https:\\\/\\\/www.facebook.com\\\/Librairiebooksonthemove\\\/\"]}]}<\/script>\n<!-- \/ Yoast SEO plugin. -->","yoast_head_json":{"title":"R\u00eaveries du promeneur solitaire - Books on the Move","robots":{"index":"index","follow":"follow","max-snippet":"max-snippet:-1","max-image-preview":"max-image-preview:large","max-video-preview":"max-video-preview:-1"},"canonical":"https:\/\/www.booksonthemove.fr\/produit\/reveries-du-promeneur-solitaire\/","og_locale":"en_US","og_type":"article","og_title":"R\u00eaveries du promeneur solitaire - Books on the Move","og_description":"Auteurs:\u00a0Jean-Jacques Rousseau\/Sarah Ludi Editeur: Time has fallen asleep in the afternoon sunshine (2016)  Broch\u00e9:\u00a028 pages Langue: Fran\u00e7ais","og_url":"https:\/\/www.booksonthemove.fr\/produit\/reveries-du-promeneur-solitaire\/","og_site_name":"Books on the Move","article_publisher":"https:\/\/www.facebook.com\/Librairiebooksonthemove\/","article_modified_time":"2025-02-20T19:35:05+00:00","og_image":[{"width":900,"height":1464,"url":"https:\/\/www.booksonthemove.fr\/media\/bom_2033-1.jpg","type":"image\/jpeg"}],"twitter_card":"summary_large_image","schema":{"@context":"https:\/\/schema.org","@graph":[{"@type":"WebPage","@id":"https:\/\/www.booksonthemove.fr\/produit\/reveries-du-promeneur-solitaire\/","url":"https:\/\/www.booksonthemove.fr\/produit\/reveries-du-promeneur-solitaire\/","name":"R\u00eaveries du promeneur solitaire - Books on the Move","isPartOf":{"@id":"https:\/\/www.booksonthemove.fr\/#website"},"primaryImageOfPage":{"@id":"https:\/\/www.booksonthemove.fr\/produit\/reveries-du-promeneur-solitaire\/#primaryimage"},"image":{"@id":"https:\/\/www.booksonthemove.fr\/produit\/reveries-du-promeneur-solitaire\/#primaryimage"},"thumbnailUrl":"https:\/\/www.booksonthemove.fr\/media\/bom_2033-1.jpg","datePublished":"2020-03-27T12:37:47+00:00","dateModified":"2025-02-20T19:35:05+00:00","breadcrumb":{"@id":"https:\/\/www.booksonthemove.fr\/produit\/reveries-du-promeneur-solitaire\/#breadcrumb"},"inLanguage":"en-US","potentialAction":[{"@type":"ReadAction","target":["https:\/\/www.booksonthemove.fr\/produit\/reveries-du-promeneur-solitaire\/"]}]},{"@type":"ImageObject","inLanguage":"en-US","@id":"https:\/\/www.booksonthemove.fr\/produit\/reveries-du-promeneur-solitaire\/#primaryimage","url":"https:\/\/www.booksonthemove.fr\/media\/bom_2033-1.jpg","contentUrl":"https:\/\/www.booksonthemove.fr\/media\/bom_2033-1.jpg","width":900,"height":1464},{"@type":"BreadcrumbList","@id":"https:\/\/www.booksonthemove.fr\/produit\/reveries-du-promeneur-solitaire\/#breadcrumb","itemListElement":[{"@type":"ListItem","position":1,"name":"Accueil","item":"https:\/\/www.booksonthemove.fr\/en\/"},{"@type":"ListItem","position":2,"name":"online store","item":"https:\/\/www.booksonthemove.fr\/en\/online-shop\/"},{"@type":"ListItem","position":3,"name":"R\u00eaveries du promeneur solitaire"}]},{"@type":"WebSite","@id":"https:\/\/www.booksonthemove.fr\/#website","url":"https:\/\/www.booksonthemove.fr\/","name":"Books on the Move","description":"librairie nomade - danse - mouvement - performance","publisher":{"@id":"https:\/\/www.booksonthemove.fr\/#organization"},"potentialAction":[{"@type":"SearchAction","target":{"@type":"EntryPoint","urlTemplate":"https:\/\/www.booksonthemove.fr\/?s={search_term_string}"},"query-input":{"@type":"PropertyValueSpecification","valueRequired":true,"valueName":"search_term_string"}}],"inLanguage":"en-US"},{"@type":"Organization","@id":"https:\/\/www.booksonthemove.fr\/#organization","name":"Books on the Move","url":"https:\/\/www.booksonthemove.fr\/","logo":{"@type":"ImageObject","inLanguage":"en-US","@id":"https:\/\/www.booksonthemove.fr\/#\/schema\/logo\/image\/","url":"https:\/\/www.booksonthemove.fr\/media\/logo-NB-400.jpg","contentUrl":"https:\/\/www.booksonthemove.fr\/media\/logo-NB-400.jpg","width":400,"height":143,"caption":"Books on the Move"},"image":{"@id":"https:\/\/www.booksonthemove.fr\/#\/schema\/logo\/image\/"},"sameAs":["https:\/\/www.facebook.com\/Librairiebooksonthemove\/"]}]}},"_links":{"self":[{"href":"https:\/\/www.booksonthemove.fr\/en\/wp-json\/wp\/v2\/product\/13874","targetHints":{"allow":["GET"]}}],"collection":[{"href":"https:\/\/www.booksonthemove.fr\/en\/wp-json\/wp\/v2\/product"}],"about":[{"href":"https:\/\/www.booksonthemove.fr\/en\/wp-json\/wp\/v2\/types\/product"}],"wp:featuredmedia":[{"embeddable":true,"href":"https:\/\/www.booksonthemove.fr\/en\/wp-json\/wp\/v2\/media\/17294"}],"wp:attachment":[{"href":"https:\/\/www.booksonthemove.fr\/en\/wp-json\/wp\/v2\/media?parent=13874"}],"wp:term":[{"taxonomy":"product_brand","embeddable":true,"href":"https:\/\/www.booksonthemove.fr\/en\/wp-json\/wp\/v2\/product_brand?post=13874"},{"taxonomy":"product_cat","embeddable":true,"href":"https:\/\/www.booksonthemove.fr\/en\/wp-json\/wp\/v2\/product_cat?post=13874"},{"taxonomy":"product_tag","embeddable":true,"href":"https:\/\/www.booksonthemove.fr\/en\/wp-json\/wp\/v2\/product_tag?post=13874"}],"curies":[{"name":"wp","href":"https:\/\/api.w.org\/{rel}","templated":true}]}}