{"id":13896,"date":"2020-03-27T16:47:53","date_gmt":"2020-03-27T15:47:53","guid":{"rendered":"https:\/\/www.booksonthemove.fr\/produit\/theatre-du-mouvement\/"},"modified":"2020-04-07T17:52:09","modified_gmt":"2020-04-07T15:52:09","slug":"theatre-du-mouvement","status":"publish","type":"product","link":"https:\/\/www.booksonthemove.fr\/en\/produit\/theatre-du-mouvement\/","title":{"rendered":"Th\u00e9\u00e2tre du Mouvement"},"content":{"rendered":"<p>Pour comprendre la veine cr\u00e9atrice de la compagnie du Th\u00e9\u00e2tre du Mouvement, nous devons nous interroger sur la notion de th\u00e9\u00e2tralit\u00e9 du mouvement et parler des fronti\u00e8res de l\u2019art du mouvement, de l\u2019art du mime et du geste, et de l\u2019art th\u00e9\u00e2tral. \u00c0 travers une exp\u00e9rience de plus de 40 ans, Claire Heggen et Yves Marc, en partage avec de nombreux acteurs de mouvement, ont d\u00e9velopp\u00e9 cette notion large de th\u00e9\u00e2tralit\u00e9 du mouvement qui d\u00e9passe les fronti\u00e8res. La pratique corporelle de l\u2019acteur entre mobilit\u00e9 et pr\u00e9sence dramatique, le regard aiguis\u00e9 des metteurs en sc\u00e8ne, leur dialogue r\u00e9ciproque et leurs utopies ont nourri la cr\u00e9ation au sein de la compagnie. Entre autres, la d\u00e9marche d\u2019\u00c9tienne Decroux vers un acteur corporel et dramatique, reste le haut lieu de leurs r\u00e9f\u00e9rences sensibles. Il a ouvert la voie d\u2019un genre th\u00e9\u00e2tral en dehors du mot, o\u00f9 la formalisation po\u00e9tique a autant d\u2019importance que la narration. Les auteurs livrent t\u00e9moignages, retranscriptions de conf\u00e9rences ou entretiens et articles de recherche. Une th\u00e9\u00e2trographie d\u00e9taill\u00e9e et comment\u00e9e permet de saisir le contexte. Les propos sont enrichis d\u2019une centaine de photographies retra\u00e7ant l\u2019histoire duTh\u00e9\u00e2tre du Mouvement et illustrant plus de 30 ans d\u2019existence.<\/p>\n","protected":false},"excerpt":{"rendered":"<p>Auteurs: Claire Heggen, Yves Marc &amp; Patrick Pezin<br \/>\nEditeur:\u00a0<span class=\"csc-sword\">De<\/span>uxi\u00e8me\u00a0\u00e9poque\u00a0(2017)<\/p>\n<p>Broch\u00e9: 550\u00a0pages<br \/>\nLangue: Fran\u00e7ais<br \/>\nISBN13: 978-2-377-69000-8<\/p>\n","protected":false},"featured_media":14781,"template":"","meta":[],"product_brand":[],"product_cat":[162,330,241],"product_tag":[],"class_list":{"0":"post-13896","1":"product","2":"type-product","3":"status-publish","4":"has-post-thumbnail","6":"product_cat-french-en","7":"product_cat-non-classe","8":"product_cat-theater-en","10":"first","11":"instock","12":"taxable","13":"shipping-taxable","14":"purchasable","15":"product-type-simple"},"yoast_head":"<!-- This site is optimized with the Yoast SEO plugin v27.4 - https:\/\/yoast.com\/product\/yoast-seo-wordpress\/ -->\n<title>Th\u00e9\u00e2tre du Mouvement - Books on the Move<\/title>\n<meta name=\"robots\" content=\"index, follow, max-snippet:-1, max-image-preview:large, max-video-preview:-1\" \/>\n<link rel=\"canonical\" href=\"https:\/\/www.booksonthemove.fr\/en\/produit\/theatre-du-mouvement\/\" \/>\n<meta property=\"og:locale\" content=\"en_US\" \/>\n<meta property=\"og:type\" content=\"article\" \/>\n<meta property=\"og:title\" content=\"Th\u00e9\u00e2tre du Mouvement - Books on the Move\" \/>\n<meta property=\"og:description\" content=\"Auteurs: Claire Heggen, Yves Marc &amp; Patrick Pezin Editeur:\u00a0Deuxi\u00e8me\u00a0\u00e9poque\u00a0(2017)  Broch\u00e9: 550\u00a0pages Langue: Fran\u00e7ais ISBN13: 978-2-377-69000-8\" \/>\n<meta property=\"og:url\" content=\"https:\/\/www.booksonthemove.fr\/en\/produit\/theatre-du-mouvement\/\" \/>\n<meta property=\"og:site_name\" content=\"Books on the Move\" \/>\n<meta property=\"article:publisher\" content=\"https:\/\/www.facebook.com\/Librairiebooksonthemove\/\" \/>\n<meta property=\"article:modified_time\" content=\"2020-04-07T15:52:09+00:00\" \/>\n<meta property=\"og:image\" content=\"https:\/\/www.booksonthemove.fr\/media\/bom_2036.jpg\" \/>\n\t<meta property=\"og:image:width\" content=\"900\" \/>\n\t<meta property=\"og:image:height\" content=\"1277\" \/>\n\t<meta property=\"og:image:type\" content=\"image\/jpeg\" \/>\n<meta name=\"twitter:card\" content=\"summary_large_image\" \/>\n<script type=\"application\/ld+json\" class=\"yoast-schema-graph\">{\"@context\":\"https:\\\/\\\/schema.org\",\"@graph\":[{\"@type\":\"WebPage\",\"@id\":\"https:\\\/\\\/www.booksonthemove.fr\\\/en\\\/produit\\\/theatre-du-mouvement\\\/\",\"url\":\"https:\\\/\\\/www.booksonthemove.fr\\\/en\\\/produit\\\/theatre-du-mouvement\\\/\",\"name\":\"Th\u00e9\u00e2tre du Mouvement - Books on the Move\",\"isPartOf\":{\"@id\":\"https:\\\/\\\/www.booksonthemove.fr\\\/#website\"},\"primaryImageOfPage\":{\"@id\":\"https:\\\/\\\/www.booksonthemove.fr\\\/en\\\/produit\\\/theatre-du-mouvement\\\/#primaryimage\"},\"image\":{\"@id\":\"https:\\\/\\\/www.booksonthemove.fr\\\/en\\\/produit\\\/theatre-du-mouvement\\\/#primaryimage\"},\"thumbnailUrl\":\"https:\\\/\\\/www.booksonthemove.fr\\\/media\\\/bom_2036.jpg\",\"datePublished\":\"2020-03-27T15:47:53+00:00\",\"dateModified\":\"2020-04-07T15:52:09+00:00\",\"breadcrumb\":{\"@id\":\"https:\\\/\\\/www.booksonthemove.fr\\\/en\\\/produit\\\/theatre-du-mouvement\\\/#breadcrumb\"},\"inLanguage\":\"en-US\",\"potentialAction\":[{\"@type\":\"ReadAction\",\"target\":[\"https:\\\/\\\/www.booksonthemove.fr\\\/en\\\/produit\\\/theatre-du-mouvement\\\/\"]}]},{\"@type\":\"ImageObject\",\"inLanguage\":\"en-US\",\"@id\":\"https:\\\/\\\/www.booksonthemove.fr\\\/en\\\/produit\\\/theatre-du-mouvement\\\/#primaryimage\",\"url\":\"https:\\\/\\\/www.booksonthemove.fr\\\/media\\\/bom_2036.jpg\",\"contentUrl\":\"https:\\\/\\\/www.booksonthemove.fr\\\/media\\\/bom_2036.jpg\",\"width\":900,\"height\":1277},{\"@type\":\"BreadcrumbList\",\"@id\":\"https:\\\/\\\/www.booksonthemove.fr\\\/en\\\/produit\\\/theatre-du-mouvement\\\/#breadcrumb\",\"itemListElement\":[{\"@type\":\"ListItem\",\"position\":1,\"name\":\"Accueil\",\"item\":\"https:\\\/\\\/www.booksonthemove.fr\\\/en\\\/\"},{\"@type\":\"ListItem\",\"position\":2,\"name\":\"online store\",\"item\":\"https:\\\/\\\/www.booksonthemove.fr\\\/en\\\/online-shop\\\/\"},{\"@type\":\"ListItem\",\"position\":3,\"name\":\"Th\u00e9\u00e2tre du Mouvement\"}]},{\"@type\":\"WebSite\",\"@id\":\"https:\\\/\\\/www.booksonthemove.fr\\\/#website\",\"url\":\"https:\\\/\\\/www.booksonthemove.fr\\\/\",\"name\":\"Books on the Move\",\"description\":\"librairie nomade - danse - mouvement - performance\",\"publisher\":{\"@id\":\"https:\\\/\\\/www.booksonthemove.fr\\\/#organization\"},\"potentialAction\":[{\"@type\":\"SearchAction\",\"target\":{\"@type\":\"EntryPoint\",\"urlTemplate\":\"https:\\\/\\\/www.booksonthemove.fr\\\/?s={search_term_string}\"},\"query-input\":{\"@type\":\"PropertyValueSpecification\",\"valueRequired\":true,\"valueName\":\"search_term_string\"}}],\"inLanguage\":\"en-US\"},{\"@type\":\"Organization\",\"@id\":\"https:\\\/\\\/www.booksonthemove.fr\\\/#organization\",\"name\":\"Books on the Move\",\"url\":\"https:\\\/\\\/www.booksonthemove.fr\\\/\",\"logo\":{\"@type\":\"ImageObject\",\"inLanguage\":\"en-US\",\"@id\":\"https:\\\/\\\/www.booksonthemove.fr\\\/#\\\/schema\\\/logo\\\/image\\\/\",\"url\":\"https:\\\/\\\/www.booksonthemove.fr\\\/media\\\/logo-NB-400.jpg\",\"contentUrl\":\"https:\\\/\\\/www.booksonthemove.fr\\\/media\\\/logo-NB-400.jpg\",\"width\":400,\"height\":143,\"caption\":\"Books on the Move\"},\"image\":{\"@id\":\"https:\\\/\\\/www.booksonthemove.fr\\\/#\\\/schema\\\/logo\\\/image\\\/\"},\"sameAs\":[\"https:\\\/\\\/www.facebook.com\\\/Librairiebooksonthemove\\\/\"]}]}<\/script>\n<!-- \/ Yoast SEO plugin. -->","yoast_head_json":{"title":"Th\u00e9\u00e2tre du Mouvement - Books on the Move","robots":{"index":"index","follow":"follow","max-snippet":"max-snippet:-1","max-image-preview":"max-image-preview:large","max-video-preview":"max-video-preview:-1"},"canonical":"https:\/\/www.booksonthemove.fr\/en\/produit\/theatre-du-mouvement\/","og_locale":"en_US","og_type":"article","og_title":"Th\u00e9\u00e2tre du Mouvement - Books on the Move","og_description":"Auteurs: Claire Heggen, Yves Marc &amp; Patrick Pezin Editeur:\u00a0Deuxi\u00e8me\u00a0\u00e9poque\u00a0(2017)  Broch\u00e9: 550\u00a0pages Langue: Fran\u00e7ais ISBN13: 978-2-377-69000-8","og_url":"https:\/\/www.booksonthemove.fr\/en\/produit\/theatre-du-mouvement\/","og_site_name":"Books on the Move","article_publisher":"https:\/\/www.facebook.com\/Librairiebooksonthemove\/","article_modified_time":"2020-04-07T15:52:09+00:00","og_image":[{"width":900,"height":1277,"url":"https:\/\/www.booksonthemove.fr\/media\/bom_2036.jpg","type":"image\/jpeg"}],"twitter_card":"summary_large_image","schema":{"@context":"https:\/\/schema.org","@graph":[{"@type":"WebPage","@id":"https:\/\/www.booksonthemove.fr\/en\/produit\/theatre-du-mouvement\/","url":"https:\/\/www.booksonthemove.fr\/en\/produit\/theatre-du-mouvement\/","name":"Th\u00e9\u00e2tre du Mouvement - Books on the Move","isPartOf":{"@id":"https:\/\/www.booksonthemove.fr\/#website"},"primaryImageOfPage":{"@id":"https:\/\/www.booksonthemove.fr\/en\/produit\/theatre-du-mouvement\/#primaryimage"},"image":{"@id":"https:\/\/www.booksonthemove.fr\/en\/produit\/theatre-du-mouvement\/#primaryimage"},"thumbnailUrl":"https:\/\/www.booksonthemove.fr\/media\/bom_2036.jpg","datePublished":"2020-03-27T15:47:53+00:00","dateModified":"2020-04-07T15:52:09+00:00","breadcrumb":{"@id":"https:\/\/www.booksonthemove.fr\/en\/produit\/theatre-du-mouvement\/#breadcrumb"},"inLanguage":"en-US","potentialAction":[{"@type":"ReadAction","target":["https:\/\/www.booksonthemove.fr\/en\/produit\/theatre-du-mouvement\/"]}]},{"@type":"ImageObject","inLanguage":"en-US","@id":"https:\/\/www.booksonthemove.fr\/en\/produit\/theatre-du-mouvement\/#primaryimage","url":"https:\/\/www.booksonthemove.fr\/media\/bom_2036.jpg","contentUrl":"https:\/\/www.booksonthemove.fr\/media\/bom_2036.jpg","width":900,"height":1277},{"@type":"BreadcrumbList","@id":"https:\/\/www.booksonthemove.fr\/en\/produit\/theatre-du-mouvement\/#breadcrumb","itemListElement":[{"@type":"ListItem","position":1,"name":"Accueil","item":"https:\/\/www.booksonthemove.fr\/en\/"},{"@type":"ListItem","position":2,"name":"online store","item":"https:\/\/www.booksonthemove.fr\/en\/online-shop\/"},{"@type":"ListItem","position":3,"name":"Th\u00e9\u00e2tre du Mouvement"}]},{"@type":"WebSite","@id":"https:\/\/www.booksonthemove.fr\/#website","url":"https:\/\/www.booksonthemove.fr\/","name":"Books on the Move","description":"librairie nomade - danse - mouvement - performance","publisher":{"@id":"https:\/\/www.booksonthemove.fr\/#organization"},"potentialAction":[{"@type":"SearchAction","target":{"@type":"EntryPoint","urlTemplate":"https:\/\/www.booksonthemove.fr\/?s={search_term_string}"},"query-input":{"@type":"PropertyValueSpecification","valueRequired":true,"valueName":"search_term_string"}}],"inLanguage":"en-US"},{"@type":"Organization","@id":"https:\/\/www.booksonthemove.fr\/#organization","name":"Books on the Move","url":"https:\/\/www.booksonthemove.fr\/","logo":{"@type":"ImageObject","inLanguage":"en-US","@id":"https:\/\/www.booksonthemove.fr\/#\/schema\/logo\/image\/","url":"https:\/\/www.booksonthemove.fr\/media\/logo-NB-400.jpg","contentUrl":"https:\/\/www.booksonthemove.fr\/media\/logo-NB-400.jpg","width":400,"height":143,"caption":"Books on the Move"},"image":{"@id":"https:\/\/www.booksonthemove.fr\/#\/schema\/logo\/image\/"},"sameAs":["https:\/\/www.facebook.com\/Librairiebooksonthemove\/"]}]}},"_links":{"self":[{"href":"https:\/\/www.booksonthemove.fr\/en\/wp-json\/wp\/v2\/product\/13896","targetHints":{"allow":["GET"]}}],"collection":[{"href":"https:\/\/www.booksonthemove.fr\/en\/wp-json\/wp\/v2\/product"}],"about":[{"href":"https:\/\/www.booksonthemove.fr\/en\/wp-json\/wp\/v2\/types\/product"}],"wp:featuredmedia":[{"embeddable":true,"href":"https:\/\/www.booksonthemove.fr\/en\/wp-json\/wp\/v2\/media\/14781"}],"wp:attachment":[{"href":"https:\/\/www.booksonthemove.fr\/en\/wp-json\/wp\/v2\/media?parent=13896"}],"wp:term":[{"taxonomy":"product_brand","embeddable":true,"href":"https:\/\/www.booksonthemove.fr\/en\/wp-json\/wp\/v2\/product_brand?post=13896"},{"taxonomy":"product_cat","embeddable":true,"href":"https:\/\/www.booksonthemove.fr\/en\/wp-json\/wp\/v2\/product_cat?post=13896"},{"taxonomy":"product_tag","embeddable":true,"href":"https:\/\/www.booksonthemove.fr\/en\/wp-json\/wp\/v2\/product_tag?post=13896"}],"curies":[{"name":"wp","href":"https:\/\/api.w.org\/{rel}","templated":true}]}}