{"id":13904,"date":"2020-03-27T17:19:33","date_gmt":"2020-03-27T16:19:33","guid":{"rendered":"https:\/\/www.booksonthemove.fr\/produit\/transmettre-art-pedagogie-sensible\/"},"modified":"2024-06-20T12:50:21","modified_gmt":"2024-06-20T10:50:21","slug":"transmettre-art-pedagogie-sensible","status":"publish","type":"product","link":"https:\/\/www.booksonthemove.fr\/en\/produit\/transmettre-art-pedagogie-sensible\/","title":{"rendered":"Transmettre: Art &#8211; P\u00e9dagogie &#8211; Sensible"},"content":{"rendered":"<p class=\"bodytext\">Ce livre confronte les points de vue de cr\u00e9ateurs, penseurs et p\u00e9dagogues du domaine artistique et de l&#8217;enseignement g\u00e9n\u00e9ral. Il aborde les questions de la cr\u00e9ation, de la recherche, de la transmission de l&#8217;art et de la p\u00e9dagogie. Il interroge la pr\u00e9sence des artistes \u00e0 l&#8217;\u00e9cole, de la maternelle \u00e0 l&#8217;universit\u00e9, sp\u00e9cificit\u00e9 fran\u00e7aise qui oblige \u00e0 repenser et \u00e0 adapter le processus \u00e9ducatif.<\/p>\n<p class=\"bodytext\">L&#8217;originalit\u00e9 d&#8217;ARFAE (Atelier de recherche sur la formation des artistes et des enseignants) est de proposer une r\u00e9flexion port\u00e9e par des \u00e9tablissements d&#8217;enseignement sup\u00e9rieur ayant en charge, pour les uns &#8211; l&#8217;ENSATT et le Pont Sup\u00e9rieur -, la formation de futurs cr\u00e9ateurs, et pour les autres &#8211; l&#8217;universit\u00e9 de Lyon 2 et l&#8217;universit\u00e9 de Nantes -, celle de futurs professeurs. Cela offre au lecteur un dialogue entre artistes et universitaires toujours riche, car souvent \u00e0 fronts renvers\u00e9s.<\/p>\n<p class=\"bodytext\">Conjuguant analyses, t\u00e9moignages et approches sensibles, ce livre est \u00e0 mettre entre toutes les mains : celles des artistes en devenir ou en activit\u00e9, celles des p\u00e9dagogues et futurs p\u00e9dagogues, celles des professionnels de la culture et de l&#8217;\u00e9ducation populaire, celtes de toutes les personnes que la transmission (de l&#8217;art en particulier) passionne.<\/p>\n<p class=\"bodytext\">Vous y trouverez retranscrites des interventions recueillies lors de huit s\u00e9minaires de recherche qui se sont d\u00e9roul\u00e9s \u00e0 Lyon et \u00e0 Nantes entre 2015 et 2017, ainsi qu&#8217;\u00e0 l&#8217;occasion d&#8217;une rencontre nationale intitul\u00e9e &#8220;Transmettre l&#8217;art, transmettre la libert\u00e9&#8221;, organis\u00e9e au Th\u00e9\u00e2tre universitaire de Nantes en mars 2016. Une prise de parole sans langue de bois de personnalit\u00e9s engag\u00e9es dans l&#8217;action.<\/p>\n<p class=\"bodytext\">Contributions: Paul Ardenne, Alain Kerlan, Daria Lippi, Jo\u00eblle Zask, Alain-Patrick Olivier, Christian Ruby, Gabriele Sofia, Omar Zanna, Julie Nioche, Marc Cl\u00e9rivet, Laure Werckmann, Maurice Courchay, Gr\u00e9gory Munoz, Sophie Tabakov, Yuval Pick, Henri Tournier, Lo\u00efc Touz\u00e9, Mireille Losco-Lena, Maguy Marin, Philippe Meirieu, Bruno Tackels.<\/p>\n","protected":false},"excerpt":{"rendered":"<p><strong>AUTEURS :<\/strong> Thierry Pariente &amp; Jean-Marc Vernier<br \/>\n<strong>\u00c9DITEUR :<\/strong> \u00e9ditions de l&#8217;attribut\u00a0(2018)<\/p>\n<p><strong>BROCH\u00c9 :<\/strong> 304 pages<br \/>\n<strong>LANGUE :<\/strong> Fran\u00e7ais<br \/>\n<strong>ISBN13 :<\/strong> 978-2-916-00259-0<\/p>\n","protected":false},"featured_media":13903,"template":"","meta":[],"product_brand":[],"product_cat":[215,162,140],"product_tag":[],"class_list":{"0":"post-13904","1":"product","2":"type-product","3":"status-publish","4":"has-post-thumbnail","6":"product_cat-symposiums-conferences-en","7":"product_cat-french-en","8":"product_cat-education-dance-technique-en","10":"first","11":"outofstock","12":"taxable","13":"shipping-taxable","14":"purchasable","15":"product-type-simple"},"yoast_head":"<!-- This site is optimized with the Yoast SEO plugin v27.4 - https:\/\/yoast.com\/product\/yoast-seo-wordpress\/ -->\n<title>Transmettre: Art - P\u00e9dagogie - Sensible - Books on the Move<\/title>\n<meta name=\"robots\" content=\"index, follow, max-snippet:-1, max-image-preview:large, max-video-preview:-1\" \/>\n<link rel=\"canonical\" href=\"https:\/\/www.booksonthemove.fr\/produit\/transmettre-art-pedagogie-sensible\/\" \/>\n<meta property=\"og:locale\" content=\"en_US\" \/>\n<meta property=\"og:type\" content=\"article\" \/>\n<meta property=\"og:title\" content=\"Transmettre: Art - P\u00e9dagogie - Sensible - Books on the Move\" \/>\n<meta property=\"og:description\" content=\"AUTEURS : Thierry Pariente &amp; Jean-Marc Vernier \u00c9DITEUR : \u00e9ditions de l&#039;attribut\u00a0(2018)  BROCH\u00c9 : 304 pages LANGUE : Fran\u00e7ais ISBN13 : 978-2-916-00259-0\" \/>\n<meta property=\"og:url\" content=\"https:\/\/www.booksonthemove.fr\/produit\/transmettre-art-pedagogie-sensible\/\" \/>\n<meta property=\"og:site_name\" content=\"Books on the Move\" \/>\n<meta property=\"article:publisher\" content=\"https:\/\/www.facebook.com\/Librairiebooksonthemove\/\" \/>\n<meta property=\"article:modified_time\" content=\"2024-06-20T10:50:21+00:00\" \/>\n<meta property=\"og:image\" content=\"https:\/\/www.booksonthemove.fr\/media\/bom_1860.jpg\" \/>\n\t<meta property=\"og:image:width\" content=\"595\" \/>\n\t<meta property=\"og:image:height\" content=\"782\" \/>\n\t<meta property=\"og:image:type\" content=\"image\/jpeg\" \/>\n<meta name=\"twitter:card\" content=\"summary_large_image\" \/>\n<script type=\"application\/ld+json\" class=\"yoast-schema-graph\">{\"@context\":\"https:\\\/\\\/schema.org\",\"@graph\":[{\"@type\":\"WebPage\",\"@id\":\"https:\\\/\\\/www.booksonthemove.fr\\\/produit\\\/transmettre-art-pedagogie-sensible\\\/\",\"url\":\"https:\\\/\\\/www.booksonthemove.fr\\\/produit\\\/transmettre-art-pedagogie-sensible\\\/\",\"name\":\"Transmettre: Art - P\u00e9dagogie - Sensible - Books on the Move\",\"isPartOf\":{\"@id\":\"https:\\\/\\\/www.booksonthemove.fr\\\/#website\"},\"primaryImageOfPage\":{\"@id\":\"https:\\\/\\\/www.booksonthemove.fr\\\/produit\\\/transmettre-art-pedagogie-sensible\\\/#primaryimage\"},\"image\":{\"@id\":\"https:\\\/\\\/www.booksonthemove.fr\\\/produit\\\/transmettre-art-pedagogie-sensible\\\/#primaryimage\"},\"thumbnailUrl\":\"https:\\\/\\\/www.booksonthemove.fr\\\/media\\\/bom_1860.jpg\",\"datePublished\":\"2020-03-27T16:19:33+00:00\",\"dateModified\":\"2024-06-20T10:50:21+00:00\",\"breadcrumb\":{\"@id\":\"https:\\\/\\\/www.booksonthemove.fr\\\/produit\\\/transmettre-art-pedagogie-sensible\\\/#breadcrumb\"},\"inLanguage\":\"en-US\",\"potentialAction\":[{\"@type\":\"ReadAction\",\"target\":[\"https:\\\/\\\/www.booksonthemove.fr\\\/produit\\\/transmettre-art-pedagogie-sensible\\\/\"]}]},{\"@type\":\"ImageObject\",\"inLanguage\":\"en-US\",\"@id\":\"https:\\\/\\\/www.booksonthemove.fr\\\/produit\\\/transmettre-art-pedagogie-sensible\\\/#primaryimage\",\"url\":\"https:\\\/\\\/www.booksonthemove.fr\\\/media\\\/bom_1860.jpg\",\"contentUrl\":\"https:\\\/\\\/www.booksonthemove.fr\\\/media\\\/bom_1860.jpg\",\"width\":595,\"height\":782},{\"@type\":\"BreadcrumbList\",\"@id\":\"https:\\\/\\\/www.booksonthemove.fr\\\/produit\\\/transmettre-art-pedagogie-sensible\\\/#breadcrumb\",\"itemListElement\":[{\"@type\":\"ListItem\",\"position\":1,\"name\":\"Accueil\",\"item\":\"https:\\\/\\\/www.booksonthemove.fr\\\/en\\\/\"},{\"@type\":\"ListItem\",\"position\":2,\"name\":\"online store\",\"item\":\"https:\\\/\\\/www.booksonthemove.fr\\\/en\\\/online-shop\\\/\"},{\"@type\":\"ListItem\",\"position\":3,\"name\":\"Transmettre: Art &#8211; P\u00e9dagogie &#8211; Sensible\"}]},{\"@type\":\"WebSite\",\"@id\":\"https:\\\/\\\/www.booksonthemove.fr\\\/#website\",\"url\":\"https:\\\/\\\/www.booksonthemove.fr\\\/\",\"name\":\"Books on the Move\",\"description\":\"librairie nomade - danse - mouvement - performance\",\"publisher\":{\"@id\":\"https:\\\/\\\/www.booksonthemove.fr\\\/#organization\"},\"potentialAction\":[{\"@type\":\"SearchAction\",\"target\":{\"@type\":\"EntryPoint\",\"urlTemplate\":\"https:\\\/\\\/www.booksonthemove.fr\\\/?s={search_term_string}\"},\"query-input\":{\"@type\":\"PropertyValueSpecification\",\"valueRequired\":true,\"valueName\":\"search_term_string\"}}],\"inLanguage\":\"en-US\"},{\"@type\":\"Organization\",\"@id\":\"https:\\\/\\\/www.booksonthemove.fr\\\/#organization\",\"name\":\"Books on the Move\",\"url\":\"https:\\\/\\\/www.booksonthemove.fr\\\/\",\"logo\":{\"@type\":\"ImageObject\",\"inLanguage\":\"en-US\",\"@id\":\"https:\\\/\\\/www.booksonthemove.fr\\\/#\\\/schema\\\/logo\\\/image\\\/\",\"url\":\"https:\\\/\\\/www.booksonthemove.fr\\\/media\\\/logo-NB-400.jpg\",\"contentUrl\":\"https:\\\/\\\/www.booksonthemove.fr\\\/media\\\/logo-NB-400.jpg\",\"width\":400,\"height\":143,\"caption\":\"Books on the Move\"},\"image\":{\"@id\":\"https:\\\/\\\/www.booksonthemove.fr\\\/#\\\/schema\\\/logo\\\/image\\\/\"},\"sameAs\":[\"https:\\\/\\\/www.facebook.com\\\/Librairiebooksonthemove\\\/\"]}]}<\/script>\n<!-- \/ Yoast SEO plugin. -->","yoast_head_json":{"title":"Transmettre: Art - P\u00e9dagogie - Sensible - Books on the Move","robots":{"index":"index","follow":"follow","max-snippet":"max-snippet:-1","max-image-preview":"max-image-preview:large","max-video-preview":"max-video-preview:-1"},"canonical":"https:\/\/www.booksonthemove.fr\/produit\/transmettre-art-pedagogie-sensible\/","og_locale":"en_US","og_type":"article","og_title":"Transmettre: Art - P\u00e9dagogie - Sensible - Books on the Move","og_description":"AUTEURS : Thierry Pariente &amp; Jean-Marc Vernier \u00c9DITEUR : \u00e9ditions de l'attribut\u00a0(2018)  BROCH\u00c9 : 304 pages LANGUE : Fran\u00e7ais ISBN13 : 978-2-916-00259-0","og_url":"https:\/\/www.booksonthemove.fr\/produit\/transmettre-art-pedagogie-sensible\/","og_site_name":"Books on the Move","article_publisher":"https:\/\/www.facebook.com\/Librairiebooksonthemove\/","article_modified_time":"2024-06-20T10:50:21+00:00","og_image":[{"width":595,"height":782,"url":"https:\/\/www.booksonthemove.fr\/media\/bom_1860.jpg","type":"image\/jpeg"}],"twitter_card":"summary_large_image","schema":{"@context":"https:\/\/schema.org","@graph":[{"@type":"WebPage","@id":"https:\/\/www.booksonthemove.fr\/produit\/transmettre-art-pedagogie-sensible\/","url":"https:\/\/www.booksonthemove.fr\/produit\/transmettre-art-pedagogie-sensible\/","name":"Transmettre: Art - P\u00e9dagogie - Sensible - Books on the Move","isPartOf":{"@id":"https:\/\/www.booksonthemove.fr\/#website"},"primaryImageOfPage":{"@id":"https:\/\/www.booksonthemove.fr\/produit\/transmettre-art-pedagogie-sensible\/#primaryimage"},"image":{"@id":"https:\/\/www.booksonthemove.fr\/produit\/transmettre-art-pedagogie-sensible\/#primaryimage"},"thumbnailUrl":"https:\/\/www.booksonthemove.fr\/media\/bom_1860.jpg","datePublished":"2020-03-27T16:19:33+00:00","dateModified":"2024-06-20T10:50:21+00:00","breadcrumb":{"@id":"https:\/\/www.booksonthemove.fr\/produit\/transmettre-art-pedagogie-sensible\/#breadcrumb"},"inLanguage":"en-US","potentialAction":[{"@type":"ReadAction","target":["https:\/\/www.booksonthemove.fr\/produit\/transmettre-art-pedagogie-sensible\/"]}]},{"@type":"ImageObject","inLanguage":"en-US","@id":"https:\/\/www.booksonthemove.fr\/produit\/transmettre-art-pedagogie-sensible\/#primaryimage","url":"https:\/\/www.booksonthemove.fr\/media\/bom_1860.jpg","contentUrl":"https:\/\/www.booksonthemove.fr\/media\/bom_1860.jpg","width":595,"height":782},{"@type":"BreadcrumbList","@id":"https:\/\/www.booksonthemove.fr\/produit\/transmettre-art-pedagogie-sensible\/#breadcrumb","itemListElement":[{"@type":"ListItem","position":1,"name":"Accueil","item":"https:\/\/www.booksonthemove.fr\/en\/"},{"@type":"ListItem","position":2,"name":"online store","item":"https:\/\/www.booksonthemove.fr\/en\/online-shop\/"},{"@type":"ListItem","position":3,"name":"Transmettre: Art &#8211; P\u00e9dagogie &#8211; Sensible"}]},{"@type":"WebSite","@id":"https:\/\/www.booksonthemove.fr\/#website","url":"https:\/\/www.booksonthemove.fr\/","name":"Books on the Move","description":"librairie nomade - danse - mouvement - performance","publisher":{"@id":"https:\/\/www.booksonthemove.fr\/#organization"},"potentialAction":[{"@type":"SearchAction","target":{"@type":"EntryPoint","urlTemplate":"https:\/\/www.booksonthemove.fr\/?s={search_term_string}"},"query-input":{"@type":"PropertyValueSpecification","valueRequired":true,"valueName":"search_term_string"}}],"inLanguage":"en-US"},{"@type":"Organization","@id":"https:\/\/www.booksonthemove.fr\/#organization","name":"Books on the Move","url":"https:\/\/www.booksonthemove.fr\/","logo":{"@type":"ImageObject","inLanguage":"en-US","@id":"https:\/\/www.booksonthemove.fr\/#\/schema\/logo\/image\/","url":"https:\/\/www.booksonthemove.fr\/media\/logo-NB-400.jpg","contentUrl":"https:\/\/www.booksonthemove.fr\/media\/logo-NB-400.jpg","width":400,"height":143,"caption":"Books on the Move"},"image":{"@id":"https:\/\/www.booksonthemove.fr\/#\/schema\/logo\/image\/"},"sameAs":["https:\/\/www.facebook.com\/Librairiebooksonthemove\/"]}]}},"_links":{"self":[{"href":"https:\/\/www.booksonthemove.fr\/en\/wp-json\/wp\/v2\/product\/13904","targetHints":{"allow":["GET"]}}],"collection":[{"href":"https:\/\/www.booksonthemove.fr\/en\/wp-json\/wp\/v2\/product"}],"about":[{"href":"https:\/\/www.booksonthemove.fr\/en\/wp-json\/wp\/v2\/types\/product"}],"wp:featuredmedia":[{"embeddable":true,"href":"https:\/\/www.booksonthemove.fr\/en\/wp-json\/wp\/v2\/media\/13903"}],"wp:attachment":[{"href":"https:\/\/www.booksonthemove.fr\/en\/wp-json\/wp\/v2\/media?parent=13904"}],"wp:term":[{"taxonomy":"product_brand","embeddable":true,"href":"https:\/\/www.booksonthemove.fr\/en\/wp-json\/wp\/v2\/product_brand?post=13904"},{"taxonomy":"product_cat","embeddable":true,"href":"https:\/\/www.booksonthemove.fr\/en\/wp-json\/wp\/v2\/product_cat?post=13904"},{"taxonomy":"product_tag","embeddable":true,"href":"https:\/\/www.booksonthemove.fr\/en\/wp-json\/wp\/v2\/product_tag?post=13904"}],"curies":[{"name":"wp","href":"https:\/\/api.w.org\/{rel}","templated":true}]}}