{"id":13915,"date":"2020-03-27T18:24:14","date_gmt":"2020-03-27T17:24:14","guid":{"rendered":"https:\/\/www.booksonthemove.fr\/produit\/un-college-saisi-par-les-arts\/"},"modified":"2023-11-08T18:25:58","modified_gmt":"2023-11-08T17:25:58","slug":"un-college-saisi-par-les-arts","status":"publish","type":"product","link":"https:\/\/www.booksonthemove.fr\/en\/produit\/un-college-saisi-par-les-arts\/","title":{"rendered":"Un coll\u00e8ge saisi par les arts"},"content":{"rendered":"<p class=\"bodytext\">Ce livre nous plonge au coeur d\u2019une aventure \u00e9ducative et humaine hors du commun : pendant quatre ans, des \u00e9l\u00e8ves du coll\u00e8ge des Escholiers-de-la-Mosson, dans un quartier sensible de Montpellier, ont suivi une \u00e9ducation artistique \u2013 chor\u00e9graphique, musicale, th\u00e9\u00e2trale \u2013 six heures par semaine. De la sixi\u00e8me \u00e0 la troisi\u00e8me, cette classe artistique exp\u00e9rimentale initi\u00e9e par H\u00e9rault Musique Danse a mobilis\u00e9 l\u2019ensemble de l\u2019\u00e9quipe p\u00e9dagogique et b\u00e9n\u00e9fici\u00e9 d\u2019une \u00e9valuation par une \u00e9quipe de chercheurs dirig\u00e9e par Alain Kerlan.<\/p>\n<p class=\"bodytext\">Leur enqu\u00eate nous invite \u00e0 mieux comprendre ce qui agit au coeur du triangle p\u00e9dagogique artistes\/\u00e9l\u00e8ves\/enseignants et \u00e0 approcher les effets \u00e9ducatifs de l\u2019art, sans en dissimuler les al\u00e9as : le d\u00e9veloppement personnel, la confiance en soi, l\u2019autonomie, la socialisation, le d\u00e9veloppement cognitif et la r\u00e9ussite scolaire, mais aussi, au-del\u00e0, cette forme d\u2019accomplissement que permet une authentique exp\u00e9rience esth\u00e9tique.<\/p>\n<p class=\"bodytext\">La d\u00e9monstration vivante de cette exp\u00e9rience collective d\u2019\u00e9l\u00e8ves, artistes et enseignants \u00ab saisis \u00bb par les arts est servie par une fluidit\u00e9 d\u2019\u00e9criture qui, en plus d\u2019une analyse fine et pr\u00e9cise, nous offre un v\u00e9ritable plaisir de lecture.<\/p>\n<p class=\"bodytext\">Enseignants, artistes, \u00e9l\u00e8ves et parents y trouveront du grain \u00e0 moudre.<\/p>\n<p class=\"bodytext\">Livre r\u00e9alis\u00e9 avec le concours de Fran\u00e7oise Carraud, C\u00e9line Choquet et Samia Langar.<\/p>\n","protected":false},"excerpt":{"rendered":"<p><strong>AUTEUR :<\/strong> Alain Kerlan<br \/>\n<strong>\u00c9DITEUR :<\/strong> \u00e9ditions de l&#8217;Attribut (2015)<\/p>\n<p><strong>BROCH\u00c9 :<\/strong> 128 pages<br \/>\n<strong>LANGUE :<\/strong> Fran\u00e7ais<br \/>\n<strong>ISBN13 :<\/strong> 978-2-916-00231-6<\/p>\n","protected":false},"featured_media":13914,"template":"","meta":[],"product_brand":[],"product_cat":[166,162,140],"product_tag":[],"class_list":{"0":"post-13915","1":"product","2":"type-product","3":"status-publish","4":"has-post-thumbnail","6":"product_cat-dvds-en","7":"product_cat-french-en","8":"product_cat-education-dance-technique-en","10":"first","11":"instock","12":"taxable","13":"shipping-taxable","14":"purchasable","15":"product-type-simple"},"yoast_head":"<!-- This site is optimized with the Yoast SEO plugin v27.4 - https:\/\/yoast.com\/product\/yoast-seo-wordpress\/ -->\n<title>Un coll\u00e8ge saisi par les arts - Books on the Move<\/title>\n<meta name=\"robots\" content=\"index, follow, max-snippet:-1, max-image-preview:large, max-video-preview:-1\" \/>\n<link rel=\"canonical\" href=\"https:\/\/www.booksonthemove.fr\/en\/produit\/un-college-saisi-par-les-arts\/\" \/>\n<meta property=\"og:locale\" content=\"en_US\" \/>\n<meta property=\"og:type\" content=\"article\" \/>\n<meta property=\"og:title\" content=\"Un coll\u00e8ge saisi par les arts - Books on the Move\" \/>\n<meta property=\"og:description\" content=\"AUTEUR : Alain Kerlan \u00c9DITEUR : \u00e9ditions de l&#039;Attribut (2015)  BROCH\u00c9 : 128 pages LANGUE : Fran\u00e7ais ISBN13 : 978-2-916-00231-6\" \/>\n<meta property=\"og:url\" content=\"https:\/\/www.booksonthemove.fr\/en\/produit\/un-college-saisi-par-les-arts\/\" \/>\n<meta property=\"og:site_name\" content=\"Books on the Move\" \/>\n<meta property=\"article:publisher\" content=\"https:\/\/www.facebook.com\/Librairiebooksonthemove\/\" \/>\n<meta property=\"article:modified_time\" content=\"2023-11-08T17:25:58+00:00\" \/>\n<meta property=\"og:image\" content=\"https:\/\/www.booksonthemove.fr\/media\/bom_1993.jpg\" \/>\n\t<meta property=\"og:image:width\" content=\"450\" \/>\n\t<meta property=\"og:image:height\" content=\"616\" \/>\n\t<meta property=\"og:image:type\" content=\"image\/jpeg\" \/>\n<meta name=\"twitter:card\" content=\"summary_large_image\" \/>\n<script type=\"application\/ld+json\" class=\"yoast-schema-graph\">{\"@context\":\"https:\\\/\\\/schema.org\",\"@graph\":[{\"@type\":\"WebPage\",\"@id\":\"https:\\\/\\\/www.booksonthemove.fr\\\/en\\\/produit\\\/un-college-saisi-par-les-arts\\\/\",\"url\":\"https:\\\/\\\/www.booksonthemove.fr\\\/en\\\/produit\\\/un-college-saisi-par-les-arts\\\/\",\"name\":\"Un coll\u00e8ge saisi par les arts - Books on the Move\",\"isPartOf\":{\"@id\":\"https:\\\/\\\/www.booksonthemove.fr\\\/#website\"},\"primaryImageOfPage\":{\"@id\":\"https:\\\/\\\/www.booksonthemove.fr\\\/en\\\/produit\\\/un-college-saisi-par-les-arts\\\/#primaryimage\"},\"image\":{\"@id\":\"https:\\\/\\\/www.booksonthemove.fr\\\/en\\\/produit\\\/un-college-saisi-par-les-arts\\\/#primaryimage\"},\"thumbnailUrl\":\"https:\\\/\\\/www.booksonthemove.fr\\\/media\\\/bom_1993.jpg\",\"datePublished\":\"2020-03-27T17:24:14+00:00\",\"dateModified\":\"2023-11-08T17:25:58+00:00\",\"breadcrumb\":{\"@id\":\"https:\\\/\\\/www.booksonthemove.fr\\\/en\\\/produit\\\/un-college-saisi-par-les-arts\\\/#breadcrumb\"},\"inLanguage\":\"en-US\",\"potentialAction\":[{\"@type\":\"ReadAction\",\"target\":[\"https:\\\/\\\/www.booksonthemove.fr\\\/en\\\/produit\\\/un-college-saisi-par-les-arts\\\/\"]}]},{\"@type\":\"ImageObject\",\"inLanguage\":\"en-US\",\"@id\":\"https:\\\/\\\/www.booksonthemove.fr\\\/en\\\/produit\\\/un-college-saisi-par-les-arts\\\/#primaryimage\",\"url\":\"https:\\\/\\\/www.booksonthemove.fr\\\/media\\\/bom_1993.jpg\",\"contentUrl\":\"https:\\\/\\\/www.booksonthemove.fr\\\/media\\\/bom_1993.jpg\",\"width\":450,\"height\":616},{\"@type\":\"BreadcrumbList\",\"@id\":\"https:\\\/\\\/www.booksonthemove.fr\\\/en\\\/produit\\\/un-college-saisi-par-les-arts\\\/#breadcrumb\",\"itemListElement\":[{\"@type\":\"ListItem\",\"position\":1,\"name\":\"Accueil\",\"item\":\"https:\\\/\\\/www.booksonthemove.fr\\\/en\\\/\"},{\"@type\":\"ListItem\",\"position\":2,\"name\":\"online store\",\"item\":\"https:\\\/\\\/www.booksonthemove.fr\\\/en\\\/online-shop\\\/\"},{\"@type\":\"ListItem\",\"position\":3,\"name\":\"Un coll\u00e8ge saisi par les arts\"}]},{\"@type\":\"WebSite\",\"@id\":\"https:\\\/\\\/www.booksonthemove.fr\\\/#website\",\"url\":\"https:\\\/\\\/www.booksonthemove.fr\\\/\",\"name\":\"Books on the Move\",\"description\":\"librairie nomade - danse - mouvement - performance\",\"publisher\":{\"@id\":\"https:\\\/\\\/www.booksonthemove.fr\\\/#organization\"},\"potentialAction\":[{\"@type\":\"SearchAction\",\"target\":{\"@type\":\"EntryPoint\",\"urlTemplate\":\"https:\\\/\\\/www.booksonthemove.fr\\\/?s={search_term_string}\"},\"query-input\":{\"@type\":\"PropertyValueSpecification\",\"valueRequired\":true,\"valueName\":\"search_term_string\"}}],\"inLanguage\":\"en-US\"},{\"@type\":\"Organization\",\"@id\":\"https:\\\/\\\/www.booksonthemove.fr\\\/#organization\",\"name\":\"Books on the Move\",\"url\":\"https:\\\/\\\/www.booksonthemove.fr\\\/\",\"logo\":{\"@type\":\"ImageObject\",\"inLanguage\":\"en-US\",\"@id\":\"https:\\\/\\\/www.booksonthemove.fr\\\/#\\\/schema\\\/logo\\\/image\\\/\",\"url\":\"https:\\\/\\\/www.booksonthemove.fr\\\/media\\\/logo-NB-400.jpg\",\"contentUrl\":\"https:\\\/\\\/www.booksonthemove.fr\\\/media\\\/logo-NB-400.jpg\",\"width\":400,\"height\":143,\"caption\":\"Books on the Move\"},\"image\":{\"@id\":\"https:\\\/\\\/www.booksonthemove.fr\\\/#\\\/schema\\\/logo\\\/image\\\/\"},\"sameAs\":[\"https:\\\/\\\/www.facebook.com\\\/Librairiebooksonthemove\\\/\"]}]}<\/script>\n<!-- \/ Yoast SEO plugin. -->","yoast_head_json":{"title":"Un coll\u00e8ge saisi par les arts - Books on the Move","robots":{"index":"index","follow":"follow","max-snippet":"max-snippet:-1","max-image-preview":"max-image-preview:large","max-video-preview":"max-video-preview:-1"},"canonical":"https:\/\/www.booksonthemove.fr\/en\/produit\/un-college-saisi-par-les-arts\/","og_locale":"en_US","og_type":"article","og_title":"Un coll\u00e8ge saisi par les arts - Books on the Move","og_description":"AUTEUR : Alain Kerlan \u00c9DITEUR : \u00e9ditions de l'Attribut (2015)  BROCH\u00c9 : 128 pages LANGUE : Fran\u00e7ais ISBN13 : 978-2-916-00231-6","og_url":"https:\/\/www.booksonthemove.fr\/en\/produit\/un-college-saisi-par-les-arts\/","og_site_name":"Books on the Move","article_publisher":"https:\/\/www.facebook.com\/Librairiebooksonthemove\/","article_modified_time":"2023-11-08T17:25:58+00:00","og_image":[{"width":450,"height":616,"url":"https:\/\/www.booksonthemove.fr\/media\/bom_1993.jpg","type":"image\/jpeg"}],"twitter_card":"summary_large_image","schema":{"@context":"https:\/\/schema.org","@graph":[{"@type":"WebPage","@id":"https:\/\/www.booksonthemove.fr\/en\/produit\/un-college-saisi-par-les-arts\/","url":"https:\/\/www.booksonthemove.fr\/en\/produit\/un-college-saisi-par-les-arts\/","name":"Un coll\u00e8ge saisi par les arts - Books on the Move","isPartOf":{"@id":"https:\/\/www.booksonthemove.fr\/#website"},"primaryImageOfPage":{"@id":"https:\/\/www.booksonthemove.fr\/en\/produit\/un-college-saisi-par-les-arts\/#primaryimage"},"image":{"@id":"https:\/\/www.booksonthemove.fr\/en\/produit\/un-college-saisi-par-les-arts\/#primaryimage"},"thumbnailUrl":"https:\/\/www.booksonthemove.fr\/media\/bom_1993.jpg","datePublished":"2020-03-27T17:24:14+00:00","dateModified":"2023-11-08T17:25:58+00:00","breadcrumb":{"@id":"https:\/\/www.booksonthemove.fr\/en\/produit\/un-college-saisi-par-les-arts\/#breadcrumb"},"inLanguage":"en-US","potentialAction":[{"@type":"ReadAction","target":["https:\/\/www.booksonthemove.fr\/en\/produit\/un-college-saisi-par-les-arts\/"]}]},{"@type":"ImageObject","inLanguage":"en-US","@id":"https:\/\/www.booksonthemove.fr\/en\/produit\/un-college-saisi-par-les-arts\/#primaryimage","url":"https:\/\/www.booksonthemove.fr\/media\/bom_1993.jpg","contentUrl":"https:\/\/www.booksonthemove.fr\/media\/bom_1993.jpg","width":450,"height":616},{"@type":"BreadcrumbList","@id":"https:\/\/www.booksonthemove.fr\/en\/produit\/un-college-saisi-par-les-arts\/#breadcrumb","itemListElement":[{"@type":"ListItem","position":1,"name":"Accueil","item":"https:\/\/www.booksonthemove.fr\/en\/"},{"@type":"ListItem","position":2,"name":"online store","item":"https:\/\/www.booksonthemove.fr\/en\/online-shop\/"},{"@type":"ListItem","position":3,"name":"Un coll\u00e8ge saisi par les arts"}]},{"@type":"WebSite","@id":"https:\/\/www.booksonthemove.fr\/#website","url":"https:\/\/www.booksonthemove.fr\/","name":"Books on the Move","description":"librairie nomade - danse - mouvement - performance","publisher":{"@id":"https:\/\/www.booksonthemove.fr\/#organization"},"potentialAction":[{"@type":"SearchAction","target":{"@type":"EntryPoint","urlTemplate":"https:\/\/www.booksonthemove.fr\/?s={search_term_string}"},"query-input":{"@type":"PropertyValueSpecification","valueRequired":true,"valueName":"search_term_string"}}],"inLanguage":"en-US"},{"@type":"Organization","@id":"https:\/\/www.booksonthemove.fr\/#organization","name":"Books on the Move","url":"https:\/\/www.booksonthemove.fr\/","logo":{"@type":"ImageObject","inLanguage":"en-US","@id":"https:\/\/www.booksonthemove.fr\/#\/schema\/logo\/image\/","url":"https:\/\/www.booksonthemove.fr\/media\/logo-NB-400.jpg","contentUrl":"https:\/\/www.booksonthemove.fr\/media\/logo-NB-400.jpg","width":400,"height":143,"caption":"Books on the Move"},"image":{"@id":"https:\/\/www.booksonthemove.fr\/#\/schema\/logo\/image\/"},"sameAs":["https:\/\/www.facebook.com\/Librairiebooksonthemove\/"]}]}},"_links":{"self":[{"href":"https:\/\/www.booksonthemove.fr\/en\/wp-json\/wp\/v2\/product\/13915","targetHints":{"allow":["GET"]}}],"collection":[{"href":"https:\/\/www.booksonthemove.fr\/en\/wp-json\/wp\/v2\/product"}],"about":[{"href":"https:\/\/www.booksonthemove.fr\/en\/wp-json\/wp\/v2\/types\/product"}],"wp:featuredmedia":[{"embeddable":true,"href":"https:\/\/www.booksonthemove.fr\/en\/wp-json\/wp\/v2\/media\/13914"}],"wp:attachment":[{"href":"https:\/\/www.booksonthemove.fr\/en\/wp-json\/wp\/v2\/media?parent=13915"}],"wp:term":[{"taxonomy":"product_brand","embeddable":true,"href":"https:\/\/www.booksonthemove.fr\/en\/wp-json\/wp\/v2\/product_brand?post=13915"},{"taxonomy":"product_cat","embeddable":true,"href":"https:\/\/www.booksonthemove.fr\/en\/wp-json\/wp\/v2\/product_cat?post=13915"},{"taxonomy":"product_tag","embeddable":true,"href":"https:\/\/www.booksonthemove.fr\/en\/wp-json\/wp\/v2\/product_tag?post=13915"}],"curies":[{"name":"wp","href":"https:\/\/api.w.org\/{rel}","templated":true}]}}