{"id":13956,"date":"2020-06-20T13:18:44","date_gmt":"2020-06-20T11:18:44","guid":{"rendered":"https:\/\/www.booksonthemove.fr\/produit\/vu-du-geste-interpreter-le-mouvement-danse\/"},"modified":"2026-03-27T12:42:17","modified_gmt":"2026-03-27T11:42:17","slug":"vu-du-geste-interpreter-le-mouvement-danse","status":"publish","type":"product","link":"https:\/\/www.booksonthemove.fr\/en\/produit\/vu-du-geste-interpreter-le-mouvement-danse\/","title":{"rendered":"Vu du geste &#8211; interpr\u00e9ter le mouvement dans\u00e9"},"content":{"rendered":"<p>\u00ab Du cours \u00e0 l\u2019atelier, du bal \u00e0 la sc\u00e8ne, du point de vue du danseur \u00e0 celui du spectateur, Christine Roquet nous r\u00e9v\u00e8le comment l\u2019analyse du mouvement peut enrichir notre perception, interroger notre relation \u00e0 l\u2019autre et au monde. \u00bb Extrait de la quatri\u00e8me de couverture<\/p>\n<p>Les danseurs sont d\u00e9positaires de diff\u00e9rents savoirs implicites dont on trouve la trace dans leur langue sp\u00e9cifique : que veulent-ils dire lorsqu\u2019ils parlent de \u00ab s\u2019appuyer sur l\u2019espace \u00bb, de \u00ab donner son poids \u00bb ou de \u00ab danser \u00e0 l\u2019\u00e9coute\u00a0\u00bb ? La danse est-elle une affaire de corps ? Pourquoi parler de geste plut\u00f4t que de mouvement ? Qu\u2019en est-il de l\u2019\u00e9tat de corps, de l\u2019\u00e9motion, du partage de l\u2019espace, lorsque nous dansons ou nous regardons danser\u00a0? Qu\u2019est-ce que lire le geste dans\u00e9\u00a0? Comme s\u2019y prend-on et avec quels outils ? Comment les savoirs de la pratique circulent-ils en danse, entre danse de sc\u00e8ne et danse de bal par exemple ? Et quelle pens\u00e9e de l\u2019alt\u00e9rit\u00e9 ou quelle th\u00e9orie de l\u2019imaginaire peuvent nous aider \u00e0 d\u00e9velopper les \u00ab mani\u00e8res de faire \u00bb des danseurs\u00a0?<\/p>\n<p>Si l\u2019auteure inscrit sa d\u00e9marche dans le prolongement des r\u00e9flexions des th\u00e9oriciens du mouvement Michel Bernard et Hubert Godard, elle se nourrit \u00e9galement de son exp\u00e9rience de terrain au contact des danseurs pour donner corps \u00e0 son propos. Elle convoque enfin des exemples tr\u00e8s divers \u2013 deux enfants sur une photo, la morphologie de champions d\u2019ath\u00e9ltisme, les diff\u00e9rences entre les styles de Gene Kelly et Fred Astaire \u2013 qui montrent combien l\u2019analyse du mouvement peut enrichir notre perception du monde.<\/p>\n<p>Christine Roquet est ma\u00eetre de conf\u00e9rences au d\u00e9partement Danse de l\u2019universit\u00e9 Paris-8. Elle se consacre \u00e0 l\u2019enseignement et \u00e0 la recherche en danse depuis le vaste domaine de \u00ab l\u2019analyse du mouvement \u00bb. L\u2019exploration du champ complexe de l\u2019interaction constitue son domaine de recherche privil\u00e9gi\u00e9.<\/p>\n","protected":false},"excerpt":{"rendered":"<p><b>Auteur:\u00a0<\/b>Christine Roquet<br \/>\n<b><\/b><b>Editeur: <\/b>Centre national de la danse (2019)<\/p>\n<p><strong>Broch\u00e9:<\/strong>\u00a0320 pages + cahier<br \/>\n<b>Langue: <\/b>Fran\u00e7ais<br \/>\n<strong>ISBN13:<\/strong> 979-10-97388-05-8<\/p>\n","protected":false},"featured_media":14783,"template":"","meta":[],"product_brand":[],"product_cat":[218,146,162],"product_tag":[],"class_list":{"0":"post-13956","1":"product","2":"type-product","3":"status-publish","4":"has-post-thumbnail","6":"product_cat-movement-analysis-notation-en","7":"product_cat-theoretical-texts-en","8":"product_cat-french-en","10":"first","11":"instock","12":"taxable","13":"shipping-taxable","14":"purchasable","15":"product-type-simple"},"yoast_head":"<!-- This site is optimized with the Yoast SEO plugin v27.5 - https:\/\/yoast.com\/product\/yoast-seo-wordpress\/ -->\n<title>Vu du geste - interpr\u00e9ter le mouvement dans\u00e9 - Books on the Move<\/title>\n<meta name=\"robots\" content=\"index, follow, max-snippet:-1, max-image-preview:large, max-video-preview:-1\" \/>\n<link rel=\"canonical\" href=\"https:\/\/www.booksonthemove.fr\/en\/produit\/vu-du-geste-interpreter-le-mouvement-danse\/\" \/>\n<meta property=\"og:locale\" content=\"en_US\" \/>\n<meta property=\"og:type\" content=\"article\" \/>\n<meta property=\"og:title\" content=\"Vu du geste - interpr\u00e9ter le mouvement dans\u00e9 - Books on the Move\" \/>\n<meta property=\"og:description\" content=\"Auteur:\u00a0Christine Roquet Editeur: Centre national de la danse (2019)  Broch\u00e9:\u00a0320 pages + cahier Langue: Fran\u00e7ais ISBN13: 979-10-97388-05-8\" \/>\n<meta property=\"og:url\" content=\"https:\/\/www.booksonthemove.fr\/en\/produit\/vu-du-geste-interpreter-le-mouvement-danse\/\" \/>\n<meta property=\"og:site_name\" content=\"Books on the Move\" \/>\n<meta property=\"article:publisher\" content=\"https:\/\/www.facebook.com\/Librairiebooksonthemove\/\" \/>\n<meta property=\"article:modified_time\" content=\"2026-03-27T11:42:17+00:00\" \/>\n<meta property=\"og:image\" content=\"https:\/\/www.booksonthemove.fr\/media\/bom_2039-1.jpg\" \/>\n\t<meta property=\"og:image:width\" content=\"900\" \/>\n\t<meta property=\"og:image:height\" content=\"1346\" \/>\n\t<meta property=\"og:image:type\" content=\"image\/jpeg\" \/>\n<meta name=\"twitter:card\" content=\"summary_large_image\" \/>\n<script type=\"application\/ld+json\" class=\"yoast-schema-graph\">{\"@context\":\"https:\\\/\\\/schema.org\",\"@graph\":[{\"@type\":\"WebPage\",\"@id\":\"https:\\\/\\\/www.booksonthemove.fr\\\/en\\\/produit\\\/vu-du-geste-interpreter-le-mouvement-danse\\\/\",\"url\":\"https:\\\/\\\/www.booksonthemove.fr\\\/en\\\/produit\\\/vu-du-geste-interpreter-le-mouvement-danse\\\/\",\"name\":\"Vu du geste - interpr\u00e9ter le mouvement dans\u00e9 - Books on the Move\",\"isPartOf\":{\"@id\":\"https:\\\/\\\/www.booksonthemove.fr\\\/#website\"},\"primaryImageOfPage\":{\"@id\":\"https:\\\/\\\/www.booksonthemove.fr\\\/en\\\/produit\\\/vu-du-geste-interpreter-le-mouvement-danse\\\/#primaryimage\"},\"image\":{\"@id\":\"https:\\\/\\\/www.booksonthemove.fr\\\/en\\\/produit\\\/vu-du-geste-interpreter-le-mouvement-danse\\\/#primaryimage\"},\"thumbnailUrl\":\"https:\\\/\\\/www.booksonthemove.fr\\\/media\\\/bom_2039-1.jpg\",\"datePublished\":\"2020-06-20T11:18:44+00:00\",\"dateModified\":\"2026-03-27T11:42:17+00:00\",\"breadcrumb\":{\"@id\":\"https:\\\/\\\/www.booksonthemove.fr\\\/en\\\/produit\\\/vu-du-geste-interpreter-le-mouvement-danse\\\/#breadcrumb\"},\"inLanguage\":\"en-US\",\"potentialAction\":[{\"@type\":\"ReadAction\",\"target\":[\"https:\\\/\\\/www.booksonthemove.fr\\\/en\\\/produit\\\/vu-du-geste-interpreter-le-mouvement-danse\\\/\"]}]},{\"@type\":\"ImageObject\",\"inLanguage\":\"en-US\",\"@id\":\"https:\\\/\\\/www.booksonthemove.fr\\\/en\\\/produit\\\/vu-du-geste-interpreter-le-mouvement-danse\\\/#primaryimage\",\"url\":\"https:\\\/\\\/www.booksonthemove.fr\\\/media\\\/bom_2039-1.jpg\",\"contentUrl\":\"https:\\\/\\\/www.booksonthemove.fr\\\/media\\\/bom_2039-1.jpg\",\"width\":900,\"height\":1346},{\"@type\":\"BreadcrumbList\",\"@id\":\"https:\\\/\\\/www.booksonthemove.fr\\\/en\\\/produit\\\/vu-du-geste-interpreter-le-mouvement-danse\\\/#breadcrumb\",\"itemListElement\":[{\"@type\":\"ListItem\",\"position\":1,\"name\":\"Accueil\",\"item\":\"https:\\\/\\\/www.booksonthemove.fr\\\/en\\\/\"},{\"@type\":\"ListItem\",\"position\":2,\"name\":\"online store\",\"item\":\"https:\\\/\\\/www.booksonthemove.fr\\\/en\\\/online-shop\\\/\"},{\"@type\":\"ListItem\",\"position\":3,\"name\":\"Vu du geste &#8211; interpr\u00e9ter le mouvement dans\u00e9\"}]},{\"@type\":\"WebSite\",\"@id\":\"https:\\\/\\\/www.booksonthemove.fr\\\/#website\",\"url\":\"https:\\\/\\\/www.booksonthemove.fr\\\/\",\"name\":\"Books on the Move\",\"description\":\"librairie nomade - danse - mouvement - performance\",\"publisher\":{\"@id\":\"https:\\\/\\\/www.booksonthemove.fr\\\/#organization\"},\"potentialAction\":[{\"@type\":\"SearchAction\",\"target\":{\"@type\":\"EntryPoint\",\"urlTemplate\":\"https:\\\/\\\/www.booksonthemove.fr\\\/?s={search_term_string}\"},\"query-input\":{\"@type\":\"PropertyValueSpecification\",\"valueRequired\":true,\"valueName\":\"search_term_string\"}}],\"inLanguage\":\"en-US\"},{\"@type\":\"Organization\",\"@id\":\"https:\\\/\\\/www.booksonthemove.fr\\\/#organization\",\"name\":\"Books on the Move\",\"url\":\"https:\\\/\\\/www.booksonthemove.fr\\\/\",\"logo\":{\"@type\":\"ImageObject\",\"inLanguage\":\"en-US\",\"@id\":\"https:\\\/\\\/www.booksonthemove.fr\\\/#\\\/schema\\\/logo\\\/image\\\/\",\"url\":\"https:\\\/\\\/www.booksonthemove.fr\\\/media\\\/logo-NB-400.jpg\",\"contentUrl\":\"https:\\\/\\\/www.booksonthemove.fr\\\/media\\\/logo-NB-400.jpg\",\"width\":400,\"height\":143,\"caption\":\"Books on the Move\"},\"image\":{\"@id\":\"https:\\\/\\\/www.booksonthemove.fr\\\/#\\\/schema\\\/logo\\\/image\\\/\"},\"sameAs\":[\"https:\\\/\\\/www.facebook.com\\\/Librairiebooksonthemove\\\/\"]}]}<\/script>\n<!-- \/ Yoast SEO plugin. -->","yoast_head_json":{"title":"Vu du geste - interpr\u00e9ter le mouvement dans\u00e9 - Books on the Move","robots":{"index":"index","follow":"follow","max-snippet":"max-snippet:-1","max-image-preview":"max-image-preview:large","max-video-preview":"max-video-preview:-1"},"canonical":"https:\/\/www.booksonthemove.fr\/en\/produit\/vu-du-geste-interpreter-le-mouvement-danse\/","og_locale":"en_US","og_type":"article","og_title":"Vu du geste - interpr\u00e9ter le mouvement dans\u00e9 - Books on the Move","og_description":"Auteur:\u00a0Christine Roquet Editeur: Centre national de la danse (2019)  Broch\u00e9:\u00a0320 pages + cahier Langue: Fran\u00e7ais ISBN13: 979-10-97388-05-8","og_url":"https:\/\/www.booksonthemove.fr\/en\/produit\/vu-du-geste-interpreter-le-mouvement-danse\/","og_site_name":"Books on the Move","article_publisher":"https:\/\/www.facebook.com\/Librairiebooksonthemove\/","article_modified_time":"2026-03-27T11:42:17+00:00","og_image":[{"width":900,"height":1346,"url":"https:\/\/www.booksonthemove.fr\/media\/bom_2039-1.jpg","type":"image\/jpeg"}],"twitter_card":"summary_large_image","schema":{"@context":"https:\/\/schema.org","@graph":[{"@type":"WebPage","@id":"https:\/\/www.booksonthemove.fr\/en\/produit\/vu-du-geste-interpreter-le-mouvement-danse\/","url":"https:\/\/www.booksonthemove.fr\/en\/produit\/vu-du-geste-interpreter-le-mouvement-danse\/","name":"Vu du geste - interpr\u00e9ter le mouvement dans\u00e9 - Books on the Move","isPartOf":{"@id":"https:\/\/www.booksonthemove.fr\/#website"},"primaryImageOfPage":{"@id":"https:\/\/www.booksonthemove.fr\/en\/produit\/vu-du-geste-interpreter-le-mouvement-danse\/#primaryimage"},"image":{"@id":"https:\/\/www.booksonthemove.fr\/en\/produit\/vu-du-geste-interpreter-le-mouvement-danse\/#primaryimage"},"thumbnailUrl":"https:\/\/www.booksonthemove.fr\/media\/bom_2039-1.jpg","datePublished":"2020-06-20T11:18:44+00:00","dateModified":"2026-03-27T11:42:17+00:00","breadcrumb":{"@id":"https:\/\/www.booksonthemove.fr\/en\/produit\/vu-du-geste-interpreter-le-mouvement-danse\/#breadcrumb"},"inLanguage":"en-US","potentialAction":[{"@type":"ReadAction","target":["https:\/\/www.booksonthemove.fr\/en\/produit\/vu-du-geste-interpreter-le-mouvement-danse\/"]}]},{"@type":"ImageObject","inLanguage":"en-US","@id":"https:\/\/www.booksonthemove.fr\/en\/produit\/vu-du-geste-interpreter-le-mouvement-danse\/#primaryimage","url":"https:\/\/www.booksonthemove.fr\/media\/bom_2039-1.jpg","contentUrl":"https:\/\/www.booksonthemove.fr\/media\/bom_2039-1.jpg","width":900,"height":1346},{"@type":"BreadcrumbList","@id":"https:\/\/www.booksonthemove.fr\/en\/produit\/vu-du-geste-interpreter-le-mouvement-danse\/#breadcrumb","itemListElement":[{"@type":"ListItem","position":1,"name":"Accueil","item":"https:\/\/www.booksonthemove.fr\/en\/"},{"@type":"ListItem","position":2,"name":"online store","item":"https:\/\/www.booksonthemove.fr\/en\/online-shop\/"},{"@type":"ListItem","position":3,"name":"Vu du geste &#8211; interpr\u00e9ter le mouvement dans\u00e9"}]},{"@type":"WebSite","@id":"https:\/\/www.booksonthemove.fr\/#website","url":"https:\/\/www.booksonthemove.fr\/","name":"Books on the Move","description":"librairie nomade - danse - mouvement - performance","publisher":{"@id":"https:\/\/www.booksonthemove.fr\/#organization"},"potentialAction":[{"@type":"SearchAction","target":{"@type":"EntryPoint","urlTemplate":"https:\/\/www.booksonthemove.fr\/?s={search_term_string}"},"query-input":{"@type":"PropertyValueSpecification","valueRequired":true,"valueName":"search_term_string"}}],"inLanguage":"en-US"},{"@type":"Organization","@id":"https:\/\/www.booksonthemove.fr\/#organization","name":"Books on the Move","url":"https:\/\/www.booksonthemove.fr\/","logo":{"@type":"ImageObject","inLanguage":"en-US","@id":"https:\/\/www.booksonthemove.fr\/#\/schema\/logo\/image\/","url":"https:\/\/www.booksonthemove.fr\/media\/logo-NB-400.jpg","contentUrl":"https:\/\/www.booksonthemove.fr\/media\/logo-NB-400.jpg","width":400,"height":143,"caption":"Books on the Move"},"image":{"@id":"https:\/\/www.booksonthemove.fr\/#\/schema\/logo\/image\/"},"sameAs":["https:\/\/www.facebook.com\/Librairiebooksonthemove\/"]}]}},"_links":{"self":[{"href":"https:\/\/www.booksonthemove.fr\/en\/wp-json\/wp\/v2\/product\/13956","targetHints":{"allow":["GET"]}}],"collection":[{"href":"https:\/\/www.booksonthemove.fr\/en\/wp-json\/wp\/v2\/product"}],"about":[{"href":"https:\/\/www.booksonthemove.fr\/en\/wp-json\/wp\/v2\/types\/product"}],"wp:featuredmedia":[{"embeddable":true,"href":"https:\/\/www.booksonthemove.fr\/en\/wp-json\/wp\/v2\/media\/14783"}],"wp:attachment":[{"href":"https:\/\/www.booksonthemove.fr\/en\/wp-json\/wp\/v2\/media?parent=13956"}],"wp:term":[{"taxonomy":"product_brand","embeddable":true,"href":"https:\/\/www.booksonthemove.fr\/en\/wp-json\/wp\/v2\/product_brand?post=13956"},{"taxonomy":"product_cat","embeddable":true,"href":"https:\/\/www.booksonthemove.fr\/en\/wp-json\/wp\/v2\/product_cat?post=13956"},{"taxonomy":"product_tag","embeddable":true,"href":"https:\/\/www.booksonthemove.fr\/en\/wp-json\/wp\/v2\/product_tag?post=13956"}],"curies":[{"name":"wp","href":"https:\/\/api.w.org\/{rel}","templated":true}]}}