{"id":13964,"date":"2020-03-28T13:34:59","date_gmt":"2020-03-28T12:34:59","guid":{"rendered":"https:\/\/www.booksonthemove.fr\/produit\/watt-numero-2\/"},"modified":"2020-12-05T17:57:17","modified_gmt":"2020-12-05T16:57:17","slug":"watt-numero-2","status":"publish","type":"product","link":"https:\/\/www.booksonthemove.fr\/en\/produit\/watt-numero-2\/","title":{"rendered":"watt # 2"},"content":{"rendered":"<p class=\"bodytext\">Within:<br \/>\nThe Bureau for the Future of Choreography &amp; Nobody&#8217;s Business<br \/>\nYasmine Youcef &amp; Lisa Nelson<br \/>\nCarolina Mendo\u00e7a &amp; Catalina Insignares<br \/>\nMyriam Lefkowitz &amp; Alexandra Pirici<br \/>\nCharlotte Imbault &amp; Barbara Manzetti<\/p>\n<p class=\"bodytext\">White page:<br \/>\nValentina Desideri<\/p>\n<p class=\"bodytext\">What More<br \/>\nDance, where to?<br \/>\nCharlotte Imbault<\/p>\n<p class=\"bodytext\">Faire exister, pour les arts performatifs, une revue con\u00e7ue comme un studio \u00e0 ciel ouvert.<br \/>\nPenser l\u2019oralit\u00e9 comme un outil : un acte d\u2019\u00e9nonciation qui vient \u00e0 la fois informer et transformer le r\u00e9el de la pratique ou m\u00eame prolonger l\u2019acte de cr\u00e9ation. Penser l\u2019acte de parler comme un processus d\u2019apprentissage qui permet de faire \u00e9merger des \u00e9l\u00e9ments qui n\u2019\u00e9taient pas, ou pas encore rep\u00e9rables dans la pratique avant ce travail de mise en parole. Sortir d\u2019une parole de communication et entrer dans la conceptualisation d\u2019un travail ou d\u2019un processus de travail.<br \/>\nwatt se propose de rentrer dans la mati\u00e8re d\u2019un travail \u00e0 travers trois formes possibles. Des entretiens autour du travail d\u2019un artiste interrog\u00e9 par un autre artiste (Within). Une carte blanche sur plusieurs pages (White Page) offerte \u00e0 un artiste permettant de visualiser la fabrique des outils. Et enfin un article de r\u00e9flexion (What More).<br \/>\nLa revue, r\u00e9solument tourn\u00e9e vers l\u2019Europe portera son regard sur la sc\u00e8ne europ\u00e9enne \u00e0 un rythme biannuel.<\/p>\n<p class=\"bodytext\">The idea is to create a journal for the performative arts, imagined as a sort of open-air studio.<br \/>\nThinking of orality as a tool: an act of declaration which both informs and transforms the reality of practice and\/or prolongs the creative act. Thinking of the act of speaking as a learning process which allows previously unknown elements to come out, elements which may not have been visible in the practice before this work on the use of words. Leaving behind communication words to focus on the conceptualization of work or work process.<br \/>\nwatt proposes approaching work using three different forms: interviews discussing an artist\u2019s work, one artist speaking to another artist (Within). A carte blanche extending over several pages (White Page), which allow an artist to visualize the fabrication of his or her tools. And a reflective article (What More).<br \/>\nThis journal, resolutely focusing on Europe, will offer, once yearly, a subjective overview of the European scene.<\/p>\n","protected":false},"excerpt":{"rendered":"<p>Auteur: ouvrage collectif sous la direction de Sandrine Fuchs<br \/>\nEditeur: association White Spirit (2018)<\/p>\n<p>Broch\u00e9: 170 pages<br \/>\nLangue: Fran\u00e7ais\/Anglais<br \/>\nISSN: 2552-1977<\/p>\n","protected":false},"featured_media":17408,"template":"","meta":[],"product_brand":[],"product_cat":[135,162,169,211],"product_tag":[],"class_list":{"0":"post-13964","1":"product","2":"type-product","3":"status-publish","4":"has-post-thumbnail","6":"product_cat-english-en","7":"product_cat-french-en","8":"product_cat-interviews-conversations-en","9":"product_cat-magazines-en","11":"first","12":"instock","13":"taxable","14":"shipping-taxable","15":"purchasable","16":"product-type-simple"},"yoast_head":"<!-- This site is optimized with the Yoast SEO plugin v27.5 - https:\/\/yoast.com\/product\/yoast-seo-wordpress\/ -->\n<title>watt # 2 - Books on the Move<\/title>\n<meta name=\"robots\" content=\"index, follow, max-snippet:-1, max-image-preview:large, max-video-preview:-1\" \/>\n<link rel=\"canonical\" href=\"https:\/\/www.booksonthemove.fr\/en\/produit\/watt-numero-2\/\" \/>\n<meta property=\"og:locale\" content=\"en_US\" \/>\n<meta property=\"og:type\" content=\"article\" \/>\n<meta property=\"og:title\" content=\"watt # 2 - Books on the Move\" \/>\n<meta property=\"og:description\" content=\"Auteur: ouvrage collectif sous la direction de Sandrine Fuchs Editeur: association White Spirit (2018)  Broch\u00e9: 170 pages Langue: Fran\u00e7ais\/Anglais ISSN: 2552-1977\" \/>\n<meta property=\"og:url\" content=\"https:\/\/www.booksonthemove.fr\/en\/produit\/watt-numero-2\/\" \/>\n<meta property=\"og:site_name\" content=\"Books on the Move\" \/>\n<meta property=\"article:publisher\" content=\"https:\/\/www.facebook.com\/Librairiebooksonthemove\/\" \/>\n<meta property=\"article:modified_time\" content=\"2020-12-05T16:57:17+00:00\" \/>\n<meta property=\"og:image\" content=\"https:\/\/www.booksonthemove.fr\/media\/bom_1789.jpg\" \/>\n\t<meta property=\"og:image:width\" content=\"900\" \/>\n\t<meta property=\"og:image:height\" content=\"1324\" \/>\n\t<meta property=\"og:image:type\" content=\"image\/jpeg\" \/>\n<meta name=\"twitter:card\" content=\"summary_large_image\" \/>\n<script type=\"application\/ld+json\" class=\"yoast-schema-graph\">{\"@context\":\"https:\\\/\\\/schema.org\",\"@graph\":[{\"@type\":\"WebPage\",\"@id\":\"https:\\\/\\\/www.booksonthemove.fr\\\/en\\\/produit\\\/watt-numero-2\\\/\",\"url\":\"https:\\\/\\\/www.booksonthemove.fr\\\/en\\\/produit\\\/watt-numero-2\\\/\",\"name\":\"watt # 2 - Books on the Move\",\"isPartOf\":{\"@id\":\"https:\\\/\\\/www.booksonthemove.fr\\\/#website\"},\"primaryImageOfPage\":{\"@id\":\"https:\\\/\\\/www.booksonthemove.fr\\\/en\\\/produit\\\/watt-numero-2\\\/#primaryimage\"},\"image\":{\"@id\":\"https:\\\/\\\/www.booksonthemove.fr\\\/en\\\/produit\\\/watt-numero-2\\\/#primaryimage\"},\"thumbnailUrl\":\"https:\\\/\\\/www.booksonthemove.fr\\\/media\\\/bom_1789.jpg\",\"datePublished\":\"2020-03-28T12:34:59+00:00\",\"dateModified\":\"2020-12-05T16:57:17+00:00\",\"breadcrumb\":{\"@id\":\"https:\\\/\\\/www.booksonthemove.fr\\\/en\\\/produit\\\/watt-numero-2\\\/#breadcrumb\"},\"inLanguage\":\"en-US\",\"potentialAction\":[{\"@type\":\"ReadAction\",\"target\":[\"https:\\\/\\\/www.booksonthemove.fr\\\/en\\\/produit\\\/watt-numero-2\\\/\"]}]},{\"@type\":\"ImageObject\",\"inLanguage\":\"en-US\",\"@id\":\"https:\\\/\\\/www.booksonthemove.fr\\\/en\\\/produit\\\/watt-numero-2\\\/#primaryimage\",\"url\":\"https:\\\/\\\/www.booksonthemove.fr\\\/media\\\/bom_1789.jpg\",\"contentUrl\":\"https:\\\/\\\/www.booksonthemove.fr\\\/media\\\/bom_1789.jpg\",\"width\":900,\"height\":1324},{\"@type\":\"BreadcrumbList\",\"@id\":\"https:\\\/\\\/www.booksonthemove.fr\\\/en\\\/produit\\\/watt-numero-2\\\/#breadcrumb\",\"itemListElement\":[{\"@type\":\"ListItem\",\"position\":1,\"name\":\"Accueil\",\"item\":\"https:\\\/\\\/www.booksonthemove.fr\\\/en\\\/\"},{\"@type\":\"ListItem\",\"position\":2,\"name\":\"online store\",\"item\":\"https:\\\/\\\/www.booksonthemove.fr\\\/en\\\/online-shop\\\/\"},{\"@type\":\"ListItem\",\"position\":3,\"name\":\"watt # 2\"}]},{\"@type\":\"WebSite\",\"@id\":\"https:\\\/\\\/www.booksonthemove.fr\\\/#website\",\"url\":\"https:\\\/\\\/www.booksonthemove.fr\\\/\",\"name\":\"Books on the Move\",\"description\":\"librairie nomade - danse - mouvement - performance\",\"publisher\":{\"@id\":\"https:\\\/\\\/www.booksonthemove.fr\\\/#organization\"},\"potentialAction\":[{\"@type\":\"SearchAction\",\"target\":{\"@type\":\"EntryPoint\",\"urlTemplate\":\"https:\\\/\\\/www.booksonthemove.fr\\\/?s={search_term_string}\"},\"query-input\":{\"@type\":\"PropertyValueSpecification\",\"valueRequired\":true,\"valueName\":\"search_term_string\"}}],\"inLanguage\":\"en-US\"},{\"@type\":\"Organization\",\"@id\":\"https:\\\/\\\/www.booksonthemove.fr\\\/#organization\",\"name\":\"Books on the Move\",\"url\":\"https:\\\/\\\/www.booksonthemove.fr\\\/\",\"logo\":{\"@type\":\"ImageObject\",\"inLanguage\":\"en-US\",\"@id\":\"https:\\\/\\\/www.booksonthemove.fr\\\/#\\\/schema\\\/logo\\\/image\\\/\",\"url\":\"https:\\\/\\\/www.booksonthemove.fr\\\/media\\\/logo-NB-400.jpg\",\"contentUrl\":\"https:\\\/\\\/www.booksonthemove.fr\\\/media\\\/logo-NB-400.jpg\",\"width\":400,\"height\":143,\"caption\":\"Books on the Move\"},\"image\":{\"@id\":\"https:\\\/\\\/www.booksonthemove.fr\\\/#\\\/schema\\\/logo\\\/image\\\/\"},\"sameAs\":[\"https:\\\/\\\/www.facebook.com\\\/Librairiebooksonthemove\\\/\"]}]}<\/script>\n<!-- \/ Yoast SEO plugin. -->","yoast_head_json":{"title":"watt # 2 - Books on the Move","robots":{"index":"index","follow":"follow","max-snippet":"max-snippet:-1","max-image-preview":"max-image-preview:large","max-video-preview":"max-video-preview:-1"},"canonical":"https:\/\/www.booksonthemove.fr\/en\/produit\/watt-numero-2\/","og_locale":"en_US","og_type":"article","og_title":"watt # 2 - Books on the Move","og_description":"Auteur: ouvrage collectif sous la direction de Sandrine Fuchs Editeur: association White Spirit (2018)  Broch\u00e9: 170 pages Langue: Fran\u00e7ais\/Anglais ISSN: 2552-1977","og_url":"https:\/\/www.booksonthemove.fr\/en\/produit\/watt-numero-2\/","og_site_name":"Books on the Move","article_publisher":"https:\/\/www.facebook.com\/Librairiebooksonthemove\/","article_modified_time":"2020-12-05T16:57:17+00:00","og_image":[{"width":900,"height":1324,"url":"https:\/\/www.booksonthemove.fr\/media\/bom_1789.jpg","type":"image\/jpeg"}],"twitter_card":"summary_large_image","schema":{"@context":"https:\/\/schema.org","@graph":[{"@type":"WebPage","@id":"https:\/\/www.booksonthemove.fr\/en\/produit\/watt-numero-2\/","url":"https:\/\/www.booksonthemove.fr\/en\/produit\/watt-numero-2\/","name":"watt # 2 - Books on the Move","isPartOf":{"@id":"https:\/\/www.booksonthemove.fr\/#website"},"primaryImageOfPage":{"@id":"https:\/\/www.booksonthemove.fr\/en\/produit\/watt-numero-2\/#primaryimage"},"image":{"@id":"https:\/\/www.booksonthemove.fr\/en\/produit\/watt-numero-2\/#primaryimage"},"thumbnailUrl":"https:\/\/www.booksonthemove.fr\/media\/bom_1789.jpg","datePublished":"2020-03-28T12:34:59+00:00","dateModified":"2020-12-05T16:57:17+00:00","breadcrumb":{"@id":"https:\/\/www.booksonthemove.fr\/en\/produit\/watt-numero-2\/#breadcrumb"},"inLanguage":"en-US","potentialAction":[{"@type":"ReadAction","target":["https:\/\/www.booksonthemove.fr\/en\/produit\/watt-numero-2\/"]}]},{"@type":"ImageObject","inLanguage":"en-US","@id":"https:\/\/www.booksonthemove.fr\/en\/produit\/watt-numero-2\/#primaryimage","url":"https:\/\/www.booksonthemove.fr\/media\/bom_1789.jpg","contentUrl":"https:\/\/www.booksonthemove.fr\/media\/bom_1789.jpg","width":900,"height":1324},{"@type":"BreadcrumbList","@id":"https:\/\/www.booksonthemove.fr\/en\/produit\/watt-numero-2\/#breadcrumb","itemListElement":[{"@type":"ListItem","position":1,"name":"Accueil","item":"https:\/\/www.booksonthemove.fr\/en\/"},{"@type":"ListItem","position":2,"name":"online store","item":"https:\/\/www.booksonthemove.fr\/en\/online-shop\/"},{"@type":"ListItem","position":3,"name":"watt # 2"}]},{"@type":"WebSite","@id":"https:\/\/www.booksonthemove.fr\/#website","url":"https:\/\/www.booksonthemove.fr\/","name":"Books on the Move","description":"librairie nomade - danse - mouvement - performance","publisher":{"@id":"https:\/\/www.booksonthemove.fr\/#organization"},"potentialAction":[{"@type":"SearchAction","target":{"@type":"EntryPoint","urlTemplate":"https:\/\/www.booksonthemove.fr\/?s={search_term_string}"},"query-input":{"@type":"PropertyValueSpecification","valueRequired":true,"valueName":"search_term_string"}}],"inLanguage":"en-US"},{"@type":"Organization","@id":"https:\/\/www.booksonthemove.fr\/#organization","name":"Books on the Move","url":"https:\/\/www.booksonthemove.fr\/","logo":{"@type":"ImageObject","inLanguage":"en-US","@id":"https:\/\/www.booksonthemove.fr\/#\/schema\/logo\/image\/","url":"https:\/\/www.booksonthemove.fr\/media\/logo-NB-400.jpg","contentUrl":"https:\/\/www.booksonthemove.fr\/media\/logo-NB-400.jpg","width":400,"height":143,"caption":"Books on the Move"},"image":{"@id":"https:\/\/www.booksonthemove.fr\/#\/schema\/logo\/image\/"},"sameAs":["https:\/\/www.facebook.com\/Librairiebooksonthemove\/"]}]}},"_links":{"self":[{"href":"https:\/\/www.booksonthemove.fr\/en\/wp-json\/wp\/v2\/product\/13964","targetHints":{"allow":["GET"]}}],"collection":[{"href":"https:\/\/www.booksonthemove.fr\/en\/wp-json\/wp\/v2\/product"}],"about":[{"href":"https:\/\/www.booksonthemove.fr\/en\/wp-json\/wp\/v2\/types\/product"}],"wp:featuredmedia":[{"embeddable":true,"href":"https:\/\/www.booksonthemove.fr\/en\/wp-json\/wp\/v2\/media\/17408"}],"wp:attachment":[{"href":"https:\/\/www.booksonthemove.fr\/en\/wp-json\/wp\/v2\/media?parent=13964"}],"wp:term":[{"taxonomy":"product_brand","embeddable":true,"href":"https:\/\/www.booksonthemove.fr\/en\/wp-json\/wp\/v2\/product_brand?post=13964"},{"taxonomy":"product_cat","embeddable":true,"href":"https:\/\/www.booksonthemove.fr\/en\/wp-json\/wp\/v2\/product_cat?post=13964"},{"taxonomy":"product_tag","embeddable":true,"href":"https:\/\/www.booksonthemove.fr\/en\/wp-json\/wp\/v2\/product_tag?post=13964"}],"curies":[{"name":"wp","href":"https:\/\/api.w.org\/{rel}","templated":true}]}}