{"id":13990,"date":"2020-03-28T15:22:38","date_gmt":"2020-03-28T14:22:38","guid":{"rendered":"https:\/\/www.booksonthemove.fr\/produit\/zoom-lunivers-de-la-danse-hip-hop\/"},"modified":"2026-05-05T11:46:14","modified_gmt":"2026-05-05T09:46:14","slug":"zoom-lunivers-de-la-danse-hip-hop","status":"publish","type":"product","link":"https:\/\/www.booksonthemove.fr\/en\/produit\/zoom-lunivers-de-la-danse-hip-hop\/","title":{"rendered":"ZOOM, l&#8217;univers de la danse hip hop"},"content":{"rendered":"<p>\u00c9crit par Rashead Amenzou, recordman du monde de headspin (figure de tournoiements en \u00e9quilibre sur la t\u00eate), le livre ZOOM se veut tout aussi renversant de par son contenu que par son caract\u00e8re in\u00e9dit. L\u2019auteur tente d\u2019apporter des solutions aux diff\u00e9rents probl\u00e8mes r\u00e9sultant de l\u2019inexistence du \u00ab\u00a0Dipl\u00f4me d\u2019\u00c9tat Hip-hop\u00a0\u00bb. En effet, par le biais de ce livre de 296 pages, la lumi\u00e8re est enfin \u00e9tablie sur les origines profondes des diff\u00e9rents styles qui la composent. Ainsi, comme pour n\u2019importe quel D.E de danse, l\u2019Histoire de la danse hip hop est cont\u00e9e. Du contexte socio-\u00e9conomique dans lequel cette culture a vu le jour \u00e0 la dissection de chaque style : mouvement, ascendance, influence et surtout la terminologie des pas. Vingt chapitres pour comprendre l\u2019essentiel.<\/p>\n<p>Original! Les mouvements ne sont pas illustr\u00e9s \u00e0 l\u2019aide de petits dessins ou sch\u00e9mas comme dans tout livre de danse qui se respecte, mais par le biais de QR codes!<br \/>\nCe livre 2.0 offre au lecteur la possibilit\u00e9 d\u2019illustrer la lecture pour certains paragraphes ou d\u00e9finitions de pas. Il lui suffit tout simplement de passer son t\u00e9l\u00e9phone devant le QR code et son \u00e9cran apporte le visuel anim\u00e9 du mouvement d\u00e9crit ou de l\u2019archive historique.<\/p>\n<p>Nous d\u00e9couvrons des anecdotes int\u00e9ressantes comme l\u2019origine du Moonwalk, celle des mots HIP HOP et notamment l\u2019histoire de Charles LINDBERGH et du Lindy HOP. Tous les secrets sont d\u00e9voil\u00e9s et les chapitres pr\u00e9fac\u00e9s par des r\u00e9f\u00e9rences du milieu.<br \/>\nLa pr\u00e9face g\u00e9n\u00e9rale est \u00e9crite par SIDNEY, ancien animateur de l\u2019\u00e9mission H.I.P H.O.P de TF1.<br \/>\nLe chapitre \u00ab\u00a0Popping\u00a0\u00bb par Pop\u2019n Taco, un des chor\u00e9graphes de Michael Jackson.<br \/>\nLe chapitre Break par Storm, r\u00e9f\u00e9rence mondiale du break-dance, gr\u00e2ce \u00e0 qui le style sera au Jeux Olympiques en 2024.<br \/>\nPour le chapitre \u00ab\u00a0Mime\u00a0\u00bb (art intrins\u00e8quement li\u00e9 \u00e0 la danse de rue), c\u2019est Michel COURTEMANCHE, mime comique et vedette des ann\u00e9es 1990-2000. Et ainsi que d\u2019autres personnalit\u00e9s pour les autres chapitres.<\/p>\n<p>Une aide, vulgarisant le jargon administratif, afin de faciliter l\u2019entr\u00e9e dans le monde professionnel est apport\u00e9e gr\u00e2ce \u00e0 4 chapitres (Casting, Cie Pro, la Sc\u00e8ne, Professionnalisation).<\/p>\n","protected":false},"excerpt":{"rendered":"<p>Auteur: Rashead Amenzou<br \/>\nEditeur: Amenzou Rachid (2019)<\/p>\n<p>Broch\u00e9: 296 pages<br \/>\nLangue: Fran\u00e7ais<br \/>\nISBN13: 978-2-957-01040-0<\/p>\n","protected":false},"featured_media":13989,"template":"","meta":[],"product_brand":[],"product_cat":[162,201],"product_tag":[],"class_list":{"0":"post-13990","1":"product","2":"type-product","3":"status-publish","4":"has-post-thumbnail","6":"product_cat-french-en","7":"product_cat-hip-hop-en","9":"first","10":"instock","11":"taxable","12":"shipping-taxable","13":"purchasable","14":"product-type-simple"},"yoast_head":"<!-- This site is optimized with the Yoast SEO plugin v27.5 - https:\/\/yoast.com\/product\/yoast-seo-wordpress\/ -->\n<title>ZOOM, l&#039;univers de la danse hip hop - Books on the Move<\/title>\n<meta name=\"robots\" content=\"index, follow, max-snippet:-1, max-image-preview:large, max-video-preview:-1\" \/>\n<link rel=\"canonical\" href=\"https:\/\/www.booksonthemove.fr\/en\/produit\/zoom-lunivers-de-la-danse-hip-hop\/\" \/>\n<meta property=\"og:locale\" content=\"en_US\" \/>\n<meta property=\"og:type\" content=\"article\" \/>\n<meta property=\"og:title\" content=\"ZOOM, l&#039;univers de la danse hip hop - Books on the Move\" \/>\n<meta property=\"og:description\" content=\"Auteur: Rashead Amenzou Editeur: Amenzou Rachid (2019)  Broch\u00e9: 296 pages Langue: Fran\u00e7ais ISBN13: 978-2-957-01040-0\" \/>\n<meta property=\"og:url\" content=\"https:\/\/www.booksonthemove.fr\/en\/produit\/zoom-lunivers-de-la-danse-hip-hop\/\" \/>\n<meta property=\"og:site_name\" content=\"Books on the Move\" \/>\n<meta property=\"article:publisher\" content=\"https:\/\/www.facebook.com\/Librairiebooksonthemove\/\" \/>\n<meta property=\"article:modified_time\" content=\"2026-05-05T09:46:14+00:00\" \/>\n<meta property=\"og:image\" content=\"https:\/\/www.booksonthemove.fr\/media\/bom_2043.jpg\" \/>\n\t<meta property=\"og:image:width\" content=\"357\" \/>\n\t<meta property=\"og:image:height\" content=\"499\" \/>\n\t<meta property=\"og:image:type\" content=\"image\/jpeg\" \/>\n<meta name=\"twitter:card\" content=\"summary_large_image\" \/>\n<script type=\"application\/ld+json\" class=\"yoast-schema-graph\">{\"@context\":\"https:\\\/\\\/schema.org\",\"@graph\":[{\"@type\":\"WebPage\",\"@id\":\"https:\\\/\\\/www.booksonthemove.fr\\\/en\\\/produit\\\/zoom-lunivers-de-la-danse-hip-hop\\\/\",\"url\":\"https:\\\/\\\/www.booksonthemove.fr\\\/en\\\/produit\\\/zoom-lunivers-de-la-danse-hip-hop\\\/\",\"name\":\"ZOOM, l'univers de la danse hip hop - Books on the Move\",\"isPartOf\":{\"@id\":\"https:\\\/\\\/www.booksonthemove.fr\\\/#website\"},\"primaryImageOfPage\":{\"@id\":\"https:\\\/\\\/www.booksonthemove.fr\\\/en\\\/produit\\\/zoom-lunivers-de-la-danse-hip-hop\\\/#primaryimage\"},\"image\":{\"@id\":\"https:\\\/\\\/www.booksonthemove.fr\\\/en\\\/produit\\\/zoom-lunivers-de-la-danse-hip-hop\\\/#primaryimage\"},\"thumbnailUrl\":\"https:\\\/\\\/www.booksonthemove.fr\\\/media\\\/bom_2043.jpg\",\"datePublished\":\"2020-03-28T14:22:38+00:00\",\"dateModified\":\"2026-05-05T09:46:14+00:00\",\"breadcrumb\":{\"@id\":\"https:\\\/\\\/www.booksonthemove.fr\\\/en\\\/produit\\\/zoom-lunivers-de-la-danse-hip-hop\\\/#breadcrumb\"},\"inLanguage\":\"en-US\",\"potentialAction\":[{\"@type\":\"ReadAction\",\"target\":[\"https:\\\/\\\/www.booksonthemove.fr\\\/en\\\/produit\\\/zoom-lunivers-de-la-danse-hip-hop\\\/\"]}]},{\"@type\":\"ImageObject\",\"inLanguage\":\"en-US\",\"@id\":\"https:\\\/\\\/www.booksonthemove.fr\\\/en\\\/produit\\\/zoom-lunivers-de-la-danse-hip-hop\\\/#primaryimage\",\"url\":\"https:\\\/\\\/www.booksonthemove.fr\\\/media\\\/bom_2043.jpg\",\"contentUrl\":\"https:\\\/\\\/www.booksonthemove.fr\\\/media\\\/bom_2043.jpg\",\"width\":357,\"height\":499},{\"@type\":\"BreadcrumbList\",\"@id\":\"https:\\\/\\\/www.booksonthemove.fr\\\/en\\\/produit\\\/zoom-lunivers-de-la-danse-hip-hop\\\/#breadcrumb\",\"itemListElement\":[{\"@type\":\"ListItem\",\"position\":1,\"name\":\"Accueil\",\"item\":\"https:\\\/\\\/www.booksonthemove.fr\\\/en\\\/\"},{\"@type\":\"ListItem\",\"position\":2,\"name\":\"online store\",\"item\":\"https:\\\/\\\/www.booksonthemove.fr\\\/en\\\/online-shop\\\/\"},{\"@type\":\"ListItem\",\"position\":3,\"name\":\"ZOOM, l&rsquo;univers de la danse hip hop\"}]},{\"@type\":\"WebSite\",\"@id\":\"https:\\\/\\\/www.booksonthemove.fr\\\/#website\",\"url\":\"https:\\\/\\\/www.booksonthemove.fr\\\/\",\"name\":\"Books on the Move\",\"description\":\"librairie nomade - danse - mouvement - performance\",\"publisher\":{\"@id\":\"https:\\\/\\\/www.booksonthemove.fr\\\/#organization\"},\"potentialAction\":[{\"@type\":\"SearchAction\",\"target\":{\"@type\":\"EntryPoint\",\"urlTemplate\":\"https:\\\/\\\/www.booksonthemove.fr\\\/?s={search_term_string}\"},\"query-input\":{\"@type\":\"PropertyValueSpecification\",\"valueRequired\":true,\"valueName\":\"search_term_string\"}}],\"inLanguage\":\"en-US\"},{\"@type\":\"Organization\",\"@id\":\"https:\\\/\\\/www.booksonthemove.fr\\\/#organization\",\"name\":\"Books on the Move\",\"url\":\"https:\\\/\\\/www.booksonthemove.fr\\\/\",\"logo\":{\"@type\":\"ImageObject\",\"inLanguage\":\"en-US\",\"@id\":\"https:\\\/\\\/www.booksonthemove.fr\\\/#\\\/schema\\\/logo\\\/image\\\/\",\"url\":\"https:\\\/\\\/www.booksonthemove.fr\\\/media\\\/logo-NB-400.jpg\",\"contentUrl\":\"https:\\\/\\\/www.booksonthemove.fr\\\/media\\\/logo-NB-400.jpg\",\"width\":400,\"height\":143,\"caption\":\"Books on the Move\"},\"image\":{\"@id\":\"https:\\\/\\\/www.booksonthemove.fr\\\/#\\\/schema\\\/logo\\\/image\\\/\"},\"sameAs\":[\"https:\\\/\\\/www.facebook.com\\\/Librairiebooksonthemove\\\/\"]}]}<\/script>\n<!-- \/ Yoast SEO plugin. -->","yoast_head_json":{"title":"ZOOM, l'univers de la danse hip hop - Books on the Move","robots":{"index":"index","follow":"follow","max-snippet":"max-snippet:-1","max-image-preview":"max-image-preview:large","max-video-preview":"max-video-preview:-1"},"canonical":"https:\/\/www.booksonthemove.fr\/en\/produit\/zoom-lunivers-de-la-danse-hip-hop\/","og_locale":"en_US","og_type":"article","og_title":"ZOOM, l'univers de la danse hip hop - Books on the Move","og_description":"Auteur: Rashead Amenzou Editeur: Amenzou Rachid (2019)  Broch\u00e9: 296 pages Langue: Fran\u00e7ais ISBN13: 978-2-957-01040-0","og_url":"https:\/\/www.booksonthemove.fr\/en\/produit\/zoom-lunivers-de-la-danse-hip-hop\/","og_site_name":"Books on the Move","article_publisher":"https:\/\/www.facebook.com\/Librairiebooksonthemove\/","article_modified_time":"2026-05-05T09:46:14+00:00","og_image":[{"width":357,"height":499,"url":"https:\/\/www.booksonthemove.fr\/media\/bom_2043.jpg","type":"image\/jpeg"}],"twitter_card":"summary_large_image","schema":{"@context":"https:\/\/schema.org","@graph":[{"@type":"WebPage","@id":"https:\/\/www.booksonthemove.fr\/en\/produit\/zoom-lunivers-de-la-danse-hip-hop\/","url":"https:\/\/www.booksonthemove.fr\/en\/produit\/zoom-lunivers-de-la-danse-hip-hop\/","name":"ZOOM, l'univers de la danse hip hop - Books on the Move","isPartOf":{"@id":"https:\/\/www.booksonthemove.fr\/#website"},"primaryImageOfPage":{"@id":"https:\/\/www.booksonthemove.fr\/en\/produit\/zoom-lunivers-de-la-danse-hip-hop\/#primaryimage"},"image":{"@id":"https:\/\/www.booksonthemove.fr\/en\/produit\/zoom-lunivers-de-la-danse-hip-hop\/#primaryimage"},"thumbnailUrl":"https:\/\/www.booksonthemove.fr\/media\/bom_2043.jpg","datePublished":"2020-03-28T14:22:38+00:00","dateModified":"2026-05-05T09:46:14+00:00","breadcrumb":{"@id":"https:\/\/www.booksonthemove.fr\/en\/produit\/zoom-lunivers-de-la-danse-hip-hop\/#breadcrumb"},"inLanguage":"en-US","potentialAction":[{"@type":"ReadAction","target":["https:\/\/www.booksonthemove.fr\/en\/produit\/zoom-lunivers-de-la-danse-hip-hop\/"]}]},{"@type":"ImageObject","inLanguage":"en-US","@id":"https:\/\/www.booksonthemove.fr\/en\/produit\/zoom-lunivers-de-la-danse-hip-hop\/#primaryimage","url":"https:\/\/www.booksonthemove.fr\/media\/bom_2043.jpg","contentUrl":"https:\/\/www.booksonthemove.fr\/media\/bom_2043.jpg","width":357,"height":499},{"@type":"BreadcrumbList","@id":"https:\/\/www.booksonthemove.fr\/en\/produit\/zoom-lunivers-de-la-danse-hip-hop\/#breadcrumb","itemListElement":[{"@type":"ListItem","position":1,"name":"Accueil","item":"https:\/\/www.booksonthemove.fr\/en\/"},{"@type":"ListItem","position":2,"name":"online store","item":"https:\/\/www.booksonthemove.fr\/en\/online-shop\/"},{"@type":"ListItem","position":3,"name":"ZOOM, l&rsquo;univers de la danse hip hop"}]},{"@type":"WebSite","@id":"https:\/\/www.booksonthemove.fr\/#website","url":"https:\/\/www.booksonthemove.fr\/","name":"Books on the Move","description":"librairie nomade - danse - mouvement - performance","publisher":{"@id":"https:\/\/www.booksonthemove.fr\/#organization"},"potentialAction":[{"@type":"SearchAction","target":{"@type":"EntryPoint","urlTemplate":"https:\/\/www.booksonthemove.fr\/?s={search_term_string}"},"query-input":{"@type":"PropertyValueSpecification","valueRequired":true,"valueName":"search_term_string"}}],"inLanguage":"en-US"},{"@type":"Organization","@id":"https:\/\/www.booksonthemove.fr\/#organization","name":"Books on the Move","url":"https:\/\/www.booksonthemove.fr\/","logo":{"@type":"ImageObject","inLanguage":"en-US","@id":"https:\/\/www.booksonthemove.fr\/#\/schema\/logo\/image\/","url":"https:\/\/www.booksonthemove.fr\/media\/logo-NB-400.jpg","contentUrl":"https:\/\/www.booksonthemove.fr\/media\/logo-NB-400.jpg","width":400,"height":143,"caption":"Books on the Move"},"image":{"@id":"https:\/\/www.booksonthemove.fr\/#\/schema\/logo\/image\/"},"sameAs":["https:\/\/www.facebook.com\/Librairiebooksonthemove\/"]}]}},"_links":{"self":[{"href":"https:\/\/www.booksonthemove.fr\/en\/wp-json\/wp\/v2\/product\/13990","targetHints":{"allow":["GET"]}}],"collection":[{"href":"https:\/\/www.booksonthemove.fr\/en\/wp-json\/wp\/v2\/product"}],"about":[{"href":"https:\/\/www.booksonthemove.fr\/en\/wp-json\/wp\/v2\/types\/product"}],"wp:featuredmedia":[{"embeddable":true,"href":"https:\/\/www.booksonthemove.fr\/en\/wp-json\/wp\/v2\/media\/13989"}],"wp:attachment":[{"href":"https:\/\/www.booksonthemove.fr\/en\/wp-json\/wp\/v2\/media?parent=13990"}],"wp:term":[{"taxonomy":"product_brand","embeddable":true,"href":"https:\/\/www.booksonthemove.fr\/en\/wp-json\/wp\/v2\/product_brand?post=13990"},{"taxonomy":"product_cat","embeddable":true,"href":"https:\/\/www.booksonthemove.fr\/en\/wp-json\/wp\/v2\/product_cat?post=13990"},{"taxonomy":"product_tag","embeddable":true,"href":"https:\/\/www.booksonthemove.fr\/en\/wp-json\/wp\/v2\/product_tag?post=13990"}],"curies":[{"name":"wp","href":"https:\/\/api.w.org\/{rel}","templated":true}]}}