{"id":14098,"date":"2020-03-30T20:26:12","date_gmt":"2020-03-30T18:26:12","guid":{"rendered":"https:\/\/www.booksonthemove.fr\/produit\/art-in-motion-art-en-mouvement-current-research-in-screendance-recherches-actuelles-en-cine-danse\/"},"modified":"2022-12-16T23:57:36","modified_gmt":"2022-12-16T22:57:36","slug":"art-in-motion-art-en-mouvement-current-research-in-screendance-recherches-actuelles-en-cine-danse","status":"publish","type":"product","link":"https:\/\/www.booksonthemove.fr\/en\/produit\/art-in-motion-art-en-mouvement-current-research-in-screendance-recherches-actuelles-en-cine-danse\/","title":{"rendered":"Art in Motion \/ Art en mouvement: Current Research in Screendance \/ recherches actuelles en cine-danse"},"content":{"rendered":"<p>Composed of papers originally presented during the International Screendance Conference at the Festival International de Vid\u00e9o Danse de Bourgogne, Art in Motion considers the choreography of moving images from a variety of angles, including somatic camera work, aesthetic and gestural analysis, and historical research that delves into cinema\u2019s earliest depictions of dance, as well as perspectives from contemporary screendance artists. The geographic diversity of the contributors, many of whom are translated in English for the first time in this volume, reflects the growing number of screendance scholars and artists around the world, providing valuable insights from France, the United Kingdom, Mexico, Brazil, Hungary, and the United States. Art in Motion adopts a broad definition of screendance that explores movement on-screen and with the camera in many forms, while citing parallels between other artistic movements and practices that raise important questions about the role of screendance in moving image and choreographic cultures today.<\/p>\n<p>Ce livre bilingue anglais\/fran\u00e7ais regroupe l&#8217;ensemble des conf\u00e9rences donn\u00e9es lors du premier colloque du Festival International de Vid\u00e9o Danse de Bourgogne. Il aborde cette discipline sous une multitude d&#8217;angles : analyses esth\u00e9tiques et historiques, la notion de cam\u00e9ra somatique, points de vue d&#8217;artistes cr\u00e9ateurs de vid\u00e9o-danses&#8230; Un panorama contemporain, n\u00e9 du travail d&#8217;un groupe de chercheurs internationaux, pour la premi\u00e8re fois disponible en fran\u00e7ais.<\/p>\n","protected":false},"excerpt":{"rendered":"<p><b>Authors: <\/b>Franck Boul\u00e8gue &amp; Marisa C. Hayes<br \/>\n<b>Publisher: <\/b>Cambridge Scholars Publishing\u00a0(2015)<\/p>\n<p><b>Paperback: <\/b>235\u00a0pages<br \/>\n<b>Language: <\/b>English\/French<br \/>\n<strong>ISBN13<\/strong>: 978-1-4438-7413-7<\/p>\n","protected":false},"featured_media":14097,"template":"","meta":[],"product_brand":[],"product_cat":[215,135,162,221],"product_tag":[],"class_list":{"0":"post-14098","1":"product","2":"type-product","3":"status-publish","4":"has-post-thumbnail","6":"product_cat-symposiums-conferences-en","7":"product_cat-english-en","8":"product_cat-french-en","9":"product_cat-video-multimedia-en","11":"first","12":"instock","13":"taxable","14":"shipping-taxable","15":"purchasable","16":"product-type-simple"},"yoast_head":"<!-- This site is optimized with the Yoast SEO plugin v27.5 - https:\/\/yoast.com\/product\/yoast-seo-wordpress\/ -->\n<title>Art in Motion \/ Art en mouvement: Current Research in Screendance \/ recherches actuelles en cine-danse - Books on the Move<\/title>\n<meta name=\"robots\" content=\"index, follow, max-snippet:-1, max-image-preview:large, max-video-preview:-1\" \/>\n<link rel=\"canonical\" href=\"https:\/\/www.booksonthemove.fr\/en\/produit\/art-in-motion-art-en-mouvement-current-research-in-screendance-recherches-actuelles-en-cine-danse\/\" \/>\n<meta property=\"og:locale\" content=\"en_US\" \/>\n<meta property=\"og:type\" content=\"article\" \/>\n<meta property=\"og:title\" content=\"Art in Motion \/ Art en mouvement: Current Research in Screendance \/ recherches actuelles en cine-danse - Books on the Move\" \/>\n<meta property=\"og:description\" content=\"Authors: Franck Boul\u00e8gue &amp; Marisa C. Hayes Publisher: Cambridge Scholars Publishing\u00a0(2015)  Paperback: 235\u00a0pages Language: English\/French ISBN13: 978-1-4438-7413-7\" \/>\n<meta property=\"og:url\" content=\"https:\/\/www.booksonthemove.fr\/en\/produit\/art-in-motion-art-en-mouvement-current-research-in-screendance-recherches-actuelles-en-cine-danse\/\" \/>\n<meta property=\"og:site_name\" content=\"Books on the Move\" \/>\n<meta property=\"article:publisher\" content=\"https:\/\/www.facebook.com\/Librairiebooksonthemove\/\" \/>\n<meta property=\"article:modified_time\" content=\"2022-12-16T22:57:36+00:00\" \/>\n<meta property=\"og:image\" content=\"https:\/\/www.booksonthemove.fr\/media\/bom_2047.jpg\" \/>\n\t<meta property=\"og:image:width\" content=\"357\" \/>\n\t<meta property=\"og:image:height\" content=\"500\" \/>\n\t<meta property=\"og:image:type\" content=\"image\/jpeg\" \/>\n<meta name=\"twitter:card\" content=\"summary_large_image\" \/>\n<script type=\"application\/ld+json\" class=\"yoast-schema-graph\">{\"@context\":\"https:\\\/\\\/schema.org\",\"@graph\":[{\"@type\":\"WebPage\",\"@id\":\"https:\\\/\\\/www.booksonthemove.fr\\\/en\\\/produit\\\/art-in-motion-art-en-mouvement-current-research-in-screendance-recherches-actuelles-en-cine-danse\\\/\",\"url\":\"https:\\\/\\\/www.booksonthemove.fr\\\/en\\\/produit\\\/art-in-motion-art-en-mouvement-current-research-in-screendance-recherches-actuelles-en-cine-danse\\\/\",\"name\":\"Art in Motion \\\/ Art en mouvement: Current Research in Screendance \\\/ recherches actuelles en cine-danse - Books on the Move\",\"isPartOf\":{\"@id\":\"https:\\\/\\\/www.booksonthemove.fr\\\/#website\"},\"primaryImageOfPage\":{\"@id\":\"https:\\\/\\\/www.booksonthemove.fr\\\/en\\\/produit\\\/art-in-motion-art-en-mouvement-current-research-in-screendance-recherches-actuelles-en-cine-danse\\\/#primaryimage\"},\"image\":{\"@id\":\"https:\\\/\\\/www.booksonthemove.fr\\\/en\\\/produit\\\/art-in-motion-art-en-mouvement-current-research-in-screendance-recherches-actuelles-en-cine-danse\\\/#primaryimage\"},\"thumbnailUrl\":\"https:\\\/\\\/www.booksonthemove.fr\\\/media\\\/bom_2047.jpg\",\"datePublished\":\"2020-03-30T18:26:12+00:00\",\"dateModified\":\"2022-12-16T22:57:36+00:00\",\"breadcrumb\":{\"@id\":\"https:\\\/\\\/www.booksonthemove.fr\\\/en\\\/produit\\\/art-in-motion-art-en-mouvement-current-research-in-screendance-recherches-actuelles-en-cine-danse\\\/#breadcrumb\"},\"inLanguage\":\"en-US\",\"potentialAction\":[{\"@type\":\"ReadAction\",\"target\":[\"https:\\\/\\\/www.booksonthemove.fr\\\/en\\\/produit\\\/art-in-motion-art-en-mouvement-current-research-in-screendance-recherches-actuelles-en-cine-danse\\\/\"]}]},{\"@type\":\"ImageObject\",\"inLanguage\":\"en-US\",\"@id\":\"https:\\\/\\\/www.booksonthemove.fr\\\/en\\\/produit\\\/art-in-motion-art-en-mouvement-current-research-in-screendance-recherches-actuelles-en-cine-danse\\\/#primaryimage\",\"url\":\"https:\\\/\\\/www.booksonthemove.fr\\\/media\\\/bom_2047.jpg\",\"contentUrl\":\"https:\\\/\\\/www.booksonthemove.fr\\\/media\\\/bom_2047.jpg\",\"width\":357,\"height\":500},{\"@type\":\"BreadcrumbList\",\"@id\":\"https:\\\/\\\/www.booksonthemove.fr\\\/en\\\/produit\\\/art-in-motion-art-en-mouvement-current-research-in-screendance-recherches-actuelles-en-cine-danse\\\/#breadcrumb\",\"itemListElement\":[{\"@type\":\"ListItem\",\"position\":1,\"name\":\"Accueil\",\"item\":\"https:\\\/\\\/www.booksonthemove.fr\\\/en\\\/\"},{\"@type\":\"ListItem\",\"position\":2,\"name\":\"online store\",\"item\":\"https:\\\/\\\/www.booksonthemove.fr\\\/en\\\/online-shop\\\/\"},{\"@type\":\"ListItem\",\"position\":3,\"name\":\"Art in Motion \\\/ Art en mouvement: Current Research in Screendance \\\/ recherches actuelles en cine-danse\"}]},{\"@type\":\"WebSite\",\"@id\":\"https:\\\/\\\/www.booksonthemove.fr\\\/#website\",\"url\":\"https:\\\/\\\/www.booksonthemove.fr\\\/\",\"name\":\"Books on the Move\",\"description\":\"librairie nomade - danse - mouvement - performance\",\"publisher\":{\"@id\":\"https:\\\/\\\/www.booksonthemove.fr\\\/#organization\"},\"potentialAction\":[{\"@type\":\"SearchAction\",\"target\":{\"@type\":\"EntryPoint\",\"urlTemplate\":\"https:\\\/\\\/www.booksonthemove.fr\\\/?s={search_term_string}\"},\"query-input\":{\"@type\":\"PropertyValueSpecification\",\"valueRequired\":true,\"valueName\":\"search_term_string\"}}],\"inLanguage\":\"en-US\"},{\"@type\":\"Organization\",\"@id\":\"https:\\\/\\\/www.booksonthemove.fr\\\/#organization\",\"name\":\"Books on the Move\",\"url\":\"https:\\\/\\\/www.booksonthemove.fr\\\/\",\"logo\":{\"@type\":\"ImageObject\",\"inLanguage\":\"en-US\",\"@id\":\"https:\\\/\\\/www.booksonthemove.fr\\\/#\\\/schema\\\/logo\\\/image\\\/\",\"url\":\"https:\\\/\\\/www.booksonthemove.fr\\\/media\\\/logo-NB-400.jpg\",\"contentUrl\":\"https:\\\/\\\/www.booksonthemove.fr\\\/media\\\/logo-NB-400.jpg\",\"width\":400,\"height\":143,\"caption\":\"Books on the Move\"},\"image\":{\"@id\":\"https:\\\/\\\/www.booksonthemove.fr\\\/#\\\/schema\\\/logo\\\/image\\\/\"},\"sameAs\":[\"https:\\\/\\\/www.facebook.com\\\/Librairiebooksonthemove\\\/\"]}]}<\/script>\n<!-- \/ Yoast SEO plugin. -->","yoast_head_json":{"title":"Art in Motion \/ Art en mouvement: Current Research in Screendance \/ recherches actuelles en cine-danse - Books on the Move","robots":{"index":"index","follow":"follow","max-snippet":"max-snippet:-1","max-image-preview":"max-image-preview:large","max-video-preview":"max-video-preview:-1"},"canonical":"https:\/\/www.booksonthemove.fr\/en\/produit\/art-in-motion-art-en-mouvement-current-research-in-screendance-recherches-actuelles-en-cine-danse\/","og_locale":"en_US","og_type":"article","og_title":"Art in Motion \/ Art en mouvement: Current Research in Screendance \/ recherches actuelles en cine-danse - Books on the Move","og_description":"Authors: Franck Boul\u00e8gue &amp; Marisa C. Hayes Publisher: Cambridge Scholars Publishing\u00a0(2015)  Paperback: 235\u00a0pages Language: English\/French ISBN13: 978-1-4438-7413-7","og_url":"https:\/\/www.booksonthemove.fr\/en\/produit\/art-in-motion-art-en-mouvement-current-research-in-screendance-recherches-actuelles-en-cine-danse\/","og_site_name":"Books on the Move","article_publisher":"https:\/\/www.facebook.com\/Librairiebooksonthemove\/","article_modified_time":"2022-12-16T22:57:36+00:00","og_image":[{"width":357,"height":500,"url":"https:\/\/www.booksonthemove.fr\/media\/bom_2047.jpg","type":"image\/jpeg"}],"twitter_card":"summary_large_image","schema":{"@context":"https:\/\/schema.org","@graph":[{"@type":"WebPage","@id":"https:\/\/www.booksonthemove.fr\/en\/produit\/art-in-motion-art-en-mouvement-current-research-in-screendance-recherches-actuelles-en-cine-danse\/","url":"https:\/\/www.booksonthemove.fr\/en\/produit\/art-in-motion-art-en-mouvement-current-research-in-screendance-recherches-actuelles-en-cine-danse\/","name":"Art in Motion \/ Art en mouvement: Current Research in Screendance \/ recherches actuelles en cine-danse - Books on the Move","isPartOf":{"@id":"https:\/\/www.booksonthemove.fr\/#website"},"primaryImageOfPage":{"@id":"https:\/\/www.booksonthemove.fr\/en\/produit\/art-in-motion-art-en-mouvement-current-research-in-screendance-recherches-actuelles-en-cine-danse\/#primaryimage"},"image":{"@id":"https:\/\/www.booksonthemove.fr\/en\/produit\/art-in-motion-art-en-mouvement-current-research-in-screendance-recherches-actuelles-en-cine-danse\/#primaryimage"},"thumbnailUrl":"https:\/\/www.booksonthemove.fr\/media\/bom_2047.jpg","datePublished":"2020-03-30T18:26:12+00:00","dateModified":"2022-12-16T22:57:36+00:00","breadcrumb":{"@id":"https:\/\/www.booksonthemove.fr\/en\/produit\/art-in-motion-art-en-mouvement-current-research-in-screendance-recherches-actuelles-en-cine-danse\/#breadcrumb"},"inLanguage":"en-US","potentialAction":[{"@type":"ReadAction","target":["https:\/\/www.booksonthemove.fr\/en\/produit\/art-in-motion-art-en-mouvement-current-research-in-screendance-recherches-actuelles-en-cine-danse\/"]}]},{"@type":"ImageObject","inLanguage":"en-US","@id":"https:\/\/www.booksonthemove.fr\/en\/produit\/art-in-motion-art-en-mouvement-current-research-in-screendance-recherches-actuelles-en-cine-danse\/#primaryimage","url":"https:\/\/www.booksonthemove.fr\/media\/bom_2047.jpg","contentUrl":"https:\/\/www.booksonthemove.fr\/media\/bom_2047.jpg","width":357,"height":500},{"@type":"BreadcrumbList","@id":"https:\/\/www.booksonthemove.fr\/en\/produit\/art-in-motion-art-en-mouvement-current-research-in-screendance-recherches-actuelles-en-cine-danse\/#breadcrumb","itemListElement":[{"@type":"ListItem","position":1,"name":"Accueil","item":"https:\/\/www.booksonthemove.fr\/en\/"},{"@type":"ListItem","position":2,"name":"online store","item":"https:\/\/www.booksonthemove.fr\/en\/online-shop\/"},{"@type":"ListItem","position":3,"name":"Art in Motion \/ Art en mouvement: Current Research in Screendance \/ recherches actuelles en cine-danse"}]},{"@type":"WebSite","@id":"https:\/\/www.booksonthemove.fr\/#website","url":"https:\/\/www.booksonthemove.fr\/","name":"Books on the Move","description":"librairie nomade - danse - mouvement - performance","publisher":{"@id":"https:\/\/www.booksonthemove.fr\/#organization"},"potentialAction":[{"@type":"SearchAction","target":{"@type":"EntryPoint","urlTemplate":"https:\/\/www.booksonthemove.fr\/?s={search_term_string}"},"query-input":{"@type":"PropertyValueSpecification","valueRequired":true,"valueName":"search_term_string"}}],"inLanguage":"en-US"},{"@type":"Organization","@id":"https:\/\/www.booksonthemove.fr\/#organization","name":"Books on the Move","url":"https:\/\/www.booksonthemove.fr\/","logo":{"@type":"ImageObject","inLanguage":"en-US","@id":"https:\/\/www.booksonthemove.fr\/#\/schema\/logo\/image\/","url":"https:\/\/www.booksonthemove.fr\/media\/logo-NB-400.jpg","contentUrl":"https:\/\/www.booksonthemove.fr\/media\/logo-NB-400.jpg","width":400,"height":143,"caption":"Books on the Move"},"image":{"@id":"https:\/\/www.booksonthemove.fr\/#\/schema\/logo\/image\/"},"sameAs":["https:\/\/www.facebook.com\/Librairiebooksonthemove\/"]}]}},"_links":{"self":[{"href":"https:\/\/www.booksonthemove.fr\/en\/wp-json\/wp\/v2\/product\/14098","targetHints":{"allow":["GET"]}}],"collection":[{"href":"https:\/\/www.booksonthemove.fr\/en\/wp-json\/wp\/v2\/product"}],"about":[{"href":"https:\/\/www.booksonthemove.fr\/en\/wp-json\/wp\/v2\/types\/product"}],"wp:featuredmedia":[{"embeddable":true,"href":"https:\/\/www.booksonthemove.fr\/en\/wp-json\/wp\/v2\/media\/14097"}],"wp:attachment":[{"href":"https:\/\/www.booksonthemove.fr\/en\/wp-json\/wp\/v2\/media?parent=14098"}],"wp:term":[{"taxonomy":"product_brand","embeddable":true,"href":"https:\/\/www.booksonthemove.fr\/en\/wp-json\/wp\/v2\/product_brand?post=14098"},{"taxonomy":"product_cat","embeddable":true,"href":"https:\/\/www.booksonthemove.fr\/en\/wp-json\/wp\/v2\/product_cat?post=14098"},{"taxonomy":"product_tag","embeddable":true,"href":"https:\/\/www.booksonthemove.fr\/en\/wp-json\/wp\/v2\/product_tag?post=14098"}],"curies":[{"name":"wp","href":"https:\/\/api.w.org\/{rel}","templated":true}]}}