{"id":14350,"date":"2020-04-02T22:14:51","date_gmt":"2020-04-02T20:14:51","guid":{"rendered":"https:\/\/www.booksonthemove.fr\/produit\/ecstasy-in-art-music-and-dance\/"},"modified":"2023-07-09T15:59:00","modified_gmt":"2023-07-09T13:59:00","slug":"ecstasy-in-art-music-and-dance","status":"publish","type":"product","link":"https:\/\/www.booksonthemove.fr\/en\/produit\/ecstasy-in-art-music-and-dance\/","title":{"rendered":"Ecstasy In Art, Music and Dance &#8211; Ekstase In Kunst, Musik und Tanz"},"content":{"rendered":"<p class=\"bodytext\">This book traces the phenomenon of ecstasy in art and cultural history.<\/p>\n<p class=\"bodytext\">Accompanying an exhibition at the Kunstmuseum Stuttgart and Zentrum Paul Klee, this book illuminates the various spiritual, political, psychological, social, sexual, and aesthetic implications of euphoric and intoxicated states between asceticism and excess. Artworks from antiquity to the present time show the various facets of mind-altering states while taking different cultural regions into consideration. Each of the ten chapters focuses on a different aspect of the ecstatic state and the shifting social significance of ecstasy over the centuries, exploring how different cultures address and express ecstasy.<\/p>\n<p class=\"bodytext\">Encompassing everything from classical sculpture and religious painting to 21st-century photography and collage, this book features splendid reproductions of works by artists such as Marina Abramovi\u0107, Gian Lorenzo Bernini, Louise Bourgeois, G\u00fcnter Brus, Lovis Corinth, Rineke Dijkstra, Marlene Dumas, Ayrson Her\u00e1clito, Carsten H\u00f6ller, Ernst Ludwig Kirchner, Pablo Picasso, Aura Rosenberg, Andy Warhol, and Francisco de Zurbar\u00e1n.<\/p>\n<p>Ekstase ist eines der \u00e4ltesten und zugleich erstaunlichsten kulturellen Ph\u00e4nomene. Urspr\u00fcnglich im rituell-religi\u00f6sen Kontext gepr\u00e4gt, ist sie seit der Antike ein fester Bestandteil westlicher Gesellschaftstheorien. W\u00e4hrend der Zustand des \u201eAu\u00dfer-sich-Seins\u201c gerade in indigenen Kulturr\u00e4umen vornehmlich positiv konnotiert ist, bedeutet er anderswo h\u00e4ufig Kontrollverlust. Dionysischer Kult, religi\u00f6se Verz\u00fcckung, brasilianischer Candombl\u00e9 oder drogeninduzierte Ekstase: diese verschiedenen Facetten werden durch Werke internationaler K\u00fcnstlerinnen und K\u00fcnstler wie Marina Abramovi\u0107, Gian Lorenzo Bernini, Louise Bourgeois, Lovis Corinth, Rineke Dijkstra, Ayrson Her\u00e1clito, Andy Warhol, La Monte Young und Francisco de Zurbar\u00e1n veranschaulicht.<\/p>\n","protected":false},"excerpt":{"rendered":"<p>Authors: Ulrike Groos, Anne Vieth, Markus M\u00fcller, Martin Waldmeier<br \/>\nPublishers: Kunstmuseum, Stuttgart &amp; Prestel (2018)<\/p>\n<p>Hardcover: 288 pages<br \/>\nLanguage: English\/German<br \/>\nISBN13: 978-3-791-35822-2<\/p>\n","protected":false},"featured_media":14353,"template":"","meta":[],"product_brand":[],"product_cat":[167,135,225],"product_tag":[],"class_list":{"0":"post-14350","1":"product","2":"type-product","3":"status-publish","4":"has-post-thumbnail","6":"product_cat-german-en","7":"product_cat-english-en","8":"product_cat-exhibitions-catalogues-en","10":"first","11":"outofstock","12":"taxable","13":"shipping-taxable","14":"purchasable","15":"product-type-simple"},"yoast_head":"<!-- This site is optimized with the Yoast SEO plugin v27.4 - https:\/\/yoast.com\/product\/yoast-seo-wordpress\/ -->\n<title>Ecstasy In Art, Music and Dance - Ekstase In Kunst, Musik und Tanz - Books on the Move<\/title>\n<meta name=\"robots\" content=\"index, follow, max-snippet:-1, max-image-preview:large, max-video-preview:-1\" \/>\n<link rel=\"canonical\" href=\"https:\/\/www.booksonthemove.fr\/produit\/ecstasy-in-art-music-and-dance\/\" \/>\n<meta property=\"og:locale\" content=\"en_US\" \/>\n<meta property=\"og:type\" content=\"article\" \/>\n<meta property=\"og:title\" content=\"Ecstasy In Art, Music and Dance - Ekstase In Kunst, Musik und Tanz - Books on the Move\" \/>\n<meta property=\"og:description\" content=\"Authors: Ulrike Groos, Anne Vieth, Markus M\u00fcller, Martin Waldmeier Publishers: Kunstmuseum, Stuttgart &amp; Prestel (2018)  Hardcover: 288 pages Language: English\/German ISBN13: 978-3-791-35822-2\" \/>\n<meta property=\"og:url\" content=\"https:\/\/www.booksonthemove.fr\/produit\/ecstasy-in-art-music-and-dance\/\" \/>\n<meta property=\"og:site_name\" content=\"Books on the Move\" \/>\n<meta property=\"article:publisher\" content=\"https:\/\/www.facebook.com\/Librairiebooksonthemove\/\" \/>\n<meta property=\"article:modified_time\" content=\"2023-07-09T13:59:00+00:00\" \/>\n<meta property=\"og:image\" content=\"https:\/\/www.booksonthemove.fr\/media\/bom_1967-1.jpg\" \/>\n\t<meta property=\"og:image:width\" content=\"900\" \/>\n\t<meta property=\"og:image:height\" content=\"1135\" \/>\n\t<meta property=\"og:image:type\" content=\"image\/jpeg\" \/>\n<meta name=\"twitter:card\" content=\"summary_large_image\" \/>\n<script type=\"application\/ld+json\" class=\"yoast-schema-graph\">{\"@context\":\"https:\\\/\\\/schema.org\",\"@graph\":[{\"@type\":\"WebPage\",\"@id\":\"https:\\\/\\\/www.booksonthemove.fr\\\/produit\\\/ecstasy-in-art-music-and-dance\\\/\",\"url\":\"https:\\\/\\\/www.booksonthemove.fr\\\/produit\\\/ecstasy-in-art-music-and-dance\\\/\",\"name\":\"Ecstasy In Art, Music and Dance - Ekstase In Kunst, Musik und Tanz - Books on the Move\",\"isPartOf\":{\"@id\":\"https:\\\/\\\/www.booksonthemove.fr\\\/#website\"},\"primaryImageOfPage\":{\"@id\":\"https:\\\/\\\/www.booksonthemove.fr\\\/produit\\\/ecstasy-in-art-music-and-dance\\\/#primaryimage\"},\"image\":{\"@id\":\"https:\\\/\\\/www.booksonthemove.fr\\\/produit\\\/ecstasy-in-art-music-and-dance\\\/#primaryimage\"},\"thumbnailUrl\":\"https:\\\/\\\/www.booksonthemove.fr\\\/media\\\/bom_1967-1.jpg\",\"datePublished\":\"2020-04-02T20:14:51+00:00\",\"dateModified\":\"2023-07-09T13:59:00+00:00\",\"breadcrumb\":{\"@id\":\"https:\\\/\\\/www.booksonthemove.fr\\\/produit\\\/ecstasy-in-art-music-and-dance\\\/#breadcrumb\"},\"inLanguage\":\"en-US\",\"potentialAction\":[{\"@type\":\"ReadAction\",\"target\":[\"https:\\\/\\\/www.booksonthemove.fr\\\/produit\\\/ecstasy-in-art-music-and-dance\\\/\"]}]},{\"@type\":\"ImageObject\",\"inLanguage\":\"en-US\",\"@id\":\"https:\\\/\\\/www.booksonthemove.fr\\\/produit\\\/ecstasy-in-art-music-and-dance\\\/#primaryimage\",\"url\":\"https:\\\/\\\/www.booksonthemove.fr\\\/media\\\/bom_1967-1.jpg\",\"contentUrl\":\"https:\\\/\\\/www.booksonthemove.fr\\\/media\\\/bom_1967-1.jpg\",\"width\":900,\"height\":1135},{\"@type\":\"BreadcrumbList\",\"@id\":\"https:\\\/\\\/www.booksonthemove.fr\\\/produit\\\/ecstasy-in-art-music-and-dance\\\/#breadcrumb\",\"itemListElement\":[{\"@type\":\"ListItem\",\"position\":1,\"name\":\"Accueil\",\"item\":\"https:\\\/\\\/www.booksonthemove.fr\\\/en\\\/\"},{\"@type\":\"ListItem\",\"position\":2,\"name\":\"online store\",\"item\":\"https:\\\/\\\/www.booksonthemove.fr\\\/en\\\/online-shop\\\/\"},{\"@type\":\"ListItem\",\"position\":3,\"name\":\"Ecstasy In Art, Music and Dance &#8211; Ekstase In Kunst, Musik und Tanz\"}]},{\"@type\":\"WebSite\",\"@id\":\"https:\\\/\\\/www.booksonthemove.fr\\\/#website\",\"url\":\"https:\\\/\\\/www.booksonthemove.fr\\\/\",\"name\":\"Books on the Move\",\"description\":\"librairie nomade - danse - mouvement - performance\",\"publisher\":{\"@id\":\"https:\\\/\\\/www.booksonthemove.fr\\\/#organization\"},\"potentialAction\":[{\"@type\":\"SearchAction\",\"target\":{\"@type\":\"EntryPoint\",\"urlTemplate\":\"https:\\\/\\\/www.booksonthemove.fr\\\/?s={search_term_string}\"},\"query-input\":{\"@type\":\"PropertyValueSpecification\",\"valueRequired\":true,\"valueName\":\"search_term_string\"}}],\"inLanguage\":\"en-US\"},{\"@type\":\"Organization\",\"@id\":\"https:\\\/\\\/www.booksonthemove.fr\\\/#organization\",\"name\":\"Books on the Move\",\"url\":\"https:\\\/\\\/www.booksonthemove.fr\\\/\",\"logo\":{\"@type\":\"ImageObject\",\"inLanguage\":\"en-US\",\"@id\":\"https:\\\/\\\/www.booksonthemove.fr\\\/#\\\/schema\\\/logo\\\/image\\\/\",\"url\":\"https:\\\/\\\/www.booksonthemove.fr\\\/media\\\/logo-NB-400.jpg\",\"contentUrl\":\"https:\\\/\\\/www.booksonthemove.fr\\\/media\\\/logo-NB-400.jpg\",\"width\":400,\"height\":143,\"caption\":\"Books on the Move\"},\"image\":{\"@id\":\"https:\\\/\\\/www.booksonthemove.fr\\\/#\\\/schema\\\/logo\\\/image\\\/\"},\"sameAs\":[\"https:\\\/\\\/www.facebook.com\\\/Librairiebooksonthemove\\\/\"]}]}<\/script>\n<!-- \/ Yoast SEO plugin. -->","yoast_head_json":{"title":"Ecstasy In Art, Music and Dance - Ekstase In Kunst, Musik und Tanz - Books on the Move","robots":{"index":"index","follow":"follow","max-snippet":"max-snippet:-1","max-image-preview":"max-image-preview:large","max-video-preview":"max-video-preview:-1"},"canonical":"https:\/\/www.booksonthemove.fr\/produit\/ecstasy-in-art-music-and-dance\/","og_locale":"en_US","og_type":"article","og_title":"Ecstasy In Art, Music and Dance - Ekstase In Kunst, Musik und Tanz - Books on the Move","og_description":"Authors: Ulrike Groos, Anne Vieth, Markus M\u00fcller, Martin Waldmeier Publishers: Kunstmuseum, Stuttgart &amp; Prestel (2018)  Hardcover: 288 pages Language: English\/German ISBN13: 978-3-791-35822-2","og_url":"https:\/\/www.booksonthemove.fr\/produit\/ecstasy-in-art-music-and-dance\/","og_site_name":"Books on the Move","article_publisher":"https:\/\/www.facebook.com\/Librairiebooksonthemove\/","article_modified_time":"2023-07-09T13:59:00+00:00","og_image":[{"width":900,"height":1135,"url":"https:\/\/www.booksonthemove.fr\/media\/bom_1967-1.jpg","type":"image\/jpeg"}],"twitter_card":"summary_large_image","schema":{"@context":"https:\/\/schema.org","@graph":[{"@type":"WebPage","@id":"https:\/\/www.booksonthemove.fr\/produit\/ecstasy-in-art-music-and-dance\/","url":"https:\/\/www.booksonthemove.fr\/produit\/ecstasy-in-art-music-and-dance\/","name":"Ecstasy In Art, Music and Dance - Ekstase In Kunst, Musik und Tanz - Books on the Move","isPartOf":{"@id":"https:\/\/www.booksonthemove.fr\/#website"},"primaryImageOfPage":{"@id":"https:\/\/www.booksonthemove.fr\/produit\/ecstasy-in-art-music-and-dance\/#primaryimage"},"image":{"@id":"https:\/\/www.booksonthemove.fr\/produit\/ecstasy-in-art-music-and-dance\/#primaryimage"},"thumbnailUrl":"https:\/\/www.booksonthemove.fr\/media\/bom_1967-1.jpg","datePublished":"2020-04-02T20:14:51+00:00","dateModified":"2023-07-09T13:59:00+00:00","breadcrumb":{"@id":"https:\/\/www.booksonthemove.fr\/produit\/ecstasy-in-art-music-and-dance\/#breadcrumb"},"inLanguage":"en-US","potentialAction":[{"@type":"ReadAction","target":["https:\/\/www.booksonthemove.fr\/produit\/ecstasy-in-art-music-and-dance\/"]}]},{"@type":"ImageObject","inLanguage":"en-US","@id":"https:\/\/www.booksonthemove.fr\/produit\/ecstasy-in-art-music-and-dance\/#primaryimage","url":"https:\/\/www.booksonthemove.fr\/media\/bom_1967-1.jpg","contentUrl":"https:\/\/www.booksonthemove.fr\/media\/bom_1967-1.jpg","width":900,"height":1135},{"@type":"BreadcrumbList","@id":"https:\/\/www.booksonthemove.fr\/produit\/ecstasy-in-art-music-and-dance\/#breadcrumb","itemListElement":[{"@type":"ListItem","position":1,"name":"Accueil","item":"https:\/\/www.booksonthemove.fr\/en\/"},{"@type":"ListItem","position":2,"name":"online store","item":"https:\/\/www.booksonthemove.fr\/en\/online-shop\/"},{"@type":"ListItem","position":3,"name":"Ecstasy In Art, Music and Dance &#8211; Ekstase In Kunst, Musik und Tanz"}]},{"@type":"WebSite","@id":"https:\/\/www.booksonthemove.fr\/#website","url":"https:\/\/www.booksonthemove.fr\/","name":"Books on the Move","description":"librairie nomade - danse - mouvement - performance","publisher":{"@id":"https:\/\/www.booksonthemove.fr\/#organization"},"potentialAction":[{"@type":"SearchAction","target":{"@type":"EntryPoint","urlTemplate":"https:\/\/www.booksonthemove.fr\/?s={search_term_string}"},"query-input":{"@type":"PropertyValueSpecification","valueRequired":true,"valueName":"search_term_string"}}],"inLanguage":"en-US"},{"@type":"Organization","@id":"https:\/\/www.booksonthemove.fr\/#organization","name":"Books on the Move","url":"https:\/\/www.booksonthemove.fr\/","logo":{"@type":"ImageObject","inLanguage":"en-US","@id":"https:\/\/www.booksonthemove.fr\/#\/schema\/logo\/image\/","url":"https:\/\/www.booksonthemove.fr\/media\/logo-NB-400.jpg","contentUrl":"https:\/\/www.booksonthemove.fr\/media\/logo-NB-400.jpg","width":400,"height":143,"caption":"Books on the Move"},"image":{"@id":"https:\/\/www.booksonthemove.fr\/#\/schema\/logo\/image\/"},"sameAs":["https:\/\/www.facebook.com\/Librairiebooksonthemove\/"]}]}},"_links":{"self":[{"href":"https:\/\/www.booksonthemove.fr\/en\/wp-json\/wp\/v2\/product\/14350","targetHints":{"allow":["GET"]}}],"collection":[{"href":"https:\/\/www.booksonthemove.fr\/en\/wp-json\/wp\/v2\/product"}],"about":[{"href":"https:\/\/www.booksonthemove.fr\/en\/wp-json\/wp\/v2\/types\/product"}],"wp:featuredmedia":[{"embeddable":true,"href":"https:\/\/www.booksonthemove.fr\/en\/wp-json\/wp\/v2\/media\/14353"}],"wp:attachment":[{"href":"https:\/\/www.booksonthemove.fr\/en\/wp-json\/wp\/v2\/media?parent=14350"}],"wp:term":[{"taxonomy":"product_brand","embeddable":true,"href":"https:\/\/www.booksonthemove.fr\/en\/wp-json\/wp\/v2\/product_brand?post=14350"},{"taxonomy":"product_cat","embeddable":true,"href":"https:\/\/www.booksonthemove.fr\/en\/wp-json\/wp\/v2\/product_cat?post=14350"},{"taxonomy":"product_tag","embeddable":true,"href":"https:\/\/www.booksonthemove.fr\/en\/wp-json\/wp\/v2\/product_tag?post=14350"}],"curies":[{"name":"wp","href":"https:\/\/api.w.org\/{rel}","templated":true}]}}