{"id":14556,"date":"2020-04-04T14:06:55","date_gmt":"2020-04-04T12:06:55","guid":{"rendered":"https:\/\/www.booksonthemove.fr\/produit\/is-the-living-body-the-last-thing-left-alive-the-new-performance-turn-its-histories-and-its-institutions\/"},"modified":"2022-08-21T12:32:37","modified_gmt":"2022-08-21T10:32:37","slug":"is-the-living-body-the-last-thing-left-alive-the-new-performance-turn-its-histories-and-its-institutions","status":"publish","type":"product","link":"https:\/\/www.booksonthemove.fr\/en\/produit\/is-the-living-body-the-last-thing-left-alive-the-new-performance-turn-its-histories-and-its-institutions\/","title":{"rendered":"Is the Living Body the Last Thing Left Alive? The New Performance Turn, Its Histories and Its Institutions"},"content":{"rendered":"<p>The choreographic turn in the visual arts from 1958 to 1965 can be identified by the sudden emergence of works created by very different visual artists in very different places\u2014artists such as Allan Kaprow, Robert Morris, Carolee Schneeman, and Robert Rauschenberg in the United States; Lygia Pape and H\u00e9lio Oiticica in Brazil; the Gutai group in Japan; and Yves Klein in France. Each explicitly or implicitly used dance or choreographic procedures to reinvent, reimagine, and reimage how the visual arts produced and conceived its images and objects\u2014and therefore conceived itself both as practice and as discourse. Dedicated to the renewed encounter between dance and performance and the institutions of global contemporary art, <i>Is the Living Body the Last Thing Left Alive?<\/i>proposes that a \u201cnew performance turn\u201d has emerged in the second decade of the century, and looks at its correlations with other shifts in practices, discourses, and broader society.<\/p>\n<p>The new performance turn is closely related to, on one hand, the increasing tendency to bring contemporary dance into the museum, with more artists working in and around dance, and more museums, art centers, and biennials striving to deepen their commitment to performance in order to develop new aesthetic forms and new modes of production; on the other hand, this \u201cturn\u201d is also related to specific developments in dance and choreography that took place in the mid-1990s. This publication tries to think about performance as more than a medium, beyond its liveness and ephemerality, and rather as a series of questions and reflections about how art mediates social relations among people.<\/p>\n<p><i>Is the Living Body the Last Thing Left Alive?<\/i> is expanded from the eponymous 2014 conference organized by Para Site.<\/p>\n<p>Contributions by Belkis Ay\u00f3n, Claire Bishop, Boris Buden, Amy Cheng, Bojana Cveji\u0107, Adrienne Edwards, Patrick D. Flores, Gauri Gill, Simryn Gill, Inti Guerrero, Tetsuya Ishida, Eisa Jocson, Firenze Lai, Andr\u00e9 Lepecki, Xavier Le Roy, Miguel A. L\u00f3pez, Carol Yinghua Lu, Rabih Mrou\u00e9, Ruth Noack, Fernanda Nogueira, Manuel Pelmu\u0219, Goran Sergej Prista\u0161, Nelly Richard, David Riff, Emily Roysdon, Simon Soon, M\u00e5rten Sp\u00e5ngberg, Catherine Wood, Yangjiang Group, Anthony Yung.<\/p>\n","protected":false},"excerpt":{"rendered":"<p>Authors: Cosmin Costinas, Ana Janevski<br \/>\nPublisher: Sternberg Press (2018)<\/p>\n<p>Hardcover: 240 pages<br \/>\nLanguage: English<br \/>\nISBN13: 978-3-95679-118-5<\/p>\n","protected":false},"featured_media":14555,"template":"","meta":[],"product_brand":[],"product_cat":[215,135,152],"product_tag":[],"class_list":{"0":"post-14556","1":"product","2":"type-product","3":"status-publish","4":"has-post-thumbnail","6":"product_cat-symposiums-conferences-en","7":"product_cat-english-en","8":"product_cat-performance-en","10":"first","11":"outofstock","12":"taxable","13":"shipping-taxable","14":"purchasable","15":"product-type-simple"},"yoast_head":"<!-- This site is optimized with the Yoast SEO plugin v27.5 - https:\/\/yoast.com\/product\/yoast-seo-wordpress\/ -->\n<title>Is the Living Body the Last Thing Left Alive? The New Performance Turn, Its Histories and Its Institutions - Books on the Move<\/title>\n<meta name=\"robots\" content=\"index, follow, max-snippet:-1, max-image-preview:large, max-video-preview:-1\" \/>\n<link rel=\"canonical\" href=\"https:\/\/www.booksonthemove.fr\/en\/produit\/is-the-living-body-the-last-thing-left-alive-the-new-performance-turn-its-histories-and-its-institutions\/\" \/>\n<meta property=\"og:locale\" content=\"en_US\" \/>\n<meta property=\"og:type\" content=\"article\" \/>\n<meta property=\"og:title\" content=\"Is the Living Body the Last Thing Left Alive? The New Performance Turn, Its Histories and Its Institutions - Books on the Move\" \/>\n<meta property=\"og:description\" content=\"Authors: Cosmin Costinas, Ana Janevski Publisher: Sternberg Press (2018)  Hardcover: 240 pages Language: English ISBN13: 978-3-95679-118-5\" \/>\n<meta property=\"og:url\" content=\"https:\/\/www.booksonthemove.fr\/en\/produit\/is-the-living-body-the-last-thing-left-alive-the-new-performance-turn-its-histories-and-its-institutions\/\" \/>\n<meta property=\"og:site_name\" content=\"Books on the Move\" \/>\n<meta property=\"article:publisher\" content=\"https:\/\/www.facebook.com\/Librairiebooksonthemove\/\" \/>\n<meta property=\"article:modified_time\" content=\"2022-08-21T10:32:37+00:00\" \/>\n<meta property=\"og:image\" content=\"https:\/\/www.booksonthemove.fr\/media\/bom_2074.jpg\" \/>\n\t<meta property=\"og:image:width\" content=\"600\" \/>\n\t<meta property=\"og:image:height\" content=\"754\" \/>\n\t<meta property=\"og:image:type\" content=\"image\/jpeg\" \/>\n<meta name=\"twitter:card\" content=\"summary_large_image\" \/>\n<script type=\"application\/ld+json\" class=\"yoast-schema-graph\">{\"@context\":\"https:\\\/\\\/schema.org\",\"@graph\":[{\"@type\":\"WebPage\",\"@id\":\"https:\\\/\\\/www.booksonthemove.fr\\\/en\\\/produit\\\/is-the-living-body-the-last-thing-left-alive-the-new-performance-turn-its-histories-and-its-institutions\\\/\",\"url\":\"https:\\\/\\\/www.booksonthemove.fr\\\/en\\\/produit\\\/is-the-living-body-the-last-thing-left-alive-the-new-performance-turn-its-histories-and-its-institutions\\\/\",\"name\":\"Is the Living Body the Last Thing Left Alive? The New Performance Turn, Its Histories and Its Institutions - Books on the Move\",\"isPartOf\":{\"@id\":\"https:\\\/\\\/www.booksonthemove.fr\\\/#website\"},\"primaryImageOfPage\":{\"@id\":\"https:\\\/\\\/www.booksonthemove.fr\\\/en\\\/produit\\\/is-the-living-body-the-last-thing-left-alive-the-new-performance-turn-its-histories-and-its-institutions\\\/#primaryimage\"},\"image\":{\"@id\":\"https:\\\/\\\/www.booksonthemove.fr\\\/en\\\/produit\\\/is-the-living-body-the-last-thing-left-alive-the-new-performance-turn-its-histories-and-its-institutions\\\/#primaryimage\"},\"thumbnailUrl\":\"https:\\\/\\\/www.booksonthemove.fr\\\/media\\\/bom_2074.jpg\",\"datePublished\":\"2020-04-04T12:06:55+00:00\",\"dateModified\":\"2022-08-21T10:32:37+00:00\",\"breadcrumb\":{\"@id\":\"https:\\\/\\\/www.booksonthemove.fr\\\/en\\\/produit\\\/is-the-living-body-the-last-thing-left-alive-the-new-performance-turn-its-histories-and-its-institutions\\\/#breadcrumb\"},\"inLanguage\":\"en-US\",\"potentialAction\":[{\"@type\":\"ReadAction\",\"target\":[\"https:\\\/\\\/www.booksonthemove.fr\\\/en\\\/produit\\\/is-the-living-body-the-last-thing-left-alive-the-new-performance-turn-its-histories-and-its-institutions\\\/\"]}]},{\"@type\":\"ImageObject\",\"inLanguage\":\"en-US\",\"@id\":\"https:\\\/\\\/www.booksonthemove.fr\\\/en\\\/produit\\\/is-the-living-body-the-last-thing-left-alive-the-new-performance-turn-its-histories-and-its-institutions\\\/#primaryimage\",\"url\":\"https:\\\/\\\/www.booksonthemove.fr\\\/media\\\/bom_2074.jpg\",\"contentUrl\":\"https:\\\/\\\/www.booksonthemove.fr\\\/media\\\/bom_2074.jpg\",\"width\":600,\"height\":754},{\"@type\":\"BreadcrumbList\",\"@id\":\"https:\\\/\\\/www.booksonthemove.fr\\\/en\\\/produit\\\/is-the-living-body-the-last-thing-left-alive-the-new-performance-turn-its-histories-and-its-institutions\\\/#breadcrumb\",\"itemListElement\":[{\"@type\":\"ListItem\",\"position\":1,\"name\":\"Accueil\",\"item\":\"https:\\\/\\\/www.booksonthemove.fr\\\/en\\\/\"},{\"@type\":\"ListItem\",\"position\":2,\"name\":\"online store\",\"item\":\"https:\\\/\\\/www.booksonthemove.fr\\\/en\\\/online-shop\\\/\"},{\"@type\":\"ListItem\",\"position\":3,\"name\":\"Is the Living Body the Last Thing Left Alive? The New Performance Turn, Its Histories and Its Institutions\"}]},{\"@type\":\"WebSite\",\"@id\":\"https:\\\/\\\/www.booksonthemove.fr\\\/#website\",\"url\":\"https:\\\/\\\/www.booksonthemove.fr\\\/\",\"name\":\"Books on the Move\",\"description\":\"librairie nomade - danse - mouvement - performance\",\"publisher\":{\"@id\":\"https:\\\/\\\/www.booksonthemove.fr\\\/#organization\"},\"potentialAction\":[{\"@type\":\"SearchAction\",\"target\":{\"@type\":\"EntryPoint\",\"urlTemplate\":\"https:\\\/\\\/www.booksonthemove.fr\\\/?s={search_term_string}\"},\"query-input\":{\"@type\":\"PropertyValueSpecification\",\"valueRequired\":true,\"valueName\":\"search_term_string\"}}],\"inLanguage\":\"en-US\"},{\"@type\":\"Organization\",\"@id\":\"https:\\\/\\\/www.booksonthemove.fr\\\/#organization\",\"name\":\"Books on the Move\",\"url\":\"https:\\\/\\\/www.booksonthemove.fr\\\/\",\"logo\":{\"@type\":\"ImageObject\",\"inLanguage\":\"en-US\",\"@id\":\"https:\\\/\\\/www.booksonthemove.fr\\\/#\\\/schema\\\/logo\\\/image\\\/\",\"url\":\"https:\\\/\\\/www.booksonthemove.fr\\\/media\\\/logo-NB-400.jpg\",\"contentUrl\":\"https:\\\/\\\/www.booksonthemove.fr\\\/media\\\/logo-NB-400.jpg\",\"width\":400,\"height\":143,\"caption\":\"Books on the Move\"},\"image\":{\"@id\":\"https:\\\/\\\/www.booksonthemove.fr\\\/#\\\/schema\\\/logo\\\/image\\\/\"},\"sameAs\":[\"https:\\\/\\\/www.facebook.com\\\/Librairiebooksonthemove\\\/\"]}]}<\/script>\n<!-- \/ Yoast SEO plugin. -->","yoast_head_json":{"title":"Is the Living Body the Last Thing Left Alive? The New Performance Turn, Its Histories and Its Institutions - Books on the Move","robots":{"index":"index","follow":"follow","max-snippet":"max-snippet:-1","max-image-preview":"max-image-preview:large","max-video-preview":"max-video-preview:-1"},"canonical":"https:\/\/www.booksonthemove.fr\/en\/produit\/is-the-living-body-the-last-thing-left-alive-the-new-performance-turn-its-histories-and-its-institutions\/","og_locale":"en_US","og_type":"article","og_title":"Is the Living Body the Last Thing Left Alive? The New Performance Turn, Its Histories and Its Institutions - Books on the Move","og_description":"Authors: Cosmin Costinas, Ana Janevski Publisher: Sternberg Press (2018)  Hardcover: 240 pages Language: English ISBN13: 978-3-95679-118-5","og_url":"https:\/\/www.booksonthemove.fr\/en\/produit\/is-the-living-body-the-last-thing-left-alive-the-new-performance-turn-its-histories-and-its-institutions\/","og_site_name":"Books on the Move","article_publisher":"https:\/\/www.facebook.com\/Librairiebooksonthemove\/","article_modified_time":"2022-08-21T10:32:37+00:00","og_image":[{"width":600,"height":754,"url":"https:\/\/www.booksonthemove.fr\/media\/bom_2074.jpg","type":"image\/jpeg"}],"twitter_card":"summary_large_image","schema":{"@context":"https:\/\/schema.org","@graph":[{"@type":"WebPage","@id":"https:\/\/www.booksonthemove.fr\/en\/produit\/is-the-living-body-the-last-thing-left-alive-the-new-performance-turn-its-histories-and-its-institutions\/","url":"https:\/\/www.booksonthemove.fr\/en\/produit\/is-the-living-body-the-last-thing-left-alive-the-new-performance-turn-its-histories-and-its-institutions\/","name":"Is the Living Body the Last Thing Left Alive? The New Performance Turn, Its Histories and Its Institutions - Books on the Move","isPartOf":{"@id":"https:\/\/www.booksonthemove.fr\/#website"},"primaryImageOfPage":{"@id":"https:\/\/www.booksonthemove.fr\/en\/produit\/is-the-living-body-the-last-thing-left-alive-the-new-performance-turn-its-histories-and-its-institutions\/#primaryimage"},"image":{"@id":"https:\/\/www.booksonthemove.fr\/en\/produit\/is-the-living-body-the-last-thing-left-alive-the-new-performance-turn-its-histories-and-its-institutions\/#primaryimage"},"thumbnailUrl":"https:\/\/www.booksonthemove.fr\/media\/bom_2074.jpg","datePublished":"2020-04-04T12:06:55+00:00","dateModified":"2022-08-21T10:32:37+00:00","breadcrumb":{"@id":"https:\/\/www.booksonthemove.fr\/en\/produit\/is-the-living-body-the-last-thing-left-alive-the-new-performance-turn-its-histories-and-its-institutions\/#breadcrumb"},"inLanguage":"en-US","potentialAction":[{"@type":"ReadAction","target":["https:\/\/www.booksonthemove.fr\/en\/produit\/is-the-living-body-the-last-thing-left-alive-the-new-performance-turn-its-histories-and-its-institutions\/"]}]},{"@type":"ImageObject","inLanguage":"en-US","@id":"https:\/\/www.booksonthemove.fr\/en\/produit\/is-the-living-body-the-last-thing-left-alive-the-new-performance-turn-its-histories-and-its-institutions\/#primaryimage","url":"https:\/\/www.booksonthemove.fr\/media\/bom_2074.jpg","contentUrl":"https:\/\/www.booksonthemove.fr\/media\/bom_2074.jpg","width":600,"height":754},{"@type":"BreadcrumbList","@id":"https:\/\/www.booksonthemove.fr\/en\/produit\/is-the-living-body-the-last-thing-left-alive-the-new-performance-turn-its-histories-and-its-institutions\/#breadcrumb","itemListElement":[{"@type":"ListItem","position":1,"name":"Accueil","item":"https:\/\/www.booksonthemove.fr\/en\/"},{"@type":"ListItem","position":2,"name":"online store","item":"https:\/\/www.booksonthemove.fr\/en\/online-shop\/"},{"@type":"ListItem","position":3,"name":"Is the Living Body the Last Thing Left Alive? The New Performance Turn, Its Histories and Its Institutions"}]},{"@type":"WebSite","@id":"https:\/\/www.booksonthemove.fr\/#website","url":"https:\/\/www.booksonthemove.fr\/","name":"Books on the Move","description":"librairie nomade - danse - mouvement - performance","publisher":{"@id":"https:\/\/www.booksonthemove.fr\/#organization"},"potentialAction":[{"@type":"SearchAction","target":{"@type":"EntryPoint","urlTemplate":"https:\/\/www.booksonthemove.fr\/?s={search_term_string}"},"query-input":{"@type":"PropertyValueSpecification","valueRequired":true,"valueName":"search_term_string"}}],"inLanguage":"en-US"},{"@type":"Organization","@id":"https:\/\/www.booksonthemove.fr\/#organization","name":"Books on the Move","url":"https:\/\/www.booksonthemove.fr\/","logo":{"@type":"ImageObject","inLanguage":"en-US","@id":"https:\/\/www.booksonthemove.fr\/#\/schema\/logo\/image\/","url":"https:\/\/www.booksonthemove.fr\/media\/logo-NB-400.jpg","contentUrl":"https:\/\/www.booksonthemove.fr\/media\/logo-NB-400.jpg","width":400,"height":143,"caption":"Books on the Move"},"image":{"@id":"https:\/\/www.booksonthemove.fr\/#\/schema\/logo\/image\/"},"sameAs":["https:\/\/www.facebook.com\/Librairiebooksonthemove\/"]}]}},"_links":{"self":[{"href":"https:\/\/www.booksonthemove.fr\/en\/wp-json\/wp\/v2\/product\/14556","targetHints":{"allow":["GET"]}}],"collection":[{"href":"https:\/\/www.booksonthemove.fr\/en\/wp-json\/wp\/v2\/product"}],"about":[{"href":"https:\/\/www.booksonthemove.fr\/en\/wp-json\/wp\/v2\/types\/product"}],"wp:featuredmedia":[{"embeddable":true,"href":"https:\/\/www.booksonthemove.fr\/en\/wp-json\/wp\/v2\/media\/14555"}],"wp:attachment":[{"href":"https:\/\/www.booksonthemove.fr\/en\/wp-json\/wp\/v2\/media?parent=14556"}],"wp:term":[{"taxonomy":"product_brand","embeddable":true,"href":"https:\/\/www.booksonthemove.fr\/en\/wp-json\/wp\/v2\/product_brand?post=14556"},{"taxonomy":"product_cat","embeddable":true,"href":"https:\/\/www.booksonthemove.fr\/en\/wp-json\/wp\/v2\/product_cat?post=14556"},{"taxonomy":"product_tag","embeddable":true,"href":"https:\/\/www.booksonthemove.fr\/en\/wp-json\/wp\/v2\/product_tag?post=14556"}],"curies":[{"name":"wp","href":"https:\/\/api.w.org\/{rel}","templated":true}]}}