{"id":14851,"date":"2020-04-08T16:38:13","date_gmt":"2020-04-08T14:38:13","guid":{"rendered":"https:\/\/www.booksonthemove.fr\/produit\/retrospective-by-xavier-le-roy\/"},"modified":"2023-10-18T10:55:39","modified_gmt":"2023-10-18T08:55:39","slug":"retrospective-by-xavier-le-roy","status":"publish","type":"product","link":"https:\/\/www.booksonthemove.fr\/en\/produit\/retrospective-by-xavier-le-roy\/","title":{"rendered":"R\u00e9trospective by Xavier Le Roy"},"content":{"rendered":"<p class=\"bodytext\">Texts and interviews around the work of dancer and choreographer Xavier Le Roy.<\/p>\n<p class=\"bodytext\">What did \u201cRetrospective\u201d by Xavier Le Roy do to and for choreography, the medium of exhibition, contemporary art, the spectatorial gaze, social and public space&#8230;?<\/p>\n<p class=\"bodytext\">This book opens up a series of conversations, guided interviews, scorelike reports, and essays about this work. Sundry voices of artists, dramaturges, performers, curators, critics, art historians, philosophers, and others reflect on the scope and variety of questions and positions triggered within and through \u201cRetrospective\u201d.<\/p>\n<p class=\"bodytext\">Published on the occasion of the exponymous exhibition at Fundaci\u00f3 Antoni T\u00e0pies, Barcelona, Mus\u00e9e de la Danse, Rennes, Teatro Castro Alves, Salvador, Deichtorhallen, Hamburg, Museu de Arte do Rio, Rio de Janeiro, and Centre Pompidou, Paris, from 2012 to 2014.<\/p>\n<p class=\"bodytext\">Texts by Claire Bishop, Volmir Cordeiro, Bojana Cveji\u0107, Corinne Diserens, Ben Evans, Aimar P\u00e9rez Gal\u00ed, Laurent Goldring, Vera Knolle, Xavier Le Roy, Peter Osborne, Goran Sergej Prista\u0161, Laurence Rassel, Carme Torrent, Christophe Wavelet.<\/p>\n","protected":false},"excerpt":{"rendered":"<p><strong>Editor:<\/strong> Bojana Cveji\u0107<br \/>\n<strong>Publisher:<\/strong> les presses du r\u00e9el (2014)<\/p>\n<p><strong>Paperback:<\/strong> 360 pages<br \/>\n<strong>Language:<\/strong> English<br \/>\n<strong>ISBN13:<\/strong> 978-2-84066-702-5<\/p>\n<p><strong>THIS TITLE IS AVAILABLE IN BERLIN<\/strong><\/p>\n","protected":false},"featured_media":16692,"template":"","meta":[],"product_brand":[],"product_cat":[135,225,227,169,139],"product_tag":[],"class_list":{"0":"post-14851","1":"product","2":"type-product","3":"status-publish","4":"has-post-thumbnail","6":"product_cat-english-en","7":"product_cat-exhibitions-catalogues-en","8":"product_cat-essays-en","9":"product_cat-interviews-conversations-en","10":"product_cat-work-process-en","12":"first","13":"instock","14":"taxable","15":"shipping-taxable","16":"purchasable","17":"product-type-simple"},"yoast_head":"<!-- This site is optimized with the Yoast SEO plugin v27.4 - https:\/\/yoast.com\/product\/yoast-seo-wordpress\/ -->\n<title>R\u00e9trospective by Xavier Le Roy - Books on the Move<\/title>\n<meta name=\"robots\" content=\"index, follow, max-snippet:-1, max-image-preview:large, max-video-preview:-1\" \/>\n<link rel=\"canonical\" href=\"https:\/\/www.booksonthemove.fr\/produit\/retrospective-by-xavier-le-roy\/\" \/>\n<meta property=\"og:locale\" content=\"en_US\" \/>\n<meta property=\"og:type\" content=\"article\" \/>\n<meta property=\"og:title\" content=\"R\u00e9trospective by Xavier Le Roy - Books on the Move\" \/>\n<meta property=\"og:description\" content=\"Editor: Bojana Cveji\u0107 Publisher: les presses du r\u00e9el (2014)  Paperback: 360 pages Language: English ISBN13: 978-2-84066-702-5  THIS TITLE IS AVAILABLE IN BERLIN\" \/>\n<meta property=\"og:url\" content=\"https:\/\/www.booksonthemove.fr\/produit\/retrospective-by-xavier-le-roy\/\" \/>\n<meta property=\"og:site_name\" content=\"Books on the Move\" \/>\n<meta property=\"article:publisher\" content=\"https:\/\/www.facebook.com\/Librairiebooksonthemove\/\" \/>\n<meta property=\"article:modified_time\" content=\"2023-10-18T08:55:39+00:00\" \/>\n<meta property=\"og:image\" content=\"https:\/\/www.booksonthemove.fr\/media\/bom_2084.jpg\" \/>\n\t<meta property=\"og:image:width\" content=\"900\" \/>\n\t<meta property=\"og:image:height\" content=\"1190\" \/>\n\t<meta property=\"og:image:type\" content=\"image\/jpeg\" \/>\n<meta name=\"twitter:card\" content=\"summary_large_image\" \/>\n<script type=\"application\/ld+json\" class=\"yoast-schema-graph\">{\"@context\":\"https:\\\/\\\/schema.org\",\"@graph\":[{\"@type\":\"WebPage\",\"@id\":\"https:\\\/\\\/www.booksonthemove.fr\\\/produit\\\/retrospective-by-xavier-le-roy\\\/\",\"url\":\"https:\\\/\\\/www.booksonthemove.fr\\\/produit\\\/retrospective-by-xavier-le-roy\\\/\",\"name\":\"R\u00e9trospective by Xavier Le Roy - Books on the Move\",\"isPartOf\":{\"@id\":\"https:\\\/\\\/www.booksonthemove.fr\\\/#website\"},\"primaryImageOfPage\":{\"@id\":\"https:\\\/\\\/www.booksonthemove.fr\\\/produit\\\/retrospective-by-xavier-le-roy\\\/#primaryimage\"},\"image\":{\"@id\":\"https:\\\/\\\/www.booksonthemove.fr\\\/produit\\\/retrospective-by-xavier-le-roy\\\/#primaryimage\"},\"thumbnailUrl\":\"https:\\\/\\\/www.booksonthemove.fr\\\/media\\\/bom_2084.jpg\",\"datePublished\":\"2020-04-08T14:38:13+00:00\",\"dateModified\":\"2023-10-18T08:55:39+00:00\",\"breadcrumb\":{\"@id\":\"https:\\\/\\\/www.booksonthemove.fr\\\/produit\\\/retrospective-by-xavier-le-roy\\\/#breadcrumb\"},\"inLanguage\":\"en-US\",\"potentialAction\":[{\"@type\":\"ReadAction\",\"target\":[\"https:\\\/\\\/www.booksonthemove.fr\\\/produit\\\/retrospective-by-xavier-le-roy\\\/\"]}]},{\"@type\":\"ImageObject\",\"inLanguage\":\"en-US\",\"@id\":\"https:\\\/\\\/www.booksonthemove.fr\\\/produit\\\/retrospective-by-xavier-le-roy\\\/#primaryimage\",\"url\":\"https:\\\/\\\/www.booksonthemove.fr\\\/media\\\/bom_2084.jpg\",\"contentUrl\":\"https:\\\/\\\/www.booksonthemove.fr\\\/media\\\/bom_2084.jpg\",\"width\":900,\"height\":1190},{\"@type\":\"BreadcrumbList\",\"@id\":\"https:\\\/\\\/www.booksonthemove.fr\\\/produit\\\/retrospective-by-xavier-le-roy\\\/#breadcrumb\",\"itemListElement\":[{\"@type\":\"ListItem\",\"position\":1,\"name\":\"Accueil\",\"item\":\"https:\\\/\\\/www.booksonthemove.fr\\\/en\\\/\"},{\"@type\":\"ListItem\",\"position\":2,\"name\":\"online store\",\"item\":\"https:\\\/\\\/www.booksonthemove.fr\\\/en\\\/online-shop\\\/\"},{\"@type\":\"ListItem\",\"position\":3,\"name\":\"R\u00e9trospective by Xavier Le Roy\"}]},{\"@type\":\"WebSite\",\"@id\":\"https:\\\/\\\/www.booksonthemove.fr\\\/#website\",\"url\":\"https:\\\/\\\/www.booksonthemove.fr\\\/\",\"name\":\"Books on the Move\",\"description\":\"librairie nomade - danse - mouvement - performance\",\"publisher\":{\"@id\":\"https:\\\/\\\/www.booksonthemove.fr\\\/#organization\"},\"potentialAction\":[{\"@type\":\"SearchAction\",\"target\":{\"@type\":\"EntryPoint\",\"urlTemplate\":\"https:\\\/\\\/www.booksonthemove.fr\\\/?s={search_term_string}\"},\"query-input\":{\"@type\":\"PropertyValueSpecification\",\"valueRequired\":true,\"valueName\":\"search_term_string\"}}],\"inLanguage\":\"en-US\"},{\"@type\":\"Organization\",\"@id\":\"https:\\\/\\\/www.booksonthemove.fr\\\/#organization\",\"name\":\"Books on the Move\",\"url\":\"https:\\\/\\\/www.booksonthemove.fr\\\/\",\"logo\":{\"@type\":\"ImageObject\",\"inLanguage\":\"en-US\",\"@id\":\"https:\\\/\\\/www.booksonthemove.fr\\\/#\\\/schema\\\/logo\\\/image\\\/\",\"url\":\"https:\\\/\\\/www.booksonthemove.fr\\\/media\\\/logo-NB-400.jpg\",\"contentUrl\":\"https:\\\/\\\/www.booksonthemove.fr\\\/media\\\/logo-NB-400.jpg\",\"width\":400,\"height\":143,\"caption\":\"Books on the Move\"},\"image\":{\"@id\":\"https:\\\/\\\/www.booksonthemove.fr\\\/#\\\/schema\\\/logo\\\/image\\\/\"},\"sameAs\":[\"https:\\\/\\\/www.facebook.com\\\/Librairiebooksonthemove\\\/\"]}]}<\/script>\n<!-- \/ Yoast SEO plugin. -->","yoast_head_json":{"title":"R\u00e9trospective by Xavier Le Roy - Books on the Move","robots":{"index":"index","follow":"follow","max-snippet":"max-snippet:-1","max-image-preview":"max-image-preview:large","max-video-preview":"max-video-preview:-1"},"canonical":"https:\/\/www.booksonthemove.fr\/produit\/retrospective-by-xavier-le-roy\/","og_locale":"en_US","og_type":"article","og_title":"R\u00e9trospective by Xavier Le Roy - Books on the Move","og_description":"Editor: Bojana Cveji\u0107 Publisher: les presses du r\u00e9el (2014)  Paperback: 360 pages Language: English ISBN13: 978-2-84066-702-5  THIS TITLE IS AVAILABLE IN BERLIN","og_url":"https:\/\/www.booksonthemove.fr\/produit\/retrospective-by-xavier-le-roy\/","og_site_name":"Books on the Move","article_publisher":"https:\/\/www.facebook.com\/Librairiebooksonthemove\/","article_modified_time":"2023-10-18T08:55:39+00:00","og_image":[{"width":900,"height":1190,"url":"https:\/\/www.booksonthemove.fr\/media\/bom_2084.jpg","type":"image\/jpeg"}],"twitter_card":"summary_large_image","schema":{"@context":"https:\/\/schema.org","@graph":[{"@type":"WebPage","@id":"https:\/\/www.booksonthemove.fr\/produit\/retrospective-by-xavier-le-roy\/","url":"https:\/\/www.booksonthemove.fr\/produit\/retrospective-by-xavier-le-roy\/","name":"R\u00e9trospective by Xavier Le Roy - Books on the Move","isPartOf":{"@id":"https:\/\/www.booksonthemove.fr\/#website"},"primaryImageOfPage":{"@id":"https:\/\/www.booksonthemove.fr\/produit\/retrospective-by-xavier-le-roy\/#primaryimage"},"image":{"@id":"https:\/\/www.booksonthemove.fr\/produit\/retrospective-by-xavier-le-roy\/#primaryimage"},"thumbnailUrl":"https:\/\/www.booksonthemove.fr\/media\/bom_2084.jpg","datePublished":"2020-04-08T14:38:13+00:00","dateModified":"2023-10-18T08:55:39+00:00","breadcrumb":{"@id":"https:\/\/www.booksonthemove.fr\/produit\/retrospective-by-xavier-le-roy\/#breadcrumb"},"inLanguage":"en-US","potentialAction":[{"@type":"ReadAction","target":["https:\/\/www.booksonthemove.fr\/produit\/retrospective-by-xavier-le-roy\/"]}]},{"@type":"ImageObject","inLanguage":"en-US","@id":"https:\/\/www.booksonthemove.fr\/produit\/retrospective-by-xavier-le-roy\/#primaryimage","url":"https:\/\/www.booksonthemove.fr\/media\/bom_2084.jpg","contentUrl":"https:\/\/www.booksonthemove.fr\/media\/bom_2084.jpg","width":900,"height":1190},{"@type":"BreadcrumbList","@id":"https:\/\/www.booksonthemove.fr\/produit\/retrospective-by-xavier-le-roy\/#breadcrumb","itemListElement":[{"@type":"ListItem","position":1,"name":"Accueil","item":"https:\/\/www.booksonthemove.fr\/en\/"},{"@type":"ListItem","position":2,"name":"online store","item":"https:\/\/www.booksonthemove.fr\/en\/online-shop\/"},{"@type":"ListItem","position":3,"name":"R\u00e9trospective by Xavier Le Roy"}]},{"@type":"WebSite","@id":"https:\/\/www.booksonthemove.fr\/#website","url":"https:\/\/www.booksonthemove.fr\/","name":"Books on the Move","description":"librairie nomade - danse - mouvement - performance","publisher":{"@id":"https:\/\/www.booksonthemove.fr\/#organization"},"potentialAction":[{"@type":"SearchAction","target":{"@type":"EntryPoint","urlTemplate":"https:\/\/www.booksonthemove.fr\/?s={search_term_string}"},"query-input":{"@type":"PropertyValueSpecification","valueRequired":true,"valueName":"search_term_string"}}],"inLanguage":"en-US"},{"@type":"Organization","@id":"https:\/\/www.booksonthemove.fr\/#organization","name":"Books on the Move","url":"https:\/\/www.booksonthemove.fr\/","logo":{"@type":"ImageObject","inLanguage":"en-US","@id":"https:\/\/www.booksonthemove.fr\/#\/schema\/logo\/image\/","url":"https:\/\/www.booksonthemove.fr\/media\/logo-NB-400.jpg","contentUrl":"https:\/\/www.booksonthemove.fr\/media\/logo-NB-400.jpg","width":400,"height":143,"caption":"Books on the Move"},"image":{"@id":"https:\/\/www.booksonthemove.fr\/#\/schema\/logo\/image\/"},"sameAs":["https:\/\/www.facebook.com\/Librairiebooksonthemove\/"]}]}},"_links":{"self":[{"href":"https:\/\/www.booksonthemove.fr\/en\/wp-json\/wp\/v2\/product\/14851","targetHints":{"allow":["GET"]}}],"collection":[{"href":"https:\/\/www.booksonthemove.fr\/en\/wp-json\/wp\/v2\/product"}],"about":[{"href":"https:\/\/www.booksonthemove.fr\/en\/wp-json\/wp\/v2\/types\/product"}],"wp:featuredmedia":[{"embeddable":true,"href":"https:\/\/www.booksonthemove.fr\/en\/wp-json\/wp\/v2\/media\/16692"}],"wp:attachment":[{"href":"https:\/\/www.booksonthemove.fr\/en\/wp-json\/wp\/v2\/media?parent=14851"}],"wp:term":[{"taxonomy":"product_brand","embeddable":true,"href":"https:\/\/www.booksonthemove.fr\/en\/wp-json\/wp\/v2\/product_brand?post=14851"},{"taxonomy":"product_cat","embeddable":true,"href":"https:\/\/www.booksonthemove.fr\/en\/wp-json\/wp\/v2\/product_cat?post=14851"},{"taxonomy":"product_tag","embeddable":true,"href":"https:\/\/www.booksonthemove.fr\/en\/wp-json\/wp\/v2\/product_tag?post=14851"}],"curies":[{"name":"wp","href":"https:\/\/api.w.org\/{rel}","templated":true}]}}