{"id":15120,"date":"2020-04-11T11:55:23","date_gmt":"2020-04-11T09:55:23","guid":{"rendered":"https:\/\/www.booksonthemove.fr\/produit\/the-practice-of-dramaturgy-working-on-actions-in-performance\/"},"modified":"2025-09-17T22:58:54","modified_gmt":"2025-09-17T20:58:54","slug":"the-practice-of-dramaturgy-working-on-actions-in-performance","status":"publish","type":"product","link":"https:\/\/www.booksonthemove.fr\/en\/produit\/the-practice-of-dramaturgy-working-on-actions-in-performance\/","title":{"rendered":"The Practice of Dramaturgy: Working on Actions in Performance"},"content":{"rendered":"<p class=\"bodytext\">There is a growing interest in the notion and practice of dramaturgy, which is often discussed either as the work of the dramaturg, or as the compositional, cohesive or sense-making aspects of a performance. Drawing on such views, The Practice of Dramaturgy addresses dramaturgy as a shared, politicized and catalytic practice that sets actions into motion in a more speculative rather than an instructive way.<\/p>\n<p class=\"bodytext\">In the first part, &#8216;Dramaturgy as Working on Actions&#8217;, the editors and main authors of the book discuss three working principles that lie at the heart of their proposition, and return to the etymology of the term &#8216;dramaturgy&#8217; (\u2018drama\u2019=action and \u2018ergon\u2019=work) in order to scrutinize this further by relating it to debates on action, work and post-Fordist labour. | more The second part, &#8216;Working on Actions and Beyond&#8217;, opens up to different artistic, social and political perspectives that such understanding of dramaturgy may give rise to, through contributions by guest authors.<\/p>\n<p class=\"bodytext\">Contributions by: Una Bauer, Simon Bayly, Andrea Bo\u017ei\u0107, Nicola Conibere, Guy Cools, Augusto Corrieri, Konstantina Georgelou, Ivana M\u00fcller, Betina Panagiotara, Efrosini Protopapa, Joachim Robbrecht, Jonas Rutgeerts, Nienke Scholts, Arabella Stanger, Danae Theodoridou, Julia Willms, Jasna Jasna \u017dmak.<\/p>\n","protected":false},"excerpt":{"rendered":"<p><strong>Authors:<\/strong> Konstantina Georgelou, Efrosini Protopapa, Danae Theodoridou<br \/>\n<strong>Publisher:<\/strong> Valiz (2017)<\/p>\n<p><strong>Softcover:<\/strong> 304 pages<br \/>\n<strong>Language:<\/strong> English<br \/>\n<strong>ISBN13:<\/strong> 978-94-92095-18-3<\/p>\n","protected":false},"featured_media":16953,"template":"","meta":[],"product_brand":[],"product_cat":[135,285,146],"product_tag":[],"class_list":{"0":"post-15120","1":"product","2":"type-product","3":"status-publish","4":"has-post-thumbnail","6":"product_cat-english-en","7":"product_cat-dramaturgy","8":"product_cat-theoretical-texts-en","10":"first","11":"instock","12":"taxable","13":"shipping-taxable","14":"purchasable","15":"product-type-simple"},"yoast_head":"<!-- This site is optimized with the Yoast SEO plugin v27.5 - https:\/\/yoast.com\/product\/yoast-seo-wordpress\/ -->\n<title>The Practice of Dramaturgy: Working on Actions in Performance - Books on the Move<\/title>\n<meta name=\"robots\" content=\"index, follow, max-snippet:-1, max-image-preview:large, max-video-preview:-1\" \/>\n<link rel=\"canonical\" href=\"https:\/\/www.booksonthemove.fr\/produit\/the-practice-of-dramaturgy-working-on-actions-in-performance\/\" \/>\n<meta property=\"og:locale\" content=\"en_US\" \/>\n<meta property=\"og:type\" content=\"article\" \/>\n<meta property=\"og:title\" content=\"The Practice of Dramaturgy: Working on Actions in Performance - Books on the Move\" \/>\n<meta property=\"og:description\" content=\"Authors: Konstantina Georgelou, Efrosini Protopapa, Danae Theodoridou Publisher: Valiz (2017)  Softcover: 304 pages Language: English ISBN13: 978-94-92095-18-3\" \/>\n<meta property=\"og:url\" content=\"https:\/\/www.booksonthemove.fr\/produit\/the-practice-of-dramaturgy-working-on-actions-in-performance\/\" \/>\n<meta property=\"og:site_name\" content=\"Books on the Move\" \/>\n<meta property=\"article:publisher\" content=\"https:\/\/www.facebook.com\/Librairiebooksonthemove\/\" \/>\n<meta property=\"article:modified_time\" content=\"2025-09-17T20:58:54+00:00\" \/>\n<meta property=\"og:image\" content=\"https:\/\/www.booksonthemove.fr\/media\/bom_1638.jpg\" \/>\n\t<meta property=\"og:image:width\" content=\"900\" \/>\n\t<meta property=\"og:image:height\" content=\"1421\" \/>\n\t<meta property=\"og:image:type\" content=\"image\/jpeg\" \/>\n<meta name=\"twitter:card\" content=\"summary_large_image\" \/>\n<script type=\"application\/ld+json\" class=\"yoast-schema-graph\">{\"@context\":\"https:\\\/\\\/schema.org\",\"@graph\":[{\"@type\":\"WebPage\",\"@id\":\"https:\\\/\\\/www.booksonthemove.fr\\\/produit\\\/the-practice-of-dramaturgy-working-on-actions-in-performance\\\/\",\"url\":\"https:\\\/\\\/www.booksonthemove.fr\\\/produit\\\/the-practice-of-dramaturgy-working-on-actions-in-performance\\\/\",\"name\":\"The Practice of Dramaturgy: Working on Actions in Performance - Books on the Move\",\"isPartOf\":{\"@id\":\"https:\\\/\\\/www.booksonthemove.fr\\\/#website\"},\"primaryImageOfPage\":{\"@id\":\"https:\\\/\\\/www.booksonthemove.fr\\\/produit\\\/the-practice-of-dramaturgy-working-on-actions-in-performance\\\/#primaryimage\"},\"image\":{\"@id\":\"https:\\\/\\\/www.booksonthemove.fr\\\/produit\\\/the-practice-of-dramaturgy-working-on-actions-in-performance\\\/#primaryimage\"},\"thumbnailUrl\":\"https:\\\/\\\/www.booksonthemove.fr\\\/media\\\/bom_1638.jpg\",\"datePublished\":\"2020-04-11T09:55:23+00:00\",\"dateModified\":\"2025-09-17T20:58:54+00:00\",\"breadcrumb\":{\"@id\":\"https:\\\/\\\/www.booksonthemove.fr\\\/produit\\\/the-practice-of-dramaturgy-working-on-actions-in-performance\\\/#breadcrumb\"},\"inLanguage\":\"en-US\",\"potentialAction\":[{\"@type\":\"ReadAction\",\"target\":[\"https:\\\/\\\/www.booksonthemove.fr\\\/produit\\\/the-practice-of-dramaturgy-working-on-actions-in-performance\\\/\"]}]},{\"@type\":\"ImageObject\",\"inLanguage\":\"en-US\",\"@id\":\"https:\\\/\\\/www.booksonthemove.fr\\\/produit\\\/the-practice-of-dramaturgy-working-on-actions-in-performance\\\/#primaryimage\",\"url\":\"https:\\\/\\\/www.booksonthemove.fr\\\/media\\\/bom_1638.jpg\",\"contentUrl\":\"https:\\\/\\\/www.booksonthemove.fr\\\/media\\\/bom_1638.jpg\",\"width\":900,\"height\":1421},{\"@type\":\"BreadcrumbList\",\"@id\":\"https:\\\/\\\/www.booksonthemove.fr\\\/produit\\\/the-practice-of-dramaturgy-working-on-actions-in-performance\\\/#breadcrumb\",\"itemListElement\":[{\"@type\":\"ListItem\",\"position\":1,\"name\":\"Accueil\",\"item\":\"https:\\\/\\\/www.booksonthemove.fr\\\/en\\\/\"},{\"@type\":\"ListItem\",\"position\":2,\"name\":\"online store\",\"item\":\"https:\\\/\\\/www.booksonthemove.fr\\\/en\\\/online-shop\\\/\"},{\"@type\":\"ListItem\",\"position\":3,\"name\":\"The Practice of Dramaturgy: Working on Actions in Performance\"}]},{\"@type\":\"WebSite\",\"@id\":\"https:\\\/\\\/www.booksonthemove.fr\\\/#website\",\"url\":\"https:\\\/\\\/www.booksonthemove.fr\\\/\",\"name\":\"Books on the Move\",\"description\":\"librairie nomade - danse - mouvement - performance\",\"publisher\":{\"@id\":\"https:\\\/\\\/www.booksonthemove.fr\\\/#organization\"},\"potentialAction\":[{\"@type\":\"SearchAction\",\"target\":{\"@type\":\"EntryPoint\",\"urlTemplate\":\"https:\\\/\\\/www.booksonthemove.fr\\\/?s={search_term_string}\"},\"query-input\":{\"@type\":\"PropertyValueSpecification\",\"valueRequired\":true,\"valueName\":\"search_term_string\"}}],\"inLanguage\":\"en-US\"},{\"@type\":\"Organization\",\"@id\":\"https:\\\/\\\/www.booksonthemove.fr\\\/#organization\",\"name\":\"Books on the Move\",\"url\":\"https:\\\/\\\/www.booksonthemove.fr\\\/\",\"logo\":{\"@type\":\"ImageObject\",\"inLanguage\":\"en-US\",\"@id\":\"https:\\\/\\\/www.booksonthemove.fr\\\/#\\\/schema\\\/logo\\\/image\\\/\",\"url\":\"https:\\\/\\\/www.booksonthemove.fr\\\/media\\\/logo-NB-400.jpg\",\"contentUrl\":\"https:\\\/\\\/www.booksonthemove.fr\\\/media\\\/logo-NB-400.jpg\",\"width\":400,\"height\":143,\"caption\":\"Books on the Move\"},\"image\":{\"@id\":\"https:\\\/\\\/www.booksonthemove.fr\\\/#\\\/schema\\\/logo\\\/image\\\/\"},\"sameAs\":[\"https:\\\/\\\/www.facebook.com\\\/Librairiebooksonthemove\\\/\"]}]}<\/script>\n<!-- \/ Yoast SEO plugin. -->","yoast_head_json":{"title":"The Practice of Dramaturgy: Working on Actions in Performance - Books on the Move","robots":{"index":"index","follow":"follow","max-snippet":"max-snippet:-1","max-image-preview":"max-image-preview:large","max-video-preview":"max-video-preview:-1"},"canonical":"https:\/\/www.booksonthemove.fr\/produit\/the-practice-of-dramaturgy-working-on-actions-in-performance\/","og_locale":"en_US","og_type":"article","og_title":"The Practice of Dramaturgy: Working on Actions in Performance - Books on the Move","og_description":"Authors: Konstantina Georgelou, Efrosini Protopapa, Danae Theodoridou Publisher: Valiz (2017)  Softcover: 304 pages Language: English ISBN13: 978-94-92095-18-3","og_url":"https:\/\/www.booksonthemove.fr\/produit\/the-practice-of-dramaturgy-working-on-actions-in-performance\/","og_site_name":"Books on the Move","article_publisher":"https:\/\/www.facebook.com\/Librairiebooksonthemove\/","article_modified_time":"2025-09-17T20:58:54+00:00","og_image":[{"width":900,"height":1421,"url":"https:\/\/www.booksonthemove.fr\/media\/bom_1638.jpg","type":"image\/jpeg"}],"twitter_card":"summary_large_image","schema":{"@context":"https:\/\/schema.org","@graph":[{"@type":"WebPage","@id":"https:\/\/www.booksonthemove.fr\/produit\/the-practice-of-dramaturgy-working-on-actions-in-performance\/","url":"https:\/\/www.booksonthemove.fr\/produit\/the-practice-of-dramaturgy-working-on-actions-in-performance\/","name":"The Practice of Dramaturgy: Working on Actions in Performance - Books on the Move","isPartOf":{"@id":"https:\/\/www.booksonthemove.fr\/#website"},"primaryImageOfPage":{"@id":"https:\/\/www.booksonthemove.fr\/produit\/the-practice-of-dramaturgy-working-on-actions-in-performance\/#primaryimage"},"image":{"@id":"https:\/\/www.booksonthemove.fr\/produit\/the-practice-of-dramaturgy-working-on-actions-in-performance\/#primaryimage"},"thumbnailUrl":"https:\/\/www.booksonthemove.fr\/media\/bom_1638.jpg","datePublished":"2020-04-11T09:55:23+00:00","dateModified":"2025-09-17T20:58:54+00:00","breadcrumb":{"@id":"https:\/\/www.booksonthemove.fr\/produit\/the-practice-of-dramaturgy-working-on-actions-in-performance\/#breadcrumb"},"inLanguage":"en-US","potentialAction":[{"@type":"ReadAction","target":["https:\/\/www.booksonthemove.fr\/produit\/the-practice-of-dramaturgy-working-on-actions-in-performance\/"]}]},{"@type":"ImageObject","inLanguage":"en-US","@id":"https:\/\/www.booksonthemove.fr\/produit\/the-practice-of-dramaturgy-working-on-actions-in-performance\/#primaryimage","url":"https:\/\/www.booksonthemove.fr\/media\/bom_1638.jpg","contentUrl":"https:\/\/www.booksonthemove.fr\/media\/bom_1638.jpg","width":900,"height":1421},{"@type":"BreadcrumbList","@id":"https:\/\/www.booksonthemove.fr\/produit\/the-practice-of-dramaturgy-working-on-actions-in-performance\/#breadcrumb","itemListElement":[{"@type":"ListItem","position":1,"name":"Accueil","item":"https:\/\/www.booksonthemove.fr\/en\/"},{"@type":"ListItem","position":2,"name":"online store","item":"https:\/\/www.booksonthemove.fr\/en\/online-shop\/"},{"@type":"ListItem","position":3,"name":"The Practice of Dramaturgy: Working on Actions in Performance"}]},{"@type":"WebSite","@id":"https:\/\/www.booksonthemove.fr\/#website","url":"https:\/\/www.booksonthemove.fr\/","name":"Books on the Move","description":"librairie nomade - danse - mouvement - performance","publisher":{"@id":"https:\/\/www.booksonthemove.fr\/#organization"},"potentialAction":[{"@type":"SearchAction","target":{"@type":"EntryPoint","urlTemplate":"https:\/\/www.booksonthemove.fr\/?s={search_term_string}"},"query-input":{"@type":"PropertyValueSpecification","valueRequired":true,"valueName":"search_term_string"}}],"inLanguage":"en-US"},{"@type":"Organization","@id":"https:\/\/www.booksonthemove.fr\/#organization","name":"Books on the Move","url":"https:\/\/www.booksonthemove.fr\/","logo":{"@type":"ImageObject","inLanguage":"en-US","@id":"https:\/\/www.booksonthemove.fr\/#\/schema\/logo\/image\/","url":"https:\/\/www.booksonthemove.fr\/media\/logo-NB-400.jpg","contentUrl":"https:\/\/www.booksonthemove.fr\/media\/logo-NB-400.jpg","width":400,"height":143,"caption":"Books on the Move"},"image":{"@id":"https:\/\/www.booksonthemove.fr\/#\/schema\/logo\/image\/"},"sameAs":["https:\/\/www.facebook.com\/Librairiebooksonthemove\/"]}]}},"_links":{"self":[{"href":"https:\/\/www.booksonthemove.fr\/en\/wp-json\/wp\/v2\/product\/15120","targetHints":{"allow":["GET"]}}],"collection":[{"href":"https:\/\/www.booksonthemove.fr\/en\/wp-json\/wp\/v2\/product"}],"about":[{"href":"https:\/\/www.booksonthemove.fr\/en\/wp-json\/wp\/v2\/types\/product"}],"wp:featuredmedia":[{"embeddable":true,"href":"https:\/\/www.booksonthemove.fr\/en\/wp-json\/wp\/v2\/media\/16953"}],"wp:attachment":[{"href":"https:\/\/www.booksonthemove.fr\/en\/wp-json\/wp\/v2\/media?parent=15120"}],"wp:term":[{"taxonomy":"product_brand","embeddable":true,"href":"https:\/\/www.booksonthemove.fr\/en\/wp-json\/wp\/v2\/product_brand?post=15120"},{"taxonomy":"product_cat","embeddable":true,"href":"https:\/\/www.booksonthemove.fr\/en\/wp-json\/wp\/v2\/product_cat?post=15120"},{"taxonomy":"product_tag","embeddable":true,"href":"https:\/\/www.booksonthemove.fr\/en\/wp-json\/wp\/v2\/product_tag?post=15120"}],"curies":[{"name":"wp","href":"https:\/\/api.w.org\/{rel}","templated":true}]}}