{"id":15135,"date":"2020-06-19T12:58:47","date_gmt":"2020-06-19T10:58:47","guid":{"rendered":"https:\/\/www.booksonthemove.fr\/produit\/time-has-fallen-asleep-in-the-afternoon-sunshine\/"},"modified":"2026-03-27T13:24:27","modified_gmt":"2026-03-27T12:24:27","slug":"time-has-fallen-asleep-in-the-afternoon-sunshine","status":"publish","type":"product","link":"https:\/\/www.booksonthemove.fr\/en\/produit\/time-has-fallen-asleep-in-the-afternoon-sunshine\/","title":{"rendered":"Time has fallen asleep in the afternoon sunshine"},"content":{"rendered":"<p class=\"bodytext\">Time has fallen asleep in the afternoon sunshine &#8211; A book on reading, writing, memory and forgetting in a library of living books<\/p>\n<p class=\"bodytext\">Texts by Mette Edvardsen, Kristien Van den Brande, Johan Sonnenschein, Bruno De Wachter, S\u00e9bastien Hendrickx, Lizzie Thomson, S\u00e9bastien Hendrickx, Victoria P\u00e9rez Royo, Jon Refsdal Moe, Bojana Cveji\u0107, Melanie Fieldseth, Jeroen Peeters, Lara Khalidi, Emiliano Battista, Thomas B\u00eerzan, Susanne Christensen, Olivia Fairweather, Laurence Rassel<\/p>\n<p class=\"bodytext\">The project Time has fallen asleep in the afternoon sunshine starts as a group of people who dedicate themselves to memorizing a book of their choice. Together they form a library collection consisting of living books. The \u201cbooks\u201d pass their time in libraries reading, memorizing, talking to each other, going for walks outside, prepared to be read by a visitor. The readings take place as intimate one-to-one encounters where the \u201cbook\u201d recites its content to the reader. Over time the project grew into a library collection of more than eighty living books in twelve different languages across Europe and beyond. The project developed into a bookshop, a publishing house and an exhibition format, and hosted workshops, lectures and talks and, eventually, a book. The publication brings together eighteen text contributions from artists and theoreticians with a varying degree of proximity to the project. Their reflections touch on memory and forgetting; on the practice of learning by heart and its corporeality; on reading, re-reading, reading aloud, reading for oneself and for others; on writing, re-writing and translating; on invisible and impossible literatures; on alternative temporalities and their respective economies; on archives, libraries, bodies and other sites for conservation; on the problems of authorship and originality; on immateriality and its discontents; on the equivocal borders between reality and fiction; and on the strange and unforeseeable dynamics of people and stories coming together, disseminating and unexpectedly crossing paths again. The second part of the book is a visual essay that documents the processes of memorizing, reading and re-writing.<\/p>\n","protected":false},"excerpt":{"rendered":"<p><strong>Authors:<\/strong> edited by Mette Edvardsen, Kristien Van den Brande, Victoria P\u00e9rez Royo &amp; Runa Borch Skolseg<br \/>\n<strong>Publishers:<\/strong> Mousse Publishing &amp; osloBIENNALEN\u00a0 (2019)<\/p>\n<p><strong>Softcover:<\/strong> 536 pages<br \/>\n<strong>Language:<\/strong> English<br \/>\n<strong>ISBN13:<\/strong> 978 8 269 02042 7<\/p>\n","protected":false},"featured_media":16961,"template":"","meta":[],"product_brand":[],"product_cat":[135,227,219,139],"product_tag":[],"class_list":{"0":"post-15135","1":"product","2":"type-product","3":"status-publish","4":"has-post-thumbnail","6":"product_cat-english-en","7":"product_cat-essays-en","8":"product_cat-literature-en","9":"product_cat-work-process-en","11":"first","12":"instock","13":"taxable","14":"shipping-taxable","15":"purchasable","16":"product-type-simple"},"yoast_head":"<!-- This site is optimized with the Yoast SEO plugin v27.5 - https:\/\/yoast.com\/product\/yoast-seo-wordpress\/ -->\n<title>Time has fallen asleep in the afternoon sunshine - Books on the Move<\/title>\n<meta name=\"robots\" content=\"index, follow, max-snippet:-1, max-image-preview:large, max-video-preview:-1\" \/>\n<link rel=\"canonical\" href=\"https:\/\/www.booksonthemove.fr\/produit\/time-has-fallen-asleep-in-the-afternoon-sunshine\/\" \/>\n<meta property=\"og:locale\" content=\"en_US\" \/>\n<meta property=\"og:type\" content=\"article\" \/>\n<meta property=\"og:title\" content=\"Time has fallen asleep in the afternoon sunshine - Books on the Move\" \/>\n<meta property=\"og:description\" content=\"Authors: edited by Mette Edvardsen, Kristien Van den Brande, Victoria P\u00e9rez Royo &amp; Runa Borch Skolseg Publishers: Mousse Publishing &amp; osloBIENNALEN\u00a0 (2019)  Softcover: 536 pages Language: English ISBN13: 978 8 269 02042 7\" \/>\n<meta property=\"og:url\" content=\"https:\/\/www.booksonthemove.fr\/produit\/time-has-fallen-asleep-in-the-afternoon-sunshine\/\" \/>\n<meta property=\"og:site_name\" content=\"Books on the Move\" \/>\n<meta property=\"article:publisher\" content=\"https:\/\/www.facebook.com\/Librairiebooksonthemove\/\" \/>\n<meta property=\"article:modified_time\" content=\"2026-03-27T12:24:27+00:00\" \/>\n<meta property=\"og:image\" content=\"https:\/\/www.booksonthemove.fr\/media\/bom_1989.1.jpg\" \/>\n\t<meta property=\"og:image:width\" content=\"900\" \/>\n\t<meta property=\"og:image:height\" content=\"1247\" \/>\n\t<meta property=\"og:image:type\" content=\"image\/jpeg\" \/>\n<meta name=\"twitter:card\" content=\"summary_large_image\" \/>\n<script type=\"application\/ld+json\" class=\"yoast-schema-graph\">{\"@context\":\"https:\\\/\\\/schema.org\",\"@graph\":[{\"@type\":\"WebPage\",\"@id\":\"https:\\\/\\\/www.booksonthemove.fr\\\/produit\\\/time-has-fallen-asleep-in-the-afternoon-sunshine\\\/\",\"url\":\"https:\\\/\\\/www.booksonthemove.fr\\\/produit\\\/time-has-fallen-asleep-in-the-afternoon-sunshine\\\/\",\"name\":\"Time has fallen asleep in the afternoon sunshine - Books on the Move\",\"isPartOf\":{\"@id\":\"https:\\\/\\\/www.booksonthemove.fr\\\/#website\"},\"primaryImageOfPage\":{\"@id\":\"https:\\\/\\\/www.booksonthemove.fr\\\/produit\\\/time-has-fallen-asleep-in-the-afternoon-sunshine\\\/#primaryimage\"},\"image\":{\"@id\":\"https:\\\/\\\/www.booksonthemove.fr\\\/produit\\\/time-has-fallen-asleep-in-the-afternoon-sunshine\\\/#primaryimage\"},\"thumbnailUrl\":\"https:\\\/\\\/www.booksonthemove.fr\\\/media\\\/bom_1989.1.jpg\",\"datePublished\":\"2020-06-19T10:58:47+00:00\",\"dateModified\":\"2026-03-27T12:24:27+00:00\",\"breadcrumb\":{\"@id\":\"https:\\\/\\\/www.booksonthemove.fr\\\/produit\\\/time-has-fallen-asleep-in-the-afternoon-sunshine\\\/#breadcrumb\"},\"inLanguage\":\"en-US\",\"potentialAction\":[{\"@type\":\"ReadAction\",\"target\":[\"https:\\\/\\\/www.booksonthemove.fr\\\/produit\\\/time-has-fallen-asleep-in-the-afternoon-sunshine\\\/\"]}]},{\"@type\":\"ImageObject\",\"inLanguage\":\"en-US\",\"@id\":\"https:\\\/\\\/www.booksonthemove.fr\\\/produit\\\/time-has-fallen-asleep-in-the-afternoon-sunshine\\\/#primaryimage\",\"url\":\"https:\\\/\\\/www.booksonthemove.fr\\\/media\\\/bom_1989.1.jpg\",\"contentUrl\":\"https:\\\/\\\/www.booksonthemove.fr\\\/media\\\/bom_1989.1.jpg\",\"width\":900,\"height\":1247},{\"@type\":\"BreadcrumbList\",\"@id\":\"https:\\\/\\\/www.booksonthemove.fr\\\/produit\\\/time-has-fallen-asleep-in-the-afternoon-sunshine\\\/#breadcrumb\",\"itemListElement\":[{\"@type\":\"ListItem\",\"position\":1,\"name\":\"Accueil\",\"item\":\"https:\\\/\\\/www.booksonthemove.fr\\\/en\\\/\"},{\"@type\":\"ListItem\",\"position\":2,\"name\":\"online store\",\"item\":\"https:\\\/\\\/www.booksonthemove.fr\\\/en\\\/online-shop\\\/\"},{\"@type\":\"ListItem\",\"position\":3,\"name\":\"Time has fallen asleep in the afternoon sunshine\"}]},{\"@type\":\"WebSite\",\"@id\":\"https:\\\/\\\/www.booksonthemove.fr\\\/#website\",\"url\":\"https:\\\/\\\/www.booksonthemove.fr\\\/\",\"name\":\"Books on the Move\",\"description\":\"librairie nomade - danse - mouvement - performance\",\"publisher\":{\"@id\":\"https:\\\/\\\/www.booksonthemove.fr\\\/#organization\"},\"potentialAction\":[{\"@type\":\"SearchAction\",\"target\":{\"@type\":\"EntryPoint\",\"urlTemplate\":\"https:\\\/\\\/www.booksonthemove.fr\\\/?s={search_term_string}\"},\"query-input\":{\"@type\":\"PropertyValueSpecification\",\"valueRequired\":true,\"valueName\":\"search_term_string\"}}],\"inLanguage\":\"en-US\"},{\"@type\":\"Organization\",\"@id\":\"https:\\\/\\\/www.booksonthemove.fr\\\/#organization\",\"name\":\"Books on the Move\",\"url\":\"https:\\\/\\\/www.booksonthemove.fr\\\/\",\"logo\":{\"@type\":\"ImageObject\",\"inLanguage\":\"en-US\",\"@id\":\"https:\\\/\\\/www.booksonthemove.fr\\\/#\\\/schema\\\/logo\\\/image\\\/\",\"url\":\"https:\\\/\\\/www.booksonthemove.fr\\\/media\\\/logo-NB-400.jpg\",\"contentUrl\":\"https:\\\/\\\/www.booksonthemove.fr\\\/media\\\/logo-NB-400.jpg\",\"width\":400,\"height\":143,\"caption\":\"Books on the Move\"},\"image\":{\"@id\":\"https:\\\/\\\/www.booksonthemove.fr\\\/#\\\/schema\\\/logo\\\/image\\\/\"},\"sameAs\":[\"https:\\\/\\\/www.facebook.com\\\/Librairiebooksonthemove\\\/\"]}]}<\/script>\n<!-- \/ Yoast SEO plugin. -->","yoast_head_json":{"title":"Time has fallen asleep in the afternoon sunshine - Books on the Move","robots":{"index":"index","follow":"follow","max-snippet":"max-snippet:-1","max-image-preview":"max-image-preview:large","max-video-preview":"max-video-preview:-1"},"canonical":"https:\/\/www.booksonthemove.fr\/produit\/time-has-fallen-asleep-in-the-afternoon-sunshine\/","og_locale":"en_US","og_type":"article","og_title":"Time has fallen asleep in the afternoon sunshine - Books on the Move","og_description":"Authors: edited by Mette Edvardsen, Kristien Van den Brande, Victoria P\u00e9rez Royo &amp; Runa Borch Skolseg Publishers: Mousse Publishing &amp; osloBIENNALEN\u00a0 (2019)  Softcover: 536 pages Language: English ISBN13: 978 8 269 02042 7","og_url":"https:\/\/www.booksonthemove.fr\/produit\/time-has-fallen-asleep-in-the-afternoon-sunshine\/","og_site_name":"Books on the Move","article_publisher":"https:\/\/www.facebook.com\/Librairiebooksonthemove\/","article_modified_time":"2026-03-27T12:24:27+00:00","og_image":[{"width":900,"height":1247,"url":"https:\/\/www.booksonthemove.fr\/media\/bom_1989.1.jpg","type":"image\/jpeg"}],"twitter_card":"summary_large_image","schema":{"@context":"https:\/\/schema.org","@graph":[{"@type":"WebPage","@id":"https:\/\/www.booksonthemove.fr\/produit\/time-has-fallen-asleep-in-the-afternoon-sunshine\/","url":"https:\/\/www.booksonthemove.fr\/produit\/time-has-fallen-asleep-in-the-afternoon-sunshine\/","name":"Time has fallen asleep in the afternoon sunshine - Books on the Move","isPartOf":{"@id":"https:\/\/www.booksonthemove.fr\/#website"},"primaryImageOfPage":{"@id":"https:\/\/www.booksonthemove.fr\/produit\/time-has-fallen-asleep-in-the-afternoon-sunshine\/#primaryimage"},"image":{"@id":"https:\/\/www.booksonthemove.fr\/produit\/time-has-fallen-asleep-in-the-afternoon-sunshine\/#primaryimage"},"thumbnailUrl":"https:\/\/www.booksonthemove.fr\/media\/bom_1989.1.jpg","datePublished":"2020-06-19T10:58:47+00:00","dateModified":"2026-03-27T12:24:27+00:00","breadcrumb":{"@id":"https:\/\/www.booksonthemove.fr\/produit\/time-has-fallen-asleep-in-the-afternoon-sunshine\/#breadcrumb"},"inLanguage":"en-US","potentialAction":[{"@type":"ReadAction","target":["https:\/\/www.booksonthemove.fr\/produit\/time-has-fallen-asleep-in-the-afternoon-sunshine\/"]}]},{"@type":"ImageObject","inLanguage":"en-US","@id":"https:\/\/www.booksonthemove.fr\/produit\/time-has-fallen-asleep-in-the-afternoon-sunshine\/#primaryimage","url":"https:\/\/www.booksonthemove.fr\/media\/bom_1989.1.jpg","contentUrl":"https:\/\/www.booksonthemove.fr\/media\/bom_1989.1.jpg","width":900,"height":1247},{"@type":"BreadcrumbList","@id":"https:\/\/www.booksonthemove.fr\/produit\/time-has-fallen-asleep-in-the-afternoon-sunshine\/#breadcrumb","itemListElement":[{"@type":"ListItem","position":1,"name":"Accueil","item":"https:\/\/www.booksonthemove.fr\/en\/"},{"@type":"ListItem","position":2,"name":"online store","item":"https:\/\/www.booksonthemove.fr\/en\/online-shop\/"},{"@type":"ListItem","position":3,"name":"Time has fallen asleep in the afternoon sunshine"}]},{"@type":"WebSite","@id":"https:\/\/www.booksonthemove.fr\/#website","url":"https:\/\/www.booksonthemove.fr\/","name":"Books on the Move","description":"librairie nomade - danse - mouvement - performance","publisher":{"@id":"https:\/\/www.booksonthemove.fr\/#organization"},"potentialAction":[{"@type":"SearchAction","target":{"@type":"EntryPoint","urlTemplate":"https:\/\/www.booksonthemove.fr\/?s={search_term_string}"},"query-input":{"@type":"PropertyValueSpecification","valueRequired":true,"valueName":"search_term_string"}}],"inLanguage":"en-US"},{"@type":"Organization","@id":"https:\/\/www.booksonthemove.fr\/#organization","name":"Books on the Move","url":"https:\/\/www.booksonthemove.fr\/","logo":{"@type":"ImageObject","inLanguage":"en-US","@id":"https:\/\/www.booksonthemove.fr\/#\/schema\/logo\/image\/","url":"https:\/\/www.booksonthemove.fr\/media\/logo-NB-400.jpg","contentUrl":"https:\/\/www.booksonthemove.fr\/media\/logo-NB-400.jpg","width":400,"height":143,"caption":"Books on the Move"},"image":{"@id":"https:\/\/www.booksonthemove.fr\/#\/schema\/logo\/image\/"},"sameAs":["https:\/\/www.facebook.com\/Librairiebooksonthemove\/"]}]}},"_links":{"self":[{"href":"https:\/\/www.booksonthemove.fr\/en\/wp-json\/wp\/v2\/product\/15135","targetHints":{"allow":["GET"]}}],"collection":[{"href":"https:\/\/www.booksonthemove.fr\/en\/wp-json\/wp\/v2\/product"}],"about":[{"href":"https:\/\/www.booksonthemove.fr\/en\/wp-json\/wp\/v2\/types\/product"}],"wp:featuredmedia":[{"embeddable":true,"href":"https:\/\/www.booksonthemove.fr\/en\/wp-json\/wp\/v2\/media\/16961"}],"wp:attachment":[{"href":"https:\/\/www.booksonthemove.fr\/en\/wp-json\/wp\/v2\/media?parent=15135"}],"wp:term":[{"taxonomy":"product_brand","embeddable":true,"href":"https:\/\/www.booksonthemove.fr\/en\/wp-json\/wp\/v2\/product_brand?post=15135"},{"taxonomy":"product_cat","embeddable":true,"href":"https:\/\/www.booksonthemove.fr\/en\/wp-json\/wp\/v2\/product_cat?post=15135"},{"taxonomy":"product_tag","embeddable":true,"href":"https:\/\/www.booksonthemove.fr\/en\/wp-json\/wp\/v2\/product_tag?post=15135"}],"curies":[{"name":"wp","href":"https:\/\/api.w.org\/{rel}","templated":true}]}}