{"id":15382,"date":"2020-04-15T14:00:11","date_gmt":"2020-04-15T12:00:11","guid":{"rendered":"https:\/\/www.booksonthemove.fr\/produit\/bernardo-montet\/"},"modified":"2021-12-11T15:58:45","modified_gmt":"2021-12-11T14:58:45","slug":"bernardo-montet","status":"publish","type":"product","link":"https:\/\/www.booksonthemove.fr\/en\/produit\/bernardo-montet\/","title":{"rendered":"Bernardo Montet"},"content":{"rendered":"<p class=\"bodytext\">Ce coffret consacr\u00e9 \u00e0 Bernardo Montet, chor\u00e9graphe essentiel dans le paysage de la danse contemporaine fran\u00e7aise d&#8217;aujourd&#8217;hui, est con\u00e7u par Genevi\u00e8ve Vincent, \u00e9crivain. Il comprend un livre et deux DVD : un libre aller-retour entre textes et images permettant de (re)d\u00e9couvrir une personnalit\u00e9 hors du commun.<\/p>\n<p class=\"bodytext\">Le livre pr\u00e9sente une biographie de Laurent Barr\u00e9, des conversations in\u00e9dites entre Pierre Guyotat, Fran\u00e7ois Verret, Bernardo Montet et Genevi\u00e8ve Vincent. \u00c0 lire \u00e9galement le \u00ab tout not\u00e9 \u00bb de Genevi\u00e8ve Vincent qui relate les moments essentiels du processus de cr\u00e9ation de Des Hommes (2011) ; un texte de Marc Blanchet sur Batracien, l&#8217;apr\u00e8s-midi ; et une nouvelle \u00e9tape dans le parcours artistique de Bernardo Montet : l&#8217;implantation \u00e0 Morlaix et la collaboration avec Madeleine Louarn.<\/p>\n<p class=\"bodytext\">Le premier DVD r\u00e9v\u00e8le huit extraits de pi\u00e8ces de son r\u00e9pertoire. Le second un grand entretien qui prend la forme d&#8217;une conversation entre Bernardo Montet et Genevi\u00e8ve Vincent. Sur le principe de l&#8217;ab\u00e9c\u00e9daire, cet entretien est d\u00e9coup\u00e9 en vingt-six th\u00e8mes class\u00e9s par ordre alphab\u00e9tique entrecrois\u00e9s d&#8217;extraits de pi\u00e8ces, o\u00f9 Bernardo Montet aborde sa danse, ses collaborations, ses lectures, ses obsessions, mais aussi des questions plus personnelles, par exemple \u00ab C comme colonialisme \u00bb, \u00ab F comme fantasme \u00bb, ou \u00ab I comme institution \u00bb, en liaison avec son travail chor\u00e9graphique.<\/p>\n","protected":false},"excerpt":{"rendered":"<p><strong>Auteur:<\/strong> Genevi\u00e8ve Vincent<br \/>\n<strong>Editeur:<\/strong> La Maison D&#8217;\u00c0 C\u00f4t\u00e9 (2015)<\/p>\n<p><strong>Livre\/DVD:<\/strong> 143 pages, deux DVDs<br \/>\n<strong>Langue:<\/strong> Fran\u00e7ais<br \/>\n<strong>ISBN13:<\/strong> 978-2-930384-48-1<\/p>\n","protected":false},"featured_media":15379,"template":"","meta":[],"product_brand":[],"product_cat":[304,162,170],"product_tag":[],"class_list":{"0":"post-15382","1":"product","2":"type-product","3":"status-publish","4":"has-post-thumbnail","6":"product_cat-livres-avec-dvd-en","7":"product_cat-french-en","8":"product_cat-artists-career-en","10":"first","11":"outofstock","12":"taxable","13":"shipping-taxable","14":"purchasable","15":"product-type-simple"},"yoast_head":"<!-- This site is optimized with the Yoast SEO plugin v27.5 - https:\/\/yoast.com\/product\/yoast-seo-wordpress\/ -->\n<title>Bernardo Montet - Books on the Move<\/title>\n<meta name=\"robots\" content=\"index, follow, max-snippet:-1, max-image-preview:large, max-video-preview:-1\" \/>\n<link rel=\"canonical\" href=\"https:\/\/www.booksonthemove.fr\/en\/produit\/bernardo-montet\/\" \/>\n<meta property=\"og:locale\" content=\"en_US\" \/>\n<meta property=\"og:type\" content=\"article\" \/>\n<meta property=\"og:title\" content=\"Bernardo Montet - Books on the Move\" \/>\n<meta property=\"og:description\" content=\"Auteur: Genevi\u00e8ve Vincent Editeur: La Maison D&#039;\u00c0 C\u00f4t\u00e9 (2015)  Livre\/DVD: 143 pages, deux DVDs Langue: Fran\u00e7ais ISBN13: 978-2-930384-48-1\" \/>\n<meta property=\"og:url\" content=\"https:\/\/www.booksonthemove.fr\/en\/produit\/bernardo-montet\/\" \/>\n<meta property=\"og:site_name\" content=\"Books on the Move\" \/>\n<meta property=\"article:publisher\" content=\"https:\/\/www.facebook.com\/Librairiebooksonthemove\/\" \/>\n<meta property=\"article:modified_time\" content=\"2021-12-11T14:58:45+00:00\" \/>\n<meta property=\"og:image\" content=\"https:\/\/www.booksonthemove.fr\/media\/bom_1837.jpg\" \/>\n\t<meta property=\"og:image:width\" content=\"400\" \/>\n\t<meta property=\"og:image:height\" content=\"397\" \/>\n\t<meta property=\"og:image:type\" content=\"image\/jpeg\" \/>\n<meta name=\"twitter:card\" content=\"summary_large_image\" \/>\n<script type=\"application\/ld+json\" class=\"yoast-schema-graph\">{\"@context\":\"https:\\\/\\\/schema.org\",\"@graph\":[{\"@type\":\"WebPage\",\"@id\":\"https:\\\/\\\/www.booksonthemove.fr\\\/en\\\/produit\\\/bernardo-montet\\\/\",\"url\":\"https:\\\/\\\/www.booksonthemove.fr\\\/en\\\/produit\\\/bernardo-montet\\\/\",\"name\":\"Bernardo Montet - Books on the Move\",\"isPartOf\":{\"@id\":\"https:\\\/\\\/www.booksonthemove.fr\\\/#website\"},\"primaryImageOfPage\":{\"@id\":\"https:\\\/\\\/www.booksonthemove.fr\\\/en\\\/produit\\\/bernardo-montet\\\/#primaryimage\"},\"image\":{\"@id\":\"https:\\\/\\\/www.booksonthemove.fr\\\/en\\\/produit\\\/bernardo-montet\\\/#primaryimage\"},\"thumbnailUrl\":\"https:\\\/\\\/www.booksonthemove.fr\\\/media\\\/bom_1837.jpg\",\"datePublished\":\"2020-04-15T12:00:11+00:00\",\"dateModified\":\"2021-12-11T14:58:45+00:00\",\"breadcrumb\":{\"@id\":\"https:\\\/\\\/www.booksonthemove.fr\\\/en\\\/produit\\\/bernardo-montet\\\/#breadcrumb\"},\"inLanguage\":\"en-US\",\"potentialAction\":[{\"@type\":\"ReadAction\",\"target\":[\"https:\\\/\\\/www.booksonthemove.fr\\\/en\\\/produit\\\/bernardo-montet\\\/\"]}]},{\"@type\":\"ImageObject\",\"inLanguage\":\"en-US\",\"@id\":\"https:\\\/\\\/www.booksonthemove.fr\\\/en\\\/produit\\\/bernardo-montet\\\/#primaryimage\",\"url\":\"https:\\\/\\\/www.booksonthemove.fr\\\/media\\\/bom_1837.jpg\",\"contentUrl\":\"https:\\\/\\\/www.booksonthemove.fr\\\/media\\\/bom_1837.jpg\",\"width\":400,\"height\":397},{\"@type\":\"BreadcrumbList\",\"@id\":\"https:\\\/\\\/www.booksonthemove.fr\\\/en\\\/produit\\\/bernardo-montet\\\/#breadcrumb\",\"itemListElement\":[{\"@type\":\"ListItem\",\"position\":1,\"name\":\"Accueil\",\"item\":\"https:\\\/\\\/www.booksonthemove.fr\\\/en\\\/\"},{\"@type\":\"ListItem\",\"position\":2,\"name\":\"online store\",\"item\":\"https:\\\/\\\/www.booksonthemove.fr\\\/en\\\/online-shop\\\/\"},{\"@type\":\"ListItem\",\"position\":3,\"name\":\"Bernardo Montet\"}]},{\"@type\":\"WebSite\",\"@id\":\"https:\\\/\\\/www.booksonthemove.fr\\\/#website\",\"url\":\"https:\\\/\\\/www.booksonthemove.fr\\\/\",\"name\":\"Books on the Move\",\"description\":\"librairie nomade - danse - mouvement - performance\",\"publisher\":{\"@id\":\"https:\\\/\\\/www.booksonthemove.fr\\\/#organization\"},\"potentialAction\":[{\"@type\":\"SearchAction\",\"target\":{\"@type\":\"EntryPoint\",\"urlTemplate\":\"https:\\\/\\\/www.booksonthemove.fr\\\/?s={search_term_string}\"},\"query-input\":{\"@type\":\"PropertyValueSpecification\",\"valueRequired\":true,\"valueName\":\"search_term_string\"}}],\"inLanguage\":\"en-US\"},{\"@type\":\"Organization\",\"@id\":\"https:\\\/\\\/www.booksonthemove.fr\\\/#organization\",\"name\":\"Books on the Move\",\"url\":\"https:\\\/\\\/www.booksonthemove.fr\\\/\",\"logo\":{\"@type\":\"ImageObject\",\"inLanguage\":\"en-US\",\"@id\":\"https:\\\/\\\/www.booksonthemove.fr\\\/#\\\/schema\\\/logo\\\/image\\\/\",\"url\":\"https:\\\/\\\/www.booksonthemove.fr\\\/media\\\/logo-NB-400.jpg\",\"contentUrl\":\"https:\\\/\\\/www.booksonthemove.fr\\\/media\\\/logo-NB-400.jpg\",\"width\":400,\"height\":143,\"caption\":\"Books on the Move\"},\"image\":{\"@id\":\"https:\\\/\\\/www.booksonthemove.fr\\\/#\\\/schema\\\/logo\\\/image\\\/\"},\"sameAs\":[\"https:\\\/\\\/www.facebook.com\\\/Librairiebooksonthemove\\\/\"]}]}<\/script>\n<!-- \/ Yoast SEO plugin. -->","yoast_head_json":{"title":"Bernardo Montet - Books on the Move","robots":{"index":"index","follow":"follow","max-snippet":"max-snippet:-1","max-image-preview":"max-image-preview:large","max-video-preview":"max-video-preview:-1"},"canonical":"https:\/\/www.booksonthemove.fr\/en\/produit\/bernardo-montet\/","og_locale":"en_US","og_type":"article","og_title":"Bernardo Montet - Books on the Move","og_description":"Auteur: Genevi\u00e8ve Vincent Editeur: La Maison D'\u00c0 C\u00f4t\u00e9 (2015)  Livre\/DVD: 143 pages, deux DVDs Langue: Fran\u00e7ais ISBN13: 978-2-930384-48-1","og_url":"https:\/\/www.booksonthemove.fr\/en\/produit\/bernardo-montet\/","og_site_name":"Books on the Move","article_publisher":"https:\/\/www.facebook.com\/Librairiebooksonthemove\/","article_modified_time":"2021-12-11T14:58:45+00:00","og_image":[{"width":400,"height":397,"url":"https:\/\/www.booksonthemove.fr\/media\/bom_1837.jpg","type":"image\/jpeg"}],"twitter_card":"summary_large_image","schema":{"@context":"https:\/\/schema.org","@graph":[{"@type":"WebPage","@id":"https:\/\/www.booksonthemove.fr\/en\/produit\/bernardo-montet\/","url":"https:\/\/www.booksonthemove.fr\/en\/produit\/bernardo-montet\/","name":"Bernardo Montet - Books on the Move","isPartOf":{"@id":"https:\/\/www.booksonthemove.fr\/#website"},"primaryImageOfPage":{"@id":"https:\/\/www.booksonthemove.fr\/en\/produit\/bernardo-montet\/#primaryimage"},"image":{"@id":"https:\/\/www.booksonthemove.fr\/en\/produit\/bernardo-montet\/#primaryimage"},"thumbnailUrl":"https:\/\/www.booksonthemove.fr\/media\/bom_1837.jpg","datePublished":"2020-04-15T12:00:11+00:00","dateModified":"2021-12-11T14:58:45+00:00","breadcrumb":{"@id":"https:\/\/www.booksonthemove.fr\/en\/produit\/bernardo-montet\/#breadcrumb"},"inLanguage":"en-US","potentialAction":[{"@type":"ReadAction","target":["https:\/\/www.booksonthemove.fr\/en\/produit\/bernardo-montet\/"]}]},{"@type":"ImageObject","inLanguage":"en-US","@id":"https:\/\/www.booksonthemove.fr\/en\/produit\/bernardo-montet\/#primaryimage","url":"https:\/\/www.booksonthemove.fr\/media\/bom_1837.jpg","contentUrl":"https:\/\/www.booksonthemove.fr\/media\/bom_1837.jpg","width":400,"height":397},{"@type":"BreadcrumbList","@id":"https:\/\/www.booksonthemove.fr\/en\/produit\/bernardo-montet\/#breadcrumb","itemListElement":[{"@type":"ListItem","position":1,"name":"Accueil","item":"https:\/\/www.booksonthemove.fr\/en\/"},{"@type":"ListItem","position":2,"name":"online store","item":"https:\/\/www.booksonthemove.fr\/en\/online-shop\/"},{"@type":"ListItem","position":3,"name":"Bernardo Montet"}]},{"@type":"WebSite","@id":"https:\/\/www.booksonthemove.fr\/#website","url":"https:\/\/www.booksonthemove.fr\/","name":"Books on the Move","description":"librairie nomade - danse - mouvement - performance","publisher":{"@id":"https:\/\/www.booksonthemove.fr\/#organization"},"potentialAction":[{"@type":"SearchAction","target":{"@type":"EntryPoint","urlTemplate":"https:\/\/www.booksonthemove.fr\/?s={search_term_string}"},"query-input":{"@type":"PropertyValueSpecification","valueRequired":true,"valueName":"search_term_string"}}],"inLanguage":"en-US"},{"@type":"Organization","@id":"https:\/\/www.booksonthemove.fr\/#organization","name":"Books on the Move","url":"https:\/\/www.booksonthemove.fr\/","logo":{"@type":"ImageObject","inLanguage":"en-US","@id":"https:\/\/www.booksonthemove.fr\/#\/schema\/logo\/image\/","url":"https:\/\/www.booksonthemove.fr\/media\/logo-NB-400.jpg","contentUrl":"https:\/\/www.booksonthemove.fr\/media\/logo-NB-400.jpg","width":400,"height":143,"caption":"Books on the Move"},"image":{"@id":"https:\/\/www.booksonthemove.fr\/#\/schema\/logo\/image\/"},"sameAs":["https:\/\/www.facebook.com\/Librairiebooksonthemove\/"]}]}},"_links":{"self":[{"href":"https:\/\/www.booksonthemove.fr\/en\/wp-json\/wp\/v2\/product\/15382","targetHints":{"allow":["GET"]}}],"collection":[{"href":"https:\/\/www.booksonthemove.fr\/en\/wp-json\/wp\/v2\/product"}],"about":[{"href":"https:\/\/www.booksonthemove.fr\/en\/wp-json\/wp\/v2\/types\/product"}],"wp:featuredmedia":[{"embeddable":true,"href":"https:\/\/www.booksonthemove.fr\/en\/wp-json\/wp\/v2\/media\/15379"}],"wp:attachment":[{"href":"https:\/\/www.booksonthemove.fr\/en\/wp-json\/wp\/v2\/media?parent=15382"}],"wp:term":[{"taxonomy":"product_brand","embeddable":true,"href":"https:\/\/www.booksonthemove.fr\/en\/wp-json\/wp\/v2\/product_brand?post=15382"},{"taxonomy":"product_cat","embeddable":true,"href":"https:\/\/www.booksonthemove.fr\/en\/wp-json\/wp\/v2\/product_cat?post=15382"},{"taxonomy":"product_tag","embeddable":true,"href":"https:\/\/www.booksonthemove.fr\/en\/wp-json\/wp\/v2\/product_tag?post=15382"}],"curies":[{"name":"wp","href":"https:\/\/api.w.org\/{rel}","templated":true}]}}