{"id":15400,"date":"2020-04-15T16:05:07","date_gmt":"2020-04-15T14:05:07","guid":{"rendered":"https:\/\/www.booksonthemove.fr\/produit\/passages-un-documentaire-sur-francoise-et-dominique-dupuy\/"},"modified":"2023-07-16T15:44:01","modified_gmt":"2023-07-16T13:44:01","slug":"passages-un-documentaire-sur-francoise-et-dominique-dupuy","status":"publish","type":"product","link":"https:\/\/www.booksonthemove.fr\/en\/produit\/passages-un-documentaire-sur-francoise-et-dominique-dupuy\/","title":{"rendered":"PASSAGES &#8211; un documentaire sur Fran\u00e7oise et Dominique Dupuy"},"content":{"rendered":"<p>PASSAGES, r\u00e9alis\u00e9 par Natacha Zervas et Marie-No\u00eblle Battesti, est le portrait d\u2019un homme et d\u2019une femme unis par la danse depuis leur rencontre en 1946. Fran\u00e7oise et Dominique Dupuy laissent entrevoir la densit\u00e9 de leur parcours de chor\u00e9graphes, de danseurs, de p\u00e9dagogues et de chercheurs. Aujourd\u2019hui ils se concentrent avant tout sur l\u2019essentiel, et nous offrent des gestes et des mots simples que le temps a lib\u00e9r\u00e9s du superflu. Chemin faisant, PASSAGES se transforme en m\u00e9taphore du d\u00e9fi que nous avons tous \u00e0 \u00e9prouver : vivre.<\/p>\n","protected":false},"excerpt":{"rendered":"<p><strong>R\u00e9alisatrices:<\/strong> Natacha Zervas &amp; Marie-No\u00eblle Battesti<br \/>\n<strong>Production:<\/strong> En Vol Danse &amp; Mezu Mondu (2017)<\/p>\n<p><strong>Dur\u00e9e:<\/strong> 52 minutes<br \/>\n<strong>Langue:<\/strong> Fran\u00e7ais, sous-titrage: Corse, Anglais, Grec<br \/>\n<strong>Format:<\/strong> DVD PAL<\/p>\n","protected":false},"featured_media":15399,"template":"","meta":[],"product_brand":[],"product_cat":[166,162,170],"product_tag":[],"class_list":{"0":"post-15400","1":"product","2":"type-product","3":"status-publish","4":"has-post-thumbnail","6":"product_cat-dvds-en","7":"product_cat-french-en","8":"product_cat-artists-career-en","10":"first","11":"outofstock","12":"taxable","13":"shipping-taxable","14":"purchasable","15":"product-type-simple"},"yoast_head":"<!-- This site is optimized with the Yoast SEO plugin v27.4 - https:\/\/yoast.com\/product\/yoast-seo-wordpress\/ -->\n<title>PASSAGES - un documentaire sur Fran\u00e7oise et Dominique Dupuy - Books on the Move<\/title>\n<meta name=\"robots\" content=\"index, follow, max-snippet:-1, max-image-preview:large, max-video-preview:-1\" \/>\n<link rel=\"canonical\" href=\"https:\/\/www.booksonthemove.fr\/produit\/passages-un-documentaire-sur-francoise-et-dominique-dupuy\/\" \/>\n<meta property=\"og:locale\" content=\"en_US\" \/>\n<meta property=\"og:type\" content=\"article\" \/>\n<meta property=\"og:title\" content=\"PASSAGES - un documentaire sur Fran\u00e7oise et Dominique Dupuy - Books on the Move\" \/>\n<meta property=\"og:description\" content=\"R\u00e9alisatrices: Natacha Zervas &amp; Marie-No\u00eblle Battesti Production: En Vol Danse &amp; Mezu Mondu (2017)  Dur\u00e9e: 52 minutes Langue: Fran\u00e7ais, sous-titrage: Corse, Anglais, Grec Format: DVD PAL\" \/>\n<meta property=\"og:url\" content=\"https:\/\/www.booksonthemove.fr\/produit\/passages-un-documentaire-sur-francoise-et-dominique-dupuy\/\" \/>\n<meta property=\"og:site_name\" content=\"Books on the Move\" \/>\n<meta property=\"article:publisher\" content=\"https:\/\/www.facebook.com\/Librairiebooksonthemove\/\" \/>\n<meta property=\"article:modified_time\" content=\"2023-07-16T13:44:01+00:00\" \/>\n<meta property=\"og:image\" content=\"https:\/\/www.booksonthemove.fr\/media\/bom_2111.jpg\" \/>\n\t<meta property=\"og:image:width\" content=\"538\" \/>\n\t<meta property=\"og:image:height\" content=\"734\" \/>\n\t<meta property=\"og:image:type\" content=\"image\/jpeg\" \/>\n<meta name=\"twitter:card\" content=\"summary_large_image\" \/>\n<script type=\"application\/ld+json\" class=\"yoast-schema-graph\">{\"@context\":\"https:\\\/\\\/schema.org\",\"@graph\":[{\"@type\":\"WebPage\",\"@id\":\"https:\\\/\\\/www.booksonthemove.fr\\\/produit\\\/passages-un-documentaire-sur-francoise-et-dominique-dupuy\\\/\",\"url\":\"https:\\\/\\\/www.booksonthemove.fr\\\/produit\\\/passages-un-documentaire-sur-francoise-et-dominique-dupuy\\\/\",\"name\":\"PASSAGES - un documentaire sur Fran\u00e7oise et Dominique Dupuy - Books on the Move\",\"isPartOf\":{\"@id\":\"https:\\\/\\\/www.booksonthemove.fr\\\/#website\"},\"primaryImageOfPage\":{\"@id\":\"https:\\\/\\\/www.booksonthemove.fr\\\/produit\\\/passages-un-documentaire-sur-francoise-et-dominique-dupuy\\\/#primaryimage\"},\"image\":{\"@id\":\"https:\\\/\\\/www.booksonthemove.fr\\\/produit\\\/passages-un-documentaire-sur-francoise-et-dominique-dupuy\\\/#primaryimage\"},\"thumbnailUrl\":\"https:\\\/\\\/www.booksonthemove.fr\\\/media\\\/bom_2111.jpg\",\"datePublished\":\"2020-04-15T14:05:07+00:00\",\"dateModified\":\"2023-07-16T13:44:01+00:00\",\"breadcrumb\":{\"@id\":\"https:\\\/\\\/www.booksonthemove.fr\\\/produit\\\/passages-un-documentaire-sur-francoise-et-dominique-dupuy\\\/#breadcrumb\"},\"inLanguage\":\"en-US\",\"potentialAction\":[{\"@type\":\"ReadAction\",\"target\":[\"https:\\\/\\\/www.booksonthemove.fr\\\/produit\\\/passages-un-documentaire-sur-francoise-et-dominique-dupuy\\\/\"]}]},{\"@type\":\"ImageObject\",\"inLanguage\":\"en-US\",\"@id\":\"https:\\\/\\\/www.booksonthemove.fr\\\/produit\\\/passages-un-documentaire-sur-francoise-et-dominique-dupuy\\\/#primaryimage\",\"url\":\"https:\\\/\\\/www.booksonthemove.fr\\\/media\\\/bom_2111.jpg\",\"contentUrl\":\"https:\\\/\\\/www.booksonthemove.fr\\\/media\\\/bom_2111.jpg\",\"width\":538,\"height\":734},{\"@type\":\"BreadcrumbList\",\"@id\":\"https:\\\/\\\/www.booksonthemove.fr\\\/produit\\\/passages-un-documentaire-sur-francoise-et-dominique-dupuy\\\/#breadcrumb\",\"itemListElement\":[{\"@type\":\"ListItem\",\"position\":1,\"name\":\"Accueil\",\"item\":\"https:\\\/\\\/www.booksonthemove.fr\\\/en\\\/\"},{\"@type\":\"ListItem\",\"position\":2,\"name\":\"online store\",\"item\":\"https:\\\/\\\/www.booksonthemove.fr\\\/en\\\/online-shop\\\/\"},{\"@type\":\"ListItem\",\"position\":3,\"name\":\"PASSAGES &#8211; un documentaire sur Fran\u00e7oise et Dominique Dupuy\"}]},{\"@type\":\"WebSite\",\"@id\":\"https:\\\/\\\/www.booksonthemove.fr\\\/#website\",\"url\":\"https:\\\/\\\/www.booksonthemove.fr\\\/\",\"name\":\"Books on the Move\",\"description\":\"librairie nomade - danse - mouvement - performance\",\"publisher\":{\"@id\":\"https:\\\/\\\/www.booksonthemove.fr\\\/#organization\"},\"potentialAction\":[{\"@type\":\"SearchAction\",\"target\":{\"@type\":\"EntryPoint\",\"urlTemplate\":\"https:\\\/\\\/www.booksonthemove.fr\\\/?s={search_term_string}\"},\"query-input\":{\"@type\":\"PropertyValueSpecification\",\"valueRequired\":true,\"valueName\":\"search_term_string\"}}],\"inLanguage\":\"en-US\"},{\"@type\":\"Organization\",\"@id\":\"https:\\\/\\\/www.booksonthemove.fr\\\/#organization\",\"name\":\"Books on the Move\",\"url\":\"https:\\\/\\\/www.booksonthemove.fr\\\/\",\"logo\":{\"@type\":\"ImageObject\",\"inLanguage\":\"en-US\",\"@id\":\"https:\\\/\\\/www.booksonthemove.fr\\\/#\\\/schema\\\/logo\\\/image\\\/\",\"url\":\"https:\\\/\\\/www.booksonthemove.fr\\\/media\\\/logo-NB-400.jpg\",\"contentUrl\":\"https:\\\/\\\/www.booksonthemove.fr\\\/media\\\/logo-NB-400.jpg\",\"width\":400,\"height\":143,\"caption\":\"Books on the Move\"},\"image\":{\"@id\":\"https:\\\/\\\/www.booksonthemove.fr\\\/#\\\/schema\\\/logo\\\/image\\\/\"},\"sameAs\":[\"https:\\\/\\\/www.facebook.com\\\/Librairiebooksonthemove\\\/\"]}]}<\/script>\n<!-- \/ Yoast SEO plugin. -->","yoast_head_json":{"title":"PASSAGES - un documentaire sur Fran\u00e7oise et Dominique Dupuy - Books on the Move","robots":{"index":"index","follow":"follow","max-snippet":"max-snippet:-1","max-image-preview":"max-image-preview:large","max-video-preview":"max-video-preview:-1"},"canonical":"https:\/\/www.booksonthemove.fr\/produit\/passages-un-documentaire-sur-francoise-et-dominique-dupuy\/","og_locale":"en_US","og_type":"article","og_title":"PASSAGES - un documentaire sur Fran\u00e7oise et Dominique Dupuy - Books on the Move","og_description":"R\u00e9alisatrices: Natacha Zervas &amp; Marie-No\u00eblle Battesti Production: En Vol Danse &amp; Mezu Mondu (2017)  Dur\u00e9e: 52 minutes Langue: Fran\u00e7ais, sous-titrage: Corse, Anglais, Grec Format: DVD PAL","og_url":"https:\/\/www.booksonthemove.fr\/produit\/passages-un-documentaire-sur-francoise-et-dominique-dupuy\/","og_site_name":"Books on the Move","article_publisher":"https:\/\/www.facebook.com\/Librairiebooksonthemove\/","article_modified_time":"2023-07-16T13:44:01+00:00","og_image":[{"width":538,"height":734,"url":"https:\/\/www.booksonthemove.fr\/media\/bom_2111.jpg","type":"image\/jpeg"}],"twitter_card":"summary_large_image","schema":{"@context":"https:\/\/schema.org","@graph":[{"@type":"WebPage","@id":"https:\/\/www.booksonthemove.fr\/produit\/passages-un-documentaire-sur-francoise-et-dominique-dupuy\/","url":"https:\/\/www.booksonthemove.fr\/produit\/passages-un-documentaire-sur-francoise-et-dominique-dupuy\/","name":"PASSAGES - un documentaire sur Fran\u00e7oise et Dominique Dupuy - Books on the Move","isPartOf":{"@id":"https:\/\/www.booksonthemove.fr\/#website"},"primaryImageOfPage":{"@id":"https:\/\/www.booksonthemove.fr\/produit\/passages-un-documentaire-sur-francoise-et-dominique-dupuy\/#primaryimage"},"image":{"@id":"https:\/\/www.booksonthemove.fr\/produit\/passages-un-documentaire-sur-francoise-et-dominique-dupuy\/#primaryimage"},"thumbnailUrl":"https:\/\/www.booksonthemove.fr\/media\/bom_2111.jpg","datePublished":"2020-04-15T14:05:07+00:00","dateModified":"2023-07-16T13:44:01+00:00","breadcrumb":{"@id":"https:\/\/www.booksonthemove.fr\/produit\/passages-un-documentaire-sur-francoise-et-dominique-dupuy\/#breadcrumb"},"inLanguage":"en-US","potentialAction":[{"@type":"ReadAction","target":["https:\/\/www.booksonthemove.fr\/produit\/passages-un-documentaire-sur-francoise-et-dominique-dupuy\/"]}]},{"@type":"ImageObject","inLanguage":"en-US","@id":"https:\/\/www.booksonthemove.fr\/produit\/passages-un-documentaire-sur-francoise-et-dominique-dupuy\/#primaryimage","url":"https:\/\/www.booksonthemove.fr\/media\/bom_2111.jpg","contentUrl":"https:\/\/www.booksonthemove.fr\/media\/bom_2111.jpg","width":538,"height":734},{"@type":"BreadcrumbList","@id":"https:\/\/www.booksonthemove.fr\/produit\/passages-un-documentaire-sur-francoise-et-dominique-dupuy\/#breadcrumb","itemListElement":[{"@type":"ListItem","position":1,"name":"Accueil","item":"https:\/\/www.booksonthemove.fr\/en\/"},{"@type":"ListItem","position":2,"name":"online store","item":"https:\/\/www.booksonthemove.fr\/en\/online-shop\/"},{"@type":"ListItem","position":3,"name":"PASSAGES &#8211; un documentaire sur Fran\u00e7oise et Dominique Dupuy"}]},{"@type":"WebSite","@id":"https:\/\/www.booksonthemove.fr\/#website","url":"https:\/\/www.booksonthemove.fr\/","name":"Books on the Move","description":"librairie nomade - danse - mouvement - performance","publisher":{"@id":"https:\/\/www.booksonthemove.fr\/#organization"},"potentialAction":[{"@type":"SearchAction","target":{"@type":"EntryPoint","urlTemplate":"https:\/\/www.booksonthemove.fr\/?s={search_term_string}"},"query-input":{"@type":"PropertyValueSpecification","valueRequired":true,"valueName":"search_term_string"}}],"inLanguage":"en-US"},{"@type":"Organization","@id":"https:\/\/www.booksonthemove.fr\/#organization","name":"Books on the Move","url":"https:\/\/www.booksonthemove.fr\/","logo":{"@type":"ImageObject","inLanguage":"en-US","@id":"https:\/\/www.booksonthemove.fr\/#\/schema\/logo\/image\/","url":"https:\/\/www.booksonthemove.fr\/media\/logo-NB-400.jpg","contentUrl":"https:\/\/www.booksonthemove.fr\/media\/logo-NB-400.jpg","width":400,"height":143,"caption":"Books on the Move"},"image":{"@id":"https:\/\/www.booksonthemove.fr\/#\/schema\/logo\/image\/"},"sameAs":["https:\/\/www.facebook.com\/Librairiebooksonthemove\/"]}]}},"_links":{"self":[{"href":"https:\/\/www.booksonthemove.fr\/en\/wp-json\/wp\/v2\/product\/15400","targetHints":{"allow":["GET"]}}],"collection":[{"href":"https:\/\/www.booksonthemove.fr\/en\/wp-json\/wp\/v2\/product"}],"about":[{"href":"https:\/\/www.booksonthemove.fr\/en\/wp-json\/wp\/v2\/types\/product"}],"wp:featuredmedia":[{"embeddable":true,"href":"https:\/\/www.booksonthemove.fr\/en\/wp-json\/wp\/v2\/media\/15399"}],"wp:attachment":[{"href":"https:\/\/www.booksonthemove.fr\/en\/wp-json\/wp\/v2\/media?parent=15400"}],"wp:term":[{"taxonomy":"product_brand","embeddable":true,"href":"https:\/\/www.booksonthemove.fr\/en\/wp-json\/wp\/v2\/product_brand?post=15400"},{"taxonomy":"product_cat","embeddable":true,"href":"https:\/\/www.booksonthemove.fr\/en\/wp-json\/wp\/v2\/product_cat?post=15400"},{"taxonomy":"product_tag","embeddable":true,"href":"https:\/\/www.booksonthemove.fr\/en\/wp-json\/wp\/v2\/product_tag?post=15400"}],"curies":[{"name":"wp","href":"https:\/\/api.w.org\/{rel}","templated":true}]}}