{"id":15543,"date":"2020-04-18T12:36:59","date_gmt":"2020-04-18T10:36:59","guid":{"rendered":"https:\/\/www.booksonthemove.fr\/produit\/bewegung-lesen-bewegung-schreiben\/"},"modified":"2022-08-08T16:56:01","modified_gmt":"2022-08-08T14:56:01","slug":"bewegung-lesen-bewegung-schreiben","status":"publish","type":"product","link":"https:\/\/www.booksonthemove.fr\/en\/produit\/bewegung-lesen-bewegung-schreiben\/","title":{"rendered":"Bewegung Lesen. Bewegung Schreiben"},"content":{"rendered":"<p class=\"bodytext\">Wie lesen, was sich der Buchst\u00e4blichkeit einer Schrift entzieht? Wie schreiben, was stets auf dem Weg und in Bewegung ist? Wie kaum ein anderes Ph\u00e4nomen entzieht sich Bewegung dem Schriftzug eines Schreibenden. Die sinnlich-k\u00f6rperliche Gegenw\u00e4rtigkeit der Bewegung l\u00e4sst sich weder im Blick noch in der Aufzeichnung still stellen \u2013 sie bewegt sich fort. Aber es gilt auch: Jedes Schreiben und jedes Lesen ist in Bewegung und ist selbst Bewegung; Aufzeichnungen und Lekt\u00fcren gehen von der Bewegung aus und setzen sie in Gang. Dies gilt auf mindestens dreifache Weise: (1) bewegt ist das vorg\u00e4ngige Ereignis, das die Aufzeichnung motiviert und ohne das sie buchst\u00e4blich gegenstandslos w\u00e4re, (2) bewegt ist der Prozess des Schreibens, (3) bewegt vollzieht sich die Lekt\u00fcre, im Nach-Vollzug des Lesens. Der vorliegende Band wirft Fragen auf und erprobt Antworten zur differenzierten Betrachtung und Beschreibung von Bewegung, die auch f\u00fcr eine grundlegende theoretische und \u00e4sthetische Reflexion von Tanz und Theater relevant sind.<\/p>\n<p>How to read what the letters of a text cannot express? How to write that which is in constant motion? Unlike any other phenomena, movement eludes a writer&#8217;s lettering. In its referral to the sensual perception of a physical present in motion, movement does not allow itself to be restrained in either vision or text.<br \/>\nThe symposium&#8217;s goal is to explore the consequences of \u00bbthe movement towards movement\u00ab for observation and description in the dialogue between the various disciplines of the studies of dance, theatre and literature. The diversity of interpretations gives us hope for an eventful dialogue, in which movement and writing can encounter each other on different levels.<\/p>\n<p class=\"bodytext\">Autoren\/Authors: Hans-Friedrich Bormann, Jeroen Coppens, Andr\u00e9 Eiermann, Sabine Huschka, Timmy de Laet, Mieke Matzke, Hanns-Josef Ortheil, Gerald Siegmund, Christina Thurner, Christel Weiler, Isa Wortelkamp.<\/p>\n","protected":false},"excerpt":{"rendered":"<p><strong>Hg.\/Editor:<\/strong> Isa Wortelkamp<br \/>\n<strong>Verlag\/Publisher:<\/strong> Revolver Verlag (2012)<\/p>\n<p><strong>Broschiert\/Hardcover:<\/strong> 224 Seiten<br \/>\n<strong>Sprache\/Language:<\/strong> Deutsch\/Englisch &#8211; German\/English<br \/>\n<strong>ISBN13:<\/strong> 978-3-86895-122-6<\/p>\n","protected":false},"featured_media":17435,"template":"","meta":[],"product_brand":[],"product_cat":[215,167,135],"product_tag":[],"class_list":{"0":"post-15543","1":"product","2":"type-product","3":"status-publish","4":"has-post-thumbnail","6":"product_cat-symposiums-conferences-en","7":"product_cat-german-en","8":"product_cat-english-en","10":"first","11":"outofstock","12":"taxable","13":"shipping-taxable","14":"purchasable","15":"product-type-simple"},"yoast_head":"<!-- This site is optimized with the Yoast SEO plugin v27.5 - https:\/\/yoast.com\/product\/yoast-seo-wordpress\/ -->\n<title>Bewegung Lesen. Bewegung Schreiben - Books on the Move<\/title>\n<meta name=\"robots\" content=\"index, follow, max-snippet:-1, max-image-preview:large, max-video-preview:-1\" \/>\n<link rel=\"canonical\" href=\"https:\/\/www.booksonthemove.fr\/en\/produit\/bewegung-lesen-bewegung-schreiben\/\" \/>\n<meta property=\"og:locale\" content=\"en_US\" \/>\n<meta property=\"og:type\" content=\"article\" \/>\n<meta property=\"og:title\" content=\"Bewegung Lesen. Bewegung Schreiben - Books on the Move\" \/>\n<meta property=\"og:description\" content=\"Hg.\/Editor: Isa Wortelkamp Verlag\/Publisher: Revolver Verlag (2012)  Broschiert\/Hardcover: 224 Seiten Sprache\/Language: Deutsch\/Englisch - German\/English ISBN13: 978-3-86895-122-6\" \/>\n<meta property=\"og:url\" content=\"https:\/\/www.booksonthemove.fr\/en\/produit\/bewegung-lesen-bewegung-schreiben\/\" \/>\n<meta property=\"og:site_name\" content=\"Books on the Move\" \/>\n<meta property=\"article:publisher\" content=\"https:\/\/www.facebook.com\/Librairiebooksonthemove\/\" \/>\n<meta property=\"article:modified_time\" content=\"2022-08-08T14:56:01+00:00\" \/>\n<meta property=\"og:image\" content=\"https:\/\/www.booksonthemove.fr\/media\/bom_2117-1.jpg\" \/>\n\t<meta property=\"og:image:width\" content=\"900\" \/>\n\t<meta property=\"og:image:height\" content=\"1269\" \/>\n\t<meta property=\"og:image:type\" content=\"image\/jpeg\" \/>\n<meta name=\"twitter:card\" content=\"summary_large_image\" \/>\n<script type=\"application\/ld+json\" class=\"yoast-schema-graph\">{\"@context\":\"https:\\\/\\\/schema.org\",\"@graph\":[{\"@type\":\"WebPage\",\"@id\":\"https:\\\/\\\/www.booksonthemove.fr\\\/en\\\/produit\\\/bewegung-lesen-bewegung-schreiben\\\/\",\"url\":\"https:\\\/\\\/www.booksonthemove.fr\\\/en\\\/produit\\\/bewegung-lesen-bewegung-schreiben\\\/\",\"name\":\"Bewegung Lesen. Bewegung Schreiben - Books on the Move\",\"isPartOf\":{\"@id\":\"https:\\\/\\\/www.booksonthemove.fr\\\/#website\"},\"primaryImageOfPage\":{\"@id\":\"https:\\\/\\\/www.booksonthemove.fr\\\/en\\\/produit\\\/bewegung-lesen-bewegung-schreiben\\\/#primaryimage\"},\"image\":{\"@id\":\"https:\\\/\\\/www.booksonthemove.fr\\\/en\\\/produit\\\/bewegung-lesen-bewegung-schreiben\\\/#primaryimage\"},\"thumbnailUrl\":\"https:\\\/\\\/www.booksonthemove.fr\\\/media\\\/bom_2117-1.jpg\",\"datePublished\":\"2020-04-18T10:36:59+00:00\",\"dateModified\":\"2022-08-08T14:56:01+00:00\",\"breadcrumb\":{\"@id\":\"https:\\\/\\\/www.booksonthemove.fr\\\/en\\\/produit\\\/bewegung-lesen-bewegung-schreiben\\\/#breadcrumb\"},\"inLanguage\":\"en-US\",\"potentialAction\":[{\"@type\":\"ReadAction\",\"target\":[\"https:\\\/\\\/www.booksonthemove.fr\\\/en\\\/produit\\\/bewegung-lesen-bewegung-schreiben\\\/\"]}]},{\"@type\":\"ImageObject\",\"inLanguage\":\"en-US\",\"@id\":\"https:\\\/\\\/www.booksonthemove.fr\\\/en\\\/produit\\\/bewegung-lesen-bewegung-schreiben\\\/#primaryimage\",\"url\":\"https:\\\/\\\/www.booksonthemove.fr\\\/media\\\/bom_2117-1.jpg\",\"contentUrl\":\"https:\\\/\\\/www.booksonthemove.fr\\\/media\\\/bom_2117-1.jpg\",\"width\":900,\"height\":1269},{\"@type\":\"BreadcrumbList\",\"@id\":\"https:\\\/\\\/www.booksonthemove.fr\\\/en\\\/produit\\\/bewegung-lesen-bewegung-schreiben\\\/#breadcrumb\",\"itemListElement\":[{\"@type\":\"ListItem\",\"position\":1,\"name\":\"Accueil\",\"item\":\"https:\\\/\\\/www.booksonthemove.fr\\\/en\\\/\"},{\"@type\":\"ListItem\",\"position\":2,\"name\":\"online store\",\"item\":\"https:\\\/\\\/www.booksonthemove.fr\\\/en\\\/online-shop\\\/\"},{\"@type\":\"ListItem\",\"position\":3,\"name\":\"Bewegung Lesen. Bewegung Schreiben\"}]},{\"@type\":\"WebSite\",\"@id\":\"https:\\\/\\\/www.booksonthemove.fr\\\/#website\",\"url\":\"https:\\\/\\\/www.booksonthemove.fr\\\/\",\"name\":\"Books on the Move\",\"description\":\"librairie nomade - danse - mouvement - performance\",\"publisher\":{\"@id\":\"https:\\\/\\\/www.booksonthemove.fr\\\/#organization\"},\"potentialAction\":[{\"@type\":\"SearchAction\",\"target\":{\"@type\":\"EntryPoint\",\"urlTemplate\":\"https:\\\/\\\/www.booksonthemove.fr\\\/?s={search_term_string}\"},\"query-input\":{\"@type\":\"PropertyValueSpecification\",\"valueRequired\":true,\"valueName\":\"search_term_string\"}}],\"inLanguage\":\"en-US\"},{\"@type\":\"Organization\",\"@id\":\"https:\\\/\\\/www.booksonthemove.fr\\\/#organization\",\"name\":\"Books on the Move\",\"url\":\"https:\\\/\\\/www.booksonthemove.fr\\\/\",\"logo\":{\"@type\":\"ImageObject\",\"inLanguage\":\"en-US\",\"@id\":\"https:\\\/\\\/www.booksonthemove.fr\\\/#\\\/schema\\\/logo\\\/image\\\/\",\"url\":\"https:\\\/\\\/www.booksonthemove.fr\\\/media\\\/logo-NB-400.jpg\",\"contentUrl\":\"https:\\\/\\\/www.booksonthemove.fr\\\/media\\\/logo-NB-400.jpg\",\"width\":400,\"height\":143,\"caption\":\"Books on the Move\"},\"image\":{\"@id\":\"https:\\\/\\\/www.booksonthemove.fr\\\/#\\\/schema\\\/logo\\\/image\\\/\"},\"sameAs\":[\"https:\\\/\\\/www.facebook.com\\\/Librairiebooksonthemove\\\/\"]}]}<\/script>\n<!-- \/ Yoast SEO plugin. -->","yoast_head_json":{"title":"Bewegung Lesen. Bewegung Schreiben - Books on the Move","robots":{"index":"index","follow":"follow","max-snippet":"max-snippet:-1","max-image-preview":"max-image-preview:large","max-video-preview":"max-video-preview:-1"},"canonical":"https:\/\/www.booksonthemove.fr\/en\/produit\/bewegung-lesen-bewegung-schreiben\/","og_locale":"en_US","og_type":"article","og_title":"Bewegung Lesen. Bewegung Schreiben - Books on the Move","og_description":"Hg.\/Editor: Isa Wortelkamp Verlag\/Publisher: Revolver Verlag (2012)  Broschiert\/Hardcover: 224 Seiten Sprache\/Language: Deutsch\/Englisch - German\/English ISBN13: 978-3-86895-122-6","og_url":"https:\/\/www.booksonthemove.fr\/en\/produit\/bewegung-lesen-bewegung-schreiben\/","og_site_name":"Books on the Move","article_publisher":"https:\/\/www.facebook.com\/Librairiebooksonthemove\/","article_modified_time":"2022-08-08T14:56:01+00:00","og_image":[{"width":900,"height":1269,"url":"https:\/\/www.booksonthemove.fr\/media\/bom_2117-1.jpg","type":"image\/jpeg"}],"twitter_card":"summary_large_image","schema":{"@context":"https:\/\/schema.org","@graph":[{"@type":"WebPage","@id":"https:\/\/www.booksonthemove.fr\/en\/produit\/bewegung-lesen-bewegung-schreiben\/","url":"https:\/\/www.booksonthemove.fr\/en\/produit\/bewegung-lesen-bewegung-schreiben\/","name":"Bewegung Lesen. Bewegung Schreiben - Books on the Move","isPartOf":{"@id":"https:\/\/www.booksonthemove.fr\/#website"},"primaryImageOfPage":{"@id":"https:\/\/www.booksonthemove.fr\/en\/produit\/bewegung-lesen-bewegung-schreiben\/#primaryimage"},"image":{"@id":"https:\/\/www.booksonthemove.fr\/en\/produit\/bewegung-lesen-bewegung-schreiben\/#primaryimage"},"thumbnailUrl":"https:\/\/www.booksonthemove.fr\/media\/bom_2117-1.jpg","datePublished":"2020-04-18T10:36:59+00:00","dateModified":"2022-08-08T14:56:01+00:00","breadcrumb":{"@id":"https:\/\/www.booksonthemove.fr\/en\/produit\/bewegung-lesen-bewegung-schreiben\/#breadcrumb"},"inLanguage":"en-US","potentialAction":[{"@type":"ReadAction","target":["https:\/\/www.booksonthemove.fr\/en\/produit\/bewegung-lesen-bewegung-schreiben\/"]}]},{"@type":"ImageObject","inLanguage":"en-US","@id":"https:\/\/www.booksonthemove.fr\/en\/produit\/bewegung-lesen-bewegung-schreiben\/#primaryimage","url":"https:\/\/www.booksonthemove.fr\/media\/bom_2117-1.jpg","contentUrl":"https:\/\/www.booksonthemove.fr\/media\/bom_2117-1.jpg","width":900,"height":1269},{"@type":"BreadcrumbList","@id":"https:\/\/www.booksonthemove.fr\/en\/produit\/bewegung-lesen-bewegung-schreiben\/#breadcrumb","itemListElement":[{"@type":"ListItem","position":1,"name":"Accueil","item":"https:\/\/www.booksonthemove.fr\/en\/"},{"@type":"ListItem","position":2,"name":"online store","item":"https:\/\/www.booksonthemove.fr\/en\/online-shop\/"},{"@type":"ListItem","position":3,"name":"Bewegung Lesen. Bewegung Schreiben"}]},{"@type":"WebSite","@id":"https:\/\/www.booksonthemove.fr\/#website","url":"https:\/\/www.booksonthemove.fr\/","name":"Books on the Move","description":"librairie nomade - danse - mouvement - performance","publisher":{"@id":"https:\/\/www.booksonthemove.fr\/#organization"},"potentialAction":[{"@type":"SearchAction","target":{"@type":"EntryPoint","urlTemplate":"https:\/\/www.booksonthemove.fr\/?s={search_term_string}"},"query-input":{"@type":"PropertyValueSpecification","valueRequired":true,"valueName":"search_term_string"}}],"inLanguage":"en-US"},{"@type":"Organization","@id":"https:\/\/www.booksonthemove.fr\/#organization","name":"Books on the Move","url":"https:\/\/www.booksonthemove.fr\/","logo":{"@type":"ImageObject","inLanguage":"en-US","@id":"https:\/\/www.booksonthemove.fr\/#\/schema\/logo\/image\/","url":"https:\/\/www.booksonthemove.fr\/media\/logo-NB-400.jpg","contentUrl":"https:\/\/www.booksonthemove.fr\/media\/logo-NB-400.jpg","width":400,"height":143,"caption":"Books on the Move"},"image":{"@id":"https:\/\/www.booksonthemove.fr\/#\/schema\/logo\/image\/"},"sameAs":["https:\/\/www.facebook.com\/Librairiebooksonthemove\/"]}]}},"_links":{"self":[{"href":"https:\/\/www.booksonthemove.fr\/en\/wp-json\/wp\/v2\/product\/15543","targetHints":{"allow":["GET"]}}],"collection":[{"href":"https:\/\/www.booksonthemove.fr\/en\/wp-json\/wp\/v2\/product"}],"about":[{"href":"https:\/\/www.booksonthemove.fr\/en\/wp-json\/wp\/v2\/types\/product"}],"wp:featuredmedia":[{"embeddable":true,"href":"https:\/\/www.booksonthemove.fr\/en\/wp-json\/wp\/v2\/media\/17435"}],"wp:attachment":[{"href":"https:\/\/www.booksonthemove.fr\/en\/wp-json\/wp\/v2\/media?parent=15543"}],"wp:term":[{"taxonomy":"product_brand","embeddable":true,"href":"https:\/\/www.booksonthemove.fr\/en\/wp-json\/wp\/v2\/product_brand?post=15543"},{"taxonomy":"product_cat","embeddable":true,"href":"https:\/\/www.booksonthemove.fr\/en\/wp-json\/wp\/v2\/product_cat?post=15543"},{"taxonomy":"product_tag","embeddable":true,"href":"https:\/\/www.booksonthemove.fr\/en\/wp-json\/wp\/v2\/product_tag?post=15543"}],"curies":[{"name":"wp","href":"https:\/\/api.w.org\/{rel}","templated":true}]}}