{"id":15548,"date":"2020-04-18T12:53:50","date_gmt":"2020-04-18T10:53:50","guid":{"rendered":"https:\/\/www.booksonthemove.fr\/produit\/choreografische-praxis-vermittlung-in-tanzkunst-und-kultureller-bildung\/"},"modified":"2020-04-18T12:54:04","modified_gmt":"2020-04-18T10:54:04","slug":"choreografische-praxis-vermittlung-in-tanzkunst-und-kultureller-bildung","status":"publish","type":"product","link":"https:\/\/www.booksonthemove.fr\/en\/produit\/choreografische-praxis-vermittlung-in-tanzkunst-und-kultureller-bildung\/","title":{"rendered":"Choreografische Praxis &#8211; Vermittlung in Tanzkunst und Kultureller Bildung"},"content":{"rendered":"<p>Vermittlung, Tanzkunst und Kulturelle Bildung stehen in engem Zusammenhang. Gitta Barthel stellt k\u00fcnstlerisch-kulturelle Projekte vor, in denen Choreograf_innen mit heterogenen Gruppen arbeiten. Sie erschlie\u00dft Vermittlung als immanenten Bestandteil von Choreografie und liefert eine faszinierende Zusammenstellung von Vermittlungspraktiken und Aufmerksamkeitslenkungen. Theoretische Ausgangspunkte bilden die tanzwissenschaftliche Reflexion zu Praktiken des erweiterten Choreografiebegriffes und die Betrachtung des Bedingungsgef\u00fcges gegenw\u00e4rtiger Tanzvermittlung aus der Perspektive des Kreativit\u00e4tsdispositivs. Die in der praxeologischen Tanzwissenschaft verortete Studie tr\u00e4gt Erkenntnisse zur Tanzp\u00e4dagogik ebenso wie zur Kulturellen Bildung bei.<\/p>\n","protected":false},"excerpt":{"rendered":"<p>Autor: Gitta Barthel<br \/>\nVerlag: [transcript] (2017)<\/p>\n<p>Paperback: 272 Seiten<br \/>\nSprache: Deutsch<br \/>\nISBN13: 978-3-8376-3779-3<\/p>\n","protected":false},"featured_media":15547,"template":"","meta":[],"product_brand":[],"product_cat":[167,240,146],"product_tag":[],"class_list":{"0":"post-15548","1":"product","2":"type-product","3":"status-publish","4":"has-post-thumbnail","6":"product_cat-german-en","7":"product_cat-choreography-en","8":"product_cat-theoretical-texts-en","10":"first","11":"instock","12":"taxable","13":"shipping-taxable","14":"purchasable","15":"product-type-simple"},"yoast_head":"<!-- This site is optimized with the Yoast SEO plugin v27.5 - https:\/\/yoast.com\/product\/yoast-seo-wordpress\/ -->\n<title>Choreografische Praxis - Vermittlung in Tanzkunst und Kultureller Bildung - Books on the Move<\/title>\n<meta name=\"robots\" content=\"index, follow, max-snippet:-1, max-image-preview:large, max-video-preview:-1\" \/>\n<link rel=\"canonical\" href=\"https:\/\/www.booksonthemove.fr\/en\/produit\/choreografische-praxis-vermittlung-in-tanzkunst-und-kultureller-bildung\/\" \/>\n<meta property=\"og:locale\" content=\"en_US\" \/>\n<meta property=\"og:type\" content=\"article\" \/>\n<meta property=\"og:title\" content=\"Choreografische Praxis - Vermittlung in Tanzkunst und Kultureller Bildung - Books on the Move\" \/>\n<meta property=\"og:description\" content=\"Autor: Gitta Barthel Verlag: [transcript] (2017)  Paperback: 272 Seiten Sprache: Deutsch ISBN13: 978-3-8376-3779-3\" \/>\n<meta property=\"og:url\" content=\"https:\/\/www.booksonthemove.fr\/en\/produit\/choreografische-praxis-vermittlung-in-tanzkunst-und-kultureller-bildung\/\" \/>\n<meta property=\"og:site_name\" content=\"Books on the Move\" \/>\n<meta property=\"article:publisher\" content=\"https:\/\/www.facebook.com\/Librairiebooksonthemove\/\" \/>\n<meta property=\"article:modified_time\" content=\"2020-04-18T10:54:04+00:00\" \/>\n<meta property=\"og:image\" content=\"https:\/\/www.booksonthemove.fr\/media\/bom_1770_reduced.jpeg\" \/>\n\t<meta property=\"og:image:width\" content=\"900\" \/>\n\t<meta property=\"og:image:height\" content=\"1406\" \/>\n\t<meta property=\"og:image:type\" content=\"image\/jpeg\" \/>\n<meta name=\"twitter:card\" content=\"summary_large_image\" \/>\n<script type=\"application\/ld+json\" class=\"yoast-schema-graph\">{\"@context\":\"https:\\\/\\\/schema.org\",\"@graph\":[{\"@type\":\"WebPage\",\"@id\":\"https:\\\/\\\/www.booksonthemove.fr\\\/en\\\/produit\\\/choreografische-praxis-vermittlung-in-tanzkunst-und-kultureller-bildung\\\/\",\"url\":\"https:\\\/\\\/www.booksonthemove.fr\\\/en\\\/produit\\\/choreografische-praxis-vermittlung-in-tanzkunst-und-kultureller-bildung\\\/\",\"name\":\"Choreografische Praxis - Vermittlung in Tanzkunst und Kultureller Bildung - Books on the Move\",\"isPartOf\":{\"@id\":\"https:\\\/\\\/www.booksonthemove.fr\\\/#website\"},\"primaryImageOfPage\":{\"@id\":\"https:\\\/\\\/www.booksonthemove.fr\\\/en\\\/produit\\\/choreografische-praxis-vermittlung-in-tanzkunst-und-kultureller-bildung\\\/#primaryimage\"},\"image\":{\"@id\":\"https:\\\/\\\/www.booksonthemove.fr\\\/en\\\/produit\\\/choreografische-praxis-vermittlung-in-tanzkunst-und-kultureller-bildung\\\/#primaryimage\"},\"thumbnailUrl\":\"https:\\\/\\\/www.booksonthemove.fr\\\/media\\\/bom_1770_reduced.jpeg\",\"datePublished\":\"2020-04-18T10:53:50+00:00\",\"dateModified\":\"2020-04-18T10:54:04+00:00\",\"breadcrumb\":{\"@id\":\"https:\\\/\\\/www.booksonthemove.fr\\\/en\\\/produit\\\/choreografische-praxis-vermittlung-in-tanzkunst-und-kultureller-bildung\\\/#breadcrumb\"},\"inLanguage\":\"en-US\",\"potentialAction\":[{\"@type\":\"ReadAction\",\"target\":[\"https:\\\/\\\/www.booksonthemove.fr\\\/en\\\/produit\\\/choreografische-praxis-vermittlung-in-tanzkunst-und-kultureller-bildung\\\/\"]}]},{\"@type\":\"ImageObject\",\"inLanguage\":\"en-US\",\"@id\":\"https:\\\/\\\/www.booksonthemove.fr\\\/en\\\/produit\\\/choreografische-praxis-vermittlung-in-tanzkunst-und-kultureller-bildung\\\/#primaryimage\",\"url\":\"https:\\\/\\\/www.booksonthemove.fr\\\/media\\\/bom_1770_reduced.jpeg\",\"contentUrl\":\"https:\\\/\\\/www.booksonthemove.fr\\\/media\\\/bom_1770_reduced.jpeg\",\"width\":900,\"height\":1406},{\"@type\":\"BreadcrumbList\",\"@id\":\"https:\\\/\\\/www.booksonthemove.fr\\\/en\\\/produit\\\/choreografische-praxis-vermittlung-in-tanzkunst-und-kultureller-bildung\\\/#breadcrumb\",\"itemListElement\":[{\"@type\":\"ListItem\",\"position\":1,\"name\":\"Accueil\",\"item\":\"https:\\\/\\\/www.booksonthemove.fr\\\/en\\\/\"},{\"@type\":\"ListItem\",\"position\":2,\"name\":\"online store\",\"item\":\"https:\\\/\\\/www.booksonthemove.fr\\\/en\\\/online-shop\\\/\"},{\"@type\":\"ListItem\",\"position\":3,\"name\":\"Choreografische Praxis &#8211; Vermittlung in Tanzkunst und Kultureller Bildung\"}]},{\"@type\":\"WebSite\",\"@id\":\"https:\\\/\\\/www.booksonthemove.fr\\\/#website\",\"url\":\"https:\\\/\\\/www.booksonthemove.fr\\\/\",\"name\":\"Books on the Move\",\"description\":\"librairie nomade - danse - mouvement - performance\",\"publisher\":{\"@id\":\"https:\\\/\\\/www.booksonthemove.fr\\\/#organization\"},\"potentialAction\":[{\"@type\":\"SearchAction\",\"target\":{\"@type\":\"EntryPoint\",\"urlTemplate\":\"https:\\\/\\\/www.booksonthemove.fr\\\/?s={search_term_string}\"},\"query-input\":{\"@type\":\"PropertyValueSpecification\",\"valueRequired\":true,\"valueName\":\"search_term_string\"}}],\"inLanguage\":\"en-US\"},{\"@type\":\"Organization\",\"@id\":\"https:\\\/\\\/www.booksonthemove.fr\\\/#organization\",\"name\":\"Books on the Move\",\"url\":\"https:\\\/\\\/www.booksonthemove.fr\\\/\",\"logo\":{\"@type\":\"ImageObject\",\"inLanguage\":\"en-US\",\"@id\":\"https:\\\/\\\/www.booksonthemove.fr\\\/#\\\/schema\\\/logo\\\/image\\\/\",\"url\":\"https:\\\/\\\/www.booksonthemove.fr\\\/media\\\/logo-NB-400.jpg\",\"contentUrl\":\"https:\\\/\\\/www.booksonthemove.fr\\\/media\\\/logo-NB-400.jpg\",\"width\":400,\"height\":143,\"caption\":\"Books on the Move\"},\"image\":{\"@id\":\"https:\\\/\\\/www.booksonthemove.fr\\\/#\\\/schema\\\/logo\\\/image\\\/\"},\"sameAs\":[\"https:\\\/\\\/www.facebook.com\\\/Librairiebooksonthemove\\\/\"]}]}<\/script>\n<!-- \/ Yoast SEO plugin. -->","yoast_head_json":{"title":"Choreografische Praxis - Vermittlung in Tanzkunst und Kultureller Bildung - Books on the Move","robots":{"index":"index","follow":"follow","max-snippet":"max-snippet:-1","max-image-preview":"max-image-preview:large","max-video-preview":"max-video-preview:-1"},"canonical":"https:\/\/www.booksonthemove.fr\/en\/produit\/choreografische-praxis-vermittlung-in-tanzkunst-und-kultureller-bildung\/","og_locale":"en_US","og_type":"article","og_title":"Choreografische Praxis - Vermittlung in Tanzkunst und Kultureller Bildung - Books on the Move","og_description":"Autor: Gitta Barthel Verlag: [transcript] (2017)  Paperback: 272 Seiten Sprache: Deutsch ISBN13: 978-3-8376-3779-3","og_url":"https:\/\/www.booksonthemove.fr\/en\/produit\/choreografische-praxis-vermittlung-in-tanzkunst-und-kultureller-bildung\/","og_site_name":"Books on the Move","article_publisher":"https:\/\/www.facebook.com\/Librairiebooksonthemove\/","article_modified_time":"2020-04-18T10:54:04+00:00","og_image":[{"width":900,"height":1406,"url":"https:\/\/www.booksonthemove.fr\/media\/bom_1770_reduced.jpeg","type":"image\/jpeg"}],"twitter_card":"summary_large_image","schema":{"@context":"https:\/\/schema.org","@graph":[{"@type":"WebPage","@id":"https:\/\/www.booksonthemove.fr\/en\/produit\/choreografische-praxis-vermittlung-in-tanzkunst-und-kultureller-bildung\/","url":"https:\/\/www.booksonthemove.fr\/en\/produit\/choreografische-praxis-vermittlung-in-tanzkunst-und-kultureller-bildung\/","name":"Choreografische Praxis - Vermittlung in Tanzkunst und Kultureller Bildung - Books on the Move","isPartOf":{"@id":"https:\/\/www.booksonthemove.fr\/#website"},"primaryImageOfPage":{"@id":"https:\/\/www.booksonthemove.fr\/en\/produit\/choreografische-praxis-vermittlung-in-tanzkunst-und-kultureller-bildung\/#primaryimage"},"image":{"@id":"https:\/\/www.booksonthemove.fr\/en\/produit\/choreografische-praxis-vermittlung-in-tanzkunst-und-kultureller-bildung\/#primaryimage"},"thumbnailUrl":"https:\/\/www.booksonthemove.fr\/media\/bom_1770_reduced.jpeg","datePublished":"2020-04-18T10:53:50+00:00","dateModified":"2020-04-18T10:54:04+00:00","breadcrumb":{"@id":"https:\/\/www.booksonthemove.fr\/en\/produit\/choreografische-praxis-vermittlung-in-tanzkunst-und-kultureller-bildung\/#breadcrumb"},"inLanguage":"en-US","potentialAction":[{"@type":"ReadAction","target":["https:\/\/www.booksonthemove.fr\/en\/produit\/choreografische-praxis-vermittlung-in-tanzkunst-und-kultureller-bildung\/"]}]},{"@type":"ImageObject","inLanguage":"en-US","@id":"https:\/\/www.booksonthemove.fr\/en\/produit\/choreografische-praxis-vermittlung-in-tanzkunst-und-kultureller-bildung\/#primaryimage","url":"https:\/\/www.booksonthemove.fr\/media\/bom_1770_reduced.jpeg","contentUrl":"https:\/\/www.booksonthemove.fr\/media\/bom_1770_reduced.jpeg","width":900,"height":1406},{"@type":"BreadcrumbList","@id":"https:\/\/www.booksonthemove.fr\/en\/produit\/choreografische-praxis-vermittlung-in-tanzkunst-und-kultureller-bildung\/#breadcrumb","itemListElement":[{"@type":"ListItem","position":1,"name":"Accueil","item":"https:\/\/www.booksonthemove.fr\/en\/"},{"@type":"ListItem","position":2,"name":"online store","item":"https:\/\/www.booksonthemove.fr\/en\/online-shop\/"},{"@type":"ListItem","position":3,"name":"Choreografische Praxis &#8211; Vermittlung in Tanzkunst und Kultureller Bildung"}]},{"@type":"WebSite","@id":"https:\/\/www.booksonthemove.fr\/#website","url":"https:\/\/www.booksonthemove.fr\/","name":"Books on the Move","description":"librairie nomade - danse - mouvement - performance","publisher":{"@id":"https:\/\/www.booksonthemove.fr\/#organization"},"potentialAction":[{"@type":"SearchAction","target":{"@type":"EntryPoint","urlTemplate":"https:\/\/www.booksonthemove.fr\/?s={search_term_string}"},"query-input":{"@type":"PropertyValueSpecification","valueRequired":true,"valueName":"search_term_string"}}],"inLanguage":"en-US"},{"@type":"Organization","@id":"https:\/\/www.booksonthemove.fr\/#organization","name":"Books on the Move","url":"https:\/\/www.booksonthemove.fr\/","logo":{"@type":"ImageObject","inLanguage":"en-US","@id":"https:\/\/www.booksonthemove.fr\/#\/schema\/logo\/image\/","url":"https:\/\/www.booksonthemove.fr\/media\/logo-NB-400.jpg","contentUrl":"https:\/\/www.booksonthemove.fr\/media\/logo-NB-400.jpg","width":400,"height":143,"caption":"Books on the Move"},"image":{"@id":"https:\/\/www.booksonthemove.fr\/#\/schema\/logo\/image\/"},"sameAs":["https:\/\/www.facebook.com\/Librairiebooksonthemove\/"]}]}},"_links":{"self":[{"href":"https:\/\/www.booksonthemove.fr\/en\/wp-json\/wp\/v2\/product\/15548","targetHints":{"allow":["GET"]}}],"collection":[{"href":"https:\/\/www.booksonthemove.fr\/en\/wp-json\/wp\/v2\/product"}],"about":[{"href":"https:\/\/www.booksonthemove.fr\/en\/wp-json\/wp\/v2\/types\/product"}],"wp:featuredmedia":[{"embeddable":true,"href":"https:\/\/www.booksonthemove.fr\/en\/wp-json\/wp\/v2\/media\/15547"}],"wp:attachment":[{"href":"https:\/\/www.booksonthemove.fr\/en\/wp-json\/wp\/v2\/media?parent=15548"}],"wp:term":[{"taxonomy":"product_brand","embeddable":true,"href":"https:\/\/www.booksonthemove.fr\/en\/wp-json\/wp\/v2\/product_brand?post=15548"},{"taxonomy":"product_cat","embeddable":true,"href":"https:\/\/www.booksonthemove.fr\/en\/wp-json\/wp\/v2\/product_cat?post=15548"},{"taxonomy":"product_tag","embeddable":true,"href":"https:\/\/www.booksonthemove.fr\/en\/wp-json\/wp\/v2\/product_tag?post=15548"}],"curies":[{"name":"wp","href":"https:\/\/api.w.org\/{rel}","templated":true}]}}