{"id":15661,"date":"2020-04-20T17:23:44","date_gmt":"2020-04-20T15:23:44","guid":{"rendered":"https:\/\/www.booksonthemove.fr\/produit\/remembering-the-future-40-jahre-tanzfabrik-berlin\/"},"modified":"2024-08-21T17:26:02","modified_gmt":"2024-08-21T15:26:02","slug":"remembering-the-future-40-jahre-tanzfabrik-berlin","status":"publish","type":"product","link":"https:\/\/www.booksonthemove.fr\/en\/produit\/remembering-the-future-40-jahre-tanzfabrik-berlin\/","title":{"rendered":"Remembering the Future. 40 Jahre Tanzfabrik Berlin"},"content":{"rendered":"<p class=\"bodytext\">\u201eRemembering the Future\u201c erscheint anl\u00e4sslich des 40-j\u00e4hrigen Bestehens der Tanzfabrik Berlin. In einer Vielzahl unterschiedlicher Perspektiven erinnert das Buch an die bisherigen Entwicklungen und Umbr\u00fcche und richtet gleichzeitig den Blick nach vorne auf die Herausforderungen der Zukunft und die damit verbundenen neuen Umbr\u00fcche und Anf\u00e4nge. Statt einer l\u00fcckenlosen Historiographie der Tanzfabrik seit 1998 versammelt der Band Betrachtungen, die aus der Tanzfabrik heraus m\u00f6glich geworden sind und aus denen heraus man umgekehrt auf die Tanzfabrik blicken kann.<\/p>\n<p class=\"bodytext\">Mit Beitr\u00e4gen von\/Contributors: Silke Bake, Christina Ciupke, Franz Anton Cramer, deufert&amp;plischke, Dewey Dell, Angelika Endres, Claudia Feest, Christa Flaig-Isaacs, Sigrid Gareis, Eva-Maria Hoerster, Susanne Karow, Hanna Kritten Tangsoo, Jacopo Lanteri, Kirsten Maar, Susanne Martin, Sergiu Matis, Gisela M\u00fcller, Ilya No\u00e9, Ludger Orlok, Gabriele Reuter, Irene Sieben, Grete Smitaite, Peter Stamer, AnnA Stein, Anke Strau\u00df, Sarah Vanhee, Christel Weiler.<\/p>\n<p class=\"bodytext\">On the occasion of Tanzfabrik Berlin&#8217;s 40th birthday, REMEMBERING THE FUTURE was published. Not only many voices look back at history but they also take the present as a starting point towards tomorrow. This book is an attempt to recall the milestones, developments and turnarounds that have shaped Tanzfabrik&#8217;s history as well as to look ahead to the challenges of the future. Rather than a linear history documentation of Tanzfabrik, the present publication aims to show a range of different views, which all arose from Tanzfabrik and in turn offer insight into it.<\/p>\n","protected":false},"excerpt":{"rendered":"<p><strong>Hg.:<\/strong> Franz Anton Cramer, Jacopo Lanteri, Ludger Orlok &amp; Anna Stein<br \/>\n<strong>Verlag:<\/strong> Tanzfabrik Berlin e. V., Berlin (2018)<\/p>\n<p><strong>Softcover:<\/strong> 260 Seiten<br \/>\n<strong>Sprache:<\/strong> Deutsch\/Englisch<br \/>\n<strong>ISBN13:<\/strong> 978-3-00-060340-2<\/p>\n","protected":false},"featured_media":15660,"template":"","meta":[],"product_brand":[],"product_cat":[167,135,136,289],"product_tag":[],"class_list":{"0":"post-15661","1":"product","2":"type-product","3":"status-publish","4":"has-post-thumbnail","6":"product_cat-german-en","7":"product_cat-english-en","8":"product_cat-histoire-en","9":"product_cat-performance-venues-programming","11":"first","12":"instock","13":"taxable","14":"shipping-taxable","15":"purchasable","16":"product-type-simple"},"yoast_head":"<!-- This site is optimized with the Yoast SEO plugin v27.5 - https:\/\/yoast.com\/product\/yoast-seo-wordpress\/ -->\n<title>Remembering the Future. 40 Jahre Tanzfabrik Berlin - Books on the Move<\/title>\n<meta name=\"robots\" content=\"index, follow, max-snippet:-1, max-image-preview:large, max-video-preview:-1\" \/>\n<link rel=\"canonical\" href=\"https:\/\/www.booksonthemove.fr\/en\/produit\/remembering-the-future-40-jahre-tanzfabrik-berlin\/\" \/>\n<meta property=\"og:locale\" content=\"en_US\" \/>\n<meta property=\"og:type\" content=\"article\" \/>\n<meta property=\"og:title\" content=\"Remembering the Future. 40 Jahre Tanzfabrik Berlin - Books on the Move\" \/>\n<meta property=\"og:description\" content=\"Hg.: Franz Anton Cramer, Jacopo Lanteri, Ludger Orlok &amp; Anna Stein Verlag: Tanzfabrik Berlin e. V., Berlin (2018)  Softcover: 260 Seiten Sprache: Deutsch\/Englisch ISBN13: 978-3-00-060340-2\" \/>\n<meta property=\"og:url\" content=\"https:\/\/www.booksonthemove.fr\/en\/produit\/remembering-the-future-40-jahre-tanzfabrik-berlin\/\" \/>\n<meta property=\"og:site_name\" content=\"Books on the Move\" \/>\n<meta property=\"article:publisher\" content=\"https:\/\/www.facebook.com\/Librairiebooksonthemove\/\" \/>\n<meta property=\"article:modified_time\" content=\"2024-08-21T15:26:02+00:00\" \/>\n<meta property=\"og:image\" content=\"https:\/\/www.booksonthemove.fr\/media\/bom_1838.jpeg\" \/>\n\t<meta property=\"og:image:width\" content=\"450\" \/>\n\t<meta property=\"og:image:height\" content=\"621\" \/>\n\t<meta property=\"og:image:type\" content=\"image\/jpeg\" \/>\n<meta name=\"twitter:card\" content=\"summary_large_image\" \/>\n<script type=\"application\/ld+json\" class=\"yoast-schema-graph\">{\"@context\":\"https:\\\/\\\/schema.org\",\"@graph\":[{\"@type\":\"WebPage\",\"@id\":\"https:\\\/\\\/www.booksonthemove.fr\\\/en\\\/produit\\\/remembering-the-future-40-jahre-tanzfabrik-berlin\\\/\",\"url\":\"https:\\\/\\\/www.booksonthemove.fr\\\/en\\\/produit\\\/remembering-the-future-40-jahre-tanzfabrik-berlin\\\/\",\"name\":\"Remembering the Future. 40 Jahre Tanzfabrik Berlin - Books on the Move\",\"isPartOf\":{\"@id\":\"https:\\\/\\\/www.booksonthemove.fr\\\/#website\"},\"primaryImageOfPage\":{\"@id\":\"https:\\\/\\\/www.booksonthemove.fr\\\/en\\\/produit\\\/remembering-the-future-40-jahre-tanzfabrik-berlin\\\/#primaryimage\"},\"image\":{\"@id\":\"https:\\\/\\\/www.booksonthemove.fr\\\/en\\\/produit\\\/remembering-the-future-40-jahre-tanzfabrik-berlin\\\/#primaryimage\"},\"thumbnailUrl\":\"https:\\\/\\\/www.booksonthemove.fr\\\/media\\\/bom_1838.jpeg\",\"datePublished\":\"2020-04-20T15:23:44+00:00\",\"dateModified\":\"2024-08-21T15:26:02+00:00\",\"breadcrumb\":{\"@id\":\"https:\\\/\\\/www.booksonthemove.fr\\\/en\\\/produit\\\/remembering-the-future-40-jahre-tanzfabrik-berlin\\\/#breadcrumb\"},\"inLanguage\":\"en-US\",\"potentialAction\":[{\"@type\":\"ReadAction\",\"target\":[\"https:\\\/\\\/www.booksonthemove.fr\\\/en\\\/produit\\\/remembering-the-future-40-jahre-tanzfabrik-berlin\\\/\"]}]},{\"@type\":\"ImageObject\",\"inLanguage\":\"en-US\",\"@id\":\"https:\\\/\\\/www.booksonthemove.fr\\\/en\\\/produit\\\/remembering-the-future-40-jahre-tanzfabrik-berlin\\\/#primaryimage\",\"url\":\"https:\\\/\\\/www.booksonthemove.fr\\\/media\\\/bom_1838.jpeg\",\"contentUrl\":\"https:\\\/\\\/www.booksonthemove.fr\\\/media\\\/bom_1838.jpeg\",\"width\":450,\"height\":621},{\"@type\":\"BreadcrumbList\",\"@id\":\"https:\\\/\\\/www.booksonthemove.fr\\\/en\\\/produit\\\/remembering-the-future-40-jahre-tanzfabrik-berlin\\\/#breadcrumb\",\"itemListElement\":[{\"@type\":\"ListItem\",\"position\":1,\"name\":\"Accueil\",\"item\":\"https:\\\/\\\/www.booksonthemove.fr\\\/en\\\/\"},{\"@type\":\"ListItem\",\"position\":2,\"name\":\"online store\",\"item\":\"https:\\\/\\\/www.booksonthemove.fr\\\/en\\\/online-shop\\\/\"},{\"@type\":\"ListItem\",\"position\":3,\"name\":\"Remembering the Future. 40 Jahre Tanzfabrik Berlin\"}]},{\"@type\":\"WebSite\",\"@id\":\"https:\\\/\\\/www.booksonthemove.fr\\\/#website\",\"url\":\"https:\\\/\\\/www.booksonthemove.fr\\\/\",\"name\":\"Books on the Move\",\"description\":\"librairie nomade - danse - mouvement - performance\",\"publisher\":{\"@id\":\"https:\\\/\\\/www.booksonthemove.fr\\\/#organization\"},\"potentialAction\":[{\"@type\":\"SearchAction\",\"target\":{\"@type\":\"EntryPoint\",\"urlTemplate\":\"https:\\\/\\\/www.booksonthemove.fr\\\/?s={search_term_string}\"},\"query-input\":{\"@type\":\"PropertyValueSpecification\",\"valueRequired\":true,\"valueName\":\"search_term_string\"}}],\"inLanguage\":\"en-US\"},{\"@type\":\"Organization\",\"@id\":\"https:\\\/\\\/www.booksonthemove.fr\\\/#organization\",\"name\":\"Books on the Move\",\"url\":\"https:\\\/\\\/www.booksonthemove.fr\\\/\",\"logo\":{\"@type\":\"ImageObject\",\"inLanguage\":\"en-US\",\"@id\":\"https:\\\/\\\/www.booksonthemove.fr\\\/#\\\/schema\\\/logo\\\/image\\\/\",\"url\":\"https:\\\/\\\/www.booksonthemove.fr\\\/media\\\/logo-NB-400.jpg\",\"contentUrl\":\"https:\\\/\\\/www.booksonthemove.fr\\\/media\\\/logo-NB-400.jpg\",\"width\":400,\"height\":143,\"caption\":\"Books on the Move\"},\"image\":{\"@id\":\"https:\\\/\\\/www.booksonthemove.fr\\\/#\\\/schema\\\/logo\\\/image\\\/\"},\"sameAs\":[\"https:\\\/\\\/www.facebook.com\\\/Librairiebooksonthemove\\\/\"]}]}<\/script>\n<!-- \/ Yoast SEO plugin. -->","yoast_head_json":{"title":"Remembering the Future. 40 Jahre Tanzfabrik Berlin - Books on the Move","robots":{"index":"index","follow":"follow","max-snippet":"max-snippet:-1","max-image-preview":"max-image-preview:large","max-video-preview":"max-video-preview:-1"},"canonical":"https:\/\/www.booksonthemove.fr\/en\/produit\/remembering-the-future-40-jahre-tanzfabrik-berlin\/","og_locale":"en_US","og_type":"article","og_title":"Remembering the Future. 40 Jahre Tanzfabrik Berlin - Books on the Move","og_description":"Hg.: Franz Anton Cramer, Jacopo Lanteri, Ludger Orlok &amp; Anna Stein Verlag: Tanzfabrik Berlin e. V., Berlin (2018)  Softcover: 260 Seiten Sprache: Deutsch\/Englisch ISBN13: 978-3-00-060340-2","og_url":"https:\/\/www.booksonthemove.fr\/en\/produit\/remembering-the-future-40-jahre-tanzfabrik-berlin\/","og_site_name":"Books on the Move","article_publisher":"https:\/\/www.facebook.com\/Librairiebooksonthemove\/","article_modified_time":"2024-08-21T15:26:02+00:00","og_image":[{"width":450,"height":621,"url":"https:\/\/www.booksonthemove.fr\/media\/bom_1838.jpeg","type":"image\/jpeg"}],"twitter_card":"summary_large_image","schema":{"@context":"https:\/\/schema.org","@graph":[{"@type":"WebPage","@id":"https:\/\/www.booksonthemove.fr\/en\/produit\/remembering-the-future-40-jahre-tanzfabrik-berlin\/","url":"https:\/\/www.booksonthemove.fr\/en\/produit\/remembering-the-future-40-jahre-tanzfabrik-berlin\/","name":"Remembering the Future. 40 Jahre Tanzfabrik Berlin - Books on the Move","isPartOf":{"@id":"https:\/\/www.booksonthemove.fr\/#website"},"primaryImageOfPage":{"@id":"https:\/\/www.booksonthemove.fr\/en\/produit\/remembering-the-future-40-jahre-tanzfabrik-berlin\/#primaryimage"},"image":{"@id":"https:\/\/www.booksonthemove.fr\/en\/produit\/remembering-the-future-40-jahre-tanzfabrik-berlin\/#primaryimage"},"thumbnailUrl":"https:\/\/www.booksonthemove.fr\/media\/bom_1838.jpeg","datePublished":"2020-04-20T15:23:44+00:00","dateModified":"2024-08-21T15:26:02+00:00","breadcrumb":{"@id":"https:\/\/www.booksonthemove.fr\/en\/produit\/remembering-the-future-40-jahre-tanzfabrik-berlin\/#breadcrumb"},"inLanguage":"en-US","potentialAction":[{"@type":"ReadAction","target":["https:\/\/www.booksonthemove.fr\/en\/produit\/remembering-the-future-40-jahre-tanzfabrik-berlin\/"]}]},{"@type":"ImageObject","inLanguage":"en-US","@id":"https:\/\/www.booksonthemove.fr\/en\/produit\/remembering-the-future-40-jahre-tanzfabrik-berlin\/#primaryimage","url":"https:\/\/www.booksonthemove.fr\/media\/bom_1838.jpeg","contentUrl":"https:\/\/www.booksonthemove.fr\/media\/bom_1838.jpeg","width":450,"height":621},{"@type":"BreadcrumbList","@id":"https:\/\/www.booksonthemove.fr\/en\/produit\/remembering-the-future-40-jahre-tanzfabrik-berlin\/#breadcrumb","itemListElement":[{"@type":"ListItem","position":1,"name":"Accueil","item":"https:\/\/www.booksonthemove.fr\/en\/"},{"@type":"ListItem","position":2,"name":"online store","item":"https:\/\/www.booksonthemove.fr\/en\/online-shop\/"},{"@type":"ListItem","position":3,"name":"Remembering the Future. 40 Jahre Tanzfabrik Berlin"}]},{"@type":"WebSite","@id":"https:\/\/www.booksonthemove.fr\/#website","url":"https:\/\/www.booksonthemove.fr\/","name":"Books on the Move","description":"librairie nomade - danse - mouvement - performance","publisher":{"@id":"https:\/\/www.booksonthemove.fr\/#organization"},"potentialAction":[{"@type":"SearchAction","target":{"@type":"EntryPoint","urlTemplate":"https:\/\/www.booksonthemove.fr\/?s={search_term_string}"},"query-input":{"@type":"PropertyValueSpecification","valueRequired":true,"valueName":"search_term_string"}}],"inLanguage":"en-US"},{"@type":"Organization","@id":"https:\/\/www.booksonthemove.fr\/#organization","name":"Books on the Move","url":"https:\/\/www.booksonthemove.fr\/","logo":{"@type":"ImageObject","inLanguage":"en-US","@id":"https:\/\/www.booksonthemove.fr\/#\/schema\/logo\/image\/","url":"https:\/\/www.booksonthemove.fr\/media\/logo-NB-400.jpg","contentUrl":"https:\/\/www.booksonthemove.fr\/media\/logo-NB-400.jpg","width":400,"height":143,"caption":"Books on the Move"},"image":{"@id":"https:\/\/www.booksonthemove.fr\/#\/schema\/logo\/image\/"},"sameAs":["https:\/\/www.facebook.com\/Librairiebooksonthemove\/"]}]}},"_links":{"self":[{"href":"https:\/\/www.booksonthemove.fr\/en\/wp-json\/wp\/v2\/product\/15661","targetHints":{"allow":["GET"]}}],"collection":[{"href":"https:\/\/www.booksonthemove.fr\/en\/wp-json\/wp\/v2\/product"}],"about":[{"href":"https:\/\/www.booksonthemove.fr\/en\/wp-json\/wp\/v2\/types\/product"}],"wp:featuredmedia":[{"embeddable":true,"href":"https:\/\/www.booksonthemove.fr\/en\/wp-json\/wp\/v2\/media\/15660"}],"wp:attachment":[{"href":"https:\/\/www.booksonthemove.fr\/en\/wp-json\/wp\/v2\/media?parent=15661"}],"wp:term":[{"taxonomy":"product_brand","embeddable":true,"href":"https:\/\/www.booksonthemove.fr\/en\/wp-json\/wp\/v2\/product_brand?post=15661"},{"taxonomy":"product_cat","embeddable":true,"href":"https:\/\/www.booksonthemove.fr\/en\/wp-json\/wp\/v2\/product_cat?post=15661"},{"taxonomy":"product_tag","embeddable":true,"href":"https:\/\/www.booksonthemove.fr\/en\/wp-json\/wp\/v2\/product_tag?post=15661"}],"curies":[{"name":"wp","href":"https:\/\/api.w.org\/{rel}","templated":true}]}}