{"id":15883,"date":"2020-04-23T20:40:55","date_gmt":"2020-04-23T18:40:55","guid":{"rendered":"https:\/\/www.booksonthemove.fr\/produit\/critique-dart-n50-printemps-ete-2018\/"},"modified":"2020-04-27T18:20:20","modified_gmt":"2020-04-27T16:20:20","slug":"critique-dart-n50-printemps-ete-2018","status":"publish","type":"product","link":"https:\/\/www.booksonthemove.fr\/en\/produit\/critique-dart-n50-printemps-ete-2018\/","title":{"rendered":"Critique d\u2019art n\u00b050 \u2013 printemps\/\u00e9t\u00e9 2018"},"content":{"rendered":"<p class=\"bodytext\">Sommaire<br \/>\nD\u2019ici et d\u2019ailleurs : f\u00e9minismes contemporains, pratiques des arts et g\u00e9ographie mondialis\u00e9e &#8211; Laura Iamurri<br \/>\n\u00ab Les Etats-Unis de la peinture \u00bb fran\u00e7aise : Supports-Surfaces \u00e0 l\u2019\u00e9preuve du temps &#8211; H\u00e9l\u00e8ne Trespeuch<br \/>\nGuerre, art et id\u00e9ologie : l\u2019art aide-t-il \u00e0 comprendre les passions guerri\u00e8res ? &#8211; J\u00e9r\u00f4me Bazin<br \/>\nLa Contemporan\u00e9it\u00e9 des archives : reformuler les enjeux d\u2019un usage artistique et d\u00e9mocratique &#8211; Natacha Yahi<br \/>\nLa Puissance de la troisi\u00e8me voix, &#8211; Elvan Zabunyan<br \/>\nLes Multiples perspectives du temps long et contemporain. Quels futurs possibles ? &#8211; Maria Stavrinaki<\/p>\n<p class=\"bodytext\">Portrait d&#8217;auteur<br \/>\nRobert Storr &#8211; J\u00e9r\u00f4me Duwa<\/p>\n<p class=\"bodytext\">Portrait d&#8217;artiste<br \/>\nElisabeth Ballet &#8211; Jean-Marc Huitorel<\/p>\n<p class=\"bodytext\">Traduction<br \/>\nWhere is Cinema?<\/p>\n<p class=\"bodytext\">Traduction extraite de : Film et son double : boniment, ventriloquie, performativit\u00e9, pages 11-12, 17-18 et 190-196 \u00a9 Gen\u00e8ve : MAMCO, 2017. Tous droits r\u00e9serv\u00e9s<\/p>\n<p class=\"bodytext\">Phoebe Clarke &#8211; Introduit par Nathalie Boulouch<\/p>\n<p class=\"bodytext\">L&#8217;Histoire revisit\u00e9e<br \/>\nPour une arch\u00e9ologie de l\u2019Art cin\u00e9tique &#8211; Emanuele Quinz<br \/>\nL\u2019Art vid\u00e9o : une histoire lacunaire &#8211; G\u00e9raldine Sfez<br \/>\nBruits et chuchotements : \u00e9crire sur les r\u00e9verb\u00e9rations audiovisuelles dans l\u2019art contemporain &#8211; Anne Zeitz<br \/>\nDu Net.art au post-m\u00e9dium : quelle histoire pour les nouveaux m\u00e9dias ? &#8211; Aline Guillermet<\/p>\n<p class=\"bodytext\">Archives<br \/>\nL\u2019Art japonais autour de 1970 : technologie, environnement, mati\u00e8re &#8211; Lilian Froger<\/p>\n","protected":false},"excerpt":{"rendered":"<p><strong>Directeurs de la publication:<\/strong> Sylvie Mokhtari et Jean-Marc Poinsot<br \/>\n<strong>Editeur:<\/strong> Archives de la critique d\u2019art, Universit\u00e9 de Rennes (2018)<\/p>\n<p><strong>Broch\u00e9:<\/strong> 184 pages<br \/>\n<strong>Langue:<\/strong> Fran\u00e7ais\/Anglais<br \/>\n<strong>ISSN:<\/strong> 1246-8258<\/p>\n","protected":false},"featured_media":15882,"template":"","meta":[],"product_brand":[],"product_cat":[135,301,162,211],"product_tag":[],"class_list":{"0":"post-15883","1":"product","2":"type-product","3":"status-publish","4":"has-post-thumbnail","6":"product_cat-english-en","7":"product_cat-arts-plastiques-en","8":"product_cat-french-en","9":"product_cat-magazines-en","11":"first","12":"instock","13":"taxable","14":"shipping-taxable","15":"purchasable","16":"product-type-simple"},"yoast_head":"<!-- This site is optimized with the Yoast SEO plugin v27.5 - https:\/\/yoast.com\/product\/yoast-seo-wordpress\/ -->\n<title>Critique d\u2019art n\u00b050 \u2013 printemps\/\u00e9t\u00e9 2018 - Books on the Move<\/title>\n<meta name=\"robots\" content=\"index, follow, max-snippet:-1, max-image-preview:large, max-video-preview:-1\" \/>\n<link rel=\"canonical\" href=\"https:\/\/www.booksonthemove.fr\/en\/produit\/critique-dart-n50-printemps-ete-2018\/\" \/>\n<meta property=\"og:locale\" content=\"en_US\" \/>\n<meta property=\"og:type\" content=\"article\" \/>\n<meta property=\"og:title\" content=\"Critique d\u2019art n\u00b050 \u2013 printemps\/\u00e9t\u00e9 2018 - Books on the Move\" \/>\n<meta property=\"og:description\" content=\"Directeurs de la publication: Sylvie Mokhtari et Jean-Marc Poinsot Editeur: Archives de la critique d\u2019art, Universit\u00e9 de Rennes (2018)  Broch\u00e9: 184 pages Langue: Fran\u00e7ais\/Anglais ISSN: 1246-8258\" \/>\n<meta property=\"og:url\" content=\"https:\/\/www.booksonthemove.fr\/en\/produit\/critique-dart-n50-printemps-ete-2018\/\" \/>\n<meta property=\"og:site_name\" content=\"Books on the Move\" \/>\n<meta property=\"article:publisher\" content=\"https:\/\/www.facebook.com\/Librairiebooksonthemove\/\" \/>\n<meta property=\"article:modified_time\" content=\"2020-04-27T16:20:20+00:00\" \/>\n<meta property=\"og:image\" content=\"https:\/\/www.booksonthemove.fr\/media\/bom_2125.jpg\" \/>\n\t<meta property=\"og:image:width\" content=\"532\" \/>\n\t<meta property=\"og:image:height\" content=\"822\" \/>\n\t<meta property=\"og:image:type\" content=\"image\/jpeg\" \/>\n<meta name=\"twitter:card\" content=\"summary_large_image\" \/>\n<script type=\"application\/ld+json\" class=\"yoast-schema-graph\">{\"@context\":\"https:\\\/\\\/schema.org\",\"@graph\":[{\"@type\":\"WebPage\",\"@id\":\"https:\\\/\\\/www.booksonthemove.fr\\\/en\\\/produit\\\/critique-dart-n50-printemps-ete-2018\\\/\",\"url\":\"https:\\\/\\\/www.booksonthemove.fr\\\/en\\\/produit\\\/critique-dart-n50-printemps-ete-2018\\\/\",\"name\":\"Critique d\u2019art n\u00b050 \u2013 printemps\\\/\u00e9t\u00e9 2018 - Books on the Move\",\"isPartOf\":{\"@id\":\"https:\\\/\\\/www.booksonthemove.fr\\\/#website\"},\"primaryImageOfPage\":{\"@id\":\"https:\\\/\\\/www.booksonthemove.fr\\\/en\\\/produit\\\/critique-dart-n50-printemps-ete-2018\\\/#primaryimage\"},\"image\":{\"@id\":\"https:\\\/\\\/www.booksonthemove.fr\\\/en\\\/produit\\\/critique-dart-n50-printemps-ete-2018\\\/#primaryimage\"},\"thumbnailUrl\":\"https:\\\/\\\/www.booksonthemove.fr\\\/media\\\/bom_2125.jpg\",\"datePublished\":\"2020-04-23T18:40:55+00:00\",\"dateModified\":\"2020-04-27T16:20:20+00:00\",\"breadcrumb\":{\"@id\":\"https:\\\/\\\/www.booksonthemove.fr\\\/en\\\/produit\\\/critique-dart-n50-printemps-ete-2018\\\/#breadcrumb\"},\"inLanguage\":\"en-US\",\"potentialAction\":[{\"@type\":\"ReadAction\",\"target\":[\"https:\\\/\\\/www.booksonthemove.fr\\\/en\\\/produit\\\/critique-dart-n50-printemps-ete-2018\\\/\"]}]},{\"@type\":\"ImageObject\",\"inLanguage\":\"en-US\",\"@id\":\"https:\\\/\\\/www.booksonthemove.fr\\\/en\\\/produit\\\/critique-dart-n50-printemps-ete-2018\\\/#primaryimage\",\"url\":\"https:\\\/\\\/www.booksonthemove.fr\\\/media\\\/bom_2125.jpg\",\"contentUrl\":\"https:\\\/\\\/www.booksonthemove.fr\\\/media\\\/bom_2125.jpg\",\"width\":532,\"height\":822},{\"@type\":\"BreadcrumbList\",\"@id\":\"https:\\\/\\\/www.booksonthemove.fr\\\/en\\\/produit\\\/critique-dart-n50-printemps-ete-2018\\\/#breadcrumb\",\"itemListElement\":[{\"@type\":\"ListItem\",\"position\":1,\"name\":\"Accueil\",\"item\":\"https:\\\/\\\/www.booksonthemove.fr\\\/en\\\/\"},{\"@type\":\"ListItem\",\"position\":2,\"name\":\"online store\",\"item\":\"https:\\\/\\\/www.booksonthemove.fr\\\/en\\\/online-shop\\\/\"},{\"@type\":\"ListItem\",\"position\":3,\"name\":\"Critique d\u2019art n\u00b050 \u2013 printemps\\\/\u00e9t\u00e9 2018\"}]},{\"@type\":\"WebSite\",\"@id\":\"https:\\\/\\\/www.booksonthemove.fr\\\/#website\",\"url\":\"https:\\\/\\\/www.booksonthemove.fr\\\/\",\"name\":\"Books on the Move\",\"description\":\"librairie nomade - danse - mouvement - performance\",\"publisher\":{\"@id\":\"https:\\\/\\\/www.booksonthemove.fr\\\/#organization\"},\"potentialAction\":[{\"@type\":\"SearchAction\",\"target\":{\"@type\":\"EntryPoint\",\"urlTemplate\":\"https:\\\/\\\/www.booksonthemove.fr\\\/?s={search_term_string}\"},\"query-input\":{\"@type\":\"PropertyValueSpecification\",\"valueRequired\":true,\"valueName\":\"search_term_string\"}}],\"inLanguage\":\"en-US\"},{\"@type\":\"Organization\",\"@id\":\"https:\\\/\\\/www.booksonthemove.fr\\\/#organization\",\"name\":\"Books on the Move\",\"url\":\"https:\\\/\\\/www.booksonthemove.fr\\\/\",\"logo\":{\"@type\":\"ImageObject\",\"inLanguage\":\"en-US\",\"@id\":\"https:\\\/\\\/www.booksonthemove.fr\\\/#\\\/schema\\\/logo\\\/image\\\/\",\"url\":\"https:\\\/\\\/www.booksonthemove.fr\\\/media\\\/logo-NB-400.jpg\",\"contentUrl\":\"https:\\\/\\\/www.booksonthemove.fr\\\/media\\\/logo-NB-400.jpg\",\"width\":400,\"height\":143,\"caption\":\"Books on the Move\"},\"image\":{\"@id\":\"https:\\\/\\\/www.booksonthemove.fr\\\/#\\\/schema\\\/logo\\\/image\\\/\"},\"sameAs\":[\"https:\\\/\\\/www.facebook.com\\\/Librairiebooksonthemove\\\/\"]}]}<\/script>\n<!-- \/ Yoast SEO plugin. -->","yoast_head_json":{"title":"Critique d\u2019art n\u00b050 \u2013 printemps\/\u00e9t\u00e9 2018 - Books on the Move","robots":{"index":"index","follow":"follow","max-snippet":"max-snippet:-1","max-image-preview":"max-image-preview:large","max-video-preview":"max-video-preview:-1"},"canonical":"https:\/\/www.booksonthemove.fr\/en\/produit\/critique-dart-n50-printemps-ete-2018\/","og_locale":"en_US","og_type":"article","og_title":"Critique d\u2019art n\u00b050 \u2013 printemps\/\u00e9t\u00e9 2018 - Books on the Move","og_description":"Directeurs de la publication: Sylvie Mokhtari et Jean-Marc Poinsot Editeur: Archives de la critique d\u2019art, Universit\u00e9 de Rennes (2018)  Broch\u00e9: 184 pages Langue: Fran\u00e7ais\/Anglais ISSN: 1246-8258","og_url":"https:\/\/www.booksonthemove.fr\/en\/produit\/critique-dart-n50-printemps-ete-2018\/","og_site_name":"Books on the Move","article_publisher":"https:\/\/www.facebook.com\/Librairiebooksonthemove\/","article_modified_time":"2020-04-27T16:20:20+00:00","og_image":[{"width":532,"height":822,"url":"https:\/\/www.booksonthemove.fr\/media\/bom_2125.jpg","type":"image\/jpeg"}],"twitter_card":"summary_large_image","schema":{"@context":"https:\/\/schema.org","@graph":[{"@type":"WebPage","@id":"https:\/\/www.booksonthemove.fr\/en\/produit\/critique-dart-n50-printemps-ete-2018\/","url":"https:\/\/www.booksonthemove.fr\/en\/produit\/critique-dart-n50-printemps-ete-2018\/","name":"Critique d\u2019art n\u00b050 \u2013 printemps\/\u00e9t\u00e9 2018 - Books on the Move","isPartOf":{"@id":"https:\/\/www.booksonthemove.fr\/#website"},"primaryImageOfPage":{"@id":"https:\/\/www.booksonthemove.fr\/en\/produit\/critique-dart-n50-printemps-ete-2018\/#primaryimage"},"image":{"@id":"https:\/\/www.booksonthemove.fr\/en\/produit\/critique-dart-n50-printemps-ete-2018\/#primaryimage"},"thumbnailUrl":"https:\/\/www.booksonthemove.fr\/media\/bom_2125.jpg","datePublished":"2020-04-23T18:40:55+00:00","dateModified":"2020-04-27T16:20:20+00:00","breadcrumb":{"@id":"https:\/\/www.booksonthemove.fr\/en\/produit\/critique-dart-n50-printemps-ete-2018\/#breadcrumb"},"inLanguage":"en-US","potentialAction":[{"@type":"ReadAction","target":["https:\/\/www.booksonthemove.fr\/en\/produit\/critique-dart-n50-printemps-ete-2018\/"]}]},{"@type":"ImageObject","inLanguage":"en-US","@id":"https:\/\/www.booksonthemove.fr\/en\/produit\/critique-dart-n50-printemps-ete-2018\/#primaryimage","url":"https:\/\/www.booksonthemove.fr\/media\/bom_2125.jpg","contentUrl":"https:\/\/www.booksonthemove.fr\/media\/bom_2125.jpg","width":532,"height":822},{"@type":"BreadcrumbList","@id":"https:\/\/www.booksonthemove.fr\/en\/produit\/critique-dart-n50-printemps-ete-2018\/#breadcrumb","itemListElement":[{"@type":"ListItem","position":1,"name":"Accueil","item":"https:\/\/www.booksonthemove.fr\/en\/"},{"@type":"ListItem","position":2,"name":"online store","item":"https:\/\/www.booksonthemove.fr\/en\/online-shop\/"},{"@type":"ListItem","position":3,"name":"Critique d\u2019art n\u00b050 \u2013 printemps\/\u00e9t\u00e9 2018"}]},{"@type":"WebSite","@id":"https:\/\/www.booksonthemove.fr\/#website","url":"https:\/\/www.booksonthemove.fr\/","name":"Books on the Move","description":"librairie nomade - danse - mouvement - performance","publisher":{"@id":"https:\/\/www.booksonthemove.fr\/#organization"},"potentialAction":[{"@type":"SearchAction","target":{"@type":"EntryPoint","urlTemplate":"https:\/\/www.booksonthemove.fr\/?s={search_term_string}"},"query-input":{"@type":"PropertyValueSpecification","valueRequired":true,"valueName":"search_term_string"}}],"inLanguage":"en-US"},{"@type":"Organization","@id":"https:\/\/www.booksonthemove.fr\/#organization","name":"Books on the Move","url":"https:\/\/www.booksonthemove.fr\/","logo":{"@type":"ImageObject","inLanguage":"en-US","@id":"https:\/\/www.booksonthemove.fr\/#\/schema\/logo\/image\/","url":"https:\/\/www.booksonthemove.fr\/media\/logo-NB-400.jpg","contentUrl":"https:\/\/www.booksonthemove.fr\/media\/logo-NB-400.jpg","width":400,"height":143,"caption":"Books on the Move"},"image":{"@id":"https:\/\/www.booksonthemove.fr\/#\/schema\/logo\/image\/"},"sameAs":["https:\/\/www.facebook.com\/Librairiebooksonthemove\/"]}]}},"_links":{"self":[{"href":"https:\/\/www.booksonthemove.fr\/en\/wp-json\/wp\/v2\/product\/15883","targetHints":{"allow":["GET"]}}],"collection":[{"href":"https:\/\/www.booksonthemove.fr\/en\/wp-json\/wp\/v2\/product"}],"about":[{"href":"https:\/\/www.booksonthemove.fr\/en\/wp-json\/wp\/v2\/types\/product"}],"wp:featuredmedia":[{"embeddable":true,"href":"https:\/\/www.booksonthemove.fr\/en\/wp-json\/wp\/v2\/media\/15882"}],"wp:attachment":[{"href":"https:\/\/www.booksonthemove.fr\/en\/wp-json\/wp\/v2\/media?parent=15883"}],"wp:term":[{"taxonomy":"product_brand","embeddable":true,"href":"https:\/\/www.booksonthemove.fr\/en\/wp-json\/wp\/v2\/product_brand?post=15883"},{"taxonomy":"product_cat","embeddable":true,"href":"https:\/\/www.booksonthemove.fr\/en\/wp-json\/wp\/v2\/product_cat?post=15883"},{"taxonomy":"product_tag","embeddable":true,"href":"https:\/\/www.booksonthemove.fr\/en\/wp-json\/wp\/v2\/product_tag?post=15883"}],"curies":[{"name":"wp","href":"https:\/\/api.w.org\/{rel}","templated":true}]}}