{"id":16375,"date":"2020-05-01T13:08:55","date_gmt":"2020-05-01T11:08:55","guid":{"rendered":"https:\/\/www.booksonthemove.fr\/produit\/reperes-cahier-de-danse-n20\/"},"modified":"2023-10-28T18:50:27","modified_gmt":"2023-10-28T16:50:27","slug":"reperes-cahier-de-danse-n20","status":"publish","type":"product","link":"https:\/\/www.booksonthemove.fr\/en\/produit\/reperes-cahier-de-danse-n20\/","title":{"rendered":"Rep\u00e8res, cahier de danse n\u00b020"},"content":{"rendered":"<header class=\"article-header\">\n<p class=\"title\"><strong>Danse et musique<br \/>\n<\/strong>Des danseurs, chor\u00e9graphes, chercheurs en danse mais aussi des musiciens, un compositeur, un r\u00e9alisateur sonore, un musicologue dialoguent dans ce num\u00e9ro :<\/p>\n<\/header>\n<div class=\"article-body\">\n<p>qu\u2019est-ce que la \u00ab musicalit\u00e9 \u00bb en danse ?<br \/>\nQuelles sont les demandes adress\u00e9es par les danseurs aux musiciens, et vice-versa ?<br \/>\nQuels liens tisser entre geste, sons et \u00e9motions ?<\/p>\n<p class=\"bodytext\">&#8211; Entretien avec Olivier Renouf, r\u00e9alisateur sonore<\/p>\n<p class=\"bodytext\">&#8211; Stravinsky-Balanchine et le n\u00e9oclassicisme \u00abconstructiviste \u00bb,\u00a0par Gianfranco Vinay, musicologue<\/p>\n<p class=\"bodytext\">&#8211; La collaboration Cage-Cunningham: un processus exp\u00e9rimental,\u00a0par Annie Suquet, historienne de la danse<\/p>\n<p class=\"bodytext\">&#8211; Corps d\u2019\u00e9criture (autour de l\u2019\u0153uvre d\u2019Anne Teresa De Keersmaeker),\u00a0par Philippe Guisgand, danseur et universitaire, et Jean-Luc Plouvier, musicien<\/p>\n<p class=\"bodytext\">&#8211; R\u00e9cit de travail sur Le Sacre du printemps,\u00a0par Xavier Le Roy, chor\u00e9graphe<\/p>\n<p class=\"bodytext\">&#8211; La musicalit\u00e9 du danseur, saveur d\u2019une pr\u00e9sence singuli\u00e8re dans l\u2019instant,\u00a0par Jean-Christophe Par\u00e9, danseur, directeur de l\u2019ENSDM<\/p>\n<p class=\"bodytext\">&#8211; Anatomie de l\u2019envers,\u00a0par G\u00e9rard Pesson, compositeur<\/p>\n<\/div>\n","protected":false},"excerpt":{"rendered":"<p><strong>Directeur de la publication:<\/strong> Daniel Favier<br \/>\n<strong>Editeur:<\/strong> Centre de d\u00e9veloppement chor\u00e9graphique\/biennale de danse du Val-de-Marne (Novembre 2007)<\/p>\n<p><strong>Broch\u00e9:<\/strong> 32 pages<br \/>\n<strong>Langue:<\/strong> Fran\u00e7ais<br \/>\n<strong>ISSN:<\/strong> 1779-9252<\/p>\n","protected":false},"featured_media":16374,"template":"","meta":[],"product_brand":[],"product_cat":[149,162,200,211],"product_tag":[],"class_list":{"0":"post-16375","1":"product","2":"type-product","3":"status-publish","4":"has-post-thumbnail","6":"product_cat-contemporary-dance-en","7":"product_cat-french-en","8":"product_cat-music-en","9":"product_cat-magazines-en","11":"first","12":"outofstock","13":"taxable","14":"shipping-taxable","15":"purchasable","16":"product-type-simple"},"yoast_head":"<!-- This site is optimized with the Yoast SEO plugin v27.5 - https:\/\/yoast.com\/product\/yoast-seo-wordpress\/ -->\n<title>Rep\u00e8res, cahier de danse n\u00b020 - Books on the Move<\/title>\n<meta name=\"robots\" content=\"index, follow, max-snippet:-1, max-image-preview:large, max-video-preview:-1\" \/>\n<link rel=\"canonical\" href=\"https:\/\/www.booksonthemove.fr\/produit\/reperes-cahier-de-danse-n20\/\" \/>\n<meta property=\"og:locale\" content=\"en_US\" \/>\n<meta property=\"og:type\" content=\"article\" \/>\n<meta property=\"og:title\" content=\"Rep\u00e8res, cahier de danse n\u00b020 - Books on the Move\" \/>\n<meta property=\"og:description\" content=\"Directeur de la publication: Daniel Favier Editeur: Centre de d\u00e9veloppement chor\u00e9graphique\/biennale de danse du Val-de-Marne (Novembre 2007)  Broch\u00e9: 32 pages Langue: Fran\u00e7ais ISSN: 1779-9252\" \/>\n<meta property=\"og:url\" content=\"https:\/\/www.booksonthemove.fr\/produit\/reperes-cahier-de-danse-n20\/\" \/>\n<meta property=\"og:site_name\" content=\"Books on the Move\" \/>\n<meta property=\"article:publisher\" content=\"https:\/\/www.facebook.com\/Librairiebooksonthemove\/\" \/>\n<meta property=\"article:modified_time\" content=\"2023-10-28T16:50:27+00:00\" \/>\n<meta property=\"og:image\" content=\"https:\/\/www.booksonthemove.fr\/media\/bom_2158.jpg\" \/>\n\t<meta property=\"og:image:width\" content=\"452\" \/>\n\t<meta property=\"og:image:height\" content=\"640\" \/>\n\t<meta property=\"og:image:type\" content=\"image\/jpeg\" \/>\n<meta name=\"twitter:card\" content=\"summary_large_image\" \/>\n<script type=\"application\/ld+json\" class=\"yoast-schema-graph\">{\"@context\":\"https:\\\/\\\/schema.org\",\"@graph\":[{\"@type\":\"WebPage\",\"@id\":\"https:\\\/\\\/www.booksonthemove.fr\\\/produit\\\/reperes-cahier-de-danse-n20\\\/\",\"url\":\"https:\\\/\\\/www.booksonthemove.fr\\\/produit\\\/reperes-cahier-de-danse-n20\\\/\",\"name\":\"Rep\u00e8res, cahier de danse n\u00b020 - Books on the Move\",\"isPartOf\":{\"@id\":\"https:\\\/\\\/www.booksonthemove.fr\\\/#website\"},\"primaryImageOfPage\":{\"@id\":\"https:\\\/\\\/www.booksonthemove.fr\\\/produit\\\/reperes-cahier-de-danse-n20\\\/#primaryimage\"},\"image\":{\"@id\":\"https:\\\/\\\/www.booksonthemove.fr\\\/produit\\\/reperes-cahier-de-danse-n20\\\/#primaryimage\"},\"thumbnailUrl\":\"https:\\\/\\\/www.booksonthemove.fr\\\/media\\\/bom_2158.jpg\",\"datePublished\":\"2020-05-01T11:08:55+00:00\",\"dateModified\":\"2023-10-28T16:50:27+00:00\",\"breadcrumb\":{\"@id\":\"https:\\\/\\\/www.booksonthemove.fr\\\/produit\\\/reperes-cahier-de-danse-n20\\\/#breadcrumb\"},\"inLanguage\":\"en-US\",\"potentialAction\":[{\"@type\":\"ReadAction\",\"target\":[\"https:\\\/\\\/www.booksonthemove.fr\\\/produit\\\/reperes-cahier-de-danse-n20\\\/\"]}]},{\"@type\":\"ImageObject\",\"inLanguage\":\"en-US\",\"@id\":\"https:\\\/\\\/www.booksonthemove.fr\\\/produit\\\/reperes-cahier-de-danse-n20\\\/#primaryimage\",\"url\":\"https:\\\/\\\/www.booksonthemove.fr\\\/media\\\/bom_2158.jpg\",\"contentUrl\":\"https:\\\/\\\/www.booksonthemove.fr\\\/media\\\/bom_2158.jpg\",\"width\":452,\"height\":640},{\"@type\":\"BreadcrumbList\",\"@id\":\"https:\\\/\\\/www.booksonthemove.fr\\\/produit\\\/reperes-cahier-de-danse-n20\\\/#breadcrumb\",\"itemListElement\":[{\"@type\":\"ListItem\",\"position\":1,\"name\":\"Accueil\",\"item\":\"https:\\\/\\\/www.booksonthemove.fr\\\/en\\\/\"},{\"@type\":\"ListItem\",\"position\":2,\"name\":\"online store\",\"item\":\"https:\\\/\\\/www.booksonthemove.fr\\\/en\\\/online-shop\\\/\"},{\"@type\":\"ListItem\",\"position\":3,\"name\":\"Rep\u00e8res, cahier de danse n\u00b020\"}]},{\"@type\":\"WebSite\",\"@id\":\"https:\\\/\\\/www.booksonthemove.fr\\\/#website\",\"url\":\"https:\\\/\\\/www.booksonthemove.fr\\\/\",\"name\":\"Books on the Move\",\"description\":\"librairie nomade - danse - mouvement - performance\",\"publisher\":{\"@id\":\"https:\\\/\\\/www.booksonthemove.fr\\\/#organization\"},\"potentialAction\":[{\"@type\":\"SearchAction\",\"target\":{\"@type\":\"EntryPoint\",\"urlTemplate\":\"https:\\\/\\\/www.booksonthemove.fr\\\/?s={search_term_string}\"},\"query-input\":{\"@type\":\"PropertyValueSpecification\",\"valueRequired\":true,\"valueName\":\"search_term_string\"}}],\"inLanguage\":\"en-US\"},{\"@type\":\"Organization\",\"@id\":\"https:\\\/\\\/www.booksonthemove.fr\\\/#organization\",\"name\":\"Books on the Move\",\"url\":\"https:\\\/\\\/www.booksonthemove.fr\\\/\",\"logo\":{\"@type\":\"ImageObject\",\"inLanguage\":\"en-US\",\"@id\":\"https:\\\/\\\/www.booksonthemove.fr\\\/#\\\/schema\\\/logo\\\/image\\\/\",\"url\":\"https:\\\/\\\/www.booksonthemove.fr\\\/media\\\/logo-NB-400.jpg\",\"contentUrl\":\"https:\\\/\\\/www.booksonthemove.fr\\\/media\\\/logo-NB-400.jpg\",\"width\":400,\"height\":143,\"caption\":\"Books on the Move\"},\"image\":{\"@id\":\"https:\\\/\\\/www.booksonthemove.fr\\\/#\\\/schema\\\/logo\\\/image\\\/\"},\"sameAs\":[\"https:\\\/\\\/www.facebook.com\\\/Librairiebooksonthemove\\\/\"]}]}<\/script>\n<!-- \/ Yoast SEO plugin. -->","yoast_head_json":{"title":"Rep\u00e8res, cahier de danse n\u00b020 - Books on the Move","robots":{"index":"index","follow":"follow","max-snippet":"max-snippet:-1","max-image-preview":"max-image-preview:large","max-video-preview":"max-video-preview:-1"},"canonical":"https:\/\/www.booksonthemove.fr\/produit\/reperes-cahier-de-danse-n20\/","og_locale":"en_US","og_type":"article","og_title":"Rep\u00e8res, cahier de danse n\u00b020 - Books on the Move","og_description":"Directeur de la publication: Daniel Favier Editeur: Centre de d\u00e9veloppement chor\u00e9graphique\/biennale de danse du Val-de-Marne (Novembre 2007)  Broch\u00e9: 32 pages Langue: Fran\u00e7ais ISSN: 1779-9252","og_url":"https:\/\/www.booksonthemove.fr\/produit\/reperes-cahier-de-danse-n20\/","og_site_name":"Books on the Move","article_publisher":"https:\/\/www.facebook.com\/Librairiebooksonthemove\/","article_modified_time":"2023-10-28T16:50:27+00:00","og_image":[{"width":452,"height":640,"url":"https:\/\/www.booksonthemove.fr\/media\/bom_2158.jpg","type":"image\/jpeg"}],"twitter_card":"summary_large_image","schema":{"@context":"https:\/\/schema.org","@graph":[{"@type":"WebPage","@id":"https:\/\/www.booksonthemove.fr\/produit\/reperes-cahier-de-danse-n20\/","url":"https:\/\/www.booksonthemove.fr\/produit\/reperes-cahier-de-danse-n20\/","name":"Rep\u00e8res, cahier de danse n\u00b020 - Books on the Move","isPartOf":{"@id":"https:\/\/www.booksonthemove.fr\/#website"},"primaryImageOfPage":{"@id":"https:\/\/www.booksonthemove.fr\/produit\/reperes-cahier-de-danse-n20\/#primaryimage"},"image":{"@id":"https:\/\/www.booksonthemove.fr\/produit\/reperes-cahier-de-danse-n20\/#primaryimage"},"thumbnailUrl":"https:\/\/www.booksonthemove.fr\/media\/bom_2158.jpg","datePublished":"2020-05-01T11:08:55+00:00","dateModified":"2023-10-28T16:50:27+00:00","breadcrumb":{"@id":"https:\/\/www.booksonthemove.fr\/produit\/reperes-cahier-de-danse-n20\/#breadcrumb"},"inLanguage":"en-US","potentialAction":[{"@type":"ReadAction","target":["https:\/\/www.booksonthemove.fr\/produit\/reperes-cahier-de-danse-n20\/"]}]},{"@type":"ImageObject","inLanguage":"en-US","@id":"https:\/\/www.booksonthemove.fr\/produit\/reperes-cahier-de-danse-n20\/#primaryimage","url":"https:\/\/www.booksonthemove.fr\/media\/bom_2158.jpg","contentUrl":"https:\/\/www.booksonthemove.fr\/media\/bom_2158.jpg","width":452,"height":640},{"@type":"BreadcrumbList","@id":"https:\/\/www.booksonthemove.fr\/produit\/reperes-cahier-de-danse-n20\/#breadcrumb","itemListElement":[{"@type":"ListItem","position":1,"name":"Accueil","item":"https:\/\/www.booksonthemove.fr\/en\/"},{"@type":"ListItem","position":2,"name":"online store","item":"https:\/\/www.booksonthemove.fr\/en\/online-shop\/"},{"@type":"ListItem","position":3,"name":"Rep\u00e8res, cahier de danse n\u00b020"}]},{"@type":"WebSite","@id":"https:\/\/www.booksonthemove.fr\/#website","url":"https:\/\/www.booksonthemove.fr\/","name":"Books on the Move","description":"librairie nomade - danse - mouvement - performance","publisher":{"@id":"https:\/\/www.booksonthemove.fr\/#organization"},"potentialAction":[{"@type":"SearchAction","target":{"@type":"EntryPoint","urlTemplate":"https:\/\/www.booksonthemove.fr\/?s={search_term_string}"},"query-input":{"@type":"PropertyValueSpecification","valueRequired":true,"valueName":"search_term_string"}}],"inLanguage":"en-US"},{"@type":"Organization","@id":"https:\/\/www.booksonthemove.fr\/#organization","name":"Books on the Move","url":"https:\/\/www.booksonthemove.fr\/","logo":{"@type":"ImageObject","inLanguage":"en-US","@id":"https:\/\/www.booksonthemove.fr\/#\/schema\/logo\/image\/","url":"https:\/\/www.booksonthemove.fr\/media\/logo-NB-400.jpg","contentUrl":"https:\/\/www.booksonthemove.fr\/media\/logo-NB-400.jpg","width":400,"height":143,"caption":"Books on the Move"},"image":{"@id":"https:\/\/www.booksonthemove.fr\/#\/schema\/logo\/image\/"},"sameAs":["https:\/\/www.facebook.com\/Librairiebooksonthemove\/"]}]}},"_links":{"self":[{"href":"https:\/\/www.booksonthemove.fr\/en\/wp-json\/wp\/v2\/product\/16375","targetHints":{"allow":["GET"]}}],"collection":[{"href":"https:\/\/www.booksonthemove.fr\/en\/wp-json\/wp\/v2\/product"}],"about":[{"href":"https:\/\/www.booksonthemove.fr\/en\/wp-json\/wp\/v2\/types\/product"}],"wp:featuredmedia":[{"embeddable":true,"href":"https:\/\/www.booksonthemove.fr\/en\/wp-json\/wp\/v2\/media\/16374"}],"wp:attachment":[{"href":"https:\/\/www.booksonthemove.fr\/en\/wp-json\/wp\/v2\/media?parent=16375"}],"wp:term":[{"taxonomy":"product_brand","embeddable":true,"href":"https:\/\/www.booksonthemove.fr\/en\/wp-json\/wp\/v2\/product_brand?post=16375"},{"taxonomy":"product_cat","embeddable":true,"href":"https:\/\/www.booksonthemove.fr\/en\/wp-json\/wp\/v2\/product_cat?post=16375"},{"taxonomy":"product_tag","embeddable":true,"href":"https:\/\/www.booksonthemove.fr\/en\/wp-json\/wp\/v2\/product_tag?post=16375"}],"curies":[{"name":"wp","href":"https:\/\/api.w.org\/{rel}","templated":true}]}}