{"id":16383,"date":"2020-06-22T13:28:20","date_gmt":"2020-06-22T11:28:20","guid":{"rendered":"https:\/\/www.booksonthemove.fr\/produit\/upside-down-le-coffret\/"},"modified":"2023-10-23T23:16:36","modified_gmt":"2023-10-23T21:16:36","slug":"upside-down-le-coffret","status":"publish","type":"product","link":"https:\/\/www.booksonthemove.fr\/en\/produit\/upside-down-le-coffret\/","title":{"rendered":"UPSIDE DOWN &#8211; Le coffret"},"content":{"rendered":"<p class=\"p1\">Issu d\u2019une r\u00e9sidence artistique de Fanny Millard chez Les Trois Ourses, le projet UPSIDE DOWN est \u00e9dit\u00e9 par EXTRA en 2019. Six livres proposent au jeune public d\u2019explorer l\u2019espace avec son corps au travers de positions, de parcours et de mouvements.<\/p>\n<p class=\"p1\">Chaque livre, par sa morphologie, permet d\u2019explorer une notion spatiale \u00e9l\u00e9mentaire, par le jeu et la manipulation. Un projet \u00e0 l\u2019intersection entre architecture, graphisme et \u00e9dition.<\/p>\n<ul>\n<li>6 livres en espace<\/li>\n<li>3 livrets d\u2019accompagnement : morphologies, positions et mouvements<\/li>\n<li>l\u2019affiche UPSIDE DOWN (code graphique spatial)<\/li>\n<li>1 livret p\u00e9dagogique<\/li>\n<\/ul>\n<p>&nbsp;<\/p>\n<p>&nbsp;<\/p>\n","protected":false},"excerpt":{"rendered":"<p><strong>Auteur:<\/strong> Fanny Millard<br \/>\n<strong>Editeur:<\/strong> EXTRA, \u00e9diteur d\u2019espace (2019)<\/p>\n<p><strong>Coffret:<\/strong>\u00a0voir contenu ci-dessous<br \/>\n<strong>Langue:<\/strong> Fran\u00e7ais\/Anglais &#8211; French\/English<br \/>\n<strong>ISBN13:<\/strong> 978-2-901018-02-5<\/p>\n","protected":false},"featured_media":16378,"template":"","meta":[],"product_brand":[],"product_cat":[135,207,212,162],"product_tag":[],"class_list":{"0":"post-16383","1":"product","2":"type-product","3":"status-publish","4":"has-post-thumbnail","6":"product_cat-english-en","7":"product_cat-architecture-en","8":"product_cat-artists-books-en","9":"product_cat-french-en","11":"first","12":"outofstock","13":"taxable","14":"shipping-taxable","15":"purchasable","16":"product-type-simple"},"yoast_head":"<!-- This site is optimized with the Yoast SEO plugin v27.4 - https:\/\/yoast.com\/product\/yoast-seo-wordpress\/ -->\n<title>UPSIDE DOWN - Le coffret - Books on the Move<\/title>\n<meta name=\"robots\" content=\"index, follow, max-snippet:-1, max-image-preview:large, max-video-preview:-1\" \/>\n<link rel=\"canonical\" href=\"https:\/\/www.booksonthemove.fr\/produit\/upside-down-le-coffret\/\" \/>\n<meta property=\"og:locale\" content=\"en_US\" \/>\n<meta property=\"og:type\" content=\"article\" \/>\n<meta property=\"og:title\" content=\"UPSIDE DOWN - Le coffret - Books on the Move\" \/>\n<meta property=\"og:description\" content=\"Auteur: Fanny Millard Editeur: EXTRA, \u00e9diteur d\u2019espace (2019)  Coffret:\u00a0voir contenu ci-dessous Langue: Fran\u00e7ais\/Anglais - French\/English ISBN13: 978-2-901018-02-5\" \/>\n<meta property=\"og:url\" content=\"https:\/\/www.booksonthemove.fr\/produit\/upside-down-le-coffret\/\" \/>\n<meta property=\"og:site_name\" content=\"Books on the Move\" \/>\n<meta property=\"article:publisher\" content=\"https:\/\/www.facebook.com\/Librairiebooksonthemove\/\" \/>\n<meta property=\"article:modified_time\" content=\"2023-10-23T21:16:36+00:00\" \/>\n<meta property=\"og:image\" content=\"https:\/\/www.booksonthemove.fr\/media\/bom_2159.png\" \/>\n\t<meta property=\"og:image:width\" content=\"640\" \/>\n\t<meta property=\"og:image:height\" content=\"427\" \/>\n\t<meta property=\"og:image:type\" content=\"image\/png\" \/>\n<meta name=\"twitter:card\" content=\"summary_large_image\" \/>\n<script type=\"application\/ld+json\" class=\"yoast-schema-graph\">{\"@context\":\"https:\\\/\\\/schema.org\",\"@graph\":[{\"@type\":\"WebPage\",\"@id\":\"https:\\\/\\\/www.booksonthemove.fr\\\/produit\\\/upside-down-le-coffret\\\/\",\"url\":\"https:\\\/\\\/www.booksonthemove.fr\\\/produit\\\/upside-down-le-coffret\\\/\",\"name\":\"UPSIDE DOWN - Le coffret - Books on the Move\",\"isPartOf\":{\"@id\":\"https:\\\/\\\/www.booksonthemove.fr\\\/#website\"},\"primaryImageOfPage\":{\"@id\":\"https:\\\/\\\/www.booksonthemove.fr\\\/produit\\\/upside-down-le-coffret\\\/#primaryimage\"},\"image\":{\"@id\":\"https:\\\/\\\/www.booksonthemove.fr\\\/produit\\\/upside-down-le-coffret\\\/#primaryimage\"},\"thumbnailUrl\":\"https:\\\/\\\/www.booksonthemove.fr\\\/media\\\/bom_2159.png\",\"datePublished\":\"2020-06-22T11:28:20+00:00\",\"dateModified\":\"2023-10-23T21:16:36+00:00\",\"breadcrumb\":{\"@id\":\"https:\\\/\\\/www.booksonthemove.fr\\\/produit\\\/upside-down-le-coffret\\\/#breadcrumb\"},\"inLanguage\":\"en-US\",\"potentialAction\":[{\"@type\":\"ReadAction\",\"target\":[\"https:\\\/\\\/www.booksonthemove.fr\\\/produit\\\/upside-down-le-coffret\\\/\"]}]},{\"@type\":\"ImageObject\",\"inLanguage\":\"en-US\",\"@id\":\"https:\\\/\\\/www.booksonthemove.fr\\\/produit\\\/upside-down-le-coffret\\\/#primaryimage\",\"url\":\"https:\\\/\\\/www.booksonthemove.fr\\\/media\\\/bom_2159.png\",\"contentUrl\":\"https:\\\/\\\/www.booksonthemove.fr\\\/media\\\/bom_2159.png\",\"width\":640,\"height\":427},{\"@type\":\"BreadcrumbList\",\"@id\":\"https:\\\/\\\/www.booksonthemove.fr\\\/produit\\\/upside-down-le-coffret\\\/#breadcrumb\",\"itemListElement\":[{\"@type\":\"ListItem\",\"position\":1,\"name\":\"Accueil\",\"item\":\"https:\\\/\\\/www.booksonthemove.fr\\\/en\\\/\"},{\"@type\":\"ListItem\",\"position\":2,\"name\":\"online store\",\"item\":\"https:\\\/\\\/www.booksonthemove.fr\\\/en\\\/online-shop\\\/\"},{\"@type\":\"ListItem\",\"position\":3,\"name\":\"UPSIDE DOWN &#8211; Le coffret\"}]},{\"@type\":\"WebSite\",\"@id\":\"https:\\\/\\\/www.booksonthemove.fr\\\/#website\",\"url\":\"https:\\\/\\\/www.booksonthemove.fr\\\/\",\"name\":\"Books on the Move\",\"description\":\"librairie nomade - danse - mouvement - performance\",\"publisher\":{\"@id\":\"https:\\\/\\\/www.booksonthemove.fr\\\/#organization\"},\"potentialAction\":[{\"@type\":\"SearchAction\",\"target\":{\"@type\":\"EntryPoint\",\"urlTemplate\":\"https:\\\/\\\/www.booksonthemove.fr\\\/?s={search_term_string}\"},\"query-input\":{\"@type\":\"PropertyValueSpecification\",\"valueRequired\":true,\"valueName\":\"search_term_string\"}}],\"inLanguage\":\"en-US\"},{\"@type\":\"Organization\",\"@id\":\"https:\\\/\\\/www.booksonthemove.fr\\\/#organization\",\"name\":\"Books on the Move\",\"url\":\"https:\\\/\\\/www.booksonthemove.fr\\\/\",\"logo\":{\"@type\":\"ImageObject\",\"inLanguage\":\"en-US\",\"@id\":\"https:\\\/\\\/www.booksonthemove.fr\\\/#\\\/schema\\\/logo\\\/image\\\/\",\"url\":\"https:\\\/\\\/www.booksonthemove.fr\\\/media\\\/logo-NB-400.jpg\",\"contentUrl\":\"https:\\\/\\\/www.booksonthemove.fr\\\/media\\\/logo-NB-400.jpg\",\"width\":400,\"height\":143,\"caption\":\"Books on the Move\"},\"image\":{\"@id\":\"https:\\\/\\\/www.booksonthemove.fr\\\/#\\\/schema\\\/logo\\\/image\\\/\"},\"sameAs\":[\"https:\\\/\\\/www.facebook.com\\\/Librairiebooksonthemove\\\/\"]}]}<\/script>\n<!-- \/ Yoast SEO plugin. -->","yoast_head_json":{"title":"UPSIDE DOWN - Le coffret - Books on the Move","robots":{"index":"index","follow":"follow","max-snippet":"max-snippet:-1","max-image-preview":"max-image-preview:large","max-video-preview":"max-video-preview:-1"},"canonical":"https:\/\/www.booksonthemove.fr\/produit\/upside-down-le-coffret\/","og_locale":"en_US","og_type":"article","og_title":"UPSIDE DOWN - Le coffret - Books on the Move","og_description":"Auteur: Fanny Millard Editeur: EXTRA, \u00e9diteur d\u2019espace (2019)  Coffret:\u00a0voir contenu ci-dessous Langue: Fran\u00e7ais\/Anglais - French\/English ISBN13: 978-2-901018-02-5","og_url":"https:\/\/www.booksonthemove.fr\/produit\/upside-down-le-coffret\/","og_site_name":"Books on the Move","article_publisher":"https:\/\/www.facebook.com\/Librairiebooksonthemove\/","article_modified_time":"2023-10-23T21:16:36+00:00","og_image":[{"width":640,"height":427,"url":"https:\/\/www.booksonthemove.fr\/media\/bom_2159.png","type":"image\/png"}],"twitter_card":"summary_large_image","schema":{"@context":"https:\/\/schema.org","@graph":[{"@type":"WebPage","@id":"https:\/\/www.booksonthemove.fr\/produit\/upside-down-le-coffret\/","url":"https:\/\/www.booksonthemove.fr\/produit\/upside-down-le-coffret\/","name":"UPSIDE DOWN - Le coffret - Books on the Move","isPartOf":{"@id":"https:\/\/www.booksonthemove.fr\/#website"},"primaryImageOfPage":{"@id":"https:\/\/www.booksonthemove.fr\/produit\/upside-down-le-coffret\/#primaryimage"},"image":{"@id":"https:\/\/www.booksonthemove.fr\/produit\/upside-down-le-coffret\/#primaryimage"},"thumbnailUrl":"https:\/\/www.booksonthemove.fr\/media\/bom_2159.png","datePublished":"2020-06-22T11:28:20+00:00","dateModified":"2023-10-23T21:16:36+00:00","breadcrumb":{"@id":"https:\/\/www.booksonthemove.fr\/produit\/upside-down-le-coffret\/#breadcrumb"},"inLanguage":"en-US","potentialAction":[{"@type":"ReadAction","target":["https:\/\/www.booksonthemove.fr\/produit\/upside-down-le-coffret\/"]}]},{"@type":"ImageObject","inLanguage":"en-US","@id":"https:\/\/www.booksonthemove.fr\/produit\/upside-down-le-coffret\/#primaryimage","url":"https:\/\/www.booksonthemove.fr\/media\/bom_2159.png","contentUrl":"https:\/\/www.booksonthemove.fr\/media\/bom_2159.png","width":640,"height":427},{"@type":"BreadcrumbList","@id":"https:\/\/www.booksonthemove.fr\/produit\/upside-down-le-coffret\/#breadcrumb","itemListElement":[{"@type":"ListItem","position":1,"name":"Accueil","item":"https:\/\/www.booksonthemove.fr\/en\/"},{"@type":"ListItem","position":2,"name":"online store","item":"https:\/\/www.booksonthemove.fr\/en\/online-shop\/"},{"@type":"ListItem","position":3,"name":"UPSIDE DOWN &#8211; Le coffret"}]},{"@type":"WebSite","@id":"https:\/\/www.booksonthemove.fr\/#website","url":"https:\/\/www.booksonthemove.fr\/","name":"Books on the Move","description":"librairie nomade - danse - mouvement - performance","publisher":{"@id":"https:\/\/www.booksonthemove.fr\/#organization"},"potentialAction":[{"@type":"SearchAction","target":{"@type":"EntryPoint","urlTemplate":"https:\/\/www.booksonthemove.fr\/?s={search_term_string}"},"query-input":{"@type":"PropertyValueSpecification","valueRequired":true,"valueName":"search_term_string"}}],"inLanguage":"en-US"},{"@type":"Organization","@id":"https:\/\/www.booksonthemove.fr\/#organization","name":"Books on the Move","url":"https:\/\/www.booksonthemove.fr\/","logo":{"@type":"ImageObject","inLanguage":"en-US","@id":"https:\/\/www.booksonthemove.fr\/#\/schema\/logo\/image\/","url":"https:\/\/www.booksonthemove.fr\/media\/logo-NB-400.jpg","contentUrl":"https:\/\/www.booksonthemove.fr\/media\/logo-NB-400.jpg","width":400,"height":143,"caption":"Books on the Move"},"image":{"@id":"https:\/\/www.booksonthemove.fr\/#\/schema\/logo\/image\/"},"sameAs":["https:\/\/www.facebook.com\/Librairiebooksonthemove\/"]}]}},"_links":{"self":[{"href":"https:\/\/www.booksonthemove.fr\/en\/wp-json\/wp\/v2\/product\/16383","targetHints":{"allow":["GET"]}}],"collection":[{"href":"https:\/\/www.booksonthemove.fr\/en\/wp-json\/wp\/v2\/product"}],"about":[{"href":"https:\/\/www.booksonthemove.fr\/en\/wp-json\/wp\/v2\/types\/product"}],"wp:featuredmedia":[{"embeddable":true,"href":"https:\/\/www.booksonthemove.fr\/en\/wp-json\/wp\/v2\/media\/16378"}],"wp:attachment":[{"href":"https:\/\/www.booksonthemove.fr\/en\/wp-json\/wp\/v2\/media?parent=16383"}],"wp:term":[{"taxonomy":"product_brand","embeddable":true,"href":"https:\/\/www.booksonthemove.fr\/en\/wp-json\/wp\/v2\/product_brand?post=16383"},{"taxonomy":"product_cat","embeddable":true,"href":"https:\/\/www.booksonthemove.fr\/en\/wp-json\/wp\/v2\/product_cat?post=16383"},{"taxonomy":"product_tag","embeddable":true,"href":"https:\/\/www.booksonthemove.fr\/en\/wp-json\/wp\/v2\/product_tag?post=16383"}],"curies":[{"name":"wp","href":"https:\/\/api.w.org\/{rel}","templated":true}]}}