{"id":16615,"date":"2020-05-05T17:06:34","date_gmt":"2020-05-05T15:06:34","guid":{"rendered":"https:\/\/www.booksonthemove.fr\/produit\/paulo-nimer-pjota\/"},"modified":"2024-10-22T18:49:01","modified_gmt":"2024-10-22T16:49:01","slug":"paulo-nimer-pjota","status":"publish","type":"product","link":"https:\/\/www.booksonthemove.fr\/en\/produit\/paulo-nimer-pjota\/","title":{"rendered":"Paulo Nimer Pjota"},"content":{"rendered":"<div class=\"accroche\">\n<div class=\"accroche\">This first monograph on Paulo Nimer Pjota, profusely illustrated and collecting several essays and a long conversation between the Brazilian artist and Kiki Mazzucchelli, takes stock at Nimer Pjota&#8217;s signature condensation of pictorial concerns and life lessons. His layered works, like modern, rough palimpsests, are testaments to the artist&#8217;s collapsing of high with low, society and history with the personal and the marginal, often told through readymade details and objects that Nimer Pjota corrals in front of the wall pieces.<\/div>\n<div class=\"bioAuteur\"><\/div>\n<div class=\"bioAuteur\">The starting point of Paulo Nimer Pjota&#8217;s works (born 1988 in S\u00e3o Jos\u00e9 do Rio Preto, Brazil, lives and works in S\u00e3o Paulo) is the nature of collectively originated phenomena. His research and practice focus on an in-depth study of a kind of popular iconography which can only develop through complex processes operated by numerous individuals. We can therefore think of his production as the representation of a plural and agitated dialogue, with ever-changing interpretations, running through multiple streams of consciousness.<br \/>\nThe artist usually employs as medium large canvases, sacks and metal sheets. Most of these materials are found in waste depots and go through processes of negotiation and displacement. Naturally, the chosen pieces come with traces from other times and uses, so that they provide an initial terrain\u2014graphic and spiritual\u2014for that which will take form on these surfaces. From that point, he creates overarching tales within the tension between the freedom of random choice and the precision of a meticulous composition, combining representations in a constellation of suspended bodies. This is when art history and mass culture go hand in hand, as well as universal canons and everyday banalities, universal symbols and regional themes.<br \/>\nMore than anything, he is interested in the processes and mechanisms that produce, edit and disseminate human expressions at the time of internet and ultra-communication. Through rhythm, rhyme and repetition, images arise which index the common perceptions of a globalized planet and that, as a consequence, expose its deep inequalities. Indeed, it becomes possible to question the way in which we formulate information and distribute our affections, reconfiguring our sensibilities towards our surroundings and promoting hither to unthinkable possibilities of social interaction.<\/div>\n<div><\/div>\n<div>Texts by Germano Dush\u00e1, Claudia Rodriguez Ponga Linares, Thierry Raspail, interview with Paulo Nimer Pjota by Kiki Mazzucchelli.<\/div>\n<\/div>\n","protected":false},"excerpt":{"rendered":"<p><b>Authors: <\/b>Germano Dush\u00e1, Claudia Rodriguez Ponga Linares, Thierry Raspail, interview with Paulo Nimer Pjota by Kiki Mazzucchelli<br \/>\n<b>Publisher: <\/b>Mousse Publishing &amp; Cobog\u00f3 (2018)<\/p>\n<p><b>Paperback: <\/b>160 pages<br \/>\n<b>Language: <\/b>English\/Portuguese<br \/>\n<strong>ISBN13:<\/strong> 978-88-6749-317-3<\/p>\n","protected":false},"featured_media":16614,"template":"","meta":[],"product_brand":[],"product_cat":[135,301,258,264,227],"product_tag":[],"class_list":{"0":"post-16615","1":"product","2":"type-product","3":"status-publish","4":"has-post-thumbnail","6":"product_cat-english-en","7":"product_cat-arts-plastiques-en","8":"product_cat-other-languages","9":"product_cat-brazil-en","10":"product_cat-essays-en","12":"first","13":"outofstock","14":"taxable","15":"shipping-taxable","16":"purchasable","17":"product-type-simple"},"yoast_head":"<!-- This site is optimized with the Yoast SEO plugin v27.5 - https:\/\/yoast.com\/product\/yoast-seo-wordpress\/ -->\n<title>Paulo Nimer Pjota - Books on the Move<\/title>\n<meta name=\"robots\" content=\"index, follow, max-snippet:-1, max-image-preview:large, max-video-preview:-1\" \/>\n<link rel=\"canonical\" href=\"https:\/\/www.booksonthemove.fr\/produit\/paulo-nimer-pjota\/\" \/>\n<meta property=\"og:locale\" content=\"en_US\" \/>\n<meta property=\"og:type\" content=\"article\" \/>\n<meta property=\"og:title\" content=\"Paulo Nimer Pjota - Books on the Move\" \/>\n<meta property=\"og:description\" content=\"Authors: Germano Dush\u00e1, Claudia Rodriguez Ponga Linares, Thierry Raspail, interview with Paulo Nimer Pjota by Kiki Mazzucchelli Publisher: Mousse Publishing &amp; Cobog\u00f3 (2018)  Paperback: 160 pages Language: English\/Portuguese ISBN13: 978-88-6749-317-3\" \/>\n<meta property=\"og:url\" content=\"https:\/\/www.booksonthemove.fr\/produit\/paulo-nimer-pjota\/\" \/>\n<meta property=\"og:site_name\" content=\"Books on the Move\" \/>\n<meta property=\"article:publisher\" content=\"https:\/\/www.facebook.com\/Librairiebooksonthemove\/\" \/>\n<meta property=\"article:modified_time\" content=\"2024-10-22T16:49:01+00:00\" \/>\n<meta property=\"og:image\" content=\"https:\/\/www.booksonthemove.fr\/media\/bom_2166.jpg\" \/>\n\t<meta property=\"og:image:width\" content=\"900\" \/>\n\t<meta property=\"og:image:height\" content=\"1230\" \/>\n\t<meta property=\"og:image:type\" content=\"image\/jpeg\" \/>\n<meta name=\"twitter:card\" content=\"summary_large_image\" \/>\n<script type=\"application\/ld+json\" class=\"yoast-schema-graph\">{\"@context\":\"https:\\\/\\\/schema.org\",\"@graph\":[{\"@type\":\"WebPage\",\"@id\":\"https:\\\/\\\/www.booksonthemove.fr\\\/produit\\\/paulo-nimer-pjota\\\/\",\"url\":\"https:\\\/\\\/www.booksonthemove.fr\\\/produit\\\/paulo-nimer-pjota\\\/\",\"name\":\"Paulo Nimer Pjota - Books on the Move\",\"isPartOf\":{\"@id\":\"https:\\\/\\\/www.booksonthemove.fr\\\/#website\"},\"primaryImageOfPage\":{\"@id\":\"https:\\\/\\\/www.booksonthemove.fr\\\/produit\\\/paulo-nimer-pjota\\\/#primaryimage\"},\"image\":{\"@id\":\"https:\\\/\\\/www.booksonthemove.fr\\\/produit\\\/paulo-nimer-pjota\\\/#primaryimage\"},\"thumbnailUrl\":\"https:\\\/\\\/www.booksonthemove.fr\\\/media\\\/bom_2166.jpg\",\"datePublished\":\"2020-05-05T15:06:34+00:00\",\"dateModified\":\"2024-10-22T16:49:01+00:00\",\"breadcrumb\":{\"@id\":\"https:\\\/\\\/www.booksonthemove.fr\\\/produit\\\/paulo-nimer-pjota\\\/#breadcrumb\"},\"inLanguage\":\"en-US\",\"potentialAction\":[{\"@type\":\"ReadAction\",\"target\":[\"https:\\\/\\\/www.booksonthemove.fr\\\/produit\\\/paulo-nimer-pjota\\\/\"]}]},{\"@type\":\"ImageObject\",\"inLanguage\":\"en-US\",\"@id\":\"https:\\\/\\\/www.booksonthemove.fr\\\/produit\\\/paulo-nimer-pjota\\\/#primaryimage\",\"url\":\"https:\\\/\\\/www.booksonthemove.fr\\\/media\\\/bom_2166.jpg\",\"contentUrl\":\"https:\\\/\\\/www.booksonthemove.fr\\\/media\\\/bom_2166.jpg\",\"width\":900,\"height\":1230},{\"@type\":\"BreadcrumbList\",\"@id\":\"https:\\\/\\\/www.booksonthemove.fr\\\/produit\\\/paulo-nimer-pjota\\\/#breadcrumb\",\"itemListElement\":[{\"@type\":\"ListItem\",\"position\":1,\"name\":\"Accueil\",\"item\":\"https:\\\/\\\/www.booksonthemove.fr\\\/en\\\/\"},{\"@type\":\"ListItem\",\"position\":2,\"name\":\"online store\",\"item\":\"https:\\\/\\\/www.booksonthemove.fr\\\/en\\\/online-shop\\\/\"},{\"@type\":\"ListItem\",\"position\":3,\"name\":\"Paulo Nimer Pjota\"}]},{\"@type\":\"WebSite\",\"@id\":\"https:\\\/\\\/www.booksonthemove.fr\\\/#website\",\"url\":\"https:\\\/\\\/www.booksonthemove.fr\\\/\",\"name\":\"Books on the Move\",\"description\":\"librairie nomade - danse - mouvement - performance\",\"publisher\":{\"@id\":\"https:\\\/\\\/www.booksonthemove.fr\\\/#organization\"},\"potentialAction\":[{\"@type\":\"SearchAction\",\"target\":{\"@type\":\"EntryPoint\",\"urlTemplate\":\"https:\\\/\\\/www.booksonthemove.fr\\\/?s={search_term_string}\"},\"query-input\":{\"@type\":\"PropertyValueSpecification\",\"valueRequired\":true,\"valueName\":\"search_term_string\"}}],\"inLanguage\":\"en-US\"},{\"@type\":\"Organization\",\"@id\":\"https:\\\/\\\/www.booksonthemove.fr\\\/#organization\",\"name\":\"Books on the Move\",\"url\":\"https:\\\/\\\/www.booksonthemove.fr\\\/\",\"logo\":{\"@type\":\"ImageObject\",\"inLanguage\":\"en-US\",\"@id\":\"https:\\\/\\\/www.booksonthemove.fr\\\/#\\\/schema\\\/logo\\\/image\\\/\",\"url\":\"https:\\\/\\\/www.booksonthemove.fr\\\/media\\\/logo-NB-400.jpg\",\"contentUrl\":\"https:\\\/\\\/www.booksonthemove.fr\\\/media\\\/logo-NB-400.jpg\",\"width\":400,\"height\":143,\"caption\":\"Books on the Move\"},\"image\":{\"@id\":\"https:\\\/\\\/www.booksonthemove.fr\\\/#\\\/schema\\\/logo\\\/image\\\/\"},\"sameAs\":[\"https:\\\/\\\/www.facebook.com\\\/Librairiebooksonthemove\\\/\"]}]}<\/script>\n<!-- \/ Yoast SEO plugin. -->","yoast_head_json":{"title":"Paulo Nimer Pjota - Books on the Move","robots":{"index":"index","follow":"follow","max-snippet":"max-snippet:-1","max-image-preview":"max-image-preview:large","max-video-preview":"max-video-preview:-1"},"canonical":"https:\/\/www.booksonthemove.fr\/produit\/paulo-nimer-pjota\/","og_locale":"en_US","og_type":"article","og_title":"Paulo Nimer Pjota - Books on the Move","og_description":"Authors: Germano Dush\u00e1, Claudia Rodriguez Ponga Linares, Thierry Raspail, interview with Paulo Nimer Pjota by Kiki Mazzucchelli Publisher: Mousse Publishing &amp; Cobog\u00f3 (2018)  Paperback: 160 pages Language: English\/Portuguese ISBN13: 978-88-6749-317-3","og_url":"https:\/\/www.booksonthemove.fr\/produit\/paulo-nimer-pjota\/","og_site_name":"Books on the Move","article_publisher":"https:\/\/www.facebook.com\/Librairiebooksonthemove\/","article_modified_time":"2024-10-22T16:49:01+00:00","og_image":[{"width":900,"height":1230,"url":"https:\/\/www.booksonthemove.fr\/media\/bom_2166.jpg","type":"image\/jpeg"}],"twitter_card":"summary_large_image","schema":{"@context":"https:\/\/schema.org","@graph":[{"@type":"WebPage","@id":"https:\/\/www.booksonthemove.fr\/produit\/paulo-nimer-pjota\/","url":"https:\/\/www.booksonthemove.fr\/produit\/paulo-nimer-pjota\/","name":"Paulo Nimer Pjota - Books on the Move","isPartOf":{"@id":"https:\/\/www.booksonthemove.fr\/#website"},"primaryImageOfPage":{"@id":"https:\/\/www.booksonthemove.fr\/produit\/paulo-nimer-pjota\/#primaryimage"},"image":{"@id":"https:\/\/www.booksonthemove.fr\/produit\/paulo-nimer-pjota\/#primaryimage"},"thumbnailUrl":"https:\/\/www.booksonthemove.fr\/media\/bom_2166.jpg","datePublished":"2020-05-05T15:06:34+00:00","dateModified":"2024-10-22T16:49:01+00:00","breadcrumb":{"@id":"https:\/\/www.booksonthemove.fr\/produit\/paulo-nimer-pjota\/#breadcrumb"},"inLanguage":"en-US","potentialAction":[{"@type":"ReadAction","target":["https:\/\/www.booksonthemove.fr\/produit\/paulo-nimer-pjota\/"]}]},{"@type":"ImageObject","inLanguage":"en-US","@id":"https:\/\/www.booksonthemove.fr\/produit\/paulo-nimer-pjota\/#primaryimage","url":"https:\/\/www.booksonthemove.fr\/media\/bom_2166.jpg","contentUrl":"https:\/\/www.booksonthemove.fr\/media\/bom_2166.jpg","width":900,"height":1230},{"@type":"BreadcrumbList","@id":"https:\/\/www.booksonthemove.fr\/produit\/paulo-nimer-pjota\/#breadcrumb","itemListElement":[{"@type":"ListItem","position":1,"name":"Accueil","item":"https:\/\/www.booksonthemove.fr\/en\/"},{"@type":"ListItem","position":2,"name":"online store","item":"https:\/\/www.booksonthemove.fr\/en\/online-shop\/"},{"@type":"ListItem","position":3,"name":"Paulo Nimer Pjota"}]},{"@type":"WebSite","@id":"https:\/\/www.booksonthemove.fr\/#website","url":"https:\/\/www.booksonthemove.fr\/","name":"Books on the Move","description":"librairie nomade - danse - mouvement - performance","publisher":{"@id":"https:\/\/www.booksonthemove.fr\/#organization"},"potentialAction":[{"@type":"SearchAction","target":{"@type":"EntryPoint","urlTemplate":"https:\/\/www.booksonthemove.fr\/?s={search_term_string}"},"query-input":{"@type":"PropertyValueSpecification","valueRequired":true,"valueName":"search_term_string"}}],"inLanguage":"en-US"},{"@type":"Organization","@id":"https:\/\/www.booksonthemove.fr\/#organization","name":"Books on the Move","url":"https:\/\/www.booksonthemove.fr\/","logo":{"@type":"ImageObject","inLanguage":"en-US","@id":"https:\/\/www.booksonthemove.fr\/#\/schema\/logo\/image\/","url":"https:\/\/www.booksonthemove.fr\/media\/logo-NB-400.jpg","contentUrl":"https:\/\/www.booksonthemove.fr\/media\/logo-NB-400.jpg","width":400,"height":143,"caption":"Books on the Move"},"image":{"@id":"https:\/\/www.booksonthemove.fr\/#\/schema\/logo\/image\/"},"sameAs":["https:\/\/www.facebook.com\/Librairiebooksonthemove\/"]}]}},"_links":{"self":[{"href":"https:\/\/www.booksonthemove.fr\/en\/wp-json\/wp\/v2\/product\/16615","targetHints":{"allow":["GET"]}}],"collection":[{"href":"https:\/\/www.booksonthemove.fr\/en\/wp-json\/wp\/v2\/product"}],"about":[{"href":"https:\/\/www.booksonthemove.fr\/en\/wp-json\/wp\/v2\/types\/product"}],"wp:featuredmedia":[{"embeddable":true,"href":"https:\/\/www.booksonthemove.fr\/en\/wp-json\/wp\/v2\/media\/16614"}],"wp:attachment":[{"href":"https:\/\/www.booksonthemove.fr\/en\/wp-json\/wp\/v2\/media?parent=16615"}],"wp:term":[{"taxonomy":"product_brand","embeddable":true,"href":"https:\/\/www.booksonthemove.fr\/en\/wp-json\/wp\/v2\/product_brand?post=16615"},{"taxonomy":"product_cat","embeddable":true,"href":"https:\/\/www.booksonthemove.fr\/en\/wp-json\/wp\/v2\/product_cat?post=16615"},{"taxonomy":"product_tag","embeddable":true,"href":"https:\/\/www.booksonthemove.fr\/en\/wp-json\/wp\/v2\/product_tag?post=16615"}],"curies":[{"name":"wp","href":"https:\/\/api.w.org\/{rel}","templated":true}]}}