{"id":22860,"date":"2020-10-07T14:48:22","date_gmt":"2020-10-07T12:48:22","guid":{"rendered":"https:\/\/www.booksonthemove.fr\/produit\/du-fil-a-la-slackline\/"},"modified":"2023-06-15T15:44:41","modified_gmt":"2023-06-15T13:44:41","slug":"du-fil-a-la-slackline","status":"publish","type":"product","link":"https:\/\/www.booksonthemove.fr\/en\/produit\/du-fil-a-la-slackline\/","title":{"rendered":"Du fil \u00e0 la slackline"},"content":{"rendered":"<p>La publication des actes du colloque <em>Du fil \u00e0 la slackline<\/em> marque une premi\u00e8re \u00e9tape de recherche sur les disciplines circassiennes et sportives li\u00e9es au fil (funambule, slackline, fil de fer). Cet ouvrage regroupe les contributions de plusieurs chercheur.euse.s issu.e.s de diff\u00e9rents champs (arts de la sc\u00e8ne, STAPS, histoire, ethnologie, arts plastiques et architecture) dans une optique transdisciplinaire. En deuxi\u00e8me partie de publication, 36 entretiens in\u00e9dits avec des artistes offrent un bel aper\u00e7u de la vari\u00e9t\u00e9 contemporaine des pratiques et des approches de l&#8217;\u00e9quilibre sur fil et permettent, dans leurs points de convergence et leurs singularit\u00e9s, de d\u00e9gager des pistes de r\u00e9flexion sur les pratiques contemporaines du fil, sur ses invariants et ses renouvellements.<\/p>\n","protected":false},"excerpt":{"rendered":"<p class=\"bodytext\"><strong>Auteurs:<\/strong> ouvrage collectif sous la direction de Bernard Andrieu, Karine Saroh &amp; Cyril Thomas<br \/>\n<strong>Editeur:<\/strong> Centre national des arts du cirque (2020)<\/p>\n<p class=\"bodytext\"><strong>Broch\u00e9:<\/strong>\u00a0 562 pages<br \/>\n<strong>Langue:<\/strong> Fran\u00e7ais<br \/>\n<strong>ISBN13:\u00a0<\/strong>978-2-908043-30-3<\/p>\n","protected":false},"featured_media":22859,"template":"","meta":[],"product_brand":[],"product_cat":[215,361,162],"product_tag":[],"class_list":{"0":"post-22860","1":"product","2":"type-product","3":"status-publish","4":"has-post-thumbnail","6":"product_cat-symposiums-conferences-en","7":"product_cat-arts-du-cirque-en","8":"product_cat-french-en","10":"first","11":"outofstock","12":"taxable","13":"shipping-taxable","14":"purchasable","15":"product-type-simple"},"yoast_head":"<!-- This site is optimized with the Yoast SEO plugin v27.5 - https:\/\/yoast.com\/product\/yoast-seo-wordpress\/ -->\n<title>Du fil \u00e0 la slackline - Books on the Move<\/title>\n<meta name=\"robots\" content=\"index, follow, max-snippet:-1, max-image-preview:large, max-video-preview:-1\" \/>\n<link rel=\"canonical\" href=\"https:\/\/www.booksonthemove.fr\/produit\/du-fil-a-la-slackline\/\" \/>\n<meta property=\"og:locale\" content=\"en_US\" \/>\n<meta property=\"og:type\" content=\"article\" \/>\n<meta property=\"og:title\" content=\"Du fil \u00e0 la slackline - Books on the Move\" \/>\n<meta property=\"og:description\" content=\"Auteurs: ouvrage collectif sous la direction de Bernard Andrieu, Karine Saroh &amp; Cyril Thomas Editeur: Centre national des arts du cirque (2020) Broch\u00e9:\u00a0 562 pages Langue: Fran\u00e7ais ISBN13:\u00a0978-2-908043-30-3\" \/>\n<meta property=\"og:url\" content=\"https:\/\/www.booksonthemove.fr\/produit\/du-fil-a-la-slackline\/\" \/>\n<meta property=\"og:site_name\" content=\"Books on the Move\" \/>\n<meta property=\"article:publisher\" content=\"https:\/\/www.facebook.com\/Librairiebooksonthemove\/\" \/>\n<meta property=\"article:modified_time\" content=\"2023-06-15T13:44:41+00:00\" \/>\n<meta property=\"og:image\" content=\"https:\/\/www.booksonthemove.fr\/media\/bom_2216.jpg\" \/>\n\t<meta property=\"og:image:width\" content=\"900\" \/>\n\t<meta property=\"og:image:height\" content=\"1437\" \/>\n\t<meta property=\"og:image:type\" content=\"image\/jpeg\" \/>\n<meta name=\"twitter:card\" content=\"summary_large_image\" \/>\n<script type=\"application\/ld+json\" class=\"yoast-schema-graph\">{\"@context\":\"https:\\\/\\\/schema.org\",\"@graph\":[{\"@type\":\"WebPage\",\"@id\":\"https:\\\/\\\/www.booksonthemove.fr\\\/produit\\\/du-fil-a-la-slackline\\\/\",\"url\":\"https:\\\/\\\/www.booksonthemove.fr\\\/produit\\\/du-fil-a-la-slackline\\\/\",\"name\":\"Du fil \u00e0 la slackline - Books on the Move\",\"isPartOf\":{\"@id\":\"https:\\\/\\\/www.booksonthemove.fr\\\/#website\"},\"primaryImageOfPage\":{\"@id\":\"https:\\\/\\\/www.booksonthemove.fr\\\/produit\\\/du-fil-a-la-slackline\\\/#primaryimage\"},\"image\":{\"@id\":\"https:\\\/\\\/www.booksonthemove.fr\\\/produit\\\/du-fil-a-la-slackline\\\/#primaryimage\"},\"thumbnailUrl\":\"https:\\\/\\\/www.booksonthemove.fr\\\/media\\\/bom_2216.jpg\",\"datePublished\":\"2020-10-07T12:48:22+00:00\",\"dateModified\":\"2023-06-15T13:44:41+00:00\",\"breadcrumb\":{\"@id\":\"https:\\\/\\\/www.booksonthemove.fr\\\/produit\\\/du-fil-a-la-slackline\\\/#breadcrumb\"},\"inLanguage\":\"en-US\",\"potentialAction\":[{\"@type\":\"ReadAction\",\"target\":[\"https:\\\/\\\/www.booksonthemove.fr\\\/produit\\\/du-fil-a-la-slackline\\\/\"]}]},{\"@type\":\"ImageObject\",\"inLanguage\":\"en-US\",\"@id\":\"https:\\\/\\\/www.booksonthemove.fr\\\/produit\\\/du-fil-a-la-slackline\\\/#primaryimage\",\"url\":\"https:\\\/\\\/www.booksonthemove.fr\\\/media\\\/bom_2216.jpg\",\"contentUrl\":\"https:\\\/\\\/www.booksonthemove.fr\\\/media\\\/bom_2216.jpg\",\"width\":900,\"height\":1437},{\"@type\":\"BreadcrumbList\",\"@id\":\"https:\\\/\\\/www.booksonthemove.fr\\\/produit\\\/du-fil-a-la-slackline\\\/#breadcrumb\",\"itemListElement\":[{\"@type\":\"ListItem\",\"position\":1,\"name\":\"Accueil\",\"item\":\"https:\\\/\\\/www.booksonthemove.fr\\\/en\\\/\"},{\"@type\":\"ListItem\",\"position\":2,\"name\":\"online store\",\"item\":\"https:\\\/\\\/www.booksonthemove.fr\\\/en\\\/online-shop\\\/\"},{\"@type\":\"ListItem\",\"position\":3,\"name\":\"Du fil \u00e0 la slackline\"}]},{\"@type\":\"WebSite\",\"@id\":\"https:\\\/\\\/www.booksonthemove.fr\\\/#website\",\"url\":\"https:\\\/\\\/www.booksonthemove.fr\\\/\",\"name\":\"Books on the Move\",\"description\":\"librairie nomade - danse - mouvement - performance\",\"publisher\":{\"@id\":\"https:\\\/\\\/www.booksonthemove.fr\\\/#organization\"},\"potentialAction\":[{\"@type\":\"SearchAction\",\"target\":{\"@type\":\"EntryPoint\",\"urlTemplate\":\"https:\\\/\\\/www.booksonthemove.fr\\\/?s={search_term_string}\"},\"query-input\":{\"@type\":\"PropertyValueSpecification\",\"valueRequired\":true,\"valueName\":\"search_term_string\"}}],\"inLanguage\":\"en-US\"},{\"@type\":\"Organization\",\"@id\":\"https:\\\/\\\/www.booksonthemove.fr\\\/#organization\",\"name\":\"Books on the Move\",\"url\":\"https:\\\/\\\/www.booksonthemove.fr\\\/\",\"logo\":{\"@type\":\"ImageObject\",\"inLanguage\":\"en-US\",\"@id\":\"https:\\\/\\\/www.booksonthemove.fr\\\/#\\\/schema\\\/logo\\\/image\\\/\",\"url\":\"https:\\\/\\\/www.booksonthemove.fr\\\/media\\\/logo-NB-400.jpg\",\"contentUrl\":\"https:\\\/\\\/www.booksonthemove.fr\\\/media\\\/logo-NB-400.jpg\",\"width\":400,\"height\":143,\"caption\":\"Books on the Move\"},\"image\":{\"@id\":\"https:\\\/\\\/www.booksonthemove.fr\\\/#\\\/schema\\\/logo\\\/image\\\/\"},\"sameAs\":[\"https:\\\/\\\/www.facebook.com\\\/Librairiebooksonthemove\\\/\"]}]}<\/script>\n<!-- \/ Yoast SEO plugin. -->","yoast_head_json":{"title":"Du fil \u00e0 la slackline - Books on the Move","robots":{"index":"index","follow":"follow","max-snippet":"max-snippet:-1","max-image-preview":"max-image-preview:large","max-video-preview":"max-video-preview:-1"},"canonical":"https:\/\/www.booksonthemove.fr\/produit\/du-fil-a-la-slackline\/","og_locale":"en_US","og_type":"article","og_title":"Du fil \u00e0 la slackline - Books on the Move","og_description":"Auteurs: ouvrage collectif sous la direction de Bernard Andrieu, Karine Saroh &amp; Cyril Thomas Editeur: Centre national des arts du cirque (2020) Broch\u00e9:\u00a0 562 pages Langue: Fran\u00e7ais ISBN13:\u00a0978-2-908043-30-3","og_url":"https:\/\/www.booksonthemove.fr\/produit\/du-fil-a-la-slackline\/","og_site_name":"Books on the Move","article_publisher":"https:\/\/www.facebook.com\/Librairiebooksonthemove\/","article_modified_time":"2023-06-15T13:44:41+00:00","og_image":[{"width":900,"height":1437,"url":"https:\/\/www.booksonthemove.fr\/media\/bom_2216.jpg","type":"image\/jpeg"}],"twitter_card":"summary_large_image","schema":{"@context":"https:\/\/schema.org","@graph":[{"@type":"WebPage","@id":"https:\/\/www.booksonthemove.fr\/produit\/du-fil-a-la-slackline\/","url":"https:\/\/www.booksonthemove.fr\/produit\/du-fil-a-la-slackline\/","name":"Du fil \u00e0 la slackline - Books on the Move","isPartOf":{"@id":"https:\/\/www.booksonthemove.fr\/#website"},"primaryImageOfPage":{"@id":"https:\/\/www.booksonthemove.fr\/produit\/du-fil-a-la-slackline\/#primaryimage"},"image":{"@id":"https:\/\/www.booksonthemove.fr\/produit\/du-fil-a-la-slackline\/#primaryimage"},"thumbnailUrl":"https:\/\/www.booksonthemove.fr\/media\/bom_2216.jpg","datePublished":"2020-10-07T12:48:22+00:00","dateModified":"2023-06-15T13:44:41+00:00","breadcrumb":{"@id":"https:\/\/www.booksonthemove.fr\/produit\/du-fil-a-la-slackline\/#breadcrumb"},"inLanguage":"en-US","potentialAction":[{"@type":"ReadAction","target":["https:\/\/www.booksonthemove.fr\/produit\/du-fil-a-la-slackline\/"]}]},{"@type":"ImageObject","inLanguage":"en-US","@id":"https:\/\/www.booksonthemove.fr\/produit\/du-fil-a-la-slackline\/#primaryimage","url":"https:\/\/www.booksonthemove.fr\/media\/bom_2216.jpg","contentUrl":"https:\/\/www.booksonthemove.fr\/media\/bom_2216.jpg","width":900,"height":1437},{"@type":"BreadcrumbList","@id":"https:\/\/www.booksonthemove.fr\/produit\/du-fil-a-la-slackline\/#breadcrumb","itemListElement":[{"@type":"ListItem","position":1,"name":"Accueil","item":"https:\/\/www.booksonthemove.fr\/en\/"},{"@type":"ListItem","position":2,"name":"online store","item":"https:\/\/www.booksonthemove.fr\/en\/online-shop\/"},{"@type":"ListItem","position":3,"name":"Du fil \u00e0 la slackline"}]},{"@type":"WebSite","@id":"https:\/\/www.booksonthemove.fr\/#website","url":"https:\/\/www.booksonthemove.fr\/","name":"Books on the Move","description":"librairie nomade - danse - mouvement - performance","publisher":{"@id":"https:\/\/www.booksonthemove.fr\/#organization"},"potentialAction":[{"@type":"SearchAction","target":{"@type":"EntryPoint","urlTemplate":"https:\/\/www.booksonthemove.fr\/?s={search_term_string}"},"query-input":{"@type":"PropertyValueSpecification","valueRequired":true,"valueName":"search_term_string"}}],"inLanguage":"en-US"},{"@type":"Organization","@id":"https:\/\/www.booksonthemove.fr\/#organization","name":"Books on the Move","url":"https:\/\/www.booksonthemove.fr\/","logo":{"@type":"ImageObject","inLanguage":"en-US","@id":"https:\/\/www.booksonthemove.fr\/#\/schema\/logo\/image\/","url":"https:\/\/www.booksonthemove.fr\/media\/logo-NB-400.jpg","contentUrl":"https:\/\/www.booksonthemove.fr\/media\/logo-NB-400.jpg","width":400,"height":143,"caption":"Books on the Move"},"image":{"@id":"https:\/\/www.booksonthemove.fr\/#\/schema\/logo\/image\/"},"sameAs":["https:\/\/www.facebook.com\/Librairiebooksonthemove\/"]}]}},"_links":{"self":[{"href":"https:\/\/www.booksonthemove.fr\/en\/wp-json\/wp\/v2\/product\/22860","targetHints":{"allow":["GET"]}}],"collection":[{"href":"https:\/\/www.booksonthemove.fr\/en\/wp-json\/wp\/v2\/product"}],"about":[{"href":"https:\/\/www.booksonthemove.fr\/en\/wp-json\/wp\/v2\/types\/product"}],"wp:featuredmedia":[{"embeddable":true,"href":"https:\/\/www.booksonthemove.fr\/en\/wp-json\/wp\/v2\/media\/22859"}],"wp:attachment":[{"href":"https:\/\/www.booksonthemove.fr\/en\/wp-json\/wp\/v2\/media?parent=22860"}],"wp:term":[{"taxonomy":"product_brand","embeddable":true,"href":"https:\/\/www.booksonthemove.fr\/en\/wp-json\/wp\/v2\/product_brand?post=22860"},{"taxonomy":"product_cat","embeddable":true,"href":"https:\/\/www.booksonthemove.fr\/en\/wp-json\/wp\/v2\/product_cat?post=22860"},{"taxonomy":"product_tag","embeddable":true,"href":"https:\/\/www.booksonthemove.fr\/en\/wp-json\/wp\/v2\/product_tag?post=22860"}],"curies":[{"name":"wp","href":"https:\/\/api.w.org\/{rel}","templated":true}]}}