{"id":23613,"date":"2020-10-25T18:15:47","date_gmt":"2020-10-25T17:15:47","guid":{"rendered":"https:\/\/www.booksonthemove.fr\/produit\/danse-contemporaine-le-guide-2\/"},"modified":"2026-03-28T10:17:09","modified_gmt":"2026-03-28T09:17:09","slug":"danse-contemporaine-le-guide-2","status":"publish","type":"product","link":"https:\/\/www.booksonthemove.fr\/en\/produit\/danse-contemporaine-le-guide-2\/","title":{"rendered":"Danse contemporaine &#8211; le guide"},"content":{"rendered":"<hgroup class=\"Book-hgroup\">\n<h3 class=\"Book-subtitle\" data-field=\"sous-titre\">\u0152uvres phares, notions cl\u00e9s, id\u00e9es neuves, dates rep\u00e8res<\/h3>\n<\/hgroup>\n<div class=\"Book-summary\" data-field=\"resume\" data-code=\"RQU\">\u2022 20 chor\u00e9graphes phares<br \/>\n\u2022 Renouer les fils avec le pass\u00e9<br \/>\n\u2022 Changer sa fa\u00e7on de voir<br \/>\n\u2022 La danse contemporaine, quel int\u00e9r\u00eat\u00a0?<br \/>\n\u2022 La danse contemporaine, c\u2019est quoi\u00a0?<br \/>\n\u2022 Retenir quelques dates rep\u00e8res<br \/>\n\u2022 Les Ma\u00eetres \u00e0 danser<br \/>\n\u2022 Conna\u00eetre les mots cl\u00e9s<br \/>\n\u2022 Comment approcher la danse contemporaine\u00a0?<\/div>\n","protected":false},"excerpt":{"rendered":"<p><strong>Auteur :<\/strong> Philippe Noisette<br \/>\n<strong>Editeur :<\/strong> Flammarion (2025 &#8211; 4\u00e8me \u00e9dition)<\/p>\n<p><strong>Broch\u00e9 :<\/strong> 224 pages<br \/>\n<strong>Langue :<\/strong> Fran\u00e7ais<br \/>\n<strong>ISBN13 :\u00a0<\/strong>9782080477958<\/p>\n","protected":false},"featured_media":45375,"template":"","meta":[],"product_brand":[],"product_cat":[197,240,146,162,136],"product_tag":[],"class_list":{"0":"post-23613","1":"product","2":"type-product","3":"status-publish","4":"has-post-thumbnail","6":"product_cat-analysis-of-works-en","7":"product_cat-choreography-en","8":"product_cat-theoretical-texts-en","9":"product_cat-french-en","10":"product_cat-histoire-en","12":"first","13":"outofstock","14":"taxable","15":"shipping-taxable","16":"purchasable","17":"product-type-simple"},"yoast_head":"<!-- This site is optimized with the Yoast SEO plugin v27.4 - https:\/\/yoast.com\/product\/yoast-seo-wordpress\/ -->\n<title>Danse contemporaine - le guide - Books on the Move<\/title>\n<meta name=\"robots\" content=\"index, follow, max-snippet:-1, max-image-preview:large, max-video-preview:-1\" \/>\n<link rel=\"canonical\" href=\"https:\/\/www.booksonthemove.fr\/en\/produit\/danse-contemporaine-le-guide-2\/\" \/>\n<meta property=\"og:locale\" content=\"en_US\" \/>\n<meta property=\"og:type\" content=\"article\" \/>\n<meta property=\"og:title\" content=\"Danse contemporaine - le guide - Books on the Move\" \/>\n<meta property=\"og:description\" content=\"Auteur : Philippe Noisette Editeur : Flammarion (2025 - 4\u00e8me \u00e9dition)  Broch\u00e9 : 224 pages Langue : Fran\u00e7ais ISBN13 :\u00a09782080477958\" \/>\n<meta property=\"og:url\" content=\"https:\/\/www.booksonthemove.fr\/en\/produit\/danse-contemporaine-le-guide-2\/\" \/>\n<meta property=\"og:site_name\" content=\"Books on the Move\" \/>\n<meta property=\"article:publisher\" content=\"https:\/\/www.facebook.com\/Librairiebooksonthemove\/\" \/>\n<meta property=\"article:modified_time\" content=\"2026-03-28T09:17:09+00:00\" \/>\n<meta property=\"og:image\" content=\"https:\/\/www.booksonthemove.fr\/media\/bom_2217.5.jpg\" \/>\n\t<meta property=\"og:image:width\" content=\"600\" \/>\n\t<meta property=\"og:image:height\" content=\"847\" \/>\n\t<meta property=\"og:image:type\" content=\"image\/jpeg\" \/>\n<meta name=\"twitter:card\" content=\"summary_large_image\" \/>\n<script type=\"application\/ld+json\" class=\"yoast-schema-graph\">{\"@context\":\"https:\\\/\\\/schema.org\",\"@graph\":[{\"@type\":\"WebPage\",\"@id\":\"https:\\\/\\\/www.booksonthemove.fr\\\/en\\\/produit\\\/danse-contemporaine-le-guide-2\\\/\",\"url\":\"https:\\\/\\\/www.booksonthemove.fr\\\/en\\\/produit\\\/danse-contemporaine-le-guide-2\\\/\",\"name\":\"Danse contemporaine - le guide - Books on the Move\",\"isPartOf\":{\"@id\":\"https:\\\/\\\/www.booksonthemove.fr\\\/#website\"},\"primaryImageOfPage\":{\"@id\":\"https:\\\/\\\/www.booksonthemove.fr\\\/en\\\/produit\\\/danse-contemporaine-le-guide-2\\\/#primaryimage\"},\"image\":{\"@id\":\"https:\\\/\\\/www.booksonthemove.fr\\\/en\\\/produit\\\/danse-contemporaine-le-guide-2\\\/#primaryimage\"},\"thumbnailUrl\":\"https:\\\/\\\/www.booksonthemove.fr\\\/media\\\/bom_2217.5.jpg\",\"datePublished\":\"2020-10-25T17:15:47+00:00\",\"dateModified\":\"2026-03-28T09:17:09+00:00\",\"breadcrumb\":{\"@id\":\"https:\\\/\\\/www.booksonthemove.fr\\\/en\\\/produit\\\/danse-contemporaine-le-guide-2\\\/#breadcrumb\"},\"inLanguage\":\"en-US\",\"potentialAction\":[{\"@type\":\"ReadAction\",\"target\":[\"https:\\\/\\\/www.booksonthemove.fr\\\/en\\\/produit\\\/danse-contemporaine-le-guide-2\\\/\"]}]},{\"@type\":\"ImageObject\",\"inLanguage\":\"en-US\",\"@id\":\"https:\\\/\\\/www.booksonthemove.fr\\\/en\\\/produit\\\/danse-contemporaine-le-guide-2\\\/#primaryimage\",\"url\":\"https:\\\/\\\/www.booksonthemove.fr\\\/media\\\/bom_2217.5.jpg\",\"contentUrl\":\"https:\\\/\\\/www.booksonthemove.fr\\\/media\\\/bom_2217.5.jpg\",\"width\":600,\"height\":847},{\"@type\":\"BreadcrumbList\",\"@id\":\"https:\\\/\\\/www.booksonthemove.fr\\\/en\\\/produit\\\/danse-contemporaine-le-guide-2\\\/#breadcrumb\",\"itemListElement\":[{\"@type\":\"ListItem\",\"position\":1,\"name\":\"Accueil\",\"item\":\"https:\\\/\\\/www.booksonthemove.fr\\\/en\\\/\"},{\"@type\":\"ListItem\",\"position\":2,\"name\":\"online store\",\"item\":\"https:\\\/\\\/www.booksonthemove.fr\\\/en\\\/online-shop\\\/\"},{\"@type\":\"ListItem\",\"position\":3,\"name\":\"Danse contemporaine &#8211; le guide\"}]},{\"@type\":\"WebSite\",\"@id\":\"https:\\\/\\\/www.booksonthemove.fr\\\/#website\",\"url\":\"https:\\\/\\\/www.booksonthemove.fr\\\/\",\"name\":\"Books on the Move\",\"description\":\"librairie nomade - danse - mouvement - performance\",\"publisher\":{\"@id\":\"https:\\\/\\\/www.booksonthemove.fr\\\/#organization\"},\"potentialAction\":[{\"@type\":\"SearchAction\",\"target\":{\"@type\":\"EntryPoint\",\"urlTemplate\":\"https:\\\/\\\/www.booksonthemove.fr\\\/?s={search_term_string}\"},\"query-input\":{\"@type\":\"PropertyValueSpecification\",\"valueRequired\":true,\"valueName\":\"search_term_string\"}}],\"inLanguage\":\"en-US\"},{\"@type\":\"Organization\",\"@id\":\"https:\\\/\\\/www.booksonthemove.fr\\\/#organization\",\"name\":\"Books on the Move\",\"url\":\"https:\\\/\\\/www.booksonthemove.fr\\\/\",\"logo\":{\"@type\":\"ImageObject\",\"inLanguage\":\"en-US\",\"@id\":\"https:\\\/\\\/www.booksonthemove.fr\\\/#\\\/schema\\\/logo\\\/image\\\/\",\"url\":\"https:\\\/\\\/www.booksonthemove.fr\\\/media\\\/logo-NB-400.jpg\",\"contentUrl\":\"https:\\\/\\\/www.booksonthemove.fr\\\/media\\\/logo-NB-400.jpg\",\"width\":400,\"height\":143,\"caption\":\"Books on the Move\"},\"image\":{\"@id\":\"https:\\\/\\\/www.booksonthemove.fr\\\/#\\\/schema\\\/logo\\\/image\\\/\"},\"sameAs\":[\"https:\\\/\\\/www.facebook.com\\\/Librairiebooksonthemove\\\/\"]}]}<\/script>\n<!-- \/ Yoast SEO plugin. -->","yoast_head_json":{"title":"Danse contemporaine - le guide - Books on the Move","robots":{"index":"index","follow":"follow","max-snippet":"max-snippet:-1","max-image-preview":"max-image-preview:large","max-video-preview":"max-video-preview:-1"},"canonical":"https:\/\/www.booksonthemove.fr\/en\/produit\/danse-contemporaine-le-guide-2\/","og_locale":"en_US","og_type":"article","og_title":"Danse contemporaine - le guide - Books on the Move","og_description":"Auteur : Philippe Noisette Editeur : Flammarion (2025 - 4\u00e8me \u00e9dition)  Broch\u00e9 : 224 pages Langue : Fran\u00e7ais ISBN13 :\u00a09782080477958","og_url":"https:\/\/www.booksonthemove.fr\/en\/produit\/danse-contemporaine-le-guide-2\/","og_site_name":"Books on the Move","article_publisher":"https:\/\/www.facebook.com\/Librairiebooksonthemove\/","article_modified_time":"2026-03-28T09:17:09+00:00","og_image":[{"width":600,"height":847,"url":"https:\/\/www.booksonthemove.fr\/media\/bom_2217.5.jpg","type":"image\/jpeg"}],"twitter_card":"summary_large_image","schema":{"@context":"https:\/\/schema.org","@graph":[{"@type":"WebPage","@id":"https:\/\/www.booksonthemove.fr\/en\/produit\/danse-contemporaine-le-guide-2\/","url":"https:\/\/www.booksonthemove.fr\/en\/produit\/danse-contemporaine-le-guide-2\/","name":"Danse contemporaine - le guide - Books on the Move","isPartOf":{"@id":"https:\/\/www.booksonthemove.fr\/#website"},"primaryImageOfPage":{"@id":"https:\/\/www.booksonthemove.fr\/en\/produit\/danse-contemporaine-le-guide-2\/#primaryimage"},"image":{"@id":"https:\/\/www.booksonthemove.fr\/en\/produit\/danse-contemporaine-le-guide-2\/#primaryimage"},"thumbnailUrl":"https:\/\/www.booksonthemove.fr\/media\/bom_2217.5.jpg","datePublished":"2020-10-25T17:15:47+00:00","dateModified":"2026-03-28T09:17:09+00:00","breadcrumb":{"@id":"https:\/\/www.booksonthemove.fr\/en\/produit\/danse-contemporaine-le-guide-2\/#breadcrumb"},"inLanguage":"en-US","potentialAction":[{"@type":"ReadAction","target":["https:\/\/www.booksonthemove.fr\/en\/produit\/danse-contemporaine-le-guide-2\/"]}]},{"@type":"ImageObject","inLanguage":"en-US","@id":"https:\/\/www.booksonthemove.fr\/en\/produit\/danse-contemporaine-le-guide-2\/#primaryimage","url":"https:\/\/www.booksonthemove.fr\/media\/bom_2217.5.jpg","contentUrl":"https:\/\/www.booksonthemove.fr\/media\/bom_2217.5.jpg","width":600,"height":847},{"@type":"BreadcrumbList","@id":"https:\/\/www.booksonthemove.fr\/en\/produit\/danse-contemporaine-le-guide-2\/#breadcrumb","itemListElement":[{"@type":"ListItem","position":1,"name":"Accueil","item":"https:\/\/www.booksonthemove.fr\/en\/"},{"@type":"ListItem","position":2,"name":"online store","item":"https:\/\/www.booksonthemove.fr\/en\/online-shop\/"},{"@type":"ListItem","position":3,"name":"Danse contemporaine &#8211; le guide"}]},{"@type":"WebSite","@id":"https:\/\/www.booksonthemove.fr\/#website","url":"https:\/\/www.booksonthemove.fr\/","name":"Books on the Move","description":"librairie nomade - danse - mouvement - performance","publisher":{"@id":"https:\/\/www.booksonthemove.fr\/#organization"},"potentialAction":[{"@type":"SearchAction","target":{"@type":"EntryPoint","urlTemplate":"https:\/\/www.booksonthemove.fr\/?s={search_term_string}"},"query-input":{"@type":"PropertyValueSpecification","valueRequired":true,"valueName":"search_term_string"}}],"inLanguage":"en-US"},{"@type":"Organization","@id":"https:\/\/www.booksonthemove.fr\/#organization","name":"Books on the Move","url":"https:\/\/www.booksonthemove.fr\/","logo":{"@type":"ImageObject","inLanguage":"en-US","@id":"https:\/\/www.booksonthemove.fr\/#\/schema\/logo\/image\/","url":"https:\/\/www.booksonthemove.fr\/media\/logo-NB-400.jpg","contentUrl":"https:\/\/www.booksonthemove.fr\/media\/logo-NB-400.jpg","width":400,"height":143,"caption":"Books on the Move"},"image":{"@id":"https:\/\/www.booksonthemove.fr\/#\/schema\/logo\/image\/"},"sameAs":["https:\/\/www.facebook.com\/Librairiebooksonthemove\/"]}]}},"_links":{"self":[{"href":"https:\/\/www.booksonthemove.fr\/en\/wp-json\/wp\/v2\/product\/23613","targetHints":{"allow":["GET"]}}],"collection":[{"href":"https:\/\/www.booksonthemove.fr\/en\/wp-json\/wp\/v2\/product"}],"about":[{"href":"https:\/\/www.booksonthemove.fr\/en\/wp-json\/wp\/v2\/types\/product"}],"wp:featuredmedia":[{"embeddable":true,"href":"https:\/\/www.booksonthemove.fr\/en\/wp-json\/wp\/v2\/media\/45375"}],"wp:attachment":[{"href":"https:\/\/www.booksonthemove.fr\/en\/wp-json\/wp\/v2\/media?parent=23613"}],"wp:term":[{"taxonomy":"product_brand","embeddable":true,"href":"https:\/\/www.booksonthemove.fr\/en\/wp-json\/wp\/v2\/product_brand?post=23613"},{"taxonomy":"product_cat","embeddable":true,"href":"https:\/\/www.booksonthemove.fr\/en\/wp-json\/wp\/v2\/product_cat?post=23613"},{"taxonomy":"product_tag","embeddable":true,"href":"https:\/\/www.booksonthemove.fr\/en\/wp-json\/wp\/v2\/product_tag?post=23613"}],"curies":[{"name":"wp","href":"https:\/\/api.w.org\/{rel}","templated":true}]}}