{"id":25678,"date":"2020-11-29T16:25:21","date_gmt":"2020-11-29T15:25:21","guid":{"rendered":"https:\/\/www.booksonthemove.fr\/produit\/walkscapes-la-marche-comme-pratique-esthetique\/"},"modified":"2026-04-12T16:24:44","modified_gmt":"2026-04-12T14:24:44","slug":"walkscapes-la-marche-comme-pratique-esthetique","status":"publish","type":"product","link":"https:\/\/www.booksonthemove.fr\/en\/produit\/walkscapes-la-marche-comme-pratique-esthetique\/","title":{"rendered":"Walkscapes: La marche comme pratique esth\u00e9tique"},"content":{"rendered":"<p>Ouvrage culte pour les urbanistes et les architectes, <em>Walkscapes<\/em> fait de la marche beaucoup plus qu\u2019une simple promenade. Pour Francesco Careri, en effet, l\u2019origine de l\u2019architecture n\u2019est pas \u00e0 chercher dans les soci\u00e9t\u00e9s s\u00e9dentaires mais dans le monde nomade.<br \/>\nLa marche est esth\u00e9tique, elle r\u00e9v\u00e8le des recoins oubli\u00e9s, des beaut\u00e9s cach\u00e9es, la po\u00e9sie des lieux d\u00e9laiss\u00e9s. Mais elle est aussi politique\u00a0: en d\u00e9couvrant ces territoires qui sont \u00e0 la marge et cependant peupl\u00e9s, elle montre que les fronti\u00e8res spatiales sont aussi des fronti\u00e8res sociales.<br \/>\nAinsi s\u2019ouvrent les derniers espaces de libert\u00e9 de nos soci\u00e9t\u00e9s quadrill\u00e9es et s\u2019esquisse une tentative de r\u00e9ponse aux pr\u00e9occupations de demain\u00a0: comment r\u00e9inventer la ville pour en faire une terre d\u2019accueil de l\u2019alt\u00e9rit\u00e9\u00a0?<\/p>\n<p>Cette action a \u00e9t\u00e9 augment\u00e9e d&#8217;une nouvelle pr\u00e9face de Gilles A. Tiberghien, d&#8217;un texte de l&#8217;auteur intitul\u00e9 Walkscapes, dix ans apr\u00e8s, traduit par Manola Antonioli, et du Manifeste Stalker de Lorenzo Romito.<\/p>\n","protected":false},"excerpt":{"rendered":"<p><strong>Auteur: <\/strong>Francesco Careri, traduit de l&#8217;italien par J\u00e9r\u00f4me Orsoni<br \/>\n<strong>Editeur:<\/strong> Actes Sud\u00a0(2nd \u00e9dition, 2020)<br \/>\n<strong>Collection:\u00a0<\/strong>Babel n\u00b0 1669<\/p>\n<p><strong>Broch\u00e9:<\/strong>\u00a0240 pages<br \/>\n<strong>Langue:<\/strong> fran\u00e7ais<br \/>\n<strong>ISBN:<\/strong> 978-2-330-13079-4<\/p>\n","protected":false},"featured_media":25677,"template":"","meta":[],"product_brand":[],"product_cat":[227,162,352],"product_tag":[],"class_list":{"0":"post-25678","1":"product","2":"type-product","3":"status-publish","4":"has-post-thumbnail","6":"product_cat-essays-en","7":"product_cat-french-en","8":"product_cat-la-marche-en","10":"first","11":"outofstock","12":"taxable","13":"shipping-taxable","14":"purchasable","15":"product-type-simple"},"yoast_head":"<!-- This site is optimized with the Yoast SEO plugin v27.5 - https:\/\/yoast.com\/product\/yoast-seo-wordpress\/ -->\n<title>Walkscapes: La marche comme pratique esth\u00e9tique - Books on the Move<\/title>\n<meta name=\"robots\" content=\"index, follow, max-snippet:-1, max-image-preview:large, max-video-preview:-1\" \/>\n<link rel=\"canonical\" href=\"https:\/\/www.booksonthemove.fr\/en\/produit\/walkscapes-la-marche-comme-pratique-esthetique\/\" \/>\n<meta property=\"og:locale\" content=\"en_US\" \/>\n<meta property=\"og:type\" content=\"article\" \/>\n<meta property=\"og:title\" content=\"Walkscapes: La marche comme pratique esth\u00e9tique - Books on the Move\" \/>\n<meta property=\"og:description\" content=\"Auteur: Francesco Careri, traduit de l&#039;italien par J\u00e9r\u00f4me Orsoni Editeur: Actes Sud\u00a0(2nd \u00e9dition, 2020) Collection:\u00a0Babel n\u00b0 1669  Broch\u00e9:\u00a0240 pages Langue: fran\u00e7ais ISBN: 978-2-330-13079-4\" \/>\n<meta property=\"og:url\" content=\"https:\/\/www.booksonthemove.fr\/en\/produit\/walkscapes-la-marche-comme-pratique-esthetique\/\" \/>\n<meta property=\"og:site_name\" content=\"Books on the Move\" \/>\n<meta property=\"article:publisher\" content=\"https:\/\/www.facebook.com\/Librairiebooksonthemove\/\" \/>\n<meta property=\"article:modified_time\" content=\"2026-04-12T14:24:44+00:00\" \/>\n<meta property=\"og:image\" content=\"https:\/\/www.booksonthemove.fr\/media\/bom_2234.jpg\" \/>\n\t<meta property=\"og:image:width\" content=\"500\" \/>\n\t<meta property=\"og:image:height\" content=\"800\" \/>\n\t<meta property=\"og:image:type\" content=\"image\/jpeg\" \/>\n<meta name=\"twitter:card\" content=\"summary_large_image\" \/>\n<script type=\"application\/ld+json\" class=\"yoast-schema-graph\">{\"@context\":\"https:\\\/\\\/schema.org\",\"@graph\":[{\"@type\":\"WebPage\",\"@id\":\"https:\\\/\\\/www.booksonthemove.fr\\\/en\\\/produit\\\/walkscapes-la-marche-comme-pratique-esthetique\\\/\",\"url\":\"https:\\\/\\\/www.booksonthemove.fr\\\/en\\\/produit\\\/walkscapes-la-marche-comme-pratique-esthetique\\\/\",\"name\":\"Walkscapes: La marche comme pratique esth\u00e9tique - Books on the Move\",\"isPartOf\":{\"@id\":\"https:\\\/\\\/www.booksonthemove.fr\\\/#website\"},\"primaryImageOfPage\":{\"@id\":\"https:\\\/\\\/www.booksonthemove.fr\\\/en\\\/produit\\\/walkscapes-la-marche-comme-pratique-esthetique\\\/#primaryimage\"},\"image\":{\"@id\":\"https:\\\/\\\/www.booksonthemove.fr\\\/en\\\/produit\\\/walkscapes-la-marche-comme-pratique-esthetique\\\/#primaryimage\"},\"thumbnailUrl\":\"https:\\\/\\\/www.booksonthemove.fr\\\/media\\\/bom_2234.jpg\",\"datePublished\":\"2020-11-29T15:25:21+00:00\",\"dateModified\":\"2026-04-12T14:24:44+00:00\",\"breadcrumb\":{\"@id\":\"https:\\\/\\\/www.booksonthemove.fr\\\/en\\\/produit\\\/walkscapes-la-marche-comme-pratique-esthetique\\\/#breadcrumb\"},\"inLanguage\":\"en-US\",\"potentialAction\":[{\"@type\":\"ReadAction\",\"target\":[\"https:\\\/\\\/www.booksonthemove.fr\\\/en\\\/produit\\\/walkscapes-la-marche-comme-pratique-esthetique\\\/\"]}]},{\"@type\":\"ImageObject\",\"inLanguage\":\"en-US\",\"@id\":\"https:\\\/\\\/www.booksonthemove.fr\\\/en\\\/produit\\\/walkscapes-la-marche-comme-pratique-esthetique\\\/#primaryimage\",\"url\":\"https:\\\/\\\/www.booksonthemove.fr\\\/media\\\/bom_2234.jpg\",\"contentUrl\":\"https:\\\/\\\/www.booksonthemove.fr\\\/media\\\/bom_2234.jpg\",\"width\":500,\"height\":800},{\"@type\":\"BreadcrumbList\",\"@id\":\"https:\\\/\\\/www.booksonthemove.fr\\\/en\\\/produit\\\/walkscapes-la-marche-comme-pratique-esthetique\\\/#breadcrumb\",\"itemListElement\":[{\"@type\":\"ListItem\",\"position\":1,\"name\":\"Accueil\",\"item\":\"https:\\\/\\\/www.booksonthemove.fr\\\/en\\\/\"},{\"@type\":\"ListItem\",\"position\":2,\"name\":\"online store\",\"item\":\"https:\\\/\\\/www.booksonthemove.fr\\\/en\\\/online-shop\\\/\"},{\"@type\":\"ListItem\",\"position\":3,\"name\":\"Walkscapes: La marche comme pratique esth\u00e9tique\"}]},{\"@type\":\"WebSite\",\"@id\":\"https:\\\/\\\/www.booksonthemove.fr\\\/#website\",\"url\":\"https:\\\/\\\/www.booksonthemove.fr\\\/\",\"name\":\"Books on the Move\",\"description\":\"librairie nomade - danse - mouvement - performance\",\"publisher\":{\"@id\":\"https:\\\/\\\/www.booksonthemove.fr\\\/#organization\"},\"potentialAction\":[{\"@type\":\"SearchAction\",\"target\":{\"@type\":\"EntryPoint\",\"urlTemplate\":\"https:\\\/\\\/www.booksonthemove.fr\\\/?s={search_term_string}\"},\"query-input\":{\"@type\":\"PropertyValueSpecification\",\"valueRequired\":true,\"valueName\":\"search_term_string\"}}],\"inLanguage\":\"en-US\"},{\"@type\":\"Organization\",\"@id\":\"https:\\\/\\\/www.booksonthemove.fr\\\/#organization\",\"name\":\"Books on the Move\",\"url\":\"https:\\\/\\\/www.booksonthemove.fr\\\/\",\"logo\":{\"@type\":\"ImageObject\",\"inLanguage\":\"en-US\",\"@id\":\"https:\\\/\\\/www.booksonthemove.fr\\\/#\\\/schema\\\/logo\\\/image\\\/\",\"url\":\"https:\\\/\\\/www.booksonthemove.fr\\\/media\\\/logo-NB-400.jpg\",\"contentUrl\":\"https:\\\/\\\/www.booksonthemove.fr\\\/media\\\/logo-NB-400.jpg\",\"width\":400,\"height\":143,\"caption\":\"Books on the Move\"},\"image\":{\"@id\":\"https:\\\/\\\/www.booksonthemove.fr\\\/#\\\/schema\\\/logo\\\/image\\\/\"},\"sameAs\":[\"https:\\\/\\\/www.facebook.com\\\/Librairiebooksonthemove\\\/\"]}]}<\/script>\n<!-- \/ Yoast SEO plugin. -->","yoast_head_json":{"title":"Walkscapes: La marche comme pratique esth\u00e9tique - Books on the Move","robots":{"index":"index","follow":"follow","max-snippet":"max-snippet:-1","max-image-preview":"max-image-preview:large","max-video-preview":"max-video-preview:-1"},"canonical":"https:\/\/www.booksonthemove.fr\/en\/produit\/walkscapes-la-marche-comme-pratique-esthetique\/","og_locale":"en_US","og_type":"article","og_title":"Walkscapes: La marche comme pratique esth\u00e9tique - Books on the Move","og_description":"Auteur: Francesco Careri, traduit de l'italien par J\u00e9r\u00f4me Orsoni Editeur: Actes Sud\u00a0(2nd \u00e9dition, 2020) Collection:\u00a0Babel n\u00b0 1669  Broch\u00e9:\u00a0240 pages Langue: fran\u00e7ais ISBN: 978-2-330-13079-4","og_url":"https:\/\/www.booksonthemove.fr\/en\/produit\/walkscapes-la-marche-comme-pratique-esthetique\/","og_site_name":"Books on the Move","article_publisher":"https:\/\/www.facebook.com\/Librairiebooksonthemove\/","article_modified_time":"2026-04-12T14:24:44+00:00","og_image":[{"width":500,"height":800,"url":"https:\/\/www.booksonthemove.fr\/media\/bom_2234.jpg","type":"image\/jpeg"}],"twitter_card":"summary_large_image","schema":{"@context":"https:\/\/schema.org","@graph":[{"@type":"WebPage","@id":"https:\/\/www.booksonthemove.fr\/en\/produit\/walkscapes-la-marche-comme-pratique-esthetique\/","url":"https:\/\/www.booksonthemove.fr\/en\/produit\/walkscapes-la-marche-comme-pratique-esthetique\/","name":"Walkscapes: La marche comme pratique esth\u00e9tique - Books on the Move","isPartOf":{"@id":"https:\/\/www.booksonthemove.fr\/#website"},"primaryImageOfPage":{"@id":"https:\/\/www.booksonthemove.fr\/en\/produit\/walkscapes-la-marche-comme-pratique-esthetique\/#primaryimage"},"image":{"@id":"https:\/\/www.booksonthemove.fr\/en\/produit\/walkscapes-la-marche-comme-pratique-esthetique\/#primaryimage"},"thumbnailUrl":"https:\/\/www.booksonthemove.fr\/media\/bom_2234.jpg","datePublished":"2020-11-29T15:25:21+00:00","dateModified":"2026-04-12T14:24:44+00:00","breadcrumb":{"@id":"https:\/\/www.booksonthemove.fr\/en\/produit\/walkscapes-la-marche-comme-pratique-esthetique\/#breadcrumb"},"inLanguage":"en-US","potentialAction":[{"@type":"ReadAction","target":["https:\/\/www.booksonthemove.fr\/en\/produit\/walkscapes-la-marche-comme-pratique-esthetique\/"]}]},{"@type":"ImageObject","inLanguage":"en-US","@id":"https:\/\/www.booksonthemove.fr\/en\/produit\/walkscapes-la-marche-comme-pratique-esthetique\/#primaryimage","url":"https:\/\/www.booksonthemove.fr\/media\/bom_2234.jpg","contentUrl":"https:\/\/www.booksonthemove.fr\/media\/bom_2234.jpg","width":500,"height":800},{"@type":"BreadcrumbList","@id":"https:\/\/www.booksonthemove.fr\/en\/produit\/walkscapes-la-marche-comme-pratique-esthetique\/#breadcrumb","itemListElement":[{"@type":"ListItem","position":1,"name":"Accueil","item":"https:\/\/www.booksonthemove.fr\/en\/"},{"@type":"ListItem","position":2,"name":"online store","item":"https:\/\/www.booksonthemove.fr\/en\/online-shop\/"},{"@type":"ListItem","position":3,"name":"Walkscapes: La marche comme pratique esth\u00e9tique"}]},{"@type":"WebSite","@id":"https:\/\/www.booksonthemove.fr\/#website","url":"https:\/\/www.booksonthemove.fr\/","name":"Books on the Move","description":"librairie nomade - danse - mouvement - performance","publisher":{"@id":"https:\/\/www.booksonthemove.fr\/#organization"},"potentialAction":[{"@type":"SearchAction","target":{"@type":"EntryPoint","urlTemplate":"https:\/\/www.booksonthemove.fr\/?s={search_term_string}"},"query-input":{"@type":"PropertyValueSpecification","valueRequired":true,"valueName":"search_term_string"}}],"inLanguage":"en-US"},{"@type":"Organization","@id":"https:\/\/www.booksonthemove.fr\/#organization","name":"Books on the Move","url":"https:\/\/www.booksonthemove.fr\/","logo":{"@type":"ImageObject","inLanguage":"en-US","@id":"https:\/\/www.booksonthemove.fr\/#\/schema\/logo\/image\/","url":"https:\/\/www.booksonthemove.fr\/media\/logo-NB-400.jpg","contentUrl":"https:\/\/www.booksonthemove.fr\/media\/logo-NB-400.jpg","width":400,"height":143,"caption":"Books on the Move"},"image":{"@id":"https:\/\/www.booksonthemove.fr\/#\/schema\/logo\/image\/"},"sameAs":["https:\/\/www.facebook.com\/Librairiebooksonthemove\/"]}]}},"_links":{"self":[{"href":"https:\/\/www.booksonthemove.fr\/en\/wp-json\/wp\/v2\/product\/25678","targetHints":{"allow":["GET"]}}],"collection":[{"href":"https:\/\/www.booksonthemove.fr\/en\/wp-json\/wp\/v2\/product"}],"about":[{"href":"https:\/\/www.booksonthemove.fr\/en\/wp-json\/wp\/v2\/types\/product"}],"wp:featuredmedia":[{"embeddable":true,"href":"https:\/\/www.booksonthemove.fr\/en\/wp-json\/wp\/v2\/media\/25677"}],"wp:attachment":[{"href":"https:\/\/www.booksonthemove.fr\/en\/wp-json\/wp\/v2\/media?parent=25678"}],"wp:term":[{"taxonomy":"product_brand","embeddable":true,"href":"https:\/\/www.booksonthemove.fr\/en\/wp-json\/wp\/v2\/product_brand?post=25678"},{"taxonomy":"product_cat","embeddable":true,"href":"https:\/\/www.booksonthemove.fr\/en\/wp-json\/wp\/v2\/product_cat?post=25678"},{"taxonomy":"product_tag","embeddable":true,"href":"https:\/\/www.booksonthemove.fr\/en\/wp-json\/wp\/v2\/product_tag?post=25678"}],"curies":[{"name":"wp","href":"https:\/\/api.w.org\/{rel}","templated":true}]}}