{"id":25711,"date":"2020-11-29T17:51:14","date_gmt":"2020-11-29T16:51:14","guid":{"rendered":"https:\/\/www.booksonthemove.fr\/produit\/pratiques-de-la-pensee-en-danse-les-ateliers-de-la-danse\/"},"modified":"2020-11-29T17:51:14","modified_gmt":"2020-11-29T16:51:14","slug":"pratiques-de-la-pensee-en-danse-les-ateliers-de-la-danse","status":"publish","type":"product","link":"https:\/\/www.booksonthemove.fr\/en\/produit\/pratiques-de-la-pensee-en-danse-les-ateliers-de-la-danse\/","title":{"rendered":"Pratiques de la pens\u00e9e en danse &#8211; Les Ateliers de la danse"},"content":{"rendered":"<p>La structure de ce volume d\u00e9coule des temps forts du processus collectif engag\u00e9 par l&#8217;\u00e9quipe des chercheur\u00b7e\u00b7s en danse de l&#8217;Universit\u00e9 C\u00f4te d&#8217;Azur. La premi\u00e8re partie analyse les usages des \u00e9critures, des notations et de la description chor\u00e9graphique; elle explore les espaces qu&#8217;elles ouvrent (ou ferment) pour la recherche en danse. La deuxi\u00e8me partie s&#8217;int\u00e9resse aux notions qui caract\u00e9risent \u00ab Le(s) temps de la danse \u00bb dans la recherche et la cr\u00e9ation selon des approches musicales, historique, anthropologique et po\u00ef\u00e9tique. Ce livre dresse un panorama \u00e0 la fois ample, nuanc\u00e9 et contrast\u00e9 des acquis et des tendances de la recherche en danse des quinze derni\u00e8res ann\u00e9es.<\/p>\n","protected":false},"excerpt":{"rendered":"<p><strong>Auteurs:\u00a0<\/strong>Marina Nordera, Bianca Maurmayr, Marian Del Valle, Camille Paillet, Alessandra Sini<br \/>\n<strong>Editeur:<\/strong> L\u2019Harmattan (2020)<br \/>\n<strong>Collection:\u00a0<\/strong>Thyrse (Universit\u00e9 Nice-Sophia-Antipolis)<\/p>\n<p><strong>Broch\u00e9:<\/strong>\u00a0594 pages<br \/>\n<strong>Langue:<\/strong> Fran\u00e7ais<br \/>\n<strong>ISBN13:<\/strong> 978-2-343-19049-5<\/p>\n","protected":false},"featured_media":25708,"template":"","meta":[],"product_brand":[],"product_cat":[146,162],"product_tag":[],"class_list":{"0":"post-25711","1":"product","2":"type-product","3":"status-publish","4":"has-post-thumbnail","6":"product_cat-theoretical-texts-en","7":"product_cat-french-en","9":"first","10":"instock","11":"taxable","12":"shipping-taxable","13":"purchasable","14":"product-type-simple"},"yoast_head":"<!-- This site is optimized with the Yoast SEO plugin v27.4 - https:\/\/yoast.com\/product\/yoast-seo-wordpress\/ -->\n<title>Pratiques de la pens\u00e9e en danse - Les Ateliers de la danse - Books on the Move<\/title>\n<meta name=\"robots\" content=\"index, follow, max-snippet:-1, max-image-preview:large, max-video-preview:-1\" \/>\n<link rel=\"canonical\" href=\"https:\/\/www.booksonthemove.fr\/en\/produit\/pratiques-de-la-pensee-en-danse-les-ateliers-de-la-danse\/\" \/>\n<meta property=\"og:locale\" content=\"en_US\" \/>\n<meta property=\"og:type\" content=\"article\" \/>\n<meta property=\"og:title\" content=\"Pratiques de la pens\u00e9e en danse - Les Ateliers de la danse - Books on the Move\" \/>\n<meta property=\"og:description\" content=\"Auteurs:\u00a0Marina Nordera, Bianca Maurmayr, Marian Del Valle, Camille Paillet, Alessandra Sini Editeur: L\u2019Harmattan (2020) Collection:\u00a0Thyrse (Universit\u00e9 Nice-Sophia-Antipolis)  Broch\u00e9:\u00a0594 pages Langue: Fran\u00e7ais ISBN13: 978-2-343-19049-5\" \/>\n<meta property=\"og:url\" content=\"https:\/\/www.booksonthemove.fr\/en\/produit\/pratiques-de-la-pensee-en-danse-les-ateliers-de-la-danse\/\" \/>\n<meta property=\"og:site_name\" content=\"Books on the Move\" \/>\n<meta property=\"article:publisher\" content=\"https:\/\/www.facebook.com\/Librairiebooksonthemove\/\" \/>\n<meta property=\"og:image\" content=\"https:\/\/www.booksonthemove.fr\/media\/bom_2233.jpg\" \/>\n\t<meta property=\"og:image:width\" content=\"900\" \/>\n\t<meta property=\"og:image:height\" content=\"1410\" \/>\n\t<meta property=\"og:image:type\" content=\"image\/jpeg\" \/>\n<meta name=\"twitter:card\" content=\"summary_large_image\" \/>\n<script type=\"application\/ld+json\" class=\"yoast-schema-graph\">{\"@context\":\"https:\\\/\\\/schema.org\",\"@graph\":[{\"@type\":\"WebPage\",\"@id\":\"https:\\\/\\\/www.booksonthemove.fr\\\/en\\\/produit\\\/pratiques-de-la-pensee-en-danse-les-ateliers-de-la-danse\\\/\",\"url\":\"https:\\\/\\\/www.booksonthemove.fr\\\/en\\\/produit\\\/pratiques-de-la-pensee-en-danse-les-ateliers-de-la-danse\\\/\",\"name\":\"Pratiques de la pens\u00e9e en danse - Les Ateliers de la danse - Books on the Move\",\"isPartOf\":{\"@id\":\"https:\\\/\\\/www.booksonthemove.fr\\\/#website\"},\"primaryImageOfPage\":{\"@id\":\"https:\\\/\\\/www.booksonthemove.fr\\\/en\\\/produit\\\/pratiques-de-la-pensee-en-danse-les-ateliers-de-la-danse\\\/#primaryimage\"},\"image\":{\"@id\":\"https:\\\/\\\/www.booksonthemove.fr\\\/en\\\/produit\\\/pratiques-de-la-pensee-en-danse-les-ateliers-de-la-danse\\\/#primaryimage\"},\"thumbnailUrl\":\"https:\\\/\\\/www.booksonthemove.fr\\\/media\\\/bom_2233.jpg\",\"datePublished\":\"2020-11-29T16:51:14+00:00\",\"breadcrumb\":{\"@id\":\"https:\\\/\\\/www.booksonthemove.fr\\\/en\\\/produit\\\/pratiques-de-la-pensee-en-danse-les-ateliers-de-la-danse\\\/#breadcrumb\"},\"inLanguage\":\"en-US\",\"potentialAction\":[{\"@type\":\"ReadAction\",\"target\":[\"https:\\\/\\\/www.booksonthemove.fr\\\/en\\\/produit\\\/pratiques-de-la-pensee-en-danse-les-ateliers-de-la-danse\\\/\"]}]},{\"@type\":\"ImageObject\",\"inLanguage\":\"en-US\",\"@id\":\"https:\\\/\\\/www.booksonthemove.fr\\\/en\\\/produit\\\/pratiques-de-la-pensee-en-danse-les-ateliers-de-la-danse\\\/#primaryimage\",\"url\":\"https:\\\/\\\/www.booksonthemove.fr\\\/media\\\/bom_2233.jpg\",\"contentUrl\":\"https:\\\/\\\/www.booksonthemove.fr\\\/media\\\/bom_2233.jpg\",\"width\":900,\"height\":1410},{\"@type\":\"BreadcrumbList\",\"@id\":\"https:\\\/\\\/www.booksonthemove.fr\\\/en\\\/produit\\\/pratiques-de-la-pensee-en-danse-les-ateliers-de-la-danse\\\/#breadcrumb\",\"itemListElement\":[{\"@type\":\"ListItem\",\"position\":1,\"name\":\"Accueil\",\"item\":\"https:\\\/\\\/www.booksonthemove.fr\\\/en\\\/\"},{\"@type\":\"ListItem\",\"position\":2,\"name\":\"online store\",\"item\":\"https:\\\/\\\/www.booksonthemove.fr\\\/en\\\/online-shop\\\/\"},{\"@type\":\"ListItem\",\"position\":3,\"name\":\"Pratiques de la pens\u00e9e en danse &#8211; Les Ateliers de la danse\"}]},{\"@type\":\"WebSite\",\"@id\":\"https:\\\/\\\/www.booksonthemove.fr\\\/#website\",\"url\":\"https:\\\/\\\/www.booksonthemove.fr\\\/\",\"name\":\"Books on the Move\",\"description\":\"librairie nomade - danse - mouvement - performance\",\"publisher\":{\"@id\":\"https:\\\/\\\/www.booksonthemove.fr\\\/#organization\"},\"potentialAction\":[{\"@type\":\"SearchAction\",\"target\":{\"@type\":\"EntryPoint\",\"urlTemplate\":\"https:\\\/\\\/www.booksonthemove.fr\\\/?s={search_term_string}\"},\"query-input\":{\"@type\":\"PropertyValueSpecification\",\"valueRequired\":true,\"valueName\":\"search_term_string\"}}],\"inLanguage\":\"en-US\"},{\"@type\":\"Organization\",\"@id\":\"https:\\\/\\\/www.booksonthemove.fr\\\/#organization\",\"name\":\"Books on the Move\",\"url\":\"https:\\\/\\\/www.booksonthemove.fr\\\/\",\"logo\":{\"@type\":\"ImageObject\",\"inLanguage\":\"en-US\",\"@id\":\"https:\\\/\\\/www.booksonthemove.fr\\\/#\\\/schema\\\/logo\\\/image\\\/\",\"url\":\"https:\\\/\\\/www.booksonthemove.fr\\\/media\\\/logo-NB-400.jpg\",\"contentUrl\":\"https:\\\/\\\/www.booksonthemove.fr\\\/media\\\/logo-NB-400.jpg\",\"width\":400,\"height\":143,\"caption\":\"Books on the Move\"},\"image\":{\"@id\":\"https:\\\/\\\/www.booksonthemove.fr\\\/#\\\/schema\\\/logo\\\/image\\\/\"},\"sameAs\":[\"https:\\\/\\\/www.facebook.com\\\/Librairiebooksonthemove\\\/\"]}]}<\/script>\n<!-- \/ Yoast SEO plugin. -->","yoast_head_json":{"title":"Pratiques de la pens\u00e9e en danse - Les Ateliers de la danse - Books on the Move","robots":{"index":"index","follow":"follow","max-snippet":"max-snippet:-1","max-image-preview":"max-image-preview:large","max-video-preview":"max-video-preview:-1"},"canonical":"https:\/\/www.booksonthemove.fr\/en\/produit\/pratiques-de-la-pensee-en-danse-les-ateliers-de-la-danse\/","og_locale":"en_US","og_type":"article","og_title":"Pratiques de la pens\u00e9e en danse - Les Ateliers de la danse - Books on the Move","og_description":"Auteurs:\u00a0Marina Nordera, Bianca Maurmayr, Marian Del Valle, Camille Paillet, Alessandra Sini Editeur: L\u2019Harmattan (2020) Collection:\u00a0Thyrse (Universit\u00e9 Nice-Sophia-Antipolis)  Broch\u00e9:\u00a0594 pages Langue: Fran\u00e7ais ISBN13: 978-2-343-19049-5","og_url":"https:\/\/www.booksonthemove.fr\/en\/produit\/pratiques-de-la-pensee-en-danse-les-ateliers-de-la-danse\/","og_site_name":"Books on the Move","article_publisher":"https:\/\/www.facebook.com\/Librairiebooksonthemove\/","og_image":[{"width":900,"height":1410,"url":"https:\/\/www.booksonthemove.fr\/media\/bom_2233.jpg","type":"image\/jpeg"}],"twitter_card":"summary_large_image","schema":{"@context":"https:\/\/schema.org","@graph":[{"@type":"WebPage","@id":"https:\/\/www.booksonthemove.fr\/en\/produit\/pratiques-de-la-pensee-en-danse-les-ateliers-de-la-danse\/","url":"https:\/\/www.booksonthemove.fr\/en\/produit\/pratiques-de-la-pensee-en-danse-les-ateliers-de-la-danse\/","name":"Pratiques de la pens\u00e9e en danse - Les Ateliers de la danse - Books on the Move","isPartOf":{"@id":"https:\/\/www.booksonthemove.fr\/#website"},"primaryImageOfPage":{"@id":"https:\/\/www.booksonthemove.fr\/en\/produit\/pratiques-de-la-pensee-en-danse-les-ateliers-de-la-danse\/#primaryimage"},"image":{"@id":"https:\/\/www.booksonthemove.fr\/en\/produit\/pratiques-de-la-pensee-en-danse-les-ateliers-de-la-danse\/#primaryimage"},"thumbnailUrl":"https:\/\/www.booksonthemove.fr\/media\/bom_2233.jpg","datePublished":"2020-11-29T16:51:14+00:00","breadcrumb":{"@id":"https:\/\/www.booksonthemove.fr\/en\/produit\/pratiques-de-la-pensee-en-danse-les-ateliers-de-la-danse\/#breadcrumb"},"inLanguage":"en-US","potentialAction":[{"@type":"ReadAction","target":["https:\/\/www.booksonthemove.fr\/en\/produit\/pratiques-de-la-pensee-en-danse-les-ateliers-de-la-danse\/"]}]},{"@type":"ImageObject","inLanguage":"en-US","@id":"https:\/\/www.booksonthemove.fr\/en\/produit\/pratiques-de-la-pensee-en-danse-les-ateliers-de-la-danse\/#primaryimage","url":"https:\/\/www.booksonthemove.fr\/media\/bom_2233.jpg","contentUrl":"https:\/\/www.booksonthemove.fr\/media\/bom_2233.jpg","width":900,"height":1410},{"@type":"BreadcrumbList","@id":"https:\/\/www.booksonthemove.fr\/en\/produit\/pratiques-de-la-pensee-en-danse-les-ateliers-de-la-danse\/#breadcrumb","itemListElement":[{"@type":"ListItem","position":1,"name":"Accueil","item":"https:\/\/www.booksonthemove.fr\/en\/"},{"@type":"ListItem","position":2,"name":"online store","item":"https:\/\/www.booksonthemove.fr\/en\/online-shop\/"},{"@type":"ListItem","position":3,"name":"Pratiques de la pens\u00e9e en danse &#8211; Les Ateliers de la danse"}]},{"@type":"WebSite","@id":"https:\/\/www.booksonthemove.fr\/#website","url":"https:\/\/www.booksonthemove.fr\/","name":"Books on the Move","description":"librairie nomade - danse - mouvement - performance","publisher":{"@id":"https:\/\/www.booksonthemove.fr\/#organization"},"potentialAction":[{"@type":"SearchAction","target":{"@type":"EntryPoint","urlTemplate":"https:\/\/www.booksonthemove.fr\/?s={search_term_string}"},"query-input":{"@type":"PropertyValueSpecification","valueRequired":true,"valueName":"search_term_string"}}],"inLanguage":"en-US"},{"@type":"Organization","@id":"https:\/\/www.booksonthemove.fr\/#organization","name":"Books on the Move","url":"https:\/\/www.booksonthemove.fr\/","logo":{"@type":"ImageObject","inLanguage":"en-US","@id":"https:\/\/www.booksonthemove.fr\/#\/schema\/logo\/image\/","url":"https:\/\/www.booksonthemove.fr\/media\/logo-NB-400.jpg","contentUrl":"https:\/\/www.booksonthemove.fr\/media\/logo-NB-400.jpg","width":400,"height":143,"caption":"Books on the Move"},"image":{"@id":"https:\/\/www.booksonthemove.fr\/#\/schema\/logo\/image\/"},"sameAs":["https:\/\/www.facebook.com\/Librairiebooksonthemove\/"]}]}},"_links":{"self":[{"href":"https:\/\/www.booksonthemove.fr\/en\/wp-json\/wp\/v2\/product\/25711","targetHints":{"allow":["GET"]}}],"collection":[{"href":"https:\/\/www.booksonthemove.fr\/en\/wp-json\/wp\/v2\/product"}],"about":[{"href":"https:\/\/www.booksonthemove.fr\/en\/wp-json\/wp\/v2\/types\/product"}],"wp:featuredmedia":[{"embeddable":true,"href":"https:\/\/www.booksonthemove.fr\/en\/wp-json\/wp\/v2\/media\/25708"}],"wp:attachment":[{"href":"https:\/\/www.booksonthemove.fr\/en\/wp-json\/wp\/v2\/media?parent=25711"}],"wp:term":[{"taxonomy":"product_brand","embeddable":true,"href":"https:\/\/www.booksonthemove.fr\/en\/wp-json\/wp\/v2\/product_brand?post=25711"},{"taxonomy":"product_cat","embeddable":true,"href":"https:\/\/www.booksonthemove.fr\/en\/wp-json\/wp\/v2\/product_cat?post=25711"},{"taxonomy":"product_tag","embeddable":true,"href":"https:\/\/www.booksonthemove.fr\/en\/wp-json\/wp\/v2\/product_tag?post=25711"}],"curies":[{"name":"wp","href":"https:\/\/api.w.org\/{rel}","templated":true}]}}