{"id":26593,"date":"2020-12-13T15:03:38","date_gmt":"2020-12-13T14:03:38","guid":{"rendered":"https:\/\/www.booksonthemove.fr\/produit\/rot-issue-zero-skin\/"},"modified":"2025-11-01T10:18:31","modified_gmt":"2025-11-01T09:18:31","slug":"rot-issue-zero-skin","status":"publish","type":"product","link":"https:\/\/www.booksonthemove.fr\/en\/produit\/rot-issue-zero-skin\/","title":{"rendered":"ROT ISSUE ZERO &#8211; SKIN"},"content":{"rendered":"<p>ROT ISSUE ZERO is the publication for &#8220;wicked technology\/wild fermentation&#8221;<br \/>\nan artistic research focused on forms and practices of fermentation as ways to rethink bodies and their makings.<br \/>\nNot asking why do we ferment today but where does it stop?<br \/>\nThe glossy magazine performs the research by wanting to infect the reader at the same time questioning how to spread, publish and make the work survive.<\/p>\n<p><span style=\"font-size: 12pt;\">Wicked technology\/wild fermentation (2019-2020) \u00a0is a project considering ethics and aesthetics of fermentation in relation to artistic research.<br \/>\nSampling, queering, transferring a prototype, feeding, inoculating, oxygenating, composting, tasting are processes involved in live cultures.<br \/>\nFermentation techniques challenge ideas of transformation, cannibalism, wildness, exuberance, excess, noise, opacity, death.<br \/>\nWith this research, I would like to create a space for doing thinking with experts and fearless amateurs.<br \/>\nThe aim is to produce knowledgeable experience for artistic practices.<\/span><\/p>\n<p>CONTRIBUTORS Adrijana Gvozdenovi\u0107, Alix Eynaudi, Ana\u00efs Hazo, Anne Juren, Antye Guenther, Arantxa Mart\u00ednez, Catalina Insignares, Constant vzw, David Bernadas, Deborah Birch, \u00c9lisa Yvelin, \u0112riks A\u0161manis, Femke Snelting, Ferran Mesa Tur\u00f3, Glauco Salvo, G\u00fcnbike Erdemir, Hadas Cnaani, Inju Kaboom, Gosie Vervloessem, Isabel Burr Raty, Jaime Llopis, Katja Mater, Kristien Van den Brande, Kotomi Nishiwaki, Lilia Mestre, Livia Cahn, Margareth Kaserer, Medusa Rise, Nicolas Y Galeazzi, Pierre Rubio, Rob Ritzen, Sofie Durnez, Susanna Hofer, Table Dance\/Michelle Woods, Sina Seifee<\/p>\n","protected":false},"excerpt":{"rendered":"<p><b>Author: <\/b>Edited by Sara Manente<br \/>\n<b>Publisher:\u00a0<\/b>a.pass<b>\u00a0<\/b>(2020)<\/p>\n<p><b>Paperback: <\/b>98\u00a0pages<br \/>\n<b>Language: <\/b>English<br \/>\n<b>ISBN13:\u00a0<\/b>978 9 490 50006 1<\/p>\n<p>&nbsp;<\/p>\n","protected":false},"featured_media":26591,"template":"","meta":[],"product_brand":[],"product_cat":[135,217,291,211],"product_tag":[409,418,411,419,420,421,422],"class_list":{"0":"post-26593","1":"product","2":"type-product","3":"status-publish","4":"has-post-thumbnail","6":"product_cat-english-en","7":"product_cat-gastronomy-en","8":"product_cat-pluridisciplinarity","9":"product_cat-magazines-en","10":"product_tag-anglais-en","11":"product_tag-artistic-practices-en","12":"product_tag-english-en","13":"product_tag-fermentation-en","14":"product_tag-magasin-en","15":"product_tag-pratiques-artistiques-en","16":"product_tag-revue-en","18":"first","19":"instock","20":"taxable","21":"shipping-taxable","22":"purchasable","23":"product-type-simple"},"yoast_head":"<!-- This site is optimized with the Yoast SEO plugin v27.5 - https:\/\/yoast.com\/product\/yoast-seo-wordpress\/ -->\n<title>ROT ISSUE ZERO - SKIN - Books on the Move<\/title>\n<meta name=\"robots\" content=\"index, follow, max-snippet:-1, max-image-preview:large, max-video-preview:-1\" \/>\n<link rel=\"canonical\" href=\"https:\/\/www.booksonthemove.fr\/en\/produit\/rot-issue-zero-skin\/\" \/>\n<meta property=\"og:locale\" content=\"en_US\" \/>\n<meta property=\"og:type\" content=\"article\" \/>\n<meta property=\"og:title\" content=\"ROT ISSUE ZERO - SKIN - Books on the Move\" \/>\n<meta property=\"og:description\" content=\"Author: Edited by Sara Manente Publisher:\u00a0a.pass\u00a0(2020)  Paperback: 98\u00a0pages Language: English ISBN13:\u00a0978 9 490 50006 1  &nbsp;\" \/>\n<meta property=\"og:url\" content=\"https:\/\/www.booksonthemove.fr\/en\/produit\/rot-issue-zero-skin\/\" \/>\n<meta property=\"og:site_name\" content=\"Books on the Move\" \/>\n<meta property=\"article:publisher\" content=\"https:\/\/www.facebook.com\/Librairiebooksonthemove\/\" \/>\n<meta property=\"article:modified_time\" content=\"2025-11-01T09:18:31+00:00\" \/>\n<meta property=\"og:image\" content=\"https:\/\/www.booksonthemove.fr\/media\/bom_2238.jpg\" \/>\n\t<meta property=\"og:image:width\" content=\"900\" \/>\n\t<meta property=\"og:image:height\" content=\"1229\" \/>\n\t<meta property=\"og:image:type\" content=\"image\/jpeg\" \/>\n<meta name=\"twitter:card\" content=\"summary_large_image\" \/>\n<script type=\"application\/ld+json\" class=\"yoast-schema-graph\">{\"@context\":\"https:\\\/\\\/schema.org\",\"@graph\":[{\"@type\":\"WebPage\",\"@id\":\"https:\\\/\\\/www.booksonthemove.fr\\\/en\\\/produit\\\/rot-issue-zero-skin\\\/\",\"url\":\"https:\\\/\\\/www.booksonthemove.fr\\\/en\\\/produit\\\/rot-issue-zero-skin\\\/\",\"name\":\"ROT ISSUE ZERO - SKIN - Books on the Move\",\"isPartOf\":{\"@id\":\"https:\\\/\\\/www.booksonthemove.fr\\\/#website\"},\"primaryImageOfPage\":{\"@id\":\"https:\\\/\\\/www.booksonthemove.fr\\\/en\\\/produit\\\/rot-issue-zero-skin\\\/#primaryimage\"},\"image\":{\"@id\":\"https:\\\/\\\/www.booksonthemove.fr\\\/en\\\/produit\\\/rot-issue-zero-skin\\\/#primaryimage\"},\"thumbnailUrl\":\"https:\\\/\\\/www.booksonthemove.fr\\\/media\\\/bom_2238.jpg\",\"datePublished\":\"2020-12-13T14:03:38+00:00\",\"dateModified\":\"2025-11-01T09:18:31+00:00\",\"breadcrumb\":{\"@id\":\"https:\\\/\\\/www.booksonthemove.fr\\\/en\\\/produit\\\/rot-issue-zero-skin\\\/#breadcrumb\"},\"inLanguage\":\"en-US\",\"potentialAction\":[{\"@type\":\"ReadAction\",\"target\":[\"https:\\\/\\\/www.booksonthemove.fr\\\/en\\\/produit\\\/rot-issue-zero-skin\\\/\"]}]},{\"@type\":\"ImageObject\",\"inLanguage\":\"en-US\",\"@id\":\"https:\\\/\\\/www.booksonthemove.fr\\\/en\\\/produit\\\/rot-issue-zero-skin\\\/#primaryimage\",\"url\":\"https:\\\/\\\/www.booksonthemove.fr\\\/media\\\/bom_2238.jpg\",\"contentUrl\":\"https:\\\/\\\/www.booksonthemove.fr\\\/media\\\/bom_2238.jpg\",\"width\":900,\"height\":1229},{\"@type\":\"BreadcrumbList\",\"@id\":\"https:\\\/\\\/www.booksonthemove.fr\\\/en\\\/produit\\\/rot-issue-zero-skin\\\/#breadcrumb\",\"itemListElement\":[{\"@type\":\"ListItem\",\"position\":1,\"name\":\"Accueil\",\"item\":\"https:\\\/\\\/www.booksonthemove.fr\\\/en\\\/\"},{\"@type\":\"ListItem\",\"position\":2,\"name\":\"online store\",\"item\":\"https:\\\/\\\/www.booksonthemove.fr\\\/en\\\/online-shop\\\/\"},{\"@type\":\"ListItem\",\"position\":3,\"name\":\"ROT ISSUE ZERO &#8211; SKIN\"}]},{\"@type\":\"WebSite\",\"@id\":\"https:\\\/\\\/www.booksonthemove.fr\\\/#website\",\"url\":\"https:\\\/\\\/www.booksonthemove.fr\\\/\",\"name\":\"Books on the Move\",\"description\":\"librairie nomade - danse - mouvement - performance\",\"publisher\":{\"@id\":\"https:\\\/\\\/www.booksonthemove.fr\\\/#organization\"},\"potentialAction\":[{\"@type\":\"SearchAction\",\"target\":{\"@type\":\"EntryPoint\",\"urlTemplate\":\"https:\\\/\\\/www.booksonthemove.fr\\\/?s={search_term_string}\"},\"query-input\":{\"@type\":\"PropertyValueSpecification\",\"valueRequired\":true,\"valueName\":\"search_term_string\"}}],\"inLanguage\":\"en-US\"},{\"@type\":\"Organization\",\"@id\":\"https:\\\/\\\/www.booksonthemove.fr\\\/#organization\",\"name\":\"Books on the Move\",\"url\":\"https:\\\/\\\/www.booksonthemove.fr\\\/\",\"logo\":{\"@type\":\"ImageObject\",\"inLanguage\":\"en-US\",\"@id\":\"https:\\\/\\\/www.booksonthemove.fr\\\/#\\\/schema\\\/logo\\\/image\\\/\",\"url\":\"https:\\\/\\\/www.booksonthemove.fr\\\/media\\\/logo-NB-400.jpg\",\"contentUrl\":\"https:\\\/\\\/www.booksonthemove.fr\\\/media\\\/logo-NB-400.jpg\",\"width\":400,\"height\":143,\"caption\":\"Books on the Move\"},\"image\":{\"@id\":\"https:\\\/\\\/www.booksonthemove.fr\\\/#\\\/schema\\\/logo\\\/image\\\/\"},\"sameAs\":[\"https:\\\/\\\/www.facebook.com\\\/Librairiebooksonthemove\\\/\"]}]}<\/script>\n<!-- \/ Yoast SEO plugin. -->","yoast_head_json":{"title":"ROT ISSUE ZERO - SKIN - Books on the Move","robots":{"index":"index","follow":"follow","max-snippet":"max-snippet:-1","max-image-preview":"max-image-preview:large","max-video-preview":"max-video-preview:-1"},"canonical":"https:\/\/www.booksonthemove.fr\/en\/produit\/rot-issue-zero-skin\/","og_locale":"en_US","og_type":"article","og_title":"ROT ISSUE ZERO - SKIN - Books on the Move","og_description":"Author: Edited by Sara Manente Publisher:\u00a0a.pass\u00a0(2020)  Paperback: 98\u00a0pages Language: English ISBN13:\u00a0978 9 490 50006 1  &nbsp;","og_url":"https:\/\/www.booksonthemove.fr\/en\/produit\/rot-issue-zero-skin\/","og_site_name":"Books on the Move","article_publisher":"https:\/\/www.facebook.com\/Librairiebooksonthemove\/","article_modified_time":"2025-11-01T09:18:31+00:00","og_image":[{"width":900,"height":1229,"url":"https:\/\/www.booksonthemove.fr\/media\/bom_2238.jpg","type":"image\/jpeg"}],"twitter_card":"summary_large_image","schema":{"@context":"https:\/\/schema.org","@graph":[{"@type":"WebPage","@id":"https:\/\/www.booksonthemove.fr\/en\/produit\/rot-issue-zero-skin\/","url":"https:\/\/www.booksonthemove.fr\/en\/produit\/rot-issue-zero-skin\/","name":"ROT ISSUE ZERO - SKIN - Books on the Move","isPartOf":{"@id":"https:\/\/www.booksonthemove.fr\/#website"},"primaryImageOfPage":{"@id":"https:\/\/www.booksonthemove.fr\/en\/produit\/rot-issue-zero-skin\/#primaryimage"},"image":{"@id":"https:\/\/www.booksonthemove.fr\/en\/produit\/rot-issue-zero-skin\/#primaryimage"},"thumbnailUrl":"https:\/\/www.booksonthemove.fr\/media\/bom_2238.jpg","datePublished":"2020-12-13T14:03:38+00:00","dateModified":"2025-11-01T09:18:31+00:00","breadcrumb":{"@id":"https:\/\/www.booksonthemove.fr\/en\/produit\/rot-issue-zero-skin\/#breadcrumb"},"inLanguage":"en-US","potentialAction":[{"@type":"ReadAction","target":["https:\/\/www.booksonthemove.fr\/en\/produit\/rot-issue-zero-skin\/"]}]},{"@type":"ImageObject","inLanguage":"en-US","@id":"https:\/\/www.booksonthemove.fr\/en\/produit\/rot-issue-zero-skin\/#primaryimage","url":"https:\/\/www.booksonthemove.fr\/media\/bom_2238.jpg","contentUrl":"https:\/\/www.booksonthemove.fr\/media\/bom_2238.jpg","width":900,"height":1229},{"@type":"BreadcrumbList","@id":"https:\/\/www.booksonthemove.fr\/en\/produit\/rot-issue-zero-skin\/#breadcrumb","itemListElement":[{"@type":"ListItem","position":1,"name":"Accueil","item":"https:\/\/www.booksonthemove.fr\/en\/"},{"@type":"ListItem","position":2,"name":"online store","item":"https:\/\/www.booksonthemove.fr\/en\/online-shop\/"},{"@type":"ListItem","position":3,"name":"ROT ISSUE ZERO &#8211; SKIN"}]},{"@type":"WebSite","@id":"https:\/\/www.booksonthemove.fr\/#website","url":"https:\/\/www.booksonthemove.fr\/","name":"Books on the Move","description":"librairie nomade - danse - mouvement - performance","publisher":{"@id":"https:\/\/www.booksonthemove.fr\/#organization"},"potentialAction":[{"@type":"SearchAction","target":{"@type":"EntryPoint","urlTemplate":"https:\/\/www.booksonthemove.fr\/?s={search_term_string}"},"query-input":{"@type":"PropertyValueSpecification","valueRequired":true,"valueName":"search_term_string"}}],"inLanguage":"en-US"},{"@type":"Organization","@id":"https:\/\/www.booksonthemove.fr\/#organization","name":"Books on the Move","url":"https:\/\/www.booksonthemove.fr\/","logo":{"@type":"ImageObject","inLanguage":"en-US","@id":"https:\/\/www.booksonthemove.fr\/#\/schema\/logo\/image\/","url":"https:\/\/www.booksonthemove.fr\/media\/logo-NB-400.jpg","contentUrl":"https:\/\/www.booksonthemove.fr\/media\/logo-NB-400.jpg","width":400,"height":143,"caption":"Books on the Move"},"image":{"@id":"https:\/\/www.booksonthemove.fr\/#\/schema\/logo\/image\/"},"sameAs":["https:\/\/www.facebook.com\/Librairiebooksonthemove\/"]}]}},"_links":{"self":[{"href":"https:\/\/www.booksonthemove.fr\/en\/wp-json\/wp\/v2\/product\/26593","targetHints":{"allow":["GET"]}}],"collection":[{"href":"https:\/\/www.booksonthemove.fr\/en\/wp-json\/wp\/v2\/product"}],"about":[{"href":"https:\/\/www.booksonthemove.fr\/en\/wp-json\/wp\/v2\/types\/product"}],"wp:featuredmedia":[{"embeddable":true,"href":"https:\/\/www.booksonthemove.fr\/en\/wp-json\/wp\/v2\/media\/26591"}],"wp:attachment":[{"href":"https:\/\/www.booksonthemove.fr\/en\/wp-json\/wp\/v2\/media?parent=26593"}],"wp:term":[{"taxonomy":"product_brand","embeddable":true,"href":"https:\/\/www.booksonthemove.fr\/en\/wp-json\/wp\/v2\/product_brand?post=26593"},{"taxonomy":"product_cat","embeddable":true,"href":"https:\/\/www.booksonthemove.fr\/en\/wp-json\/wp\/v2\/product_cat?post=26593"},{"taxonomy":"product_tag","embeddable":true,"href":"https:\/\/www.booksonthemove.fr\/en\/wp-json\/wp\/v2\/product_tag?post=26593"}],"curies":[{"name":"wp","href":"https:\/\/api.w.org\/{rel}","templated":true}]}}