{"id":2755,"date":"2016-08-28T11:16:26","date_gmt":"2016-08-28T09:16:26","guid":{"rendered":"https:\/\/www.booksonthemove.fr\/en\/product\/serge-diaghilev-lart-la-musique-et-la-danse-lettres-ecrits-entretiens\/"},"modified":"2024-10-22T18:11:35","modified_gmt":"2024-10-22T16:11:35","slug":"serge-diaghilev-lart-la-musique-et-la-danse-lettres-ecrits-entretiens","status":"publish","type":"product","link":"https:\/\/www.booksonthemove.fr\/en\/produit\/serge-diaghilev-lart-la-musique-et-la-danse-lettres-ecrits-entretiens\/","title":{"rendered":"Serge Diaghilev : L&#8217;art, la musique et la danse &#8211; Lettres, \u00c9crits, Entretiens"},"content":{"rendered":"<p>Cet ouvrage r\u00e9unit de tr\u00e8s nombreux textes \u00e9crits par Serge Diaghilev de 1892 jusqu\u2019\u00e0 sa mort en 1929, dont beaucoup \u00e9taient encore in\u00e9dits. Critique d\u2019art, organisateur d\u2019expositions, Diaghilev fonde en 1898 la revue Mir Iskusstva (&#8220;Le Monde de l\u2019art&#8221;) qui tient une place majeure dans l\u2019\u00e9mergence de l\u2019avant-garde artistique en Russie. Impr\u00e9sario, il cr\u00e9e en 1909 les Ballets russes, prestigieuse compagnie qui marque profond\u00e9ment l\u2019histoire de la danse.<\/p>\n<p>Pr\u00e9sent\u00e9s ici pour la premi\u00e8re fois dans un ordre chronologique, les \u00e9crits de Diaghilev sur la peinture, la musique et la danse se m\u00ealent \u00e0 divers entretiens parus dans la presse, documentant ses activit\u00e9s de producteur de ballets et d\u2019op\u00e9ras, ainsi qu\u2019\u00e0 sa correspondance avec de grandes figures de son temps (Tolsto\u00ef, Tchekhov, Rimsky-Korsakov, Stravinsky, Prokofiev, ou encore Picasso, Matisse, Braque, Ravel, Debussy, Poulenc, Falla, Cocteau\u2026). \u00c0 travers ces textes et le parcours qu\u2019ils retracent, c\u2019est tout un pan de notre histoire culturelle qui reprend vie.<\/p>\n<p>D\u2019une richesse et d\u2019un \u00e9clectisme remarquable, ce livre offre au lecteur de nombreux textes in\u00e9dits en langue fran\u00e7aise. Agr\u00e9ment\u00e9 de 69 illustrations in-texte en couleurs, il documente une p\u00e9riode majeure de la cr\u00e9ation artistique europ\u00e9enne tant dans les domaines de la peinture que de la musique ou de la danse.<\/p>\n","protected":false},"excerpt":{"rendered":"<p><b>Auteurs: <\/b> Jean-Michel Nectoux, Ilia Samo\u00eflovitch Zilberstein, Vladimir Alexe\u00efvitch Samkov.<br \/>\n<b>Editeurs: <\/b>Centre national de la danse, Institut national d&#8217;histoire de l&#8217;art, VRIN (2013)<\/p>\n<p><strong>Broch\u00e9:<\/strong> 542 pages<br \/>\n<b>Langue: <\/b>Fran\u00e7ais<br \/>\n<strong>ISBN13<\/strong>: 978-2-914-12446-1<\/p>\n","protected":false},"featured_media":2441,"template":"","meta":[],"product_brand":[],"product_cat":[247,297,157,162,136,200],"product_tag":[],"class_list":{"0":"post-2755","1":"product","2":"type-product","3":"status-publish","4":"has-post-thumbnail","6":"product_cat-ballet-2-en","7":"product_cat-correspondences","8":"product_cat-artists-writings-en","9":"product_cat-french-en","10":"product_cat-histoire-en","11":"product_cat-music-en","13":"first","14":"outofstock","15":"purchasable","16":"product-type-simple"},"yoast_head":"<!-- This site is optimized with the Yoast SEO plugin v27.4 - https:\/\/yoast.com\/product\/yoast-seo-wordpress\/ -->\n<title>Serge Diaghilev : L&#039;art, la musique et la danse - Lettres, \u00c9crits, Entretiens - Books on the Move<\/title>\n<meta name=\"robots\" content=\"index, follow, max-snippet:-1, max-image-preview:large, max-video-preview:-1\" \/>\n<link rel=\"canonical\" href=\"https:\/\/www.booksonthemove.fr\/produit\/serge-diaghilev-lart-la-musique-et-la-danse-lettres-ecrits-entretiens\/\" \/>\n<meta property=\"og:locale\" content=\"en_US\" \/>\n<meta property=\"og:type\" content=\"article\" \/>\n<meta property=\"og:title\" content=\"Serge Diaghilev : L&#039;art, la musique et la danse - Lettres, \u00c9crits, Entretiens - Books on the Move\" \/>\n<meta property=\"og:description\" content=\"Auteurs: Jean-Michel Nectoux, Ilia Samo\u00eflovitch Zilberstein, Vladimir Alexe\u00efvitch Samkov. Editeurs: Centre national de la danse, Institut national d&#039;histoire de l&#039;art, VRIN (2013)  Broch\u00e9: 542 pages Langue: Fran\u00e7ais ISBN13: 978-2-914-12446-1\" \/>\n<meta property=\"og:url\" content=\"https:\/\/www.booksonthemove.fr\/produit\/serge-diaghilev-lart-la-musique-et-la-danse-lettres-ecrits-entretiens\/\" \/>\n<meta property=\"og:site_name\" content=\"Books on the Move\" \/>\n<meta property=\"article:publisher\" content=\"https:\/\/www.facebook.com\/Librairiebooksonthemove\/\" \/>\n<meta property=\"article:modified_time\" content=\"2024-10-22T16:11:35+00:00\" \/>\n<meta property=\"og:image\" content=\"https:\/\/www.booksonthemove.fr\/media\/bom_1403_0.jpg\" \/>\n\t<meta property=\"og:image:width\" content=\"900\" \/>\n\t<meta property=\"og:image:height\" content=\"1200\" \/>\n\t<meta property=\"og:image:type\" content=\"image\/jpeg\" \/>\n<meta name=\"twitter:card\" content=\"summary_large_image\" \/>\n<script type=\"application\/ld+json\" class=\"yoast-schema-graph\">{\"@context\":\"https:\\\/\\\/schema.org\",\"@graph\":[{\"@type\":\"WebPage\",\"@id\":\"https:\\\/\\\/www.booksonthemove.fr\\\/produit\\\/serge-diaghilev-lart-la-musique-et-la-danse-lettres-ecrits-entretiens\\\/\",\"url\":\"https:\\\/\\\/www.booksonthemove.fr\\\/produit\\\/serge-diaghilev-lart-la-musique-et-la-danse-lettres-ecrits-entretiens\\\/\",\"name\":\"Serge Diaghilev : L'art, la musique et la danse - Lettres, \u00c9crits, Entretiens - Books on the Move\",\"isPartOf\":{\"@id\":\"https:\\\/\\\/www.booksonthemove.fr\\\/#website\"},\"primaryImageOfPage\":{\"@id\":\"https:\\\/\\\/www.booksonthemove.fr\\\/produit\\\/serge-diaghilev-lart-la-musique-et-la-danse-lettres-ecrits-entretiens\\\/#primaryimage\"},\"image\":{\"@id\":\"https:\\\/\\\/www.booksonthemove.fr\\\/produit\\\/serge-diaghilev-lart-la-musique-et-la-danse-lettres-ecrits-entretiens\\\/#primaryimage\"},\"thumbnailUrl\":\"https:\\\/\\\/www.booksonthemove.fr\\\/media\\\/bom_1403_0.jpg\",\"datePublished\":\"2016-08-28T09:16:26+00:00\",\"dateModified\":\"2024-10-22T16:11:35+00:00\",\"breadcrumb\":{\"@id\":\"https:\\\/\\\/www.booksonthemove.fr\\\/produit\\\/serge-diaghilev-lart-la-musique-et-la-danse-lettres-ecrits-entretiens\\\/#breadcrumb\"},\"inLanguage\":\"en-US\",\"potentialAction\":[{\"@type\":\"ReadAction\",\"target\":[\"https:\\\/\\\/www.booksonthemove.fr\\\/produit\\\/serge-diaghilev-lart-la-musique-et-la-danse-lettres-ecrits-entretiens\\\/\"]}]},{\"@type\":\"ImageObject\",\"inLanguage\":\"en-US\",\"@id\":\"https:\\\/\\\/www.booksonthemove.fr\\\/produit\\\/serge-diaghilev-lart-la-musique-et-la-danse-lettres-ecrits-entretiens\\\/#primaryimage\",\"url\":\"https:\\\/\\\/www.booksonthemove.fr\\\/media\\\/bom_1403_0.jpg\",\"contentUrl\":\"https:\\\/\\\/www.booksonthemove.fr\\\/media\\\/bom_1403_0.jpg\",\"width\":900,\"height\":1200},{\"@type\":\"BreadcrumbList\",\"@id\":\"https:\\\/\\\/www.booksonthemove.fr\\\/produit\\\/serge-diaghilev-lart-la-musique-et-la-danse-lettres-ecrits-entretiens\\\/#breadcrumb\",\"itemListElement\":[{\"@type\":\"ListItem\",\"position\":1,\"name\":\"Accueil\",\"item\":\"https:\\\/\\\/www.booksonthemove.fr\\\/en\\\/\"},{\"@type\":\"ListItem\",\"position\":2,\"name\":\"online store\",\"item\":\"https:\\\/\\\/www.booksonthemove.fr\\\/en\\\/online-shop\\\/\"},{\"@type\":\"ListItem\",\"position\":3,\"name\":\"Serge Diaghilev : L&rsquo;art, la musique et la danse &#8211; Lettres, \u00c9crits, Entretiens\"}]},{\"@type\":\"WebSite\",\"@id\":\"https:\\\/\\\/www.booksonthemove.fr\\\/#website\",\"url\":\"https:\\\/\\\/www.booksonthemove.fr\\\/\",\"name\":\"Books on the Move\",\"description\":\"librairie nomade - danse - mouvement - performance\",\"publisher\":{\"@id\":\"https:\\\/\\\/www.booksonthemove.fr\\\/#organization\"},\"potentialAction\":[{\"@type\":\"SearchAction\",\"target\":{\"@type\":\"EntryPoint\",\"urlTemplate\":\"https:\\\/\\\/www.booksonthemove.fr\\\/?s={search_term_string}\"},\"query-input\":{\"@type\":\"PropertyValueSpecification\",\"valueRequired\":true,\"valueName\":\"search_term_string\"}}],\"inLanguage\":\"en-US\"},{\"@type\":\"Organization\",\"@id\":\"https:\\\/\\\/www.booksonthemove.fr\\\/#organization\",\"name\":\"Books on the Move\",\"url\":\"https:\\\/\\\/www.booksonthemove.fr\\\/\",\"logo\":{\"@type\":\"ImageObject\",\"inLanguage\":\"en-US\",\"@id\":\"https:\\\/\\\/www.booksonthemove.fr\\\/#\\\/schema\\\/logo\\\/image\\\/\",\"url\":\"https:\\\/\\\/www.booksonthemove.fr\\\/media\\\/logo-NB-400.jpg\",\"contentUrl\":\"https:\\\/\\\/www.booksonthemove.fr\\\/media\\\/logo-NB-400.jpg\",\"width\":400,\"height\":143,\"caption\":\"Books on the Move\"},\"image\":{\"@id\":\"https:\\\/\\\/www.booksonthemove.fr\\\/#\\\/schema\\\/logo\\\/image\\\/\"},\"sameAs\":[\"https:\\\/\\\/www.facebook.com\\\/Librairiebooksonthemove\\\/\"]}]}<\/script>\n<!-- \/ Yoast SEO plugin. -->","yoast_head_json":{"title":"Serge Diaghilev : L'art, la musique et la danse - Lettres, \u00c9crits, Entretiens - Books on the Move","robots":{"index":"index","follow":"follow","max-snippet":"max-snippet:-1","max-image-preview":"max-image-preview:large","max-video-preview":"max-video-preview:-1"},"canonical":"https:\/\/www.booksonthemove.fr\/produit\/serge-diaghilev-lart-la-musique-et-la-danse-lettres-ecrits-entretiens\/","og_locale":"en_US","og_type":"article","og_title":"Serge Diaghilev : L'art, la musique et la danse - Lettres, \u00c9crits, Entretiens - Books on the Move","og_description":"Auteurs: Jean-Michel Nectoux, Ilia Samo\u00eflovitch Zilberstein, Vladimir Alexe\u00efvitch Samkov. Editeurs: Centre national de la danse, Institut national d'histoire de l'art, VRIN (2013)  Broch\u00e9: 542 pages Langue: Fran\u00e7ais ISBN13: 978-2-914-12446-1","og_url":"https:\/\/www.booksonthemove.fr\/produit\/serge-diaghilev-lart-la-musique-et-la-danse-lettres-ecrits-entretiens\/","og_site_name":"Books on the Move","article_publisher":"https:\/\/www.facebook.com\/Librairiebooksonthemove\/","article_modified_time":"2024-10-22T16:11:35+00:00","og_image":[{"width":900,"height":1200,"url":"https:\/\/www.booksonthemove.fr\/media\/bom_1403_0.jpg","type":"image\/jpeg"}],"twitter_card":"summary_large_image","schema":{"@context":"https:\/\/schema.org","@graph":[{"@type":"WebPage","@id":"https:\/\/www.booksonthemove.fr\/produit\/serge-diaghilev-lart-la-musique-et-la-danse-lettres-ecrits-entretiens\/","url":"https:\/\/www.booksonthemove.fr\/produit\/serge-diaghilev-lart-la-musique-et-la-danse-lettres-ecrits-entretiens\/","name":"Serge Diaghilev : L'art, la musique et la danse - Lettres, \u00c9crits, Entretiens - Books on the Move","isPartOf":{"@id":"https:\/\/www.booksonthemove.fr\/#website"},"primaryImageOfPage":{"@id":"https:\/\/www.booksonthemove.fr\/produit\/serge-diaghilev-lart-la-musique-et-la-danse-lettres-ecrits-entretiens\/#primaryimage"},"image":{"@id":"https:\/\/www.booksonthemove.fr\/produit\/serge-diaghilev-lart-la-musique-et-la-danse-lettres-ecrits-entretiens\/#primaryimage"},"thumbnailUrl":"https:\/\/www.booksonthemove.fr\/media\/bom_1403_0.jpg","datePublished":"2016-08-28T09:16:26+00:00","dateModified":"2024-10-22T16:11:35+00:00","breadcrumb":{"@id":"https:\/\/www.booksonthemove.fr\/produit\/serge-diaghilev-lart-la-musique-et-la-danse-lettres-ecrits-entretiens\/#breadcrumb"},"inLanguage":"en-US","potentialAction":[{"@type":"ReadAction","target":["https:\/\/www.booksonthemove.fr\/produit\/serge-diaghilev-lart-la-musique-et-la-danse-lettres-ecrits-entretiens\/"]}]},{"@type":"ImageObject","inLanguage":"en-US","@id":"https:\/\/www.booksonthemove.fr\/produit\/serge-diaghilev-lart-la-musique-et-la-danse-lettres-ecrits-entretiens\/#primaryimage","url":"https:\/\/www.booksonthemove.fr\/media\/bom_1403_0.jpg","contentUrl":"https:\/\/www.booksonthemove.fr\/media\/bom_1403_0.jpg","width":900,"height":1200},{"@type":"BreadcrumbList","@id":"https:\/\/www.booksonthemove.fr\/produit\/serge-diaghilev-lart-la-musique-et-la-danse-lettres-ecrits-entretiens\/#breadcrumb","itemListElement":[{"@type":"ListItem","position":1,"name":"Accueil","item":"https:\/\/www.booksonthemove.fr\/en\/"},{"@type":"ListItem","position":2,"name":"online store","item":"https:\/\/www.booksonthemove.fr\/en\/online-shop\/"},{"@type":"ListItem","position":3,"name":"Serge Diaghilev : L&rsquo;art, la musique et la danse &#8211; Lettres, \u00c9crits, Entretiens"}]},{"@type":"WebSite","@id":"https:\/\/www.booksonthemove.fr\/#website","url":"https:\/\/www.booksonthemove.fr\/","name":"Books on the Move","description":"librairie nomade - danse - mouvement - performance","publisher":{"@id":"https:\/\/www.booksonthemove.fr\/#organization"},"potentialAction":[{"@type":"SearchAction","target":{"@type":"EntryPoint","urlTemplate":"https:\/\/www.booksonthemove.fr\/?s={search_term_string}"},"query-input":{"@type":"PropertyValueSpecification","valueRequired":true,"valueName":"search_term_string"}}],"inLanguage":"en-US"},{"@type":"Organization","@id":"https:\/\/www.booksonthemove.fr\/#organization","name":"Books on the Move","url":"https:\/\/www.booksonthemove.fr\/","logo":{"@type":"ImageObject","inLanguage":"en-US","@id":"https:\/\/www.booksonthemove.fr\/#\/schema\/logo\/image\/","url":"https:\/\/www.booksonthemove.fr\/media\/logo-NB-400.jpg","contentUrl":"https:\/\/www.booksonthemove.fr\/media\/logo-NB-400.jpg","width":400,"height":143,"caption":"Books on the Move"},"image":{"@id":"https:\/\/www.booksonthemove.fr\/#\/schema\/logo\/image\/"},"sameAs":["https:\/\/www.facebook.com\/Librairiebooksonthemove\/"]}]}},"_links":{"self":[{"href":"https:\/\/www.booksonthemove.fr\/en\/wp-json\/wp\/v2\/product\/2755","targetHints":{"allow":["GET"]}}],"collection":[{"href":"https:\/\/www.booksonthemove.fr\/en\/wp-json\/wp\/v2\/product"}],"about":[{"href":"https:\/\/www.booksonthemove.fr\/en\/wp-json\/wp\/v2\/types\/product"}],"wp:featuredmedia":[{"embeddable":true,"href":"https:\/\/www.booksonthemove.fr\/en\/wp-json\/wp\/v2\/media\/2441"}],"wp:attachment":[{"href":"https:\/\/www.booksonthemove.fr\/en\/wp-json\/wp\/v2\/media?parent=2755"}],"wp:term":[{"taxonomy":"product_brand","embeddable":true,"href":"https:\/\/www.booksonthemove.fr\/en\/wp-json\/wp\/v2\/product_brand?post=2755"},{"taxonomy":"product_cat","embeddable":true,"href":"https:\/\/www.booksonthemove.fr\/en\/wp-json\/wp\/v2\/product_cat?post=2755"},{"taxonomy":"product_tag","embeddable":true,"href":"https:\/\/www.booksonthemove.fr\/en\/wp-json\/wp\/v2\/product_tag?post=2755"}],"curies":[{"name":"wp","href":"https:\/\/api.w.org\/{rel}","templated":true}]}}