{"id":2757,"date":"2016-08-28T11:16:26","date_gmt":"2016-08-28T09:16:26","guid":{"rendered":"https:\/\/www.booksonthemove.fr\/en\/product\/violette-verdy\/"},"modified":"2024-09-26T23:04:08","modified_gmt":"2024-09-26T21:04:08","slug":"violette-verdy","status":"publish","type":"product","link":"https:\/\/www.booksonthemove.fr\/en\/produit\/violette-verdy\/","title":{"rendered":"Violette Verdy"},"content":{"rendered":"<p>La carri\u00e8re internationale de Violette Verdy est ici retrac\u00e9e pour la premi\u00e8re fois. Compos\u00e9 de deux parties qui se compl\u00e8tent et se r\u00e9pondent, ce livre offre un portrait vivant, anim\u00e9 par les souvenirs de la danseuse et p\u00e9dagogue.<\/p>\n<p>L\u2019historienne de la danse Florence Poudru \u00e9voque d\u2019abord le parcours de Violette Verdy : les Ballets des Champs-\u00c9lys\u00e9es avec Roland Petit, l\u2019American Ballet Theatre, le prestigieux New York City Ballet et l\u2019Op\u00e9ra national de Paris, o\u00f9 elle fut directrice de la Danse. On y croise certaines grandes pi\u00e8ces du r\u00e9pertoire, comme Casse-Noisette ou Le Lac des cygnes, ainsi que celles de deux des plus grands chor\u00e9graphes du xxe si\u00e8cle, George Balanchine, dont Violette Verdy fut la muse, et Jerome Robbins.<\/p>\n<p>Le cin\u00e9aste Dominique Delouche, auteur de Violette et Mr B., met en sc\u00e8ne la p\u00e9dagogue, transmettant quelques-uns de ses plus grands r\u00f4les aux danseurs de l\u2019Op\u00e9ra national de Paris Isabelle Gu\u00e9rin, Margaret Illman, Lucia Lacarra, Nicolas Le Riche, Monique Loudi\u00e8res, Vladimir Malakhov, \u00c9lisabeth Maurin, Cyril Pierre et \u00c9lisabeth Platel.<\/p>\n<p>Une occasion de d\u00e9couvrir le langage savoureux et la fac\u00e9tie de cette artiste, interpr\u00e8te et passeur exceptionnel.<\/p>\n","protected":false},"excerpt":{"rendered":"<p><b>Auteurs: <\/b> Dominique Delouche, Florence Poudru<br \/>\n<b>Editeur: <\/b>Centre national de la danse (2008)<\/p>\n<p>Reli\u00e9: 196 pages<br \/>\n<b>Langue: <\/b>Fran\u00e7ais<br \/>\nISBN13: 978-2-914124-36-2<\/p>\n","protected":false},"featured_media":2445,"template":"","meta":[],"product_brand":[],"product_cat":[247,153,144,162,163,253,170,140],"product_tag":[],"class_list":{"0":"post-2757","1":"product","2":"type-product","3":"status-publish","4":"has-post-thumbnail","6":"product_cat-ballet-2-en","7":"product_cat-biographies-autobiographies-en","8":"product_cat-classical-ballet-en","9":"product_cat-french-en","10":"product_cat-france-en","11":"product_cat-neo-classic-dance","12":"product_cat-artists-career-en","13":"product_cat-education-dance-technique-en","15":"first","16":"outofstock","17":"purchasable","18":"product-type-simple"},"yoast_head":"<!-- This site is optimized with the Yoast SEO plugin v27.5 - https:\/\/yoast.com\/product\/yoast-seo-wordpress\/ -->\n<title>Violette Verdy - Books on the Move<\/title>\n<meta name=\"robots\" content=\"index, follow, max-snippet:-1, max-image-preview:large, max-video-preview:-1\" \/>\n<link rel=\"canonical\" href=\"https:\/\/www.booksonthemove.fr\/produit\/violette-verdy\/\" \/>\n<meta property=\"og:locale\" content=\"en_US\" \/>\n<meta property=\"og:type\" content=\"article\" \/>\n<meta property=\"og:title\" content=\"Violette Verdy - Books on the Move\" \/>\n<meta property=\"og:description\" content=\"Auteurs: Dominique Delouche, Florence Poudru Editeur: Centre national de la danse (2008)  Reli\u00e9: 196 pages Langue: Fran\u00e7ais ISBN13: 978-2-914124-36-2\" \/>\n<meta property=\"og:url\" content=\"https:\/\/www.booksonthemove.fr\/produit\/violette-verdy\/\" \/>\n<meta property=\"og:site_name\" content=\"Books on the Move\" \/>\n<meta property=\"article:publisher\" content=\"https:\/\/www.facebook.com\/Librairiebooksonthemove\/\" \/>\n<meta property=\"article:modified_time\" content=\"2024-09-26T21:04:08+00:00\" \/>\n<meta property=\"og:image\" content=\"https:\/\/www.booksonthemove.fr\/media\/bom_1405_0.jpg\" \/>\n\t<meta property=\"og:image:width\" content=\"900\" \/>\n\t<meta property=\"og:image:height\" content=\"1307\" \/>\n\t<meta property=\"og:image:type\" content=\"image\/jpeg\" \/>\n<meta name=\"twitter:card\" content=\"summary_large_image\" \/>\n<script type=\"application\/ld+json\" class=\"yoast-schema-graph\">{\"@context\":\"https:\\\/\\\/schema.org\",\"@graph\":[{\"@type\":\"WebPage\",\"@id\":\"https:\\\/\\\/www.booksonthemove.fr\\\/produit\\\/violette-verdy\\\/\",\"url\":\"https:\\\/\\\/www.booksonthemove.fr\\\/produit\\\/violette-verdy\\\/\",\"name\":\"Violette Verdy - Books on the Move\",\"isPartOf\":{\"@id\":\"https:\\\/\\\/www.booksonthemove.fr\\\/#website\"},\"primaryImageOfPage\":{\"@id\":\"https:\\\/\\\/www.booksonthemove.fr\\\/produit\\\/violette-verdy\\\/#primaryimage\"},\"image\":{\"@id\":\"https:\\\/\\\/www.booksonthemove.fr\\\/produit\\\/violette-verdy\\\/#primaryimage\"},\"thumbnailUrl\":\"https:\\\/\\\/www.booksonthemove.fr\\\/media\\\/bom_1405_0.jpg\",\"datePublished\":\"2016-08-28T09:16:26+00:00\",\"dateModified\":\"2024-09-26T21:04:08+00:00\",\"breadcrumb\":{\"@id\":\"https:\\\/\\\/www.booksonthemove.fr\\\/produit\\\/violette-verdy\\\/#breadcrumb\"},\"inLanguage\":\"en-US\",\"potentialAction\":[{\"@type\":\"ReadAction\",\"target\":[\"https:\\\/\\\/www.booksonthemove.fr\\\/produit\\\/violette-verdy\\\/\"]}]},{\"@type\":\"ImageObject\",\"inLanguage\":\"en-US\",\"@id\":\"https:\\\/\\\/www.booksonthemove.fr\\\/produit\\\/violette-verdy\\\/#primaryimage\",\"url\":\"https:\\\/\\\/www.booksonthemove.fr\\\/media\\\/bom_1405_0.jpg\",\"contentUrl\":\"https:\\\/\\\/www.booksonthemove.fr\\\/media\\\/bom_1405_0.jpg\",\"width\":900,\"height\":1307},{\"@type\":\"BreadcrumbList\",\"@id\":\"https:\\\/\\\/www.booksonthemove.fr\\\/produit\\\/violette-verdy\\\/#breadcrumb\",\"itemListElement\":[{\"@type\":\"ListItem\",\"position\":1,\"name\":\"Accueil\",\"item\":\"https:\\\/\\\/www.booksonthemove.fr\\\/en\\\/\"},{\"@type\":\"ListItem\",\"position\":2,\"name\":\"online store\",\"item\":\"https:\\\/\\\/www.booksonthemove.fr\\\/en\\\/online-shop\\\/\"},{\"@type\":\"ListItem\",\"position\":3,\"name\":\"Violette Verdy\"}]},{\"@type\":\"WebSite\",\"@id\":\"https:\\\/\\\/www.booksonthemove.fr\\\/#website\",\"url\":\"https:\\\/\\\/www.booksonthemove.fr\\\/\",\"name\":\"Books on the Move\",\"description\":\"librairie nomade - danse - mouvement - performance\",\"publisher\":{\"@id\":\"https:\\\/\\\/www.booksonthemove.fr\\\/#organization\"},\"potentialAction\":[{\"@type\":\"SearchAction\",\"target\":{\"@type\":\"EntryPoint\",\"urlTemplate\":\"https:\\\/\\\/www.booksonthemove.fr\\\/?s={search_term_string}\"},\"query-input\":{\"@type\":\"PropertyValueSpecification\",\"valueRequired\":true,\"valueName\":\"search_term_string\"}}],\"inLanguage\":\"en-US\"},{\"@type\":\"Organization\",\"@id\":\"https:\\\/\\\/www.booksonthemove.fr\\\/#organization\",\"name\":\"Books on the Move\",\"url\":\"https:\\\/\\\/www.booksonthemove.fr\\\/\",\"logo\":{\"@type\":\"ImageObject\",\"inLanguage\":\"en-US\",\"@id\":\"https:\\\/\\\/www.booksonthemove.fr\\\/#\\\/schema\\\/logo\\\/image\\\/\",\"url\":\"https:\\\/\\\/www.booksonthemove.fr\\\/media\\\/logo-NB-400.jpg\",\"contentUrl\":\"https:\\\/\\\/www.booksonthemove.fr\\\/media\\\/logo-NB-400.jpg\",\"width\":400,\"height\":143,\"caption\":\"Books on the Move\"},\"image\":{\"@id\":\"https:\\\/\\\/www.booksonthemove.fr\\\/#\\\/schema\\\/logo\\\/image\\\/\"},\"sameAs\":[\"https:\\\/\\\/www.facebook.com\\\/Librairiebooksonthemove\\\/\"]}]}<\/script>\n<!-- \/ Yoast SEO plugin. -->","yoast_head_json":{"title":"Violette Verdy - Books on the Move","robots":{"index":"index","follow":"follow","max-snippet":"max-snippet:-1","max-image-preview":"max-image-preview:large","max-video-preview":"max-video-preview:-1"},"canonical":"https:\/\/www.booksonthemove.fr\/produit\/violette-verdy\/","og_locale":"en_US","og_type":"article","og_title":"Violette Verdy - Books on the Move","og_description":"Auteurs: Dominique Delouche, Florence Poudru Editeur: Centre national de la danse (2008)  Reli\u00e9: 196 pages Langue: Fran\u00e7ais ISBN13: 978-2-914124-36-2","og_url":"https:\/\/www.booksonthemove.fr\/produit\/violette-verdy\/","og_site_name":"Books on the Move","article_publisher":"https:\/\/www.facebook.com\/Librairiebooksonthemove\/","article_modified_time":"2024-09-26T21:04:08+00:00","og_image":[{"width":900,"height":1307,"url":"https:\/\/www.booksonthemove.fr\/media\/bom_1405_0.jpg","type":"image\/jpeg"}],"twitter_card":"summary_large_image","schema":{"@context":"https:\/\/schema.org","@graph":[{"@type":"WebPage","@id":"https:\/\/www.booksonthemove.fr\/produit\/violette-verdy\/","url":"https:\/\/www.booksonthemove.fr\/produit\/violette-verdy\/","name":"Violette Verdy - Books on the Move","isPartOf":{"@id":"https:\/\/www.booksonthemove.fr\/#website"},"primaryImageOfPage":{"@id":"https:\/\/www.booksonthemove.fr\/produit\/violette-verdy\/#primaryimage"},"image":{"@id":"https:\/\/www.booksonthemove.fr\/produit\/violette-verdy\/#primaryimage"},"thumbnailUrl":"https:\/\/www.booksonthemove.fr\/media\/bom_1405_0.jpg","datePublished":"2016-08-28T09:16:26+00:00","dateModified":"2024-09-26T21:04:08+00:00","breadcrumb":{"@id":"https:\/\/www.booksonthemove.fr\/produit\/violette-verdy\/#breadcrumb"},"inLanguage":"en-US","potentialAction":[{"@type":"ReadAction","target":["https:\/\/www.booksonthemove.fr\/produit\/violette-verdy\/"]}]},{"@type":"ImageObject","inLanguage":"en-US","@id":"https:\/\/www.booksonthemove.fr\/produit\/violette-verdy\/#primaryimage","url":"https:\/\/www.booksonthemove.fr\/media\/bom_1405_0.jpg","contentUrl":"https:\/\/www.booksonthemove.fr\/media\/bom_1405_0.jpg","width":900,"height":1307},{"@type":"BreadcrumbList","@id":"https:\/\/www.booksonthemove.fr\/produit\/violette-verdy\/#breadcrumb","itemListElement":[{"@type":"ListItem","position":1,"name":"Accueil","item":"https:\/\/www.booksonthemove.fr\/en\/"},{"@type":"ListItem","position":2,"name":"online store","item":"https:\/\/www.booksonthemove.fr\/en\/online-shop\/"},{"@type":"ListItem","position":3,"name":"Violette Verdy"}]},{"@type":"WebSite","@id":"https:\/\/www.booksonthemove.fr\/#website","url":"https:\/\/www.booksonthemove.fr\/","name":"Books on the Move","description":"librairie nomade - danse - mouvement - performance","publisher":{"@id":"https:\/\/www.booksonthemove.fr\/#organization"},"potentialAction":[{"@type":"SearchAction","target":{"@type":"EntryPoint","urlTemplate":"https:\/\/www.booksonthemove.fr\/?s={search_term_string}"},"query-input":{"@type":"PropertyValueSpecification","valueRequired":true,"valueName":"search_term_string"}}],"inLanguage":"en-US"},{"@type":"Organization","@id":"https:\/\/www.booksonthemove.fr\/#organization","name":"Books on the Move","url":"https:\/\/www.booksonthemove.fr\/","logo":{"@type":"ImageObject","inLanguage":"en-US","@id":"https:\/\/www.booksonthemove.fr\/#\/schema\/logo\/image\/","url":"https:\/\/www.booksonthemove.fr\/media\/logo-NB-400.jpg","contentUrl":"https:\/\/www.booksonthemove.fr\/media\/logo-NB-400.jpg","width":400,"height":143,"caption":"Books on the Move"},"image":{"@id":"https:\/\/www.booksonthemove.fr\/#\/schema\/logo\/image\/"},"sameAs":["https:\/\/www.facebook.com\/Librairiebooksonthemove\/"]}]}},"_links":{"self":[{"href":"https:\/\/www.booksonthemove.fr\/en\/wp-json\/wp\/v2\/product\/2757","targetHints":{"allow":["GET"]}}],"collection":[{"href":"https:\/\/www.booksonthemove.fr\/en\/wp-json\/wp\/v2\/product"}],"about":[{"href":"https:\/\/www.booksonthemove.fr\/en\/wp-json\/wp\/v2\/types\/product"}],"wp:featuredmedia":[{"embeddable":true,"href":"https:\/\/www.booksonthemove.fr\/en\/wp-json\/wp\/v2\/media\/2445"}],"wp:attachment":[{"href":"https:\/\/www.booksonthemove.fr\/en\/wp-json\/wp\/v2\/media?parent=2757"}],"wp:term":[{"taxonomy":"product_brand","embeddable":true,"href":"https:\/\/www.booksonthemove.fr\/en\/wp-json\/wp\/v2\/product_brand?post=2757"},{"taxonomy":"product_cat","embeddable":true,"href":"https:\/\/www.booksonthemove.fr\/en\/wp-json\/wp\/v2\/product_cat?post=2757"},{"taxonomy":"product_tag","embeddable":true,"href":"https:\/\/www.booksonthemove.fr\/en\/wp-json\/wp\/v2\/product_tag?post=2757"}],"curies":[{"name":"wp","href":"https:\/\/api.w.org\/{rel}","templated":true}]}}