{"id":2770,"date":"2016-08-28T11:15:58","date_gmt":"2016-08-28T09:15:58","guid":{"rendered":"https:\/\/www.booksonthemove.fr\/en\/product\/grimaces-du-reel-latifa-laabissi\/"},"modified":"2024-09-20T14:31:50","modified_gmt":"2024-09-20T12:31:50","slug":"grimaces-du-reel-latifa-laabissi","status":"publish","type":"product","link":"https:\/\/www.booksonthemove.fr\/en\/produit\/grimaces-du-reel-latifa-laabissi\/","title":{"rendered":"Grimaces du r\u00e9el &#8211; Latifa La\u00e2bissi"},"content":{"rendered":"<p>Premi\u00e8re monographie consacr\u00e9e au travail de la danseuse et chor\u00e9graphe fran\u00e7aise qui fait du corps le lieu du politique, pour questionner les rapports de pouvoir et de domination, avec une quinzaine de textes et d&#8217;entretiens.<\/p>\n<p>Depuis ses premi\u00e8res cr\u00e9ations au d\u00e9but des ann\u00e9es 2000, Latifa La\u00e2bissi creuse un sillon unique dans le paysage de la danse et de la performance en Europe. Loin des clich\u00e9s, la chor\u00e9graphe fait du corps le lieu du politique, pour interroger les rapports de pouvoir et de domination. Elle le confronte au r\u00e9el, l&#8217;ouvre \u00e0 sa propre histoire, celle qui fa\u00e7onne les identit\u00e9s. Chacune de ses pi\u00e8ces et de ses projets de recherche font ressurgir des repr\u00e9sentations in\u00e9dites d&#8217;un corps sauvage, burlesque, intime, peupl\u00e9 d&#8217;images qui interpellent autant qu&#8217;elles d\u00e9rangent. La figure de la sorci\u00e8re, de la femme guerri\u00e8re ou archa\u00efque, celle du fant\u00f4me, d&#8217;une nudit\u00e9 tribale, sont autant d&#8217;incarnations qui prennent forme sur le plateau pour d\u00e9placer les attendus du spectateur, pris dans ses propres clich\u00e9s. En faisant de la sc\u00e8ne et de la danse contemporaine le lieu d&#8217;\u00e9mergence des probl\u00e9matiques identitaires et l&#8217;espace d&#8217;apparition de figures retranch\u00e9es dans l&#8217;invisibilit\u00e9, Latifa La\u00e2bissi ouvre un territoire o\u00f9 se joue \u00e9galement une autre histoire de la danse, nourrie des d\u00e9formations, manipulations et stigmates du corps, pour contourner, notamment, les strat\u00e9gies d&#8217;asservissement racial qui s\u00e9vissent depuis plusieurs si\u00e8cles. Grimaces du r\u00e9el est la premi\u00e8re monographie consacr\u00e9e \u00e0 son travail.<\/p>\n<p>Textes d&#8217;Alexandra Baudelot, Gilles Almavi, Isabelle Launay, Emmanuelle Ch\u00e9rel, Barbara Rodriguez Mu\u00f1oz, Bojana Bauer, Nadia Lauro, Carole Boulb\u00e8s &amp; Anna Collin.<\/p>\n","protected":false},"excerpt":{"rendered":"<p><b>AUTEURE : <\/b> Alexandra Baudelot<br \/>\n<b>\u00c9DITEUR : <\/b>les presses du r\u00e9el (2016)<\/p>\n<p><strong>BROCH\u00c9 :<\/strong> 320 pages<br \/>\n<b>LANGE : <\/b>Fran\u00e7ais<br \/>\n<strong>ISBN13 :<\/strong> 978-2-84066-807-7<\/p>\n","protected":false},"featured_media":2409,"template":"","meta":[],"product_brand":[],"product_cat":[197,149,162,169,170,148],"product_tag":[],"class_list":{"0":"post-2770","1":"product","2":"type-product","3":"status-publish","4":"has-post-thumbnail","6":"product_cat-analysis-of-works-en","7":"product_cat-contemporary-dance-en","8":"product_cat-french-en","9":"product_cat-interviews-conversations-en","10":"product_cat-artists-career-en","11":"product_cat-politics-en","13":"first","14":"instock","15":"purchasable","16":"product-type-simple"},"yoast_head":"<!-- This site is optimized with the Yoast SEO plugin v27.5 - https:\/\/yoast.com\/product\/yoast-seo-wordpress\/ -->\n<title>Grimaces du r\u00e9el - Latifa La\u00e2bissi - Books on the Move<\/title>\n<meta name=\"robots\" content=\"index, follow, max-snippet:-1, max-image-preview:large, max-video-preview:-1\" \/>\n<link rel=\"canonical\" href=\"https:\/\/www.booksonthemove.fr\/produit\/grimaces-du-reel-latifa-laabissi\/\" \/>\n<meta property=\"og:locale\" content=\"en_US\" \/>\n<meta property=\"og:type\" content=\"article\" \/>\n<meta property=\"og:title\" content=\"Grimaces du r\u00e9el - Latifa La\u00e2bissi - Books on the Move\" \/>\n<meta property=\"og:description\" content=\"AUTEURE : Alexandra Baudelot \u00c9DITEUR : les presses du r\u00e9el (2016)  BROCH\u00c9 : 320 pages LANGE : Fran\u00e7ais ISBN13 : 978-2-84066-807-7\" \/>\n<meta property=\"og:url\" content=\"https:\/\/www.booksonthemove.fr\/produit\/grimaces-du-reel-latifa-laabissi\/\" \/>\n<meta property=\"og:site_name\" content=\"Books on the Move\" \/>\n<meta property=\"article:publisher\" content=\"https:\/\/www.facebook.com\/Librairiebooksonthemove\/\" \/>\n<meta property=\"article:modified_time\" content=\"2024-09-20T12:31:50+00:00\" \/>\n<meta property=\"og:image\" content=\"https:\/\/www.booksonthemove.fr\/media\/bom_1383_0.jpg\" \/>\n\t<meta property=\"og:image:width\" content=\"900\" \/>\n\t<meta property=\"og:image:height\" content=\"1064\" \/>\n\t<meta property=\"og:image:type\" content=\"image\/jpeg\" \/>\n<meta name=\"twitter:card\" content=\"summary_large_image\" \/>\n<script type=\"application\/ld+json\" class=\"yoast-schema-graph\">{\"@context\":\"https:\\\/\\\/schema.org\",\"@graph\":[{\"@type\":\"WebPage\",\"@id\":\"https:\\\/\\\/www.booksonthemove.fr\\\/produit\\\/grimaces-du-reel-latifa-laabissi\\\/\",\"url\":\"https:\\\/\\\/www.booksonthemove.fr\\\/produit\\\/grimaces-du-reel-latifa-laabissi\\\/\",\"name\":\"Grimaces du r\u00e9el - Latifa La\u00e2bissi - Books on the Move\",\"isPartOf\":{\"@id\":\"https:\\\/\\\/www.booksonthemove.fr\\\/#website\"},\"primaryImageOfPage\":{\"@id\":\"https:\\\/\\\/www.booksonthemove.fr\\\/produit\\\/grimaces-du-reel-latifa-laabissi\\\/#primaryimage\"},\"image\":{\"@id\":\"https:\\\/\\\/www.booksonthemove.fr\\\/produit\\\/grimaces-du-reel-latifa-laabissi\\\/#primaryimage\"},\"thumbnailUrl\":\"https:\\\/\\\/www.booksonthemove.fr\\\/media\\\/bom_1383_0.jpg\",\"datePublished\":\"2016-08-28T09:15:58+00:00\",\"dateModified\":\"2024-09-20T12:31:50+00:00\",\"breadcrumb\":{\"@id\":\"https:\\\/\\\/www.booksonthemove.fr\\\/produit\\\/grimaces-du-reel-latifa-laabissi\\\/#breadcrumb\"},\"inLanguage\":\"en-US\",\"potentialAction\":[{\"@type\":\"ReadAction\",\"target\":[\"https:\\\/\\\/www.booksonthemove.fr\\\/produit\\\/grimaces-du-reel-latifa-laabissi\\\/\"]}]},{\"@type\":\"ImageObject\",\"inLanguage\":\"en-US\",\"@id\":\"https:\\\/\\\/www.booksonthemove.fr\\\/produit\\\/grimaces-du-reel-latifa-laabissi\\\/#primaryimage\",\"url\":\"https:\\\/\\\/www.booksonthemove.fr\\\/media\\\/bom_1383_0.jpg\",\"contentUrl\":\"https:\\\/\\\/www.booksonthemove.fr\\\/media\\\/bom_1383_0.jpg\",\"width\":900,\"height\":1064},{\"@type\":\"BreadcrumbList\",\"@id\":\"https:\\\/\\\/www.booksonthemove.fr\\\/produit\\\/grimaces-du-reel-latifa-laabissi\\\/#breadcrumb\",\"itemListElement\":[{\"@type\":\"ListItem\",\"position\":1,\"name\":\"Accueil\",\"item\":\"https:\\\/\\\/www.booksonthemove.fr\\\/en\\\/\"},{\"@type\":\"ListItem\",\"position\":2,\"name\":\"online store\",\"item\":\"https:\\\/\\\/www.booksonthemove.fr\\\/en\\\/online-shop\\\/\"},{\"@type\":\"ListItem\",\"position\":3,\"name\":\"Grimaces du r\u00e9el &#8211; Latifa La\u00e2bissi\"}]},{\"@type\":\"WebSite\",\"@id\":\"https:\\\/\\\/www.booksonthemove.fr\\\/#website\",\"url\":\"https:\\\/\\\/www.booksonthemove.fr\\\/\",\"name\":\"Books on the Move\",\"description\":\"librairie nomade - danse - mouvement - performance\",\"publisher\":{\"@id\":\"https:\\\/\\\/www.booksonthemove.fr\\\/#organization\"},\"potentialAction\":[{\"@type\":\"SearchAction\",\"target\":{\"@type\":\"EntryPoint\",\"urlTemplate\":\"https:\\\/\\\/www.booksonthemove.fr\\\/?s={search_term_string}\"},\"query-input\":{\"@type\":\"PropertyValueSpecification\",\"valueRequired\":true,\"valueName\":\"search_term_string\"}}],\"inLanguage\":\"en-US\"},{\"@type\":\"Organization\",\"@id\":\"https:\\\/\\\/www.booksonthemove.fr\\\/#organization\",\"name\":\"Books on the Move\",\"url\":\"https:\\\/\\\/www.booksonthemove.fr\\\/\",\"logo\":{\"@type\":\"ImageObject\",\"inLanguage\":\"en-US\",\"@id\":\"https:\\\/\\\/www.booksonthemove.fr\\\/#\\\/schema\\\/logo\\\/image\\\/\",\"url\":\"https:\\\/\\\/www.booksonthemove.fr\\\/media\\\/logo-NB-400.jpg\",\"contentUrl\":\"https:\\\/\\\/www.booksonthemove.fr\\\/media\\\/logo-NB-400.jpg\",\"width\":400,\"height\":143,\"caption\":\"Books on the Move\"},\"image\":{\"@id\":\"https:\\\/\\\/www.booksonthemove.fr\\\/#\\\/schema\\\/logo\\\/image\\\/\"},\"sameAs\":[\"https:\\\/\\\/www.facebook.com\\\/Librairiebooksonthemove\\\/\"]}]}<\/script>\n<!-- \/ Yoast SEO plugin. -->","yoast_head_json":{"title":"Grimaces du r\u00e9el - Latifa La\u00e2bissi - Books on the Move","robots":{"index":"index","follow":"follow","max-snippet":"max-snippet:-1","max-image-preview":"max-image-preview:large","max-video-preview":"max-video-preview:-1"},"canonical":"https:\/\/www.booksonthemove.fr\/produit\/grimaces-du-reel-latifa-laabissi\/","og_locale":"en_US","og_type":"article","og_title":"Grimaces du r\u00e9el - Latifa La\u00e2bissi - Books on the Move","og_description":"AUTEURE : Alexandra Baudelot \u00c9DITEUR : les presses du r\u00e9el (2016)  BROCH\u00c9 : 320 pages LANGE : Fran\u00e7ais ISBN13 : 978-2-84066-807-7","og_url":"https:\/\/www.booksonthemove.fr\/produit\/grimaces-du-reel-latifa-laabissi\/","og_site_name":"Books on the Move","article_publisher":"https:\/\/www.facebook.com\/Librairiebooksonthemove\/","article_modified_time":"2024-09-20T12:31:50+00:00","og_image":[{"width":900,"height":1064,"url":"https:\/\/www.booksonthemove.fr\/media\/bom_1383_0.jpg","type":"image\/jpeg"}],"twitter_card":"summary_large_image","schema":{"@context":"https:\/\/schema.org","@graph":[{"@type":"WebPage","@id":"https:\/\/www.booksonthemove.fr\/produit\/grimaces-du-reel-latifa-laabissi\/","url":"https:\/\/www.booksonthemove.fr\/produit\/grimaces-du-reel-latifa-laabissi\/","name":"Grimaces du r\u00e9el - Latifa La\u00e2bissi - Books on the Move","isPartOf":{"@id":"https:\/\/www.booksonthemove.fr\/#website"},"primaryImageOfPage":{"@id":"https:\/\/www.booksonthemove.fr\/produit\/grimaces-du-reel-latifa-laabissi\/#primaryimage"},"image":{"@id":"https:\/\/www.booksonthemove.fr\/produit\/grimaces-du-reel-latifa-laabissi\/#primaryimage"},"thumbnailUrl":"https:\/\/www.booksonthemove.fr\/media\/bom_1383_0.jpg","datePublished":"2016-08-28T09:15:58+00:00","dateModified":"2024-09-20T12:31:50+00:00","breadcrumb":{"@id":"https:\/\/www.booksonthemove.fr\/produit\/grimaces-du-reel-latifa-laabissi\/#breadcrumb"},"inLanguage":"en-US","potentialAction":[{"@type":"ReadAction","target":["https:\/\/www.booksonthemove.fr\/produit\/grimaces-du-reel-latifa-laabissi\/"]}]},{"@type":"ImageObject","inLanguage":"en-US","@id":"https:\/\/www.booksonthemove.fr\/produit\/grimaces-du-reel-latifa-laabissi\/#primaryimage","url":"https:\/\/www.booksonthemove.fr\/media\/bom_1383_0.jpg","contentUrl":"https:\/\/www.booksonthemove.fr\/media\/bom_1383_0.jpg","width":900,"height":1064},{"@type":"BreadcrumbList","@id":"https:\/\/www.booksonthemove.fr\/produit\/grimaces-du-reel-latifa-laabissi\/#breadcrumb","itemListElement":[{"@type":"ListItem","position":1,"name":"Accueil","item":"https:\/\/www.booksonthemove.fr\/en\/"},{"@type":"ListItem","position":2,"name":"online store","item":"https:\/\/www.booksonthemove.fr\/en\/online-shop\/"},{"@type":"ListItem","position":3,"name":"Grimaces du r\u00e9el &#8211; Latifa La\u00e2bissi"}]},{"@type":"WebSite","@id":"https:\/\/www.booksonthemove.fr\/#website","url":"https:\/\/www.booksonthemove.fr\/","name":"Books on the Move","description":"librairie nomade - danse - mouvement - performance","publisher":{"@id":"https:\/\/www.booksonthemove.fr\/#organization"},"potentialAction":[{"@type":"SearchAction","target":{"@type":"EntryPoint","urlTemplate":"https:\/\/www.booksonthemove.fr\/?s={search_term_string}"},"query-input":{"@type":"PropertyValueSpecification","valueRequired":true,"valueName":"search_term_string"}}],"inLanguage":"en-US"},{"@type":"Organization","@id":"https:\/\/www.booksonthemove.fr\/#organization","name":"Books on the Move","url":"https:\/\/www.booksonthemove.fr\/","logo":{"@type":"ImageObject","inLanguage":"en-US","@id":"https:\/\/www.booksonthemove.fr\/#\/schema\/logo\/image\/","url":"https:\/\/www.booksonthemove.fr\/media\/logo-NB-400.jpg","contentUrl":"https:\/\/www.booksonthemove.fr\/media\/logo-NB-400.jpg","width":400,"height":143,"caption":"Books on the Move"},"image":{"@id":"https:\/\/www.booksonthemove.fr\/#\/schema\/logo\/image\/"},"sameAs":["https:\/\/www.facebook.com\/Librairiebooksonthemove\/"]}]}},"_links":{"self":[{"href":"https:\/\/www.booksonthemove.fr\/en\/wp-json\/wp\/v2\/product\/2770","targetHints":{"allow":["GET"]}}],"collection":[{"href":"https:\/\/www.booksonthemove.fr\/en\/wp-json\/wp\/v2\/product"}],"about":[{"href":"https:\/\/www.booksonthemove.fr\/en\/wp-json\/wp\/v2\/types\/product"}],"wp:featuredmedia":[{"embeddable":true,"href":"https:\/\/www.booksonthemove.fr\/en\/wp-json\/wp\/v2\/media\/2409"}],"wp:attachment":[{"href":"https:\/\/www.booksonthemove.fr\/en\/wp-json\/wp\/v2\/media?parent=2770"}],"wp:term":[{"taxonomy":"product_brand","embeddable":true,"href":"https:\/\/www.booksonthemove.fr\/en\/wp-json\/wp\/v2\/product_brand?post=2770"},{"taxonomy":"product_cat","embeddable":true,"href":"https:\/\/www.booksonthemove.fr\/en\/wp-json\/wp\/v2\/product_cat?post=2770"},{"taxonomy":"product_tag","embeddable":true,"href":"https:\/\/www.booksonthemove.fr\/en\/wp-json\/wp\/v2\/product_tag?post=2770"}],"curies":[{"name":"wp","href":"https:\/\/api.w.org\/{rel}","templated":true}]}}