{"id":2776,"date":"2016-08-28T11:15:58","date_gmt":"2016-08-28T09:15:58","guid":{"rendered":"https:\/\/www.booksonthemove.fr\/en\/product\/rodeo-revue-n3-face-b\/"},"modified":"2020-12-23T19:22:43","modified_gmt":"2020-12-23T18:22:43","slug":"rodeo-revue-n3-face-b","status":"publish","type":"product","link":"https:\/\/www.booksonthemove.fr\/en\/produit\/rodeo-revue-n3-face-b\/","title":{"rendered":"Rod\u00e9o &#8211; revue n\u00b03 (face B)"},"content":{"rendered":"<p>Nous sommes heureux de vous annoncer la sortie du num\u00e9ro 3 face B de la revue rod\u00e9o.<\/p>\n<p>Il fait suite \u00e0 une face A qui ouvrait le bal? en posant une question ?unique, \u00e0 80 personnes, connues ou inconnues, issues de divers champs et explorations : qu\u2019appelleriez-vous danser??. De l\u00e0 avaient surgi 41 r\u00e9ponses, restitu\u00e9es telles quelles dans un num\u00e9ro-enqu\u00eate.<\/p>\n<p>La face B, c\u2019est l\u2019envers de la face A. Comme une digestion et une bascule, une r\u00e9ponse en forme d\u2019\u00e9clats. Et le pari sensible et utopique de chor\u00e9graphier une revue.<\/p>\n<p>Depuis le champ circonscrit de la danse et de l\u2019art chor\u00e9graphique, ses institutions, ses praticiens, son histoire et son vocabulaire, nous avons tir\u00e9 des bords vers d\u2019autres territoires o\u00f9 s\u2019exercent le passage aux fronti\u00e8res, la puissance transgressive de corps contraints, emp\u00each\u00e9s par des syst\u00e8mes de pouvoir sournois, violents, la partition h\u00e9t\u00e9rog\u00e8ne mais n\u00e9anmoins collective de nos m\u00e9moires et de nos visions.<\/p>\n<p>contributeurs:<\/p>\n<p>Camille Louis &#8211; H\u00e9l\u00e8ne Crouzillat &#8211; Jacques Ranci\u00e8re et Marie Bardet &#8211; Fr\u00e9d\u00e9ric Lordon &#8211; Lionel Pourtau &#8211; Farhad Khosrokavar &#8211; Sandra Noeth &#8211; Mathieu Bouvier &#8211; Laurent Pichaud, Lucie Perinneau et Deborah Hay &#8211; Marie Orts &#8211; I.W. &#8211; Mary Chebbah &#8211; Sandra Ich\u00e9 &#8211; Lena\u00efg Le Touze &#8211; Guillaume Sauzay &#8211; Renaud Golo &#8211; Anna Massoni &#8211; Odette Lelon &#8211; Sophie Jacotot &#8211; Jeanne Vallauri et Vania Vaneau &#8211; Saskia H\u00f6lbling &#8211; Anne-Laure Pigache &#8211; Marie Papon &#8211; Marie-Lise Naud &#8211; B\u00e9reng\u00e8re valour &#8211; Riikka Kosola &#8211; Rana Diab &#8211; Emmanuelle Pireyre &#8211; Bertrand Larrieu &#8211; Simge G\u00fccuck &#8211; 70 danseurs<\/p>\n","protected":false},"excerpt":{"rendered":"<p><b>Auteur: <\/b> ouvrage collectif<br \/>\n<b>Editeur: <\/b>Rod\u00e9o (2016)<\/p>\n<p><strong>Broch\u00e9:<\/strong> 146 pages<br \/>\n<b>Langue: <\/b>Fran\u00e7ais<br \/>\n<strong>ISSN:<\/strong> 2259-2261<\/p>\n","protected":false},"featured_media":2423,"template":"","meta":[],"product_brand":[],"product_cat":[240,162,291,211],"product_tag":[],"class_list":{"0":"post-2776","1":"product","2":"type-product","3":"status-publish","4":"has-post-thumbnail","6":"product_cat-choreography-en","7":"product_cat-french-en","8":"product_cat-pluridisciplinarity","9":"product_cat-magazines-en","11":"first","12":"outofstock","13":"purchasable","14":"product-type-simple"},"yoast_head":"<!-- This site is optimized with the Yoast SEO plugin v27.5 - https:\/\/yoast.com\/product\/yoast-seo-wordpress\/ -->\n<title>Rod\u00e9o - revue n\u00b03 (face B) - Books on the Move<\/title>\n<meta name=\"robots\" content=\"index, follow, max-snippet:-1, max-image-preview:large, max-video-preview:-1\" \/>\n<link rel=\"canonical\" href=\"https:\/\/www.booksonthemove.fr\/en\/produit\/rodeo-revue-n3-face-b\/\" \/>\n<meta property=\"og:locale\" content=\"en_US\" \/>\n<meta property=\"og:type\" content=\"article\" \/>\n<meta property=\"og:title\" content=\"Rod\u00e9o - revue n\u00b03 (face B) - Books on the Move\" \/>\n<meta property=\"og:description\" content=\"Auteur: ouvrage collectif Editeur: Rod\u00e9o (2016)  Broch\u00e9: 146 pages Langue: Fran\u00e7ais ISSN: 2259-2261\" \/>\n<meta property=\"og:url\" content=\"https:\/\/www.booksonthemove.fr\/en\/produit\/rodeo-revue-n3-face-b\/\" \/>\n<meta property=\"og:site_name\" content=\"Books on the Move\" \/>\n<meta property=\"article:publisher\" content=\"https:\/\/www.facebook.com\/Librairiebooksonthemove\/\" \/>\n<meta property=\"article:modified_time\" content=\"2020-12-23T18:22:43+00:00\" \/>\n<meta property=\"og:image\" content=\"https:\/\/www.booksonthemove.fr\/media\/bom_1391_0.jpg\" \/>\n\t<meta property=\"og:image:width\" content=\"900\" \/>\n\t<meta property=\"og:image:height\" content=\"1200\" \/>\n\t<meta property=\"og:image:type\" content=\"image\/jpeg\" \/>\n<meta name=\"twitter:card\" content=\"summary_large_image\" \/>\n<script type=\"application\/ld+json\" class=\"yoast-schema-graph\">{\"@context\":\"https:\\\/\\\/schema.org\",\"@graph\":[{\"@type\":\"WebPage\",\"@id\":\"https:\\\/\\\/www.booksonthemove.fr\\\/en\\\/produit\\\/rodeo-revue-n3-face-b\\\/\",\"url\":\"https:\\\/\\\/www.booksonthemove.fr\\\/en\\\/produit\\\/rodeo-revue-n3-face-b\\\/\",\"name\":\"Rod\u00e9o - revue n\u00b03 (face B) - Books on the Move\",\"isPartOf\":{\"@id\":\"https:\\\/\\\/www.booksonthemove.fr\\\/#website\"},\"primaryImageOfPage\":{\"@id\":\"https:\\\/\\\/www.booksonthemove.fr\\\/en\\\/produit\\\/rodeo-revue-n3-face-b\\\/#primaryimage\"},\"image\":{\"@id\":\"https:\\\/\\\/www.booksonthemove.fr\\\/en\\\/produit\\\/rodeo-revue-n3-face-b\\\/#primaryimage\"},\"thumbnailUrl\":\"https:\\\/\\\/www.booksonthemove.fr\\\/media\\\/bom_1391_0.jpg\",\"datePublished\":\"2016-08-28T09:15:58+00:00\",\"dateModified\":\"2020-12-23T18:22:43+00:00\",\"breadcrumb\":{\"@id\":\"https:\\\/\\\/www.booksonthemove.fr\\\/en\\\/produit\\\/rodeo-revue-n3-face-b\\\/#breadcrumb\"},\"inLanguage\":\"en-US\",\"potentialAction\":[{\"@type\":\"ReadAction\",\"target\":[\"https:\\\/\\\/www.booksonthemove.fr\\\/en\\\/produit\\\/rodeo-revue-n3-face-b\\\/\"]}]},{\"@type\":\"ImageObject\",\"inLanguage\":\"en-US\",\"@id\":\"https:\\\/\\\/www.booksonthemove.fr\\\/en\\\/produit\\\/rodeo-revue-n3-face-b\\\/#primaryimage\",\"url\":\"https:\\\/\\\/www.booksonthemove.fr\\\/media\\\/bom_1391_0.jpg\",\"contentUrl\":\"https:\\\/\\\/www.booksonthemove.fr\\\/media\\\/bom_1391_0.jpg\",\"width\":900,\"height\":1200},{\"@type\":\"BreadcrumbList\",\"@id\":\"https:\\\/\\\/www.booksonthemove.fr\\\/en\\\/produit\\\/rodeo-revue-n3-face-b\\\/#breadcrumb\",\"itemListElement\":[{\"@type\":\"ListItem\",\"position\":1,\"name\":\"Accueil\",\"item\":\"https:\\\/\\\/www.booksonthemove.fr\\\/en\\\/\"},{\"@type\":\"ListItem\",\"position\":2,\"name\":\"online store\",\"item\":\"https:\\\/\\\/www.booksonthemove.fr\\\/en\\\/online-shop\\\/\"},{\"@type\":\"ListItem\",\"position\":3,\"name\":\"Rod\u00e9o &#8211; revue n\u00b03 (face B)\"}]},{\"@type\":\"WebSite\",\"@id\":\"https:\\\/\\\/www.booksonthemove.fr\\\/#website\",\"url\":\"https:\\\/\\\/www.booksonthemove.fr\\\/\",\"name\":\"Books on the Move\",\"description\":\"librairie nomade - danse - mouvement - performance\",\"publisher\":{\"@id\":\"https:\\\/\\\/www.booksonthemove.fr\\\/#organization\"},\"potentialAction\":[{\"@type\":\"SearchAction\",\"target\":{\"@type\":\"EntryPoint\",\"urlTemplate\":\"https:\\\/\\\/www.booksonthemove.fr\\\/?s={search_term_string}\"},\"query-input\":{\"@type\":\"PropertyValueSpecification\",\"valueRequired\":true,\"valueName\":\"search_term_string\"}}],\"inLanguage\":\"en-US\"},{\"@type\":\"Organization\",\"@id\":\"https:\\\/\\\/www.booksonthemove.fr\\\/#organization\",\"name\":\"Books on the Move\",\"url\":\"https:\\\/\\\/www.booksonthemove.fr\\\/\",\"logo\":{\"@type\":\"ImageObject\",\"inLanguage\":\"en-US\",\"@id\":\"https:\\\/\\\/www.booksonthemove.fr\\\/#\\\/schema\\\/logo\\\/image\\\/\",\"url\":\"https:\\\/\\\/www.booksonthemove.fr\\\/media\\\/logo-NB-400.jpg\",\"contentUrl\":\"https:\\\/\\\/www.booksonthemove.fr\\\/media\\\/logo-NB-400.jpg\",\"width\":400,\"height\":143,\"caption\":\"Books on the Move\"},\"image\":{\"@id\":\"https:\\\/\\\/www.booksonthemove.fr\\\/#\\\/schema\\\/logo\\\/image\\\/\"},\"sameAs\":[\"https:\\\/\\\/www.facebook.com\\\/Librairiebooksonthemove\\\/\"]}]}<\/script>\n<!-- \/ Yoast SEO plugin. -->","yoast_head_json":{"title":"Rod\u00e9o - revue n\u00b03 (face B) - Books on the Move","robots":{"index":"index","follow":"follow","max-snippet":"max-snippet:-1","max-image-preview":"max-image-preview:large","max-video-preview":"max-video-preview:-1"},"canonical":"https:\/\/www.booksonthemove.fr\/en\/produit\/rodeo-revue-n3-face-b\/","og_locale":"en_US","og_type":"article","og_title":"Rod\u00e9o - revue n\u00b03 (face B) - Books on the Move","og_description":"Auteur: ouvrage collectif Editeur: Rod\u00e9o (2016)  Broch\u00e9: 146 pages Langue: Fran\u00e7ais ISSN: 2259-2261","og_url":"https:\/\/www.booksonthemove.fr\/en\/produit\/rodeo-revue-n3-face-b\/","og_site_name":"Books on the Move","article_publisher":"https:\/\/www.facebook.com\/Librairiebooksonthemove\/","article_modified_time":"2020-12-23T18:22:43+00:00","og_image":[{"width":900,"height":1200,"url":"https:\/\/www.booksonthemove.fr\/media\/bom_1391_0.jpg","type":"image\/jpeg"}],"twitter_card":"summary_large_image","schema":{"@context":"https:\/\/schema.org","@graph":[{"@type":"WebPage","@id":"https:\/\/www.booksonthemove.fr\/en\/produit\/rodeo-revue-n3-face-b\/","url":"https:\/\/www.booksonthemove.fr\/en\/produit\/rodeo-revue-n3-face-b\/","name":"Rod\u00e9o - revue n\u00b03 (face B) - Books on the Move","isPartOf":{"@id":"https:\/\/www.booksonthemove.fr\/#website"},"primaryImageOfPage":{"@id":"https:\/\/www.booksonthemove.fr\/en\/produit\/rodeo-revue-n3-face-b\/#primaryimage"},"image":{"@id":"https:\/\/www.booksonthemove.fr\/en\/produit\/rodeo-revue-n3-face-b\/#primaryimage"},"thumbnailUrl":"https:\/\/www.booksonthemove.fr\/media\/bom_1391_0.jpg","datePublished":"2016-08-28T09:15:58+00:00","dateModified":"2020-12-23T18:22:43+00:00","breadcrumb":{"@id":"https:\/\/www.booksonthemove.fr\/en\/produit\/rodeo-revue-n3-face-b\/#breadcrumb"},"inLanguage":"en-US","potentialAction":[{"@type":"ReadAction","target":["https:\/\/www.booksonthemove.fr\/en\/produit\/rodeo-revue-n3-face-b\/"]}]},{"@type":"ImageObject","inLanguage":"en-US","@id":"https:\/\/www.booksonthemove.fr\/en\/produit\/rodeo-revue-n3-face-b\/#primaryimage","url":"https:\/\/www.booksonthemove.fr\/media\/bom_1391_0.jpg","contentUrl":"https:\/\/www.booksonthemove.fr\/media\/bom_1391_0.jpg","width":900,"height":1200},{"@type":"BreadcrumbList","@id":"https:\/\/www.booksonthemove.fr\/en\/produit\/rodeo-revue-n3-face-b\/#breadcrumb","itemListElement":[{"@type":"ListItem","position":1,"name":"Accueil","item":"https:\/\/www.booksonthemove.fr\/en\/"},{"@type":"ListItem","position":2,"name":"online store","item":"https:\/\/www.booksonthemove.fr\/en\/online-shop\/"},{"@type":"ListItem","position":3,"name":"Rod\u00e9o &#8211; revue n\u00b03 (face B)"}]},{"@type":"WebSite","@id":"https:\/\/www.booksonthemove.fr\/#website","url":"https:\/\/www.booksonthemove.fr\/","name":"Books on the Move","description":"librairie nomade - danse - mouvement - performance","publisher":{"@id":"https:\/\/www.booksonthemove.fr\/#organization"},"potentialAction":[{"@type":"SearchAction","target":{"@type":"EntryPoint","urlTemplate":"https:\/\/www.booksonthemove.fr\/?s={search_term_string}"},"query-input":{"@type":"PropertyValueSpecification","valueRequired":true,"valueName":"search_term_string"}}],"inLanguage":"en-US"},{"@type":"Organization","@id":"https:\/\/www.booksonthemove.fr\/#organization","name":"Books on the Move","url":"https:\/\/www.booksonthemove.fr\/","logo":{"@type":"ImageObject","inLanguage":"en-US","@id":"https:\/\/www.booksonthemove.fr\/#\/schema\/logo\/image\/","url":"https:\/\/www.booksonthemove.fr\/media\/logo-NB-400.jpg","contentUrl":"https:\/\/www.booksonthemove.fr\/media\/logo-NB-400.jpg","width":400,"height":143,"caption":"Books on the Move"},"image":{"@id":"https:\/\/www.booksonthemove.fr\/#\/schema\/logo\/image\/"},"sameAs":["https:\/\/www.facebook.com\/Librairiebooksonthemove\/"]}]}},"_links":{"self":[{"href":"https:\/\/www.booksonthemove.fr\/en\/wp-json\/wp\/v2\/product\/2776","targetHints":{"allow":["GET"]}}],"collection":[{"href":"https:\/\/www.booksonthemove.fr\/en\/wp-json\/wp\/v2\/product"}],"about":[{"href":"https:\/\/www.booksonthemove.fr\/en\/wp-json\/wp\/v2\/types\/product"}],"wp:featuredmedia":[{"embeddable":true,"href":"https:\/\/www.booksonthemove.fr\/en\/wp-json\/wp\/v2\/media\/2423"}],"wp:attachment":[{"href":"https:\/\/www.booksonthemove.fr\/en\/wp-json\/wp\/v2\/media?parent=2776"}],"wp:term":[{"taxonomy":"product_brand","embeddable":true,"href":"https:\/\/www.booksonthemove.fr\/en\/wp-json\/wp\/v2\/product_brand?post=2776"},{"taxonomy":"product_cat","embeddable":true,"href":"https:\/\/www.booksonthemove.fr\/en\/wp-json\/wp\/v2\/product_cat?post=2776"},{"taxonomy":"product_tag","embeddable":true,"href":"https:\/\/www.booksonthemove.fr\/en\/wp-json\/wp\/v2\/product_tag?post=2776"}],"curies":[{"name":"wp","href":"https:\/\/api.w.org\/{rel}","templated":true}]}}